{"id":1017,"date":"2024-07-30T16:52:05","date_gmt":"2024-07-30T19:52:05","guid":{"rendered":"https:\/\/lucaseletro.com.br\/product\/painel-valdemoveis-atena-chocolate-off\/"},"modified":"2025-07-25T10:53:38","modified_gmt":"2025-07-25T13:53:38","slug":"painel-valdemoveis-atena-chocolate-off","status":"publish","type":"product","link":"https:\/\/lucaseletro.com.br\/?product=painel-valdemoveis-atena-chocolate-off","title":{"rendered":"PAINEL VALDEMOVEIS ATENA OFF WHITHE CINAMOMO"},"content":{"rendered":"<table>\n<tbody>\n<tr>\n<td>Altura<\/td>\n<td>89 cm<\/td>\n<\/tr>\n<tr>\n<td>Largura<\/td>\n<td>120 cm<\/td>\n<\/tr>\n<tr>\n<td>Profundidade<\/td>\n<td>31 cm<\/td>\n<\/tr>\n<tr>\n<td>Ideal para TV<\/td>\n<td>43 polegadas<\/td>\n<\/tr>\n<tr>\n<td>Acompanho suporte para TV<\/td>\n<td>Sim<\/td>\n<\/tr>\n<tr>\n<td>Prazo de Garantia<\/td>\n<td>3 meses contra defeitos de fabrica\u00e7\u00e3o<\/td>\n<\/tr>\n<tr>\n<td>Acabamento da pintura<\/td>\n<td>Pintura UV<\/td>\n<\/tr>\n<tr>\n<td>Necessita de Montagem<\/td>\n<td>Sim<\/td>\n<\/tr>\n<tr>\n<td>Dica de Montagem<\/td>\n<td>Recomendamos que a montagem seja feita por profissional de sua confian\u00e7a<\/td>\n<\/tr>\n<tr>\n<td>Recomenda\u00e7\u00f5es de Limpeza<\/td>\n<td>Utilizar pano macio, seco ou ligeiramente umedecido com \u00e1gua<\/td>\n<\/tr>\n<tr>\n<td>Informa\u00e7\u00f5es<\/td>\n<td>Os objetos que ambientam as fotos n\u00e3o acompanham o produto. Pode haver alguma diferen\u00e7a de tonalidade entre a foto e o produto, devido ao tratamento de imagens e a calibra\u00e7\u00e3o de cores do monitor.<\/td>\n<\/tr>\n<\/tbody>\n<\/table>\n","protected":false},"excerpt":{"rendered":"<table>\n<tbody>\n<tr>\n<td>Altura<\/td>\n<td>89 cm<\/td>\n<\/tr>\n<tr>\n<td>Largura<\/td>\n<td>120 cm<\/td>\n<\/tr>\n<tr>\n<td>Profundidade<\/td>\n<td>31 cm<\/td>\n<\/tr>\n<tr>\n<td>Ideal para TV<\/td>\n<td>43 polegadas<\/td>\n<\/tr>\n<tr>\n<td>Acompanho suporte para TV<\/td>\n<td>Sim<\/td>\n<\/tr>\n<tr>\n<td>Prazo de Garantia<\/td>\n<td>3 meses contra defeitos de fabrica\u00e7\u00e3o<\/td>\n<\/tr>\n<tr>\n<td>Acabamento da pintura<\/td>\n<td>Pintura UV<\/td>\n<\/tr>\n<tr>\n<td>Necessita de Montagem<\/td>\n<td>Sim<\/td>\n<\/tr>\n<tr>\n<td>Dica de Montagem<\/td>\n<td>Recomendamos que a montagem seja feita por profissional de sua confian\u00e7a<\/td>\n<\/tr>\n<tr>\n<td>Recomenda\u00e7\u00f5es de Limpeza<\/td>\n<td>Utilizar pano macio, seco ou ligeiramente umedecido com \u00e1gua<\/td>\n<\/tr>\n<tr>\n<td>Informa\u00e7\u00f5es<\/td>\n<td>Os objetos que ambientam as fotos n\u00e3o acompanham o produto. Pode haver alguma diferen\u00e7a de tonalidade entre a foto e o produto, devido ao tratamento de imagens e a calibra\u00e7\u00e3o de cores do monitor.<\/td>\n<\/tr>\n<\/tbody>\n<\/table>\n","protected":false},"featured_media":3972,"comment_status":"open","ping_status":"closed","template":"","meta":[],"product_brand":[],"product_cat":[83,85],"product_tag":[],"class_list":{"0":"post-1017","1":"product","2":"type-product","3":"status-publish","4":"has-post-thumbnail","6":"product_cat-decoracao","7":"product_cat-salas","9":"first","10":"outofstock","11":"shipping-taxable","12":"purchasable","13":"product-type-simple"},"yoast_head":"<!-- This site is optimized with the Yoast SEO Premium plugin v23.3 (Yoast SEO v27.4) - https:\/\/yoast.com\/product\/yoast-seo-premium-wordpress\/ -->\n<title>PAINEL VALDEMOVEIS ATENA OFF WHITHE CINAMOMO - Lucas Eletro<\/title>\n<meta name=\"description\" content=\"PAINEL VALDEMOVEIS ATENA OFF WHITHE CINAMOMO\" \/>\n<meta name=\"robots\" content=\"index, follow, max-snippet:-1, max-image-preview:large, max-video-preview:-1\" \/>\n<link rel=\"canonical\" href=\"https:\/\/lucaseletro.com.br\/?product=painel-valdemoveis-atena-chocolate-off\" \/>\n<meta property=\"og:locale\" content=\"pt_BR\" \/>\n<meta property=\"og:type\" content=\"article\" \/>\n<meta property=\"og:title\" content=\"PAINEL VALDEMOVEIS ATENA OFF WHITHE CINAMOMO - &#082;&#036;299,00 - Lucas Eletro\" \/>\n<meta property=\"og:description\" content=\"Altura 89 cm   Largura 120 cm   Profundidade 31 cm   Ideal para TV 43 polegadas   Acompanho suporte para TV Sim   Prazo de Garantia 3 meses contra defeitos de fabrica\u00e7\u00e3o   Acabamento da pintura Pintura UV   Necessita de Montagem Sim   Dica de Montagem Recomendamos que a montagem seja feita por profissional de sua confian\u00e7a   Recomenda\u00e7\u00f5es de Limpeza Utilizar pano macio, seco ou ligeiramente umedecido com \u00e1gua   Informa\u00e7\u00f5es Os objetos que ambientam as fotos n\u00e3o acompanham o produto. Pode haver alguma diferen\u00e7a de tonalidade entre a foto e o produto, devido ao tratamento de imagens e a calibra\u00e7\u00e3o de cores do monitor.\" \/>\n<meta property=\"og:url\" content=\"https:\/\/lucaseletro.com.br\/?product=painel-valdemoveis-atena-chocolate-off\" \/>\n<meta property=\"og:site_name\" content=\"Lucas Eletro\" \/>\n<meta property=\"article:publisher\" content=\"https:\/\/www.facebook.com\/lucas.eletro.71\" \/>\n<meta property=\"article:modified_time\" content=\"2025-07-25T13:53:38+00:00\" \/>\n<meta property=\"og:image\" content=\"https:\/\/lucaseletro.com.br\/wp-content\/uploads\/2024\/07\/12cd2ac5a5dc87eedfeada8022c48230.webp\" \/>\n\t<meta property=\"og:image:width\" content=\"560\" \/>\n\t<meta property=\"og:image:height\" content=\"560\" \/>\n\t<meta property=\"og:image:type\" content=\"image\/webp\" \/>\n<meta name=\"twitter:card\" content=\"summary_large_image\" \/>\n<meta name=\"twitter:label1\" content=\"Pre\u00e7o\" \/>\n\t<meta name=\"twitter:data1\" content=\"&#082;&#036;299,00\" \/>\n\t<meta name=\"twitter:label2\" content=\"Disponibilidade\" \/>\n\t<meta name=\"twitter:data2\" content=\"Fora de estoque\" \/>\n<script type=\"application\/ld+json\" class=\"yoast-schema-graph\">{\"@context\":\"https:\\\/\\\/schema.org\",\"@graph\":[{\"@type\":\"WebPage\",\"@id\":\"https:\\\/\\\/lucaseletro.com.br\\\/?product=painel-valdemoveis-atena-chocolate-off\",\"url\":\"https:\\\/\\\/lucaseletro.com.br\\\/?product=painel-valdemoveis-atena-chocolate-off\",\"name\":\"PAINEL VALDEMOVEIS ATENA OFF WHITHE CINAMOMO - Lucas Eletro\",\"isPartOf\":{\"@id\":\"https:\\\/\\\/lucaseletro.com.br\\\/#website\"},\"primaryImageOfPage\":{\"@id\":\"https:\\\/\\\/lucaseletro.com.br\\\/?product=painel-valdemoveis-atena-chocolate-off#primaryimage\"},\"image\":{\"@id\":\"https:\\\/\\\/lucaseletro.com.br\\\/?product=painel-valdemoveis-atena-chocolate-off#primaryimage\"},\"thumbnailUrl\":\"https:\\\/\\\/lucaseletro.com.br\\\/wp-content\\\/uploads\\\/2024\\\/07\\\/12cd2ac5a5dc87eedfeada8022c48230.webp\",\"datePublished\":\"2024-07-30T19:52:05+00:00\",\"dateModified\":\"2025-07-25T13:53:38+00:00\",\"description\":\"PAINEL VALDEMOVEIS ATENA OFF WHITHE CINAMOMO\",\"breadcrumb\":{\"@id\":\"https:\\\/\\\/lucaseletro.com.br\\\/?product=painel-valdemoveis-atena-chocolate-off#breadcrumb\"},\"inLanguage\":\"pt-BR\",\"potentialAction\":[{\"@type\":\"ReadAction\",\"target\":[\"https:\\\/\\\/lucaseletro.com.br\\\/?product=painel-valdemoveis-atena-chocolate-off\"]}]},{\"@type\":\"ImageObject\",\"inLanguage\":\"pt-BR\",\"@id\":\"https:\\\/\\\/lucaseletro.com.br\\\/?product=painel-valdemoveis-atena-chocolate-off#primaryimage\",\"url\":\"https:\\\/\\\/lucaseletro.com.br\\\/wp-content\\\/uploads\\\/2024\\\/07\\\/12cd2ac5a5dc87eedfeada8022c48230.webp\",\"contentUrl\":\"https:\\\/\\\/lucaseletro.com.br\\\/wp-content\\\/uploads\\\/2024\\\/07\\\/12cd2ac5a5dc87eedfeada8022c48230.webp\",\"width\":560,\"height\":560},{\"@type\":\"BreadcrumbList\",\"@id\":\"https:\\\/\\\/lucaseletro.com.br\\\/?product=painel-valdemoveis-atena-chocolate-off#breadcrumb\",\"itemListElement\":[{\"@type\":\"ListItem\",\"position\":1,\"name\":\"In\u00edcio\",\"item\":\"https:\\\/\\\/lucaseletro.com.br\\\/\"},{\"@type\":\"ListItem\",\"position\":2,\"name\":\"Loja\",\"item\":\"https:\\\/\\\/lucaseletro.com.br\\\/?page_id=11\"},{\"@type\":\"ListItem\",\"position\":3,\"name\":\"PAINEL VALDEMOVEIS ATENA OFF WHITHE CINAMOMO\"}]},{\"@type\":\"WebSite\",\"@id\":\"https:\\\/\\\/lucaseletro.com.br\\\/#website\",\"url\":\"https:\\\/\\\/lucaseletro.com.br\\\/\",\"name\":\"Lucas Eletro\",\"description\":\"Realizando seus sonhos\",\"publisher\":{\"@id\":\"https:\\\/\\\/lucaseletro.com.br\\\/#organization\"},\"alternateName\":\"Lucas Eletro\",\"potentialAction\":[{\"@type\":\"SearchAction\",\"target\":{\"@type\":\"EntryPoint\",\"urlTemplate\":\"https:\\\/\\\/lucaseletro.com.br\\\/?s={search_term_string}\"},\"query-input\":{\"@type\":\"PropertyValueSpecification\",\"valueRequired\":true,\"valueName\":\"search_term_string\"}}],\"inLanguage\":\"pt-BR\"},{\"@type\":\"Organization\",\"@id\":\"https:\\\/\\\/lucaseletro.com.br\\\/#organization\",\"name\":\"Lucas Eletro\",\"alternateName\":\"Lucas Eletro\",\"url\":\"https:\\\/\\\/lucaseletro.com.br\\\/\",\"logo\":{\"@type\":\"ImageObject\",\"inLanguage\":\"pt-BR\",\"@id\":\"https:\\\/\\\/lucaseletro.com.br\\\/#\\\/schema\\\/logo\\\/image\\\/\",\"url\":\"https:\\\/\\\/lucaseletro.com.br\\\/wp-content\\\/uploads\\\/2024\\\/08\\\/Logo-WebP.webp\",\"contentUrl\":\"https:\\\/\\\/lucaseletro.com.br\\\/wp-content\\\/uploads\\\/2024\\\/08\\\/Logo-WebP.webp\",\"width\":1366,\"height\":457,\"caption\":\"Lucas Eletro\"},\"image\":{\"@id\":\"https:\\\/\\\/lucaseletro.com.br\\\/#\\\/schema\\\/logo\\\/image\\\/\"},\"sameAs\":[\"https:\\\/\\\/www.facebook.com\\\/lucas.eletro.71\"]}]}<\/script>\n<meta property=\"product:price:amount\" content=\"299.00\" \/>\n<meta property=\"product:price:currency\" content=\"BRL\" \/>\n<meta property=\"og:availability\" content=\"out of stock\" \/>\n<meta property=\"product:availability\" content=\"out of stock\" \/>\n<meta property=\"product:condition\" content=\"new\" \/>\n<!-- \/ Yoast SEO Premium plugin. -->","yoast_head_json":{"title":"PAINEL VALDEMOVEIS ATENA OFF WHITHE CINAMOMO - Lucas Eletro","description":"PAINEL VALDEMOVEIS ATENA OFF WHITHE CINAMOMO","robots":{"index":"index","follow":"follow","max-snippet":"max-snippet:-1","max-image-preview":"max-image-preview:large","max-video-preview":"max-video-preview:-1"},"canonical":"https:\/\/lucaseletro.com.br\/?product=painel-valdemoveis-atena-chocolate-off","og_locale":"pt_BR","og_type":"article","og_title":"PAINEL VALDEMOVEIS ATENA OFF WHITHE CINAMOMO - &#82;&#36;299,00 - Lucas Eletro","og_description":"Altura 89 cm   Largura 120 cm   Profundidade 31 cm   Ideal para TV 43 polegadas   Acompanho suporte para TV Sim   Prazo de Garantia 3 meses contra defeitos de fabrica\u00e7\u00e3o   Acabamento da pintura Pintura UV   Necessita de Montagem Sim   Dica de Montagem Recomendamos que a montagem seja feita por profissional de sua confian\u00e7a   Recomenda\u00e7\u00f5es de Limpeza Utilizar pano macio, seco ou ligeiramente umedecido com \u00e1gua   Informa\u00e7\u00f5es Os objetos que ambientam as fotos n\u00e3o acompanham o produto. Pode haver alguma diferen\u00e7a de tonalidade entre a foto e o produto, devido ao tratamento de imagens e a calibra\u00e7\u00e3o de cores do monitor.","og_url":"https:\/\/lucaseletro.com.br\/?product=painel-valdemoveis-atena-chocolate-off","og_site_name":"Lucas Eletro","article_publisher":"https:\/\/www.facebook.com\/lucas.eletro.71","article_modified_time":"2025-07-25T13:53:38+00:00","og_image":[{"width":560,"height":560,"url":"https:\/\/lucaseletro.com.br\/wp-content\/uploads\/2024\/07\/12cd2ac5a5dc87eedfeada8022c48230.webp","type":"image\/webp"}],"twitter_card":"summary_large_image","twitter_misc":{"Pre\u00e7o":"&#82;&#36;299,00","Disponibilidade":"Fora de estoque"},"schema":{"@context":"https:\/\/schema.org","@graph":[{"@type":"WebPage","@id":"https:\/\/lucaseletro.com.br\/?product=painel-valdemoveis-atena-chocolate-off","url":"https:\/\/lucaseletro.com.br\/?product=painel-valdemoveis-atena-chocolate-off","name":"PAINEL VALDEMOVEIS ATENA OFF WHITHE CINAMOMO - Lucas Eletro","isPartOf":{"@id":"https:\/\/lucaseletro.com.br\/#website"},"primaryImageOfPage":{"@id":"https:\/\/lucaseletro.com.br\/?product=painel-valdemoveis-atena-chocolate-off#primaryimage"},"image":{"@id":"https:\/\/lucaseletro.com.br\/?product=painel-valdemoveis-atena-chocolate-off#primaryimage"},"thumbnailUrl":"https:\/\/lucaseletro.com.br\/wp-content\/uploads\/2024\/07\/12cd2ac5a5dc87eedfeada8022c48230.webp","datePublished":"2024-07-30T19:52:05+00:00","dateModified":"2025-07-25T13:53:38+00:00","description":"PAINEL VALDEMOVEIS ATENA OFF WHITHE CINAMOMO","breadcrumb":{"@id":"https:\/\/lucaseletro.com.br\/?product=painel-valdemoveis-atena-chocolate-off#breadcrumb"},"inLanguage":"pt-BR","potentialAction":[{"@type":"ReadAction","target":["https:\/\/lucaseletro.com.br\/?product=painel-valdemoveis-atena-chocolate-off"]}]},{"@type":"ImageObject","inLanguage":"pt-BR","@id":"https:\/\/lucaseletro.com.br\/?product=painel-valdemoveis-atena-chocolate-off#primaryimage","url":"https:\/\/lucaseletro.com.br\/wp-content\/uploads\/2024\/07\/12cd2ac5a5dc87eedfeada8022c48230.webp","contentUrl":"https:\/\/lucaseletro.com.br\/wp-content\/uploads\/2024\/07\/12cd2ac5a5dc87eedfeada8022c48230.webp","width":560,"height":560},{"@type":"BreadcrumbList","@id":"https:\/\/lucaseletro.com.br\/?product=painel-valdemoveis-atena-chocolate-off#breadcrumb","itemListElement":[{"@type":"ListItem","position":1,"name":"In\u00edcio","item":"https:\/\/lucaseletro.com.br\/"},{"@type":"ListItem","position":2,"name":"Loja","item":"https:\/\/lucaseletro.com.br\/?page_id=11"},{"@type":"ListItem","position":3,"name":"PAINEL VALDEMOVEIS ATENA OFF WHITHE CINAMOMO"}]},{"@type":"WebSite","@id":"https:\/\/lucaseletro.com.br\/#website","url":"https:\/\/lucaseletro.com.br\/","name":"Lucas Eletro","description":"Realizando seus sonhos","publisher":{"@id":"https:\/\/lucaseletro.com.br\/#organization"},"alternateName":"Lucas Eletro","potentialAction":[{"@type":"SearchAction","target":{"@type":"EntryPoint","urlTemplate":"https:\/\/lucaseletro.com.br\/?s={search_term_string}"},"query-input":{"@type":"PropertyValueSpecification","valueRequired":true,"valueName":"search_term_string"}}],"inLanguage":"pt-BR"},{"@type":"Organization","@id":"https:\/\/lucaseletro.com.br\/#organization","name":"Lucas Eletro","alternateName":"Lucas Eletro","url":"https:\/\/lucaseletro.com.br\/","logo":{"@type":"ImageObject","inLanguage":"pt-BR","@id":"https:\/\/lucaseletro.com.br\/#\/schema\/logo\/image\/","url":"https:\/\/lucaseletro.com.br\/wp-content\/uploads\/2024\/08\/Logo-WebP.webp","contentUrl":"https:\/\/lucaseletro.com.br\/wp-content\/uploads\/2024\/08\/Logo-WebP.webp","width":1366,"height":457,"caption":"Lucas Eletro"},"image":{"@id":"https:\/\/lucaseletro.com.br\/#\/schema\/logo\/image\/"},"sameAs":["https:\/\/www.facebook.com\/lucas.eletro.71"]}]},"product_price_amount":"299.00","product_price_currency":"BRL","og_availability":"out of stock","product_availability":"out of stock","product_condition":"new"},"_links":{"self":[{"href":"https:\/\/lucaseletro.com.br\/index.php?rest_route=\/wp\/v2\/product\/1017","targetHints":{"allow":["GET"]}}],"collection":[{"href":"https:\/\/lucaseletro.com.br\/index.php?rest_route=\/wp\/v2\/product"}],"about":[{"href":"https:\/\/lucaseletro.com.br\/index.php?rest_route=\/wp\/v2\/types\/product"}],"replies":[{"embeddable":true,"href":"https:\/\/lucaseletro.com.br\/index.php?rest_route=%2Fwp%2Fv2%2Fcomments&post=1017"}],"wp:featuredmedia":[{"embeddable":true,"href":"https:\/\/lucaseletro.com.br\/index.php?rest_route=\/wp\/v2\/media\/3972"}],"wp:attachment":[{"href":"https:\/\/lucaseletro.com.br\/index.php?rest_route=%2Fwp%2Fv2%2Fmedia&parent=1017"}],"wp:term":[{"taxonomy":"product_brand","embeddable":true,"href":"https:\/\/lucaseletro.com.br\/index.php?rest_route=%2Fwp%2Fv2%2Fproduct_brand&post=1017"},{"taxonomy":"product_cat","embeddable":true,"href":"https:\/\/lucaseletro.com.br\/index.php?rest_route=%2Fwp%2Fv2%2Fproduct_cat&post=1017"},{"taxonomy":"product_tag","embeddable":true,"href":"https:\/\/lucaseletro.com.br\/index.php?rest_route=%2Fwp%2Fv2%2Fproduct_tag&post=1017"}],"curies":[{"name":"wp","href":"https:\/\/api.w.org\/{rel}","templated":true}]}}