{"id":1114,"date":"2024-07-30T16:52:15","date_gmt":"2024-07-30T19:52:15","guid":{"rendered":"https:\/\/lucaseletro.com.br\/product\/roupeiro-zanzini-new-primordial-jacaranda-off-white-3p-2g\/"},"modified":"2025-08-21T11:06:13","modified_gmt":"2025-08-21T14:06:13","slug":"roupeiro-zanzini-new-primordial-jacaranda-off-white-3p-2g","status":"publish","type":"product","link":"https:\/\/lucaseletro.com.br\/?product=roupeiro-zanzini-new-primordial-jacaranda-off-white-3p-2g","title":{"rendered":"ROUPEIRO ZANZINI FRANCA CINAMOMO AREIA 3P 2G"},"content":{"rendered":"<h2>Guarda-roupa Mdp 3 Portas 2 Gavetas Fran\u00e7a Cinamomo\/areia<\/h2>\n<p>Guarda-roupa Mdp 3 Portas 2 Gavetas Fran\u00e7a Cinamomo\/Areia<br \/>\nO Guarda Roupa Fran\u00e7a 3 portas, \u00e9 um produto de excelente divis\u00e3o interna, com tr\u00eas prateleiras para guardar as roupas que precisam ser dobradas e cabideiro para pendurar roupas com organiza\u00e7\u00e3o, tamb\u00e9m tem duas gavetas que deslizam suavemente sobre corredi\u00e7as met\u00e1licas e quatro p\u00e9s, ideal para facilitar a limpeza em baixo do guarda roupa.<br \/>\nPossui Calceiros: N\u00e3o<br \/>\nEstilo: Moderno<br \/>\nGarantia: 03 meses<br \/>\nAmbiente Principal: Quarto<br \/>\nLinha ou Cole\u00e7\u00e3o: Fran\u00e7a<br \/>\nPossui ilumina\u00e7\u00e3o: N\u00e3o<br \/>\nPeso M\u00e1ximo por Gaveta: 3 kg<br \/>\nPossui Gavetas: Sim<br \/>\nMontagem Flex: N\u00e3o<br \/>\nPossui Espelho: N\u00e3o<br \/>\nTipo de Gaveta: Externa<br \/>\nSistema de Montagem: Parafusos auto atarraxantes, cola, cavilhas, pregos<br \/>\nCor: Cinamomo\/Areia<br \/>\nComplexidade da Montagem: M\u00e9dia: pode ser montado por mais de uma pessoa e\/ou necessite de maior conhecimento para montagem<br \/>\nQuantidade de Gavetas: 02 Gavetas<br \/>\nProfundidade: 47,3 cm<br \/>\nNecessita Montagem: Sim<br \/>\nOrigem do Produto: Nacional<br \/>\nAltura: 187,4 cm<br \/>\nMaterial da Gaveta: MDP<br \/>\nGuarda-Roupa Suporta At\u00e9 (kg): 18 kg<br \/>\nRecomenda\u00e7\u00f5es de Uso, Manuten\u00e7\u00e3o e Limpeza: Limpar com flanela ou pano macio seco, n\u00e3o utilizar produtos abrasivos, desengordurantes, \u00e1lcool ou qualquer outro produto qu\u00edmico. N\u00e3o expor o produto diretamente \u00e0 luz solar e \u00e0 umidade<br \/>\nTipo de Corredi\u00e7a da Gaveta: Met\u00e1lica Simples<br \/>\nItens Inclusos: Roupeiro, Manual de Montagem e Kit de ferragens<br \/>\nTipo de Puxador da Gaveta: Externo<br \/>\nTipo de Puxador da Porta: Externo<br \/>\nGaveta com Chave: N\u00e3o<br \/>\nPossui Sapateira: N\u00e3o<br \/>\nSuporta At\u00e9 (kg): 18 kg<br \/>\nTipo de Guarda-Roupa: Solteiro<br \/>\nPossui Nichos: N\u00e3o<br \/>\nMaterial Principal: MDP<br \/>\nPossui Painel de TV: N\u00e3o<br \/>\nLargura: 83,2 cm<br \/>\nPossui Espelho Interno: N\u00e3o<br \/>\nPeso: 45 kg<br \/>\nPossui Espa\u00e7o para Vestidos Longos: N\u00e3o<br \/>\nPossui Portas: Sim<br \/>\nPossui Ganchos: N\u00e3o<br \/>\nQuantidade de Portas: 3 Portas<br \/>\nmodular: N\u00e3o<br \/>\nPossui P\u00e9s: 04<br \/>\nTipo de Dobradi\u00e7a\/Corredi\u00e7a da Porta: Met\u00e1lica<br \/>\nEscala de Brilho: Fosco<br \/>\nCor do Produto: Cinamomo\/Areia<br \/>\nAltura dos P\u00e9s: 5 cm<br \/>\nCor Interna: Cinamomo<br \/>\nMaterial da Porta: MDP<br \/>\nMaterial dos P\u00e9s: Pl\u00e1stico<br \/>\nMaterial da Prateleira: MDP<br \/>\nTipo de Porta: Bater<br \/>\nProduto Montado: Sim<br \/>\nQuantidade de Prateleiras: 02 Prateleiras<br \/>\nPeso M\u00e1ximo por Prateleira: 3 kg<br \/>\nPossui Prateleiras: Sim<br \/>\nCor Predominante: Marrom<br \/>\nSapatas Niveladoras: N\u00e3o<br \/>\nMaterial do Puxador da Porta: Pl\u00e1stico<br \/>\nEscala de Brilho da Porta: Fosco<br \/>\nAcabamento da Porta: Pintura Texturizada UV<br \/>\nPossui Organizador de Gaveta: N\u00e3o<br \/>\nMaterial do Puxador da Gaveta: Pl\u00e1stico<br \/>\nEscala de Brilho da Gaveta: Fosco<br \/>\nAcabamento da Gaveta: Pintura Texturizada UV<br \/>\nPossui Cabideiros: 01<br \/>\nEscala de Brilho da Prateleira: Fosco<br \/>\nAcabamento da Prateleira: Pintura UV<\/p>\n","protected":false},"excerpt":{"rendered":"<p>Guarda-roupa Mdp 3 Portas 2 Gavetas Fran\u00e7a Cinamomo\/areia Guarda-roupa Mdp 3 Portas 2 Gavetas Fran\u00e7a Cinamomo\/Areia O Guarda Roupa Fran\u00e7a 3 portas, \u00e9 um produto de excelente divis\u00e3o interna, com tr\u00eas prateleiras para guardar as roupas que precisam ser dobradas e cabideiro para pendurar roupas com organiza\u00e7\u00e3o, tamb\u00e9m tem duas gavetas que deslizam suavemente sobre [&hellip;]<\/p>\n","protected":false},"featured_media":4225,"comment_status":"open","ping_status":"closed","template":"","meta":[],"product_brand":[],"product_cat":[72,78],"product_tag":[],"class_list":{"0":"post-1114","1":"product","2":"type-product","3":"status-publish","4":"has-post-thumbnail","6":"product_cat-guarda-roupas","7":"product_cat-quartos","9":"first","10":"instock","11":"shipping-taxable","12":"purchasable","13":"product-type-simple"},"yoast_head":"<!-- This site is optimized with the Yoast SEO Premium plugin v23.3 (Yoast SEO v27.5) - https:\/\/yoast.com\/product\/yoast-seo-premium-wordpress\/ -->\n<title>ROUPEIRO ZANZINI FRANCA CINAMOMO AREIA 3P 2G - Lucas Eletro<\/title>\n<meta name=\"description\" content=\"ROUPEIRO ZANZINI FRANCA CINAMOMO AREIA 3P 2G\" \/>\n<meta name=\"robots\" content=\"index, follow, max-snippet:-1, max-image-preview:large, max-video-preview:-1\" \/>\n<link rel=\"canonical\" href=\"https:\/\/lucaseletro.com.br\/?product=roupeiro-zanzini-new-primordial-jacaranda-off-white-3p-2g\" \/>\n<meta property=\"og:locale\" content=\"pt_BR\" \/>\n<meta property=\"og:type\" content=\"article\" \/>\n<meta property=\"og:title\" content=\"ROUPEIRO ZANZINI FRANCA CINAMOMO AREIA 3P 2G - &#082;&#036;599,00 - Lucas Eletro\" \/>\n<meta property=\"og:url\" content=\"https:\/\/lucaseletro.com.br\/?product=roupeiro-zanzini-new-primordial-jacaranda-off-white-3p-2g\" \/>\n<meta property=\"og:site_name\" content=\"Lucas Eletro\" \/>\n<meta property=\"article:publisher\" content=\"https:\/\/www.facebook.com\/lucas.eletro.71\" \/>\n<meta property=\"article:modified_time\" content=\"2025-08-21T14:06:13+00:00\" \/>\n<meta property=\"og:image\" content=\"https:\/\/lucaseletro.com.br\/wp-content\/uploads\/2024\/07\/67032860-1600-auto.webp\" \/>\n\t<meta property=\"og:image:width\" content=\"1000\" \/>\n\t<meta property=\"og:image:height\" content=\"1000\" \/>\n\t<meta property=\"og:image:type\" content=\"image\/webp\" \/>\n<meta name=\"twitter:card\" content=\"summary_large_image\" \/>\n<meta name=\"twitter:label1\" content=\"Pre\u00e7o\" \/>\n\t<meta name=\"twitter:data1\" content=\"&#082;&#036;599,00\" \/>\n\t<meta name=\"twitter:label2\" content=\"Disponibilidade\" \/>\n\t<meta name=\"twitter:data2\" content=\"Em Estoque\" \/>\n<script type=\"application\/ld+json\" class=\"yoast-schema-graph\">{\"@context\":\"https:\\\/\\\/schema.org\",\"@graph\":[{\"@type\":\"WebPage\",\"@id\":\"https:\\\/\\\/lucaseletro.com.br\\\/?product=roupeiro-zanzini-new-primordial-jacaranda-off-white-3p-2g\",\"url\":\"https:\\\/\\\/lucaseletro.com.br\\\/?product=roupeiro-zanzini-new-primordial-jacaranda-off-white-3p-2g\",\"name\":\"ROUPEIRO ZANZINI FRANCA CINAMOMO AREIA 3P 2G - Lucas Eletro\",\"isPartOf\":{\"@id\":\"https:\\\/\\\/lucaseletro.com.br\\\/#website\"},\"primaryImageOfPage\":{\"@id\":\"https:\\\/\\\/lucaseletro.com.br\\\/?product=roupeiro-zanzini-new-primordial-jacaranda-off-white-3p-2g#primaryimage\"},\"image\":{\"@id\":\"https:\\\/\\\/lucaseletro.com.br\\\/?product=roupeiro-zanzini-new-primordial-jacaranda-off-white-3p-2g#primaryimage\"},\"thumbnailUrl\":\"https:\\\/\\\/lucaseletro.com.br\\\/wp-content\\\/uploads\\\/2024\\\/07\\\/67032860-1600-auto.webp\",\"datePublished\":\"2024-07-30T19:52:15+00:00\",\"dateModified\":\"2025-08-21T14:06:13+00:00\",\"description\":\"ROUPEIRO ZANZINI FRANCA CINAMOMO AREIA 3P 2G\",\"breadcrumb\":{\"@id\":\"https:\\\/\\\/lucaseletro.com.br\\\/?product=roupeiro-zanzini-new-primordial-jacaranda-off-white-3p-2g#breadcrumb\"},\"inLanguage\":\"pt-BR\",\"potentialAction\":[{\"@type\":\"ReadAction\",\"target\":[\"https:\\\/\\\/lucaseletro.com.br\\\/?product=roupeiro-zanzini-new-primordial-jacaranda-off-white-3p-2g\"]}]},{\"@type\":\"ImageObject\",\"inLanguage\":\"pt-BR\",\"@id\":\"https:\\\/\\\/lucaseletro.com.br\\\/?product=roupeiro-zanzini-new-primordial-jacaranda-off-white-3p-2g#primaryimage\",\"url\":\"https:\\\/\\\/lucaseletro.com.br\\\/wp-content\\\/uploads\\\/2024\\\/07\\\/67032860-1600-auto.webp\",\"contentUrl\":\"https:\\\/\\\/lucaseletro.com.br\\\/wp-content\\\/uploads\\\/2024\\\/07\\\/67032860-1600-auto.webp\",\"width\":1000,\"height\":1000},{\"@type\":\"BreadcrumbList\",\"@id\":\"https:\\\/\\\/lucaseletro.com.br\\\/?product=roupeiro-zanzini-new-primordial-jacaranda-off-white-3p-2g#breadcrumb\",\"itemListElement\":[{\"@type\":\"ListItem\",\"position\":1,\"name\":\"In\u00edcio\",\"item\":\"https:\\\/\\\/lucaseletro.com.br\\\/\"},{\"@type\":\"ListItem\",\"position\":2,\"name\":\"Loja\",\"item\":\"https:\\\/\\\/lucaseletro.com.br\\\/?page_id=11\"},{\"@type\":\"ListItem\",\"position\":3,\"name\":\"ROUPEIRO ZANZINI FRANCA CINAMOMO AREIA 3P 2G\"}]},{\"@type\":\"WebSite\",\"@id\":\"https:\\\/\\\/lucaseletro.com.br\\\/#website\",\"url\":\"https:\\\/\\\/lucaseletro.com.br\\\/\",\"name\":\"Lucas Eletro\",\"description\":\"Realizando seus sonhos\",\"publisher\":{\"@id\":\"https:\\\/\\\/lucaseletro.com.br\\\/#organization\"},\"alternateName\":\"Lucas Eletro\",\"potentialAction\":[{\"@type\":\"SearchAction\",\"target\":{\"@type\":\"EntryPoint\",\"urlTemplate\":\"https:\\\/\\\/lucaseletro.com.br\\\/?s={search_term_string}\"},\"query-input\":{\"@type\":\"PropertyValueSpecification\",\"valueRequired\":true,\"valueName\":\"search_term_string\"}}],\"inLanguage\":\"pt-BR\"},{\"@type\":\"Organization\",\"@id\":\"https:\\\/\\\/lucaseletro.com.br\\\/#organization\",\"name\":\"Lucas Eletro\",\"alternateName\":\"Lucas Eletro\",\"url\":\"https:\\\/\\\/lucaseletro.com.br\\\/\",\"logo\":{\"@type\":\"ImageObject\",\"inLanguage\":\"pt-BR\",\"@id\":\"https:\\\/\\\/lucaseletro.com.br\\\/#\\\/schema\\\/logo\\\/image\\\/\",\"url\":\"https:\\\/\\\/lucaseletro.com.br\\\/wp-content\\\/uploads\\\/2024\\\/08\\\/Logo-WebP.webp\",\"contentUrl\":\"https:\\\/\\\/lucaseletro.com.br\\\/wp-content\\\/uploads\\\/2024\\\/08\\\/Logo-WebP.webp\",\"width\":1366,\"height\":457,\"caption\":\"Lucas Eletro\"},\"image\":{\"@id\":\"https:\\\/\\\/lucaseletro.com.br\\\/#\\\/schema\\\/logo\\\/image\\\/\"},\"sameAs\":[\"https:\\\/\\\/www.facebook.com\\\/lucas.eletro.71\"]}]}<\/script>\n<meta property=\"product:price:amount\" content=\"599.00\" \/>\n<meta property=\"product:price:currency\" content=\"BRL\" \/>\n<meta property=\"og:availability\" content=\"instock\" \/>\n<meta property=\"product:availability\" content=\"instock\" \/>\n<meta property=\"product:condition\" content=\"new\" \/>\n<!-- \/ Yoast SEO Premium plugin. -->","yoast_head_json":{"title":"ROUPEIRO ZANZINI FRANCA CINAMOMO AREIA 3P 2G - Lucas Eletro","description":"ROUPEIRO ZANZINI FRANCA CINAMOMO AREIA 3P 2G","robots":{"index":"index","follow":"follow","max-snippet":"max-snippet:-1","max-image-preview":"max-image-preview:large","max-video-preview":"max-video-preview:-1"},"canonical":"https:\/\/lucaseletro.com.br\/?product=roupeiro-zanzini-new-primordial-jacaranda-off-white-3p-2g","og_locale":"pt_BR","og_type":"article","og_title":"ROUPEIRO ZANZINI FRANCA CINAMOMO AREIA 3P 2G - &#82;&#36;599,00 - Lucas Eletro","og_url":"https:\/\/lucaseletro.com.br\/?product=roupeiro-zanzini-new-primordial-jacaranda-off-white-3p-2g","og_site_name":"Lucas Eletro","article_publisher":"https:\/\/www.facebook.com\/lucas.eletro.71","article_modified_time":"2025-08-21T14:06:13+00:00","og_image":[{"width":1000,"height":1000,"url":"https:\/\/lucaseletro.com.br\/wp-content\/uploads\/2024\/07\/67032860-1600-auto.webp","type":"image\/webp"}],"twitter_card":"summary_large_image","twitter_misc":{"Pre\u00e7o":"&#82;&#36;599,00","Disponibilidade":"Em Estoque"},"schema":{"@context":"https:\/\/schema.org","@graph":[{"@type":"WebPage","@id":"https:\/\/lucaseletro.com.br\/?product=roupeiro-zanzini-new-primordial-jacaranda-off-white-3p-2g","url":"https:\/\/lucaseletro.com.br\/?product=roupeiro-zanzini-new-primordial-jacaranda-off-white-3p-2g","name":"ROUPEIRO ZANZINI FRANCA CINAMOMO AREIA 3P 2G - Lucas Eletro","isPartOf":{"@id":"https:\/\/lucaseletro.com.br\/#website"},"primaryImageOfPage":{"@id":"https:\/\/lucaseletro.com.br\/?product=roupeiro-zanzini-new-primordial-jacaranda-off-white-3p-2g#primaryimage"},"image":{"@id":"https:\/\/lucaseletro.com.br\/?product=roupeiro-zanzini-new-primordial-jacaranda-off-white-3p-2g#primaryimage"},"thumbnailUrl":"https:\/\/lucaseletro.com.br\/wp-content\/uploads\/2024\/07\/67032860-1600-auto.webp","datePublished":"2024-07-30T19:52:15+00:00","dateModified":"2025-08-21T14:06:13+00:00","description":"ROUPEIRO ZANZINI FRANCA CINAMOMO AREIA 3P 2G","breadcrumb":{"@id":"https:\/\/lucaseletro.com.br\/?product=roupeiro-zanzini-new-primordial-jacaranda-off-white-3p-2g#breadcrumb"},"inLanguage":"pt-BR","potentialAction":[{"@type":"ReadAction","target":["https:\/\/lucaseletro.com.br\/?product=roupeiro-zanzini-new-primordial-jacaranda-off-white-3p-2g"]}]},{"@type":"ImageObject","inLanguage":"pt-BR","@id":"https:\/\/lucaseletro.com.br\/?product=roupeiro-zanzini-new-primordial-jacaranda-off-white-3p-2g#primaryimage","url":"https:\/\/lucaseletro.com.br\/wp-content\/uploads\/2024\/07\/67032860-1600-auto.webp","contentUrl":"https:\/\/lucaseletro.com.br\/wp-content\/uploads\/2024\/07\/67032860-1600-auto.webp","width":1000,"height":1000},{"@type":"BreadcrumbList","@id":"https:\/\/lucaseletro.com.br\/?product=roupeiro-zanzini-new-primordial-jacaranda-off-white-3p-2g#breadcrumb","itemListElement":[{"@type":"ListItem","position":1,"name":"In\u00edcio","item":"https:\/\/lucaseletro.com.br\/"},{"@type":"ListItem","position":2,"name":"Loja","item":"https:\/\/lucaseletro.com.br\/?page_id=11"},{"@type":"ListItem","position":3,"name":"ROUPEIRO ZANZINI FRANCA CINAMOMO AREIA 3P 2G"}]},{"@type":"WebSite","@id":"https:\/\/lucaseletro.com.br\/#website","url":"https:\/\/lucaseletro.com.br\/","name":"Lucas Eletro","description":"Realizando seus sonhos","publisher":{"@id":"https:\/\/lucaseletro.com.br\/#organization"},"alternateName":"Lucas Eletro","potentialAction":[{"@type":"SearchAction","target":{"@type":"EntryPoint","urlTemplate":"https:\/\/lucaseletro.com.br\/?s={search_term_string}"},"query-input":{"@type":"PropertyValueSpecification","valueRequired":true,"valueName":"search_term_string"}}],"inLanguage":"pt-BR"},{"@type":"Organization","@id":"https:\/\/lucaseletro.com.br\/#organization","name":"Lucas Eletro","alternateName":"Lucas Eletro","url":"https:\/\/lucaseletro.com.br\/","logo":{"@type":"ImageObject","inLanguage":"pt-BR","@id":"https:\/\/lucaseletro.com.br\/#\/schema\/logo\/image\/","url":"https:\/\/lucaseletro.com.br\/wp-content\/uploads\/2024\/08\/Logo-WebP.webp","contentUrl":"https:\/\/lucaseletro.com.br\/wp-content\/uploads\/2024\/08\/Logo-WebP.webp","width":1366,"height":457,"caption":"Lucas Eletro"},"image":{"@id":"https:\/\/lucaseletro.com.br\/#\/schema\/logo\/image\/"},"sameAs":["https:\/\/www.facebook.com\/lucas.eletro.71"]}]},"product_price_amount":"599.00","product_price_currency":"BRL","og_availability":"instock","product_availability":"instock","product_condition":"new"},"_links":{"self":[{"href":"https:\/\/lucaseletro.com.br\/index.php?rest_route=\/wp\/v2\/product\/1114","targetHints":{"allow":["GET"]}}],"collection":[{"href":"https:\/\/lucaseletro.com.br\/index.php?rest_route=\/wp\/v2\/product"}],"about":[{"href":"https:\/\/lucaseletro.com.br\/index.php?rest_route=\/wp\/v2\/types\/product"}],"replies":[{"embeddable":true,"href":"https:\/\/lucaseletro.com.br\/index.php?rest_route=%2Fwp%2Fv2%2Fcomments&post=1114"}],"wp:featuredmedia":[{"embeddable":true,"href":"https:\/\/lucaseletro.com.br\/index.php?rest_route=\/wp\/v2\/media\/4225"}],"wp:attachment":[{"href":"https:\/\/lucaseletro.com.br\/index.php?rest_route=%2Fwp%2Fv2%2Fmedia&parent=1114"}],"wp:term":[{"taxonomy":"product_brand","embeddable":true,"href":"https:\/\/lucaseletro.com.br\/index.php?rest_route=%2Fwp%2Fv2%2Fproduct_brand&post=1114"},{"taxonomy":"product_cat","embeddable":true,"href":"https:\/\/lucaseletro.com.br\/index.php?rest_route=%2Fwp%2Fv2%2Fproduct_cat&post=1114"},{"taxonomy":"product_tag","embeddable":true,"href":"https:\/\/lucaseletro.com.br\/index.php?rest_route=%2Fwp%2Fv2%2Fproduct_tag&post=1114"}],"curies":[{"name":"wp","href":"https:\/\/api.w.org\/{rel}","templated":true}]}}