{"id":1120,"date":"2024-07-30T16:52:15","date_gmt":"2024-07-30T19:52:15","guid":{"rendered":"https:\/\/lucaseletro.com.br\/product\/roupeiro-zanzini-maximus-plus-nogueira-4p-4g\/"},"modified":"2025-01-13T15:59:49","modified_gmt":"2025-01-13T18:59:49","slug":"roupeiro-zanzini-maximus-plus-nogueira-4p-4g","status":"publish","type":"product","link":"https:\/\/lucaseletro.com.br\/?product=roupeiro-zanzini-maximus-plus-nogueira-4p-4g","title":{"rendered":"ROUPEIRO ZANZINI MAXIMUS PLUS NOGUEIRA 4P 4G"},"content":{"rendered":"<div class=\"lg:py-5\">\n<div class=\"flex justify-between items-center cursor-pointer lg:cursor-default border-t-[#eaeef3] border-t-[1px] lg:border-none\"><span class=\"lg:text-lg lg:text-default-dark pt-5 pb-4 lg:block\">Descri\u00e7\u00e3o do Produto<\/span><\/div>\n<div class=\"lg:block hidden reset-styles text-sm text-[#666]\">O Guarda Roupa Maximus Plus \u00c9 Um Produto De Amplo Espa\u00e7o Com Excelente Divis\u00e3o Interna, Com Quatro Gavetas Que Deslizam Suavemente Sobre Corredi\u00e7as Telesc\u00f3picas, Uma Gaveta Com Chave E Tambor De A\u00e7o Para Maior Seguran\u00e7a, Duas Prateleiras Para Guardar As Roupas Que Precisam Ser Dobradas, Cabideiro Met\u00e1lico Para Pendurar As Roupas Com Organiza\u00e7\u00e3o. Sem Falar No Design Moderno Para Compor O Ambiente De Seu Quarto Com Beleza E Qualidade Dimens\u00f5es: Altura: 230,3 Cm Largura: 153,8 Cm Profundidade: 46,3 Cm Peso: 95 Kg Garantia Do Fornecedor: 3 Meses.<\/div>\n<\/div>\n<div>\n<div class=\"flex justify-between items-center cursor-pointer lg:cursor-default border-t-[#eaeef3] border-t-[1px] lg:border-none\"><span class=\"lg:text-lg lg:text-default-dark pt-5 pb-4 lg:block\">Especifica\u00e7\u00f5es T\u00e9cnicas<\/span><\/div>\n<div class=\"lg:block hidden\">\n<table class=\"mb-5 w-full text-sm\">\n<thead>\n<tr>\n<th class=\"text-left py-7 text-sm font-semibold\" colspan=\"2\">Caracter\u00edsticas do Produto<\/th>\n<\/tr>\n<\/thead>\n<tbody>\n<tr class=\"bg-[#f9f9f9]\">\n<td class=\"text-text-light p-3 w-1\/3\">Quantidade de Portas<\/td>\n<td class=\"text-text-light p-3 w-2\/3\">4 Portas<\/td>\n<\/tr>\n<\/tbody>\n<\/table>\n<table class=\"mb-5 w-full text-sm\">\n<thead>\n<tr>\n<th class=\"text-left py-7 text-sm font-semibold\" colspan=\"2\">Dimens\u00f5es e Peso<\/th>\n<\/tr>\n<\/thead>\n<tbody>\n<tr class=\"bg-[#f9f9f9]\">\n<td class=\"text-text-light p-3 w-1\/3\">Dimens\u00f5es aproximadas do produto (AxLxP)<\/td>\n<td class=\"text-text-light p-3 w-2\/3\">23.50&#215;45.40&#215;181.84<\/td>\n<\/tr>\n<\/tbody>\n<\/table>\n<table class=\"mb-5 w-full text-sm\">\n<thead>\n<tr>\n<th class=\"text-left py-7 text-sm font-semibold\" colspan=\"2\">Importante<\/th>\n<\/tr>\n<\/thead>\n<tbody>\n<tr class=\"bg-[#f9f9f9]\">\n<td class=\"text-text-light p-3 w-1\/3\">Itens Inclusos<\/td>\n<td class=\"text-text-light p-3 w-2\/3\">Roupeiro Maximus Plus Com 4 Portas E 4 Gavetas Zanzini<\/td>\n<\/tr>\n<tr class=\"\">\n<td class=\"text-text-light p-3 w-1\/3\">Garantia do Fornecedor<\/td>\n<td class=\"text-text-light p-3 w-2\/3\">3 meses<\/td>\n<\/tr>\n<tr class=\"bg-[#f9f9f9]\">\n<td class=\"text-text-light p-3 w-1\/3\">C\u00f3digo da Certifica\u00e7\u00e3o<\/td>\n<td class=\"text-text-light p-3 w-2\/3\">N\u00e3o Informado<\/td>\n<\/tr>\n<\/tbody>\n<\/table>\n<table class=\"mb-5 w-full text-sm\">\n<thead>\n<tr>\n<th class=\"text-left py-7 text-sm font-semibold\" colspan=\"2\">Variantes<\/th>\n<\/tr>\n<\/thead>\n<tbody>\n<tr class=\"bg-[#f9f9f9]\">\n<td class=\"text-text-light p-3 w-1\/3\">Variante_Cor<\/td>\n<td class=\"text-text-light p-3 w-2\/3\">Jacaranda<\/td>\n<\/tr>\n<tr class=\"\">\n<td class=\"text-text-light p-3 w-1\/3\">Variante_Cor_Secundaria<\/td>\n<td class=\"text-text-light p-3 w-2\/3\">Jacaranda<\/td>\n<\/tr>\n<\/tbody>\n<\/table>\n<table class=\"mb-5 w-full text-sm\">\n<thead>\n<tr>\n<th class=\"text-left py-7 text-sm font-semibold\" colspan=\"2\">Categoria de Gest\u00e3o<\/th>\n<\/tr>\n<\/thead>\n<tbody>\n<tr class=\"bg-[#f9f9f9]\">\n<td class=\"text-text-light p-3 w-1\/3\">SUBCATEGORIA_KEY<\/td>\n<td class=\"text-text-light p-3 w-2\/3\">010212006012<\/td>\n<\/tr>\n<\/tbody>\n<\/table>\n<\/div>\n<\/div>\n","protected":false},"excerpt":{"rendered":"<div class=\"lg:py-5\">\n<div class=\"flex justify-between items-center cursor-pointer lg:cursor-default border-t-[#eaeef3] border-t-[1px] lg:border-none\"><span class=\"lg:text-lg lg:text-default-dark pt-5 pb-4 lg:block\">Descri\u00e7\u00e3o do Produto<\/span><\/div>\n<div class=\"lg:block hidden reset-styles text-sm text-[#666]\">O Guarda Roupa Maximus Plus \u00c9 Um Produto De Amplo Espa\u00e7o Com Excelente Divis\u00e3o Interna, Com Quatro Gavetas Que Deslizam Suavemente Sobre Corredi\u00e7as Telesc\u00f3picas, Uma Gaveta Com Chave E Tambor De A\u00e7o Para Maior Seguran\u00e7a, Duas Prateleiras Para Guardar As Roupas Que Precisam Ser Dobradas, Cabideiro Met\u00e1lico Para Pendurar As Roupas Com Organiza\u00e7\u00e3o. Sem Falar No Design Moderno Para Compor O Ambiente De Seu Quarto Com Beleza E Qualidade Dimens\u00f5es: Altura: 230,3 Cm Largura: 153,8 Cm Profundidade: 46,3 Cm Peso: 95 Kg Garantia Do Fornecedor: 3 Meses.<\/div>\n<\/div>\n<div>\n<div class=\"flex justify-between items-center cursor-pointer lg:cursor-default border-t-[#eaeef3] border-t-[1px] lg:border-none\"><span class=\"lg:text-lg lg:text-default-dark pt-5 pb-4 lg:block\">Especifica\u00e7\u00f5es T\u00e9cnicas<\/span><\/div>\n<div class=\"lg:block hidden\">\n<table class=\"mb-5 w-full text-sm\">\n<thead>\n<tr>\n<th class=\"text-left py-7 text-sm font-semibold\" colspan=\"2\">Caracter\u00edsticas do Produto<\/th>\n<\/tr>\n<\/thead>\n<tbody>\n<tr class=\"bg-[#f9f9f9]\">\n<td class=\"text-text-light p-3 w-1\/3\">Quantidade de Portas<\/td>\n<td class=\"text-text-light p-3 w-2\/3\">4 Portas<\/td>\n<\/tr>\n<\/tbody>\n<\/table>\n<table class=\"mb-5 w-full text-sm\">\n<thead>\n<tr>\n<th class=\"text-left py-7 text-sm font-semibold\" colspan=\"2\">Dimens\u00f5es e Peso<\/th>\n<\/tr>\n<\/thead>\n<tbody>\n<tr class=\"bg-[#f9f9f9]\">\n<td class=\"text-text-light p-3 w-1\/3\">Dimens\u00f5es aproximadas do produto (AxLxP)<\/td>\n<td class=\"text-text-light p-3 w-2\/3\">23.50&#215;45.40&#215;181.84<\/td>\n<\/tr>\n<\/tbody>\n<\/table>\n<table class=\"mb-5 w-full text-sm\">\n<thead>\n<tr>\n<th class=\"text-left py-7 text-sm font-semibold\" colspan=\"2\">Importante<\/th>\n<\/tr>\n<\/thead>\n<tbody>\n<tr class=\"bg-[#f9f9f9]\">\n<td class=\"text-text-light p-3 w-1\/3\">Itens Inclusos<\/td>\n<td class=\"text-text-light p-3 w-2\/3\">Roupeiro Maximus Plus Com 4 Portas E 4 Gavetas Zanzini<\/td>\n<\/tr>\n<tr class=\"\">\n<td class=\"text-text-light p-3 w-1\/3\">Garantia do Fornecedor<\/td>\n<td class=\"text-text-light p-3 w-2\/3\">3 meses<\/td>\n<\/tr>\n<tr class=\"bg-[#f9f9f9]\">\n<td class=\"text-text-light p-3 w-1\/3\">C\u00f3digo da Certifica\u00e7\u00e3o<\/td>\n<td class=\"text-text-light p-3 w-2\/3\">N\u00e3o Informado<\/td>\n<\/tr>\n<\/tbody>\n<\/table>\n<table class=\"mb-5 w-full text-sm\">\n<thead>\n<tr>\n<th class=\"text-left py-7 text-sm font-semibold\" colspan=\"2\">Variantes<\/th>\n<\/tr>\n<\/thead>\n<tbody>\n<tr class=\"bg-[#f9f9f9]\">\n<td class=\"text-text-light p-3 w-1\/3\">Variante_Cor<\/td>\n<td class=\"text-text-light p-3 w-2\/3\">Jacaranda<\/td>\n<\/tr>\n<tr class=\"\">\n<td class=\"text-text-light p-3 w-1\/3\">Variante_Cor_Secundaria<\/td>\n<td class=\"text-text-light p-3 w-2\/3\">Jacaranda<\/td>\n<\/tr>\n<\/tbody>\n<\/table>\n<table class=\"mb-5 w-full text-sm\">\n<thead>\n<tr>\n<th class=\"text-left py-7 text-sm font-semibold\" colspan=\"2\">Categoria de Gest\u00e3o<\/th>\n<\/tr>\n<\/thead>\n<tbody>\n<tr class=\"bg-[#f9f9f9]\">\n<td class=\"text-text-light p-3 w-1\/3\">SUBCATEGORIA_KEY<\/td>\n<td class=\"text-text-light p-3 w-2\/3\">010212006012<\/td>\n<\/tr>\n<\/tbody>\n<\/table>\n<\/div>\n<\/div>\n","protected":false},"featured_media":3862,"comment_status":"open","ping_status":"closed","template":"","meta":[],"product_brand":[],"product_cat":[72,78,71,15],"product_tag":[],"class_list":{"0":"post-1120","1":"product","2":"type-product","3":"status-publish","4":"has-post-thumbnail","6":"product_cat-guarda-roupas","7":"product_cat-quartos","8":"product_cat-roupeiro","9":"product_cat-semcategoria","11":"first","12":"instock","13":"shipping-taxable","14":"purchasable","15":"product-type-simple"},"yoast_head":"<!-- This site is optimized with the Yoast SEO Premium plugin v23.3 (Yoast SEO v27.4) - https:\/\/yoast.com\/product\/yoast-seo-premium-wordpress\/ -->\n<title>ROUPEIRO ZANZINI MAXIMUS PLUS NOGUEIRA 4P 4G - Lucas Eletro<\/title>\n<meta name=\"description\" content=\"O Guarda Roupa Maximus Plus \u00c9 Um Produto De Amplo Espa\u00e7o Com Excelente Divis\u00e3o Interna, Com Quatro Gavetas Que Deslizam Suavemente Sobre Corredi\u00e7as Telesc\u00f3picas, Uma Gaveta Com Chave E Tambor De A\u00e7o Para Maior Seguran\u00e7a, Duas Prateleiras Para Guardar As Roupas Que Precisam Ser Dobradas, Cabideiro Met\u00e1lico Para Pendurar As Roupas Com Organiza\u00e7\u00e3o.\" \/>\n<meta name=\"robots\" content=\"index, follow, max-snippet:-1, max-image-preview:large, max-video-preview:-1\" \/>\n<link rel=\"canonical\" href=\"https:\/\/lucaseletro.com.br\/?product=roupeiro-zanzini-maximus-plus-nogueira-4p-4g\" \/>\n<meta property=\"og:locale\" content=\"pt_BR\" \/>\n<meta property=\"og:type\" content=\"article\" \/>\n<meta property=\"og:title\" content=\"ROUPEIRO ZANZINI MAXIMUS PLUS NOGUEIRA 4P 4G - &#082;&#036;1.199,00 - Lucas Eletro\" \/>\n<meta property=\"og:description\" content=\"Descri\u00e7\u00e3o do Produto O Guarda Roupa Maximus Plus \u00c9 Um Produto De Amplo Espa\u00e7o Com Excelente Divis\u00e3o Interna, Com Quatro Gavetas Que Deslizam Suavemente Sobre Corredi\u00e7as Telesc\u00f3picas, Uma Gaveta Com Chave E Tambor De A\u00e7o Para Maior Seguran\u00e7a, Duas Prateleiras Para Guardar As Roupas Que Precisam Ser Dobradas, Cabideiro Met\u00e1lico Para Pendurar As Roupas Com Organiza\u00e7\u00e3o. Sem Falar No Design Moderno Para Compor O Ambiente De Seu Quarto Com Beleza E Qualidade Dimens\u00f5es: Altura: 230,3 Cm Largura: 153,8 Cm Profundidade: 46,3 Cm Peso: 95 Kg Garantia Do Fornecedor: 3 Meses.   Especifica\u00e7\u00f5es T\u00e9cnicas     Caracter\u00edsticas do Produto     Quantidade de Portas 4 Portas       Dimens\u00f5es e Peso     Dimens\u00f5es aproximadas do produto (AxLxP) 23.50x45.40x181.84       Importante     Itens Inclusos Roupeiro Maximus Plus Com 4 Portas E 4 Gavetas Zanzini   Garantia do Fornecedor 3 meses   C\u00f3digo da Certifica\u00e7\u00e3o N\u00e3o Informado       Variantes     Variante_Cor Jacaranda   Variante_Cor_Secundaria Jacaranda       Categoria de Gest\u00e3o     SUBCATEGORIA_KEY 010212006012\" \/>\n<meta property=\"og:url\" content=\"https:\/\/lucaseletro.com.br\/?product=roupeiro-zanzini-maximus-plus-nogueira-4p-4g\" \/>\n<meta property=\"og:site_name\" content=\"Lucas Eletro\" \/>\n<meta property=\"article:publisher\" content=\"https:\/\/www.facebook.com\/lucas.eletro.71\" \/>\n<meta property=\"article:modified_time\" content=\"2025-01-13T18:59:49+00:00\" \/>\n<meta property=\"og:image\" content=\"https:\/\/lucaseletro.com.br\/wp-content\/uploads\/2024\/07\/105e4fd2c28b47959afeb5601e74baab.webp\" \/>\n\t<meta property=\"og:image:width\" content=\"1000\" \/>\n\t<meta property=\"og:image:height\" content=\"1000\" \/>\n\t<meta property=\"og:image:type\" content=\"image\/webp\" \/>\n<meta name=\"twitter:card\" content=\"summary_large_image\" \/>\n<meta name=\"twitter:label1\" content=\"Pre\u00e7o\" \/>\n\t<meta name=\"twitter:data1\" content=\"&#082;&#036;1.199,00\" \/>\n\t<meta name=\"twitter:label2\" content=\"Disponibilidade\" \/>\n\t<meta name=\"twitter:data2\" content=\"Em Estoque\" \/>\n<script type=\"application\/ld+json\" class=\"yoast-schema-graph\">{\"@context\":\"https:\\\/\\\/schema.org\",\"@graph\":[{\"@type\":\"WebPage\",\"@id\":\"https:\\\/\\\/lucaseletro.com.br\\\/?product=roupeiro-zanzini-maximus-plus-nogueira-4p-4g\",\"url\":\"https:\\\/\\\/lucaseletro.com.br\\\/?product=roupeiro-zanzini-maximus-plus-nogueira-4p-4g\",\"name\":\"ROUPEIRO ZANZINI MAXIMUS PLUS NOGUEIRA 4P 4G - Lucas Eletro\",\"isPartOf\":{\"@id\":\"https:\\\/\\\/lucaseletro.com.br\\\/#website\"},\"primaryImageOfPage\":{\"@id\":\"https:\\\/\\\/lucaseletro.com.br\\\/?product=roupeiro-zanzini-maximus-plus-nogueira-4p-4g#primaryimage\"},\"image\":{\"@id\":\"https:\\\/\\\/lucaseletro.com.br\\\/?product=roupeiro-zanzini-maximus-plus-nogueira-4p-4g#primaryimage\"},\"thumbnailUrl\":\"https:\\\/\\\/lucaseletro.com.br\\\/wp-content\\\/uploads\\\/2024\\\/07\\\/105e4fd2c28b47959afeb5601e74baab.webp\",\"datePublished\":\"2024-07-30T19:52:15+00:00\",\"dateModified\":\"2025-01-13T18:59:49+00:00\",\"description\":\"O Guarda Roupa Maximus Plus \u00c9 Um Produto De Amplo Espa\u00e7o Com Excelente Divis\u00e3o Interna, Com Quatro Gavetas Que Deslizam Suavemente Sobre Corredi\u00e7as Telesc\u00f3picas, Uma Gaveta Com Chave E Tambor De A\u00e7o Para Maior Seguran\u00e7a, Duas Prateleiras Para Guardar As Roupas Que Precisam Ser Dobradas, Cabideiro Met\u00e1lico Para Pendurar As Roupas Com Organiza\u00e7\u00e3o.\",\"breadcrumb\":{\"@id\":\"https:\\\/\\\/lucaseletro.com.br\\\/?product=roupeiro-zanzini-maximus-plus-nogueira-4p-4g#breadcrumb\"},\"inLanguage\":\"pt-BR\",\"potentialAction\":[{\"@type\":\"ReadAction\",\"target\":[\"https:\\\/\\\/lucaseletro.com.br\\\/?product=roupeiro-zanzini-maximus-plus-nogueira-4p-4g\"]}]},{\"@type\":\"ImageObject\",\"inLanguage\":\"pt-BR\",\"@id\":\"https:\\\/\\\/lucaseletro.com.br\\\/?product=roupeiro-zanzini-maximus-plus-nogueira-4p-4g#primaryimage\",\"url\":\"https:\\\/\\\/lucaseletro.com.br\\\/wp-content\\\/uploads\\\/2024\\\/07\\\/105e4fd2c28b47959afeb5601e74baab.webp\",\"contentUrl\":\"https:\\\/\\\/lucaseletro.com.br\\\/wp-content\\\/uploads\\\/2024\\\/07\\\/105e4fd2c28b47959afeb5601e74baab.webp\",\"width\":1000,\"height\":1000},{\"@type\":\"BreadcrumbList\",\"@id\":\"https:\\\/\\\/lucaseletro.com.br\\\/?product=roupeiro-zanzini-maximus-plus-nogueira-4p-4g#breadcrumb\",\"itemListElement\":[{\"@type\":\"ListItem\",\"position\":1,\"name\":\"In\u00edcio\",\"item\":\"https:\\\/\\\/lucaseletro.com.br\\\/\"},{\"@type\":\"ListItem\",\"position\":2,\"name\":\"Loja\",\"item\":\"https:\\\/\\\/lucaseletro.com.br\\\/?page_id=11\"},{\"@type\":\"ListItem\",\"position\":3,\"name\":\"ROUPEIRO ZANZINI MAXIMUS PLUS NOGUEIRA 4P 4G\"}]},{\"@type\":\"WebSite\",\"@id\":\"https:\\\/\\\/lucaseletro.com.br\\\/#website\",\"url\":\"https:\\\/\\\/lucaseletro.com.br\\\/\",\"name\":\"Lucas Eletro\",\"description\":\"Realizando seus sonhos\",\"publisher\":{\"@id\":\"https:\\\/\\\/lucaseletro.com.br\\\/#organization\"},\"alternateName\":\"Lucas Eletro\",\"potentialAction\":[{\"@type\":\"SearchAction\",\"target\":{\"@type\":\"EntryPoint\",\"urlTemplate\":\"https:\\\/\\\/lucaseletro.com.br\\\/?s={search_term_string}\"},\"query-input\":{\"@type\":\"PropertyValueSpecification\",\"valueRequired\":true,\"valueName\":\"search_term_string\"}}],\"inLanguage\":\"pt-BR\"},{\"@type\":\"Organization\",\"@id\":\"https:\\\/\\\/lucaseletro.com.br\\\/#organization\",\"name\":\"Lucas Eletro\",\"alternateName\":\"Lucas Eletro\",\"url\":\"https:\\\/\\\/lucaseletro.com.br\\\/\",\"logo\":{\"@type\":\"ImageObject\",\"inLanguage\":\"pt-BR\",\"@id\":\"https:\\\/\\\/lucaseletro.com.br\\\/#\\\/schema\\\/logo\\\/image\\\/\",\"url\":\"https:\\\/\\\/lucaseletro.com.br\\\/wp-content\\\/uploads\\\/2024\\\/08\\\/Logo-WebP.webp\",\"contentUrl\":\"https:\\\/\\\/lucaseletro.com.br\\\/wp-content\\\/uploads\\\/2024\\\/08\\\/Logo-WebP.webp\",\"width\":1366,\"height\":457,\"caption\":\"Lucas Eletro\"},\"image\":{\"@id\":\"https:\\\/\\\/lucaseletro.com.br\\\/#\\\/schema\\\/logo\\\/image\\\/\"},\"sameAs\":[\"https:\\\/\\\/www.facebook.com\\\/lucas.eletro.71\"]}]}<\/script>\n<meta property=\"product:price:amount\" content=\"1199.00\" \/>\n<meta property=\"product:price:currency\" content=\"BRL\" \/>\n<meta property=\"og:availability\" content=\"instock\" \/>\n<meta property=\"product:availability\" content=\"instock\" \/>\n<meta property=\"product:condition\" content=\"new\" \/>\n<!-- \/ Yoast SEO Premium plugin. -->","yoast_head_json":{"title":"ROUPEIRO ZANZINI MAXIMUS PLUS NOGUEIRA 4P 4G - Lucas Eletro","description":"O Guarda Roupa Maximus Plus \u00c9 Um Produto De Amplo Espa\u00e7o Com Excelente Divis\u00e3o Interna, Com Quatro Gavetas Que Deslizam Suavemente Sobre Corredi\u00e7as Telesc\u00f3picas, Uma Gaveta Com Chave E Tambor De A\u00e7o Para Maior Seguran\u00e7a, Duas Prateleiras Para Guardar As Roupas Que Precisam Ser Dobradas, Cabideiro Met\u00e1lico Para Pendurar As Roupas Com Organiza\u00e7\u00e3o.","robots":{"index":"index","follow":"follow","max-snippet":"max-snippet:-1","max-image-preview":"max-image-preview:large","max-video-preview":"max-video-preview:-1"},"canonical":"https:\/\/lucaseletro.com.br\/?product=roupeiro-zanzini-maximus-plus-nogueira-4p-4g","og_locale":"pt_BR","og_type":"article","og_title":"ROUPEIRO ZANZINI MAXIMUS PLUS NOGUEIRA 4P 4G - &#82;&#36;1.199,00 - Lucas Eletro","og_description":"Descri\u00e7\u00e3o do Produto O Guarda Roupa Maximus Plus \u00c9 Um Produto De Amplo Espa\u00e7o Com Excelente Divis\u00e3o Interna, Com Quatro Gavetas Que Deslizam Suavemente Sobre Corredi\u00e7as Telesc\u00f3picas, Uma Gaveta Com Chave E Tambor De A\u00e7o Para Maior Seguran\u00e7a, Duas Prateleiras Para Guardar As Roupas Que Precisam Ser Dobradas, Cabideiro Met\u00e1lico Para Pendurar As Roupas Com Organiza\u00e7\u00e3o. Sem Falar No Design Moderno Para Compor O Ambiente De Seu Quarto Com Beleza E Qualidade Dimens\u00f5es: Altura: 230,3 Cm Largura: 153,8 Cm Profundidade: 46,3 Cm Peso: 95 Kg Garantia Do Fornecedor: 3 Meses.   Especifica\u00e7\u00f5es T\u00e9cnicas     Caracter\u00edsticas do Produto     Quantidade de Portas 4 Portas       Dimens\u00f5es e Peso     Dimens\u00f5es aproximadas do produto (AxLxP) 23.50x45.40x181.84       Importante     Itens Inclusos Roupeiro Maximus Plus Com 4 Portas E 4 Gavetas Zanzini   Garantia do Fornecedor 3 meses   C\u00f3digo da Certifica\u00e7\u00e3o N\u00e3o Informado       Variantes     Variante_Cor Jacaranda   Variante_Cor_Secundaria Jacaranda       Categoria de Gest\u00e3o     SUBCATEGORIA_KEY 010212006012","og_url":"https:\/\/lucaseletro.com.br\/?product=roupeiro-zanzini-maximus-plus-nogueira-4p-4g","og_site_name":"Lucas Eletro","article_publisher":"https:\/\/www.facebook.com\/lucas.eletro.71","article_modified_time":"2025-01-13T18:59:49+00:00","og_image":[{"width":1000,"height":1000,"url":"https:\/\/lucaseletro.com.br\/wp-content\/uploads\/2024\/07\/105e4fd2c28b47959afeb5601e74baab.webp","type":"image\/webp"}],"twitter_card":"summary_large_image","twitter_misc":{"Pre\u00e7o":"&#82;&#36;1.199,00","Disponibilidade":"Em Estoque"},"schema":{"@context":"https:\/\/schema.org","@graph":[{"@type":"WebPage","@id":"https:\/\/lucaseletro.com.br\/?product=roupeiro-zanzini-maximus-plus-nogueira-4p-4g","url":"https:\/\/lucaseletro.com.br\/?product=roupeiro-zanzini-maximus-plus-nogueira-4p-4g","name":"ROUPEIRO ZANZINI MAXIMUS PLUS NOGUEIRA 4P 4G - Lucas Eletro","isPartOf":{"@id":"https:\/\/lucaseletro.com.br\/#website"},"primaryImageOfPage":{"@id":"https:\/\/lucaseletro.com.br\/?product=roupeiro-zanzini-maximus-plus-nogueira-4p-4g#primaryimage"},"image":{"@id":"https:\/\/lucaseletro.com.br\/?product=roupeiro-zanzini-maximus-plus-nogueira-4p-4g#primaryimage"},"thumbnailUrl":"https:\/\/lucaseletro.com.br\/wp-content\/uploads\/2024\/07\/105e4fd2c28b47959afeb5601e74baab.webp","datePublished":"2024-07-30T19:52:15+00:00","dateModified":"2025-01-13T18:59:49+00:00","description":"O Guarda Roupa Maximus Plus \u00c9 Um Produto De Amplo Espa\u00e7o Com Excelente Divis\u00e3o Interna, Com Quatro Gavetas Que Deslizam Suavemente Sobre Corredi\u00e7as Telesc\u00f3picas, Uma Gaveta Com Chave E Tambor De A\u00e7o Para Maior Seguran\u00e7a, Duas Prateleiras Para Guardar As Roupas Que Precisam Ser Dobradas, Cabideiro Met\u00e1lico Para Pendurar As Roupas Com Organiza\u00e7\u00e3o.","breadcrumb":{"@id":"https:\/\/lucaseletro.com.br\/?product=roupeiro-zanzini-maximus-plus-nogueira-4p-4g#breadcrumb"},"inLanguage":"pt-BR","potentialAction":[{"@type":"ReadAction","target":["https:\/\/lucaseletro.com.br\/?product=roupeiro-zanzini-maximus-plus-nogueira-4p-4g"]}]},{"@type":"ImageObject","inLanguage":"pt-BR","@id":"https:\/\/lucaseletro.com.br\/?product=roupeiro-zanzini-maximus-plus-nogueira-4p-4g#primaryimage","url":"https:\/\/lucaseletro.com.br\/wp-content\/uploads\/2024\/07\/105e4fd2c28b47959afeb5601e74baab.webp","contentUrl":"https:\/\/lucaseletro.com.br\/wp-content\/uploads\/2024\/07\/105e4fd2c28b47959afeb5601e74baab.webp","width":1000,"height":1000},{"@type":"BreadcrumbList","@id":"https:\/\/lucaseletro.com.br\/?product=roupeiro-zanzini-maximus-plus-nogueira-4p-4g#breadcrumb","itemListElement":[{"@type":"ListItem","position":1,"name":"In\u00edcio","item":"https:\/\/lucaseletro.com.br\/"},{"@type":"ListItem","position":2,"name":"Loja","item":"https:\/\/lucaseletro.com.br\/?page_id=11"},{"@type":"ListItem","position":3,"name":"ROUPEIRO ZANZINI MAXIMUS PLUS NOGUEIRA 4P 4G"}]},{"@type":"WebSite","@id":"https:\/\/lucaseletro.com.br\/#website","url":"https:\/\/lucaseletro.com.br\/","name":"Lucas Eletro","description":"Realizando seus sonhos","publisher":{"@id":"https:\/\/lucaseletro.com.br\/#organization"},"alternateName":"Lucas Eletro","potentialAction":[{"@type":"SearchAction","target":{"@type":"EntryPoint","urlTemplate":"https:\/\/lucaseletro.com.br\/?s={search_term_string}"},"query-input":{"@type":"PropertyValueSpecification","valueRequired":true,"valueName":"search_term_string"}}],"inLanguage":"pt-BR"},{"@type":"Organization","@id":"https:\/\/lucaseletro.com.br\/#organization","name":"Lucas Eletro","alternateName":"Lucas Eletro","url":"https:\/\/lucaseletro.com.br\/","logo":{"@type":"ImageObject","inLanguage":"pt-BR","@id":"https:\/\/lucaseletro.com.br\/#\/schema\/logo\/image\/","url":"https:\/\/lucaseletro.com.br\/wp-content\/uploads\/2024\/08\/Logo-WebP.webp","contentUrl":"https:\/\/lucaseletro.com.br\/wp-content\/uploads\/2024\/08\/Logo-WebP.webp","width":1366,"height":457,"caption":"Lucas Eletro"},"image":{"@id":"https:\/\/lucaseletro.com.br\/#\/schema\/logo\/image\/"},"sameAs":["https:\/\/www.facebook.com\/lucas.eletro.71"]}]},"product_price_amount":"1199.00","product_price_currency":"BRL","og_availability":"instock","product_availability":"instock","product_condition":"new"},"_links":{"self":[{"href":"https:\/\/lucaseletro.com.br\/index.php?rest_route=\/wp\/v2\/product\/1120","targetHints":{"allow":["GET"]}}],"collection":[{"href":"https:\/\/lucaseletro.com.br\/index.php?rest_route=\/wp\/v2\/product"}],"about":[{"href":"https:\/\/lucaseletro.com.br\/index.php?rest_route=\/wp\/v2\/types\/product"}],"replies":[{"embeddable":true,"href":"https:\/\/lucaseletro.com.br\/index.php?rest_route=%2Fwp%2Fv2%2Fcomments&post=1120"}],"wp:featuredmedia":[{"embeddable":true,"href":"https:\/\/lucaseletro.com.br\/index.php?rest_route=\/wp\/v2\/media\/3862"}],"wp:attachment":[{"href":"https:\/\/lucaseletro.com.br\/index.php?rest_route=%2Fwp%2Fv2%2Fmedia&parent=1120"}],"wp:term":[{"taxonomy":"product_brand","embeddable":true,"href":"https:\/\/lucaseletro.com.br\/index.php?rest_route=%2Fwp%2Fv2%2Fproduct_brand&post=1120"},{"taxonomy":"product_cat","embeddable":true,"href":"https:\/\/lucaseletro.com.br\/index.php?rest_route=%2Fwp%2Fv2%2Fproduct_cat&post=1120"},{"taxonomy":"product_tag","embeddable":true,"href":"https:\/\/lucaseletro.com.br\/index.php?rest_route=%2Fwp%2Fv2%2Fproduct_tag&post=1120"}],"curies":[{"name":"wp","href":"https:\/\/api.w.org\/{rel}","templated":true}]}}