{"id":1225,"date":"2024-07-30T16:52:27","date_gmt":"2024-07-30T19:52:27","guid":{"rendered":"https:\/\/lucaseletro.com.br\/product\/comoda-acp-moveis-jessica-branco\/"},"modified":"2025-08-27T10:57:21","modified_gmt":"2025-08-27T13:57:21","slug":"comoda-acp-moveis-jessica-branco","status":"publish","type":"product","link":"https:\/\/lucaseletro.com.br\/?product=comoda-acp-moveis-jessica-branco","title":{"rendered":"COMODA ACP MOVEIS JESSICA BRANCO"},"content":{"rendered":"<div class=\"sc-iGgWBj hZQAA-D sc-ffNNoV fQykGN\" data-testid=\"product-detail\">\n<h2 class=\"sc-dcJsrY iVJGKX\" data-testid=\"product-detail-label\">Informa\u00e7\u00f5es do Produto<\/h2>\n<p><span class=\"sc-dcJsrY jZKEso\" data-testid=\"product-detail-title\">Comoda 4 gavetas 100% MDF J\u00e9ssica ACP M\u00f3veis Branco<\/span><\/p>\n<div class=\"sc-iGgWBj jEOEJZ sc-ddrdZi byFCyB\" data-testid=\"product-detail-description\">\n<div class=\"sc-iGgWBj eWtIHQ sc-kcgnCw gPNwvu\" data-testid=\"rich-content-container\">A c\u00f4moda Jessica \u00e9 uma pe\u00e7a de mobili\u00e1rio elegante e funcional, projetada para atender \u00e0s necessidades de organiza\u00e7\u00e3o e decora\u00e7\u00e3o do ambiente. Fabricada com materiais de alta qualidade, a sua estrutura principal \u00e9 constru\u00edda em MDF de 12mm, o que garante resist\u00eancia e durabilidade ao produto.O fundo da c\u00f4moda tamb\u00e9m \u00e9 produzido em MDF, por\u00e9m com espessura de 2,5mm, oferecendo uma base s\u00f3lida para os objetos que ser\u00e3o armazenados nas gavetas. Essas, por sua vez, deslizam suavemente por meio de corredi\u00e7as pl\u00e1sticas, proporcionando um manuseio f\u00e1cil e seguro.Os puxadores cromados s\u00e3o um diferencial est\u00e9tico da c\u00f4moda Jessica, conferindo um toque de sofistica\u00e7\u00e3o e eleg\u00e2ncia ao m\u00f3vel. Eles s\u00e3o firmemente fixados \u00e0 superf\u00edcie das gavetas, permitindo que sejam utilizados com seguran\u00e7a e conforto.Com um design moderno e funcional, a c\u00f4moda Jessica \u00e9 uma escolha ideal para quem busca um m\u00f3vel pr\u00e1tico e elegante para compor a decora\u00e7\u00e3o do quarto, oferecendo praticidade e estilo em um \u00fanico produto.<\/div>\n<\/div>\n<\/div>\n<div class=\"sc-iGgWBj eWtIHQ\" data-testid=\"lazyload-container\">\n<div class=\"sc-bpUBKd iMekvN\" data-testid=\"mod-p\"><\/div>\n<\/div>\n<div class=\"sc-iGgWBj hODtov sc-lkkHPy ccsMKd\">\n<table class=\"sc-iGgWBj iCEidV sc-bStcSt emFJXX\">\n<tbody>\n<tr>\n<td class=\"sc-iaJaUu jUTMlm\">TIPO DE CORREDI\u00c7AS<\/td>\n<td class=\"sc-feoqov jEebvX\">\n<table class=\"sc-dOoqMo iwSfwR\">\n<tbody>\n<tr>\n<td>Corredi\u00e7as Plasticas<\/td>\n<\/tr>\n<\/tbody>\n<\/table>\n<\/td>\n<\/tr>\n<tr>\n<td class=\"sc-iaJaUu jUTMlm\">Portas<\/td>\n<td class=\"sc-feoqov jEebvX\">\n<table class=\"sc-dOoqMo iwSfwR\">\n<tbody>\n<tr>\n<td>N\u00e3o<\/td>\n<\/tr>\n<\/tbody>\n<\/table>\n<\/td>\n<\/tr>\n<tr>\n<td class=\"sc-iaJaUu jUTMlm\">Garantia<\/td>\n<td class=\"sc-feoqov jEebvX\">\n<table class=\"sc-dOoqMo iwSfwR\">\n<tbody>\n<tr>\n<td>3 Meses<\/td>\n<\/tr>\n<\/tbody>\n<\/table>\n<\/td>\n<\/tr>\n<tr>\n<td class=\"sc-iaJaUu jUTMlm\">Possui gavetas<\/td>\n<td class=\"sc-feoqov jEebvX\">\n<table class=\"sc-dOoqMo iwSfwR\">\n<tbody>\n<tr>\n<td>Sim<\/td>\n<\/tr>\n<\/tbody>\n<\/table>\n<\/td>\n<\/tr>\n<tr>\n<td class=\"sc-iaJaUu jUTMlm\">Cor<\/td>\n<td class=\"sc-feoqov jEebvX\">\n<table class=\"sc-dOoqMo iwSfwR\">\n<tbody>\n<tr>\n<td>Branco<\/td>\n<\/tr>\n<\/tbody>\n<\/table>\n<\/td>\n<\/tr>\n<tr>\n<td class=\"sc-iaJaUu jUTMlm\">Quantidade de Portas<\/td>\n<td class=\"sc-feoqov jEebvX\">\n<table class=\"sc-dOoqMo iwSfwR\">\n<tbody>\n<tr>\n<td>0 Portas<\/td>\n<\/tr>\n<\/tbody>\n<\/table>\n<\/td>\n<\/tr>\n<tr>\n<td class=\"sc-iaJaUu jUTMlm\">Informa\u00e7\u00f5es complementares<\/td>\n<td class=\"sc-feoqov jEebvX\">\n<table class=\"sc-dOoqMo iwSfwR\">\n<tbody>\n<tr>\n<td class=\"sc-gVJvzJ gJVWHr\">Cor<\/td>\n<td>Branco<\/td>\n<\/tr>\n<tr>\n<td class=\"sc-gVJvzJ gJVWHr\">Gavetas<\/td>\n<td>4 gavetas<\/td>\n<\/tr>\n<tr>\n<td class=\"sc-gVJvzJ gJVWHr\">Marca<\/td>\n<td><a class=\"sc-JrDLc gkEUmz sc-DWsrX gaOyIa sc-DWsrX gaOyIa\" href=\"https:\/\/www.magazineluiza.com.br\/marcas\/acp\/\" data-testid=\"link\">ACP M\u00f3veis<\/a><\/td>\n<\/tr>\n<tr>\n<td class=\"sc-gVJvzJ gJVWHr\">Material da Estrutura<\/td>\n<td>MDF<\/td>\n<\/tr>\n<tr>\n<td class=\"sc-gVJvzJ gJVWHr\">Modelo<\/td>\n<td>J\u00e9ssica<\/td>\n<\/tr>\n<tr>\n<td class=\"sc-gVJvzJ gJVWHr\">Quantidade de Gavetas<\/td>\n<td>4<\/td>\n<\/tr>\n<\/tbody>\n<\/table>\n<\/td>\n<\/tr>\n<\/tbody>\n<\/table>\n<\/div>\n","protected":false},"excerpt":{"rendered":"<div class=\"sc-iGgWBj hZQAA-D sc-ffNNoV fQykGN\" data-testid=\"product-detail\">\n<h2 class=\"sc-dcJsrY iVJGKX\" data-testid=\"product-detail-label\">Informa\u00e7\u00f5es do Produto<\/h2>\n<p><span class=\"sc-dcJsrY jZKEso\" data-testid=\"product-detail-title\">Comoda 4 gavetas 100% MDF J\u00e9ssica ACP M\u00f3veis Branco<\/span><\/p>\n<div class=\"sc-iGgWBj jEOEJZ sc-ddrdZi byFCyB\" data-testid=\"product-detail-description\">\n<div class=\"sc-iGgWBj eWtIHQ sc-kcgnCw gPNwvu\" data-testid=\"rich-content-container\">A c\u00f4moda Jessica \u00e9 uma pe\u00e7a de mobili\u00e1rio elegante e funcional, projetada para atender \u00e0s necessidades de organiza\u00e7\u00e3o e decora\u00e7\u00e3o do ambiente. Fabricada com materiais de alta qualidade, a sua estrutura principal \u00e9 constru\u00edda em MDF de 12mm, o que garante resist\u00eancia e durabilidade ao produto.O fundo da c\u00f4moda tamb\u00e9m \u00e9 produzido em MDF, por\u00e9m com espessura de 2,5mm, oferecendo uma base s\u00f3lida para os objetos que ser\u00e3o armazenados nas gavetas. Essas, por sua vez, deslizam suavemente por meio de corredi\u00e7as pl\u00e1sticas, proporcionando um manuseio f\u00e1cil e seguro.Os puxadores cromados s\u00e3o um diferencial est\u00e9tico da c\u00f4moda Jessica, conferindo um toque de sofistica\u00e7\u00e3o e eleg\u00e2ncia ao m\u00f3vel. Eles s\u00e3o firmemente fixados \u00e0 superf\u00edcie das gavetas, permitindo que sejam utilizados com seguran\u00e7a e conforto.Com um design moderno e funcional, a c\u00f4moda Jessica \u00e9 uma escolha ideal para quem busca um m\u00f3vel pr\u00e1tico e elegante para compor a decora\u00e7\u00e3o do quarto, oferecendo praticidade e estilo em um \u00fanico produto.<\/div>\n<\/div>\n<\/div>\n<div class=\"sc-iGgWBj eWtIHQ\" data-testid=\"lazyload-container\">\n<div class=\"sc-bpUBKd iMekvN\" data-testid=\"mod-p\"><\/div>\n<\/div>\n<div class=\"sc-iGgWBj hODtov sc-lkkHPy ccsMKd\">\n<table class=\"sc-iGgWBj iCEidV sc-bStcSt emFJXX\">\n<tbody>\n<tr>\n<td class=\"sc-iaJaUu jUTMlm\">TIPO DE CORREDI\u00c7AS<\/td>\n<td class=\"sc-feoqov jEebvX\">\n<table class=\"sc-dOoqMo iwSfwR\">\n<tbody>\n<tr>\n<td>Corredi\u00e7as Plasticas<\/td>\n<\/tr>\n<\/tbody>\n<\/table>\n<\/td>\n<\/tr>\n<tr>\n<td class=\"sc-iaJaUu jUTMlm\">Portas<\/td>\n<td class=\"sc-feoqov jEebvX\">\n<table class=\"sc-dOoqMo iwSfwR\">\n<tbody>\n<tr>\n<td>N\u00e3o<\/td>\n<\/tr>\n<\/tbody>\n<\/table>\n<\/td>\n<\/tr>\n<tr>\n<td class=\"sc-iaJaUu jUTMlm\">Garantia<\/td>\n<td class=\"sc-feoqov jEebvX\">\n<table class=\"sc-dOoqMo iwSfwR\">\n<tbody>\n<tr>\n<td>3 Meses<\/td>\n<\/tr>\n<\/tbody>\n<\/table>\n<\/td>\n<\/tr>\n<tr>\n<td class=\"sc-iaJaUu jUTMlm\">Possui gavetas<\/td>\n<td class=\"sc-feoqov jEebvX\">\n<table class=\"sc-dOoqMo iwSfwR\">\n<tbody>\n<tr>\n<td>Sim<\/td>\n<\/tr>\n<\/tbody>\n<\/table>\n<\/td>\n<\/tr>\n<tr>\n<td class=\"sc-iaJaUu jUTMlm\">Cor<\/td>\n<td class=\"sc-feoqov jEebvX\">\n<table class=\"sc-dOoqMo iwSfwR\">\n<tbody>\n<tr>\n<td>Branco<\/td>\n<\/tr>\n<\/tbody>\n<\/table>\n<\/td>\n<\/tr>\n<tr>\n<td class=\"sc-iaJaUu jUTMlm\">Quantidade de Portas<\/td>\n<td class=\"sc-feoqov jEebvX\">\n<table class=\"sc-dOoqMo iwSfwR\">\n<tbody>\n<tr>\n<td>0 Portas<\/td>\n<\/tr>\n<\/tbody>\n<\/table>\n<\/td>\n<\/tr>\n<tr>\n<td class=\"sc-iaJaUu jUTMlm\">Informa\u00e7\u00f5es complementares<\/td>\n<td class=\"sc-feoqov jEebvX\">\n<table class=\"sc-dOoqMo iwSfwR\">\n<tbody>\n<tr>\n<td class=\"sc-gVJvzJ gJVWHr\">Cor<\/td>\n<td>Branco<\/td>\n<\/tr>\n<tr>\n<td class=\"sc-gVJvzJ gJVWHr\">Gavetas<\/td>\n<td>4 gavetas<\/td>\n<\/tr>\n<tr>\n<td class=\"sc-gVJvzJ gJVWHr\">Marca<\/td>\n<td><a class=\"sc-JrDLc gkEUmz sc-DWsrX gaOyIa sc-DWsrX gaOyIa\" href=\"https:\/\/www.magazineluiza.com.br\/marcas\/acp\/\" data-testid=\"link\">ACP M\u00f3veis<\/a><\/td>\n<\/tr>\n<tr>\n<td class=\"sc-gVJvzJ gJVWHr\">Material da Estrutura<\/td>\n<td>MDF<\/td>\n<\/tr>\n<tr>\n<td class=\"sc-gVJvzJ gJVWHr\">Modelo<\/td>\n<td>J\u00e9ssica<\/td>\n<\/tr>\n<tr>\n<td class=\"sc-gVJvzJ gJVWHr\">Quantidade de Gavetas<\/td>\n<td>4<\/td>\n<\/tr>\n<\/tbody>\n<\/table>\n<\/td>\n<\/tr>\n<\/tbody>\n<\/table>\n<\/div>\n","protected":false},"featured_media":4171,"comment_status":"open","ping_status":"closed","template":"","meta":[],"product_brand":[],"product_cat":[72,78],"product_tag":[],"class_list":{"0":"post-1225","1":"product","2":"type-product","3":"status-publish","4":"has-post-thumbnail","6":"product_cat-guarda-roupas","7":"product_cat-quartos","9":"first","10":"instock","11":"shipping-taxable","12":"purchasable","13":"product-type-simple"},"yoast_head":"<!-- This site is optimized with the Yoast SEO Premium plugin v23.3 (Yoast SEO v27.4) - https:\/\/yoast.com\/product\/yoast-seo-premium-wordpress\/ -->\n<title>COMODA ACP MOVEIS JESSICA BRANCO - Lucas Eletro<\/title>\n<meta name=\"robots\" content=\"index, follow, max-snippet:-1, max-image-preview:large, max-video-preview:-1\" \/>\n<link rel=\"canonical\" href=\"https:\/\/lucaseletro.com.br\/?product=comoda-acp-moveis-jessica-branco\" \/>\n<meta property=\"og:locale\" content=\"pt_BR\" \/>\n<meta property=\"og:type\" content=\"article\" \/>\n<meta property=\"og:title\" content=\"COMODA ACP MOVEIS JESSICA BRANCO - &#082;&#036;349,00 - Lucas Eletro\" \/>\n<meta property=\"og:description\" content=\"Informa\u00e7\u00f5es do Produto Comoda 4 gavetas 100% MDF J\u00e9ssica ACP M\u00f3veis Branco  A c\u00f4moda Jessica \u00e9 uma pe\u00e7a de mobili\u00e1rio elegante e funcional, projetada para atender \u00e0s necessidades de organiza\u00e7\u00e3o e decora\u00e7\u00e3o do ambiente. Fabricada com materiais de alta qualidade, a sua estrutura principal \u00e9 constru\u00edda em MDF de 12mm, o que garante resist\u00eancia e durabilidade ao produto.O fundo da c\u00f4moda tamb\u00e9m \u00e9 produzido em MDF, por\u00e9m com espessura de 2,5mm, oferecendo uma base s\u00f3lida para os objetos que ser\u00e3o armazenados nas gavetas. Essas, por sua vez, deslizam suavemente por meio de corredi\u00e7as pl\u00e1sticas, proporcionando um manuseio f\u00e1cil e seguro.Os puxadores cromados s\u00e3o um diferencial est\u00e9tico da c\u00f4moda Jessica, conferindo um toque de sofistica\u00e7\u00e3o e eleg\u00e2ncia ao m\u00f3vel. Eles s\u00e3o firmemente fixados \u00e0 superf\u00edcie das gavetas, permitindo que sejam utilizados com seguran\u00e7a e conforto.Com um design moderno e funcional, a c\u00f4moda Jessica \u00e9 uma escolha ideal para quem busca um m\u00f3vel pr\u00e1tico e elegante para compor a decora\u00e7\u00e3o do quarto, oferecendo praticidade e estilo em um \u00fanico produto.          TIPO DE CORREDI\u00c7AS     Corredi\u00e7as Plasticas       Portas     N\u00e3o       Garantia     3 Meses       Possui gavetas     Sim       Cor     Branco       Quantidade de Portas     0 Portas       Informa\u00e7\u00f5es complementares     Cor Branco   Gavetas 4 gavetas   Marca ACP M\u00f3veis   Material da Estrutura MDF   Modelo J\u00e9ssica   Quantidade de Gavetas 4\" \/>\n<meta property=\"og:url\" content=\"https:\/\/lucaseletro.com.br\/?product=comoda-acp-moveis-jessica-branco\" \/>\n<meta property=\"og:site_name\" content=\"Lucas Eletro\" \/>\n<meta property=\"article:publisher\" content=\"https:\/\/www.facebook.com\/lucas.eletro.71\" \/>\n<meta property=\"article:modified_time\" content=\"2025-08-27T13:57:21+00:00\" \/>\n<meta property=\"og:image\" content=\"https:\/\/lucaseletro.com.br\/wp-content\/uploads\/2024\/07\/787bed86d8da8a67bb06b694261f0303.webp\" \/>\n\t<meta property=\"og:image:width\" content=\"560\" \/>\n\t<meta property=\"og:image:height\" content=\"560\" \/>\n\t<meta property=\"og:image:type\" content=\"image\/webp\" \/>\n<meta name=\"twitter:card\" content=\"summary_large_image\" \/>\n<meta name=\"twitter:label1\" content=\"Pre\u00e7o\" \/>\n\t<meta name=\"twitter:data1\" content=\"&#082;&#036;349,00\" \/>\n\t<meta name=\"twitter:label2\" content=\"Disponibilidade\" \/>\n\t<meta name=\"twitter:data2\" content=\"Em Estoque\" \/>\n<script type=\"application\/ld+json\" class=\"yoast-schema-graph\">{\"@context\":\"https:\\\/\\\/schema.org\",\"@graph\":[{\"@type\":\"WebPage\",\"@id\":\"https:\\\/\\\/lucaseletro.com.br\\\/?product=comoda-acp-moveis-jessica-branco\",\"url\":\"https:\\\/\\\/lucaseletro.com.br\\\/?product=comoda-acp-moveis-jessica-branco\",\"name\":\"COMODA ACP MOVEIS JESSICA BRANCO - Lucas Eletro\",\"isPartOf\":{\"@id\":\"https:\\\/\\\/lucaseletro.com.br\\\/#website\"},\"primaryImageOfPage\":{\"@id\":\"https:\\\/\\\/lucaseletro.com.br\\\/?product=comoda-acp-moveis-jessica-branco#primaryimage\"},\"image\":{\"@id\":\"https:\\\/\\\/lucaseletro.com.br\\\/?product=comoda-acp-moveis-jessica-branco#primaryimage\"},\"thumbnailUrl\":\"https:\\\/\\\/lucaseletro.com.br\\\/wp-content\\\/uploads\\\/2024\\\/07\\\/787bed86d8da8a67bb06b694261f0303.webp\",\"datePublished\":\"2024-07-30T19:52:27+00:00\",\"dateModified\":\"2025-08-27T13:57:21+00:00\",\"breadcrumb\":{\"@id\":\"https:\\\/\\\/lucaseletro.com.br\\\/?product=comoda-acp-moveis-jessica-branco#breadcrumb\"},\"inLanguage\":\"pt-BR\",\"potentialAction\":[{\"@type\":\"ReadAction\",\"target\":[\"https:\\\/\\\/lucaseletro.com.br\\\/?product=comoda-acp-moveis-jessica-branco\"]}]},{\"@type\":\"ImageObject\",\"inLanguage\":\"pt-BR\",\"@id\":\"https:\\\/\\\/lucaseletro.com.br\\\/?product=comoda-acp-moveis-jessica-branco#primaryimage\",\"url\":\"https:\\\/\\\/lucaseletro.com.br\\\/wp-content\\\/uploads\\\/2024\\\/07\\\/787bed86d8da8a67bb06b694261f0303.webp\",\"contentUrl\":\"https:\\\/\\\/lucaseletro.com.br\\\/wp-content\\\/uploads\\\/2024\\\/07\\\/787bed86d8da8a67bb06b694261f0303.webp\",\"width\":560,\"height\":560},{\"@type\":\"BreadcrumbList\",\"@id\":\"https:\\\/\\\/lucaseletro.com.br\\\/?product=comoda-acp-moveis-jessica-branco#breadcrumb\",\"itemListElement\":[{\"@type\":\"ListItem\",\"position\":1,\"name\":\"In\u00edcio\",\"item\":\"https:\\\/\\\/lucaseletro.com.br\\\/\"},{\"@type\":\"ListItem\",\"position\":2,\"name\":\"Loja\",\"item\":\"https:\\\/\\\/lucaseletro.com.br\\\/?page_id=11\"},{\"@type\":\"ListItem\",\"position\":3,\"name\":\"COMODA ACP MOVEIS JESSICA BRANCO\"}]},{\"@type\":\"WebSite\",\"@id\":\"https:\\\/\\\/lucaseletro.com.br\\\/#website\",\"url\":\"https:\\\/\\\/lucaseletro.com.br\\\/\",\"name\":\"Lucas Eletro\",\"description\":\"Realizando seus sonhos\",\"publisher\":{\"@id\":\"https:\\\/\\\/lucaseletro.com.br\\\/#organization\"},\"alternateName\":\"Lucas Eletro\",\"potentialAction\":[{\"@type\":\"SearchAction\",\"target\":{\"@type\":\"EntryPoint\",\"urlTemplate\":\"https:\\\/\\\/lucaseletro.com.br\\\/?s={search_term_string}\"},\"query-input\":{\"@type\":\"PropertyValueSpecification\",\"valueRequired\":true,\"valueName\":\"search_term_string\"}}],\"inLanguage\":\"pt-BR\"},{\"@type\":\"Organization\",\"@id\":\"https:\\\/\\\/lucaseletro.com.br\\\/#organization\",\"name\":\"Lucas Eletro\",\"alternateName\":\"Lucas Eletro\",\"url\":\"https:\\\/\\\/lucaseletro.com.br\\\/\",\"logo\":{\"@type\":\"ImageObject\",\"inLanguage\":\"pt-BR\",\"@id\":\"https:\\\/\\\/lucaseletro.com.br\\\/#\\\/schema\\\/logo\\\/image\\\/\",\"url\":\"https:\\\/\\\/lucaseletro.com.br\\\/wp-content\\\/uploads\\\/2024\\\/08\\\/Logo-WebP.webp\",\"contentUrl\":\"https:\\\/\\\/lucaseletro.com.br\\\/wp-content\\\/uploads\\\/2024\\\/08\\\/Logo-WebP.webp\",\"width\":1366,\"height\":457,\"caption\":\"Lucas Eletro\"},\"image\":{\"@id\":\"https:\\\/\\\/lucaseletro.com.br\\\/#\\\/schema\\\/logo\\\/image\\\/\"},\"sameAs\":[\"https:\\\/\\\/www.facebook.com\\\/lucas.eletro.71\"]}]}<\/script>\n<meta property=\"product:price:amount\" content=\"349.00\" \/>\n<meta property=\"product:price:currency\" content=\"BRL\" \/>\n<meta property=\"og:availability\" content=\"instock\" \/>\n<meta property=\"product:availability\" content=\"instock\" \/>\n<meta property=\"product:condition\" content=\"new\" \/>\n<!-- \/ Yoast SEO Premium plugin. -->","yoast_head_json":{"title":"COMODA ACP MOVEIS JESSICA BRANCO - Lucas Eletro","robots":{"index":"index","follow":"follow","max-snippet":"max-snippet:-1","max-image-preview":"max-image-preview:large","max-video-preview":"max-video-preview:-1"},"canonical":"https:\/\/lucaseletro.com.br\/?product=comoda-acp-moveis-jessica-branco","og_locale":"pt_BR","og_type":"article","og_title":"COMODA ACP MOVEIS JESSICA BRANCO - &#82;&#36;349,00 - Lucas Eletro","og_description":"Informa\u00e7\u00f5es do Produto Comoda 4 gavetas 100% MDF J\u00e9ssica ACP M\u00f3veis Branco  A c\u00f4moda Jessica \u00e9 uma pe\u00e7a de mobili\u00e1rio elegante e funcional, projetada para atender \u00e0s necessidades de organiza\u00e7\u00e3o e decora\u00e7\u00e3o do ambiente. Fabricada com materiais de alta qualidade, a sua estrutura principal \u00e9 constru\u00edda em MDF de 12mm, o que garante resist\u00eancia e durabilidade ao produto.O fundo da c\u00f4moda tamb\u00e9m \u00e9 produzido em MDF, por\u00e9m com espessura de 2,5mm, oferecendo uma base s\u00f3lida para os objetos que ser\u00e3o armazenados nas gavetas. Essas, por sua vez, deslizam suavemente por meio de corredi\u00e7as pl\u00e1sticas, proporcionando um manuseio f\u00e1cil e seguro.Os puxadores cromados s\u00e3o um diferencial est\u00e9tico da c\u00f4moda Jessica, conferindo um toque de sofistica\u00e7\u00e3o e eleg\u00e2ncia ao m\u00f3vel. Eles s\u00e3o firmemente fixados \u00e0 superf\u00edcie das gavetas, permitindo que sejam utilizados com seguran\u00e7a e conforto.Com um design moderno e funcional, a c\u00f4moda Jessica \u00e9 uma escolha ideal para quem busca um m\u00f3vel pr\u00e1tico e elegante para compor a decora\u00e7\u00e3o do quarto, oferecendo praticidade e estilo em um \u00fanico produto.          TIPO DE CORREDI\u00c7AS     Corredi\u00e7as Plasticas       Portas     N\u00e3o       Garantia     3 Meses       Possui gavetas     Sim       Cor     Branco       Quantidade de Portas     0 Portas       Informa\u00e7\u00f5es complementares     Cor Branco   Gavetas 4 gavetas   Marca ACP M\u00f3veis   Material da Estrutura MDF   Modelo J\u00e9ssica   Quantidade de Gavetas 4","og_url":"https:\/\/lucaseletro.com.br\/?product=comoda-acp-moveis-jessica-branco","og_site_name":"Lucas Eletro","article_publisher":"https:\/\/www.facebook.com\/lucas.eletro.71","article_modified_time":"2025-08-27T13:57:21+00:00","og_image":[{"width":560,"height":560,"url":"https:\/\/lucaseletro.com.br\/wp-content\/uploads\/2024\/07\/787bed86d8da8a67bb06b694261f0303.webp","type":"image\/webp"}],"twitter_card":"summary_large_image","twitter_misc":{"Pre\u00e7o":"&#82;&#36;349,00","Disponibilidade":"Em Estoque"},"schema":{"@context":"https:\/\/schema.org","@graph":[{"@type":"WebPage","@id":"https:\/\/lucaseletro.com.br\/?product=comoda-acp-moveis-jessica-branco","url":"https:\/\/lucaseletro.com.br\/?product=comoda-acp-moveis-jessica-branco","name":"COMODA ACP MOVEIS JESSICA BRANCO - Lucas Eletro","isPartOf":{"@id":"https:\/\/lucaseletro.com.br\/#website"},"primaryImageOfPage":{"@id":"https:\/\/lucaseletro.com.br\/?product=comoda-acp-moveis-jessica-branco#primaryimage"},"image":{"@id":"https:\/\/lucaseletro.com.br\/?product=comoda-acp-moveis-jessica-branco#primaryimage"},"thumbnailUrl":"https:\/\/lucaseletro.com.br\/wp-content\/uploads\/2024\/07\/787bed86d8da8a67bb06b694261f0303.webp","datePublished":"2024-07-30T19:52:27+00:00","dateModified":"2025-08-27T13:57:21+00:00","breadcrumb":{"@id":"https:\/\/lucaseletro.com.br\/?product=comoda-acp-moveis-jessica-branco#breadcrumb"},"inLanguage":"pt-BR","potentialAction":[{"@type":"ReadAction","target":["https:\/\/lucaseletro.com.br\/?product=comoda-acp-moveis-jessica-branco"]}]},{"@type":"ImageObject","inLanguage":"pt-BR","@id":"https:\/\/lucaseletro.com.br\/?product=comoda-acp-moveis-jessica-branco#primaryimage","url":"https:\/\/lucaseletro.com.br\/wp-content\/uploads\/2024\/07\/787bed86d8da8a67bb06b694261f0303.webp","contentUrl":"https:\/\/lucaseletro.com.br\/wp-content\/uploads\/2024\/07\/787bed86d8da8a67bb06b694261f0303.webp","width":560,"height":560},{"@type":"BreadcrumbList","@id":"https:\/\/lucaseletro.com.br\/?product=comoda-acp-moveis-jessica-branco#breadcrumb","itemListElement":[{"@type":"ListItem","position":1,"name":"In\u00edcio","item":"https:\/\/lucaseletro.com.br\/"},{"@type":"ListItem","position":2,"name":"Loja","item":"https:\/\/lucaseletro.com.br\/?page_id=11"},{"@type":"ListItem","position":3,"name":"COMODA ACP MOVEIS JESSICA BRANCO"}]},{"@type":"WebSite","@id":"https:\/\/lucaseletro.com.br\/#website","url":"https:\/\/lucaseletro.com.br\/","name":"Lucas Eletro","description":"Realizando seus sonhos","publisher":{"@id":"https:\/\/lucaseletro.com.br\/#organization"},"alternateName":"Lucas Eletro","potentialAction":[{"@type":"SearchAction","target":{"@type":"EntryPoint","urlTemplate":"https:\/\/lucaseletro.com.br\/?s={search_term_string}"},"query-input":{"@type":"PropertyValueSpecification","valueRequired":true,"valueName":"search_term_string"}}],"inLanguage":"pt-BR"},{"@type":"Organization","@id":"https:\/\/lucaseletro.com.br\/#organization","name":"Lucas Eletro","alternateName":"Lucas Eletro","url":"https:\/\/lucaseletro.com.br\/","logo":{"@type":"ImageObject","inLanguage":"pt-BR","@id":"https:\/\/lucaseletro.com.br\/#\/schema\/logo\/image\/","url":"https:\/\/lucaseletro.com.br\/wp-content\/uploads\/2024\/08\/Logo-WebP.webp","contentUrl":"https:\/\/lucaseletro.com.br\/wp-content\/uploads\/2024\/08\/Logo-WebP.webp","width":1366,"height":457,"caption":"Lucas Eletro"},"image":{"@id":"https:\/\/lucaseletro.com.br\/#\/schema\/logo\/image\/"},"sameAs":["https:\/\/www.facebook.com\/lucas.eletro.71"]}]},"product_price_amount":"349.00","product_price_currency":"BRL","og_availability":"instock","product_availability":"instock","product_condition":"new"},"_links":{"self":[{"href":"https:\/\/lucaseletro.com.br\/index.php?rest_route=\/wp\/v2\/product\/1225","targetHints":{"allow":["GET"]}}],"collection":[{"href":"https:\/\/lucaseletro.com.br\/index.php?rest_route=\/wp\/v2\/product"}],"about":[{"href":"https:\/\/lucaseletro.com.br\/index.php?rest_route=\/wp\/v2\/types\/product"}],"replies":[{"embeddable":true,"href":"https:\/\/lucaseletro.com.br\/index.php?rest_route=%2Fwp%2Fv2%2Fcomments&post=1225"}],"wp:featuredmedia":[{"embeddable":true,"href":"https:\/\/lucaseletro.com.br\/index.php?rest_route=\/wp\/v2\/media\/4171"}],"wp:attachment":[{"href":"https:\/\/lucaseletro.com.br\/index.php?rest_route=%2Fwp%2Fv2%2Fmedia&parent=1225"}],"wp:term":[{"taxonomy":"product_brand","embeddable":true,"href":"https:\/\/lucaseletro.com.br\/index.php?rest_route=%2Fwp%2Fv2%2Fproduct_brand&post=1225"},{"taxonomy":"product_cat","embeddable":true,"href":"https:\/\/lucaseletro.com.br\/index.php?rest_route=%2Fwp%2Fv2%2Fproduct_cat&post=1225"},{"taxonomy":"product_tag","embeddable":true,"href":"https:\/\/lucaseletro.com.br\/index.php?rest_route=%2Fwp%2Fv2%2Fproduct_tag&post=1225"}],"curies":[{"name":"wp","href":"https:\/\/api.w.org\/{rel}","templated":true}]}}