{"id":1445,"date":"2024-07-30T16:52:50","date_gmt":"2024-07-30T19:52:50","guid":{"rendered":"https:\/\/lucaseletro.com.br\/product\/roupeiro-valverde-gramado-06-portas-cinamomo-off-white\/"},"modified":"2025-08-21T09:12:44","modified_gmt":"2025-08-21T12:12:44","slug":"roupeiro-valverde-gramado-06-portas-cinamomo-off-white","status":"publish","type":"product","link":"https:\/\/lucaseletro.com.br\/?product=roupeiro-valverde-gramado-06-portas-cinamomo-off-white","title":{"rendered":"ROUPEIRO VALVERDE GRAMADO 06 PORTAS CINAMOMO\/OFF WHITE"},"content":{"rendered":"<div class=\"dsvia-flex css-gcwweu\" data-testid=\"dsvia-base-div\">\n<p class=\"dsvia-text css-1h0g75a\" data-testid=\"product-info-name\">Descri\u00e7\u00e3o do produto<\/p>\n<\/div>\n<div id=\"product-description-wrapper\" class=\"css-6z2x0s\">\n<div id=\"product-special-content-partner\">\n<div class=\"css-15q1kby epwcbru0\" data-component=\"special-content\" data-version=\"1.0.0-3\"><\/div>\n<\/div>\n<div>\n<div id=\"product-description\">\n<p>Guarda Roupa Gramado Plus 6 Portas Valverde<\/p>\n<p>Caracter\u00edsticas do Produto:<br \/>\nMarca: Valverde<br \/>\nModelo: Gramado Plus<br \/>\nMaterial: 100 em MDF<br \/>\nCorredi\u00e7as telesc\u00f3picas<br \/>\nCabideiro e trilho inferior em alum\u00ednio<br \/>\nKit p\u00e9s opcionais<br \/>\nPuxadores em MDP.<\/p>\n<p>Dimens\u00f5es do Produto:<br \/>\nAltura: 230 cm<br \/>\nLargura: 273 cm<br \/>\nProfundidade: 52 cm<br \/>\nPeso: 135 kg<\/p>\n<p>Garantia do Fabricante: 3 meses.<\/p>\n<\/div>\n<\/div>\n<\/div>\n","protected":false},"excerpt":{"rendered":"<div class=\"dsvia-flex css-gcwweu\" data-testid=\"dsvia-base-div\">\n<p class=\"dsvia-text css-1h0g75a\" data-testid=\"product-info-name\">Descri\u00e7\u00e3o do produto<\/p>\n<\/div>\n<div id=\"product-description-wrapper\" class=\"css-6z2x0s\">\n<div id=\"product-special-content-partner\">\n<div class=\"css-15q1kby epwcbru0\" data-component=\"special-content\" data-version=\"1.0.0-3\"><\/div>\n<\/div>\n<div>\n<div id=\"product-description\">\n<p>Guarda Roupa Gramado Plus 6 Portas Valverde<\/p>\n<p>Caracter\u00edsticas do Produto:<br \/>\nMarca: Valverde<br \/>\nModelo: Gramado Plus<br \/>\nMaterial: 100 em MDF<br \/>\nCorredi\u00e7as telesc\u00f3picas<br \/>\nCabideiro e trilho inferior em alum\u00ednio<br \/>\nKit p\u00e9s opcionais<br \/>\nPuxadores em MDP.<\/p>\n<p>Dimens\u00f5es do Produto:<br \/>\nAltura: 230 cm<br \/>\nLargura: 273 cm<br \/>\nProfundidade: 52 cm<br \/>\nPeso: 135 kg<\/p>\n<p>Garantia do Fabricante: 3 meses.<\/p>\n<\/div>\n<\/div>\n<\/div>\n","protected":false},"featured_media":3845,"comment_status":"open","ping_status":"closed","template":"","meta":[],"product_brand":[],"product_cat":[72,78,71,15],"product_tag":[],"class_list":{"0":"post-1445","1":"product","2":"type-product","3":"status-publish","4":"has-post-thumbnail","6":"product_cat-guarda-roupas","7":"product_cat-quartos","8":"product_cat-roupeiro","9":"product_cat-semcategoria","11":"first","12":"instock","13":"shipping-taxable","14":"purchasable","15":"product-type-simple"},"yoast_head":"<!-- This site is optimized with the Yoast SEO Premium plugin v23.3 (Yoast SEO v27.4) - https:\/\/yoast.com\/product\/yoast-seo-premium-wordpress\/ -->\n<title>ROUPEIRO VALVERDE GRAMADO 06 PORTAS CINAMOMO\/OFF WHITE - Lucas Eletro<\/title>\n<meta name=\"description\" content=\"Guarda Roupa Gramado Plus 6 Portas Valverde\" \/>\n<meta name=\"robots\" content=\"index, follow, max-snippet:-1, max-image-preview:large, max-video-preview:-1\" \/>\n<link rel=\"canonical\" href=\"https:\/\/lucaseletro.com.br\/?product=roupeiro-valverde-gramado-06-portas-cinamomo-off-white\" \/>\n<meta property=\"og:locale\" content=\"pt_BR\" \/>\n<meta property=\"og:type\" content=\"article\" \/>\n<meta property=\"og:title\" content=\"ROUPEIRO VALVERDE GRAMADO 06 PORTAS CINAMOMO\/OFF WHITE - &#082;&#036;2.399,00 - Lucas Eletro\" \/>\n<meta property=\"og:description\" content=\"Descri\u00e7\u00e3o do produto          Guarda Roupa Gramado Plus 6 Portas Valverde  Caracter\u00edsticas do Produto: Marca: Valverde Modelo: Gramado Plus Material: 100 em MDF Corredi\u00e7as telesc\u00f3picas Cabideiro e trilho inferior em alum\u00ednio Kit p\u00e9s opcionais Puxadores em MDP.  Dimens\u00f5es do Produto: Altura: 230 cm Largura: 273 cm Profundidade: 52 cm Peso: 135 kg  Garantia do Fabricante: 3 meses.\" \/>\n<meta property=\"og:url\" content=\"https:\/\/lucaseletro.com.br\/?product=roupeiro-valverde-gramado-06-portas-cinamomo-off-white\" \/>\n<meta property=\"og:site_name\" content=\"Lucas Eletro\" \/>\n<meta property=\"article:publisher\" content=\"https:\/\/www.facebook.com\/lucas.eletro.71\" \/>\n<meta property=\"article:modified_time\" content=\"2025-08-21T12:12:44+00:00\" \/>\n<meta property=\"og:image\" content=\"https:\/\/lucaseletro.com.br\/wp-content\/uploads\/2024\/07\/fbf907ec-d2f6-420a-b173-24d2132c55cc906d2fefstandardresolution.webp\" \/>\n\t<meta property=\"og:image:width\" content=\"700\" \/>\n\t<meta property=\"og:image:height\" content=\"700\" \/>\n\t<meta property=\"og:image:type\" content=\"image\/webp\" \/>\n<meta name=\"twitter:card\" content=\"summary_large_image\" \/>\n<meta name=\"twitter:label1\" content=\"Pre\u00e7o\" \/>\n\t<meta name=\"twitter:data1\" content=\"&#082;&#036;2.399,00\" \/>\n\t<meta name=\"twitter:label2\" content=\"Disponibilidade\" \/>\n\t<meta name=\"twitter:data2\" content=\"Em Estoque\" \/>\n<script type=\"application\/ld+json\" class=\"yoast-schema-graph\">{\"@context\":\"https:\\\/\\\/schema.org\",\"@graph\":[{\"@type\":\"WebPage\",\"@id\":\"https:\\\/\\\/lucaseletro.com.br\\\/?product=roupeiro-valverde-gramado-06-portas-cinamomo-off-white\",\"url\":\"https:\\\/\\\/lucaseletro.com.br\\\/?product=roupeiro-valverde-gramado-06-portas-cinamomo-off-white\",\"name\":\"ROUPEIRO VALVERDE GRAMADO 06 PORTAS CINAMOMO\\\/OFF WHITE - Lucas Eletro\",\"isPartOf\":{\"@id\":\"https:\\\/\\\/lucaseletro.com.br\\\/#website\"},\"primaryImageOfPage\":{\"@id\":\"https:\\\/\\\/lucaseletro.com.br\\\/?product=roupeiro-valverde-gramado-06-portas-cinamomo-off-white#primaryimage\"},\"image\":{\"@id\":\"https:\\\/\\\/lucaseletro.com.br\\\/?product=roupeiro-valverde-gramado-06-portas-cinamomo-off-white#primaryimage\"},\"thumbnailUrl\":\"https:\\\/\\\/lucaseletro.com.br\\\/wp-content\\\/uploads\\\/2024\\\/07\\\/fbf907ec-d2f6-420a-b173-24d2132c55cc906d2fefstandardresolution.webp\",\"datePublished\":\"2024-07-30T19:52:50+00:00\",\"dateModified\":\"2025-08-21T12:12:44+00:00\",\"description\":\"Guarda Roupa Gramado Plus 6 Portas Valverde\",\"breadcrumb\":{\"@id\":\"https:\\\/\\\/lucaseletro.com.br\\\/?product=roupeiro-valverde-gramado-06-portas-cinamomo-off-white#breadcrumb\"},\"inLanguage\":\"pt-BR\",\"potentialAction\":[{\"@type\":\"ReadAction\",\"target\":[\"https:\\\/\\\/lucaseletro.com.br\\\/?product=roupeiro-valverde-gramado-06-portas-cinamomo-off-white\"]}]},{\"@type\":\"ImageObject\",\"inLanguage\":\"pt-BR\",\"@id\":\"https:\\\/\\\/lucaseletro.com.br\\\/?product=roupeiro-valverde-gramado-06-portas-cinamomo-off-white#primaryimage\",\"url\":\"https:\\\/\\\/lucaseletro.com.br\\\/wp-content\\\/uploads\\\/2024\\\/07\\\/fbf907ec-d2f6-420a-b173-24d2132c55cc906d2fefstandardresolution.webp\",\"contentUrl\":\"https:\\\/\\\/lucaseletro.com.br\\\/wp-content\\\/uploads\\\/2024\\\/07\\\/fbf907ec-d2f6-420a-b173-24d2132c55cc906d2fefstandardresolution.webp\",\"width\":700,\"height\":700},{\"@type\":\"BreadcrumbList\",\"@id\":\"https:\\\/\\\/lucaseletro.com.br\\\/?product=roupeiro-valverde-gramado-06-portas-cinamomo-off-white#breadcrumb\",\"itemListElement\":[{\"@type\":\"ListItem\",\"position\":1,\"name\":\"In\u00edcio\",\"item\":\"https:\\\/\\\/lucaseletro.com.br\\\/\"},{\"@type\":\"ListItem\",\"position\":2,\"name\":\"Loja\",\"item\":\"https:\\\/\\\/lucaseletro.com.br\\\/?page_id=11\"},{\"@type\":\"ListItem\",\"position\":3,\"name\":\"ROUPEIRO VALVERDE GRAMADO 06 PORTAS CINAMOMO\\\/OFF WHITE\"}]},{\"@type\":\"WebSite\",\"@id\":\"https:\\\/\\\/lucaseletro.com.br\\\/#website\",\"url\":\"https:\\\/\\\/lucaseletro.com.br\\\/\",\"name\":\"Lucas Eletro\",\"description\":\"Realizando seus sonhos\",\"publisher\":{\"@id\":\"https:\\\/\\\/lucaseletro.com.br\\\/#organization\"},\"alternateName\":\"Lucas Eletro\",\"potentialAction\":[{\"@type\":\"SearchAction\",\"target\":{\"@type\":\"EntryPoint\",\"urlTemplate\":\"https:\\\/\\\/lucaseletro.com.br\\\/?s={search_term_string}\"},\"query-input\":{\"@type\":\"PropertyValueSpecification\",\"valueRequired\":true,\"valueName\":\"search_term_string\"}}],\"inLanguage\":\"pt-BR\"},{\"@type\":\"Organization\",\"@id\":\"https:\\\/\\\/lucaseletro.com.br\\\/#organization\",\"name\":\"Lucas Eletro\",\"alternateName\":\"Lucas Eletro\",\"url\":\"https:\\\/\\\/lucaseletro.com.br\\\/\",\"logo\":{\"@type\":\"ImageObject\",\"inLanguage\":\"pt-BR\",\"@id\":\"https:\\\/\\\/lucaseletro.com.br\\\/#\\\/schema\\\/logo\\\/image\\\/\",\"url\":\"https:\\\/\\\/lucaseletro.com.br\\\/wp-content\\\/uploads\\\/2024\\\/08\\\/Logo-WebP.webp\",\"contentUrl\":\"https:\\\/\\\/lucaseletro.com.br\\\/wp-content\\\/uploads\\\/2024\\\/08\\\/Logo-WebP.webp\",\"width\":1366,\"height\":457,\"caption\":\"Lucas Eletro\"},\"image\":{\"@id\":\"https:\\\/\\\/lucaseletro.com.br\\\/#\\\/schema\\\/logo\\\/image\\\/\"},\"sameAs\":[\"https:\\\/\\\/www.facebook.com\\\/lucas.eletro.71\"]}]}<\/script>\n<meta property=\"product:price:amount\" content=\"2399.00\" \/>\n<meta property=\"product:price:currency\" content=\"BRL\" \/>\n<meta property=\"og:availability\" content=\"instock\" \/>\n<meta property=\"product:availability\" content=\"instock\" \/>\n<meta property=\"product:condition\" content=\"new\" \/>\n<!-- \/ Yoast SEO Premium plugin. -->","yoast_head_json":{"title":"ROUPEIRO VALVERDE GRAMADO 06 PORTAS CINAMOMO\/OFF WHITE - Lucas Eletro","description":"Guarda Roupa Gramado Plus 6 Portas Valverde","robots":{"index":"index","follow":"follow","max-snippet":"max-snippet:-1","max-image-preview":"max-image-preview:large","max-video-preview":"max-video-preview:-1"},"canonical":"https:\/\/lucaseletro.com.br\/?product=roupeiro-valverde-gramado-06-portas-cinamomo-off-white","og_locale":"pt_BR","og_type":"article","og_title":"ROUPEIRO VALVERDE GRAMADO 06 PORTAS CINAMOMO\/OFF WHITE - &#82;&#36;2.399,00 - Lucas Eletro","og_description":"Descri\u00e7\u00e3o do produto          Guarda Roupa Gramado Plus 6 Portas Valverde  Caracter\u00edsticas do Produto: Marca: Valverde Modelo: Gramado Plus Material: 100 em MDF Corredi\u00e7as telesc\u00f3picas Cabideiro e trilho inferior em alum\u00ednio Kit p\u00e9s opcionais Puxadores em MDP.  Dimens\u00f5es do Produto: Altura: 230 cm Largura: 273 cm Profundidade: 52 cm Peso: 135 kg  Garantia do Fabricante: 3 meses.","og_url":"https:\/\/lucaseletro.com.br\/?product=roupeiro-valverde-gramado-06-portas-cinamomo-off-white","og_site_name":"Lucas Eletro","article_publisher":"https:\/\/www.facebook.com\/lucas.eletro.71","article_modified_time":"2025-08-21T12:12:44+00:00","og_image":[{"width":700,"height":700,"url":"https:\/\/lucaseletro.com.br\/wp-content\/uploads\/2024\/07\/fbf907ec-d2f6-420a-b173-24d2132c55cc906d2fefstandardresolution.webp","type":"image\/webp"}],"twitter_card":"summary_large_image","twitter_misc":{"Pre\u00e7o":"&#82;&#36;2.399,00","Disponibilidade":"Em Estoque"},"schema":{"@context":"https:\/\/schema.org","@graph":[{"@type":"WebPage","@id":"https:\/\/lucaseletro.com.br\/?product=roupeiro-valverde-gramado-06-portas-cinamomo-off-white","url":"https:\/\/lucaseletro.com.br\/?product=roupeiro-valverde-gramado-06-portas-cinamomo-off-white","name":"ROUPEIRO VALVERDE GRAMADO 06 PORTAS CINAMOMO\/OFF WHITE - Lucas Eletro","isPartOf":{"@id":"https:\/\/lucaseletro.com.br\/#website"},"primaryImageOfPage":{"@id":"https:\/\/lucaseletro.com.br\/?product=roupeiro-valverde-gramado-06-portas-cinamomo-off-white#primaryimage"},"image":{"@id":"https:\/\/lucaseletro.com.br\/?product=roupeiro-valverde-gramado-06-portas-cinamomo-off-white#primaryimage"},"thumbnailUrl":"https:\/\/lucaseletro.com.br\/wp-content\/uploads\/2024\/07\/fbf907ec-d2f6-420a-b173-24d2132c55cc906d2fefstandardresolution.webp","datePublished":"2024-07-30T19:52:50+00:00","dateModified":"2025-08-21T12:12:44+00:00","description":"Guarda Roupa Gramado Plus 6 Portas Valverde","breadcrumb":{"@id":"https:\/\/lucaseletro.com.br\/?product=roupeiro-valverde-gramado-06-portas-cinamomo-off-white#breadcrumb"},"inLanguage":"pt-BR","potentialAction":[{"@type":"ReadAction","target":["https:\/\/lucaseletro.com.br\/?product=roupeiro-valverde-gramado-06-portas-cinamomo-off-white"]}]},{"@type":"ImageObject","inLanguage":"pt-BR","@id":"https:\/\/lucaseletro.com.br\/?product=roupeiro-valverde-gramado-06-portas-cinamomo-off-white#primaryimage","url":"https:\/\/lucaseletro.com.br\/wp-content\/uploads\/2024\/07\/fbf907ec-d2f6-420a-b173-24d2132c55cc906d2fefstandardresolution.webp","contentUrl":"https:\/\/lucaseletro.com.br\/wp-content\/uploads\/2024\/07\/fbf907ec-d2f6-420a-b173-24d2132c55cc906d2fefstandardresolution.webp","width":700,"height":700},{"@type":"BreadcrumbList","@id":"https:\/\/lucaseletro.com.br\/?product=roupeiro-valverde-gramado-06-portas-cinamomo-off-white#breadcrumb","itemListElement":[{"@type":"ListItem","position":1,"name":"In\u00edcio","item":"https:\/\/lucaseletro.com.br\/"},{"@type":"ListItem","position":2,"name":"Loja","item":"https:\/\/lucaseletro.com.br\/?page_id=11"},{"@type":"ListItem","position":3,"name":"ROUPEIRO VALVERDE GRAMADO 06 PORTAS CINAMOMO\/OFF WHITE"}]},{"@type":"WebSite","@id":"https:\/\/lucaseletro.com.br\/#website","url":"https:\/\/lucaseletro.com.br\/","name":"Lucas Eletro","description":"Realizando seus sonhos","publisher":{"@id":"https:\/\/lucaseletro.com.br\/#organization"},"alternateName":"Lucas Eletro","potentialAction":[{"@type":"SearchAction","target":{"@type":"EntryPoint","urlTemplate":"https:\/\/lucaseletro.com.br\/?s={search_term_string}"},"query-input":{"@type":"PropertyValueSpecification","valueRequired":true,"valueName":"search_term_string"}}],"inLanguage":"pt-BR"},{"@type":"Organization","@id":"https:\/\/lucaseletro.com.br\/#organization","name":"Lucas Eletro","alternateName":"Lucas Eletro","url":"https:\/\/lucaseletro.com.br\/","logo":{"@type":"ImageObject","inLanguage":"pt-BR","@id":"https:\/\/lucaseletro.com.br\/#\/schema\/logo\/image\/","url":"https:\/\/lucaseletro.com.br\/wp-content\/uploads\/2024\/08\/Logo-WebP.webp","contentUrl":"https:\/\/lucaseletro.com.br\/wp-content\/uploads\/2024\/08\/Logo-WebP.webp","width":1366,"height":457,"caption":"Lucas Eletro"},"image":{"@id":"https:\/\/lucaseletro.com.br\/#\/schema\/logo\/image\/"},"sameAs":["https:\/\/www.facebook.com\/lucas.eletro.71"]}]},"product_price_amount":"2399.00","product_price_currency":"BRL","og_availability":"instock","product_availability":"instock","product_condition":"new"},"_links":{"self":[{"href":"https:\/\/lucaseletro.com.br\/index.php?rest_route=\/wp\/v2\/product\/1445","targetHints":{"allow":["GET"]}}],"collection":[{"href":"https:\/\/lucaseletro.com.br\/index.php?rest_route=\/wp\/v2\/product"}],"about":[{"href":"https:\/\/lucaseletro.com.br\/index.php?rest_route=\/wp\/v2\/types\/product"}],"replies":[{"embeddable":true,"href":"https:\/\/lucaseletro.com.br\/index.php?rest_route=%2Fwp%2Fv2%2Fcomments&post=1445"}],"wp:featuredmedia":[{"embeddable":true,"href":"https:\/\/lucaseletro.com.br\/index.php?rest_route=\/wp\/v2\/media\/3845"}],"wp:attachment":[{"href":"https:\/\/lucaseletro.com.br\/index.php?rest_route=%2Fwp%2Fv2%2Fmedia&parent=1445"}],"wp:term":[{"taxonomy":"product_brand","embeddable":true,"href":"https:\/\/lucaseletro.com.br\/index.php?rest_route=%2Fwp%2Fv2%2Fproduct_brand&post=1445"},{"taxonomy":"product_cat","embeddable":true,"href":"https:\/\/lucaseletro.com.br\/index.php?rest_route=%2Fwp%2Fv2%2Fproduct_cat&post=1445"},{"taxonomy":"product_tag","embeddable":true,"href":"https:\/\/lucaseletro.com.br\/index.php?rest_route=%2Fwp%2Fv2%2Fproduct_tag&post=1445"}],"curies":[{"name":"wp","href":"https:\/\/api.w.org\/{rel}","templated":true}]}}