{"id":1626,"date":"2024-07-30T16:53:11","date_gmt":"2024-07-30T19:53:11","guid":{"rendered":"https:\/\/lucaseletro.com.br\/product\/multi-uso-valdemoveis-asteca-cinamomo\/"},"modified":"2025-01-17T10:38:13","modified_gmt":"2025-01-17T13:38:13","slug":"multi-uso-valdemoveis-asteca-cinamomo","status":"publish","type":"product","link":"https:\/\/lucaseletro.com.br\/?product=multi-uso-valdemoveis-asteca-cinamomo","title":{"rendered":"MULTI USO VALDEMOVEIS ASTECA CINAMOMO"},"content":{"rendered":"<div class=\"sc-iGgWBj hZQAA-D sc-eXGDq kpdabD\" data-testid=\"product-detail\">\n<h2 class=\"sc-dcJsrY iVJGKX\" data-testid=\"product-detail-label\">Informa\u00e7\u00f5es do Produto<\/h2>\n<p><span class=\"sc-dcJsrY jZKEso\" data-testid=\"product-detail-title\">Arm\u00e1rio Multiuso 2 Portas Asteca Valdem\u00f3veis Cinamomo<\/span><\/p>\n<div class=\"sc-iGgWBj jEOEJZ sc-kvhRQD fvxRtG\" data-testid=\"product-detail-description\">\n<div class=\"sc-iGgWBj eWtIHQ sc-dheTV SgRbI\" data-testid=\"rich-content-container\">\n<p>Altura<br \/>\n190 cm<\/p>\n<p>Largura<br \/>\n63 cm<\/p>\n<p>Profundidade<br \/>\n40 cm<\/p>\n<p>Peso<br \/>\n43,6 Kg<\/p>\n<p>Mat\u00e9ria Prima<br \/>\nMDF\/MDP<\/p>\n<p>Tipo de Pintura<br \/>\nUV<\/p>\n<p>Cor Interna<br \/>\nBranco<\/p>\n<p>Prazo de Garantia<br \/>\n3 meses contra defeitos de fabrica\u00e7\u00e3o<\/p>\n<p>Possui Portas<br \/>\n2<\/p>\n<p>Forma de Abertura<br \/>\nBater<\/p>\n<p>Possui Chaves<br \/>\nSim<\/p>\n<p>Possui Gavetas<br \/>\nN\u00e3o<\/p>\n<p>Possui Prateleiras<br \/>\n5<\/p>\n<p>Possui P\u00e9s<br \/>\nSim<\/p>\n<p>Necessita de Montagem<br \/>\nSim<\/p>\n<p>Dica de Montagem<br \/>\nRecomendamos que a montagem seja feita por profissional de sua confian\u00e7a<\/p>\n<p>Recomenda\u00e7\u00f5es de Limpeza<br \/>\nUtilizar pano macio seco ou ligeiramente umedecido com \u00e1gua<\/p>\n<p>Informa\u00e7\u00f5es<br \/>\nOs objetos que ambientam as fotos n\u00e3o acompanham o produto<\/p>\n<\/div>\n<\/div>\n<\/div>\n<div class=\"sc-iGgWBj eWtIHQ\" data-testid=\"lazyload-container\">\n<div class=\"sc-bpUBKd iMekvN\" data-testid=\"mod-z\"><\/div>\n<\/div>\n<div class=\"sc-iGgWBj hODtov sc-fPsXlm ksBcoQ\">\n<table class=\"sc-iGgWBj iCEidV sc-cKXybt gPkAWR\">\n<tbody>\n<tr>\n<td class=\"sc-lgjHQU hdxXpk\">Informa\u00e7\u00f5es complementares<\/td>\n<td class=\"sc-fatcLD lonqAr\">\n<table class=\"sc-djTQaJ tqYrW\">\n<tbody>\n<tr>\n<td class=\"sc-cgjDci jDNPmy\">Cor<\/td>\n<td>Cinamomo<\/td>\n<\/tr>\n<tr>\n<td class=\"sc-cgjDci jDNPmy\">Estilo<\/td>\n<td>Asteca<\/td>\n<\/tr>\n<tr>\n<td class=\"sc-cgjDci jDNPmy\">Marca<\/td>\n<td><a class=\"sc-JrDLc gkEUmz sc-pKqro ORZPr sc-pKqro ORZPr\" href=\"https:\/\/www.magazineluiza.com.br\/marcas\/valdemoveis\/\" data-testid=\"link\">Valdem\u00f3veis<\/a><\/td>\n<\/tr>\n<tr>\n<td class=\"sc-cgjDci jDNPmy\">Material da Estrutura<\/td>\n<td>MDF\/MDP<\/td>\n<\/tr>\n<tr>\n<td class=\"sc-cgjDci jDNPmy\">Quantidade de Gavetas<\/td>\n<td>N\u00e3o<\/td>\n<\/tr>\n<tr>\n<td class=\"sc-cgjDci jDNPmy\">Quantidade de Portas<\/td>\n<td>2<\/td>\n<\/tr>\n<tr>\n<td class=\"sc-cgjDci jDNPmy\">Quantidade de Prateleiras<\/td>\n<td>5<\/td>\n<\/tr>\n<tr>\n<td class=\"sc-cgjDci jDNPmy\">Tipo<\/td>\n<td>Multiuso<\/td>\n<\/tr>\n<tr>\n<td class=\"sc-cgjDci jDNPmy\">Tipo de Porta<\/td>\n<td>Bater<\/td>\n<\/tr>\n<\/tbody>\n<\/table>\n<\/td>\n<\/tr>\n<\/tbody>\n<\/table>\n<\/div>\n","protected":false},"excerpt":{"rendered":"<div class=\"sc-iGgWBj hZQAA-D sc-eXGDq kpdabD\" data-testid=\"product-detail\">\n<h2 class=\"sc-dcJsrY iVJGKX\" data-testid=\"product-detail-label\">Informa\u00e7\u00f5es do Produto<\/h2>\n<p><span class=\"sc-dcJsrY jZKEso\" data-testid=\"product-detail-title\">Arm\u00e1rio Multiuso 2 Portas Asteca Valdem\u00f3veis Cinamomo<\/span><\/p>\n<div class=\"sc-iGgWBj jEOEJZ sc-kvhRQD fvxRtG\" data-testid=\"product-detail-description\">\n<div class=\"sc-iGgWBj eWtIHQ sc-dheTV SgRbI\" data-testid=\"rich-content-container\">\n<p>Altura<br \/>\n190 cm<\/p>\n<p>Largura<br \/>\n63 cm<\/p>\n<p>Profundidade<br \/>\n40 cm<\/p>\n<p>Peso<br \/>\n43,6 Kg<\/p>\n<p>Mat\u00e9ria Prima<br \/>\nMDF\/MDP<\/p>\n<p>Tipo de Pintura<br \/>\nUV<\/p>\n<p>Cor Interna<br \/>\nBranco<\/p>\n<p>Prazo de Garantia<br \/>\n3 meses contra defeitos de fabrica\u00e7\u00e3o<\/p>\n<p>Possui Portas<br \/>\n2<\/p>\n<p>Forma de Abertura<br \/>\nBater<\/p>\n<p>Possui Chaves<br \/>\nSim<\/p>\n<p>Possui Gavetas<br \/>\nN\u00e3o<\/p>\n<p>Possui Prateleiras<br \/>\n5<\/p>\n<p>Possui P\u00e9s<br \/>\nSim<\/p>\n<p>Necessita de Montagem<br \/>\nSim<\/p>\n<p>Dica de Montagem<br \/>\nRecomendamos que a montagem seja feita por profissional de sua confian\u00e7a<\/p>\n<p>Recomenda\u00e7\u00f5es de Limpeza<br \/>\nUtilizar pano macio seco ou ligeiramente umedecido com \u00e1gua<\/p>\n<p>Informa\u00e7\u00f5es<br \/>\nOs objetos que ambientam as fotos n\u00e3o acompanham o produto<\/p>\n<\/div>\n<\/div>\n<\/div>\n<div class=\"sc-iGgWBj eWtIHQ\" data-testid=\"lazyload-container\">\n<div class=\"sc-bpUBKd iMekvN\" data-testid=\"mod-z\"><\/div>\n<\/div>\n<div class=\"sc-iGgWBj hODtov sc-fPsXlm ksBcoQ\">\n<table class=\"sc-iGgWBj iCEidV sc-cKXybt gPkAWR\">\n<tbody>\n<tr>\n<td class=\"sc-lgjHQU hdxXpk\">Informa\u00e7\u00f5es complementares<\/td>\n<td class=\"sc-fatcLD lonqAr\">\n<table class=\"sc-djTQaJ tqYrW\">\n<tbody>\n<tr>\n<td class=\"sc-cgjDci jDNPmy\">Cor<\/td>\n<td>Cinamomo<\/td>\n<\/tr>\n<tr>\n<td class=\"sc-cgjDci jDNPmy\">Estilo<\/td>\n<td>Asteca<\/td>\n<\/tr>\n<tr>\n<td class=\"sc-cgjDci jDNPmy\">Marca<\/td>\n<td><a class=\"sc-JrDLc gkEUmz sc-pKqro ORZPr sc-pKqro ORZPr\" href=\"https:\/\/www.magazineluiza.com.br\/marcas\/valdemoveis\/\" data-testid=\"link\">Valdem\u00f3veis<\/a><\/td>\n<\/tr>\n<tr>\n<td class=\"sc-cgjDci jDNPmy\">Material da Estrutura<\/td>\n<td>MDF\/MDP<\/td>\n<\/tr>\n<tr>\n<td class=\"sc-cgjDci jDNPmy\">Quantidade de Gavetas<\/td>\n<td>N\u00e3o<\/td>\n<\/tr>\n<tr>\n<td class=\"sc-cgjDci jDNPmy\">Quantidade de Portas<\/td>\n<td>2<\/td>\n<\/tr>\n<tr>\n<td class=\"sc-cgjDci jDNPmy\">Quantidade de Prateleiras<\/td>\n<td>5<\/td>\n<\/tr>\n<tr>\n<td class=\"sc-cgjDci jDNPmy\">Tipo<\/td>\n<td>Multiuso<\/td>\n<\/tr>\n<tr>\n<td class=\"sc-cgjDci jDNPmy\">Tipo de Porta<\/td>\n<td>Bater<\/td>\n<\/tr>\n<\/tbody>\n<\/table>\n<\/td>\n<\/tr>\n<\/tbody>\n<\/table>\n<\/div>\n","protected":false},"featured_media":3925,"comment_status":"open","ping_status":"closed","template":"","meta":[],"product_brand":[],"product_cat":[72,78,71],"product_tag":[],"class_list":{"0":"post-1626","1":"product","2":"type-product","3":"status-publish","4":"has-post-thumbnail","6":"product_cat-guarda-roupas","7":"product_cat-quartos","8":"product_cat-roupeiro","10":"first","11":"outofstock","12":"shipping-taxable","13":"purchasable","14":"product-type-simple"},"yoast_head":"<!-- This site is optimized with the Yoast SEO Premium plugin v23.3 (Yoast SEO v27.4) - https:\/\/yoast.com\/product\/yoast-seo-premium-wordpress\/ -->\n<title>MULTI USO VALDEMOVEIS ASTECA CINAMOMO - Lucas Eletro<\/title>\n<meta name=\"description\" content=\"Arm\u00e1rio Multiuso 2 Portas Asteca Valdem\u00f3veis Cinamomo\" \/>\n<meta name=\"robots\" content=\"index, follow, max-snippet:-1, max-image-preview:large, max-video-preview:-1\" \/>\n<link rel=\"canonical\" href=\"https:\/\/lucaseletro.com.br\/?product=multi-uso-valdemoveis-asteca-cinamomo\" \/>\n<meta property=\"og:locale\" content=\"pt_BR\" \/>\n<meta property=\"og:type\" content=\"article\" \/>\n<meta property=\"og:title\" content=\"MULTI USO VALDEMOVEIS ASTECA CINAMOMO - &#082;&#036;399,00 - Lucas Eletro\" \/>\n<meta property=\"og:description\" content=\"Informa\u00e7\u00f5es do Produto Arm\u00e1rio Multiuso 2 Portas Asteca Valdem\u00f3veis Cinamomo     Altura 190 cm   Largura 63 cm   Profundidade 40 cm   Peso 43,6 Kg   Mat\u00e9ria Prima MDF\/MDP   Tipo de Pintura UV   Cor Interna Branco   Prazo de Garantia 3 meses contra defeitos de fabrica\u00e7\u00e3o   Possui Portas 2   Forma de Abertura Bater   Possui Chaves Sim   Possui Gavetas N\u00e3o   Possui Prateleiras 5   Possui P\u00e9s Sim   Necessita de Montagem Sim   Dica de Montagem Recomendamos que a montagem seja feita por profissional de sua confian\u00e7a   Recomenda\u00e7\u00f5es de Limpeza Utilizar pano macio seco ou ligeiramente umedecido com \u00e1gua   Informa\u00e7\u00f5es Os objetos que ambientam as fotos n\u00e3o acompanham o produto             Informa\u00e7\u00f5es complementares     Cor Cinamomo   Estilo Asteca   Marca Valdem\u00f3veis   Material da Estrutura MDF\/MDP   Quantidade de Gavetas N\u00e3o   Quantidade de Portas 2   Quantidade de Prateleiras 5   Tipo Multiuso   Tipo de Porta Bater\" \/>\n<meta property=\"og:url\" content=\"https:\/\/lucaseletro.com.br\/?product=multi-uso-valdemoveis-asteca-cinamomo\" \/>\n<meta property=\"og:site_name\" content=\"Lucas Eletro\" \/>\n<meta property=\"article:publisher\" content=\"https:\/\/www.facebook.com\/lucas.eletro.71\" \/>\n<meta property=\"article:modified_time\" content=\"2025-01-17T13:38:13+00:00\" \/>\n<meta property=\"og:image\" content=\"https:\/\/lucaseletro.com.br\/wp-content\/uploads\/2024\/07\/d7207b4bb75daca4adffb760737dbc1c.webp\" \/>\n\t<meta property=\"og:image:width\" content=\"608\" \/>\n\t<meta property=\"og:image:height\" content=\"560\" \/>\n\t<meta property=\"og:image:type\" content=\"image\/webp\" \/>\n<meta name=\"twitter:card\" content=\"summary_large_image\" \/>\n<meta name=\"twitter:label1\" content=\"Pre\u00e7o\" \/>\n\t<meta name=\"twitter:data1\" content=\"&#082;&#036;399,00\" \/>\n\t<meta name=\"twitter:label2\" content=\"Disponibilidade\" \/>\n\t<meta name=\"twitter:data2\" content=\"Fora de estoque\" \/>\n<script type=\"application\/ld+json\" class=\"yoast-schema-graph\">{\"@context\":\"https:\\\/\\\/schema.org\",\"@graph\":[{\"@type\":\"WebPage\",\"@id\":\"https:\\\/\\\/lucaseletro.com.br\\\/?product=multi-uso-valdemoveis-asteca-cinamomo\",\"url\":\"https:\\\/\\\/lucaseletro.com.br\\\/?product=multi-uso-valdemoveis-asteca-cinamomo\",\"name\":\"MULTI USO VALDEMOVEIS ASTECA CINAMOMO - Lucas Eletro\",\"isPartOf\":{\"@id\":\"https:\\\/\\\/lucaseletro.com.br\\\/#website\"},\"primaryImageOfPage\":{\"@id\":\"https:\\\/\\\/lucaseletro.com.br\\\/?product=multi-uso-valdemoveis-asteca-cinamomo#primaryimage\"},\"image\":{\"@id\":\"https:\\\/\\\/lucaseletro.com.br\\\/?product=multi-uso-valdemoveis-asteca-cinamomo#primaryimage\"},\"thumbnailUrl\":\"https:\\\/\\\/lucaseletro.com.br\\\/wp-content\\\/uploads\\\/2024\\\/07\\\/d7207b4bb75daca4adffb760737dbc1c.webp\",\"datePublished\":\"2024-07-30T19:53:11+00:00\",\"dateModified\":\"2025-01-17T13:38:13+00:00\",\"description\":\"Arm\u00e1rio Multiuso 2 Portas Asteca Valdem\u00f3veis Cinamomo\",\"breadcrumb\":{\"@id\":\"https:\\\/\\\/lucaseletro.com.br\\\/?product=multi-uso-valdemoveis-asteca-cinamomo#breadcrumb\"},\"inLanguage\":\"pt-BR\",\"potentialAction\":[{\"@type\":\"ReadAction\",\"target\":[\"https:\\\/\\\/lucaseletro.com.br\\\/?product=multi-uso-valdemoveis-asteca-cinamomo\"]}]},{\"@type\":\"ImageObject\",\"inLanguage\":\"pt-BR\",\"@id\":\"https:\\\/\\\/lucaseletro.com.br\\\/?product=multi-uso-valdemoveis-asteca-cinamomo#primaryimage\",\"url\":\"https:\\\/\\\/lucaseletro.com.br\\\/wp-content\\\/uploads\\\/2024\\\/07\\\/d7207b4bb75daca4adffb760737dbc1c.webp\",\"contentUrl\":\"https:\\\/\\\/lucaseletro.com.br\\\/wp-content\\\/uploads\\\/2024\\\/07\\\/d7207b4bb75daca4adffb760737dbc1c.webp\",\"width\":608,\"height\":560},{\"@type\":\"BreadcrumbList\",\"@id\":\"https:\\\/\\\/lucaseletro.com.br\\\/?product=multi-uso-valdemoveis-asteca-cinamomo#breadcrumb\",\"itemListElement\":[{\"@type\":\"ListItem\",\"position\":1,\"name\":\"In\u00edcio\",\"item\":\"https:\\\/\\\/lucaseletro.com.br\\\/\"},{\"@type\":\"ListItem\",\"position\":2,\"name\":\"Loja\",\"item\":\"https:\\\/\\\/lucaseletro.com.br\\\/?page_id=11\"},{\"@type\":\"ListItem\",\"position\":3,\"name\":\"MULTI USO VALDEMOVEIS ASTECA CINAMOMO\"}]},{\"@type\":\"WebSite\",\"@id\":\"https:\\\/\\\/lucaseletro.com.br\\\/#website\",\"url\":\"https:\\\/\\\/lucaseletro.com.br\\\/\",\"name\":\"Lucas Eletro\",\"description\":\"Realizando seus sonhos\",\"publisher\":{\"@id\":\"https:\\\/\\\/lucaseletro.com.br\\\/#organization\"},\"alternateName\":\"Lucas Eletro\",\"potentialAction\":[{\"@type\":\"SearchAction\",\"target\":{\"@type\":\"EntryPoint\",\"urlTemplate\":\"https:\\\/\\\/lucaseletro.com.br\\\/?s={search_term_string}\"},\"query-input\":{\"@type\":\"PropertyValueSpecification\",\"valueRequired\":true,\"valueName\":\"search_term_string\"}}],\"inLanguage\":\"pt-BR\"},{\"@type\":\"Organization\",\"@id\":\"https:\\\/\\\/lucaseletro.com.br\\\/#organization\",\"name\":\"Lucas Eletro\",\"alternateName\":\"Lucas Eletro\",\"url\":\"https:\\\/\\\/lucaseletro.com.br\\\/\",\"logo\":{\"@type\":\"ImageObject\",\"inLanguage\":\"pt-BR\",\"@id\":\"https:\\\/\\\/lucaseletro.com.br\\\/#\\\/schema\\\/logo\\\/image\\\/\",\"url\":\"https:\\\/\\\/lucaseletro.com.br\\\/wp-content\\\/uploads\\\/2024\\\/08\\\/Logo-WebP.webp\",\"contentUrl\":\"https:\\\/\\\/lucaseletro.com.br\\\/wp-content\\\/uploads\\\/2024\\\/08\\\/Logo-WebP.webp\",\"width\":1366,\"height\":457,\"caption\":\"Lucas Eletro\"},\"image\":{\"@id\":\"https:\\\/\\\/lucaseletro.com.br\\\/#\\\/schema\\\/logo\\\/image\\\/\"},\"sameAs\":[\"https:\\\/\\\/www.facebook.com\\\/lucas.eletro.71\"]}]}<\/script>\n<meta property=\"product:price:amount\" content=\"399.00\" \/>\n<meta property=\"product:price:currency\" content=\"BRL\" \/>\n<meta property=\"og:availability\" content=\"out of stock\" \/>\n<meta property=\"product:availability\" content=\"out of stock\" \/>\n<meta property=\"product:condition\" content=\"new\" \/>\n<!-- \/ Yoast SEO Premium plugin. -->","yoast_head_json":{"title":"MULTI USO VALDEMOVEIS ASTECA CINAMOMO - Lucas Eletro","description":"Arm\u00e1rio Multiuso 2 Portas Asteca Valdem\u00f3veis Cinamomo","robots":{"index":"index","follow":"follow","max-snippet":"max-snippet:-1","max-image-preview":"max-image-preview:large","max-video-preview":"max-video-preview:-1"},"canonical":"https:\/\/lucaseletro.com.br\/?product=multi-uso-valdemoveis-asteca-cinamomo","og_locale":"pt_BR","og_type":"article","og_title":"MULTI USO VALDEMOVEIS ASTECA CINAMOMO - &#82;&#36;399,00 - Lucas Eletro","og_description":"Informa\u00e7\u00f5es do Produto Arm\u00e1rio Multiuso 2 Portas Asteca Valdem\u00f3veis Cinamomo     Altura 190 cm   Largura 63 cm   Profundidade 40 cm   Peso 43,6 Kg   Mat\u00e9ria Prima MDF\/MDP   Tipo de Pintura UV   Cor Interna Branco   Prazo de Garantia 3 meses contra defeitos de fabrica\u00e7\u00e3o   Possui Portas 2   Forma de Abertura Bater   Possui Chaves Sim   Possui Gavetas N\u00e3o   Possui Prateleiras 5   Possui P\u00e9s Sim   Necessita de Montagem Sim   Dica de Montagem Recomendamos que a montagem seja feita por profissional de sua confian\u00e7a   Recomenda\u00e7\u00f5es de Limpeza Utilizar pano macio seco ou ligeiramente umedecido com \u00e1gua   Informa\u00e7\u00f5es Os objetos que ambientam as fotos n\u00e3o acompanham o produto             Informa\u00e7\u00f5es complementares     Cor Cinamomo   Estilo Asteca   Marca Valdem\u00f3veis   Material da Estrutura MDF\/MDP   Quantidade de Gavetas N\u00e3o   Quantidade de Portas 2   Quantidade de Prateleiras 5   Tipo Multiuso   Tipo de Porta Bater","og_url":"https:\/\/lucaseletro.com.br\/?product=multi-uso-valdemoveis-asteca-cinamomo","og_site_name":"Lucas Eletro","article_publisher":"https:\/\/www.facebook.com\/lucas.eletro.71","article_modified_time":"2025-01-17T13:38:13+00:00","og_image":[{"width":608,"height":560,"url":"https:\/\/lucaseletro.com.br\/wp-content\/uploads\/2024\/07\/d7207b4bb75daca4adffb760737dbc1c.webp","type":"image\/webp"}],"twitter_card":"summary_large_image","twitter_misc":{"Pre\u00e7o":"&#82;&#36;399,00","Disponibilidade":"Fora de estoque"},"schema":{"@context":"https:\/\/schema.org","@graph":[{"@type":"WebPage","@id":"https:\/\/lucaseletro.com.br\/?product=multi-uso-valdemoveis-asteca-cinamomo","url":"https:\/\/lucaseletro.com.br\/?product=multi-uso-valdemoveis-asteca-cinamomo","name":"MULTI USO VALDEMOVEIS ASTECA CINAMOMO - Lucas Eletro","isPartOf":{"@id":"https:\/\/lucaseletro.com.br\/#website"},"primaryImageOfPage":{"@id":"https:\/\/lucaseletro.com.br\/?product=multi-uso-valdemoveis-asteca-cinamomo#primaryimage"},"image":{"@id":"https:\/\/lucaseletro.com.br\/?product=multi-uso-valdemoveis-asteca-cinamomo#primaryimage"},"thumbnailUrl":"https:\/\/lucaseletro.com.br\/wp-content\/uploads\/2024\/07\/d7207b4bb75daca4adffb760737dbc1c.webp","datePublished":"2024-07-30T19:53:11+00:00","dateModified":"2025-01-17T13:38:13+00:00","description":"Arm\u00e1rio Multiuso 2 Portas Asteca Valdem\u00f3veis Cinamomo","breadcrumb":{"@id":"https:\/\/lucaseletro.com.br\/?product=multi-uso-valdemoveis-asteca-cinamomo#breadcrumb"},"inLanguage":"pt-BR","potentialAction":[{"@type":"ReadAction","target":["https:\/\/lucaseletro.com.br\/?product=multi-uso-valdemoveis-asteca-cinamomo"]}]},{"@type":"ImageObject","inLanguage":"pt-BR","@id":"https:\/\/lucaseletro.com.br\/?product=multi-uso-valdemoveis-asteca-cinamomo#primaryimage","url":"https:\/\/lucaseletro.com.br\/wp-content\/uploads\/2024\/07\/d7207b4bb75daca4adffb760737dbc1c.webp","contentUrl":"https:\/\/lucaseletro.com.br\/wp-content\/uploads\/2024\/07\/d7207b4bb75daca4adffb760737dbc1c.webp","width":608,"height":560},{"@type":"BreadcrumbList","@id":"https:\/\/lucaseletro.com.br\/?product=multi-uso-valdemoveis-asteca-cinamomo#breadcrumb","itemListElement":[{"@type":"ListItem","position":1,"name":"In\u00edcio","item":"https:\/\/lucaseletro.com.br\/"},{"@type":"ListItem","position":2,"name":"Loja","item":"https:\/\/lucaseletro.com.br\/?page_id=11"},{"@type":"ListItem","position":3,"name":"MULTI USO VALDEMOVEIS ASTECA CINAMOMO"}]},{"@type":"WebSite","@id":"https:\/\/lucaseletro.com.br\/#website","url":"https:\/\/lucaseletro.com.br\/","name":"Lucas Eletro","description":"Realizando seus sonhos","publisher":{"@id":"https:\/\/lucaseletro.com.br\/#organization"},"alternateName":"Lucas Eletro","potentialAction":[{"@type":"SearchAction","target":{"@type":"EntryPoint","urlTemplate":"https:\/\/lucaseletro.com.br\/?s={search_term_string}"},"query-input":{"@type":"PropertyValueSpecification","valueRequired":true,"valueName":"search_term_string"}}],"inLanguage":"pt-BR"},{"@type":"Organization","@id":"https:\/\/lucaseletro.com.br\/#organization","name":"Lucas Eletro","alternateName":"Lucas Eletro","url":"https:\/\/lucaseletro.com.br\/","logo":{"@type":"ImageObject","inLanguage":"pt-BR","@id":"https:\/\/lucaseletro.com.br\/#\/schema\/logo\/image\/","url":"https:\/\/lucaseletro.com.br\/wp-content\/uploads\/2024\/08\/Logo-WebP.webp","contentUrl":"https:\/\/lucaseletro.com.br\/wp-content\/uploads\/2024\/08\/Logo-WebP.webp","width":1366,"height":457,"caption":"Lucas Eletro"},"image":{"@id":"https:\/\/lucaseletro.com.br\/#\/schema\/logo\/image\/"},"sameAs":["https:\/\/www.facebook.com\/lucas.eletro.71"]}]},"product_price_amount":"399.00","product_price_currency":"BRL","og_availability":"out of stock","product_availability":"out of stock","product_condition":"new"},"_links":{"self":[{"href":"https:\/\/lucaseletro.com.br\/index.php?rest_route=\/wp\/v2\/product\/1626","targetHints":{"allow":["GET"]}}],"collection":[{"href":"https:\/\/lucaseletro.com.br\/index.php?rest_route=\/wp\/v2\/product"}],"about":[{"href":"https:\/\/lucaseletro.com.br\/index.php?rest_route=\/wp\/v2\/types\/product"}],"replies":[{"embeddable":true,"href":"https:\/\/lucaseletro.com.br\/index.php?rest_route=%2Fwp%2Fv2%2Fcomments&post=1626"}],"wp:featuredmedia":[{"embeddable":true,"href":"https:\/\/lucaseletro.com.br\/index.php?rest_route=\/wp\/v2\/media\/3925"}],"wp:attachment":[{"href":"https:\/\/lucaseletro.com.br\/index.php?rest_route=%2Fwp%2Fv2%2Fmedia&parent=1626"}],"wp:term":[{"taxonomy":"product_brand","embeddable":true,"href":"https:\/\/lucaseletro.com.br\/index.php?rest_route=%2Fwp%2Fv2%2Fproduct_brand&post=1626"},{"taxonomy":"product_cat","embeddable":true,"href":"https:\/\/lucaseletro.com.br\/index.php?rest_route=%2Fwp%2Fv2%2Fproduct_cat&post=1626"},{"taxonomy":"product_tag","embeddable":true,"href":"https:\/\/lucaseletro.com.br\/index.php?rest_route=%2Fwp%2Fv2%2Fproduct_tag&post=1626"}],"curies":[{"name":"wp","href":"https:\/\/api.w.org\/{rel}","templated":true}]}}