{"id":1903,"date":"2024-07-30T16:53:57","date_gmt":"2024-07-30T19:53:57","guid":{"rendered":"https:\/\/lucaseletro.com.br\/product\/tv-panasonic-32-polegadas-lcd-led-32fs500b\/"},"modified":"2025-09-04T09:31:59","modified_gmt":"2025-09-04T12:31:59","slug":"tv-panasonic-32-polegadas-lcd-led-32fs500b","status":"publish","type":"product","link":"https:\/\/lucaseletro.com.br\/?product=tv-panasonic-32-polegadas-lcd-led-32fs500b","title":{"rendered":"TV HQ SMART 32 PLGDS 127V"},"content":{"rendered":"<div id=\"productOverview_feature_div\" class=\"celwidget\" data-feature-name=\"productOverview\" data-csa-c-type=\"widget\" data-csa-c-content-id=\"productOverview\" data-csa-c-slot-id=\"productOverview_feature_div\" data-csa-c-asin=\"B0DGB2FM65\" data-csa-c-is-in-initial-active-row=\"false\" data-csa-c-id=\"q2ht9x-gfhen4-gc6g5l-f3hfv4\" data-cel-widget=\"productOverview_feature_div\">\n<div id=\"poExpander\" class=\"a-expander-collapsed-height a-row a-expander-container a-spacing-none a-expander-partial-collapse-container\" data-a-expander-name=\"product_overview\" data-a-expander-collapsed-height=\"210\">\n<div class=\"a-expander-content a-expander-partial-collapse-content a-expander-content-expanded\" data-expanded=\"true\">\n<div class=\"a-section a-spacing-small a-spacing-top-small\">\n<table class=\"a-normal a-spacing-micro\" role=\"list\">\n<tbody>\n<tr class=\"a-spacing-small po-display.size\" role=\"listitem\">\n<td class=\"a-span3\" role=\"presentation\"><span class=\"a-size-base a-text-bold\">Tamanho da tela<\/span><\/td>\n<td class=\"a-span9\" role=\"presentation\"><span class=\"a-size-base po-break-word\">32 Polegadas<\/span><\/td>\n<\/tr>\n<tr class=\"a-spacing-small po-brand\" role=\"listitem\">\n<td class=\"a-span3\" role=\"presentation\"><span class=\"a-size-base a-text-bold\">Marca<\/span><\/td>\n<td class=\"a-span9\" role=\"presentation\"><span class=\"a-size-base po-break-word\">HQ Screen<\/span><\/td>\n<\/tr>\n<tr class=\"a-spacing-small po-display.technology\" role=\"listitem\">\n<td class=\"a-span3\" role=\"presentation\"><span class=\"a-size-base a-text-bold\">Tecnologia do visor<\/span><\/td>\n<td class=\"a-span9\" role=\"presentation\"><span class=\"a-size-base po-break-word\">LED<\/span><\/td>\n<\/tr>\n<tr class=\"a-spacing-small po-resolution\" role=\"listitem\">\n<td class=\"a-span3\" role=\"presentation\"><span class=\"a-size-base a-text-bold\">Resolu\u00e7\u00e3o<\/span><\/td>\n<td class=\"a-span9\" role=\"presentation\"><span class=\"a-size-base po-break-word\">HD<\/span><\/td>\n<\/tr>\n<tr class=\"a-spacing-small po-refresh_rate\" role=\"listitem\">\n<td class=\"a-span3\" role=\"presentation\"><span class=\"a-size-base a-text-bold\">Taxa de atualiza\u00e7\u00e3o<\/span><\/td>\n<td class=\"a-span9\" role=\"presentation\"><span class=\"a-size-base po-break-word\">60 Hz<\/span><\/td>\n<\/tr>\n<tr class=\"a-spacing-small po-special_feature\" role=\"listitem\">\n<td class=\"a-span3\" role=\"presentation\"><span class=\"a-size-base a-text-bold\">Caracter\u00edsticas especiais<\/span><\/td>\n<td class=\"a-span9\" role=\"presentation\"><span class=\"a-size-base po-break-word\">Plana<\/span><\/td>\n<\/tr>\n<tr class=\"a-spacing-small po-included_components\" role=\"listitem\">\n<td class=\"a-span3\" role=\"presentation\"><span class=\"a-size-base a-text-bold\">Componentes inclu\u00eddos<\/span><\/td>\n<td class=\"a-span9\" role=\"presentation\"><span class=\"a-size-base po-break-word\">1 Smart TV HQ 32&#8243;, 1 Controle remoto e 1 manual.<\/span><\/td>\n<\/tr>\n<tr class=\"a-spacing-small po-connectivity_technology\" role=\"listitem\">\n<td class=\"a-span3\" role=\"presentation\"><span class=\"a-size-base a-text-bold\">Tecnologia de conectividade<\/span><\/td>\n<td class=\"a-span9\" role=\"presentation\"><span class=\"a-size-base po-break-word\">HDMI, USB<\/span><\/td>\n<\/tr>\n<tr class=\"a-spacing-small po-aspect_ratio\" role=\"listitem\">\n<td class=\"a-span3\" role=\"presentation\"><span class=\"a-size-base a-text-bold\">Propor\u00e7\u00e3o de tela<\/span><\/td>\n<td class=\"a-span9\" role=\"presentation\"><span class=\"a-size-base po-break-word\">16:9<\/span><\/td>\n<\/tr>\n<tr class=\"a-spacing-small po-item_depth_width_height\" role=\"listitem\">\n<td class=\"a-span3\" role=\"presentation\"><span class=\"a-size-base a-text-bold\">Dimens\u00f5es do produto<\/span><\/td>\n<td class=\"a-span9\" role=\"presentation\"><span class=\"a-size-base po-break-word\">20,9P x 71,6L x 46,9A cent\u00edmetros<\/span><\/td>\n<\/tr>\n<\/tbody>\n<\/table>\n<\/div>\n<\/div>\n<div id=\"poToggleButton\" class=\"a-expander-header a-expander-partial-collapse-header\"><a class=\"a-declarative\" role=\"button\" data-action=\"a-expander-toggle\" data-a-expander-toggle=\"{&quot;allowLinkDefault&quot;:true, &quot;expand_prompt&quot;:&quot;Ver mais&quot;, &quot;collapse_prompt&quot;:&quot;Ver menos&quot;}\"><i class=\"a-icon a-icon-extender-collapse\"><\/i><span class=\"a-expander-prompt\">Ver menos<\/span><\/a><\/div>\n<\/div>\n<\/div>\n<div id=\"featurebullets_feature_div\" class=\"celwidget\" data-feature-name=\"featurebullets\" data-csa-c-type=\"widget\" data-csa-c-content-id=\"featurebullets\" data-csa-c-slot-id=\"featurebullets_feature_div\" data-csa-c-asin=\"B0DGB2FM65\" data-csa-c-is-in-initial-active-row=\"false\" data-csa-c-id=\"2x83cj-lciyu9-7euv5y-rexiu0\" data-cel-widget=\"featurebullets_feature_div\">\n<div id=\"feature-bullets\" class=\"a-section a-spacing-medium a-spacing-top-small\">\n<hr class=\"a-divider-normal\" aria-hidden=\"true\" \/>\n<h1 class=\"a-size-base-plus a-text-bold\">Sobre este item<\/h1>\n<ul class=\"a-unordered-list a-vertical a-spacing-mini\">\n<li class=\"a-spacing-mini\"><span class=\"a-list-item\">Qualidade de Imagem Superior: Tecnologia LED, resolu\u00e7\u00e3o HD para imagens mais n\u00edtidas e vibrantes.<\/span><\/li>\n<li class=\"a-spacing-mini\"><span class=\"a-list-item\">Vis\u00e3o Ampla: \u00c2ngulo de vis\u00e3o de 178\u00b0\/178\u00b0<\/span><\/li>\n<li class=\"a-spacing-mini\"><span class=\"a-list-item\">Desempenho R\u00e1pido: Processador CA55 Quad Core, mem\u00f3ria de 1GB e armazenamento de 8GB .<\/span><\/li>\n<li class=\"a-spacing-mini\"><span class=\"a-list-item\">Entretenimento Sem Limites: Acesse seus aplicativos favoritos como YouTube, Netflix e Prime Video diretamente na TV.<\/span><\/li>\n<li class=\"a-spacing-mini\"><span class=\"a-list-item\">Conectivid\u00c1udio Envolvente: Pot\u00eancia de sa\u00edda de \u00e1udio de 8Wx2ade Completa: 3 portas HDMI, 2 USB, Wi-Fi e mais.<\/span><\/li>\n<li class=\"a-spacing-mini\"><span class=\"a-list-item\">Eficiente e Sustent\u00e1vel: Consumo de energia de apenas 50W com fonte bivolt autom\u00e1tico.<\/span><\/li>\n<\/ul>\n<\/div>\n<\/div>\n","protected":false},"excerpt":{"rendered":"<div id=\"productOverview_feature_div\" class=\"celwidget\" data-feature-name=\"productOverview\" data-csa-c-type=\"widget\" data-csa-c-content-id=\"productOverview\" data-csa-c-slot-id=\"productOverview_feature_div\" data-csa-c-asin=\"B0DGB2FM65\" data-csa-c-is-in-initial-active-row=\"false\" data-csa-c-id=\"q2ht9x-gfhen4-gc6g5l-f3hfv4\" data-cel-widget=\"productOverview_feature_div\">\n<div id=\"poExpander\" class=\"a-expander-collapsed-height a-row a-expander-container a-spacing-none a-expander-partial-collapse-container\" data-a-expander-name=\"product_overview\" data-a-expander-collapsed-height=\"210\">\n<div class=\"a-expander-content a-expander-partial-collapse-content a-expander-content-expanded\" data-expanded=\"true\">\n<div class=\"a-section a-spacing-small a-spacing-top-small\">\n<table class=\"a-normal a-spacing-micro\" role=\"list\">\n<tbody>\n<tr class=\"a-spacing-small po-display.size\" role=\"listitem\">\n<td class=\"a-span3\" role=\"presentation\"><span class=\"a-size-base a-text-bold\">Tamanho da tela<\/span><\/td>\n<td class=\"a-span9\" role=\"presentation\"><span class=\"a-size-base po-break-word\">32 Polegadas<\/span><\/td>\n<\/tr>\n<tr class=\"a-spacing-small po-brand\" role=\"listitem\">\n<td class=\"a-span3\" role=\"presentation\"><span class=\"a-size-base a-text-bold\">Marca<\/span><\/td>\n<td class=\"a-span9\" role=\"presentation\"><span class=\"a-size-base po-break-word\">HQ Screen<\/span><\/td>\n<\/tr>\n<tr class=\"a-spacing-small po-display.technology\" role=\"listitem\">\n<td class=\"a-span3\" role=\"presentation\"><span class=\"a-size-base a-text-bold\">Tecnologia do visor<\/span><\/td>\n<td class=\"a-span9\" role=\"presentation\"><span class=\"a-size-base po-break-word\">LED<\/span><\/td>\n<\/tr>\n<tr class=\"a-spacing-small po-resolution\" role=\"listitem\">\n<td class=\"a-span3\" role=\"presentation\"><span class=\"a-size-base a-text-bold\">Resolu\u00e7\u00e3o<\/span><\/td>\n<td class=\"a-span9\" role=\"presentation\"><span class=\"a-size-base po-break-word\">HD<\/span><\/td>\n<\/tr>\n<tr class=\"a-spacing-small po-refresh_rate\" role=\"listitem\">\n<td class=\"a-span3\" role=\"presentation\"><span class=\"a-size-base a-text-bold\">Taxa de atualiza\u00e7\u00e3o<\/span><\/td>\n<td class=\"a-span9\" role=\"presentation\"><span class=\"a-size-base po-break-word\">60 Hz<\/span><\/td>\n<\/tr>\n<tr class=\"a-spacing-small po-special_feature\" role=\"listitem\">\n<td class=\"a-span3\" role=\"presentation\"><span class=\"a-size-base a-text-bold\">Caracter\u00edsticas especiais<\/span><\/td>\n<td class=\"a-span9\" role=\"presentation\"><span class=\"a-size-base po-break-word\">Plana<\/span><\/td>\n<\/tr>\n<tr class=\"a-spacing-small po-included_components\" role=\"listitem\">\n<td class=\"a-span3\" role=\"presentation\"><span class=\"a-size-base a-text-bold\">Componentes inclu\u00eddos<\/span><\/td>\n<td class=\"a-span9\" role=\"presentation\"><span class=\"a-size-base po-break-word\">1 Smart TV HQ 32&#8243;, 1 Controle remoto e 1 manual.<\/span><\/td>\n<\/tr>\n<tr class=\"a-spacing-small po-connectivity_technology\" role=\"listitem\">\n<td class=\"a-span3\" role=\"presentation\"><span class=\"a-size-base a-text-bold\">Tecnologia de conectividade<\/span><\/td>\n<td class=\"a-span9\" role=\"presentation\"><span class=\"a-size-base po-break-word\">HDMI, USB<\/span><\/td>\n<\/tr>\n<tr class=\"a-spacing-small po-aspect_ratio\" role=\"listitem\">\n<td class=\"a-span3\" role=\"presentation\"><span class=\"a-size-base a-text-bold\">Propor\u00e7\u00e3o de tela<\/span><\/td>\n<td class=\"a-span9\" role=\"presentation\"><span class=\"a-size-base po-break-word\">16:9<\/span><\/td>\n<\/tr>\n<tr class=\"a-spacing-small po-item_depth_width_height\" role=\"listitem\">\n<td class=\"a-span3\" role=\"presentation\"><span class=\"a-size-base a-text-bold\">Dimens\u00f5es do produto<\/span><\/td>\n<td class=\"a-span9\" role=\"presentation\"><span class=\"a-size-base po-break-word\">20,9P x 71,6L x 46,9A cent\u00edmetros<\/span><\/td>\n<\/tr>\n<\/tbody>\n<\/table>\n<\/div>\n<\/div>\n<div id=\"poToggleButton\" class=\"a-expander-header a-expander-partial-collapse-header\"><a class=\"a-declarative\" role=\"button\" data-action=\"a-expander-toggle\" data-a-expander-toggle=\"{&quot;allowLinkDefault&quot;:true, &quot;expand_prompt&quot;:&quot;Ver mais&quot;, &quot;collapse_prompt&quot;:&quot;Ver menos&quot;}\"><i class=\"a-icon a-icon-extender-collapse\"><\/i><span class=\"a-expander-prompt\">Ver menos<\/span><\/a><\/div>\n<\/div>\n<\/div>\n<div id=\"featurebullets_feature_div\" class=\"celwidget\" data-feature-name=\"featurebullets\" data-csa-c-type=\"widget\" data-csa-c-content-id=\"featurebullets\" data-csa-c-slot-id=\"featurebullets_feature_div\" data-csa-c-asin=\"B0DGB2FM65\" data-csa-c-is-in-initial-active-row=\"false\" data-csa-c-id=\"2x83cj-lciyu9-7euv5y-rexiu0\" data-cel-widget=\"featurebullets_feature_div\">\n<div id=\"feature-bullets\" class=\"a-section a-spacing-medium a-spacing-top-small\">\n<hr class=\"a-divider-normal\" aria-hidden=\"true\" \/>\n<h1 class=\"a-size-base-plus a-text-bold\">Sobre este item<\/h1>\n<ul class=\"a-unordered-list a-vertical a-spacing-mini\">\n<li class=\"a-spacing-mini\"><span class=\"a-list-item\">Qualidade de Imagem Superior: Tecnologia LED, resolu\u00e7\u00e3o HD para imagens mais n\u00edtidas e vibrantes.<\/span><\/li>\n<li class=\"a-spacing-mini\"><span class=\"a-list-item\">Vis\u00e3o Ampla: \u00c2ngulo de vis\u00e3o de 178\u00b0\/178\u00b0<\/span><\/li>\n<li class=\"a-spacing-mini\"><span class=\"a-list-item\">Desempenho R\u00e1pido: Processador CA55 Quad Core, mem\u00f3ria de 1GB e armazenamento de 8GB .<\/span><\/li>\n<li class=\"a-spacing-mini\"><span class=\"a-list-item\">Entretenimento Sem Limites: Acesse seus aplicativos favoritos como YouTube, Netflix e Prime Video diretamente na TV.<\/span><\/li>\n<li class=\"a-spacing-mini\"><span class=\"a-list-item\">Conectivid\u00c1udio Envolvente: Pot\u00eancia de sa\u00edda de \u00e1udio de 8Wx2ade Completa: 3 portas HDMI, 2 USB, Wi-Fi e mais.<\/span><\/li>\n<li class=\"a-spacing-mini\"><span class=\"a-list-item\">Eficiente e Sustent\u00e1vel: Consumo de energia de apenas 50W com fonte bivolt autom\u00e1tico.<\/span><\/li>\n<\/ul>\n<\/div>\n<\/div>\n","protected":false},"featured_media":4404,"comment_status":"open","ping_status":"closed","template":"","meta":[],"product_brand":[],"product_cat":[61],"product_tag":[],"class_list":{"0":"post-1903","1":"product","2":"type-product","3":"status-publish","4":"has-post-thumbnail","6":"product_cat-eletricos","8":"first","9":"instock","10":"shipping-taxable","11":"purchasable","12":"product-type-simple"},"yoast_head":"<!-- This site is optimized with the Yoast SEO Premium plugin v23.3 (Yoast SEO v27.4) - https:\/\/yoast.com\/product\/yoast-seo-premium-wordpress\/ -->\n<title>TV HQ SMART 32 PLGDS 127V - Lucas Eletro<\/title>\n<meta name=\"description\" content=\"TV HQ SMART 32 PLGDS 127V\" \/>\n<meta name=\"robots\" content=\"index, follow, max-snippet:-1, max-image-preview:large, max-video-preview:-1\" \/>\n<link rel=\"canonical\" href=\"https:\/\/lucaseletro.com.br\/?product=tv-panasonic-32-polegadas-lcd-led-32fs500b\" \/>\n<meta property=\"og:locale\" content=\"pt_BR\" \/>\n<meta property=\"og:type\" content=\"article\" \/>\n<meta property=\"og:title\" content=\"TV HQ SMART 32 PLGDS 127V - &#082;&#036;1.899,00 - Lucas Eletro\" \/>\n<meta property=\"og:description\" content=\"Tamanho da tela 32 Polegadas   Marca HQ Screen   Tecnologia do visor LED   Resolu\u00e7\u00e3o HD   Taxa de atualiza\u00e7\u00e3o 60 Hz   Caracter\u00edsticas especiais Plana   Componentes inclu\u00eddos 1 Smart TV HQ 32&quot;, 1 Controle remoto e 1 manual.   Tecnologia de conectividade HDMI, USB   Propor\u00e7\u00e3o de tela 16:9   Dimens\u00f5es do produto 20,9P x 71,6L x 46,9A cent\u00edmetros      Ver menos        Sobre este item   Qualidade de Imagem Superior: Tecnologia LED, resolu\u00e7\u00e3o HD para imagens mais n\u00edtidas e vibrantes.  Vis\u00e3o Ampla: \u00c2ngulo de vis\u00e3o de 178\u00b0\/178\u00b0  Desempenho R\u00e1pido: Processador CA55 Quad Core, mem\u00f3ria de 1GB e armazenamento de 8GB .  Entretenimento Sem Limites: Acesse seus aplicativos favoritos como YouTube, Netflix e Prime Video diretamente na TV.  Conectivid\u00c1udio Envolvente: Pot\u00eancia de sa\u00edda de \u00e1udio de 8Wx2ade Completa: 3 portas HDMI, 2 USB, Wi-Fi e mais.  Eficiente e Sustent\u00e1vel: Consumo de energia de apenas 50W com fonte bivolt autom\u00e1tico.\" \/>\n<meta property=\"og:url\" content=\"https:\/\/lucaseletro.com.br\/?product=tv-panasonic-32-polegadas-lcd-led-32fs500b\" \/>\n<meta property=\"og:site_name\" content=\"Lucas Eletro\" \/>\n<meta property=\"article:publisher\" content=\"https:\/\/www.facebook.com\/lucas.eletro.71\" \/>\n<meta property=\"article:modified_time\" content=\"2025-09-04T12:31:59+00:00\" \/>\n<meta property=\"og:image\" content=\"https:\/\/lucaseletro.com.br\/wp-content\/uploads\/2024\/07\/51bfyCYw7lL._AC_SL1000_.jpg\" \/>\n\t<meta property=\"og:image:width\" content=\"762\" \/>\n\t<meta property=\"og:image:height\" content=\"657\" \/>\n\t<meta property=\"og:image:type\" content=\"image\/jpeg\" \/>\n<meta name=\"twitter:card\" content=\"summary_large_image\" \/>\n<meta name=\"twitter:label1\" content=\"Pre\u00e7o\" \/>\n\t<meta name=\"twitter:data1\" content=\"&#082;&#036;1.899,00\" \/>\n\t<meta name=\"twitter:label2\" content=\"Disponibilidade\" \/>\n\t<meta name=\"twitter:data2\" content=\"Em Estoque\" \/>\n<script type=\"application\/ld+json\" class=\"yoast-schema-graph\">{\"@context\":\"https:\\\/\\\/schema.org\",\"@graph\":[{\"@type\":\"WebPage\",\"@id\":\"https:\\\/\\\/lucaseletro.com.br\\\/?product=tv-panasonic-32-polegadas-lcd-led-32fs500b\",\"url\":\"https:\\\/\\\/lucaseletro.com.br\\\/?product=tv-panasonic-32-polegadas-lcd-led-32fs500b\",\"name\":\"TV HQ SMART 32 PLGDS 127V - Lucas Eletro\",\"isPartOf\":{\"@id\":\"https:\\\/\\\/lucaseletro.com.br\\\/#website\"},\"primaryImageOfPage\":{\"@id\":\"https:\\\/\\\/lucaseletro.com.br\\\/?product=tv-panasonic-32-polegadas-lcd-led-32fs500b#primaryimage\"},\"image\":{\"@id\":\"https:\\\/\\\/lucaseletro.com.br\\\/?product=tv-panasonic-32-polegadas-lcd-led-32fs500b#primaryimage\"},\"thumbnailUrl\":\"https:\\\/\\\/lucaseletro.com.br\\\/wp-content\\\/uploads\\\/2024\\\/07\\\/51bfyCYw7lL._AC_SL1000_.jpg\",\"datePublished\":\"2024-07-30T19:53:57+00:00\",\"dateModified\":\"2025-09-04T12:31:59+00:00\",\"description\":\"TV HQ SMART 32 PLGDS 127V\",\"breadcrumb\":{\"@id\":\"https:\\\/\\\/lucaseletro.com.br\\\/?product=tv-panasonic-32-polegadas-lcd-led-32fs500b#breadcrumb\"},\"inLanguage\":\"pt-BR\",\"potentialAction\":[{\"@type\":\"ReadAction\",\"target\":[\"https:\\\/\\\/lucaseletro.com.br\\\/?product=tv-panasonic-32-polegadas-lcd-led-32fs500b\"]}]},{\"@type\":\"ImageObject\",\"inLanguage\":\"pt-BR\",\"@id\":\"https:\\\/\\\/lucaseletro.com.br\\\/?product=tv-panasonic-32-polegadas-lcd-led-32fs500b#primaryimage\",\"url\":\"https:\\\/\\\/lucaseletro.com.br\\\/wp-content\\\/uploads\\\/2024\\\/07\\\/51bfyCYw7lL._AC_SL1000_.jpg\",\"contentUrl\":\"https:\\\/\\\/lucaseletro.com.br\\\/wp-content\\\/uploads\\\/2024\\\/07\\\/51bfyCYw7lL._AC_SL1000_.jpg\",\"width\":762,\"height\":657},{\"@type\":\"BreadcrumbList\",\"@id\":\"https:\\\/\\\/lucaseletro.com.br\\\/?product=tv-panasonic-32-polegadas-lcd-led-32fs500b#breadcrumb\",\"itemListElement\":[{\"@type\":\"ListItem\",\"position\":1,\"name\":\"In\u00edcio\",\"item\":\"https:\\\/\\\/lucaseletro.com.br\\\/\"},{\"@type\":\"ListItem\",\"position\":2,\"name\":\"Loja\",\"item\":\"https:\\\/\\\/lucaseletro.com.br\\\/?page_id=11\"},{\"@type\":\"ListItem\",\"position\":3,\"name\":\"TV HQ SMART 32 PLGDS 127V\"}]},{\"@type\":\"WebSite\",\"@id\":\"https:\\\/\\\/lucaseletro.com.br\\\/#website\",\"url\":\"https:\\\/\\\/lucaseletro.com.br\\\/\",\"name\":\"Lucas Eletro\",\"description\":\"Realizando seus sonhos\",\"publisher\":{\"@id\":\"https:\\\/\\\/lucaseletro.com.br\\\/#organization\"},\"alternateName\":\"Lucas Eletro\",\"potentialAction\":[{\"@type\":\"SearchAction\",\"target\":{\"@type\":\"EntryPoint\",\"urlTemplate\":\"https:\\\/\\\/lucaseletro.com.br\\\/?s={search_term_string}\"},\"query-input\":{\"@type\":\"PropertyValueSpecification\",\"valueRequired\":true,\"valueName\":\"search_term_string\"}}],\"inLanguage\":\"pt-BR\"},{\"@type\":\"Organization\",\"@id\":\"https:\\\/\\\/lucaseletro.com.br\\\/#organization\",\"name\":\"Lucas Eletro\",\"alternateName\":\"Lucas Eletro\",\"url\":\"https:\\\/\\\/lucaseletro.com.br\\\/\",\"logo\":{\"@type\":\"ImageObject\",\"inLanguage\":\"pt-BR\",\"@id\":\"https:\\\/\\\/lucaseletro.com.br\\\/#\\\/schema\\\/logo\\\/image\\\/\",\"url\":\"https:\\\/\\\/lucaseletro.com.br\\\/wp-content\\\/uploads\\\/2024\\\/08\\\/Logo-WebP.webp\",\"contentUrl\":\"https:\\\/\\\/lucaseletro.com.br\\\/wp-content\\\/uploads\\\/2024\\\/08\\\/Logo-WebP.webp\",\"width\":1366,\"height\":457,\"caption\":\"Lucas Eletro\"},\"image\":{\"@id\":\"https:\\\/\\\/lucaseletro.com.br\\\/#\\\/schema\\\/logo\\\/image\\\/\"},\"sameAs\":[\"https:\\\/\\\/www.facebook.com\\\/lucas.eletro.71\"]}]}<\/script>\n<meta property=\"product:price:amount\" content=\"1899.00\" \/>\n<meta property=\"product:price:currency\" content=\"BRL\" \/>\n<meta property=\"og:availability\" content=\"instock\" \/>\n<meta property=\"product:availability\" content=\"instock\" \/>\n<meta property=\"product:condition\" content=\"new\" \/>\n<!-- \/ Yoast SEO Premium plugin. -->","yoast_head_json":{"title":"TV HQ SMART 32 PLGDS 127V - Lucas Eletro","description":"TV HQ SMART 32 PLGDS 127V","robots":{"index":"index","follow":"follow","max-snippet":"max-snippet:-1","max-image-preview":"max-image-preview:large","max-video-preview":"max-video-preview:-1"},"canonical":"https:\/\/lucaseletro.com.br\/?product=tv-panasonic-32-polegadas-lcd-led-32fs500b","og_locale":"pt_BR","og_type":"article","og_title":"TV HQ SMART 32 PLGDS 127V - &#82;&#36;1.899,00 - Lucas Eletro","og_description":"Tamanho da tela 32 Polegadas   Marca HQ Screen   Tecnologia do visor LED   Resolu\u00e7\u00e3o HD   Taxa de atualiza\u00e7\u00e3o 60 Hz   Caracter\u00edsticas especiais Plana   Componentes inclu\u00eddos 1 Smart TV HQ 32\", 1 Controle remoto e 1 manual.   Tecnologia de conectividade HDMI, USB   Propor\u00e7\u00e3o de tela 16:9   Dimens\u00f5es do produto 20,9P x 71,6L x 46,9A cent\u00edmetros      Ver menos        Sobre este item   Qualidade de Imagem Superior: Tecnologia LED, resolu\u00e7\u00e3o HD para imagens mais n\u00edtidas e vibrantes.  Vis\u00e3o Ampla: \u00c2ngulo de vis\u00e3o de 178\u00b0\/178\u00b0  Desempenho R\u00e1pido: Processador CA55 Quad Core, mem\u00f3ria de 1GB e armazenamento de 8GB .  Entretenimento Sem Limites: Acesse seus aplicativos favoritos como YouTube, Netflix e Prime Video diretamente na TV.  Conectivid\u00c1udio Envolvente: Pot\u00eancia de sa\u00edda de \u00e1udio de 8Wx2ade Completa: 3 portas HDMI, 2 USB, Wi-Fi e mais.  Eficiente e Sustent\u00e1vel: Consumo de energia de apenas 50W com fonte bivolt autom\u00e1tico.","og_url":"https:\/\/lucaseletro.com.br\/?product=tv-panasonic-32-polegadas-lcd-led-32fs500b","og_site_name":"Lucas Eletro","article_publisher":"https:\/\/www.facebook.com\/lucas.eletro.71","article_modified_time":"2025-09-04T12:31:59+00:00","og_image":[{"width":762,"height":657,"url":"https:\/\/lucaseletro.com.br\/wp-content\/uploads\/2024\/07\/51bfyCYw7lL._AC_SL1000_.jpg","type":"image\/jpeg"}],"twitter_card":"summary_large_image","twitter_misc":{"Pre\u00e7o":"&#82;&#36;1.899,00","Disponibilidade":"Em Estoque"},"schema":{"@context":"https:\/\/schema.org","@graph":[{"@type":"WebPage","@id":"https:\/\/lucaseletro.com.br\/?product=tv-panasonic-32-polegadas-lcd-led-32fs500b","url":"https:\/\/lucaseletro.com.br\/?product=tv-panasonic-32-polegadas-lcd-led-32fs500b","name":"TV HQ SMART 32 PLGDS 127V - Lucas Eletro","isPartOf":{"@id":"https:\/\/lucaseletro.com.br\/#website"},"primaryImageOfPage":{"@id":"https:\/\/lucaseletro.com.br\/?product=tv-panasonic-32-polegadas-lcd-led-32fs500b#primaryimage"},"image":{"@id":"https:\/\/lucaseletro.com.br\/?product=tv-panasonic-32-polegadas-lcd-led-32fs500b#primaryimage"},"thumbnailUrl":"https:\/\/lucaseletro.com.br\/wp-content\/uploads\/2024\/07\/51bfyCYw7lL._AC_SL1000_.jpg","datePublished":"2024-07-30T19:53:57+00:00","dateModified":"2025-09-04T12:31:59+00:00","description":"TV HQ SMART 32 PLGDS 127V","breadcrumb":{"@id":"https:\/\/lucaseletro.com.br\/?product=tv-panasonic-32-polegadas-lcd-led-32fs500b#breadcrumb"},"inLanguage":"pt-BR","potentialAction":[{"@type":"ReadAction","target":["https:\/\/lucaseletro.com.br\/?product=tv-panasonic-32-polegadas-lcd-led-32fs500b"]}]},{"@type":"ImageObject","inLanguage":"pt-BR","@id":"https:\/\/lucaseletro.com.br\/?product=tv-panasonic-32-polegadas-lcd-led-32fs500b#primaryimage","url":"https:\/\/lucaseletro.com.br\/wp-content\/uploads\/2024\/07\/51bfyCYw7lL._AC_SL1000_.jpg","contentUrl":"https:\/\/lucaseletro.com.br\/wp-content\/uploads\/2024\/07\/51bfyCYw7lL._AC_SL1000_.jpg","width":762,"height":657},{"@type":"BreadcrumbList","@id":"https:\/\/lucaseletro.com.br\/?product=tv-panasonic-32-polegadas-lcd-led-32fs500b#breadcrumb","itemListElement":[{"@type":"ListItem","position":1,"name":"In\u00edcio","item":"https:\/\/lucaseletro.com.br\/"},{"@type":"ListItem","position":2,"name":"Loja","item":"https:\/\/lucaseletro.com.br\/?page_id=11"},{"@type":"ListItem","position":3,"name":"TV HQ SMART 32 PLGDS 127V"}]},{"@type":"WebSite","@id":"https:\/\/lucaseletro.com.br\/#website","url":"https:\/\/lucaseletro.com.br\/","name":"Lucas Eletro","description":"Realizando seus sonhos","publisher":{"@id":"https:\/\/lucaseletro.com.br\/#organization"},"alternateName":"Lucas Eletro","potentialAction":[{"@type":"SearchAction","target":{"@type":"EntryPoint","urlTemplate":"https:\/\/lucaseletro.com.br\/?s={search_term_string}"},"query-input":{"@type":"PropertyValueSpecification","valueRequired":true,"valueName":"search_term_string"}}],"inLanguage":"pt-BR"},{"@type":"Organization","@id":"https:\/\/lucaseletro.com.br\/#organization","name":"Lucas Eletro","alternateName":"Lucas Eletro","url":"https:\/\/lucaseletro.com.br\/","logo":{"@type":"ImageObject","inLanguage":"pt-BR","@id":"https:\/\/lucaseletro.com.br\/#\/schema\/logo\/image\/","url":"https:\/\/lucaseletro.com.br\/wp-content\/uploads\/2024\/08\/Logo-WebP.webp","contentUrl":"https:\/\/lucaseletro.com.br\/wp-content\/uploads\/2024\/08\/Logo-WebP.webp","width":1366,"height":457,"caption":"Lucas Eletro"},"image":{"@id":"https:\/\/lucaseletro.com.br\/#\/schema\/logo\/image\/"},"sameAs":["https:\/\/www.facebook.com\/lucas.eletro.71"]}]},"product_price_amount":"1899.00","product_price_currency":"BRL","og_availability":"instock","product_availability":"instock","product_condition":"new"},"_links":{"self":[{"href":"https:\/\/lucaseletro.com.br\/index.php?rest_route=\/wp\/v2\/product\/1903","targetHints":{"allow":["GET"]}}],"collection":[{"href":"https:\/\/lucaseletro.com.br\/index.php?rest_route=\/wp\/v2\/product"}],"about":[{"href":"https:\/\/lucaseletro.com.br\/index.php?rest_route=\/wp\/v2\/types\/product"}],"replies":[{"embeddable":true,"href":"https:\/\/lucaseletro.com.br\/index.php?rest_route=%2Fwp%2Fv2%2Fcomments&post=1903"}],"wp:featuredmedia":[{"embeddable":true,"href":"https:\/\/lucaseletro.com.br\/index.php?rest_route=\/wp\/v2\/media\/4404"}],"wp:attachment":[{"href":"https:\/\/lucaseletro.com.br\/index.php?rest_route=%2Fwp%2Fv2%2Fmedia&parent=1903"}],"wp:term":[{"taxonomy":"product_brand","embeddable":true,"href":"https:\/\/lucaseletro.com.br\/index.php?rest_route=%2Fwp%2Fv2%2Fproduct_brand&post=1903"},{"taxonomy":"product_cat","embeddable":true,"href":"https:\/\/lucaseletro.com.br\/index.php?rest_route=%2Fwp%2Fv2%2Fproduct_cat&post=1903"},{"taxonomy":"product_tag","embeddable":true,"href":"https:\/\/lucaseletro.com.br\/index.php?rest_route=%2Fwp%2Fv2%2Fproduct_tag&post=1903"}],"curies":[{"name":"wp","href":"https:\/\/api.w.org\/{rel}","templated":true}]}}