{"id":2383,"date":"2024-07-30T16:55:27","date_gmt":"2024-07-30T19:55:27","guid":{"rendered":"https:\/\/lucaseletro.com.br\/product\/sofa-2x3-lugares-veneza-marron\/"},"modified":"2025-09-01T15:07:13","modified_gmt":"2025-09-01T18:07:13","slug":"sofa-2x3-lugares-veneza-marron","status":"publish","type":"product","link":"https:\/\/lucaseletro.com.br\/?product=sofa-2x3-lugares-veneza-marron","title":{"rendered":"SOFA 2X3 LUGARES VENEZA MARRON"},"content":{"rendered":"<table class=\"table table-zebra pair-table pair-table-big characteristics-table\">\n<tbody>\n<tr>\n<th class=\"color-default-dark\">Quantidade de Lugares<\/th>\n<td class=\"color-default-dark\">3 lugar(es)<\/td>\n<\/tr>\n<tr>\n<th class=\"color-default-dark\">Tipo do Sof\u00e1<\/th>\n<td class=\"color-default-dark\">Simples<\/td>\n<\/tr>\n<tr>\n<th class=\"color-default-dark\">Cor<\/th>\n<td class=\"color-default-dark\">Marrom<\/td>\n<\/tr>\n<tr>\n<th class=\"color-default-dark\">Tonalidade<\/th>\n<td class=\"color-default-dark\">Marrom<\/td>\n<\/tr>\n<tr>\n<th class=\"color-default-dark\">Tipo de Tecido<\/th>\n<td class=\"color-default-dark\">Suede<\/td>\n<\/tr>\n<tr>\n<th class=\"color-default-dark\">Assento Retr\u00e1til<\/th>\n<td class=\"color-default-dark\">N\u00e3o Retr\u00e1til<\/td>\n<\/tr>\n<tr>\n<th class=\"color-default-dark\">Possui Encosto<\/th>\n<td class=\"color-default-dark\">Com Encosto<\/td>\n<\/tr>\n<tr>\n<th class=\"color-default-dark\">Encosto Reclin\u00e1vel<\/th>\n<td class=\"color-default-dark\">N\u00e3o Reclin\u00e1vel<\/td>\n<\/tr>\n<tr>\n<th class=\"color-default-dark\">Material<\/th>\n<td class=\"color-default-dark\">Madeira<\/td>\n<\/tr>\n<tr>\n<th class=\"color-default-dark\">Produto<\/th>\n<td class=\"color-default-dark\">Conjunto de Sof\u00e1<\/td>\n<\/tr>\n<tr>\n<th class=\"color-default-dark\">Marca<\/th>\n<td class=\"color-default-dark\">Nutri Family<\/td>\n<\/tr>\n<tr>\n<th class=\"color-default-dark\">Altura<\/th>\n<td class=\"color-default-dark\">90,00 cm<\/td>\n<\/tr>\n<tr>\n<th class=\"color-default-dark\">Largura<\/th>\n<td class=\"color-default-dark\">250,00 cm<\/td>\n<\/tr>\n<tr>\n<th class=\"color-default-dark\">Peso do Produto<\/th>\n<td class=\"color-default-dark\">35,00 Kg<\/td>\n<\/tr>\n<tr>\n<th class=\"color-default-dark\">Acompanha Rodas<\/th>\n<td class=\"color-default-dark\">sem Rodas<\/td>\n<\/tr>\n<tr>\n<th class=\"color-default-dark\">Complexidade de Montagem<\/th>\n<td class=\"color-default-dark\">Baixa: pode ser montado por uma pessoa leiga<\/td>\n<\/tr>\n<tr>\n<th class=\"color-default-dark\">C\u00f4modo Indicado<\/th>\n<td class=\"color-default-dark\">Salas<\/td>\n<\/tr>\n<tr>\n<th class=\"color-default-dark\">Garantia do Fabricante<\/th>\n<td class=\"color-default-dark\">3 mes(es)<\/td>\n<\/tr>\n<\/tbody>\n<\/table>\n","protected":false},"excerpt":{"rendered":"<table class=\"table table-zebra pair-table pair-table-big characteristics-table\">\n<tbody>\n<tr>\n<th class=\"color-default-dark\">Quantidade de Lugares<\/th>\n<td class=\"color-default-dark\">3 lugar(es)<\/td>\n<\/tr>\n<tr>\n<th class=\"color-default-dark\">Tipo do Sof\u00e1<\/th>\n<td class=\"color-default-dark\">Simples<\/td>\n<\/tr>\n<tr>\n<th class=\"color-default-dark\">Cor<\/th>\n<td class=\"color-default-dark\">Marrom<\/td>\n<\/tr>\n<tr>\n<th class=\"color-default-dark\">Tonalidade<\/th>\n<td class=\"color-default-dark\">Marrom<\/td>\n<\/tr>\n<tr>\n<th class=\"color-default-dark\">Tipo de Tecido<\/th>\n<td class=\"color-default-dark\">Suede<\/td>\n<\/tr>\n<tr>\n<th class=\"color-default-dark\">Assento Retr\u00e1til<\/th>\n<td class=\"color-default-dark\">N\u00e3o Retr\u00e1til<\/td>\n<\/tr>\n<tr>\n<th class=\"color-default-dark\">Possui Encosto<\/th>\n<td class=\"color-default-dark\">Com Encosto<\/td>\n<\/tr>\n<tr>\n<th class=\"color-default-dark\">Encosto Reclin\u00e1vel<\/th>\n<td class=\"color-default-dark\">N\u00e3o Reclin\u00e1vel<\/td>\n<\/tr>\n<tr>\n<th class=\"color-default-dark\">Material<\/th>\n<td class=\"color-default-dark\">Madeira<\/td>\n<\/tr>\n<tr>\n<th class=\"color-default-dark\">Produto<\/th>\n<td class=\"color-default-dark\">Conjunto de Sof\u00e1<\/td>\n<\/tr>\n<tr>\n<th class=\"color-default-dark\">Marca<\/th>\n<td class=\"color-default-dark\">Nutri Family<\/td>\n<\/tr>\n<tr>\n<th class=\"color-default-dark\">Altura<\/th>\n<td class=\"color-default-dark\">90,00 cm<\/td>\n<\/tr>\n<tr>\n<th class=\"color-default-dark\">Largura<\/th>\n<td class=\"color-default-dark\">250,00 cm<\/td>\n<\/tr>\n<tr>\n<th class=\"color-default-dark\">Peso do Produto<\/th>\n<td class=\"color-default-dark\">35,00 Kg<\/td>\n<\/tr>\n<tr>\n<th class=\"color-default-dark\">Acompanha Rodas<\/th>\n<td class=\"color-default-dark\">sem Rodas<\/td>\n<\/tr>\n<tr>\n<th class=\"color-default-dark\">Complexidade de Montagem<\/th>\n<td class=\"color-default-dark\">Baixa: pode ser montado por uma pessoa leiga<\/td>\n<\/tr>\n<tr>\n<th class=\"color-default-dark\">C\u00f4modo Indicado<\/th>\n<td class=\"color-default-dark\">Salas<\/td>\n<\/tr>\n<tr>\n<th class=\"color-default-dark\">Garantia do Fabricante<\/th>\n<td class=\"color-default-dark\">3 mes(es)<\/td>\n<\/tr>\n<\/tbody>\n<\/table>\n","protected":false},"featured_media":4353,"comment_status":"open","ping_status":"closed","template":"","meta":[],"product_brand":[],"product_cat":[83,84],"product_tag":[],"class_list":{"0":"post-2383","1":"product","2":"type-product","3":"status-publish","4":"has-post-thumbnail","6":"product_cat-decoracao","7":"product_cat-sofas","9":"first","10":"instock","11":"shipping-taxable","12":"purchasable","13":"product-type-simple"},"yoast_head":"<!-- This site is optimized with the Yoast SEO Premium plugin v23.3 (Yoast SEO v27.5) - https:\/\/yoast.com\/product\/yoast-seo-premium-wordpress\/ -->\n<title>SOFA 2X3 LUGARES VENEZA MARRON - Lucas Eletro<\/title>\n<meta name=\"description\" content=\"SOFA 2X3 LUGARES VENEZA MARRON\" \/>\n<meta name=\"robots\" content=\"index, follow, max-snippet:-1, max-image-preview:large, max-video-preview:-1\" \/>\n<link rel=\"canonical\" href=\"https:\/\/lucaseletro.com.br\/?product=sofa-2x3-lugares-veneza-marron\" \/>\n<meta property=\"og:locale\" content=\"pt_BR\" \/>\n<meta property=\"og:type\" content=\"article\" \/>\n<meta property=\"og:title\" content=\"SOFA 2X3 LUGARES VENEZA MARRON - &#082;&#036;1.199,00 - Lucas Eletro\" \/>\n<meta property=\"og:description\" content=\"Quantidade de Lugares 3 lugar(es)   Tipo do Sof\u00e1 Simples   Cor Marrom   Tonalidade Marrom   Tipo de Tecido Suede   Assento Retr\u00e1til N\u00e3o Retr\u00e1til   Possui Encosto Com Encosto   Encosto Reclin\u00e1vel N\u00e3o Reclin\u00e1vel   Material Madeira   Produto Conjunto de Sof\u00e1   Marca Nutri Family   Altura 90,00 cm   Largura 250,00 cm   Peso do Produto 35,00 Kg   Acompanha Rodas sem Rodas   Complexidade de Montagem Baixa: pode ser montado por uma pessoa leiga   C\u00f4modo Indicado Salas   Garantia do Fabricante 3 mes(es)\" \/>\n<meta property=\"og:url\" content=\"https:\/\/lucaseletro.com.br\/?product=sofa-2x3-lugares-veneza-marron\" \/>\n<meta property=\"og:site_name\" content=\"Lucas Eletro\" \/>\n<meta property=\"article:publisher\" content=\"https:\/\/www.facebook.com\/lucas.eletro.71\" \/>\n<meta property=\"article:modified_time\" content=\"2025-09-01T18:07:13+00:00\" \/>\n<meta property=\"og:image\" content=\"https:\/\/lucaseletro.com.br\/wp-content\/uploads\/2024\/07\/conjunto_sofa_veneza_2_e_3_lugares_com_encosto_fixo_family_es_1570472904_be20_600x600.jpg\" \/>\n\t<meta property=\"og:image:width\" content=\"600\" \/>\n\t<meta property=\"og:image:height\" content=\"600\" \/>\n\t<meta property=\"og:image:type\" content=\"image\/jpeg\" \/>\n<meta name=\"twitter:card\" content=\"summary_large_image\" \/>\n<meta name=\"twitter:label1\" content=\"Pre\u00e7o\" \/>\n\t<meta name=\"twitter:data1\" content=\"&#082;&#036;1.199,00\" \/>\n\t<meta name=\"twitter:label2\" content=\"Disponibilidade\" \/>\n\t<meta name=\"twitter:data2\" content=\"Em Estoque\" \/>\n<script type=\"application\/ld+json\" class=\"yoast-schema-graph\">{\"@context\":\"https:\\\/\\\/schema.org\",\"@graph\":[{\"@type\":\"WebPage\",\"@id\":\"https:\\\/\\\/lucaseletro.com.br\\\/?product=sofa-2x3-lugares-veneza-marron\",\"url\":\"https:\\\/\\\/lucaseletro.com.br\\\/?product=sofa-2x3-lugares-veneza-marron\",\"name\":\"SOFA 2X3 LUGARES VENEZA MARRON - Lucas Eletro\",\"isPartOf\":{\"@id\":\"https:\\\/\\\/lucaseletro.com.br\\\/#website\"},\"primaryImageOfPage\":{\"@id\":\"https:\\\/\\\/lucaseletro.com.br\\\/?product=sofa-2x3-lugares-veneza-marron#primaryimage\"},\"image\":{\"@id\":\"https:\\\/\\\/lucaseletro.com.br\\\/?product=sofa-2x3-lugares-veneza-marron#primaryimage\"},\"thumbnailUrl\":\"https:\\\/\\\/lucaseletro.com.br\\\/wp-content\\\/uploads\\\/2024\\\/07\\\/conjunto_sofa_veneza_2_e_3_lugares_com_encosto_fixo_family_es_1570472904_be20_600x600.jpg\",\"datePublished\":\"2024-07-30T19:55:27+00:00\",\"dateModified\":\"2025-09-01T18:07:13+00:00\",\"description\":\"SOFA 2X3 LUGARES VENEZA MARRON\",\"breadcrumb\":{\"@id\":\"https:\\\/\\\/lucaseletro.com.br\\\/?product=sofa-2x3-lugares-veneza-marron#breadcrumb\"},\"inLanguage\":\"pt-BR\",\"potentialAction\":[{\"@type\":\"ReadAction\",\"target\":[\"https:\\\/\\\/lucaseletro.com.br\\\/?product=sofa-2x3-lugares-veneza-marron\"]}]},{\"@type\":\"ImageObject\",\"inLanguage\":\"pt-BR\",\"@id\":\"https:\\\/\\\/lucaseletro.com.br\\\/?product=sofa-2x3-lugares-veneza-marron#primaryimage\",\"url\":\"https:\\\/\\\/lucaseletro.com.br\\\/wp-content\\\/uploads\\\/2024\\\/07\\\/conjunto_sofa_veneza_2_e_3_lugares_com_encosto_fixo_family_es_1570472904_be20_600x600.jpg\",\"contentUrl\":\"https:\\\/\\\/lucaseletro.com.br\\\/wp-content\\\/uploads\\\/2024\\\/07\\\/conjunto_sofa_veneza_2_e_3_lugares_com_encosto_fixo_family_es_1570472904_be20_600x600.jpg\",\"width\":600,\"height\":600},{\"@type\":\"BreadcrumbList\",\"@id\":\"https:\\\/\\\/lucaseletro.com.br\\\/?product=sofa-2x3-lugares-veneza-marron#breadcrumb\",\"itemListElement\":[{\"@type\":\"ListItem\",\"position\":1,\"name\":\"In\u00edcio\",\"item\":\"https:\\\/\\\/lucaseletro.com.br\\\/\"},{\"@type\":\"ListItem\",\"position\":2,\"name\":\"Loja\",\"item\":\"https:\\\/\\\/lucaseletro.com.br\\\/?page_id=11\"},{\"@type\":\"ListItem\",\"position\":3,\"name\":\"SOFA 2X3 LUGARES VENEZA MARRON\"}]},{\"@type\":\"WebSite\",\"@id\":\"https:\\\/\\\/lucaseletro.com.br\\\/#website\",\"url\":\"https:\\\/\\\/lucaseletro.com.br\\\/\",\"name\":\"Lucas Eletro\",\"description\":\"Realizando seus sonhos\",\"publisher\":{\"@id\":\"https:\\\/\\\/lucaseletro.com.br\\\/#organization\"},\"alternateName\":\"Lucas Eletro\",\"potentialAction\":[{\"@type\":\"SearchAction\",\"target\":{\"@type\":\"EntryPoint\",\"urlTemplate\":\"https:\\\/\\\/lucaseletro.com.br\\\/?s={search_term_string}\"},\"query-input\":{\"@type\":\"PropertyValueSpecification\",\"valueRequired\":true,\"valueName\":\"search_term_string\"}}],\"inLanguage\":\"pt-BR\"},{\"@type\":\"Organization\",\"@id\":\"https:\\\/\\\/lucaseletro.com.br\\\/#organization\",\"name\":\"Lucas Eletro\",\"alternateName\":\"Lucas Eletro\",\"url\":\"https:\\\/\\\/lucaseletro.com.br\\\/\",\"logo\":{\"@type\":\"ImageObject\",\"inLanguage\":\"pt-BR\",\"@id\":\"https:\\\/\\\/lucaseletro.com.br\\\/#\\\/schema\\\/logo\\\/image\\\/\",\"url\":\"https:\\\/\\\/lucaseletro.com.br\\\/wp-content\\\/uploads\\\/2024\\\/08\\\/Logo-WebP.webp\",\"contentUrl\":\"https:\\\/\\\/lucaseletro.com.br\\\/wp-content\\\/uploads\\\/2024\\\/08\\\/Logo-WebP.webp\",\"width\":1366,\"height\":457,\"caption\":\"Lucas Eletro\"},\"image\":{\"@id\":\"https:\\\/\\\/lucaseletro.com.br\\\/#\\\/schema\\\/logo\\\/image\\\/\"},\"sameAs\":[\"https:\\\/\\\/www.facebook.com\\\/lucas.eletro.71\"]}]}<\/script>\n<meta property=\"product:price:amount\" content=\"1199.00\" \/>\n<meta property=\"product:price:currency\" content=\"BRL\" \/>\n<meta property=\"og:availability\" content=\"instock\" \/>\n<meta property=\"product:availability\" content=\"instock\" \/>\n<meta property=\"product:condition\" content=\"new\" \/>\n<!-- \/ Yoast SEO Premium plugin. -->","yoast_head_json":{"title":"SOFA 2X3 LUGARES VENEZA MARRON - Lucas Eletro","description":"SOFA 2X3 LUGARES VENEZA MARRON","robots":{"index":"index","follow":"follow","max-snippet":"max-snippet:-1","max-image-preview":"max-image-preview:large","max-video-preview":"max-video-preview:-1"},"canonical":"https:\/\/lucaseletro.com.br\/?product=sofa-2x3-lugares-veneza-marron","og_locale":"pt_BR","og_type":"article","og_title":"SOFA 2X3 LUGARES VENEZA MARRON - &#82;&#36;1.199,00 - Lucas Eletro","og_description":"Quantidade de Lugares 3 lugar(es)   Tipo do Sof\u00e1 Simples   Cor Marrom   Tonalidade Marrom   Tipo de Tecido Suede   Assento Retr\u00e1til N\u00e3o Retr\u00e1til   Possui Encosto Com Encosto   Encosto Reclin\u00e1vel N\u00e3o Reclin\u00e1vel   Material Madeira   Produto Conjunto de Sof\u00e1   Marca Nutri Family   Altura 90,00 cm   Largura 250,00 cm   Peso do Produto 35,00 Kg   Acompanha Rodas sem Rodas   Complexidade de Montagem Baixa: pode ser montado por uma pessoa leiga   C\u00f4modo Indicado Salas   Garantia do Fabricante 3 mes(es)","og_url":"https:\/\/lucaseletro.com.br\/?product=sofa-2x3-lugares-veneza-marron","og_site_name":"Lucas Eletro","article_publisher":"https:\/\/www.facebook.com\/lucas.eletro.71","article_modified_time":"2025-09-01T18:07:13+00:00","og_image":[{"width":600,"height":600,"url":"https:\/\/lucaseletro.com.br\/wp-content\/uploads\/2024\/07\/conjunto_sofa_veneza_2_e_3_lugares_com_encosto_fixo_family_es_1570472904_be20_600x600.jpg","type":"image\/jpeg"}],"twitter_card":"summary_large_image","twitter_misc":{"Pre\u00e7o":"&#82;&#36;1.199,00","Disponibilidade":"Em Estoque"},"schema":{"@context":"https:\/\/schema.org","@graph":[{"@type":"WebPage","@id":"https:\/\/lucaseletro.com.br\/?product=sofa-2x3-lugares-veneza-marron","url":"https:\/\/lucaseletro.com.br\/?product=sofa-2x3-lugares-veneza-marron","name":"SOFA 2X3 LUGARES VENEZA MARRON - Lucas Eletro","isPartOf":{"@id":"https:\/\/lucaseletro.com.br\/#website"},"primaryImageOfPage":{"@id":"https:\/\/lucaseletro.com.br\/?product=sofa-2x3-lugares-veneza-marron#primaryimage"},"image":{"@id":"https:\/\/lucaseletro.com.br\/?product=sofa-2x3-lugares-veneza-marron#primaryimage"},"thumbnailUrl":"https:\/\/lucaseletro.com.br\/wp-content\/uploads\/2024\/07\/conjunto_sofa_veneza_2_e_3_lugares_com_encosto_fixo_family_es_1570472904_be20_600x600.jpg","datePublished":"2024-07-30T19:55:27+00:00","dateModified":"2025-09-01T18:07:13+00:00","description":"SOFA 2X3 LUGARES VENEZA MARRON","breadcrumb":{"@id":"https:\/\/lucaseletro.com.br\/?product=sofa-2x3-lugares-veneza-marron#breadcrumb"},"inLanguage":"pt-BR","potentialAction":[{"@type":"ReadAction","target":["https:\/\/lucaseletro.com.br\/?product=sofa-2x3-lugares-veneza-marron"]}]},{"@type":"ImageObject","inLanguage":"pt-BR","@id":"https:\/\/lucaseletro.com.br\/?product=sofa-2x3-lugares-veneza-marron#primaryimage","url":"https:\/\/lucaseletro.com.br\/wp-content\/uploads\/2024\/07\/conjunto_sofa_veneza_2_e_3_lugares_com_encosto_fixo_family_es_1570472904_be20_600x600.jpg","contentUrl":"https:\/\/lucaseletro.com.br\/wp-content\/uploads\/2024\/07\/conjunto_sofa_veneza_2_e_3_lugares_com_encosto_fixo_family_es_1570472904_be20_600x600.jpg","width":600,"height":600},{"@type":"BreadcrumbList","@id":"https:\/\/lucaseletro.com.br\/?product=sofa-2x3-lugares-veneza-marron#breadcrumb","itemListElement":[{"@type":"ListItem","position":1,"name":"In\u00edcio","item":"https:\/\/lucaseletro.com.br\/"},{"@type":"ListItem","position":2,"name":"Loja","item":"https:\/\/lucaseletro.com.br\/?page_id=11"},{"@type":"ListItem","position":3,"name":"SOFA 2X3 LUGARES VENEZA MARRON"}]},{"@type":"WebSite","@id":"https:\/\/lucaseletro.com.br\/#website","url":"https:\/\/lucaseletro.com.br\/","name":"Lucas Eletro","description":"Realizando seus sonhos","publisher":{"@id":"https:\/\/lucaseletro.com.br\/#organization"},"alternateName":"Lucas Eletro","potentialAction":[{"@type":"SearchAction","target":{"@type":"EntryPoint","urlTemplate":"https:\/\/lucaseletro.com.br\/?s={search_term_string}"},"query-input":{"@type":"PropertyValueSpecification","valueRequired":true,"valueName":"search_term_string"}}],"inLanguage":"pt-BR"},{"@type":"Organization","@id":"https:\/\/lucaseletro.com.br\/#organization","name":"Lucas Eletro","alternateName":"Lucas Eletro","url":"https:\/\/lucaseletro.com.br\/","logo":{"@type":"ImageObject","inLanguage":"pt-BR","@id":"https:\/\/lucaseletro.com.br\/#\/schema\/logo\/image\/","url":"https:\/\/lucaseletro.com.br\/wp-content\/uploads\/2024\/08\/Logo-WebP.webp","contentUrl":"https:\/\/lucaseletro.com.br\/wp-content\/uploads\/2024\/08\/Logo-WebP.webp","width":1366,"height":457,"caption":"Lucas Eletro"},"image":{"@id":"https:\/\/lucaseletro.com.br\/#\/schema\/logo\/image\/"},"sameAs":["https:\/\/www.facebook.com\/lucas.eletro.71"]}]},"product_price_amount":"1199.00","product_price_currency":"BRL","og_availability":"instock","product_availability":"instock","product_condition":"new"},"_links":{"self":[{"href":"https:\/\/lucaseletro.com.br\/index.php?rest_route=\/wp\/v2\/product\/2383","targetHints":{"allow":["GET"]}}],"collection":[{"href":"https:\/\/lucaseletro.com.br\/index.php?rest_route=\/wp\/v2\/product"}],"about":[{"href":"https:\/\/lucaseletro.com.br\/index.php?rest_route=\/wp\/v2\/types\/product"}],"replies":[{"embeddable":true,"href":"https:\/\/lucaseletro.com.br\/index.php?rest_route=%2Fwp%2Fv2%2Fcomments&post=2383"}],"wp:featuredmedia":[{"embeddable":true,"href":"https:\/\/lucaseletro.com.br\/index.php?rest_route=\/wp\/v2\/media\/4353"}],"wp:attachment":[{"href":"https:\/\/lucaseletro.com.br\/index.php?rest_route=%2Fwp%2Fv2%2Fmedia&parent=2383"}],"wp:term":[{"taxonomy":"product_brand","embeddable":true,"href":"https:\/\/lucaseletro.com.br\/index.php?rest_route=%2Fwp%2Fv2%2Fproduct_brand&post=2383"},{"taxonomy":"product_cat","embeddable":true,"href":"https:\/\/lucaseletro.com.br\/index.php?rest_route=%2Fwp%2Fv2%2Fproduct_cat&post=2383"},{"taxonomy":"product_tag","embeddable":true,"href":"https:\/\/lucaseletro.com.br\/index.php?rest_route=%2Fwp%2Fv2%2Fproduct_tag&post=2383"}],"curies":[{"name":"wp","href":"https:\/\/api.w.org\/{rel}","templated":true}]}}