{"id":2520,"date":"2024-07-30T16:55:47","date_gmt":"2024-07-30T19:55:47","guid":{"rendered":"https:\/\/lucaseletro.com.br\/product\/fogao-esmaltec-bali-6bocas-s-a\/"},"modified":"2025-09-08T15:52:39","modified_gmt":"2025-09-08T18:52:39","slug":"fogao-esmaltec-bali-6bocas-s-a","status":"publish","type":"product","link":"https:\/\/lucaseletro.com.br\/?product=fogao-esmaltec-bali-6bocas-s-a","title":{"rendered":"FOGAO CLARICE DELLICATO 6BOCAS S\/A BRANCO"},"content":{"rendered":"<section class=\"Region col-12 bottom-spacing-4\">\n<div class=\"css-0\">\n<section class=\"Region col-12 content-max-width\">\n<div id=\"accordion-informations\" class=\"css-0\">\n<div class=\"chakra-accordion css-0\">\n<div class=\"chakra-accordion__item css-1e6s15y\">\n<div class=\"chakra-collapse\">\n<div id=\"accordion-panel-35\" class=\"chakra-accordion__panel css-dk0rzi\" role=\"region\" aria-labelledby=\"accordion-button-35\">\n<p class=\"chakra-text css-rszk63\">Descri\u00e7\u00e3o do Produto<\/p>\n<div>\n<p><b>Produto: Fog\u00e3o Clarice Delicato 6 Bocas Branco\u00a0<\/b><\/p>\n<p><b>Categoria:\u00a0<\/b><a href=\"https:\/\/www.zema.com\/eletrodomesticos\">Fog\u00f5es<\/a><b>\u00a0<\/b><\/p>\n<p class=\"x_MsoNoSpacing x_ContentPasted1\">O Fog\u00e3o Delicato \u00e9 a combina\u00e7\u00e3o perfeita de design diferenciado, beleza e praticidade, trazendo um toque refinado \u00e0 sua cozinha. Com seis bocas, das quais quatro s\u00e3o de tamanho m\u00e9dio e duas grandes, este fog\u00e3o \u00e9 ideal para quem valoriza a versatilidade na culin\u00e1ria.<\/p>\n<p class=\"x_MsoNoSpacing x_ContentPasted1\">As bocas e trempes esmaltadas garantem estabilidade \u00e0s panelas, evitando que escorreguem durante o preparo das suas refei\u00e7\u00f5es. Al\u00e9m disso, o forno espa\u00e7oso de 84 litros apresenta um revestimento interno Easy Clean, tornando a limpeza uma tarefa simples e r\u00e1pida.<\/p>\n<p class=\"x_MsoNoSpacing x_ContentPasted1\">O Fog\u00e3o a G\u00e1s Clarice Delicato n\u00e3o s\u00f3 aprimora a est\u00e9tica da sua cozinha, mas tamb\u00e9m oferece funcionalidades que tornam a culin\u00e1ria mais pr\u00e1tica e agrad\u00e1vel. Desfrute da combina\u00e7\u00e3o de beleza e efici\u00eancia que s\u00f3 a Clarice pode proporcionar.<\/p>\n<\/div>\n<p class=\"chakra-text css-rszk63\">Informa\u00e7\u00f5es Adicionais<\/p>\n<div>Queimadores estampados Trempes esmaltadas Mesa em a\u00e7o inox Forno easy clean Porta do forno com vidro duplo Dimens\u00f5es em cm: 73Lx60Px88A Peso do produto em Kg: 29 KG Material de fabrica\u00e7\u00e3o: A\u00e7o Capacidade: 84L Rendimento m\u00e9dio dos queimadores: 64% Classifica\u00e7\u00e3o: A Consumo do forno: 0,139 kg\/h Classifica\u00e7\u00e3o: B Painel: FRONT CONTROL Pot\u00eancia: Queimadores r\u00e1pidos: 2q\/ 1,8 kw; Queimadores semirr\u00e1pidos: 4q\/ 1,6 kw; Pot\u00eancia do forno: 3,3 kw<\/div>\n<\/div>\n<\/div>\n<\/div>\n<\/div>\n<\/div>\n<div id=\"accordion-features\" class=\"css-0\">\n<div class=\"chakra-accordion css-0\">\n<div class=\"chakra-accordion__item css-pfhmqd\">\n<h2><button class=\"chakra-accordion__button css-yzwyuh\" type=\"button\" aria-expanded=\"true\" aria-controls=\"accordion-panel-36\" data-index=\"0\"><strong class=\"css-17fsri8\">Caracter\u00edsticas do produto<\/strong><\/button><\/h2>\n<div class=\"css-0\"><\/div>\n<div class=\"chakra-collapse\">\n<div id=\"accordion-panel-36\" class=\"chakra-accordion__panel css-1b6guds\" role=\"region\" aria-labelledby=\"accordion-button-36\">\n<hr class=\"chakra-divider css-npdsup\" aria-orientation=\"horizontal\" \/>\n<div class=\"chakra-table__container css-zipzvv\">\n<table class=\"chakra-table css-5605sr\" role=\"table\">\n<tbody class=\"css-0\">\n<tr class=\"css-1qdje9o\" role=\"row\">\n<td class=\"css-1y2hf86\" role=\"gridcell\">Tipo de fog\u00e3o<\/td>\n<td class=\"css-1rt226l\" role=\"gridcell\">Fog\u00e3o de Piso<\/td>\n<\/tr>\n<tr class=\"css-1lg94z5\" role=\"row\">\n<td class=\"css-1y2hf86\" role=\"gridcell\">Queimadores<\/td>\n<td class=\"css-1rt226l\" role=\"gridcell\">6 Bocas<\/td>\n<\/tr>\n<tr class=\"css-1qdje9o\" role=\"row\">\n<td class=\"css-1y2hf86\" role=\"gridcell\">Garantia<\/td>\n<td class=\"css-1rt226l\" role=\"gridcell\">12 Meses<\/td>\n<\/tr>\n<tr class=\"css-1lg94z5\" role=\"row\">\n<td class=\"css-1rt226l\" role=\"gridcell\" colspan=\"2\">\n<p class=\"chakra-text css-vvzlcw\">Informa\u00e7\u00f5es adicionais<\/p>\n<p class=\"chakra-text css-0\">Queimadores estampados Trempes esmaltadas Mesa em a\u00e7o inox Forno easy clean Porta do forno com vidro duplo Dimens\u00f5es em cm: 73Lx60Px88A Peso do produto em Kg: 29 KG Material de fabrica\u00e7\u00e3o: A\u00e7o Capacidade: 84L Rendimento m\u00e9dio dos queimadores: 64% Classifica\u00e7\u00e3o: A Consumo do forno: 0,139 kg\/h Classifica\u00e7\u00e3o: B Painel: FRONT CONTROL Pot\u00eancia: Queimadores r\u00e1pidos: 2q\/ 1,8 kw; Queimadores semirr\u00e1pidos: 4q\/ 1,6 kw; Pot\u00eancia do forno: 3,3 kw<\/p>\n<\/td>\n<\/tr>\n<\/tbody>\n<\/table>\n<\/div>\n<\/div>\n<\/div>\n<\/div>\n<\/div>\n<\/div>\n<\/section>\n<\/div>\n<\/section>\n<section class=\"Region col-12 content-max-width\">\n<div id=\"vurdere-socialexpressions\">\n<section class=\"vrd-social__sc-516b9087-0 fQOjkv\">\n<div class=\"vrd-social__sc-a29b933e-0 cVAxHM\"><span class=\"vrd-social__sc-71f93f87-0 bMVxSn vrd-social__sc-71f93f87-15 kxgWBI\">Rea\u00e7\u00f5es dos clientes<\/span><\/div>\n<\/section>\n<\/div>\n<\/section>\n","protected":false},"excerpt":{"rendered":"<section class=\"Region col-12 bottom-spacing-4\">\n<div class=\"css-0\">\n<section class=\"Region col-12 content-max-width\">\n<div id=\"accordion-informations\" class=\"css-0\">\n<div class=\"chakra-accordion css-0\">\n<div class=\"chakra-accordion__item css-1e6s15y\">\n<div class=\"chakra-collapse\">\n<div id=\"accordion-panel-35\" class=\"chakra-accordion__panel css-dk0rzi\" role=\"region\" aria-labelledby=\"accordion-button-35\">\n<p class=\"chakra-text css-rszk63\">Descri\u00e7\u00e3o do Produto<\/p>\n<div>\n<p><b>Produto: Fog\u00e3o Clarice Delicato 6 Bocas Branco\u00a0<\/b><\/p>\n<p><b>Categoria:\u00a0<\/b><a href=\"https:\/\/www.zema.com\/eletrodomesticos\">Fog\u00f5es<\/a><b>\u00a0<\/b><\/p>\n<p class=\"x_MsoNoSpacing x_ContentPasted1\">O Fog\u00e3o Delicato \u00e9 a combina\u00e7\u00e3o perfeita de design diferenciado, beleza e praticidade, trazendo um toque refinado \u00e0 sua cozinha. Com seis bocas, das quais quatro s\u00e3o de tamanho m\u00e9dio e duas grandes, este fog\u00e3o \u00e9 ideal para quem valoriza a versatilidade na culin\u00e1ria.<\/p>\n<p class=\"x_MsoNoSpacing x_ContentPasted1\">As bocas e trempes esmaltadas garantem estabilidade \u00e0s panelas, evitando que escorreguem durante o preparo das suas refei\u00e7\u00f5es. Al\u00e9m disso, o forno espa\u00e7oso de 84 litros apresenta um revestimento interno Easy Clean, tornando a limpeza uma tarefa simples e r\u00e1pida.<\/p>\n<p class=\"x_MsoNoSpacing x_ContentPasted1\">O Fog\u00e3o a G\u00e1s Clarice Delicato n\u00e3o s\u00f3 aprimora a est\u00e9tica da sua cozinha, mas tamb\u00e9m oferece funcionalidades que tornam a culin\u00e1ria mais pr\u00e1tica e agrad\u00e1vel. Desfrute da combina\u00e7\u00e3o de beleza e efici\u00eancia que s\u00f3 a Clarice pode proporcionar.<\/p>\n<\/div>\n<p class=\"chakra-text css-rszk63\">Informa\u00e7\u00f5es Adicionais<\/p>\n<div>Queimadores estampados Trempes esmaltadas Mesa em a\u00e7o inox Forno easy clean Porta do forno com vidro duplo Dimens\u00f5es em cm: 73Lx60Px88A Peso do produto em Kg: 29 KG Material de fabrica\u00e7\u00e3o: A\u00e7o Capacidade: 84L Rendimento m\u00e9dio dos queimadores: 64% Classifica\u00e7\u00e3o: A Consumo do forno: 0,139 kg\/h Classifica\u00e7\u00e3o: B Painel: FRONT CONTROL Pot\u00eancia: Queimadores r\u00e1pidos: 2q\/ 1,8 kw; Queimadores semirr\u00e1pidos: 4q\/ 1,6 kw; Pot\u00eancia do forno: 3,3 kw<\/div>\n<\/div>\n<\/div>\n<\/div>\n<\/div>\n<\/div>\n<div id=\"accordion-features\" class=\"css-0\">\n<div class=\"chakra-accordion css-0\">\n<div class=\"chakra-accordion__item css-pfhmqd\">\n<h2><button class=\"chakra-accordion__button css-yzwyuh\" type=\"button\" aria-expanded=\"true\" aria-controls=\"accordion-panel-36\" data-index=\"0\"><strong class=\"css-17fsri8\">Caracter\u00edsticas do produto<\/strong><\/button><\/h2>\n<div class=\"css-0\"><\/div>\n<div class=\"chakra-collapse\">\n<div id=\"accordion-panel-36\" class=\"chakra-accordion__panel css-1b6guds\" role=\"region\" aria-labelledby=\"accordion-button-36\">\n<hr class=\"chakra-divider css-npdsup\" aria-orientation=\"horizontal\" \/>\n<div class=\"chakra-table__container css-zipzvv\">\n<table class=\"chakra-table css-5605sr\" role=\"table\">\n<tbody class=\"css-0\">\n<tr class=\"css-1qdje9o\" role=\"row\">\n<td class=\"css-1y2hf86\" role=\"gridcell\">Tipo de fog\u00e3o<\/td>\n<td class=\"css-1rt226l\" role=\"gridcell\">Fog\u00e3o de Piso<\/td>\n<\/tr>\n<tr class=\"css-1lg94z5\" role=\"row\">\n<td class=\"css-1y2hf86\" role=\"gridcell\">Queimadores<\/td>\n<td class=\"css-1rt226l\" role=\"gridcell\">6 Bocas<\/td>\n<\/tr>\n<tr class=\"css-1qdje9o\" role=\"row\">\n<td class=\"css-1y2hf86\" role=\"gridcell\">Garantia<\/td>\n<td class=\"css-1rt226l\" role=\"gridcell\">12 Meses<\/td>\n<\/tr>\n<tr class=\"css-1lg94z5\" role=\"row\">\n<td class=\"css-1rt226l\" role=\"gridcell\" colspan=\"2\">\n<p class=\"chakra-text css-vvzlcw\">Informa\u00e7\u00f5es adicionais<\/p>\n<p class=\"chakra-text css-0\">Queimadores estampados Trempes esmaltadas Mesa em a\u00e7o inox Forno easy clean Porta do forno com vidro duplo Dimens\u00f5es em cm: 73Lx60Px88A Peso do produto em Kg: 29 KG Material de fabrica\u00e7\u00e3o: A\u00e7o Capacidade: 84L Rendimento m\u00e9dio dos queimadores: 64% Classifica\u00e7\u00e3o: A Consumo do forno: 0,139 kg\/h Classifica\u00e7\u00e3o: B Painel: FRONT CONTROL Pot\u00eancia: Queimadores r\u00e1pidos: 2q\/ 1,8 kw; Queimadores semirr\u00e1pidos: 4q\/ 1,6 kw; Pot\u00eancia do forno: 3,3 kw<\/p>\n<\/td>\n<\/tr>\n<\/tbody>\n<\/table>\n<\/div>\n<\/div>\n<\/div>\n<\/div>\n<\/div>\n<\/div>\n<\/section>\n<\/div>\n<\/section>\n<section class=\"Region col-12 content-max-width\">\n<div id=\"vurdere-socialexpressions\">\n<section class=\"vrd-social__sc-516b9087-0 fQOjkv\">\n<div class=\"vrd-social__sc-a29b933e-0 cVAxHM\"><span class=\"vrd-social__sc-71f93f87-0 bMVxSn vrd-social__sc-71f93f87-15 kxgWBI\">Rea\u00e7\u00f5es dos clientes<\/span><\/div>\n<\/section>\n<\/div>\n<\/section>\n","protected":false},"featured_media":4445,"comment_status":"open","ping_status":"closed","template":"","meta":[],"product_brand":[],"product_cat":[32,86,77],"product_tag":[],"class_list":{"0":"post-2520","1":"product","2":"type-product","3":"status-publish","4":"has-post-thumbnail","6":"product_cat-cozinha","7":"product_cat-fogao-cozinha-metal","8":"product_cat-fogao-cozinha","10":"first","11":"instock","12":"shipping-taxable","13":"purchasable","14":"product-type-simple"},"yoast_head":"<!-- This site is optimized with the Yoast SEO Premium plugin v23.3 (Yoast SEO v27.4) - https:\/\/yoast.com\/product\/yoast-seo-premium-wordpress\/ -->\n<title>FOGAO CLARICE DELLICATO 6BOCAS S\/A BRANCO - Lucas Eletro<\/title>\n<meta name=\"description\" content=\"FOGAO CLARICE DELLICATO 6BOCAS S\/A BRANCO\" \/>\n<meta name=\"robots\" content=\"index, follow, max-snippet:-1, max-image-preview:large, max-video-preview:-1\" \/>\n<link rel=\"canonical\" href=\"https:\/\/lucaseletro.com.br\/?product=fogao-esmaltec-bali-6bocas-s-a\" \/>\n<meta property=\"og:locale\" content=\"pt_BR\" \/>\n<meta property=\"og:type\" content=\"article\" \/>\n<meta property=\"og:title\" content=\"FOGAO CLARICE DELLICATO 6BOCAS S\/A BRANCO - &#082;&#036;1.399,00 - Lucas Eletro\" \/>\n<meta property=\"og:description\" content=\"Descri\u00e7\u00e3o do Produto    Produto: Fog\u00e3o Clarice Delicato 6 Bocas Branco\u00a0  Categoria:\u00a0Fog\u00f5es\u00a0 O Fog\u00e3o Delicato \u00e9 a combina\u00e7\u00e3o perfeita de design diferenciado, beleza e praticidade, trazendo um toque refinado \u00e0 sua cozinha. Com seis bocas, das quais quatro s\u00e3o de tamanho m\u00e9dio e duas grandes, este fog\u00e3o \u00e9 ideal para quem valoriza a versatilidade na culin\u00e1ria. As bocas e trempes esmaltadas garantem estabilidade \u00e0s panelas, evitando que escorreguem durante o preparo das suas refei\u00e7\u00f5es. Al\u00e9m disso, o forno espa\u00e7oso de 84 litros apresenta um revestimento interno Easy Clean, tornando a limpeza uma tarefa simples e r\u00e1pida. O Fog\u00e3o a G\u00e1s Clarice Delicato n\u00e3o s\u00f3 aprimora a est\u00e9tica da sua cozinha, mas tamb\u00e9m oferece funcionalidades que tornam a culin\u00e1ria mais pr\u00e1tica e agrad\u00e1vel. Desfrute da combina\u00e7\u00e3o de beleza e efici\u00eancia que s\u00f3 a Clarice pode proporcionar.   Informa\u00e7\u00f5es Adicionais  Queimadores estampados Trempes esmaltadas Mesa em a\u00e7o inox Forno easy clean Porta do forno com vidro duplo Dimens\u00f5es em cm: 73Lx60Px88A Peso do produto em Kg: 29 KG Material de fabrica\u00e7\u00e3o: A\u00e7o Capacidade: 84L Rendimento m\u00e9dio dos queimadores: 64% Classifica\u00e7\u00e3o: A Consumo do forno: 0,139 kg\/h Classifica\u00e7\u00e3o: B Painel: FRONT CONTROL Pot\u00eancia: Queimadores r\u00e1pidos: 2q\/ 1,8 kw; Queimadores semirr\u00e1pidos: 4q\/ 1,6 kw; Pot\u00eancia do forno: 3,3 kw         Caracter\u00edsticas do produto           Tipo de fog\u00e3o Fog\u00e3o de Piso   Queimadores 6 Bocas   Garantia 12 Meses    Informa\u00e7\u00f5es adicionais Queimadores estampados Trempes esmaltadas Mesa em a\u00e7o inox Forno easy clean Porta do forno com vidro duplo Dimens\u00f5es em cm: 73Lx60Px88A Peso do produto em Kg: 29 KG Material de fabrica\u00e7\u00e3o: A\u00e7o Capacidade: 84L Rendimento m\u00e9dio dos queimadores: 64% Classifica\u00e7\u00e3o: A Consumo do forno: 0,139 kg\/h Classifica\u00e7\u00e3o: B Painel: FRONT CONTROL Pot\u00eancia: Queimadores r\u00e1pidos: 2q\/ 1,8 kw; Queimadores semirr\u00e1pidos: 4q\/ 1,6 kw; Pot\u00eancia do forno: 3,3 kw              Rea\u00e7\u00f5es dos clientes\" \/>\n<meta property=\"og:url\" content=\"https:\/\/lucaseletro.com.br\/?product=fogao-esmaltec-bali-6bocas-s-a\" \/>\n<meta property=\"og:site_name\" content=\"Lucas Eletro\" \/>\n<meta property=\"article:publisher\" content=\"https:\/\/www.facebook.com\/lucas.eletro.71\" \/>\n<meta property=\"article:modified_time\" content=\"2025-09-08T18:52:39+00:00\" \/>\n<meta property=\"og:image\" content=\"https:\/\/lucaseletro.com.br\/wp-content\/uploads\/2024\/07\/Clarice-Fundo-Infinito-Fogao-Delicato-Plus-6B-Branco.jpg\" \/>\n\t<meta property=\"og:image:width\" content=\"1280\" \/>\n\t<meta property=\"og:image:height\" content=\"1994\" \/>\n\t<meta property=\"og:image:type\" content=\"image\/jpeg\" \/>\n<meta name=\"twitter:card\" content=\"summary_large_image\" \/>\n<meta name=\"twitter:label1\" content=\"Pre\u00e7o\" \/>\n\t<meta name=\"twitter:data1\" content=\"&#082;&#036;1.399,00\" \/>\n\t<meta name=\"twitter:label2\" content=\"Disponibilidade\" \/>\n\t<meta name=\"twitter:data2\" content=\"Em Estoque\" \/>\n<script type=\"application\/ld+json\" class=\"yoast-schema-graph\">{\"@context\":\"https:\\\/\\\/schema.org\",\"@graph\":[{\"@type\":\"WebPage\",\"@id\":\"https:\\\/\\\/lucaseletro.com.br\\\/?product=fogao-esmaltec-bali-6bocas-s-a\",\"url\":\"https:\\\/\\\/lucaseletro.com.br\\\/?product=fogao-esmaltec-bali-6bocas-s-a\",\"name\":\"FOGAO CLARICE DELLICATO 6BOCAS S\\\/A BRANCO - Lucas Eletro\",\"isPartOf\":{\"@id\":\"https:\\\/\\\/lucaseletro.com.br\\\/#website\"},\"primaryImageOfPage\":{\"@id\":\"https:\\\/\\\/lucaseletro.com.br\\\/?product=fogao-esmaltec-bali-6bocas-s-a#primaryimage\"},\"image\":{\"@id\":\"https:\\\/\\\/lucaseletro.com.br\\\/?product=fogao-esmaltec-bali-6bocas-s-a#primaryimage\"},\"thumbnailUrl\":\"https:\\\/\\\/lucaseletro.com.br\\\/wp-content\\\/uploads\\\/2024\\\/07\\\/Clarice-Fundo-Infinito-Fogao-Delicato-Plus-6B-Branco.jpg\",\"datePublished\":\"2024-07-30T19:55:47+00:00\",\"dateModified\":\"2025-09-08T18:52:39+00:00\",\"description\":\"FOGAO CLARICE DELLICATO 6BOCAS S\\\/A BRANCO\",\"breadcrumb\":{\"@id\":\"https:\\\/\\\/lucaseletro.com.br\\\/?product=fogao-esmaltec-bali-6bocas-s-a#breadcrumb\"},\"inLanguage\":\"pt-BR\",\"potentialAction\":[{\"@type\":\"ReadAction\",\"target\":[\"https:\\\/\\\/lucaseletro.com.br\\\/?product=fogao-esmaltec-bali-6bocas-s-a\"]}]},{\"@type\":\"ImageObject\",\"inLanguage\":\"pt-BR\",\"@id\":\"https:\\\/\\\/lucaseletro.com.br\\\/?product=fogao-esmaltec-bali-6bocas-s-a#primaryimage\",\"url\":\"https:\\\/\\\/lucaseletro.com.br\\\/wp-content\\\/uploads\\\/2024\\\/07\\\/Clarice-Fundo-Infinito-Fogao-Delicato-Plus-6B-Branco.jpg\",\"contentUrl\":\"https:\\\/\\\/lucaseletro.com.br\\\/wp-content\\\/uploads\\\/2024\\\/07\\\/Clarice-Fundo-Infinito-Fogao-Delicato-Plus-6B-Branco.jpg\",\"width\":1280,\"height\":1994},{\"@type\":\"BreadcrumbList\",\"@id\":\"https:\\\/\\\/lucaseletro.com.br\\\/?product=fogao-esmaltec-bali-6bocas-s-a#breadcrumb\",\"itemListElement\":[{\"@type\":\"ListItem\",\"position\":1,\"name\":\"In\u00edcio\",\"item\":\"https:\\\/\\\/lucaseletro.com.br\\\/\"},{\"@type\":\"ListItem\",\"position\":2,\"name\":\"Loja\",\"item\":\"https:\\\/\\\/lucaseletro.com.br\\\/?page_id=11\"},{\"@type\":\"ListItem\",\"position\":3,\"name\":\"FOGAO CLARICE DELLICATO 6BOCAS S\\\/A BRANCO\"}]},{\"@type\":\"WebSite\",\"@id\":\"https:\\\/\\\/lucaseletro.com.br\\\/#website\",\"url\":\"https:\\\/\\\/lucaseletro.com.br\\\/\",\"name\":\"Lucas Eletro\",\"description\":\"Realizando seus sonhos\",\"publisher\":{\"@id\":\"https:\\\/\\\/lucaseletro.com.br\\\/#organization\"},\"alternateName\":\"Lucas Eletro\",\"potentialAction\":[{\"@type\":\"SearchAction\",\"target\":{\"@type\":\"EntryPoint\",\"urlTemplate\":\"https:\\\/\\\/lucaseletro.com.br\\\/?s={search_term_string}\"},\"query-input\":{\"@type\":\"PropertyValueSpecification\",\"valueRequired\":true,\"valueName\":\"search_term_string\"}}],\"inLanguage\":\"pt-BR\"},{\"@type\":\"Organization\",\"@id\":\"https:\\\/\\\/lucaseletro.com.br\\\/#organization\",\"name\":\"Lucas Eletro\",\"alternateName\":\"Lucas Eletro\",\"url\":\"https:\\\/\\\/lucaseletro.com.br\\\/\",\"logo\":{\"@type\":\"ImageObject\",\"inLanguage\":\"pt-BR\",\"@id\":\"https:\\\/\\\/lucaseletro.com.br\\\/#\\\/schema\\\/logo\\\/image\\\/\",\"url\":\"https:\\\/\\\/lucaseletro.com.br\\\/wp-content\\\/uploads\\\/2024\\\/08\\\/Logo-WebP.webp\",\"contentUrl\":\"https:\\\/\\\/lucaseletro.com.br\\\/wp-content\\\/uploads\\\/2024\\\/08\\\/Logo-WebP.webp\",\"width\":1366,\"height\":457,\"caption\":\"Lucas Eletro\"},\"image\":{\"@id\":\"https:\\\/\\\/lucaseletro.com.br\\\/#\\\/schema\\\/logo\\\/image\\\/\"},\"sameAs\":[\"https:\\\/\\\/www.facebook.com\\\/lucas.eletro.71\"]}]}<\/script>\n<meta property=\"product:price:amount\" content=\"1399.00\" \/>\n<meta property=\"product:price:currency\" content=\"BRL\" \/>\n<meta property=\"og:availability\" content=\"instock\" \/>\n<meta property=\"product:availability\" content=\"instock\" \/>\n<meta property=\"product:condition\" content=\"new\" \/>\n<!-- \/ Yoast SEO Premium plugin. -->","yoast_head_json":{"title":"FOGAO CLARICE DELLICATO 6BOCAS S\/A BRANCO - Lucas Eletro","description":"FOGAO CLARICE DELLICATO 6BOCAS S\/A BRANCO","robots":{"index":"index","follow":"follow","max-snippet":"max-snippet:-1","max-image-preview":"max-image-preview:large","max-video-preview":"max-video-preview:-1"},"canonical":"https:\/\/lucaseletro.com.br\/?product=fogao-esmaltec-bali-6bocas-s-a","og_locale":"pt_BR","og_type":"article","og_title":"FOGAO CLARICE DELLICATO 6BOCAS S\/A BRANCO - &#82;&#36;1.399,00 - Lucas Eletro","og_description":"Descri\u00e7\u00e3o do Produto    Produto: Fog\u00e3o Clarice Delicato 6 Bocas Branco\u00a0  Categoria:\u00a0Fog\u00f5es\u00a0 O Fog\u00e3o Delicato \u00e9 a combina\u00e7\u00e3o perfeita de design diferenciado, beleza e praticidade, trazendo um toque refinado \u00e0 sua cozinha. Com seis bocas, das quais quatro s\u00e3o de tamanho m\u00e9dio e duas grandes, este fog\u00e3o \u00e9 ideal para quem valoriza a versatilidade na culin\u00e1ria. As bocas e trempes esmaltadas garantem estabilidade \u00e0s panelas, evitando que escorreguem durante o preparo das suas refei\u00e7\u00f5es. Al\u00e9m disso, o forno espa\u00e7oso de 84 litros apresenta um revestimento interno Easy Clean, tornando a limpeza uma tarefa simples e r\u00e1pida. O Fog\u00e3o a G\u00e1s Clarice Delicato n\u00e3o s\u00f3 aprimora a est\u00e9tica da sua cozinha, mas tamb\u00e9m oferece funcionalidades que tornam a culin\u00e1ria mais pr\u00e1tica e agrad\u00e1vel. Desfrute da combina\u00e7\u00e3o de beleza e efici\u00eancia que s\u00f3 a Clarice pode proporcionar.   Informa\u00e7\u00f5es Adicionais  Queimadores estampados Trempes esmaltadas Mesa em a\u00e7o inox Forno easy clean Porta do forno com vidro duplo Dimens\u00f5es em cm: 73Lx60Px88A Peso do produto em Kg: 29 KG Material de fabrica\u00e7\u00e3o: A\u00e7o Capacidade: 84L Rendimento m\u00e9dio dos queimadores: 64% Classifica\u00e7\u00e3o: A Consumo do forno: 0,139 kg\/h Classifica\u00e7\u00e3o: B Painel: FRONT CONTROL Pot\u00eancia: Queimadores r\u00e1pidos: 2q\/ 1,8 kw; Queimadores semirr\u00e1pidos: 4q\/ 1,6 kw; Pot\u00eancia do forno: 3,3 kw         Caracter\u00edsticas do produto           Tipo de fog\u00e3o Fog\u00e3o de Piso   Queimadores 6 Bocas   Garantia 12 Meses    Informa\u00e7\u00f5es adicionais Queimadores estampados Trempes esmaltadas Mesa em a\u00e7o inox Forno easy clean Porta do forno com vidro duplo Dimens\u00f5es em cm: 73Lx60Px88A Peso do produto em Kg: 29 KG Material de fabrica\u00e7\u00e3o: A\u00e7o Capacidade: 84L Rendimento m\u00e9dio dos queimadores: 64% Classifica\u00e7\u00e3o: A Consumo do forno: 0,139 kg\/h Classifica\u00e7\u00e3o: B Painel: FRONT CONTROL Pot\u00eancia: Queimadores r\u00e1pidos: 2q\/ 1,8 kw; Queimadores semirr\u00e1pidos: 4q\/ 1,6 kw; Pot\u00eancia do forno: 3,3 kw              Rea\u00e7\u00f5es dos clientes","og_url":"https:\/\/lucaseletro.com.br\/?product=fogao-esmaltec-bali-6bocas-s-a","og_site_name":"Lucas Eletro","article_publisher":"https:\/\/www.facebook.com\/lucas.eletro.71","article_modified_time":"2025-09-08T18:52:39+00:00","og_image":[{"width":1280,"height":1994,"url":"https:\/\/lucaseletro.com.br\/wp-content\/uploads\/2024\/07\/Clarice-Fundo-Infinito-Fogao-Delicato-Plus-6B-Branco.jpg","type":"image\/jpeg"}],"twitter_card":"summary_large_image","twitter_misc":{"Pre\u00e7o":"&#82;&#36;1.399,00","Disponibilidade":"Em Estoque"},"schema":{"@context":"https:\/\/schema.org","@graph":[{"@type":"WebPage","@id":"https:\/\/lucaseletro.com.br\/?product=fogao-esmaltec-bali-6bocas-s-a","url":"https:\/\/lucaseletro.com.br\/?product=fogao-esmaltec-bali-6bocas-s-a","name":"FOGAO CLARICE DELLICATO 6BOCAS S\/A BRANCO - Lucas Eletro","isPartOf":{"@id":"https:\/\/lucaseletro.com.br\/#website"},"primaryImageOfPage":{"@id":"https:\/\/lucaseletro.com.br\/?product=fogao-esmaltec-bali-6bocas-s-a#primaryimage"},"image":{"@id":"https:\/\/lucaseletro.com.br\/?product=fogao-esmaltec-bali-6bocas-s-a#primaryimage"},"thumbnailUrl":"https:\/\/lucaseletro.com.br\/wp-content\/uploads\/2024\/07\/Clarice-Fundo-Infinito-Fogao-Delicato-Plus-6B-Branco.jpg","datePublished":"2024-07-30T19:55:47+00:00","dateModified":"2025-09-08T18:52:39+00:00","description":"FOGAO CLARICE DELLICATO 6BOCAS S\/A BRANCO","breadcrumb":{"@id":"https:\/\/lucaseletro.com.br\/?product=fogao-esmaltec-bali-6bocas-s-a#breadcrumb"},"inLanguage":"pt-BR","potentialAction":[{"@type":"ReadAction","target":["https:\/\/lucaseletro.com.br\/?product=fogao-esmaltec-bali-6bocas-s-a"]}]},{"@type":"ImageObject","inLanguage":"pt-BR","@id":"https:\/\/lucaseletro.com.br\/?product=fogao-esmaltec-bali-6bocas-s-a#primaryimage","url":"https:\/\/lucaseletro.com.br\/wp-content\/uploads\/2024\/07\/Clarice-Fundo-Infinito-Fogao-Delicato-Plus-6B-Branco.jpg","contentUrl":"https:\/\/lucaseletro.com.br\/wp-content\/uploads\/2024\/07\/Clarice-Fundo-Infinito-Fogao-Delicato-Plus-6B-Branco.jpg","width":1280,"height":1994},{"@type":"BreadcrumbList","@id":"https:\/\/lucaseletro.com.br\/?product=fogao-esmaltec-bali-6bocas-s-a#breadcrumb","itemListElement":[{"@type":"ListItem","position":1,"name":"In\u00edcio","item":"https:\/\/lucaseletro.com.br\/"},{"@type":"ListItem","position":2,"name":"Loja","item":"https:\/\/lucaseletro.com.br\/?page_id=11"},{"@type":"ListItem","position":3,"name":"FOGAO CLARICE DELLICATO 6BOCAS S\/A BRANCO"}]},{"@type":"WebSite","@id":"https:\/\/lucaseletro.com.br\/#website","url":"https:\/\/lucaseletro.com.br\/","name":"Lucas Eletro","description":"Realizando seus sonhos","publisher":{"@id":"https:\/\/lucaseletro.com.br\/#organization"},"alternateName":"Lucas Eletro","potentialAction":[{"@type":"SearchAction","target":{"@type":"EntryPoint","urlTemplate":"https:\/\/lucaseletro.com.br\/?s={search_term_string}"},"query-input":{"@type":"PropertyValueSpecification","valueRequired":true,"valueName":"search_term_string"}}],"inLanguage":"pt-BR"},{"@type":"Organization","@id":"https:\/\/lucaseletro.com.br\/#organization","name":"Lucas Eletro","alternateName":"Lucas Eletro","url":"https:\/\/lucaseletro.com.br\/","logo":{"@type":"ImageObject","inLanguage":"pt-BR","@id":"https:\/\/lucaseletro.com.br\/#\/schema\/logo\/image\/","url":"https:\/\/lucaseletro.com.br\/wp-content\/uploads\/2024\/08\/Logo-WebP.webp","contentUrl":"https:\/\/lucaseletro.com.br\/wp-content\/uploads\/2024\/08\/Logo-WebP.webp","width":1366,"height":457,"caption":"Lucas Eletro"},"image":{"@id":"https:\/\/lucaseletro.com.br\/#\/schema\/logo\/image\/"},"sameAs":["https:\/\/www.facebook.com\/lucas.eletro.71"]}]},"product_price_amount":"1399.00","product_price_currency":"BRL","og_availability":"instock","product_availability":"instock","product_condition":"new"},"_links":{"self":[{"href":"https:\/\/lucaseletro.com.br\/index.php?rest_route=\/wp\/v2\/product\/2520","targetHints":{"allow":["GET"]}}],"collection":[{"href":"https:\/\/lucaseletro.com.br\/index.php?rest_route=\/wp\/v2\/product"}],"about":[{"href":"https:\/\/lucaseletro.com.br\/index.php?rest_route=\/wp\/v2\/types\/product"}],"replies":[{"embeddable":true,"href":"https:\/\/lucaseletro.com.br\/index.php?rest_route=%2Fwp%2Fv2%2Fcomments&post=2520"}],"wp:featuredmedia":[{"embeddable":true,"href":"https:\/\/lucaseletro.com.br\/index.php?rest_route=\/wp\/v2\/media\/4445"}],"wp:attachment":[{"href":"https:\/\/lucaseletro.com.br\/index.php?rest_route=%2Fwp%2Fv2%2Fmedia&parent=2520"}],"wp:term":[{"taxonomy":"product_brand","embeddable":true,"href":"https:\/\/lucaseletro.com.br\/index.php?rest_route=%2Fwp%2Fv2%2Fproduct_brand&post=2520"},{"taxonomy":"product_cat","embeddable":true,"href":"https:\/\/lucaseletro.com.br\/index.php?rest_route=%2Fwp%2Fv2%2Fproduct_cat&post=2520"},{"taxonomy":"product_tag","embeddable":true,"href":"https:\/\/lucaseletro.com.br\/index.php?rest_route=%2Fwp%2Fv2%2Fproduct_tag&post=2520"}],"curies":[{"name":"wp","href":"https:\/\/api.w.org\/{rel}","templated":true}]}}