{"id":2580,"date":"2024-07-30T16:55:56","date_gmt":"2024-07-30T19:55:56","guid":{"rendered":"https:\/\/lucaseletro.com.br\/product\/sofa-cama-fire-3-lugares-amassado-bege\/"},"modified":"2025-09-02T16:43:57","modified_gmt":"2025-09-02T19:43:57","slug":"sofa-cama-fire-3-lugares-amassado-bege","status":"publish","type":"product","link":"https:\/\/lucaseletro.com.br\/?product=sofa-cama-fire-3-lugares-amassado-bege","title":{"rendered":"SOFA CAMA FIRE 3 LUGARES"},"content":{"rendered":"<p>&nbsp;<\/p>\n<p><strong>Caracter\u00edsticas Gerais do Produto:<\/strong><\/p>\n<p>Estrutura: em madeira reflorestada<br \/>\nRevestimento: em tecido pena amassado<br \/>\nAlta resist\u00eancia<br \/>\nMultiuso, agregando beleza e funcionalidade<br \/>\nPossui fun\u00e7\u00e3o reclino, oferecendo mais comodidade<br \/>\nEncosto: Fixo, Espuma D20, 3 cm de altura<br \/>\nAssento: Espuma Soft D28, 3 cm de altura<br \/>\nP\u00e9s: PVC em acabamento cinza.<br \/>\n&nbsp;<\/p>\n<p>&nbsp;<\/p>\n<p><strong>Dimens\u00f5es do Produto:<\/strong><\/p>\n<p>Altura: 95 cm (com o encosto levantado),\u00a048 cm (com o encosto abaixado)<br \/>\nLargura: 182 cm<br \/>\nComprimento: 88 cm com o encosto levantado,122 cm com o encosto abaixado<br \/>\nPeso: 45 Kg<\/p>\n<p>&nbsp;<\/p>\n<p>&nbsp;<\/p>\n<p>&nbsp;<\/p>\n<p><strong>IMAGENS MERAMENTE ILUSTRATIVAS<\/strong><\/p>\n","protected":false},"excerpt":{"rendered":"<p>&nbsp;<\/p>\n<p><strong>Caracter\u00edsticas Gerais do Produto:<\/strong><\/p>\n<p>Estrutura: em madeira reflorestada<br \/>\nRevestimento: em tecido pena amassado<br \/>\nAlta resist\u00eancia<br \/>\nMultiuso, agregando beleza e funcionalidade<br \/>\nPossui fun\u00e7\u00e3o reclino, oferecendo mais comodidade<br \/>\nEncosto: Fixo, Espuma D20, 3 cm de altura<br \/>\nAssento: Espuma Soft D28, 3 cm de altura<br \/>\nP\u00e9s: PVC em acabamento cinza.<br \/>\n&nbsp;<\/p>\n<p>&nbsp;<\/p>\n<p><strong>Dimens\u00f5es do Produto:<\/strong><\/p>\n<p>Altura: 95 cm (com o encosto levantado),\u00a048 cm (com o encosto abaixado)<br \/>\nLargura: 182 cm<br \/>\nComprimento: 88 cm com o encosto levantado,122 cm com o encosto abaixado<br \/>\nPeso: 45 Kg<\/p>\n<p>&nbsp;<\/p>\n<p>&nbsp;<\/p>\n<p>&nbsp;<\/p>\n<p><strong>IMAGENS MERAMENTE ILUSTRATIVAS<\/strong><\/p>\n","protected":false},"featured_media":4366,"comment_status":"open","ping_status":"closed","template":"","meta":[],"product_brand":[],"product_cat":[83,84],"product_tag":[],"class_list":{"0":"post-2580","1":"product","2":"type-product","3":"status-publish","4":"has-post-thumbnail","6":"product_cat-decoracao","7":"product_cat-sofas","9":"first","10":"instock","11":"shipping-taxable","12":"purchasable","13":"product-type-simple"},"yoast_head":"<!-- This site is optimized with the Yoast SEO Premium plugin v23.3 (Yoast SEO v27.4) - https:\/\/yoast.com\/product\/yoast-seo-premium-wordpress\/ -->\n<title>SOFA CAMA FIRE 3 LUGARES - Lucas Eletro<\/title>\n<meta name=\"description\" content=\"SOFA CAMA FIRE 3 LUGARES\" \/>\n<meta name=\"robots\" content=\"index, follow, max-snippet:-1, max-image-preview:large, max-video-preview:-1\" \/>\n<link rel=\"canonical\" href=\"https:\/\/lucaseletro.com.br\/?product=sofa-cama-fire-3-lugares-amassado-bege\" \/>\n<meta property=\"og:locale\" content=\"pt_BR\" \/>\n<meta property=\"og:type\" content=\"article\" \/>\n<meta property=\"og:title\" content=\"SOFA CAMA FIRE 3 LUGARES - &#082;&#036;850,00 - Lucas Eletro\" \/>\n<meta property=\"og:description\" content=\"&nbsp;  Caracter\u00edsticas Gerais do Produto:  Estrutura: em madeira reflorestada Revestimento: em tecido pena amassado Alta resist\u00eancia Multiuso, agregando beleza e funcionalidade Possui fun\u00e7\u00e3o reclino, oferecendo mais comodidade Encosto: Fixo, Espuma D20, 3 cm de altura Assento: Espuma Soft D28, 3 cm de altura P\u00e9s: PVC em acabamento cinza. &nbsp;  &nbsp;  Dimens\u00f5es do Produto:  Altura: 95 cm (com o encosto levantado),\u00a048 cm (com o encosto abaixado) Largura: 182 cm Comprimento: 88 cm com o encosto levantado,122 cm com o encosto abaixado Peso: 45 Kg  &nbsp;  &nbsp;  &nbsp;  IMAGENS MERAMENTE ILUSTRATIVAS\" \/>\n<meta property=\"og:url\" content=\"https:\/\/lucaseletro.com.br\/?product=sofa-cama-fire-3-lugares-amassado-bege\" \/>\n<meta property=\"og:site_name\" content=\"Lucas Eletro\" \/>\n<meta property=\"article:publisher\" content=\"https:\/\/www.facebook.com\/lucas.eletro.71\" \/>\n<meta property=\"article:modified_time\" content=\"2025-09-02T19:43:57+00:00\" \/>\n<meta property=\"og:image\" content=\"https:\/\/lucaseletro.com.br\/wp-content\/uploads\/2024\/07\/bicama_lufer_multiuso_contagem_13531_1_47391ede34c73c0f8533c9ca50889a43.webp\" \/>\n\t<meta property=\"og:image:width\" content=\"720\" \/>\n\t<meta property=\"og:image:height\" content=\"720\" \/>\n\t<meta property=\"og:image:type\" content=\"image\/webp\" \/>\n<meta name=\"twitter:card\" content=\"summary_large_image\" \/>\n<meta name=\"twitter:label1\" content=\"Pre\u00e7o\" \/>\n\t<meta name=\"twitter:data1\" content=\"&#082;&#036;850,00\" \/>\n\t<meta name=\"twitter:label2\" content=\"Disponibilidade\" \/>\n\t<meta name=\"twitter:data2\" content=\"Em Estoque\" \/>\n<script type=\"application\/ld+json\" class=\"yoast-schema-graph\">{\"@context\":\"https:\\\/\\\/schema.org\",\"@graph\":[{\"@type\":\"WebPage\",\"@id\":\"https:\\\/\\\/lucaseletro.com.br\\\/?product=sofa-cama-fire-3-lugares-amassado-bege\",\"url\":\"https:\\\/\\\/lucaseletro.com.br\\\/?product=sofa-cama-fire-3-lugares-amassado-bege\",\"name\":\"SOFA CAMA FIRE 3 LUGARES - Lucas Eletro\",\"isPartOf\":{\"@id\":\"https:\\\/\\\/lucaseletro.com.br\\\/#website\"},\"primaryImageOfPage\":{\"@id\":\"https:\\\/\\\/lucaseletro.com.br\\\/?product=sofa-cama-fire-3-lugares-amassado-bege#primaryimage\"},\"image\":{\"@id\":\"https:\\\/\\\/lucaseletro.com.br\\\/?product=sofa-cama-fire-3-lugares-amassado-bege#primaryimage\"},\"thumbnailUrl\":\"https:\\\/\\\/lucaseletro.com.br\\\/wp-content\\\/uploads\\\/2024\\\/07\\\/bicama_lufer_multiuso_contagem_13531_1_47391ede34c73c0f8533c9ca50889a43.webp\",\"datePublished\":\"2024-07-30T19:55:56+00:00\",\"dateModified\":\"2025-09-02T19:43:57+00:00\",\"description\":\"SOFA CAMA FIRE 3 LUGARES\",\"breadcrumb\":{\"@id\":\"https:\\\/\\\/lucaseletro.com.br\\\/?product=sofa-cama-fire-3-lugares-amassado-bege#breadcrumb\"},\"inLanguage\":\"pt-BR\",\"potentialAction\":[{\"@type\":\"ReadAction\",\"target\":[\"https:\\\/\\\/lucaseletro.com.br\\\/?product=sofa-cama-fire-3-lugares-amassado-bege\"]}]},{\"@type\":\"ImageObject\",\"inLanguage\":\"pt-BR\",\"@id\":\"https:\\\/\\\/lucaseletro.com.br\\\/?product=sofa-cama-fire-3-lugares-amassado-bege#primaryimage\",\"url\":\"https:\\\/\\\/lucaseletro.com.br\\\/wp-content\\\/uploads\\\/2024\\\/07\\\/bicama_lufer_multiuso_contagem_13531_1_47391ede34c73c0f8533c9ca50889a43.webp\",\"contentUrl\":\"https:\\\/\\\/lucaseletro.com.br\\\/wp-content\\\/uploads\\\/2024\\\/07\\\/bicama_lufer_multiuso_contagem_13531_1_47391ede34c73c0f8533c9ca50889a43.webp\",\"width\":720,\"height\":720},{\"@type\":\"BreadcrumbList\",\"@id\":\"https:\\\/\\\/lucaseletro.com.br\\\/?product=sofa-cama-fire-3-lugares-amassado-bege#breadcrumb\",\"itemListElement\":[{\"@type\":\"ListItem\",\"position\":1,\"name\":\"In\u00edcio\",\"item\":\"https:\\\/\\\/lucaseletro.com.br\\\/\"},{\"@type\":\"ListItem\",\"position\":2,\"name\":\"Loja\",\"item\":\"https:\\\/\\\/lucaseletro.com.br\\\/?page_id=11\"},{\"@type\":\"ListItem\",\"position\":3,\"name\":\"SOFA CAMA FIRE 3 LUGARES\"}]},{\"@type\":\"WebSite\",\"@id\":\"https:\\\/\\\/lucaseletro.com.br\\\/#website\",\"url\":\"https:\\\/\\\/lucaseletro.com.br\\\/\",\"name\":\"Lucas Eletro\",\"description\":\"Realizando seus sonhos\",\"publisher\":{\"@id\":\"https:\\\/\\\/lucaseletro.com.br\\\/#organization\"},\"alternateName\":\"Lucas Eletro\",\"potentialAction\":[{\"@type\":\"SearchAction\",\"target\":{\"@type\":\"EntryPoint\",\"urlTemplate\":\"https:\\\/\\\/lucaseletro.com.br\\\/?s={search_term_string}\"},\"query-input\":{\"@type\":\"PropertyValueSpecification\",\"valueRequired\":true,\"valueName\":\"search_term_string\"}}],\"inLanguage\":\"pt-BR\"},{\"@type\":\"Organization\",\"@id\":\"https:\\\/\\\/lucaseletro.com.br\\\/#organization\",\"name\":\"Lucas Eletro\",\"alternateName\":\"Lucas Eletro\",\"url\":\"https:\\\/\\\/lucaseletro.com.br\\\/\",\"logo\":{\"@type\":\"ImageObject\",\"inLanguage\":\"pt-BR\",\"@id\":\"https:\\\/\\\/lucaseletro.com.br\\\/#\\\/schema\\\/logo\\\/image\\\/\",\"url\":\"https:\\\/\\\/lucaseletro.com.br\\\/wp-content\\\/uploads\\\/2024\\\/08\\\/Logo-WebP.webp\",\"contentUrl\":\"https:\\\/\\\/lucaseletro.com.br\\\/wp-content\\\/uploads\\\/2024\\\/08\\\/Logo-WebP.webp\",\"width\":1366,\"height\":457,\"caption\":\"Lucas Eletro\"},\"image\":{\"@id\":\"https:\\\/\\\/lucaseletro.com.br\\\/#\\\/schema\\\/logo\\\/image\\\/\"},\"sameAs\":[\"https:\\\/\\\/www.facebook.com\\\/lucas.eletro.71\"]}]}<\/script>\n<meta property=\"product:price:amount\" content=\"850.00\" \/>\n<meta property=\"product:price:currency\" content=\"BRL\" \/>\n<meta property=\"og:availability\" content=\"instock\" \/>\n<meta property=\"product:availability\" content=\"instock\" \/>\n<meta property=\"product:condition\" content=\"new\" \/>\n<!-- \/ Yoast SEO Premium plugin. -->","yoast_head_json":{"title":"SOFA CAMA FIRE 3 LUGARES - Lucas Eletro","description":"SOFA CAMA FIRE 3 LUGARES","robots":{"index":"index","follow":"follow","max-snippet":"max-snippet:-1","max-image-preview":"max-image-preview:large","max-video-preview":"max-video-preview:-1"},"canonical":"https:\/\/lucaseletro.com.br\/?product=sofa-cama-fire-3-lugares-amassado-bege","og_locale":"pt_BR","og_type":"article","og_title":"SOFA CAMA FIRE 3 LUGARES - &#82;&#36;850,00 - Lucas Eletro","og_description":"&nbsp;  Caracter\u00edsticas Gerais do Produto:  Estrutura: em madeira reflorestada Revestimento: em tecido pena amassado Alta resist\u00eancia Multiuso, agregando beleza e funcionalidade Possui fun\u00e7\u00e3o reclino, oferecendo mais comodidade Encosto: Fixo, Espuma D20, 3 cm de altura Assento: Espuma Soft D28, 3 cm de altura P\u00e9s: PVC em acabamento cinza. &nbsp;  &nbsp;  Dimens\u00f5es do Produto:  Altura: 95 cm (com o encosto levantado),\u00a048 cm (com o encosto abaixado) Largura: 182 cm Comprimento: 88 cm com o encosto levantado,122 cm com o encosto abaixado Peso: 45 Kg  &nbsp;  &nbsp;  &nbsp;  IMAGENS MERAMENTE ILUSTRATIVAS","og_url":"https:\/\/lucaseletro.com.br\/?product=sofa-cama-fire-3-lugares-amassado-bege","og_site_name":"Lucas Eletro","article_publisher":"https:\/\/www.facebook.com\/lucas.eletro.71","article_modified_time":"2025-09-02T19:43:57+00:00","og_image":[{"width":720,"height":720,"url":"https:\/\/lucaseletro.com.br\/wp-content\/uploads\/2024\/07\/bicama_lufer_multiuso_contagem_13531_1_47391ede34c73c0f8533c9ca50889a43.webp","type":"image\/webp"}],"twitter_card":"summary_large_image","twitter_misc":{"Pre\u00e7o":"&#82;&#36;850,00","Disponibilidade":"Em Estoque"},"schema":{"@context":"https:\/\/schema.org","@graph":[{"@type":"WebPage","@id":"https:\/\/lucaseletro.com.br\/?product=sofa-cama-fire-3-lugares-amassado-bege","url":"https:\/\/lucaseletro.com.br\/?product=sofa-cama-fire-3-lugares-amassado-bege","name":"SOFA CAMA FIRE 3 LUGARES - Lucas Eletro","isPartOf":{"@id":"https:\/\/lucaseletro.com.br\/#website"},"primaryImageOfPage":{"@id":"https:\/\/lucaseletro.com.br\/?product=sofa-cama-fire-3-lugares-amassado-bege#primaryimage"},"image":{"@id":"https:\/\/lucaseletro.com.br\/?product=sofa-cama-fire-3-lugares-amassado-bege#primaryimage"},"thumbnailUrl":"https:\/\/lucaseletro.com.br\/wp-content\/uploads\/2024\/07\/bicama_lufer_multiuso_contagem_13531_1_47391ede34c73c0f8533c9ca50889a43.webp","datePublished":"2024-07-30T19:55:56+00:00","dateModified":"2025-09-02T19:43:57+00:00","description":"SOFA CAMA FIRE 3 LUGARES","breadcrumb":{"@id":"https:\/\/lucaseletro.com.br\/?product=sofa-cama-fire-3-lugares-amassado-bege#breadcrumb"},"inLanguage":"pt-BR","potentialAction":[{"@type":"ReadAction","target":["https:\/\/lucaseletro.com.br\/?product=sofa-cama-fire-3-lugares-amassado-bege"]}]},{"@type":"ImageObject","inLanguage":"pt-BR","@id":"https:\/\/lucaseletro.com.br\/?product=sofa-cama-fire-3-lugares-amassado-bege#primaryimage","url":"https:\/\/lucaseletro.com.br\/wp-content\/uploads\/2024\/07\/bicama_lufer_multiuso_contagem_13531_1_47391ede34c73c0f8533c9ca50889a43.webp","contentUrl":"https:\/\/lucaseletro.com.br\/wp-content\/uploads\/2024\/07\/bicama_lufer_multiuso_contagem_13531_1_47391ede34c73c0f8533c9ca50889a43.webp","width":720,"height":720},{"@type":"BreadcrumbList","@id":"https:\/\/lucaseletro.com.br\/?product=sofa-cama-fire-3-lugares-amassado-bege#breadcrumb","itemListElement":[{"@type":"ListItem","position":1,"name":"In\u00edcio","item":"https:\/\/lucaseletro.com.br\/"},{"@type":"ListItem","position":2,"name":"Loja","item":"https:\/\/lucaseletro.com.br\/?page_id=11"},{"@type":"ListItem","position":3,"name":"SOFA CAMA FIRE 3 LUGARES"}]},{"@type":"WebSite","@id":"https:\/\/lucaseletro.com.br\/#website","url":"https:\/\/lucaseletro.com.br\/","name":"Lucas Eletro","description":"Realizando seus sonhos","publisher":{"@id":"https:\/\/lucaseletro.com.br\/#organization"},"alternateName":"Lucas Eletro","potentialAction":[{"@type":"SearchAction","target":{"@type":"EntryPoint","urlTemplate":"https:\/\/lucaseletro.com.br\/?s={search_term_string}"},"query-input":{"@type":"PropertyValueSpecification","valueRequired":true,"valueName":"search_term_string"}}],"inLanguage":"pt-BR"},{"@type":"Organization","@id":"https:\/\/lucaseletro.com.br\/#organization","name":"Lucas Eletro","alternateName":"Lucas Eletro","url":"https:\/\/lucaseletro.com.br\/","logo":{"@type":"ImageObject","inLanguage":"pt-BR","@id":"https:\/\/lucaseletro.com.br\/#\/schema\/logo\/image\/","url":"https:\/\/lucaseletro.com.br\/wp-content\/uploads\/2024\/08\/Logo-WebP.webp","contentUrl":"https:\/\/lucaseletro.com.br\/wp-content\/uploads\/2024\/08\/Logo-WebP.webp","width":1366,"height":457,"caption":"Lucas Eletro"},"image":{"@id":"https:\/\/lucaseletro.com.br\/#\/schema\/logo\/image\/"},"sameAs":["https:\/\/www.facebook.com\/lucas.eletro.71"]}]},"product_price_amount":"850.00","product_price_currency":"BRL","og_availability":"instock","product_availability":"instock","product_condition":"new"},"_links":{"self":[{"href":"https:\/\/lucaseletro.com.br\/index.php?rest_route=\/wp\/v2\/product\/2580","targetHints":{"allow":["GET"]}}],"collection":[{"href":"https:\/\/lucaseletro.com.br\/index.php?rest_route=\/wp\/v2\/product"}],"about":[{"href":"https:\/\/lucaseletro.com.br\/index.php?rest_route=\/wp\/v2\/types\/product"}],"replies":[{"embeddable":true,"href":"https:\/\/lucaseletro.com.br\/index.php?rest_route=%2Fwp%2Fv2%2Fcomments&post=2580"}],"wp:featuredmedia":[{"embeddable":true,"href":"https:\/\/lucaseletro.com.br\/index.php?rest_route=\/wp\/v2\/media\/4366"}],"wp:attachment":[{"href":"https:\/\/lucaseletro.com.br\/index.php?rest_route=%2Fwp%2Fv2%2Fmedia&parent=2580"}],"wp:term":[{"taxonomy":"product_brand","embeddable":true,"href":"https:\/\/lucaseletro.com.br\/index.php?rest_route=%2Fwp%2Fv2%2Fproduct_brand&post=2580"},{"taxonomy":"product_cat","embeddable":true,"href":"https:\/\/lucaseletro.com.br\/index.php?rest_route=%2Fwp%2Fv2%2Fproduct_cat&post=2580"},{"taxonomy":"product_tag","embeddable":true,"href":"https:\/\/lucaseletro.com.br\/index.php?rest_route=%2Fwp%2Fv2%2Fproduct_tag&post=2580"}],"curies":[{"name":"wp","href":"https:\/\/api.w.org\/{rel}","templated":true}]}}