{"id":2595,"date":"2024-07-30T16:55:58","date_gmt":"2024-07-30T19:55:58","guid":{"rendered":"https:\/\/lucaseletro.com.br\/product\/colchao-ortobom-light-superpocket-casal-17-26x188x138\/"},"modified":"2024-10-25T16:06:38","modified_gmt":"2024-10-25T19:06:38","slug":"colchao-ortobom-light-superpocket-casal-17-26x188x138","status":"publish","type":"product","link":"https:\/\/lucaseletro.com.br\/?product=colchao-ortobom-light-superpocket-casal-17-26x188x138","title":{"rendered":"COLCHAO ORTOBOM LIGHT SUPERPOCKET CASAL 17 26X188X138"},"content":{"rendered":"<div class=\"sc-iGgWBj hZQAA-D sc-dELsrf hkFgAS\" data-testid=\"product-detail\">\n<h2 class=\"sc-dcJsrY iVJGKX\" data-testid=\"product-detail-label\">Informa\u00e7\u00f5es do Produto<\/h2>\n<p><span class=\"sc-dcJsrY jZKEso\" data-testid=\"product-detail-title\">Colch\u00e3o Light Superpocket Casal (138x188x25) &#8211; Ortobom<\/span><\/p>\n<div class=\"sc-iGgWBj jEOEJZ sc-iCbVgq gMqAUE\" data-testid=\"product-detail-description\">\n<div class=\"sc-iGgWBj eWtIHQ sc-kodNMj dCOsrq\" data-testid=\"rich-content-container\">Colch\u00e3o Light Superpocket Casal (138x188x25) &#8211; Mola Superpocket &#8211; Ortobom SOBRE O PRODUTO Novo Colch\u00e3o Light Superpocket tem sua estrutura em molas Pocket (ensacadas) que reduzem a vibra\u00e7\u00e3o ao longo de sua superf\u00edcie garantindo mais conforto e perfeita acomoda\u00e7\u00e3o, al\u00e9m de permitir que uma pessoa se movimente sem incomodar quem est\u00e1 ao lado. Possui Ortopillow em Jacquard Belga em Poli\u00e9ster com Viscose e bordado em matelass\u00ea, que maximiza a sensa\u00e7\u00e3o de conforto e maciez. Sua lateral \u00e9 em Nobuk, dando uma bel\u00edssima apar\u00eancia ao colch\u00e3o. Recebe tratamento anti fungos e anti al\u00e9rgico. Devido a tecnologia No Turn, o Light Superpocket n\u00e3o precisa ser virado. CARACTER\u00cdSTICAS Estrutura em Molas Superpocket, Ortopillow, Tampo em Jacquard Belga em Poli\u00e9ster com Viscose e lateral em Nobuk, manta de espuma D26 Pr\u00f3 Aditivada, No Turn (n\u00e3o precisa virar), tratamento antial\u00e9rgico e anti\u00e1caro. INFORMA\u00c7\u00d5ES T\u00c9CNICAS<br \/>\n-Estrutura Interna: Molas Superpocket (ensacadas), Ortopillow.<br \/>\n-Estrutura externa: Tecido do tampo em Jacquard Belga em Poli\u00e9ster com Viscose, lateral em Nobuk, manta de espuma D26 Pr\u00f3 Aditivada.<br \/>\n-Cor: Bege e Branco<br \/>\n-Altura: 0,25m<br \/>\n-Largura: 1,38m<br \/>\n-Comprimento: 1,88m<br \/>\n-Peso: 32,43kg<br \/>\n-Capacidade de suporte: At\u00e9 150kg por pessoa<br \/>\n-Acompanha: 1 Colch\u00e3o Ortobom + Manual<br \/>\n-Este produto possui 1 volume<\/p>\n<p>CUIDADOS COM O PRODUTO<br \/>\n1. N\u00e3o coloque seu colch\u00e3o sobre estrado inteiri\u00e7o exceto se utilizado sobre um box. Para melhor durabilidade utilize um box Ortobom.<br \/>\n2. Mensalmente escove e aspire seu colch\u00e3o, mantendo-o sempre limpo.<br \/>\n3. N\u00e3o utilize ferro de passar roupas, secador de cabelos e outra fonte de calor ou vapor sobre o colch\u00e3o.<br \/>\n4. Para melhor conserva\u00e7\u00e3o do produto utilize sempre um protetor de colch\u00e3o Ortobom.<br \/>\n5. Nunca dobre ou amasse o colch\u00e3o.<br \/>\n6. A cada 3 meses gire o colch\u00e3o lateralmente e de baixo para cima (com excess\u00e3o dos colch\u00f5es com tecnologia No Turn).<\/p>\n<p>GARANTIA<br \/>\n12 Meses contra defeitos de fabrica\u00e7\u00e3o<\/p><\/div>\n<\/div>\n<\/div>\n<div class=\"sc-iGgWBj eWtIHQ\" data-testid=\"lazyload-container\">\n<div class=\"sc-bpUBKd iMekvN\" data-testid=\"mod-y\"><\/div>\n<\/div>\n<div class=\"sc-iGgWBj hODtov sc-iAsoUh esWXqN\">\n<table class=\"sc-iGgWBj iCEidV sc-eBwKMn kTdlzO\">\n<tbody>\n<tr>\n<td class=\"sc-bHnlcS dUJHzp\">Informa\u00e7\u00f5es complementares<\/td>\n<td class=\"sc-cKXybt eHjdkg\">\n<table class=\"sc-fatcLD dnJluC\">\n<tbody>\n<tr>\n<td class=\"sc-lgjHQU lnpdFz\">Altura do Colch\u00e3o<\/td>\n<td>25cm<\/td>\n<\/tr>\n<tr>\n<td class=\"sc-lgjHQU lnpdFz\">Cor<\/td>\n<td>Bege e Branco<\/td>\n<\/tr>\n<tr>\n<td class=\"sc-lgjHQU lnpdFz\">Densidade<\/td>\n<td>D26<\/td>\n<\/tr>\n<tr>\n<td class=\"sc-lgjHQU lnpdFz\">Marca<\/td>\n<td><a class=\"sc-JrDLc gkEUmz sc-cgjDci gWnanE sc-cgjDci gWnanE\" href=\"https:\/\/www.magazineluiza.com.br\/marcas\/ortobom\/\" data-testid=\"link\">Ortobom<\/a><\/td>\n<\/tr>\n<tr>\n<td class=\"sc-lgjHQU lnpdFz\">Peso Suportado por Pessoa<\/td>\n<td>150kg<\/td>\n<\/tr>\n<tr>\n<td class=\"sc-lgjHQU lnpdFz\">Prote\u00e7\u00e3o<\/td>\n<td>Antial\u00e9rgico e anti\u00e1caro<\/td>\n<\/tr>\n<tr>\n<td class=\"sc-lgjHQU lnpdFz\">Tamanho<\/td>\n<td>Casal<\/td>\n<\/tr>\n<tr>\n<td class=\"sc-lgjHQU lnpdFz\">Tipo de Colch\u00e3o<\/td>\n<td>Molas Superpocket<\/td>\n<\/tr>\n<\/tbody>\n<\/table>\n<\/td>\n<\/tr>\n<\/tbody>\n<\/table>\n<\/div>\n","protected":false},"excerpt":{"rendered":"<div class=\"sc-iGgWBj hZQAA-D sc-dELsrf hkFgAS\" data-testid=\"product-detail\">\n<h2 class=\"sc-dcJsrY iVJGKX\" data-testid=\"product-detail-label\">Informa\u00e7\u00f5es do Produto<\/h2>\n<p><span class=\"sc-dcJsrY jZKEso\" data-testid=\"product-detail-title\">Colch\u00e3o Light Superpocket Casal (138x188x25) &#8211; Ortobom<\/span><\/p>\n<div class=\"sc-iGgWBj jEOEJZ sc-iCbVgq gMqAUE\" data-testid=\"product-detail-description\">\n<div class=\"sc-iGgWBj eWtIHQ sc-kodNMj dCOsrq\" data-testid=\"rich-content-container\">Colch\u00e3o Light Superpocket Casal (138x188x25) &#8211; Mola Superpocket &#8211; Ortobom SOBRE O PRODUTO Novo Colch\u00e3o Light Superpocket tem sua estrutura em molas Pocket (ensacadas) que reduzem a vibra\u00e7\u00e3o ao longo de sua superf\u00edcie garantindo mais conforto e perfeita acomoda\u00e7\u00e3o, al\u00e9m de permitir que uma pessoa se movimente sem incomodar quem est\u00e1 ao lado. Possui Ortopillow em Jacquard Belga em Poli\u00e9ster com Viscose e bordado em matelass\u00ea, que maximiza a sensa\u00e7\u00e3o de conforto e maciez. Sua lateral \u00e9 em Nobuk, dando uma bel\u00edssima apar\u00eancia ao colch\u00e3o. Recebe tratamento anti fungos e anti al\u00e9rgico. Devido a tecnologia No Turn, o Light Superpocket n\u00e3o precisa ser virado. CARACTER\u00cdSTICAS Estrutura em Molas Superpocket, Ortopillow, Tampo em Jacquard Belga em Poli\u00e9ster com Viscose e lateral em Nobuk, manta de espuma D26 Pr\u00f3 Aditivada, No Turn (n\u00e3o precisa virar), tratamento antial\u00e9rgico e anti\u00e1caro. INFORMA\u00c7\u00d5ES T\u00c9CNICAS<br \/>\n-Estrutura Interna: Molas Superpocket (ensacadas), Ortopillow.<br \/>\n-Estrutura externa: Tecido do tampo em Jacquard Belga em Poli\u00e9ster com Viscose, lateral em Nobuk, manta de espuma D26 Pr\u00f3 Aditivada.<br \/>\n-Cor: Bege e Branco<br \/>\n-Altura: 0,25m<br \/>\n-Largura: 1,38m<br \/>\n-Comprimento: 1,88m<br \/>\n-Peso: 32,43kg<br \/>\n-Capacidade de suporte: At\u00e9 150kg por pessoa<br \/>\n-Acompanha: 1 Colch\u00e3o Ortobom + Manual<br \/>\n-Este produto possui 1 volume<\/p>\n<p>CUIDADOS COM O PRODUTO<br \/>\n1. N\u00e3o coloque seu colch\u00e3o sobre estrado inteiri\u00e7o exceto se utilizado sobre um box. Para melhor durabilidade utilize um box Ortobom.<br \/>\n2. Mensalmente escove e aspire seu colch\u00e3o, mantendo-o sempre limpo.<br \/>\n3. N\u00e3o utilize ferro de passar roupas, secador de cabelos e outra fonte de calor ou vapor sobre o colch\u00e3o.<br \/>\n4. Para melhor conserva\u00e7\u00e3o do produto utilize sempre um protetor de colch\u00e3o Ortobom.<br \/>\n5. Nunca dobre ou amasse o colch\u00e3o.<br \/>\n6. A cada 3 meses gire o colch\u00e3o lateralmente e de baixo para cima (com excess\u00e3o dos colch\u00f5es com tecnologia No Turn).<\/p>\n<p>GARANTIA<br \/>\n12 Meses contra defeitos de fabrica\u00e7\u00e3o<\/p><\/div>\n<\/div>\n<\/div>\n<div class=\"sc-iGgWBj eWtIHQ\" data-testid=\"lazyload-container\">\n<div class=\"sc-bpUBKd iMekvN\" data-testid=\"mod-y\"><\/div>\n<\/div>\n<div class=\"sc-iGgWBj hODtov sc-iAsoUh esWXqN\">\n<table class=\"sc-iGgWBj iCEidV sc-eBwKMn kTdlzO\">\n<tbody>\n<tr>\n<td class=\"sc-bHnlcS dUJHzp\">Informa\u00e7\u00f5es complementares<\/td>\n<td class=\"sc-cKXybt eHjdkg\">\n<table class=\"sc-fatcLD dnJluC\">\n<tbody>\n<tr>\n<td class=\"sc-lgjHQU lnpdFz\">Altura do Colch\u00e3o<\/td>\n<td>25cm<\/td>\n<\/tr>\n<tr>\n<td class=\"sc-lgjHQU lnpdFz\">Cor<\/td>\n<td>Bege e Branco<\/td>\n<\/tr>\n<tr>\n<td class=\"sc-lgjHQU lnpdFz\">Densidade<\/td>\n<td>D26<\/td>\n<\/tr>\n<tr>\n<td class=\"sc-lgjHQU lnpdFz\">Marca<\/td>\n<td><a class=\"sc-JrDLc gkEUmz sc-cgjDci gWnanE sc-cgjDci gWnanE\" href=\"https:\/\/www.magazineluiza.com.br\/marcas\/ortobom\/\" data-testid=\"link\">Ortobom<\/a><\/td>\n<\/tr>\n<tr>\n<td class=\"sc-lgjHQU lnpdFz\">Peso Suportado por Pessoa<\/td>\n<td>150kg<\/td>\n<\/tr>\n<tr>\n<td class=\"sc-lgjHQU lnpdFz\">Prote\u00e7\u00e3o<\/td>\n<td>Antial\u00e9rgico e anti\u00e1caro<\/td>\n<\/tr>\n<tr>\n<td class=\"sc-lgjHQU lnpdFz\">Tamanho<\/td>\n<td>Casal<\/td>\n<\/tr>\n<tr>\n<td class=\"sc-lgjHQU lnpdFz\">Tipo de Colch\u00e3o<\/td>\n<td>Molas Superpocket<\/td>\n<\/tr>\n<\/tbody>\n<\/table>\n<\/td>\n<\/tr>\n<\/tbody>\n<\/table>\n<\/div>\n","protected":false},"featured_media":3729,"comment_status":"open","ping_status":"closed","template":"","meta":[],"product_brand":[],"product_cat":[80,82],"product_tag":[],"class_list":{"0":"post-2595","1":"product","2":"type-product","3":"status-publish","4":"has-post-thumbnail","6":"product_cat-cama","7":"product_cat-colchoes","9":"first","10":"instock","11":"shipping-taxable","12":"purchasable","13":"product-type-simple"},"yoast_head":"<!-- This site is optimized with the Yoast SEO Premium plugin v23.3 (Yoast SEO v27.5) - https:\/\/yoast.com\/product\/yoast-seo-premium-wordpress\/ -->\n<title>COLCHAO ORTOBOM LIGHT SUPERPOCKET CASAL 17 26X188X138 - Lucas Eletro<\/title>\n<meta name=\"description\" content=\"Colch\u00e3o Light Superpocket Casal (138x188x25) - Ortobom\" \/>\n<meta name=\"robots\" content=\"index, follow, max-snippet:-1, max-image-preview:large, max-video-preview:-1\" \/>\n<link rel=\"canonical\" href=\"https:\/\/lucaseletro.com.br\/?product=colchao-ortobom-light-superpocket-casal-17-26x188x138\" \/>\n<meta property=\"og:locale\" content=\"pt_BR\" \/>\n<meta property=\"og:type\" content=\"article\" \/>\n<meta property=\"og:title\" content=\"COLCHAO ORTOBOM LIGHT SUPERPOCKET CASAL 17 26X188X138 - &#082;&#036;1.599,00 - Lucas Eletro\" \/>\n<meta property=\"og:description\" content=\"Informa\u00e7\u00f5es do Produto Colch\u00e3o Light Superpocket Casal (138x188x25) - Ortobom  Colch\u00e3o Light Superpocket Casal (138x188x25) - Mola Superpocket - Ortobom SOBRE O PRODUTO Novo Colch\u00e3o Light Superpocket tem sua estrutura em molas Pocket (ensacadas) que reduzem a vibra\u00e7\u00e3o ao longo de sua superf\u00edcie garantindo mais conforto e perfeita acomoda\u00e7\u00e3o, al\u00e9m de permitir que uma pessoa se movimente sem incomodar quem est\u00e1 ao lado. Possui Ortopillow em Jacquard Belga em Poli\u00e9ster com Viscose e bordado em matelass\u00ea, que maximiza a sensa\u00e7\u00e3o de conforto e maciez. Sua lateral \u00e9 em Nobuk, dando uma bel\u00edssima apar\u00eancia ao colch\u00e3o. Recebe tratamento anti fungos e anti al\u00e9rgico. Devido a tecnologia No Turn, o Light Superpocket n\u00e3o precisa ser virado. CARACTER\u00cdSTICAS Estrutura em Molas Superpocket, Ortopillow, Tampo em Jacquard Belga em Poli\u00e9ster com Viscose e lateral em Nobuk, manta de espuma D26 Pr\u00f3 Aditivada, No Turn (n\u00e3o precisa virar), tratamento antial\u00e9rgico e anti\u00e1caro. INFORMA\u00c7\u00d5ES T\u00c9CNICAS -Estrutura Interna: Molas Superpocket (ensacadas), Ortopillow. -Estrutura externa: Tecido do tampo em Jacquard Belga em Poli\u00e9ster com Viscose, lateral em Nobuk, manta de espuma D26 Pr\u00f3 Aditivada. -Cor: Bege e Branco -Altura: 0,25m -Largura: 1,38m -Comprimento: 1,88m -Peso: 32,43kg -Capacidade de suporte: At\u00e9 150kg por pessoa -Acompanha: 1 Colch\u00e3o Ortobom + Manual -Este produto possui 1 volume  CUIDADOS COM O PRODUTO 1. N\u00e3o coloque seu colch\u00e3o sobre estrado inteiri\u00e7o exceto se utilizado sobre um box. Para melhor durabilidade utilize um box Ortobom. 2. Mensalmente escove e aspire seu colch\u00e3o, mantendo-o sempre limpo. 3. N\u00e3o utilize ferro de passar roupas, secador de cabelos e outra fonte de calor ou vapor sobre o colch\u00e3o. 4. Para melhor conserva\u00e7\u00e3o do produto utilize sempre um protetor de colch\u00e3o Ortobom. 5. Nunca dobre ou amasse o colch\u00e3o. 6. A cada 3 meses gire o colch\u00e3o lateralmente e de baixo para cima (com excess\u00e3o dos colch\u00f5es com tecnologia No Turn).  GARANTIA 12 Meses contra defeitos de fabrica\u00e7\u00e3o          Informa\u00e7\u00f5es complementares     Altura do Colch\u00e3o 25cm   Cor Bege e Branco   Densidade D26   Marca Ortobom   Peso Suportado por Pessoa 150kg   Prote\u00e7\u00e3o Antial\u00e9rgico e anti\u00e1caro   Tamanho Casal   Tipo de Colch\u00e3o Molas Superpocket\" \/>\n<meta property=\"og:url\" content=\"https:\/\/lucaseletro.com.br\/?product=colchao-ortobom-light-superpocket-casal-17-26x188x138\" \/>\n<meta property=\"og:site_name\" content=\"Lucas Eletro\" \/>\n<meta property=\"article:publisher\" content=\"https:\/\/www.facebook.com\/lucas.eletro.71\" \/>\n<meta property=\"article:modified_time\" content=\"2024-10-25T19:06:38+00:00\" \/>\n<meta property=\"og:image\" content=\"https:\/\/lucaseletro.com.br\/wp-content\/uploads\/2024\/07\/fa7d27e71c58c5819950394e5cfc3219.webp\" \/>\n\t<meta property=\"og:image:width\" content=\"560\" \/>\n\t<meta property=\"og:image:height\" content=\"560\" \/>\n\t<meta property=\"og:image:type\" content=\"image\/webp\" \/>\n<meta name=\"twitter:card\" content=\"summary_large_image\" \/>\n<meta name=\"twitter:label1\" content=\"Pre\u00e7o\" \/>\n\t<meta name=\"twitter:data1\" content=\"&#082;&#036;1.599,00\" \/>\n\t<meta name=\"twitter:label2\" content=\"Disponibilidade\" \/>\n\t<meta name=\"twitter:data2\" content=\"Em Estoque\" \/>\n<script type=\"application\/ld+json\" class=\"yoast-schema-graph\">{\"@context\":\"https:\\\/\\\/schema.org\",\"@graph\":[{\"@type\":\"WebPage\",\"@id\":\"https:\\\/\\\/lucaseletro.com.br\\\/?product=colchao-ortobom-light-superpocket-casal-17-26x188x138\",\"url\":\"https:\\\/\\\/lucaseletro.com.br\\\/?product=colchao-ortobom-light-superpocket-casal-17-26x188x138\",\"name\":\"COLCHAO ORTOBOM LIGHT SUPERPOCKET CASAL 17 26X188X138 - Lucas Eletro\",\"isPartOf\":{\"@id\":\"https:\\\/\\\/lucaseletro.com.br\\\/#website\"},\"primaryImageOfPage\":{\"@id\":\"https:\\\/\\\/lucaseletro.com.br\\\/?product=colchao-ortobom-light-superpocket-casal-17-26x188x138#primaryimage\"},\"image\":{\"@id\":\"https:\\\/\\\/lucaseletro.com.br\\\/?product=colchao-ortobom-light-superpocket-casal-17-26x188x138#primaryimage\"},\"thumbnailUrl\":\"https:\\\/\\\/lucaseletro.com.br\\\/wp-content\\\/uploads\\\/2024\\\/07\\\/fa7d27e71c58c5819950394e5cfc3219.webp\",\"datePublished\":\"2024-07-30T19:55:58+00:00\",\"dateModified\":\"2024-10-25T19:06:38+00:00\",\"description\":\"Colch\u00e3o Light Superpocket Casal (138x188x25) - Ortobom\",\"breadcrumb\":{\"@id\":\"https:\\\/\\\/lucaseletro.com.br\\\/?product=colchao-ortobom-light-superpocket-casal-17-26x188x138#breadcrumb\"},\"inLanguage\":\"pt-BR\",\"potentialAction\":[{\"@type\":\"ReadAction\",\"target\":[\"https:\\\/\\\/lucaseletro.com.br\\\/?product=colchao-ortobom-light-superpocket-casal-17-26x188x138\"]}]},{\"@type\":\"ImageObject\",\"inLanguage\":\"pt-BR\",\"@id\":\"https:\\\/\\\/lucaseletro.com.br\\\/?product=colchao-ortobom-light-superpocket-casal-17-26x188x138#primaryimage\",\"url\":\"https:\\\/\\\/lucaseletro.com.br\\\/wp-content\\\/uploads\\\/2024\\\/07\\\/fa7d27e71c58c5819950394e5cfc3219.webp\",\"contentUrl\":\"https:\\\/\\\/lucaseletro.com.br\\\/wp-content\\\/uploads\\\/2024\\\/07\\\/fa7d27e71c58c5819950394e5cfc3219.webp\",\"width\":560,\"height\":560},{\"@type\":\"BreadcrumbList\",\"@id\":\"https:\\\/\\\/lucaseletro.com.br\\\/?product=colchao-ortobom-light-superpocket-casal-17-26x188x138#breadcrumb\",\"itemListElement\":[{\"@type\":\"ListItem\",\"position\":1,\"name\":\"In\u00edcio\",\"item\":\"https:\\\/\\\/lucaseletro.com.br\\\/\"},{\"@type\":\"ListItem\",\"position\":2,\"name\":\"Loja\",\"item\":\"https:\\\/\\\/lucaseletro.com.br\\\/?page_id=11\"},{\"@type\":\"ListItem\",\"position\":3,\"name\":\"COLCHAO ORTOBOM LIGHT SUPERPOCKET CASAL 17 26X188X138\"}]},{\"@type\":\"WebSite\",\"@id\":\"https:\\\/\\\/lucaseletro.com.br\\\/#website\",\"url\":\"https:\\\/\\\/lucaseletro.com.br\\\/\",\"name\":\"Lucas Eletro\",\"description\":\"Realizando seus sonhos\",\"publisher\":{\"@id\":\"https:\\\/\\\/lucaseletro.com.br\\\/#organization\"},\"alternateName\":\"Lucas Eletro\",\"potentialAction\":[{\"@type\":\"SearchAction\",\"target\":{\"@type\":\"EntryPoint\",\"urlTemplate\":\"https:\\\/\\\/lucaseletro.com.br\\\/?s={search_term_string}\"},\"query-input\":{\"@type\":\"PropertyValueSpecification\",\"valueRequired\":true,\"valueName\":\"search_term_string\"}}],\"inLanguage\":\"pt-BR\"},{\"@type\":\"Organization\",\"@id\":\"https:\\\/\\\/lucaseletro.com.br\\\/#organization\",\"name\":\"Lucas Eletro\",\"alternateName\":\"Lucas Eletro\",\"url\":\"https:\\\/\\\/lucaseletro.com.br\\\/\",\"logo\":{\"@type\":\"ImageObject\",\"inLanguage\":\"pt-BR\",\"@id\":\"https:\\\/\\\/lucaseletro.com.br\\\/#\\\/schema\\\/logo\\\/image\\\/\",\"url\":\"https:\\\/\\\/lucaseletro.com.br\\\/wp-content\\\/uploads\\\/2024\\\/08\\\/Logo-WebP.webp\",\"contentUrl\":\"https:\\\/\\\/lucaseletro.com.br\\\/wp-content\\\/uploads\\\/2024\\\/08\\\/Logo-WebP.webp\",\"width\":1366,\"height\":457,\"caption\":\"Lucas Eletro\"},\"image\":{\"@id\":\"https:\\\/\\\/lucaseletro.com.br\\\/#\\\/schema\\\/logo\\\/image\\\/\"},\"sameAs\":[\"https:\\\/\\\/www.facebook.com\\\/lucas.eletro.71\"]}]}<\/script>\n<meta property=\"product:price:amount\" content=\"1599.00\" \/>\n<meta property=\"product:price:currency\" content=\"BRL\" \/>\n<meta property=\"og:availability\" content=\"instock\" \/>\n<meta property=\"product:availability\" content=\"instock\" \/>\n<meta property=\"product:condition\" content=\"new\" \/>\n<!-- \/ Yoast SEO Premium plugin. -->","yoast_head_json":{"title":"COLCHAO ORTOBOM LIGHT SUPERPOCKET CASAL 17 26X188X138 - Lucas Eletro","description":"Colch\u00e3o Light Superpocket Casal (138x188x25) - Ortobom","robots":{"index":"index","follow":"follow","max-snippet":"max-snippet:-1","max-image-preview":"max-image-preview:large","max-video-preview":"max-video-preview:-1"},"canonical":"https:\/\/lucaseletro.com.br\/?product=colchao-ortobom-light-superpocket-casal-17-26x188x138","og_locale":"pt_BR","og_type":"article","og_title":"COLCHAO ORTOBOM LIGHT SUPERPOCKET CASAL 17 26X188X138 - &#82;&#36;1.599,00 - Lucas Eletro","og_description":"Informa\u00e7\u00f5es do Produto Colch\u00e3o Light Superpocket Casal (138x188x25) - Ortobom  Colch\u00e3o Light Superpocket Casal (138x188x25) - Mola Superpocket - Ortobom SOBRE O PRODUTO Novo Colch\u00e3o Light Superpocket tem sua estrutura em molas Pocket (ensacadas) que reduzem a vibra\u00e7\u00e3o ao longo de sua superf\u00edcie garantindo mais conforto e perfeita acomoda\u00e7\u00e3o, al\u00e9m de permitir que uma pessoa se movimente sem incomodar quem est\u00e1 ao lado. Possui Ortopillow em Jacquard Belga em Poli\u00e9ster com Viscose e bordado em matelass\u00ea, que maximiza a sensa\u00e7\u00e3o de conforto e maciez. Sua lateral \u00e9 em Nobuk, dando uma bel\u00edssima apar\u00eancia ao colch\u00e3o. Recebe tratamento anti fungos e anti al\u00e9rgico. Devido a tecnologia No Turn, o Light Superpocket n\u00e3o precisa ser virado. CARACTER\u00cdSTICAS Estrutura em Molas Superpocket, Ortopillow, Tampo em Jacquard Belga em Poli\u00e9ster com Viscose e lateral em Nobuk, manta de espuma D26 Pr\u00f3 Aditivada, No Turn (n\u00e3o precisa virar), tratamento antial\u00e9rgico e anti\u00e1caro. INFORMA\u00c7\u00d5ES T\u00c9CNICAS -Estrutura Interna: Molas Superpocket (ensacadas), Ortopillow. -Estrutura externa: Tecido do tampo em Jacquard Belga em Poli\u00e9ster com Viscose, lateral em Nobuk, manta de espuma D26 Pr\u00f3 Aditivada. -Cor: Bege e Branco -Altura: 0,25m -Largura: 1,38m -Comprimento: 1,88m -Peso: 32,43kg -Capacidade de suporte: At\u00e9 150kg por pessoa -Acompanha: 1 Colch\u00e3o Ortobom + Manual -Este produto possui 1 volume  CUIDADOS COM O PRODUTO 1. N\u00e3o coloque seu colch\u00e3o sobre estrado inteiri\u00e7o exceto se utilizado sobre um box. Para melhor durabilidade utilize um box Ortobom. 2. Mensalmente escove e aspire seu colch\u00e3o, mantendo-o sempre limpo. 3. N\u00e3o utilize ferro de passar roupas, secador de cabelos e outra fonte de calor ou vapor sobre o colch\u00e3o. 4. Para melhor conserva\u00e7\u00e3o do produto utilize sempre um protetor de colch\u00e3o Ortobom. 5. Nunca dobre ou amasse o colch\u00e3o. 6. A cada 3 meses gire o colch\u00e3o lateralmente e de baixo para cima (com excess\u00e3o dos colch\u00f5es com tecnologia No Turn).  GARANTIA 12 Meses contra defeitos de fabrica\u00e7\u00e3o          Informa\u00e7\u00f5es complementares     Altura do Colch\u00e3o 25cm   Cor Bege e Branco   Densidade D26   Marca Ortobom   Peso Suportado por Pessoa 150kg   Prote\u00e7\u00e3o Antial\u00e9rgico e anti\u00e1caro   Tamanho Casal   Tipo de Colch\u00e3o Molas Superpocket","og_url":"https:\/\/lucaseletro.com.br\/?product=colchao-ortobom-light-superpocket-casal-17-26x188x138","og_site_name":"Lucas Eletro","article_publisher":"https:\/\/www.facebook.com\/lucas.eletro.71","article_modified_time":"2024-10-25T19:06:38+00:00","og_image":[{"width":560,"height":560,"url":"https:\/\/lucaseletro.com.br\/wp-content\/uploads\/2024\/07\/fa7d27e71c58c5819950394e5cfc3219.webp","type":"image\/webp"}],"twitter_card":"summary_large_image","twitter_misc":{"Pre\u00e7o":"&#82;&#36;1.599,00","Disponibilidade":"Em Estoque"},"schema":{"@context":"https:\/\/schema.org","@graph":[{"@type":"WebPage","@id":"https:\/\/lucaseletro.com.br\/?product=colchao-ortobom-light-superpocket-casal-17-26x188x138","url":"https:\/\/lucaseletro.com.br\/?product=colchao-ortobom-light-superpocket-casal-17-26x188x138","name":"COLCHAO ORTOBOM LIGHT SUPERPOCKET CASAL 17 26X188X138 - Lucas Eletro","isPartOf":{"@id":"https:\/\/lucaseletro.com.br\/#website"},"primaryImageOfPage":{"@id":"https:\/\/lucaseletro.com.br\/?product=colchao-ortobom-light-superpocket-casal-17-26x188x138#primaryimage"},"image":{"@id":"https:\/\/lucaseletro.com.br\/?product=colchao-ortobom-light-superpocket-casal-17-26x188x138#primaryimage"},"thumbnailUrl":"https:\/\/lucaseletro.com.br\/wp-content\/uploads\/2024\/07\/fa7d27e71c58c5819950394e5cfc3219.webp","datePublished":"2024-07-30T19:55:58+00:00","dateModified":"2024-10-25T19:06:38+00:00","description":"Colch\u00e3o Light Superpocket Casal (138x188x25) - Ortobom","breadcrumb":{"@id":"https:\/\/lucaseletro.com.br\/?product=colchao-ortobom-light-superpocket-casal-17-26x188x138#breadcrumb"},"inLanguage":"pt-BR","potentialAction":[{"@type":"ReadAction","target":["https:\/\/lucaseletro.com.br\/?product=colchao-ortobom-light-superpocket-casal-17-26x188x138"]}]},{"@type":"ImageObject","inLanguage":"pt-BR","@id":"https:\/\/lucaseletro.com.br\/?product=colchao-ortobom-light-superpocket-casal-17-26x188x138#primaryimage","url":"https:\/\/lucaseletro.com.br\/wp-content\/uploads\/2024\/07\/fa7d27e71c58c5819950394e5cfc3219.webp","contentUrl":"https:\/\/lucaseletro.com.br\/wp-content\/uploads\/2024\/07\/fa7d27e71c58c5819950394e5cfc3219.webp","width":560,"height":560},{"@type":"BreadcrumbList","@id":"https:\/\/lucaseletro.com.br\/?product=colchao-ortobom-light-superpocket-casal-17-26x188x138#breadcrumb","itemListElement":[{"@type":"ListItem","position":1,"name":"In\u00edcio","item":"https:\/\/lucaseletro.com.br\/"},{"@type":"ListItem","position":2,"name":"Loja","item":"https:\/\/lucaseletro.com.br\/?page_id=11"},{"@type":"ListItem","position":3,"name":"COLCHAO ORTOBOM LIGHT SUPERPOCKET CASAL 17 26X188X138"}]},{"@type":"WebSite","@id":"https:\/\/lucaseletro.com.br\/#website","url":"https:\/\/lucaseletro.com.br\/","name":"Lucas Eletro","description":"Realizando seus sonhos","publisher":{"@id":"https:\/\/lucaseletro.com.br\/#organization"},"alternateName":"Lucas Eletro","potentialAction":[{"@type":"SearchAction","target":{"@type":"EntryPoint","urlTemplate":"https:\/\/lucaseletro.com.br\/?s={search_term_string}"},"query-input":{"@type":"PropertyValueSpecification","valueRequired":true,"valueName":"search_term_string"}}],"inLanguage":"pt-BR"},{"@type":"Organization","@id":"https:\/\/lucaseletro.com.br\/#organization","name":"Lucas Eletro","alternateName":"Lucas Eletro","url":"https:\/\/lucaseletro.com.br\/","logo":{"@type":"ImageObject","inLanguage":"pt-BR","@id":"https:\/\/lucaseletro.com.br\/#\/schema\/logo\/image\/","url":"https:\/\/lucaseletro.com.br\/wp-content\/uploads\/2024\/08\/Logo-WebP.webp","contentUrl":"https:\/\/lucaseletro.com.br\/wp-content\/uploads\/2024\/08\/Logo-WebP.webp","width":1366,"height":457,"caption":"Lucas Eletro"},"image":{"@id":"https:\/\/lucaseletro.com.br\/#\/schema\/logo\/image\/"},"sameAs":["https:\/\/www.facebook.com\/lucas.eletro.71"]}]},"product_price_amount":"1599.00","product_price_currency":"BRL","og_availability":"instock","product_availability":"instock","product_condition":"new"},"_links":{"self":[{"href":"https:\/\/lucaseletro.com.br\/index.php?rest_route=\/wp\/v2\/product\/2595","targetHints":{"allow":["GET"]}}],"collection":[{"href":"https:\/\/lucaseletro.com.br\/index.php?rest_route=\/wp\/v2\/product"}],"about":[{"href":"https:\/\/lucaseletro.com.br\/index.php?rest_route=\/wp\/v2\/types\/product"}],"replies":[{"embeddable":true,"href":"https:\/\/lucaseletro.com.br\/index.php?rest_route=%2Fwp%2Fv2%2Fcomments&post=2595"}],"wp:featuredmedia":[{"embeddable":true,"href":"https:\/\/lucaseletro.com.br\/index.php?rest_route=\/wp\/v2\/media\/3729"}],"wp:attachment":[{"href":"https:\/\/lucaseletro.com.br\/index.php?rest_route=%2Fwp%2Fv2%2Fmedia&parent=2595"}],"wp:term":[{"taxonomy":"product_brand","embeddable":true,"href":"https:\/\/lucaseletro.com.br\/index.php?rest_route=%2Fwp%2Fv2%2Fproduct_brand&post=2595"},{"taxonomy":"product_cat","embeddable":true,"href":"https:\/\/lucaseletro.com.br\/index.php?rest_route=%2Fwp%2Fv2%2Fproduct_cat&post=2595"},{"taxonomy":"product_tag","embeddable":true,"href":"https:\/\/lucaseletro.com.br\/index.php?rest_route=%2Fwp%2Fv2%2Fproduct_tag&post=2595"}],"curies":[{"name":"wp","href":"https:\/\/api.w.org\/{rel}","templated":true}]}}