{"id":2598,"date":"2024-07-30T16:55:59","date_gmt":"2024-07-30T19:55:59","guid":{"rendered":"https:\/\/lucaseletro.com.br\/product\/colchao-ortobom-hiper-physical-resistente-17x188x88\/"},"modified":"2024-10-25T14:55:19","modified_gmt":"2024-10-25T17:55:19","slug":"colchao-ortobom-hiper-physical-resistente-17x188x88","status":"publish","type":"product","link":"https:\/\/lucaseletro.com.br\/?product=colchao-ortobom-hiper-physical-resistente-17x188x88","title":{"rendered":"COLCHAO ORTOBOM HIPER PHYSICAL RESISTENTE 17X188X88"},"content":{"rendered":"<h2 class=\"sc-dcJsrY iVJGKX\" data-testid=\"product-detail-label\">Informa\u00e7\u00f5es do Produto<\/h2>\n<p><span class=\"sc-dcJsrY jZKEso\" data-testid=\"product-detail-title\">Physical Hiper Resistente (88x188x17)<\/span><\/p>\n<div class=\"sc-iGgWBj jEOEJZ sc-iCbVgq gMqAUE\" data-testid=\"product-detail-description\">\n<div class=\"sc-iGgWBj eWtIHQ sc-kodNMj dCOsrq\" data-testid=\"rich-content-container\">Colch\u00e3o Physical Hiper Resistente Solteiro (88x188x17)<br \/>\nSuporte ideal para pessoas com at\u00e9 100kg<br \/>\nOrtobom SOBRE O PRODUTO O Colch\u00e3o Ortobom Physical Hiper Resistente \u00e9 altamente resistente e confort\u00e1vel, ideal para pessoas com at\u00e9 100 quilos. Composto por Espuma D33 Pr\u00f3 Aditivada de Alta Performance, proporciona melhor sustenta\u00e7\u00e3o e durabilidade ao produto, o tampo \u00e9 bordado em Matelass\u00ea, que entrega uma camada extra de conforto. Seu revestimento \u00e9 em 100% Poliester com tratamento antial\u00e9rgico e anti\u00e1caro. Esse \u00e9 o colch\u00e3o ideal para toda a fam\u00edlia. CARACTER\u00cdSTICAS Estrutura em espuma D33 Pr\u00f3 Aditivada de Alta Performance. Tecido em 100% Poliester, bordado em matelass\u00ea, tratamento antial\u00e9rgico e anti\u00e1caro. INFORMA\u00c7\u00d5ES T\u00c9CNICAS<br \/>\nEstrutura Interna: Espuma D33 Pr\u00f3 Aditivada de Alta Performance<br \/>\nEstrutura externa: 100% Poliester , bordado em matelass\u00ea.<br \/>\nCor: Branco<br \/>\nAltura: 0,17m<br \/>\nLargura: 0,88m<br \/>\nComprimento: 1,88m<br \/>\nPeso: 14,6818181818182kg<br \/>\nCapacidade de suporte: At\u00e9 100kg por pessoa<br \/>\nAcompanha: 1 Colch\u00e3o Ortobom + Manual<br \/>\nEste produto possui 1 volume CUIDADOS COM O PRODUTO 1. N\u00e3o coloque seu colch\u00e3o sobre estrado inteiri\u00e7o exceto se utilizado sobre um box. Para melhor durabilidade utilize um box Ortobom.2. Mensalmente escove e aspire seu colch\u00e3o, mantendo<br \/>\no sempre limpo. 3. N\u00e3o utilize ferro de passar roupas, secador de cabelos e outra fonte de calor ou vapor sobre o colch\u00e3o.4. Para melhor conserva\u00e7\u00e3o do produto utilize sempre um protetor de colch\u00e3o Ortobom.5. Nunca dobre ou amasse o colch\u00e3o.6. A cada 3 meses gire o colch\u00e3o lateralmente e de baixo para cima (com excess\u00e3o dos colch\u00f5es com tecnologia No Turn). GARANTIA 12 Meses contra defeitos de fabrica\u00e7\u00e3o<\/div>\n<div data-testid=\"rich-content-container\">\n<table class=\"sc-iGgWBj iCEidV sc-eBwKMn kTdlzO\">\n<tbody>\n<tr>\n<td class=\"sc-bHnlcS dUJHzp\">Anti\u00e1caro<\/td>\n<td class=\"sc-cKXybt eHjdkg\">\n<table class=\"sc-fatcLD dnJluC\">\n<tbody>\n<tr>\n<td>Sim<\/td>\n<\/tr>\n<\/tbody>\n<\/table>\n<\/td>\n<\/tr>\n<tr>\n<td class=\"sc-bHnlcS dUJHzp\">Antial\u00e9rgico<\/td>\n<td class=\"sc-cKXybt eHjdkg\">\n<table class=\"sc-fatcLD dnJluC\">\n<tbody>\n<tr>\n<td>Sim<\/td>\n<\/tr>\n<\/tbody>\n<\/table>\n<\/td>\n<\/tr>\n<tr>\n<td class=\"sc-bHnlcS dUJHzp\">Antifungo<\/td>\n<td class=\"sc-cKXybt eHjdkg\">\n<table class=\"sc-fatcLD dnJluC\">\n<tbody>\n<tr>\n<td>Sim<\/td>\n<\/tr>\n<\/tbody>\n<\/table>\n<\/td>\n<\/tr>\n<tr>\n<td class=\"sc-bHnlcS dUJHzp\">Comprimento<\/td>\n<td class=\"sc-cKXybt eHjdkg\">\n<table class=\"sc-fatcLD dnJluC\">\n<tbody>\n<tr>\n<td>188cm<\/td>\n<\/tr>\n<\/tbody>\n<\/table>\n<\/td>\n<\/tr>\n<tr>\n<td class=\"sc-bHnlcS dUJHzp\">Espuma<\/td>\n<td class=\"sc-cKXybt eHjdkg\">\n<table class=\"sc-fatcLD dnJluC\">\n<tbody>\n<tr>\n<td>D33<\/td>\n<\/tr>\n<\/tbody>\n<\/table>\n<\/td>\n<\/tr>\n<tr>\n<td class=\"sc-bHnlcS dUJHzp\">Firmeza<\/td>\n<td class=\"sc-cKXybt eHjdkg\">\n<table class=\"sc-fatcLD dnJluC\">\n<tbody>\n<tr>\n<td>M\u00e9dio<\/td>\n<\/tr>\n<\/tbody>\n<\/table>\n<\/td>\n<\/tr>\n<tr>\n<td class=\"sc-bHnlcS dUJHzp\">INMETRO<\/td>\n<td class=\"sc-cKXybt eHjdkg\">\n<table class=\"sc-fatcLD dnJluC\">\n<tbody>\n<tr>\n<td>Sim<\/td>\n<\/tr>\n<\/tbody>\n<\/table>\n<\/td>\n<\/tr>\n<tr>\n<td class=\"sc-bHnlcS dUJHzp\">Largura<\/td>\n<td class=\"sc-cKXybt eHjdkg\">\n<table class=\"sc-fatcLD dnJluC\">\n<tbody>\n<tr>\n<td>88cm<\/td>\n<\/tr>\n<\/tbody>\n<\/table>\n<\/td>\n<\/tr>\n<tr>\n<td class=\"sc-bHnlcS dUJHzp\">Suporte<\/td>\n<td class=\"sc-cKXybt eHjdkg\">\n<table class=\"sc-fatcLD dnJluC\">\n<tbody>\n<tr>\n<td>At\u00e9 90kg<\/td>\n<\/tr>\n<\/tbody>\n<\/table>\n<\/td>\n<\/tr>\n<tr>\n<td class=\"sc-bHnlcS dUJHzp\">Tamanho<\/td>\n<td class=\"sc-cKXybt eHjdkg\">\n<table class=\"sc-fatcLD dnJluC\">\n<tbody>\n<tr>\n<td>Solteiro<\/td>\n<\/tr>\n<\/tbody>\n<\/table>\n<\/td>\n<\/tr>\n<tr>\n<td class=\"sc-bHnlcS dUJHzp\">Tecido<\/td>\n<td class=\"sc-cKXybt eHjdkg\">\n<table class=\"sc-fatcLD dnJluC\">\n<tbody>\n<tr>\n<td>Poli\u00e9ster<\/td>\n<\/tr>\n<\/tbody>\n<\/table>\n<\/td>\n<\/tr>\n<tr>\n<td class=\"sc-bHnlcS dUJHzp\">Tipo<\/td>\n<td class=\"sc-cKXybt eHjdkg\">\n<table class=\"sc-fatcLD dnJluC\">\n<tbody>\n<tr>\n<td>Espuma<\/td>\n<\/tr>\n<\/tbody>\n<\/table>\n<\/td>\n<\/tr>\n<tr>\n<td class=\"sc-bHnlcS dUJHzp\">Informa\u00e7\u00f5es complementares<\/td>\n<td class=\"sc-cKXybt eHjdkg\">\n<table class=\"sc-fatcLD dnJluC\">\n<tbody>\n<tr>\n<td class=\"sc-lgjHQU lnpdFz\">Altura do Colch\u00e3o<\/td>\n<td>17cm<\/td>\n<\/tr>\n<tr>\n<td class=\"sc-lgjHQU lnpdFz\">Cor<\/td>\n<td>Branco<\/td>\n<\/tr>\n<tr>\n<td class=\"sc-lgjHQU lnpdFz\">Densidade<\/td>\n<td>D33<\/td>\n<\/tr>\n<tr>\n<td class=\"sc-lgjHQU lnpdFz\">Marca<\/td>\n<td><a class=\"sc-JrDLc gkEUmz sc-cgjDci gWnanE sc-cgjDci gWnanE\" href=\"https:\/\/www.magazineluiza.com.br\/marcas\/ortobom\/\" data-testid=\"link\">Ortobom<\/a><\/td>\n<\/tr>\n<tr>\n<td class=\"sc-lgjHQU lnpdFz\">Peso Suportado por Pessoa<\/td>\n<td>100kg<\/td>\n<\/tr>\n<tr>\n<td class=\"sc-lgjHQU lnpdFz\">Prote\u00e7\u00e3o<\/td>\n<td>Antial\u00e9rgico e anti\u00e1caro<\/td>\n<\/tr>\n<tr>\n<td class=\"sc-lgjHQU lnpdFz\">Tamanho<\/td>\n<td>Solteiro<\/td>\n<\/tr>\n<tr>\n<td class=\"sc-lgjHQU lnpdFz\">Tipo de Colch\u00e3o<\/td>\n<td>Espuma<\/td>\n<\/tr>\n<\/tbody>\n<\/table>\n<\/td>\n<\/tr>\n<\/tbody>\n<\/table>\n<\/div>\n<\/div>\n","protected":false},"excerpt":{"rendered":"<h2 class=\"sc-dcJsrY iVJGKX\" data-testid=\"product-detail-label\">Informa\u00e7\u00f5es do Produto<\/h2>\n<p><span class=\"sc-dcJsrY jZKEso\" data-testid=\"product-detail-title\">Physical Hiper Resistente (88x188x17)<\/span><\/p>\n<div class=\"sc-iGgWBj jEOEJZ sc-iCbVgq gMqAUE\" data-testid=\"product-detail-description\">\n<div class=\"sc-iGgWBj eWtIHQ sc-kodNMj dCOsrq\" data-testid=\"rich-content-container\">Colch\u00e3o Physical Hiper Resistente Solteiro (88x188x17)<br \/>\nSuporte ideal para pessoas com at\u00e9 100kg<br \/>\nOrtobom SOBRE O PRODUTO O Colch\u00e3o Ortobom Physical Hiper Resistente \u00e9 altamente resistente e confort\u00e1vel, ideal para pessoas com at\u00e9 100 quilos. Composto por Espuma D33 Pr\u00f3 Aditivada de Alta Performance, proporciona melhor sustenta\u00e7\u00e3o e durabilidade ao produto, o tampo \u00e9 bordado em Matelass\u00ea, que entrega uma camada extra de conforto. Seu revestimento \u00e9 em 100% Poliester com tratamento antial\u00e9rgico e anti\u00e1caro. Esse \u00e9 o colch\u00e3o ideal para toda a fam\u00edlia. CARACTER\u00cdSTICAS Estrutura em espuma D33 Pr\u00f3 Aditivada de Alta Performance. Tecido em 100% Poliester, bordado em matelass\u00ea, tratamento antial\u00e9rgico e anti\u00e1caro. INFORMA\u00c7\u00d5ES T\u00c9CNICAS<br \/>\nEstrutura Interna: Espuma D33 Pr\u00f3 Aditivada de Alta Performance<br \/>\nEstrutura externa: 100% Poliester , bordado em matelass\u00ea.<\/div>\n<\/div>\n","protected":false},"featured_media":3724,"comment_status":"open","ping_status":"closed","template":"","meta":[],"product_brand":[],"product_cat":[80,82],"product_tag":[],"class_list":{"0":"post-2598","1":"product","2":"type-product","3":"status-publish","4":"has-post-thumbnail","6":"product_cat-cama","7":"product_cat-colchoes","9":"first","10":"instock","11":"shipping-taxable","12":"purchasable","13":"product-type-simple"},"yoast_head":"<!-- This site is optimized with the Yoast SEO Premium plugin v23.3 (Yoast SEO v27.5) - https:\/\/yoast.com\/product\/yoast-seo-premium-wordpress\/ -->\n<title>COLCHAO ORTOBOM HIPER PHYSICAL RESISTENTE 17X188X88 - Lucas Eletro<\/title>\n<meta name=\"description\" content=\"Informa\u00e7\u00f5es do ProdutoPhysical Hiper Resistente (88x188x17)Colch\u00e3o Physical Hiper Resistente Solteiro (88x188x17)Suporte ideal para pessoas com at\u00e9 100kgOrtobom SOBRE O PRODUTO O Colch\u00e3o Ortobom Physical Hiper Resistente \u00e9 altamente resistente e confort\u00e1vel, ideal para pessoas com at\u00e9 100 quilos. Composto por Espuma D33 Pr\u00f3 Aditivada de Alta Performance, proporciona melhor sustenta\u00e7\u00e3o e durabilidade ao produto, o tampo \u00e9 bordado em Matelass\u00ea, que entrega uma camada extra de conforto. Seu revestimento \u00e9 em 100% Poliester com tratamento antial\u00e9rgico e anti\u00e1caro. Esse \u00e9 o colch\u00e3o ideal para toda a fam\u00edlia. CARACTER\u00cdSTICAS Estrutura em espuma D33 Pr\u00f3 Aditivada de Alta Performance. Tecido em 100% Poliester, bordado em matelass\u00ea, tratamento antial\u00e9rgico e anti\u00e1caro. INFORMA\u00c7\u00d5ES T\u00c9CNICASEstrutura Interna: Espuma D33 Pr\u00f3 Aditivada de Alta PerformanceEstrutura externa: 100% Poliester , bordado em matelass\u00ea.\" \/>\n<meta name=\"robots\" content=\"index, follow, max-snippet:-1, max-image-preview:large, max-video-preview:-1\" \/>\n<link rel=\"canonical\" href=\"https:\/\/lucaseletro.com.br\/?product=colchao-ortobom-hiper-physical-resistente-17x188x88\" \/>\n<meta property=\"og:locale\" content=\"pt_BR\" \/>\n<meta property=\"og:type\" content=\"article\" \/>\n<meta property=\"og:title\" content=\"COLCHAO ORTOBOM HIPER PHYSICAL RESISTENTE 17X188X88 - &#082;&#036;599,00 - Lucas Eletro\" \/>\n<meta property=\"og:description\" content=\"Informa\u00e7\u00f5es do Produto Physical Hiper Resistente (88x188x17)  Colch\u00e3o Physical Hiper Resistente Solteiro (88x188x17) Suporte ideal para pessoas com at\u00e9 100kg Ortobom SOBRE O PRODUTO O Colch\u00e3o Ortobom Physical Hiper Resistente \u00e9 altamente resistente e confort\u00e1vel, ideal para pessoas com at\u00e9 100 quilos. Composto por Espuma D33 Pr\u00f3 Aditivada de Alta Performance, proporciona melhor sustenta\u00e7\u00e3o e durabilidade ao produto, o tampo \u00e9 bordado em Matelass\u00ea, que entrega uma camada extra de conforto. Seu revestimento \u00e9 em 100% Poliester com tratamento antial\u00e9rgico e anti\u00e1caro. Esse \u00e9 o colch\u00e3o ideal para toda a fam\u00edlia. CARACTER\u00cdSTICAS Estrutura em espuma D33 Pr\u00f3 Aditivada de Alta Performance. Tecido em 100% Poliester, bordado em matelass\u00ea, tratamento antial\u00e9rgico e anti\u00e1caro. INFORMA\u00c7\u00d5ES T\u00c9CNICAS Estrutura Interna: Espuma D33 Pr\u00f3 Aditivada de Alta Performance Estrutura externa: 100% Poliester , bordado em matelass\u00ea.\" \/>\n<meta property=\"og:url\" content=\"https:\/\/lucaseletro.com.br\/?product=colchao-ortobom-hiper-physical-resistente-17x188x88\" \/>\n<meta property=\"og:site_name\" content=\"Lucas Eletro\" \/>\n<meta property=\"article:publisher\" content=\"https:\/\/www.facebook.com\/lucas.eletro.71\" \/>\n<meta property=\"article:modified_time\" content=\"2024-10-25T17:55:19+00:00\" \/>\n<meta property=\"og:image\" content=\"https:\/\/lucaseletro.com.br\/wp-content\/uploads\/2024\/07\/2aa690d45972be096e061867e806ef04.webp\" \/>\n\t<meta property=\"og:image:width\" content=\"800\" \/>\n\t<meta property=\"og:image:height\" content=\"448\" \/>\n\t<meta property=\"og:image:type\" content=\"image\/webp\" \/>\n<meta name=\"twitter:card\" content=\"summary_large_image\" \/>\n<meta name=\"twitter:label1\" content=\"Pre\u00e7o\" \/>\n\t<meta name=\"twitter:data1\" content=\"&#082;&#036;599,00\" \/>\n\t<meta name=\"twitter:label2\" content=\"Disponibilidade\" \/>\n\t<meta name=\"twitter:data2\" content=\"Em Estoque\" \/>\n<script type=\"application\/ld+json\" class=\"yoast-schema-graph\">{\"@context\":\"https:\\\/\\\/schema.org\",\"@graph\":[{\"@type\":\"WebPage\",\"@id\":\"https:\\\/\\\/lucaseletro.com.br\\\/?product=colchao-ortobom-hiper-physical-resistente-17x188x88\",\"url\":\"https:\\\/\\\/lucaseletro.com.br\\\/?product=colchao-ortobom-hiper-physical-resistente-17x188x88\",\"name\":\"COLCHAO ORTOBOM HIPER PHYSICAL RESISTENTE 17X188X88 - Lucas Eletro\",\"isPartOf\":{\"@id\":\"https:\\\/\\\/lucaseletro.com.br\\\/#website\"},\"primaryImageOfPage\":{\"@id\":\"https:\\\/\\\/lucaseletro.com.br\\\/?product=colchao-ortobom-hiper-physical-resistente-17x188x88#primaryimage\"},\"image\":{\"@id\":\"https:\\\/\\\/lucaseletro.com.br\\\/?product=colchao-ortobom-hiper-physical-resistente-17x188x88#primaryimage\"},\"thumbnailUrl\":\"https:\\\/\\\/lucaseletro.com.br\\\/wp-content\\\/uploads\\\/2024\\\/07\\\/2aa690d45972be096e061867e806ef04.webp\",\"datePublished\":\"2024-07-30T19:55:59+00:00\",\"dateModified\":\"2024-10-25T17:55:19+00:00\",\"description\":\"Informa\u00e7\u00f5es do ProdutoPhysical Hiper Resistente (88x188x17)Colch\u00e3o Physical Hiper Resistente Solteiro (88x188x17)Suporte ideal para pessoas com at\u00e9 100kgOrtobom SOBRE O PRODUTO O Colch\u00e3o Ortobom Physical Hiper Resistente \u00e9 altamente resistente e confort\u00e1vel, ideal para pessoas com at\u00e9 100 quilos. Composto por Espuma D33 Pr\u00f3 Aditivada de Alta Performance, proporciona melhor sustenta\u00e7\u00e3o e durabilidade ao produto, o tampo \u00e9 bordado em Matelass\u00ea, que entrega uma camada extra de conforto. Seu revestimento \u00e9 em 100% Poliester com tratamento antial\u00e9rgico e anti\u00e1caro. Esse \u00e9 o colch\u00e3o ideal para toda a fam\u00edlia. CARACTER\u00cdSTICAS Estrutura em espuma D33 Pr\u00f3 Aditivada de Alta Performance. Tecido em 100% Poliester, bordado em matelass\u00ea, tratamento antial\u00e9rgico e anti\u00e1caro. INFORMA\u00c7\u00d5ES T\u00c9CNICASEstrutura Interna: Espuma D33 Pr\u00f3 Aditivada de Alta PerformanceEstrutura externa: 100% Poliester , bordado em matelass\u00ea.\",\"breadcrumb\":{\"@id\":\"https:\\\/\\\/lucaseletro.com.br\\\/?product=colchao-ortobom-hiper-physical-resistente-17x188x88#breadcrumb\"},\"inLanguage\":\"pt-BR\",\"potentialAction\":[{\"@type\":\"ReadAction\",\"target\":[\"https:\\\/\\\/lucaseletro.com.br\\\/?product=colchao-ortobom-hiper-physical-resistente-17x188x88\"]}]},{\"@type\":\"ImageObject\",\"inLanguage\":\"pt-BR\",\"@id\":\"https:\\\/\\\/lucaseletro.com.br\\\/?product=colchao-ortobom-hiper-physical-resistente-17x188x88#primaryimage\",\"url\":\"https:\\\/\\\/lucaseletro.com.br\\\/wp-content\\\/uploads\\\/2024\\\/07\\\/2aa690d45972be096e061867e806ef04.webp\",\"contentUrl\":\"https:\\\/\\\/lucaseletro.com.br\\\/wp-content\\\/uploads\\\/2024\\\/07\\\/2aa690d45972be096e061867e806ef04.webp\",\"width\":800,\"height\":448},{\"@type\":\"BreadcrumbList\",\"@id\":\"https:\\\/\\\/lucaseletro.com.br\\\/?product=colchao-ortobom-hiper-physical-resistente-17x188x88#breadcrumb\",\"itemListElement\":[{\"@type\":\"ListItem\",\"position\":1,\"name\":\"In\u00edcio\",\"item\":\"https:\\\/\\\/lucaseletro.com.br\\\/\"},{\"@type\":\"ListItem\",\"position\":2,\"name\":\"Loja\",\"item\":\"https:\\\/\\\/lucaseletro.com.br\\\/?page_id=11\"},{\"@type\":\"ListItem\",\"position\":3,\"name\":\"COLCHAO ORTOBOM HIPER PHYSICAL RESISTENTE 17X188X88\"}]},{\"@type\":\"WebSite\",\"@id\":\"https:\\\/\\\/lucaseletro.com.br\\\/#website\",\"url\":\"https:\\\/\\\/lucaseletro.com.br\\\/\",\"name\":\"Lucas Eletro\",\"description\":\"Realizando seus sonhos\",\"publisher\":{\"@id\":\"https:\\\/\\\/lucaseletro.com.br\\\/#organization\"},\"alternateName\":\"Lucas Eletro\",\"potentialAction\":[{\"@type\":\"SearchAction\",\"target\":{\"@type\":\"EntryPoint\",\"urlTemplate\":\"https:\\\/\\\/lucaseletro.com.br\\\/?s={search_term_string}\"},\"query-input\":{\"@type\":\"PropertyValueSpecification\",\"valueRequired\":true,\"valueName\":\"search_term_string\"}}],\"inLanguage\":\"pt-BR\"},{\"@type\":\"Organization\",\"@id\":\"https:\\\/\\\/lucaseletro.com.br\\\/#organization\",\"name\":\"Lucas Eletro\",\"alternateName\":\"Lucas Eletro\",\"url\":\"https:\\\/\\\/lucaseletro.com.br\\\/\",\"logo\":{\"@type\":\"ImageObject\",\"inLanguage\":\"pt-BR\",\"@id\":\"https:\\\/\\\/lucaseletro.com.br\\\/#\\\/schema\\\/logo\\\/image\\\/\",\"url\":\"https:\\\/\\\/lucaseletro.com.br\\\/wp-content\\\/uploads\\\/2024\\\/08\\\/Logo-WebP.webp\",\"contentUrl\":\"https:\\\/\\\/lucaseletro.com.br\\\/wp-content\\\/uploads\\\/2024\\\/08\\\/Logo-WebP.webp\",\"width\":1366,\"height\":457,\"caption\":\"Lucas Eletro\"},\"image\":{\"@id\":\"https:\\\/\\\/lucaseletro.com.br\\\/#\\\/schema\\\/logo\\\/image\\\/\"},\"sameAs\":[\"https:\\\/\\\/www.facebook.com\\\/lucas.eletro.71\"]}]}<\/script>\n<meta property=\"product:price:amount\" content=\"599.00\" \/>\n<meta property=\"product:price:currency\" content=\"BRL\" \/>\n<meta property=\"og:availability\" content=\"instock\" \/>\n<meta property=\"product:availability\" content=\"instock\" \/>\n<meta property=\"product:condition\" content=\"new\" \/>\n<!-- \/ Yoast SEO Premium plugin. -->","yoast_head_json":{"title":"COLCHAO ORTOBOM HIPER PHYSICAL RESISTENTE 17X188X88 - Lucas Eletro","description":"Informa\u00e7\u00f5es do ProdutoPhysical Hiper Resistente (88x188x17)Colch\u00e3o Physical Hiper Resistente Solteiro (88x188x17)Suporte ideal para pessoas com at\u00e9 100kgOrtobom SOBRE O PRODUTO O Colch\u00e3o Ortobom Physical Hiper Resistente \u00e9 altamente resistente e confort\u00e1vel, ideal para pessoas com at\u00e9 100 quilos. Composto por Espuma D33 Pr\u00f3 Aditivada de Alta Performance, proporciona melhor sustenta\u00e7\u00e3o e durabilidade ao produto, o tampo \u00e9 bordado em Matelass\u00ea, que entrega uma camada extra de conforto. Seu revestimento \u00e9 em 100% Poliester com tratamento antial\u00e9rgico e anti\u00e1caro. Esse \u00e9 o colch\u00e3o ideal para toda a fam\u00edlia. CARACTER\u00cdSTICAS Estrutura em espuma D33 Pr\u00f3 Aditivada de Alta Performance. Tecido em 100% Poliester, bordado em matelass\u00ea, tratamento antial\u00e9rgico e anti\u00e1caro. INFORMA\u00c7\u00d5ES T\u00c9CNICASEstrutura Interna: Espuma D33 Pr\u00f3 Aditivada de Alta PerformanceEstrutura externa: 100% Poliester , bordado em matelass\u00ea.","robots":{"index":"index","follow":"follow","max-snippet":"max-snippet:-1","max-image-preview":"max-image-preview:large","max-video-preview":"max-video-preview:-1"},"canonical":"https:\/\/lucaseletro.com.br\/?product=colchao-ortobom-hiper-physical-resistente-17x188x88","og_locale":"pt_BR","og_type":"article","og_title":"COLCHAO ORTOBOM HIPER PHYSICAL RESISTENTE 17X188X88 - &#82;&#36;599,00 - Lucas Eletro","og_description":"Informa\u00e7\u00f5es do Produto Physical Hiper Resistente (88x188x17)  Colch\u00e3o Physical Hiper Resistente Solteiro (88x188x17) Suporte ideal para pessoas com at\u00e9 100kg Ortobom SOBRE O PRODUTO O Colch\u00e3o Ortobom Physical Hiper Resistente \u00e9 altamente resistente e confort\u00e1vel, ideal para pessoas com at\u00e9 100 quilos. Composto por Espuma D33 Pr\u00f3 Aditivada de Alta Performance, proporciona melhor sustenta\u00e7\u00e3o e durabilidade ao produto, o tampo \u00e9 bordado em Matelass\u00ea, que entrega uma camada extra de conforto. Seu revestimento \u00e9 em 100% Poliester com tratamento antial\u00e9rgico e anti\u00e1caro. Esse \u00e9 o colch\u00e3o ideal para toda a fam\u00edlia. CARACTER\u00cdSTICAS Estrutura em espuma D33 Pr\u00f3 Aditivada de Alta Performance. Tecido em 100% Poliester, bordado em matelass\u00ea, tratamento antial\u00e9rgico e anti\u00e1caro. INFORMA\u00c7\u00d5ES T\u00c9CNICAS Estrutura Interna: Espuma D33 Pr\u00f3 Aditivada de Alta Performance Estrutura externa: 100% Poliester , bordado em matelass\u00ea.","og_url":"https:\/\/lucaseletro.com.br\/?product=colchao-ortobom-hiper-physical-resistente-17x188x88","og_site_name":"Lucas Eletro","article_publisher":"https:\/\/www.facebook.com\/lucas.eletro.71","article_modified_time":"2024-10-25T17:55:19+00:00","og_image":[{"width":800,"height":448,"url":"https:\/\/lucaseletro.com.br\/wp-content\/uploads\/2024\/07\/2aa690d45972be096e061867e806ef04.webp","type":"image\/webp"}],"twitter_card":"summary_large_image","twitter_misc":{"Pre\u00e7o":"&#82;&#36;599,00","Disponibilidade":"Em Estoque"},"schema":{"@context":"https:\/\/schema.org","@graph":[{"@type":"WebPage","@id":"https:\/\/lucaseletro.com.br\/?product=colchao-ortobom-hiper-physical-resistente-17x188x88","url":"https:\/\/lucaseletro.com.br\/?product=colchao-ortobom-hiper-physical-resistente-17x188x88","name":"COLCHAO ORTOBOM HIPER PHYSICAL RESISTENTE 17X188X88 - Lucas Eletro","isPartOf":{"@id":"https:\/\/lucaseletro.com.br\/#website"},"primaryImageOfPage":{"@id":"https:\/\/lucaseletro.com.br\/?product=colchao-ortobom-hiper-physical-resistente-17x188x88#primaryimage"},"image":{"@id":"https:\/\/lucaseletro.com.br\/?product=colchao-ortobom-hiper-physical-resistente-17x188x88#primaryimage"},"thumbnailUrl":"https:\/\/lucaseletro.com.br\/wp-content\/uploads\/2024\/07\/2aa690d45972be096e061867e806ef04.webp","datePublished":"2024-07-30T19:55:59+00:00","dateModified":"2024-10-25T17:55:19+00:00","description":"Informa\u00e7\u00f5es do ProdutoPhysical Hiper Resistente (88x188x17)Colch\u00e3o Physical Hiper Resistente Solteiro (88x188x17)Suporte ideal para pessoas com at\u00e9 100kgOrtobom SOBRE O PRODUTO O Colch\u00e3o Ortobom Physical Hiper Resistente \u00e9 altamente resistente e confort\u00e1vel, ideal para pessoas com at\u00e9 100 quilos. Composto por Espuma D33 Pr\u00f3 Aditivada de Alta Performance, proporciona melhor sustenta\u00e7\u00e3o e durabilidade ao produto, o tampo \u00e9 bordado em Matelass\u00ea, que entrega uma camada extra de conforto. Seu revestimento \u00e9 em 100% Poliester com tratamento antial\u00e9rgico e anti\u00e1caro. Esse \u00e9 o colch\u00e3o ideal para toda a fam\u00edlia. CARACTER\u00cdSTICAS Estrutura em espuma D33 Pr\u00f3 Aditivada de Alta Performance. Tecido em 100% Poliester, bordado em matelass\u00ea, tratamento antial\u00e9rgico e anti\u00e1caro. INFORMA\u00c7\u00d5ES T\u00c9CNICASEstrutura Interna: Espuma D33 Pr\u00f3 Aditivada de Alta PerformanceEstrutura externa: 100% Poliester , bordado em matelass\u00ea.","breadcrumb":{"@id":"https:\/\/lucaseletro.com.br\/?product=colchao-ortobom-hiper-physical-resistente-17x188x88#breadcrumb"},"inLanguage":"pt-BR","potentialAction":[{"@type":"ReadAction","target":["https:\/\/lucaseletro.com.br\/?product=colchao-ortobom-hiper-physical-resistente-17x188x88"]}]},{"@type":"ImageObject","inLanguage":"pt-BR","@id":"https:\/\/lucaseletro.com.br\/?product=colchao-ortobom-hiper-physical-resistente-17x188x88#primaryimage","url":"https:\/\/lucaseletro.com.br\/wp-content\/uploads\/2024\/07\/2aa690d45972be096e061867e806ef04.webp","contentUrl":"https:\/\/lucaseletro.com.br\/wp-content\/uploads\/2024\/07\/2aa690d45972be096e061867e806ef04.webp","width":800,"height":448},{"@type":"BreadcrumbList","@id":"https:\/\/lucaseletro.com.br\/?product=colchao-ortobom-hiper-physical-resistente-17x188x88#breadcrumb","itemListElement":[{"@type":"ListItem","position":1,"name":"In\u00edcio","item":"https:\/\/lucaseletro.com.br\/"},{"@type":"ListItem","position":2,"name":"Loja","item":"https:\/\/lucaseletro.com.br\/?page_id=11"},{"@type":"ListItem","position":3,"name":"COLCHAO ORTOBOM HIPER PHYSICAL RESISTENTE 17X188X88"}]},{"@type":"WebSite","@id":"https:\/\/lucaseletro.com.br\/#website","url":"https:\/\/lucaseletro.com.br\/","name":"Lucas Eletro","description":"Realizando seus sonhos","publisher":{"@id":"https:\/\/lucaseletro.com.br\/#organization"},"alternateName":"Lucas Eletro","potentialAction":[{"@type":"SearchAction","target":{"@type":"EntryPoint","urlTemplate":"https:\/\/lucaseletro.com.br\/?s={search_term_string}"},"query-input":{"@type":"PropertyValueSpecification","valueRequired":true,"valueName":"search_term_string"}}],"inLanguage":"pt-BR"},{"@type":"Organization","@id":"https:\/\/lucaseletro.com.br\/#organization","name":"Lucas Eletro","alternateName":"Lucas Eletro","url":"https:\/\/lucaseletro.com.br\/","logo":{"@type":"ImageObject","inLanguage":"pt-BR","@id":"https:\/\/lucaseletro.com.br\/#\/schema\/logo\/image\/","url":"https:\/\/lucaseletro.com.br\/wp-content\/uploads\/2024\/08\/Logo-WebP.webp","contentUrl":"https:\/\/lucaseletro.com.br\/wp-content\/uploads\/2024\/08\/Logo-WebP.webp","width":1366,"height":457,"caption":"Lucas Eletro"},"image":{"@id":"https:\/\/lucaseletro.com.br\/#\/schema\/logo\/image\/"},"sameAs":["https:\/\/www.facebook.com\/lucas.eletro.71"]}]},"product_price_amount":"599.00","product_price_currency":"BRL","og_availability":"instock","product_availability":"instock","product_condition":"new"},"_links":{"self":[{"href":"https:\/\/lucaseletro.com.br\/index.php?rest_route=\/wp\/v2\/product\/2598","targetHints":{"allow":["GET"]}}],"collection":[{"href":"https:\/\/lucaseletro.com.br\/index.php?rest_route=\/wp\/v2\/product"}],"about":[{"href":"https:\/\/lucaseletro.com.br\/index.php?rest_route=\/wp\/v2\/types\/product"}],"replies":[{"embeddable":true,"href":"https:\/\/lucaseletro.com.br\/index.php?rest_route=%2Fwp%2Fv2%2Fcomments&post=2598"}],"wp:featuredmedia":[{"embeddable":true,"href":"https:\/\/lucaseletro.com.br\/index.php?rest_route=\/wp\/v2\/media\/3724"}],"wp:attachment":[{"href":"https:\/\/lucaseletro.com.br\/index.php?rest_route=%2Fwp%2Fv2%2Fmedia&parent=2598"}],"wp:term":[{"taxonomy":"product_brand","embeddable":true,"href":"https:\/\/lucaseletro.com.br\/index.php?rest_route=%2Fwp%2Fv2%2Fproduct_brand&post=2598"},{"taxonomy":"product_cat","embeddable":true,"href":"https:\/\/lucaseletro.com.br\/index.php?rest_route=%2Fwp%2Fv2%2Fproduct_cat&post=2598"},{"taxonomy":"product_tag","embeddable":true,"href":"https:\/\/lucaseletro.com.br\/index.php?rest_route=%2Fwp%2Fv2%2Fproduct_tag&post=2598"}],"curies":[{"name":"wp","href":"https:\/\/api.w.org\/{rel}","templated":true}]}}