{"id":2623,"date":"2024-07-30T16:56:04","date_gmt":"2024-07-30T19:56:04","guid":{"rendered":"https:\/\/lucaseletro.com.br\/product\/ventilador-de-parede-tufao-50cm\/"},"modified":"2025-08-15T14:53:26","modified_gmt":"2025-08-15T17:53:26","slug":"ventilador-de-parede-tufao-50cm","status":"publish","type":"product","link":"https:\/\/lucaseletro.com.br\/?product=ventilador-de-parede-tufao-50cm","title":{"rendered":"VENTILADOR DE PAREDE TUFAO 50CM"},"content":{"rendered":"<h2 class=\"ui-pdp-description__title\" data-testid=\"title\">Descri\u00e7\u00e3o<\/h2>\n<p class=\"ui-pdp-description__content\" data-testid=\"content\">Frequ\u00eancia: 60Hz<\/p>\n<p>Tens\u00e3o: 127V \/ 220V (Bivolt)<\/p>\n<p>Material: A\u00e7o Tratado<\/p>\n<p>Ambientes: Comerciais e Residenciais<\/p>\n<p>Rota\u00e7\u00e3o M\u00e1xima: 1.500rpm<\/p>\n<p>Vaz\u00e3o: 0,85 ~ 1,05 m\u00b3\/s<\/p>\n<p>Grade: 80 fios<\/p>\n<p>Ventilador moderno e potente para a sua casa, escrit\u00f3rio ou qualquer outro ambiente que desejar, o Ventilador De Parede Turbo Loren Sid \u00e9 facilmente fixado e garante um clima agrad\u00e1vel para voc\u00ea, equipado com motor M2 Bivolt. Apresenta movimento horizontal autom\u00e1tico e controle rotativo de velocidade, permitindo assim um ajuste mais preciso da capacidade de ventila\u00e7\u00e3o do aparelho no ambiente.<\/p>\n<p>Este Ventilador \u00e9 composto por:<\/p>\n<p>\u2022 1 Motor<br \/>\n\u2022 1 Haste e suporte para fixa\u00e7\u00e3o<br \/>\n\u2022 1 Manual de instala\u00e7\u00e3o<br \/>\n\u2022 6 H\u00e9lices<br \/>\n\u2022 1 Controle de parede<\/p>\n","protected":false},"excerpt":{"rendered":"<h2 class=\"ui-pdp-description__title\" data-testid=\"title\">Descri\u00e7\u00e3o<\/h2>\n<p class=\"ui-pdp-description__content\" data-testid=\"content\">Frequ\u00eancia: 60Hz<\/p>\n<p>Tens\u00e3o: 127V \/ 220V (Bivolt)<\/p>\n<p>Material: A\u00e7o Tratado<\/p>\n<p>Ambientes: Comerciais e Residenciais<\/p>\n<p>Rota\u00e7\u00e3o M\u00e1xima: 1.500rpm<\/p>\n<p>Vaz\u00e3o: 0,85 ~ 1,05 m\u00b3\/s<\/p>\n<p>Grade: 80 fios<\/p>\n<p>Ventilador moderno e potente para a sua casa, escrit\u00f3rio ou qualquer outro ambiente que desejar, o Ventilador De Parede Turbo Loren Sid \u00e9 facilmente fixado e garante um clima agrad\u00e1vel para voc\u00ea, equipado com motor M2 Bivolt. Apresenta movimento horizontal autom\u00e1tico e controle rotativo de velocidade, permitindo assim um ajuste mais preciso da capacidade de ventila\u00e7\u00e3o do aparelho no ambiente.<\/p>\n<p>Este Ventilador \u00e9 composto por:<\/p>\n<p>\u2022 1 Motor<br \/>\n\u2022 1 Haste e suporte para fixa\u00e7\u00e3o<br \/>\n\u2022 1 Manual de instala\u00e7\u00e3o<br \/>\n\u2022 6 H\u00e9lices<br \/>\n\u2022 1 Controle de parede<\/p>\n","protected":false},"featured_media":4095,"comment_status":"open","ping_status":"closed","template":"","meta":[],"product_brand":[],"product_cat":[61],"product_tag":[],"class_list":{"0":"post-2623","1":"product","2":"type-product","3":"status-publish","4":"has-post-thumbnail","6":"product_cat-eletricos","8":"first","9":"instock","10":"shipping-taxable","11":"purchasable","12":"product-type-simple"},"yoast_head":"<!-- This site is optimized with the Yoast SEO Premium plugin v23.3 (Yoast SEO v27.4) - https:\/\/yoast.com\/product\/yoast-seo-premium-wordpress\/ -->\n<title>VENTILADOR DE PAREDE TUFAO 50CM - Lucas Eletro<\/title>\n<meta name=\"description\" content=\"VENTILADOR DE PAREDE TUFAO 50CM\" \/>\n<meta name=\"robots\" content=\"index, follow, max-snippet:-1, max-image-preview:large, max-video-preview:-1\" \/>\n<link rel=\"canonical\" href=\"https:\/\/lucaseletro.com.br\/?product=ventilador-de-parede-tufao-50cm\" \/>\n<meta property=\"og:locale\" content=\"pt_BR\" \/>\n<meta property=\"og:type\" content=\"article\" \/>\n<meta property=\"og:title\" content=\"VENTILADOR DE PAREDE TUFAO 50CM - &#082;&#036;395,00 - Lucas Eletro\" \/>\n<meta property=\"og:description\" content=\"Descri\u00e7\u00e3o Frequ\u00eancia: 60Hz  Tens\u00e3o: 127V \/ 220V (Bivolt)  Material: A\u00e7o Tratado  Ambientes: Comerciais e Residenciais  Rota\u00e7\u00e3o M\u00e1xima: 1.500rpm  Vaz\u00e3o: 0,85 ~ 1,05 m\u00b3\/s  Grade: 80 fios  Ventilador moderno e potente para a sua casa, escrit\u00f3rio ou qualquer outro ambiente que desejar, o Ventilador De Parede Turbo Loren Sid \u00e9 facilmente fixado e garante um clima agrad\u00e1vel para voc\u00ea, equipado com motor M2 Bivolt. Apresenta movimento horizontal autom\u00e1tico e controle rotativo de velocidade, permitindo assim um ajuste mais preciso da capacidade de ventila\u00e7\u00e3o do aparelho no ambiente.  Este Ventilador \u00e9 composto por:  \u2022 1 Motor \u2022 1 Haste e suporte para fixa\u00e7\u00e3o \u2022 1 Manual de instala\u00e7\u00e3o \u2022 6 H\u00e9lices \u2022 1 Controle de parede\" \/>\n<meta property=\"og:url\" content=\"https:\/\/lucaseletro.com.br\/?product=ventilador-de-parede-tufao-50cm\" \/>\n<meta property=\"og:site_name\" content=\"Lucas Eletro\" \/>\n<meta property=\"article:publisher\" content=\"https:\/\/www.facebook.com\/lucas.eletro.71\" \/>\n<meta property=\"article:modified_time\" content=\"2025-08-15T17:53:26+00:00\" \/>\n<meta property=\"og:image\" content=\"https:\/\/lucaseletro.com.br\/wp-content\/uploads\/2024\/07\/D_Q_NP_2X_925623-MLU77395762543_072024-F.webp\" \/>\n\t<meta property=\"og:image:width\" content=\"1200\" \/>\n\t<meta property=\"og:image:height\" content=\"1200\" \/>\n\t<meta property=\"og:image:type\" content=\"image\/webp\" \/>\n<meta name=\"twitter:card\" content=\"summary_large_image\" \/>\n<meta name=\"twitter:label1\" content=\"Pre\u00e7o\" \/>\n\t<meta name=\"twitter:data1\" content=\"&#082;&#036;395,00\" \/>\n\t<meta name=\"twitter:label2\" content=\"Disponibilidade\" \/>\n\t<meta name=\"twitter:data2\" content=\"Em Estoque\" \/>\n<script type=\"application\/ld+json\" class=\"yoast-schema-graph\">{\"@context\":\"https:\\\/\\\/schema.org\",\"@graph\":[{\"@type\":\"WebPage\",\"@id\":\"https:\\\/\\\/lucaseletro.com.br\\\/?product=ventilador-de-parede-tufao-50cm\",\"url\":\"https:\\\/\\\/lucaseletro.com.br\\\/?product=ventilador-de-parede-tufao-50cm\",\"name\":\"VENTILADOR DE PAREDE TUFAO 50CM - Lucas Eletro\",\"isPartOf\":{\"@id\":\"https:\\\/\\\/lucaseletro.com.br\\\/#website\"},\"primaryImageOfPage\":{\"@id\":\"https:\\\/\\\/lucaseletro.com.br\\\/?product=ventilador-de-parede-tufao-50cm#primaryimage\"},\"image\":{\"@id\":\"https:\\\/\\\/lucaseletro.com.br\\\/?product=ventilador-de-parede-tufao-50cm#primaryimage\"},\"thumbnailUrl\":\"https:\\\/\\\/lucaseletro.com.br\\\/wp-content\\\/uploads\\\/2024\\\/07\\\/D_Q_NP_2X_925623-MLU77395762543_072024-F.webp\",\"datePublished\":\"2024-07-30T19:56:04+00:00\",\"dateModified\":\"2025-08-15T17:53:26+00:00\",\"description\":\"VENTILADOR DE PAREDE TUFAO 50CM\",\"breadcrumb\":{\"@id\":\"https:\\\/\\\/lucaseletro.com.br\\\/?product=ventilador-de-parede-tufao-50cm#breadcrumb\"},\"inLanguage\":\"pt-BR\",\"potentialAction\":[{\"@type\":\"ReadAction\",\"target\":[\"https:\\\/\\\/lucaseletro.com.br\\\/?product=ventilador-de-parede-tufao-50cm\"]}]},{\"@type\":\"ImageObject\",\"inLanguage\":\"pt-BR\",\"@id\":\"https:\\\/\\\/lucaseletro.com.br\\\/?product=ventilador-de-parede-tufao-50cm#primaryimage\",\"url\":\"https:\\\/\\\/lucaseletro.com.br\\\/wp-content\\\/uploads\\\/2024\\\/07\\\/D_Q_NP_2X_925623-MLU77395762543_072024-F.webp\",\"contentUrl\":\"https:\\\/\\\/lucaseletro.com.br\\\/wp-content\\\/uploads\\\/2024\\\/07\\\/D_Q_NP_2X_925623-MLU77395762543_072024-F.webp\",\"width\":1200,\"height\":1200},{\"@type\":\"BreadcrumbList\",\"@id\":\"https:\\\/\\\/lucaseletro.com.br\\\/?product=ventilador-de-parede-tufao-50cm#breadcrumb\",\"itemListElement\":[{\"@type\":\"ListItem\",\"position\":1,\"name\":\"In\u00edcio\",\"item\":\"https:\\\/\\\/lucaseletro.com.br\\\/\"},{\"@type\":\"ListItem\",\"position\":2,\"name\":\"Loja\",\"item\":\"https:\\\/\\\/lucaseletro.com.br\\\/?page_id=11\"},{\"@type\":\"ListItem\",\"position\":3,\"name\":\"VENTILADOR DE PAREDE TUFAO 50CM\"}]},{\"@type\":\"WebSite\",\"@id\":\"https:\\\/\\\/lucaseletro.com.br\\\/#website\",\"url\":\"https:\\\/\\\/lucaseletro.com.br\\\/\",\"name\":\"Lucas Eletro\",\"description\":\"Realizando seus sonhos\",\"publisher\":{\"@id\":\"https:\\\/\\\/lucaseletro.com.br\\\/#organization\"},\"alternateName\":\"Lucas Eletro\",\"potentialAction\":[{\"@type\":\"SearchAction\",\"target\":{\"@type\":\"EntryPoint\",\"urlTemplate\":\"https:\\\/\\\/lucaseletro.com.br\\\/?s={search_term_string}\"},\"query-input\":{\"@type\":\"PropertyValueSpecification\",\"valueRequired\":true,\"valueName\":\"search_term_string\"}}],\"inLanguage\":\"pt-BR\"},{\"@type\":\"Organization\",\"@id\":\"https:\\\/\\\/lucaseletro.com.br\\\/#organization\",\"name\":\"Lucas Eletro\",\"alternateName\":\"Lucas Eletro\",\"url\":\"https:\\\/\\\/lucaseletro.com.br\\\/\",\"logo\":{\"@type\":\"ImageObject\",\"inLanguage\":\"pt-BR\",\"@id\":\"https:\\\/\\\/lucaseletro.com.br\\\/#\\\/schema\\\/logo\\\/image\\\/\",\"url\":\"https:\\\/\\\/lucaseletro.com.br\\\/wp-content\\\/uploads\\\/2024\\\/08\\\/Logo-WebP.webp\",\"contentUrl\":\"https:\\\/\\\/lucaseletro.com.br\\\/wp-content\\\/uploads\\\/2024\\\/08\\\/Logo-WebP.webp\",\"width\":1366,\"height\":457,\"caption\":\"Lucas Eletro\"},\"image\":{\"@id\":\"https:\\\/\\\/lucaseletro.com.br\\\/#\\\/schema\\\/logo\\\/image\\\/\"},\"sameAs\":[\"https:\\\/\\\/www.facebook.com\\\/lucas.eletro.71\"]}]}<\/script>\n<meta property=\"product:price:amount\" content=\"395.00\" \/>\n<meta property=\"product:price:currency\" content=\"BRL\" \/>\n<meta property=\"og:availability\" content=\"instock\" \/>\n<meta property=\"product:availability\" content=\"instock\" \/>\n<meta property=\"product:condition\" content=\"new\" \/>\n<!-- \/ Yoast SEO Premium plugin. -->","yoast_head_json":{"title":"VENTILADOR DE PAREDE TUFAO 50CM - Lucas Eletro","description":"VENTILADOR DE PAREDE TUFAO 50CM","robots":{"index":"index","follow":"follow","max-snippet":"max-snippet:-1","max-image-preview":"max-image-preview:large","max-video-preview":"max-video-preview:-1"},"canonical":"https:\/\/lucaseletro.com.br\/?product=ventilador-de-parede-tufao-50cm","og_locale":"pt_BR","og_type":"article","og_title":"VENTILADOR DE PAREDE TUFAO 50CM - &#82;&#36;395,00 - Lucas Eletro","og_description":"Descri\u00e7\u00e3o Frequ\u00eancia: 60Hz  Tens\u00e3o: 127V \/ 220V (Bivolt)  Material: A\u00e7o Tratado  Ambientes: Comerciais e Residenciais  Rota\u00e7\u00e3o M\u00e1xima: 1.500rpm  Vaz\u00e3o: 0,85 ~ 1,05 m\u00b3\/s  Grade: 80 fios  Ventilador moderno e potente para a sua casa, escrit\u00f3rio ou qualquer outro ambiente que desejar, o Ventilador De Parede Turbo Loren Sid \u00e9 facilmente fixado e garante um clima agrad\u00e1vel para voc\u00ea, equipado com motor M2 Bivolt. Apresenta movimento horizontal autom\u00e1tico e controle rotativo de velocidade, permitindo assim um ajuste mais preciso da capacidade de ventila\u00e7\u00e3o do aparelho no ambiente.  Este Ventilador \u00e9 composto por:  \u2022 1 Motor \u2022 1 Haste e suporte para fixa\u00e7\u00e3o \u2022 1 Manual de instala\u00e7\u00e3o \u2022 6 H\u00e9lices \u2022 1 Controle de parede","og_url":"https:\/\/lucaseletro.com.br\/?product=ventilador-de-parede-tufao-50cm","og_site_name":"Lucas Eletro","article_publisher":"https:\/\/www.facebook.com\/lucas.eletro.71","article_modified_time":"2025-08-15T17:53:26+00:00","og_image":[{"width":1200,"height":1200,"url":"https:\/\/lucaseletro.com.br\/wp-content\/uploads\/2024\/07\/D_Q_NP_2X_925623-MLU77395762543_072024-F.webp","type":"image\/webp"}],"twitter_card":"summary_large_image","twitter_misc":{"Pre\u00e7o":"&#82;&#36;395,00","Disponibilidade":"Em Estoque"},"schema":{"@context":"https:\/\/schema.org","@graph":[{"@type":"WebPage","@id":"https:\/\/lucaseletro.com.br\/?product=ventilador-de-parede-tufao-50cm","url":"https:\/\/lucaseletro.com.br\/?product=ventilador-de-parede-tufao-50cm","name":"VENTILADOR DE PAREDE TUFAO 50CM - Lucas Eletro","isPartOf":{"@id":"https:\/\/lucaseletro.com.br\/#website"},"primaryImageOfPage":{"@id":"https:\/\/lucaseletro.com.br\/?product=ventilador-de-parede-tufao-50cm#primaryimage"},"image":{"@id":"https:\/\/lucaseletro.com.br\/?product=ventilador-de-parede-tufao-50cm#primaryimage"},"thumbnailUrl":"https:\/\/lucaseletro.com.br\/wp-content\/uploads\/2024\/07\/D_Q_NP_2X_925623-MLU77395762543_072024-F.webp","datePublished":"2024-07-30T19:56:04+00:00","dateModified":"2025-08-15T17:53:26+00:00","description":"VENTILADOR DE PAREDE TUFAO 50CM","breadcrumb":{"@id":"https:\/\/lucaseletro.com.br\/?product=ventilador-de-parede-tufao-50cm#breadcrumb"},"inLanguage":"pt-BR","potentialAction":[{"@type":"ReadAction","target":["https:\/\/lucaseletro.com.br\/?product=ventilador-de-parede-tufao-50cm"]}]},{"@type":"ImageObject","inLanguage":"pt-BR","@id":"https:\/\/lucaseletro.com.br\/?product=ventilador-de-parede-tufao-50cm#primaryimage","url":"https:\/\/lucaseletro.com.br\/wp-content\/uploads\/2024\/07\/D_Q_NP_2X_925623-MLU77395762543_072024-F.webp","contentUrl":"https:\/\/lucaseletro.com.br\/wp-content\/uploads\/2024\/07\/D_Q_NP_2X_925623-MLU77395762543_072024-F.webp","width":1200,"height":1200},{"@type":"BreadcrumbList","@id":"https:\/\/lucaseletro.com.br\/?product=ventilador-de-parede-tufao-50cm#breadcrumb","itemListElement":[{"@type":"ListItem","position":1,"name":"In\u00edcio","item":"https:\/\/lucaseletro.com.br\/"},{"@type":"ListItem","position":2,"name":"Loja","item":"https:\/\/lucaseletro.com.br\/?page_id=11"},{"@type":"ListItem","position":3,"name":"VENTILADOR DE PAREDE TUFAO 50CM"}]},{"@type":"WebSite","@id":"https:\/\/lucaseletro.com.br\/#website","url":"https:\/\/lucaseletro.com.br\/","name":"Lucas Eletro","description":"Realizando seus sonhos","publisher":{"@id":"https:\/\/lucaseletro.com.br\/#organization"},"alternateName":"Lucas Eletro","potentialAction":[{"@type":"SearchAction","target":{"@type":"EntryPoint","urlTemplate":"https:\/\/lucaseletro.com.br\/?s={search_term_string}"},"query-input":{"@type":"PropertyValueSpecification","valueRequired":true,"valueName":"search_term_string"}}],"inLanguage":"pt-BR"},{"@type":"Organization","@id":"https:\/\/lucaseletro.com.br\/#organization","name":"Lucas Eletro","alternateName":"Lucas Eletro","url":"https:\/\/lucaseletro.com.br\/","logo":{"@type":"ImageObject","inLanguage":"pt-BR","@id":"https:\/\/lucaseletro.com.br\/#\/schema\/logo\/image\/","url":"https:\/\/lucaseletro.com.br\/wp-content\/uploads\/2024\/08\/Logo-WebP.webp","contentUrl":"https:\/\/lucaseletro.com.br\/wp-content\/uploads\/2024\/08\/Logo-WebP.webp","width":1366,"height":457,"caption":"Lucas Eletro"},"image":{"@id":"https:\/\/lucaseletro.com.br\/#\/schema\/logo\/image\/"},"sameAs":["https:\/\/www.facebook.com\/lucas.eletro.71"]}]},"product_price_amount":"395.00","product_price_currency":"BRL","og_availability":"instock","product_availability":"instock","product_condition":"new"},"_links":{"self":[{"href":"https:\/\/lucaseletro.com.br\/index.php?rest_route=\/wp\/v2\/product\/2623","targetHints":{"allow":["GET"]}}],"collection":[{"href":"https:\/\/lucaseletro.com.br\/index.php?rest_route=\/wp\/v2\/product"}],"about":[{"href":"https:\/\/lucaseletro.com.br\/index.php?rest_route=\/wp\/v2\/types\/product"}],"replies":[{"embeddable":true,"href":"https:\/\/lucaseletro.com.br\/index.php?rest_route=%2Fwp%2Fv2%2Fcomments&post=2623"}],"wp:featuredmedia":[{"embeddable":true,"href":"https:\/\/lucaseletro.com.br\/index.php?rest_route=\/wp\/v2\/media\/4095"}],"wp:attachment":[{"href":"https:\/\/lucaseletro.com.br\/index.php?rest_route=%2Fwp%2Fv2%2Fmedia&parent=2623"}],"wp:term":[{"taxonomy":"product_brand","embeddable":true,"href":"https:\/\/lucaseletro.com.br\/index.php?rest_route=%2Fwp%2Fv2%2Fproduct_brand&post=2623"},{"taxonomy":"product_cat","embeddable":true,"href":"https:\/\/lucaseletro.com.br\/index.php?rest_route=%2Fwp%2Fv2%2Fproduct_cat&post=2623"},{"taxonomy":"product_tag","embeddable":true,"href":"https:\/\/lucaseletro.com.br\/index.php?rest_route=%2Fwp%2Fv2%2Fproduct_tag&post=2623"}],"curies":[{"name":"wp","href":"https:\/\/api.w.org\/{rel}","templated":true}]}}