{"id":2660,"date":"2024-07-30T16:56:09","date_gmt":"2024-07-30T19:56:09","guid":{"rendered":"https:\/\/lucaseletro.com.br\/product\/sofa-de-canto-versatil-3x2-puff-504\/"},"modified":"2025-09-03T10:46:54","modified_gmt":"2025-09-03T13:46:54","slug":"sofa-de-canto-versatil-3x2-puff-504","status":"publish","type":"product","link":"https:\/\/lucaseletro.com.br\/?product=sofa-de-canto-versatil-3x2-puff-504","title":{"rendered":"SOFA 2X3 LUGARES MAGUIMOVEIS JEDAY COR 627"},"content":{"rendered":"<div class=\"elementor-element elementor-element-758558d1 elementor-widget elementor-widget-woocommerce-product-title elementor-page-title elementor-widget-heading\" data-id=\"758558d1\" data-element_type=\"widget\" data-widget_type=\"woocommerce-product-title.default\">\n<div class=\"elementor-widget-container\">\n<h1 class=\"product_title entry-title elementor-heading-title elementor-size-default\">Sof\u00e1 jeday<\/h1>\n<\/div>\n<\/div>\n<div class=\"elementor-element elementor-element-d2ab864 elementor-icon-list--layout-inline elementor-align-left elementor-mobile-align-center elementor-list-item-link-full_width elementor-widget elementor-widget-icon-list\" data-id=\"d2ab864\" data-element_type=\"widget\" data-widget_type=\"icon-list.default\">\n<div class=\"elementor-widget-container\">\n<ul class=\"elementor-icon-list-items elementor-inline-items\">\n<li class=\"elementor-icon-list-item elementor-inline-item\"><span class=\"elementor-icon-list-text\">Design<\/span><\/li>\n<li class=\"elementor-icon-list-item elementor-inline-item\"><span class=\"elementor-icon-list-text\">Conforto<\/span><\/li>\n<li class=\"elementor-icon-list-item elementor-inline-item\"><span class=\"elementor-icon-list-text\">Sofistica\u00e7\u00e3o<\/span><\/li>\n<\/ul>\n<\/div>\n<\/div>\n<div class=\"elementor-element elementor-element-28e41fc2 elementor-widget__width-initial elementor-widget-tablet__width-inherit elementor-widget elementor-widget-woocommerce-product-content\" data-id=\"28e41fc2\" data-element_type=\"widget\" data-widget_type=\"woocommerce-product-content.default\">\n<div class=\"elementor-widget-container\">\n<p><strong>ESTRUTURA<\/strong><\/p>\n<p>Madeira de eucalipto reflorestada, seca e imunizada.<\/p>\n<p><strong>ASSENTO<\/strong><\/p>\n<p>Assentos com molas espirais, percintas el\u00e1sticas italianas, que s\u00e3o transpassadas e entrela\u00e7adas por uma percintadora autom\u00e1tica, espuma\u00e7\u00e3o soft D28 e manta acr\u00edlica siliconada, totalizando 09 cm de altura.<\/p>\n<p><strong>ENCOSTO<\/strong><\/p>\n<p>Almofadas soltas com 60% fibra de silicone e 40% flocos de espuma.<\/p>\n<p><strong>P\u00c9S<\/strong><\/p>\n<p>Os p\u00e9s s\u00e3o fabricados em MDF na cor tabaco.<\/p>\n<p><strong>BRA\u00c7OS<\/strong><\/p>\n<p>Bra\u00e7os espuma soft D23.<\/p>\n<\/div>\n<\/div>\n","protected":false},"excerpt":{"rendered":"<div class=\"elementor-element elementor-element-758558d1 elementor-widget elementor-widget-woocommerce-product-title elementor-page-title elementor-widget-heading\" data-id=\"758558d1\" data-element_type=\"widget\" data-widget_type=\"woocommerce-product-title.default\">\n<div class=\"elementor-widget-container\">\n<h1 class=\"product_title entry-title elementor-heading-title elementor-size-default\">Sof\u00e1 jeday<\/h1>\n<\/div>\n<\/div>\n<div class=\"elementor-element elementor-element-d2ab864 elementor-icon-list--layout-inline elementor-align-left elementor-mobile-align-center elementor-list-item-link-full_width elementor-widget elementor-widget-icon-list\" data-id=\"d2ab864\" data-element_type=\"widget\" data-widget_type=\"icon-list.default\">\n<div class=\"elementor-widget-container\">\n<ul class=\"elementor-icon-list-items elementor-inline-items\">\n<li class=\"elementor-icon-list-item elementor-inline-item\"><span class=\"elementor-icon-list-text\">Design<\/span><\/li>\n<li class=\"elementor-icon-list-item elementor-inline-item\"><span class=\"elementor-icon-list-text\">Conforto<\/span><\/li>\n<li class=\"elementor-icon-list-item elementor-inline-item\"><span class=\"elementor-icon-list-text\">Sofistica\u00e7\u00e3o<\/span><\/li>\n<\/ul>\n<\/div>\n<\/div>\n<div class=\"elementor-element elementor-element-28e41fc2 elementor-widget__width-initial elementor-widget-tablet__width-inherit elementor-widget elementor-widget-woocommerce-product-content\" data-id=\"28e41fc2\" data-element_type=\"widget\" data-widget_type=\"woocommerce-product-content.default\">\n<div class=\"elementor-widget-container\">\n<p><strong>ESTRUTURA<\/strong><\/p>\n<p>Madeira de eucalipto reflorestada, seca e imunizada.<\/p>\n<p><strong>ASSENTO<\/strong><\/p>\n<p>Assentos com molas espirais, percintas el\u00e1sticas italianas, que s\u00e3o transpassadas e entrela\u00e7adas por uma percintadora autom\u00e1tica, espuma\u00e7\u00e3o soft D28 e manta acr\u00edlica siliconada, totalizando 09 cm de altura.<\/p>\n<p><strong>ENCOSTO<\/strong><\/p>\n<p>Almofadas soltas com 60% fibra de silicone e 40% flocos de espuma.<\/p>\n<p><strong>P\u00c9S<\/strong><\/p>\n<p>Os p\u00e9s s\u00e3o fabricados em MDF na cor tabaco.<\/p>\n<p><strong>BRA\u00c7OS<\/strong><\/p>\n<p>Bra\u00e7os espuma soft D23.<\/p>\n<\/div>\n<\/div>\n","protected":false},"featured_media":4380,"comment_status":"open","ping_status":"closed","template":"","meta":[],"product_brand":[],"product_cat":[83,84],"product_tag":[],"class_list":{"0":"post-2660","1":"product","2":"type-product","3":"status-publish","4":"has-post-thumbnail","6":"product_cat-decoracao","7":"product_cat-sofas","9":"first","10":"outofstock","11":"shipping-taxable","12":"purchasable","13":"product-type-simple"},"yoast_head":"<!-- This site is optimized with the Yoast SEO Premium plugin v23.3 (Yoast SEO v27.4) - https:\/\/yoast.com\/product\/yoast-seo-premium-wordpress\/ -->\n<title>SOFA 2X3 LUGARES MAGUIMOVEIS JEDAY COR 627 - Lucas Eletro<\/title>\n<meta name=\"description\" content=\"SOFA 2X3 LUGARES MAGUIMOVEIS JEDAY COR 627\" \/>\n<meta name=\"robots\" content=\"index, follow, max-snippet:-1, max-image-preview:large, max-video-preview:-1\" \/>\n<link rel=\"canonical\" href=\"https:\/\/lucaseletro.com.br\/?product=sofa-de-canto-versatil-3x2-puff-504\" \/>\n<meta property=\"og:locale\" content=\"pt_BR\" \/>\n<meta property=\"og:type\" content=\"article\" \/>\n<meta property=\"og:title\" content=\"SOFA 2X3 LUGARES MAGUIMOVEIS JEDAY COR 627 - &#082;&#036;2.499,00 - Lucas Eletro\" \/>\n<meta property=\"og:description\" content=\"Sof\u00e1 jeday       Design  Conforto  Sofistica\u00e7\u00e3o       ESTRUTURA  Madeira de eucalipto reflorestada, seca e imunizada.  ASSENTO  Assentos com molas espirais, percintas el\u00e1sticas italianas, que s\u00e3o transpassadas e entrela\u00e7adas por uma percintadora autom\u00e1tica, espuma\u00e7\u00e3o soft D28 e manta acr\u00edlica siliconada, totalizando 09 cm de altura.  ENCOSTO  Almofadas soltas com 60% fibra de silicone e 40% flocos de espuma.  P\u00c9S  Os p\u00e9s s\u00e3o fabricados em MDF na cor tabaco.  BRA\u00c7OS  Bra\u00e7os espuma soft D23.\" \/>\n<meta property=\"og:url\" content=\"https:\/\/lucaseletro.com.br\/?product=sofa-de-canto-versatil-3x2-puff-504\" \/>\n<meta property=\"og:site_name\" content=\"Lucas Eletro\" \/>\n<meta property=\"article:publisher\" content=\"https:\/\/www.facebook.com\/lucas.eletro.71\" \/>\n<meta property=\"article:modified_time\" content=\"2025-09-03T13:46:54+00:00\" \/>\n<meta property=\"og:image\" content=\"https:\/\/lucaseletro.com.br\/wp-content\/uploads\/2024\/07\/WhatsApp-Image-2025-09-03-at-10.28.43.jpeg\" \/>\n\t<meta property=\"og:image:width\" content=\"1600\" \/>\n\t<meta property=\"og:image:height\" content=\"1066\" \/>\n\t<meta property=\"og:image:type\" content=\"image\/jpeg\" \/>\n<meta name=\"twitter:card\" content=\"summary_large_image\" \/>\n<meta name=\"twitter:label1\" content=\"Pre\u00e7o\" \/>\n\t<meta name=\"twitter:data1\" content=\"&#082;&#036;2.499,00\" \/>\n\t<meta name=\"twitter:label2\" content=\"Disponibilidade\" \/>\n\t<meta name=\"twitter:data2\" content=\"Fora de estoque\" \/>\n<script type=\"application\/ld+json\" class=\"yoast-schema-graph\">{\"@context\":\"https:\\\/\\\/schema.org\",\"@graph\":[{\"@type\":\"WebPage\",\"@id\":\"https:\\\/\\\/lucaseletro.com.br\\\/?product=sofa-de-canto-versatil-3x2-puff-504\",\"url\":\"https:\\\/\\\/lucaseletro.com.br\\\/?product=sofa-de-canto-versatil-3x2-puff-504\",\"name\":\"SOFA 2X3 LUGARES MAGUIMOVEIS JEDAY COR 627 - Lucas Eletro\",\"isPartOf\":{\"@id\":\"https:\\\/\\\/lucaseletro.com.br\\\/#website\"},\"primaryImageOfPage\":{\"@id\":\"https:\\\/\\\/lucaseletro.com.br\\\/?product=sofa-de-canto-versatil-3x2-puff-504#primaryimage\"},\"image\":{\"@id\":\"https:\\\/\\\/lucaseletro.com.br\\\/?product=sofa-de-canto-versatil-3x2-puff-504#primaryimage\"},\"thumbnailUrl\":\"https:\\\/\\\/lucaseletro.com.br\\\/wp-content\\\/uploads\\\/2024\\\/07\\\/WhatsApp-Image-2025-09-03-at-10.28.43.jpeg\",\"datePublished\":\"2024-07-30T19:56:09+00:00\",\"dateModified\":\"2025-09-03T13:46:54+00:00\",\"description\":\"SOFA 2X3 LUGARES MAGUIMOVEIS JEDAY COR 627\",\"breadcrumb\":{\"@id\":\"https:\\\/\\\/lucaseletro.com.br\\\/?product=sofa-de-canto-versatil-3x2-puff-504#breadcrumb\"},\"inLanguage\":\"pt-BR\",\"potentialAction\":[{\"@type\":\"ReadAction\",\"target\":[\"https:\\\/\\\/lucaseletro.com.br\\\/?product=sofa-de-canto-versatil-3x2-puff-504\"]}]},{\"@type\":\"ImageObject\",\"inLanguage\":\"pt-BR\",\"@id\":\"https:\\\/\\\/lucaseletro.com.br\\\/?product=sofa-de-canto-versatil-3x2-puff-504#primaryimage\",\"url\":\"https:\\\/\\\/lucaseletro.com.br\\\/wp-content\\\/uploads\\\/2024\\\/07\\\/WhatsApp-Image-2025-09-03-at-10.28.43.jpeg\",\"contentUrl\":\"https:\\\/\\\/lucaseletro.com.br\\\/wp-content\\\/uploads\\\/2024\\\/07\\\/WhatsApp-Image-2025-09-03-at-10.28.43.jpeg\",\"width\":1600,\"height\":1066},{\"@type\":\"BreadcrumbList\",\"@id\":\"https:\\\/\\\/lucaseletro.com.br\\\/?product=sofa-de-canto-versatil-3x2-puff-504#breadcrumb\",\"itemListElement\":[{\"@type\":\"ListItem\",\"position\":1,\"name\":\"In\u00edcio\",\"item\":\"https:\\\/\\\/lucaseletro.com.br\\\/\"},{\"@type\":\"ListItem\",\"position\":2,\"name\":\"Loja\",\"item\":\"https:\\\/\\\/lucaseletro.com.br\\\/?page_id=11\"},{\"@type\":\"ListItem\",\"position\":3,\"name\":\"SOFA 2X3 LUGARES MAGUIMOVEIS JEDAY COR 627\"}]},{\"@type\":\"WebSite\",\"@id\":\"https:\\\/\\\/lucaseletro.com.br\\\/#website\",\"url\":\"https:\\\/\\\/lucaseletro.com.br\\\/\",\"name\":\"Lucas Eletro\",\"description\":\"Realizando seus sonhos\",\"publisher\":{\"@id\":\"https:\\\/\\\/lucaseletro.com.br\\\/#organization\"},\"alternateName\":\"Lucas Eletro\",\"potentialAction\":[{\"@type\":\"SearchAction\",\"target\":{\"@type\":\"EntryPoint\",\"urlTemplate\":\"https:\\\/\\\/lucaseletro.com.br\\\/?s={search_term_string}\"},\"query-input\":{\"@type\":\"PropertyValueSpecification\",\"valueRequired\":true,\"valueName\":\"search_term_string\"}}],\"inLanguage\":\"pt-BR\"},{\"@type\":\"Organization\",\"@id\":\"https:\\\/\\\/lucaseletro.com.br\\\/#organization\",\"name\":\"Lucas Eletro\",\"alternateName\":\"Lucas Eletro\",\"url\":\"https:\\\/\\\/lucaseletro.com.br\\\/\",\"logo\":{\"@type\":\"ImageObject\",\"inLanguage\":\"pt-BR\",\"@id\":\"https:\\\/\\\/lucaseletro.com.br\\\/#\\\/schema\\\/logo\\\/image\\\/\",\"url\":\"https:\\\/\\\/lucaseletro.com.br\\\/wp-content\\\/uploads\\\/2024\\\/08\\\/Logo-WebP.webp\",\"contentUrl\":\"https:\\\/\\\/lucaseletro.com.br\\\/wp-content\\\/uploads\\\/2024\\\/08\\\/Logo-WebP.webp\",\"width\":1366,\"height\":457,\"caption\":\"Lucas Eletro\"},\"image\":{\"@id\":\"https:\\\/\\\/lucaseletro.com.br\\\/#\\\/schema\\\/logo\\\/image\\\/\"},\"sameAs\":[\"https:\\\/\\\/www.facebook.com\\\/lucas.eletro.71\"]}]}<\/script>\n<meta property=\"product:price:amount\" content=\"2499.00\" \/>\n<meta property=\"product:price:currency\" content=\"BRL\" \/>\n<meta property=\"og:availability\" content=\"out of stock\" \/>\n<meta property=\"product:availability\" content=\"out of stock\" \/>\n<meta property=\"product:condition\" content=\"new\" \/>\n<!-- \/ Yoast SEO Premium plugin. -->","yoast_head_json":{"title":"SOFA 2X3 LUGARES MAGUIMOVEIS JEDAY COR 627 - Lucas Eletro","description":"SOFA 2X3 LUGARES MAGUIMOVEIS JEDAY COR 627","robots":{"index":"index","follow":"follow","max-snippet":"max-snippet:-1","max-image-preview":"max-image-preview:large","max-video-preview":"max-video-preview:-1"},"canonical":"https:\/\/lucaseletro.com.br\/?product=sofa-de-canto-versatil-3x2-puff-504","og_locale":"pt_BR","og_type":"article","og_title":"SOFA 2X3 LUGARES MAGUIMOVEIS JEDAY COR 627 - &#82;&#36;2.499,00 - Lucas Eletro","og_description":"Sof\u00e1 jeday       Design  Conforto  Sofistica\u00e7\u00e3o       ESTRUTURA  Madeira de eucalipto reflorestada, seca e imunizada.  ASSENTO  Assentos com molas espirais, percintas el\u00e1sticas italianas, que s\u00e3o transpassadas e entrela\u00e7adas por uma percintadora autom\u00e1tica, espuma\u00e7\u00e3o soft D28 e manta acr\u00edlica siliconada, totalizando 09 cm de altura.  ENCOSTO  Almofadas soltas com 60% fibra de silicone e 40% flocos de espuma.  P\u00c9S  Os p\u00e9s s\u00e3o fabricados em MDF na cor tabaco.  BRA\u00c7OS  Bra\u00e7os espuma soft D23.","og_url":"https:\/\/lucaseletro.com.br\/?product=sofa-de-canto-versatil-3x2-puff-504","og_site_name":"Lucas Eletro","article_publisher":"https:\/\/www.facebook.com\/lucas.eletro.71","article_modified_time":"2025-09-03T13:46:54+00:00","og_image":[{"width":1600,"height":1066,"url":"https:\/\/lucaseletro.com.br\/wp-content\/uploads\/2024\/07\/WhatsApp-Image-2025-09-03-at-10.28.43.jpeg","type":"image\/jpeg"}],"twitter_card":"summary_large_image","twitter_misc":{"Pre\u00e7o":"&#82;&#36;2.499,00","Disponibilidade":"Fora de estoque"},"schema":{"@context":"https:\/\/schema.org","@graph":[{"@type":"WebPage","@id":"https:\/\/lucaseletro.com.br\/?product=sofa-de-canto-versatil-3x2-puff-504","url":"https:\/\/lucaseletro.com.br\/?product=sofa-de-canto-versatil-3x2-puff-504","name":"SOFA 2X3 LUGARES MAGUIMOVEIS JEDAY COR 627 - Lucas Eletro","isPartOf":{"@id":"https:\/\/lucaseletro.com.br\/#website"},"primaryImageOfPage":{"@id":"https:\/\/lucaseletro.com.br\/?product=sofa-de-canto-versatil-3x2-puff-504#primaryimage"},"image":{"@id":"https:\/\/lucaseletro.com.br\/?product=sofa-de-canto-versatil-3x2-puff-504#primaryimage"},"thumbnailUrl":"https:\/\/lucaseletro.com.br\/wp-content\/uploads\/2024\/07\/WhatsApp-Image-2025-09-03-at-10.28.43.jpeg","datePublished":"2024-07-30T19:56:09+00:00","dateModified":"2025-09-03T13:46:54+00:00","description":"SOFA 2X3 LUGARES MAGUIMOVEIS JEDAY COR 627","breadcrumb":{"@id":"https:\/\/lucaseletro.com.br\/?product=sofa-de-canto-versatil-3x2-puff-504#breadcrumb"},"inLanguage":"pt-BR","potentialAction":[{"@type":"ReadAction","target":["https:\/\/lucaseletro.com.br\/?product=sofa-de-canto-versatil-3x2-puff-504"]}]},{"@type":"ImageObject","inLanguage":"pt-BR","@id":"https:\/\/lucaseletro.com.br\/?product=sofa-de-canto-versatil-3x2-puff-504#primaryimage","url":"https:\/\/lucaseletro.com.br\/wp-content\/uploads\/2024\/07\/WhatsApp-Image-2025-09-03-at-10.28.43.jpeg","contentUrl":"https:\/\/lucaseletro.com.br\/wp-content\/uploads\/2024\/07\/WhatsApp-Image-2025-09-03-at-10.28.43.jpeg","width":1600,"height":1066},{"@type":"BreadcrumbList","@id":"https:\/\/lucaseletro.com.br\/?product=sofa-de-canto-versatil-3x2-puff-504#breadcrumb","itemListElement":[{"@type":"ListItem","position":1,"name":"In\u00edcio","item":"https:\/\/lucaseletro.com.br\/"},{"@type":"ListItem","position":2,"name":"Loja","item":"https:\/\/lucaseletro.com.br\/?page_id=11"},{"@type":"ListItem","position":3,"name":"SOFA 2X3 LUGARES MAGUIMOVEIS JEDAY COR 627"}]},{"@type":"WebSite","@id":"https:\/\/lucaseletro.com.br\/#website","url":"https:\/\/lucaseletro.com.br\/","name":"Lucas Eletro","description":"Realizando seus sonhos","publisher":{"@id":"https:\/\/lucaseletro.com.br\/#organization"},"alternateName":"Lucas Eletro","potentialAction":[{"@type":"SearchAction","target":{"@type":"EntryPoint","urlTemplate":"https:\/\/lucaseletro.com.br\/?s={search_term_string}"},"query-input":{"@type":"PropertyValueSpecification","valueRequired":true,"valueName":"search_term_string"}}],"inLanguage":"pt-BR"},{"@type":"Organization","@id":"https:\/\/lucaseletro.com.br\/#organization","name":"Lucas Eletro","alternateName":"Lucas Eletro","url":"https:\/\/lucaseletro.com.br\/","logo":{"@type":"ImageObject","inLanguage":"pt-BR","@id":"https:\/\/lucaseletro.com.br\/#\/schema\/logo\/image\/","url":"https:\/\/lucaseletro.com.br\/wp-content\/uploads\/2024\/08\/Logo-WebP.webp","contentUrl":"https:\/\/lucaseletro.com.br\/wp-content\/uploads\/2024\/08\/Logo-WebP.webp","width":1366,"height":457,"caption":"Lucas Eletro"},"image":{"@id":"https:\/\/lucaseletro.com.br\/#\/schema\/logo\/image\/"},"sameAs":["https:\/\/www.facebook.com\/lucas.eletro.71"]}]},"product_price_amount":"2499.00","product_price_currency":"BRL","og_availability":"out of stock","product_availability":"out of stock","product_condition":"new"},"_links":{"self":[{"href":"https:\/\/lucaseletro.com.br\/index.php?rest_route=\/wp\/v2\/product\/2660","targetHints":{"allow":["GET"]}}],"collection":[{"href":"https:\/\/lucaseletro.com.br\/index.php?rest_route=\/wp\/v2\/product"}],"about":[{"href":"https:\/\/lucaseletro.com.br\/index.php?rest_route=\/wp\/v2\/types\/product"}],"replies":[{"embeddable":true,"href":"https:\/\/lucaseletro.com.br\/index.php?rest_route=%2Fwp%2Fv2%2Fcomments&post=2660"}],"wp:featuredmedia":[{"embeddable":true,"href":"https:\/\/lucaseletro.com.br\/index.php?rest_route=\/wp\/v2\/media\/4380"}],"wp:attachment":[{"href":"https:\/\/lucaseletro.com.br\/index.php?rest_route=%2Fwp%2Fv2%2Fmedia&parent=2660"}],"wp:term":[{"taxonomy":"product_brand","embeddable":true,"href":"https:\/\/lucaseletro.com.br\/index.php?rest_route=%2Fwp%2Fv2%2Fproduct_brand&post=2660"},{"taxonomy":"product_cat","embeddable":true,"href":"https:\/\/lucaseletro.com.br\/index.php?rest_route=%2Fwp%2Fv2%2Fproduct_cat&post=2660"},{"taxonomy":"product_tag","embeddable":true,"href":"https:\/\/lucaseletro.com.br\/index.php?rest_route=%2Fwp%2Fv2%2Fproduct_tag&post=2660"}],"curies":[{"name":"wp","href":"https:\/\/api.w.org\/{rel}","templated":true}]}}