{"id":2663,"date":"2024-07-30T16:56:10","date_gmt":"2024-07-30T19:56:10","guid":{"rendered":"https:\/\/lucaseletro.com.br\/product\/sofa-de-canto-evereste-maguimoveis-32-chaise-puff-629\/"},"modified":"2025-09-02T13:54:33","modified_gmt":"2025-09-02T16:54:33","slug":"sofa-de-canto-evereste-maguimoveis-32-chaise-puff-629","status":"publish","type":"product","link":"https:\/\/lucaseletro.com.br\/?product=sofa-de-canto-evereste-maguimoveis-32-chaise-puff-629","title":{"rendered":"SOFA RETRATIL ZARAT KHIARA 02 MOD 90BR2 COR 101CINZA"},"content":{"rendered":"<p>Sof\u00e1 Retr\u00e1til e Reclin\u00e1vel Kiara 2,50 m Veludo Bege 106 \u2013 ZARAT ESTOFADOS<\/p>\n<p>\u2013 Fabricante: Zarat Estofados<br \/>\n\u2013 Cores: Bege 106<br \/>\n\u2013 Encosto bipartido reclin\u00e1vel em cinco posi\u00e7\u00f5es<br \/>\n\u2013 Bra\u00e7os almofadados 100% fibra de silicone<br \/>\n\u2013 Encosto 100% fibra de silicone<br \/>\n\u2013 Assento com pillow top 20 cm<br \/>\n\u2013 Assento com espuma D28 Soft<br \/>\n\u2013 Molas ensacadas<br \/>\n\u2013 Veludo<\/p>\n<p>Medidas<br \/>\nAltura: 100 cm<br \/>\nLargura: 250 cm<br \/>\nProfundidade Fechado: 105 cm<br \/>\nProfundidade Aberto: 150 cm<\/p>\n","protected":false},"excerpt":{"rendered":"<p>Sof\u00e1 Retr\u00e1til e Reclin\u00e1vel Kiara 2,50 m Veludo Bege 106 \u2013 ZARAT ESTOFADOS<\/p>\n<p>\u2013 Fabricante: Zarat Estofados<br \/>\n\u2013 Cores: Bege 106<br \/>\n\u2013 Encosto bipartido reclin\u00e1vel em cinco posi\u00e7\u00f5es<br \/>\n\u2013 Bra\u00e7os almofadados 100% fibra de silicone<br \/>\n\u2013 Encosto 100% fibra de silicone<br \/>\n\u2013 Assento com pillow top 20 cm<br \/>\n\u2013 Assento com espuma D28 Soft<br \/>\n\u2013 Molas ensacadas<br \/>\n\u2013 Veludo<\/p>\n<p>Medidas<br \/>\nAltura: 100 cm<br \/>\nLargura: 250 cm<br \/>\nProfundidade Fechado: 105 cm<br \/>\nProfundidade Aberto: 150 cm<\/p>\n","protected":false},"featured_media":4357,"comment_status":"open","ping_status":"closed","template":"","meta":[],"product_brand":[],"product_cat":[83,84],"product_tag":[],"class_list":{"0":"post-2663","1":"product","2":"type-product","3":"status-publish","4":"has-post-thumbnail","6":"product_cat-decoracao","7":"product_cat-sofas","9":"first","10":"instock","11":"shipping-taxable","12":"purchasable","13":"product-type-simple"},"yoast_head":"<!-- This site is optimized with the Yoast SEO Premium plugin v23.3 (Yoast SEO v27.4) - https:\/\/yoast.com\/product\/yoast-seo-premium-wordpress\/ -->\n<title>SOFA RETRATIL ZARAT KHIARA 02 MOD 90BR2 COR 101CINZA - Lucas Eletro<\/title>\n<meta name=\"description\" content=\"SOFA RETRATIL ZARAT KHIARA 02 MOD 90BR2 COR 101CINZA\" \/>\n<meta name=\"robots\" content=\"index, follow, max-snippet:-1, max-image-preview:large, max-video-preview:-1\" \/>\n<link rel=\"canonical\" href=\"https:\/\/lucaseletro.com.br\/?product=sofa-de-canto-evereste-maguimoveis-32-chaise-puff-629\" \/>\n<meta property=\"og:locale\" content=\"pt_BR\" \/>\n<meta property=\"og:type\" content=\"article\" \/>\n<meta property=\"og:title\" content=\"SOFA RETRATIL ZARAT KHIARA 02 MOD 90BR2 COR 101CINZA - &#082;&#036;2.949,00 - Lucas Eletro\" \/>\n<meta property=\"og:description\" content=\"Sof\u00e1 Retr\u00e1til e Reclin\u00e1vel Kiara 2,50 m Veludo Bege 106 \u2013 ZARAT ESTOFADOS  \u2013 Fabricante: Zarat Estofados \u2013 Cores: Bege 106 \u2013 Encosto bipartido reclin\u00e1vel em cinco posi\u00e7\u00f5es \u2013 Bra\u00e7os almofadados 100% fibra de silicone \u2013 Encosto 100% fibra de silicone \u2013 Assento com pillow top 20 cm \u2013 Assento com espuma D28 Soft \u2013 Molas ensacadas \u2013 Veludo  Medidas Altura: 100 cm Largura: 250 cm Profundidade Fechado: 105 cm Profundidade Aberto: 150 cm\" \/>\n<meta property=\"og:url\" content=\"https:\/\/lucaseletro.com.br\/?product=sofa-de-canto-evereste-maguimoveis-32-chaise-puff-629\" \/>\n<meta property=\"og:site_name\" content=\"Lucas Eletro\" \/>\n<meta property=\"article:publisher\" content=\"https:\/\/www.facebook.com\/lucas.eletro.71\" \/>\n<meta property=\"article:modified_time\" content=\"2025-09-02T16:54:33+00:00\" \/>\n<meta property=\"og:image\" content=\"https:\/\/lucaseletro.com.br\/wp-content\/uploads\/2024\/07\/99dbd1fa9c5b88c77d80d5a423234916-768x768-1.jpg\" \/>\n\t<meta property=\"og:image:width\" content=\"768\" \/>\n\t<meta property=\"og:image:height\" content=\"768\" \/>\n\t<meta property=\"og:image:type\" content=\"image\/jpeg\" \/>\n<meta name=\"twitter:card\" content=\"summary_large_image\" \/>\n<meta name=\"twitter:label1\" content=\"Pre\u00e7o\" \/>\n\t<meta name=\"twitter:data1\" content=\"&#082;&#036;2.949,00\" \/>\n\t<meta name=\"twitter:label2\" content=\"Disponibilidade\" \/>\n\t<meta name=\"twitter:data2\" content=\"Em Estoque\" \/>\n<script type=\"application\/ld+json\" class=\"yoast-schema-graph\">{\"@context\":\"https:\\\/\\\/schema.org\",\"@graph\":[{\"@type\":\"WebPage\",\"@id\":\"https:\\\/\\\/lucaseletro.com.br\\\/?product=sofa-de-canto-evereste-maguimoveis-32-chaise-puff-629\",\"url\":\"https:\\\/\\\/lucaseletro.com.br\\\/?product=sofa-de-canto-evereste-maguimoveis-32-chaise-puff-629\",\"name\":\"SOFA RETRATIL ZARAT KHIARA 02 MOD 90BR2 COR 101CINZA - Lucas Eletro\",\"isPartOf\":{\"@id\":\"https:\\\/\\\/lucaseletro.com.br\\\/#website\"},\"primaryImageOfPage\":{\"@id\":\"https:\\\/\\\/lucaseletro.com.br\\\/?product=sofa-de-canto-evereste-maguimoveis-32-chaise-puff-629#primaryimage\"},\"image\":{\"@id\":\"https:\\\/\\\/lucaseletro.com.br\\\/?product=sofa-de-canto-evereste-maguimoveis-32-chaise-puff-629#primaryimage\"},\"thumbnailUrl\":\"https:\\\/\\\/lucaseletro.com.br\\\/wp-content\\\/uploads\\\/2024\\\/07\\\/99dbd1fa9c5b88c77d80d5a423234916-768x768-1.jpg\",\"datePublished\":\"2024-07-30T19:56:10+00:00\",\"dateModified\":\"2025-09-02T16:54:33+00:00\",\"description\":\"SOFA RETRATIL ZARAT KHIARA 02 MOD 90BR2 COR 101CINZA\",\"breadcrumb\":{\"@id\":\"https:\\\/\\\/lucaseletro.com.br\\\/?product=sofa-de-canto-evereste-maguimoveis-32-chaise-puff-629#breadcrumb\"},\"inLanguage\":\"pt-BR\",\"potentialAction\":[{\"@type\":\"ReadAction\",\"target\":[\"https:\\\/\\\/lucaseletro.com.br\\\/?product=sofa-de-canto-evereste-maguimoveis-32-chaise-puff-629\"]}]},{\"@type\":\"ImageObject\",\"inLanguage\":\"pt-BR\",\"@id\":\"https:\\\/\\\/lucaseletro.com.br\\\/?product=sofa-de-canto-evereste-maguimoveis-32-chaise-puff-629#primaryimage\",\"url\":\"https:\\\/\\\/lucaseletro.com.br\\\/wp-content\\\/uploads\\\/2024\\\/07\\\/99dbd1fa9c5b88c77d80d5a423234916-768x768-1.jpg\",\"contentUrl\":\"https:\\\/\\\/lucaseletro.com.br\\\/wp-content\\\/uploads\\\/2024\\\/07\\\/99dbd1fa9c5b88c77d80d5a423234916-768x768-1.jpg\",\"width\":768,\"height\":768},{\"@type\":\"BreadcrumbList\",\"@id\":\"https:\\\/\\\/lucaseletro.com.br\\\/?product=sofa-de-canto-evereste-maguimoveis-32-chaise-puff-629#breadcrumb\",\"itemListElement\":[{\"@type\":\"ListItem\",\"position\":1,\"name\":\"In\u00edcio\",\"item\":\"https:\\\/\\\/lucaseletro.com.br\\\/\"},{\"@type\":\"ListItem\",\"position\":2,\"name\":\"Loja\",\"item\":\"https:\\\/\\\/lucaseletro.com.br\\\/?page_id=11\"},{\"@type\":\"ListItem\",\"position\":3,\"name\":\"SOFA RETRATIL ZARAT KHIARA 02 MOD 90BR2 COR 101CINZA\"}]},{\"@type\":\"WebSite\",\"@id\":\"https:\\\/\\\/lucaseletro.com.br\\\/#website\",\"url\":\"https:\\\/\\\/lucaseletro.com.br\\\/\",\"name\":\"Lucas Eletro\",\"description\":\"Realizando seus sonhos\",\"publisher\":{\"@id\":\"https:\\\/\\\/lucaseletro.com.br\\\/#organization\"},\"alternateName\":\"Lucas Eletro\",\"potentialAction\":[{\"@type\":\"SearchAction\",\"target\":{\"@type\":\"EntryPoint\",\"urlTemplate\":\"https:\\\/\\\/lucaseletro.com.br\\\/?s={search_term_string}\"},\"query-input\":{\"@type\":\"PropertyValueSpecification\",\"valueRequired\":true,\"valueName\":\"search_term_string\"}}],\"inLanguage\":\"pt-BR\"},{\"@type\":\"Organization\",\"@id\":\"https:\\\/\\\/lucaseletro.com.br\\\/#organization\",\"name\":\"Lucas Eletro\",\"alternateName\":\"Lucas Eletro\",\"url\":\"https:\\\/\\\/lucaseletro.com.br\\\/\",\"logo\":{\"@type\":\"ImageObject\",\"inLanguage\":\"pt-BR\",\"@id\":\"https:\\\/\\\/lucaseletro.com.br\\\/#\\\/schema\\\/logo\\\/image\\\/\",\"url\":\"https:\\\/\\\/lucaseletro.com.br\\\/wp-content\\\/uploads\\\/2024\\\/08\\\/Logo-WebP.webp\",\"contentUrl\":\"https:\\\/\\\/lucaseletro.com.br\\\/wp-content\\\/uploads\\\/2024\\\/08\\\/Logo-WebP.webp\",\"width\":1366,\"height\":457,\"caption\":\"Lucas Eletro\"},\"image\":{\"@id\":\"https:\\\/\\\/lucaseletro.com.br\\\/#\\\/schema\\\/logo\\\/image\\\/\"},\"sameAs\":[\"https:\\\/\\\/www.facebook.com\\\/lucas.eletro.71\"]}]}<\/script>\n<meta property=\"product:price:amount\" content=\"2949.00\" \/>\n<meta property=\"product:price:currency\" content=\"BRL\" \/>\n<meta property=\"og:availability\" content=\"instock\" \/>\n<meta property=\"product:availability\" content=\"instock\" \/>\n<meta property=\"product:condition\" content=\"new\" \/>\n<!-- \/ Yoast SEO Premium plugin. -->","yoast_head_json":{"title":"SOFA RETRATIL ZARAT KHIARA 02 MOD 90BR2 COR 101CINZA - Lucas Eletro","description":"SOFA RETRATIL ZARAT KHIARA 02 MOD 90BR2 COR 101CINZA","robots":{"index":"index","follow":"follow","max-snippet":"max-snippet:-1","max-image-preview":"max-image-preview:large","max-video-preview":"max-video-preview:-1"},"canonical":"https:\/\/lucaseletro.com.br\/?product=sofa-de-canto-evereste-maguimoveis-32-chaise-puff-629","og_locale":"pt_BR","og_type":"article","og_title":"SOFA RETRATIL ZARAT KHIARA 02 MOD 90BR2 COR 101CINZA - &#82;&#36;2.949,00 - Lucas Eletro","og_description":"Sof\u00e1 Retr\u00e1til e Reclin\u00e1vel Kiara 2,50 m Veludo Bege 106 \u2013 ZARAT ESTOFADOS  \u2013 Fabricante: Zarat Estofados \u2013 Cores: Bege 106 \u2013 Encosto bipartido reclin\u00e1vel em cinco posi\u00e7\u00f5es \u2013 Bra\u00e7os almofadados 100% fibra de silicone \u2013 Encosto 100% fibra de silicone \u2013 Assento com pillow top 20 cm \u2013 Assento com espuma D28 Soft \u2013 Molas ensacadas \u2013 Veludo  Medidas Altura: 100 cm Largura: 250 cm Profundidade Fechado: 105 cm Profundidade Aberto: 150 cm","og_url":"https:\/\/lucaseletro.com.br\/?product=sofa-de-canto-evereste-maguimoveis-32-chaise-puff-629","og_site_name":"Lucas Eletro","article_publisher":"https:\/\/www.facebook.com\/lucas.eletro.71","article_modified_time":"2025-09-02T16:54:33+00:00","og_image":[{"width":768,"height":768,"url":"https:\/\/lucaseletro.com.br\/wp-content\/uploads\/2024\/07\/99dbd1fa9c5b88c77d80d5a423234916-768x768-1.jpg","type":"image\/jpeg"}],"twitter_card":"summary_large_image","twitter_misc":{"Pre\u00e7o":"&#82;&#36;2.949,00","Disponibilidade":"Em Estoque"},"schema":{"@context":"https:\/\/schema.org","@graph":[{"@type":"WebPage","@id":"https:\/\/lucaseletro.com.br\/?product=sofa-de-canto-evereste-maguimoveis-32-chaise-puff-629","url":"https:\/\/lucaseletro.com.br\/?product=sofa-de-canto-evereste-maguimoveis-32-chaise-puff-629","name":"SOFA RETRATIL ZARAT KHIARA 02 MOD 90BR2 COR 101CINZA - Lucas Eletro","isPartOf":{"@id":"https:\/\/lucaseletro.com.br\/#website"},"primaryImageOfPage":{"@id":"https:\/\/lucaseletro.com.br\/?product=sofa-de-canto-evereste-maguimoveis-32-chaise-puff-629#primaryimage"},"image":{"@id":"https:\/\/lucaseletro.com.br\/?product=sofa-de-canto-evereste-maguimoveis-32-chaise-puff-629#primaryimage"},"thumbnailUrl":"https:\/\/lucaseletro.com.br\/wp-content\/uploads\/2024\/07\/99dbd1fa9c5b88c77d80d5a423234916-768x768-1.jpg","datePublished":"2024-07-30T19:56:10+00:00","dateModified":"2025-09-02T16:54:33+00:00","description":"SOFA RETRATIL ZARAT KHIARA 02 MOD 90BR2 COR 101CINZA","breadcrumb":{"@id":"https:\/\/lucaseletro.com.br\/?product=sofa-de-canto-evereste-maguimoveis-32-chaise-puff-629#breadcrumb"},"inLanguage":"pt-BR","potentialAction":[{"@type":"ReadAction","target":["https:\/\/lucaseletro.com.br\/?product=sofa-de-canto-evereste-maguimoveis-32-chaise-puff-629"]}]},{"@type":"ImageObject","inLanguage":"pt-BR","@id":"https:\/\/lucaseletro.com.br\/?product=sofa-de-canto-evereste-maguimoveis-32-chaise-puff-629#primaryimage","url":"https:\/\/lucaseletro.com.br\/wp-content\/uploads\/2024\/07\/99dbd1fa9c5b88c77d80d5a423234916-768x768-1.jpg","contentUrl":"https:\/\/lucaseletro.com.br\/wp-content\/uploads\/2024\/07\/99dbd1fa9c5b88c77d80d5a423234916-768x768-1.jpg","width":768,"height":768},{"@type":"BreadcrumbList","@id":"https:\/\/lucaseletro.com.br\/?product=sofa-de-canto-evereste-maguimoveis-32-chaise-puff-629#breadcrumb","itemListElement":[{"@type":"ListItem","position":1,"name":"In\u00edcio","item":"https:\/\/lucaseletro.com.br\/"},{"@type":"ListItem","position":2,"name":"Loja","item":"https:\/\/lucaseletro.com.br\/?page_id=11"},{"@type":"ListItem","position":3,"name":"SOFA RETRATIL ZARAT KHIARA 02 MOD 90BR2 COR 101CINZA"}]},{"@type":"WebSite","@id":"https:\/\/lucaseletro.com.br\/#website","url":"https:\/\/lucaseletro.com.br\/","name":"Lucas Eletro","description":"Realizando seus sonhos","publisher":{"@id":"https:\/\/lucaseletro.com.br\/#organization"},"alternateName":"Lucas Eletro","potentialAction":[{"@type":"SearchAction","target":{"@type":"EntryPoint","urlTemplate":"https:\/\/lucaseletro.com.br\/?s={search_term_string}"},"query-input":{"@type":"PropertyValueSpecification","valueRequired":true,"valueName":"search_term_string"}}],"inLanguage":"pt-BR"},{"@type":"Organization","@id":"https:\/\/lucaseletro.com.br\/#organization","name":"Lucas Eletro","alternateName":"Lucas Eletro","url":"https:\/\/lucaseletro.com.br\/","logo":{"@type":"ImageObject","inLanguage":"pt-BR","@id":"https:\/\/lucaseletro.com.br\/#\/schema\/logo\/image\/","url":"https:\/\/lucaseletro.com.br\/wp-content\/uploads\/2024\/08\/Logo-WebP.webp","contentUrl":"https:\/\/lucaseletro.com.br\/wp-content\/uploads\/2024\/08\/Logo-WebP.webp","width":1366,"height":457,"caption":"Lucas Eletro"},"image":{"@id":"https:\/\/lucaseletro.com.br\/#\/schema\/logo\/image\/"},"sameAs":["https:\/\/www.facebook.com\/lucas.eletro.71"]}]},"product_price_amount":"2949.00","product_price_currency":"BRL","og_availability":"instock","product_availability":"instock","product_condition":"new"},"_links":{"self":[{"href":"https:\/\/lucaseletro.com.br\/index.php?rest_route=\/wp\/v2\/product\/2663","targetHints":{"allow":["GET"]}}],"collection":[{"href":"https:\/\/lucaseletro.com.br\/index.php?rest_route=\/wp\/v2\/product"}],"about":[{"href":"https:\/\/lucaseletro.com.br\/index.php?rest_route=\/wp\/v2\/types\/product"}],"replies":[{"embeddable":true,"href":"https:\/\/lucaseletro.com.br\/index.php?rest_route=%2Fwp%2Fv2%2Fcomments&post=2663"}],"wp:featuredmedia":[{"embeddable":true,"href":"https:\/\/lucaseletro.com.br\/index.php?rest_route=\/wp\/v2\/media\/4357"}],"wp:attachment":[{"href":"https:\/\/lucaseletro.com.br\/index.php?rest_route=%2Fwp%2Fv2%2Fmedia&parent=2663"}],"wp:term":[{"taxonomy":"product_brand","embeddable":true,"href":"https:\/\/lucaseletro.com.br\/index.php?rest_route=%2Fwp%2Fv2%2Fproduct_brand&post=2663"},{"taxonomy":"product_cat","embeddable":true,"href":"https:\/\/lucaseletro.com.br\/index.php?rest_route=%2Fwp%2Fv2%2Fproduct_cat&post=2663"},{"taxonomy":"product_tag","embeddable":true,"href":"https:\/\/lucaseletro.com.br\/index.php?rest_route=%2Fwp%2Fv2%2Fproduct_tag&post=2663"}],"curies":[{"name":"wp","href":"https:\/\/api.w.org\/{rel}","templated":true}]}}