{"id":2684,"date":"2024-07-30T16:56:15","date_gmt":"2024-07-30T19:56:15","guid":{"rendered":"https:\/\/lucaseletro.com.br\/product\/roupeiro-carioca-hercules-c6-prts-cinamomo-off-white\/"},"modified":"2025-08-20T15:09:41","modified_gmt":"2025-08-20T18:09:41","slug":"roupeiro-carioca-hercules-c6-prts-cinamomo-off-white","status":"publish","type":"product","link":"https:\/\/lucaseletro.com.br\/?product=roupeiro-carioca-hercules-c6-prts-cinamomo-off-white","title":{"rendered":"ROUPEIRO CARIOCA HERCULES C6 PRTS CINAMOMO\/OFF WHITE"},"content":{"rendered":"<div class=\"cav--c-ifxJAl\">\n<div class=\"cav--c-gqwkJN cav--c-gqwkJN-knmidH-justifyContent-spaceBetween\">\n<div class=\"cav--c-lesPJm\"><span class=\"cav--c-gNPphv cav--c-gNPphv-joMFbb-textStyle-h4Semibold\">Principais Informa\u00e7\u00f5es<\/span><\/div>\n<\/div>\n<div class=\"cav--c-lesPJm cav--c-lesPJm-ieFYkMc-css\"><span class=\"cav--c-gNPphv\">Guarda Roupa Casal Lu 6 portas 4 Gavetas sem Espelho Carioca M\u00f3veis Freij\u00f3 com Branco<\/span><\/div>\n<\/div>\n<div class=\"cav--c-jPOnVL cav--c-jPOnVL-hoJSXN-sidebar-true\">\n<div class=\"cav--c-lesPJm\">\n<p><span class=\"cav--c-gNPphv cav--c-dFndkt\">Pesos e Dimens\u00f5es<\/span><\/p>\n<table class=\"cav--c-gusfms cav--c-gusfms-gjkaP-striped-odd cav--c-gusfms-cmVlgk-textAlign-left\">\n<tbody class=\"cav--c-dKpJQB\">\n<tr class=\"cav--c-PJLV\">\n<td class=\"cav--c-difWUU\"><span class=\"cav--c-gNPphv cav--c-gNPphv-hyvuql-weight-bold\">Altura (cm)<\/span><\/td>\n<td class=\"cav--c-difWUU\">200 cm<\/td>\n<\/tr>\n<tr class=\"cav--c-PJLV\">\n<td class=\"cav--c-difWUU\"><span class=\"cav--c-gNPphv cav--c-gNPphv-hyvuql-weight-bold\">Largura (cm)<\/span><\/td>\n<td class=\"cav--c-difWUU\">177 cm<\/td>\n<\/tr>\n<tr class=\"cav--c-PJLV\">\n<td class=\"cav--c-difWUU\"><span class=\"cav--c-gNPphv cav--c-gNPphv-hyvuql-weight-bold\">Profundidade (cm)<\/span><\/td>\n<td class=\"cav--c-difWUU\">47 cm<\/td>\n<\/tr>\n<\/tbody>\n<\/table>\n<\/div>\n<div class=\"cav--c-lesPJm\">\n<p><span class=\"cav--c-gNPphv cav--c-dFndkt\">Materiais e Acabamentos<\/span><\/p>\n<table class=\"cav--c-gusfms cav--c-gusfms-gjkaP-striped-odd cav--c-gusfms-cmVlgk-textAlign-left\">\n<tbody class=\"cav--c-dKpJQB\">\n<tr class=\"cav--c-PJLV\">\n<td class=\"cav--c-difWUU\"><span class=\"cav--c-gNPphv cav--c-gNPphv-hyvuql-weight-bold\">Acabamento<\/span><\/td>\n<td class=\"cav--c-difWUU\">Espelho<\/td>\n<\/tr>\n<\/tbody>\n<\/table>\n<\/div>\n<\/div>\n","protected":false},"excerpt":{"rendered":"<div class=\"cav--c-ifxJAl\">\n<div class=\"cav--c-gqwkJN cav--c-gqwkJN-knmidH-justifyContent-spaceBetween\">\n<div class=\"cav--c-lesPJm\"><span class=\"cav--c-gNPphv cav--c-gNPphv-joMFbb-textStyle-h4Semibold\">Principais Informa\u00e7\u00f5es<\/span><\/div>\n<\/div>\n<div class=\"cav--c-lesPJm cav--c-lesPJm-ieFYkMc-css\"><span class=\"cav--c-gNPphv\">Guarda Roupa Casal Lu 6 portas 4 Gavetas sem Espelho Carioca M\u00f3veis Freij\u00f3 com Branco<\/span><\/div>\n<\/div>\n<div class=\"cav--c-jPOnVL cav--c-jPOnVL-hoJSXN-sidebar-true\">\n<div class=\"cav--c-lesPJm\">\n<p><span class=\"cav--c-gNPphv cav--c-dFndkt\">Pesos e Dimens\u00f5es<\/span><\/p>\n<table class=\"cav--c-gusfms cav--c-gusfms-gjkaP-striped-odd cav--c-gusfms-cmVlgk-textAlign-left\">\n<tbody class=\"cav--c-dKpJQB\">\n<tr class=\"cav--c-PJLV\">\n<td class=\"cav--c-difWUU\"><span class=\"cav--c-gNPphv cav--c-gNPphv-hyvuql-weight-bold\">Altura (cm)<\/span><\/td>\n<td class=\"cav--c-difWUU\">200 cm<\/td>\n<\/tr>\n<tr class=\"cav--c-PJLV\">\n<td class=\"cav--c-difWUU\"><span class=\"cav--c-gNPphv cav--c-gNPphv-hyvuql-weight-bold\">Largura (cm)<\/span><\/td>\n<td class=\"cav--c-difWUU\">177 cm<\/td>\n<\/tr>\n<tr class=\"cav--c-PJLV\">\n<td class=\"cav--c-difWUU\"><span class=\"cav--c-gNPphv cav--c-gNPphv-hyvuql-weight-bold\">Profundidade (cm)<\/span><\/td>\n<td class=\"cav--c-difWUU\">47 cm<\/td>\n<\/tr>\n<\/tbody>\n<\/table>\n<\/div>\n<div class=\"cav--c-lesPJm\">\n<p><span class=\"cav--c-gNPphv cav--c-dFndkt\">Materiais e Acabamentos<\/span><\/p>\n<table class=\"cav--c-gusfms cav--c-gusfms-gjkaP-striped-odd cav--c-gusfms-cmVlgk-textAlign-left\">\n<tbody class=\"cav--c-dKpJQB\">\n<tr class=\"cav--c-PJLV\">\n<td class=\"cav--c-difWUU\"><span class=\"cav--c-gNPphv cav--c-gNPphv-hyvuql-weight-bold\">Acabamento<\/span><\/td>\n<td class=\"cav--c-difWUU\">Espelho<\/td>\n<\/tr>\n<\/tbody>\n<\/table>\n<\/div>\n<\/div>\n","protected":false},"featured_media":3832,"comment_status":"open","ping_status":"closed","template":"","meta":[],"product_brand":[],"product_cat":[72,78,15],"product_tag":[],"class_list":{"0":"post-2684","1":"product","2":"type-product","3":"status-publish","4":"has-post-thumbnail","6":"product_cat-guarda-roupas","7":"product_cat-quartos","8":"product_cat-semcategoria","10":"first","11":"instock","12":"shipping-taxable","13":"purchasable","14":"product-type-simple"},"yoast_head":"<!-- This site is optimized with the Yoast SEO Premium plugin v23.3 (Yoast SEO v27.4) - https:\/\/yoast.com\/product\/yoast-seo-premium-wordpress\/ -->\n<title>ROUPEIRO CARIOCA HERCULES C6 PRTS CINAMOMO\/OFF WHITE - Lucas Eletro<\/title>\n<meta name=\"description\" content=\"Guarda Roupa Casal Lu 6 portas 4 Gavetas Com Espelho Carioca M\u00f3veis\" \/>\n<meta name=\"robots\" content=\"index, follow, max-snippet:-1, max-image-preview:large, max-video-preview:-1\" \/>\n<link rel=\"canonical\" href=\"https:\/\/lucaseletro.com.br\/?product=roupeiro-carioca-hercules-c6-prts-cinamomo-off-white\" \/>\n<meta property=\"og:locale\" content=\"pt_BR\" \/>\n<meta property=\"og:type\" content=\"article\" \/>\n<meta property=\"og:title\" content=\"ROUPEIRO CARIOCA HERCULES C6 PRTS CINAMOMO\/OFF WHITE - &#082;&#036;1.499,00 - Lucas Eletro\" \/>\n<meta property=\"og:description\" content=\"Principais Informa\u00e7\u00f5es  Guarda Roupa Casal Lu 6 portas 4 Gavetas sem Espelho Carioca M\u00f3veis Freij\u00f3 com Branco     Pesos e Dimens\u00f5es    Altura (cm) 200 cm   Largura (cm) 177 cm   Profundidade (cm) 47 cm       Materiais e Acabamentos    Acabamento Espelho\" \/>\n<meta property=\"og:url\" content=\"https:\/\/lucaseletro.com.br\/?product=roupeiro-carioca-hercules-c6-prts-cinamomo-off-white\" \/>\n<meta property=\"og:site_name\" content=\"Lucas Eletro\" \/>\n<meta property=\"article:publisher\" content=\"https:\/\/www.facebook.com\/lucas.eletro.71\" \/>\n<meta property=\"article:modified_time\" content=\"2025-08-20T18:09:41+00:00\" \/>\n<meta property=\"og:image\" content=\"https:\/\/lucaseletro.com.br\/wp-content\/uploads\/2024\/07\/11138b1f-178b-4692-81dd-8ed788c12acbffb417f98560c5be1e5102f35h.webp\" \/>\n\t<meta property=\"og:image:width\" content=\"700\" \/>\n\t<meta property=\"og:image:height\" content=\"700\" \/>\n\t<meta property=\"og:image:type\" content=\"image\/webp\" \/>\n<meta name=\"twitter:card\" content=\"summary_large_image\" \/>\n<meta name=\"twitter:label1\" content=\"Pre\u00e7o\" \/>\n\t<meta name=\"twitter:data1\" content=\"&#082;&#036;1.499,00\" \/>\n\t<meta name=\"twitter:label2\" content=\"Disponibilidade\" \/>\n\t<meta name=\"twitter:data2\" content=\"Em Estoque\" \/>\n<script type=\"application\/ld+json\" class=\"yoast-schema-graph\">{\"@context\":\"https:\\\/\\\/schema.org\",\"@graph\":[{\"@type\":\"WebPage\",\"@id\":\"https:\\\/\\\/lucaseletro.com.br\\\/?product=roupeiro-carioca-hercules-c6-prts-cinamomo-off-white\",\"url\":\"https:\\\/\\\/lucaseletro.com.br\\\/?product=roupeiro-carioca-hercules-c6-prts-cinamomo-off-white\",\"name\":\"ROUPEIRO CARIOCA HERCULES C6 PRTS CINAMOMO\\\/OFF WHITE - Lucas Eletro\",\"isPartOf\":{\"@id\":\"https:\\\/\\\/lucaseletro.com.br\\\/#website\"},\"primaryImageOfPage\":{\"@id\":\"https:\\\/\\\/lucaseletro.com.br\\\/?product=roupeiro-carioca-hercules-c6-prts-cinamomo-off-white#primaryimage\"},\"image\":{\"@id\":\"https:\\\/\\\/lucaseletro.com.br\\\/?product=roupeiro-carioca-hercules-c6-prts-cinamomo-off-white#primaryimage\"},\"thumbnailUrl\":\"https:\\\/\\\/lucaseletro.com.br\\\/wp-content\\\/uploads\\\/2024\\\/07\\\/11138b1f-178b-4692-81dd-8ed788c12acbffb417f98560c5be1e5102f35h.webp\",\"datePublished\":\"2024-07-30T19:56:15+00:00\",\"dateModified\":\"2025-08-20T18:09:41+00:00\",\"description\":\"Guarda Roupa Casal Lu 6 portas 4 Gavetas Com Espelho Carioca M\u00f3veis\",\"breadcrumb\":{\"@id\":\"https:\\\/\\\/lucaseletro.com.br\\\/?product=roupeiro-carioca-hercules-c6-prts-cinamomo-off-white#breadcrumb\"},\"inLanguage\":\"pt-BR\",\"potentialAction\":[{\"@type\":\"ReadAction\",\"target\":[\"https:\\\/\\\/lucaseletro.com.br\\\/?product=roupeiro-carioca-hercules-c6-prts-cinamomo-off-white\"]}]},{\"@type\":\"ImageObject\",\"inLanguage\":\"pt-BR\",\"@id\":\"https:\\\/\\\/lucaseletro.com.br\\\/?product=roupeiro-carioca-hercules-c6-prts-cinamomo-off-white#primaryimage\",\"url\":\"https:\\\/\\\/lucaseletro.com.br\\\/wp-content\\\/uploads\\\/2024\\\/07\\\/11138b1f-178b-4692-81dd-8ed788c12acbffb417f98560c5be1e5102f35h.webp\",\"contentUrl\":\"https:\\\/\\\/lucaseletro.com.br\\\/wp-content\\\/uploads\\\/2024\\\/07\\\/11138b1f-178b-4692-81dd-8ed788c12acbffb417f98560c5be1e5102f35h.webp\",\"width\":700,\"height\":700},{\"@type\":\"BreadcrumbList\",\"@id\":\"https:\\\/\\\/lucaseletro.com.br\\\/?product=roupeiro-carioca-hercules-c6-prts-cinamomo-off-white#breadcrumb\",\"itemListElement\":[{\"@type\":\"ListItem\",\"position\":1,\"name\":\"In\u00edcio\",\"item\":\"https:\\\/\\\/lucaseletro.com.br\\\/\"},{\"@type\":\"ListItem\",\"position\":2,\"name\":\"Loja\",\"item\":\"https:\\\/\\\/lucaseletro.com.br\\\/?page_id=11\"},{\"@type\":\"ListItem\",\"position\":3,\"name\":\"ROUPEIRO CARIOCA HERCULES C6 PRTS CINAMOMO\\\/OFF WHITE\"}]},{\"@type\":\"WebSite\",\"@id\":\"https:\\\/\\\/lucaseletro.com.br\\\/#website\",\"url\":\"https:\\\/\\\/lucaseletro.com.br\\\/\",\"name\":\"Lucas Eletro\",\"description\":\"Realizando seus sonhos\",\"publisher\":{\"@id\":\"https:\\\/\\\/lucaseletro.com.br\\\/#organization\"},\"alternateName\":\"Lucas Eletro\",\"potentialAction\":[{\"@type\":\"SearchAction\",\"target\":{\"@type\":\"EntryPoint\",\"urlTemplate\":\"https:\\\/\\\/lucaseletro.com.br\\\/?s={search_term_string}\"},\"query-input\":{\"@type\":\"PropertyValueSpecification\",\"valueRequired\":true,\"valueName\":\"search_term_string\"}}],\"inLanguage\":\"pt-BR\"},{\"@type\":\"Organization\",\"@id\":\"https:\\\/\\\/lucaseletro.com.br\\\/#organization\",\"name\":\"Lucas Eletro\",\"alternateName\":\"Lucas Eletro\",\"url\":\"https:\\\/\\\/lucaseletro.com.br\\\/\",\"logo\":{\"@type\":\"ImageObject\",\"inLanguage\":\"pt-BR\",\"@id\":\"https:\\\/\\\/lucaseletro.com.br\\\/#\\\/schema\\\/logo\\\/image\\\/\",\"url\":\"https:\\\/\\\/lucaseletro.com.br\\\/wp-content\\\/uploads\\\/2024\\\/08\\\/Logo-WebP.webp\",\"contentUrl\":\"https:\\\/\\\/lucaseletro.com.br\\\/wp-content\\\/uploads\\\/2024\\\/08\\\/Logo-WebP.webp\",\"width\":1366,\"height\":457,\"caption\":\"Lucas Eletro\"},\"image\":{\"@id\":\"https:\\\/\\\/lucaseletro.com.br\\\/#\\\/schema\\\/logo\\\/image\\\/\"},\"sameAs\":[\"https:\\\/\\\/www.facebook.com\\\/lucas.eletro.71\"]}]}<\/script>\n<meta property=\"product:price:amount\" content=\"1499.00\" \/>\n<meta property=\"product:price:currency\" content=\"BRL\" \/>\n<meta property=\"og:availability\" content=\"instock\" \/>\n<meta property=\"product:availability\" content=\"instock\" \/>\n<meta property=\"product:condition\" content=\"new\" \/>\n<!-- \/ Yoast SEO Premium plugin. -->","yoast_head_json":{"title":"ROUPEIRO CARIOCA HERCULES C6 PRTS CINAMOMO\/OFF WHITE - Lucas Eletro","description":"Guarda Roupa Casal Lu 6 portas 4 Gavetas Com Espelho Carioca M\u00f3veis","robots":{"index":"index","follow":"follow","max-snippet":"max-snippet:-1","max-image-preview":"max-image-preview:large","max-video-preview":"max-video-preview:-1"},"canonical":"https:\/\/lucaseletro.com.br\/?product=roupeiro-carioca-hercules-c6-prts-cinamomo-off-white","og_locale":"pt_BR","og_type":"article","og_title":"ROUPEIRO CARIOCA HERCULES C6 PRTS CINAMOMO\/OFF WHITE - &#82;&#36;1.499,00 - Lucas Eletro","og_description":"Principais Informa\u00e7\u00f5es  Guarda Roupa Casal Lu 6 portas 4 Gavetas sem Espelho Carioca M\u00f3veis Freij\u00f3 com Branco     Pesos e Dimens\u00f5es    Altura (cm) 200 cm   Largura (cm) 177 cm   Profundidade (cm) 47 cm       Materiais e Acabamentos    Acabamento Espelho","og_url":"https:\/\/lucaseletro.com.br\/?product=roupeiro-carioca-hercules-c6-prts-cinamomo-off-white","og_site_name":"Lucas Eletro","article_publisher":"https:\/\/www.facebook.com\/lucas.eletro.71","article_modified_time":"2025-08-20T18:09:41+00:00","og_image":[{"width":700,"height":700,"url":"https:\/\/lucaseletro.com.br\/wp-content\/uploads\/2024\/07\/11138b1f-178b-4692-81dd-8ed788c12acbffb417f98560c5be1e5102f35h.webp","type":"image\/webp"}],"twitter_card":"summary_large_image","twitter_misc":{"Pre\u00e7o":"&#82;&#36;1.499,00","Disponibilidade":"Em Estoque"},"schema":{"@context":"https:\/\/schema.org","@graph":[{"@type":"WebPage","@id":"https:\/\/lucaseletro.com.br\/?product=roupeiro-carioca-hercules-c6-prts-cinamomo-off-white","url":"https:\/\/lucaseletro.com.br\/?product=roupeiro-carioca-hercules-c6-prts-cinamomo-off-white","name":"ROUPEIRO CARIOCA HERCULES C6 PRTS CINAMOMO\/OFF WHITE - Lucas Eletro","isPartOf":{"@id":"https:\/\/lucaseletro.com.br\/#website"},"primaryImageOfPage":{"@id":"https:\/\/lucaseletro.com.br\/?product=roupeiro-carioca-hercules-c6-prts-cinamomo-off-white#primaryimage"},"image":{"@id":"https:\/\/lucaseletro.com.br\/?product=roupeiro-carioca-hercules-c6-prts-cinamomo-off-white#primaryimage"},"thumbnailUrl":"https:\/\/lucaseletro.com.br\/wp-content\/uploads\/2024\/07\/11138b1f-178b-4692-81dd-8ed788c12acbffb417f98560c5be1e5102f35h.webp","datePublished":"2024-07-30T19:56:15+00:00","dateModified":"2025-08-20T18:09:41+00:00","description":"Guarda Roupa Casal Lu 6 portas 4 Gavetas Com Espelho Carioca M\u00f3veis","breadcrumb":{"@id":"https:\/\/lucaseletro.com.br\/?product=roupeiro-carioca-hercules-c6-prts-cinamomo-off-white#breadcrumb"},"inLanguage":"pt-BR","potentialAction":[{"@type":"ReadAction","target":["https:\/\/lucaseletro.com.br\/?product=roupeiro-carioca-hercules-c6-prts-cinamomo-off-white"]}]},{"@type":"ImageObject","inLanguage":"pt-BR","@id":"https:\/\/lucaseletro.com.br\/?product=roupeiro-carioca-hercules-c6-prts-cinamomo-off-white#primaryimage","url":"https:\/\/lucaseletro.com.br\/wp-content\/uploads\/2024\/07\/11138b1f-178b-4692-81dd-8ed788c12acbffb417f98560c5be1e5102f35h.webp","contentUrl":"https:\/\/lucaseletro.com.br\/wp-content\/uploads\/2024\/07\/11138b1f-178b-4692-81dd-8ed788c12acbffb417f98560c5be1e5102f35h.webp","width":700,"height":700},{"@type":"BreadcrumbList","@id":"https:\/\/lucaseletro.com.br\/?product=roupeiro-carioca-hercules-c6-prts-cinamomo-off-white#breadcrumb","itemListElement":[{"@type":"ListItem","position":1,"name":"In\u00edcio","item":"https:\/\/lucaseletro.com.br\/"},{"@type":"ListItem","position":2,"name":"Loja","item":"https:\/\/lucaseletro.com.br\/?page_id=11"},{"@type":"ListItem","position":3,"name":"ROUPEIRO CARIOCA HERCULES C6 PRTS CINAMOMO\/OFF WHITE"}]},{"@type":"WebSite","@id":"https:\/\/lucaseletro.com.br\/#website","url":"https:\/\/lucaseletro.com.br\/","name":"Lucas Eletro","description":"Realizando seus sonhos","publisher":{"@id":"https:\/\/lucaseletro.com.br\/#organization"},"alternateName":"Lucas Eletro","potentialAction":[{"@type":"SearchAction","target":{"@type":"EntryPoint","urlTemplate":"https:\/\/lucaseletro.com.br\/?s={search_term_string}"},"query-input":{"@type":"PropertyValueSpecification","valueRequired":true,"valueName":"search_term_string"}}],"inLanguage":"pt-BR"},{"@type":"Organization","@id":"https:\/\/lucaseletro.com.br\/#organization","name":"Lucas Eletro","alternateName":"Lucas Eletro","url":"https:\/\/lucaseletro.com.br\/","logo":{"@type":"ImageObject","inLanguage":"pt-BR","@id":"https:\/\/lucaseletro.com.br\/#\/schema\/logo\/image\/","url":"https:\/\/lucaseletro.com.br\/wp-content\/uploads\/2024\/08\/Logo-WebP.webp","contentUrl":"https:\/\/lucaseletro.com.br\/wp-content\/uploads\/2024\/08\/Logo-WebP.webp","width":1366,"height":457,"caption":"Lucas Eletro"},"image":{"@id":"https:\/\/lucaseletro.com.br\/#\/schema\/logo\/image\/"},"sameAs":["https:\/\/www.facebook.com\/lucas.eletro.71"]}]},"product_price_amount":"1499.00","product_price_currency":"BRL","og_availability":"instock","product_availability":"instock","product_condition":"new"},"_links":{"self":[{"href":"https:\/\/lucaseletro.com.br\/index.php?rest_route=\/wp\/v2\/product\/2684","targetHints":{"allow":["GET"]}}],"collection":[{"href":"https:\/\/lucaseletro.com.br\/index.php?rest_route=\/wp\/v2\/product"}],"about":[{"href":"https:\/\/lucaseletro.com.br\/index.php?rest_route=\/wp\/v2\/types\/product"}],"replies":[{"embeddable":true,"href":"https:\/\/lucaseletro.com.br\/index.php?rest_route=%2Fwp%2Fv2%2Fcomments&post=2684"}],"wp:featuredmedia":[{"embeddable":true,"href":"https:\/\/lucaseletro.com.br\/index.php?rest_route=\/wp\/v2\/media\/3832"}],"wp:attachment":[{"href":"https:\/\/lucaseletro.com.br\/index.php?rest_route=%2Fwp%2Fv2%2Fmedia&parent=2684"}],"wp:term":[{"taxonomy":"product_brand","embeddable":true,"href":"https:\/\/lucaseletro.com.br\/index.php?rest_route=%2Fwp%2Fv2%2Fproduct_brand&post=2684"},{"taxonomy":"product_cat","embeddable":true,"href":"https:\/\/lucaseletro.com.br\/index.php?rest_route=%2Fwp%2Fv2%2Fproduct_cat&post=2684"},{"taxonomy":"product_tag","embeddable":true,"href":"https:\/\/lucaseletro.com.br\/index.php?rest_route=%2Fwp%2Fv2%2Fproduct_tag&post=2684"}],"curies":[{"name":"wp","href":"https:\/\/api.w.org\/{rel}","templated":true}]}}