{"id":2736,"date":"2024-07-30T16:56:23","date_gmt":"2024-07-30T19:56:23","guid":{"rendered":"https:\/\/lucaseletro.com.br\/product\/panela-de-pressao-branca-45\/"},"modified":"2025-08-05T08:20:20","modified_gmt":"2025-08-05T11:20:20","slug":"panela-de-pressao-branca-45","status":"publish","type":"product","link":"https:\/\/lucaseletro.com.br\/?product=panela-de-pressao-branca-45","title":{"rendered":"PANELA DE PRESSAO BRANCA 4,5"},"content":{"rendered":"<div class=\"header\"><strong class=\"wd-title\">DESCRI\u00c7\u00c3O<\/strong><\/div>\n<div class=\"wd-descriptions-text\">A Panelux Alum\u00ednio Polido de 4,5 litros n\u00e3o pode faltar na sua cozinha.<br \/>\nRapidamente voc\u00ea prepara as receitas mais gostosas e perde o receio em operar uma panela de press\u00e3o. O cozimento r\u00e1pido e eficiente d\u00e1 conta de diversos pratos espec\u00edficos, como por exemplo o feij\u00e3o, as sopas e as carnes cozidas. Complete sua cozinha com esta panela da Panelux!<\/p>\n<p>&#8211;\u00a0Capacidade: 4,5Litros.<br \/>\n&#8211;\u00a0Composi\u00e7\u00e3o: Alum\u00ednio, baquelite, a\u00e7o minimizado.<br \/>\n<strong><br \/>\nCaracter\u00edsticas:<\/strong><br \/>\n&#8211; Acabamento em alum\u00ednio polido<br \/>\n&#8211; Designer arrojado<br \/>\n&#8211; Praticidade e rapidez no cozimento<\/p>\n<p>Dimens\u00e3o da Embalagem: 30cm x 20cm x 20cm(C-L-A)<br \/>\nPeso com Embalagem: 891g<\/p><\/div>\n","protected":false},"excerpt":{"rendered":"<div class=\"header\"><strong class=\"wd-title\">DESCRI\u00c7\u00c3O<\/strong><\/div>\n<div class=\"wd-descriptions-text\">A Panelux Alum\u00ednio Polido de 4,5 litros n\u00e3o pode faltar na sua cozinha.<br \/>\nRapidamente voc\u00ea prepara as receitas mais gostosas e perde o receio em operar uma panela de press\u00e3o. O cozimento r\u00e1pido e eficiente d\u00e1 conta de diversos pratos espec\u00edficos, como por exemplo o feij\u00e3o, as sopas e as carnes cozidas. Complete sua cozinha com esta panela da Panelux!<\/p>\n<p>&#8211;\u00a0Capacidade: 4,5Litros.<br \/>\n&#8211;\u00a0Composi\u00e7\u00e3o: Alum\u00ednio, baquelite, a\u00e7o minimizado.<br \/>\n<strong><br \/>\nCaracter\u00edsticas:<\/strong><br \/>\n&#8211; Acabamento em alum\u00ednio polido<br \/>\n&#8211; Designer arrojado<br \/>\n&#8211; Praticidade e rapidez no cozimento<\/p>\n<p>Dimens\u00e3o da Embalagem: 30cm x 20cm x 20cm(C-L-A)<br \/>\nPeso com Embalagem: 891g<\/p><\/div>\n","protected":false},"featured_media":4054,"comment_status":"open","ping_status":"closed","template":"","meta":[],"product_brand":[],"product_cat":[32,60],"product_tag":[],"class_list":{"0":"post-2736","1":"product","2":"type-product","3":"status-publish","4":"has-post-thumbnail","6":"product_cat-cozinha","7":"product_cat-utilidades-domesticas","9":"first","10":"instock","11":"shipping-taxable","12":"purchasable","13":"product-type-simple"},"yoast_head":"<!-- This site is optimized with the Yoast SEO Premium plugin v23.3 (Yoast SEO v27.5) - https:\/\/yoast.com\/product\/yoast-seo-premium-wordpress\/ -->\n<title>PANELA DE PRESSAO BRANCA 4,5 - Lucas Eletro<\/title>\n<meta name=\"description\" content=\"Panela de Press\u00e3o Polida 4,5L\" \/>\n<meta name=\"robots\" content=\"index, follow, max-snippet:-1, max-image-preview:large, max-video-preview:-1\" \/>\n<link rel=\"canonical\" href=\"https:\/\/lucaseletro.com.br\/?product=panela-de-pressao-branca-45\" \/>\n<meta property=\"og:locale\" content=\"pt_BR\" \/>\n<meta property=\"og:type\" content=\"article\" \/>\n<meta property=\"og:title\" content=\"PANELA DE PRESSAO BRANCA 4,5 - &#082;&#036;79,00 - Lucas Eletro\" \/>\n<meta property=\"og:description\" content=\"DESCRI\u00c7\u00c3O A Panelux Alum\u00ednio Polido de 4,5 litros n\u00e3o pode faltar na sua cozinha. Rapidamente voc\u00ea prepara as receitas mais gostosas e perde o receio em operar uma panela de press\u00e3o. O cozimento r\u00e1pido e eficiente d\u00e1 conta de diversos pratos espec\u00edficos, como por exemplo o feij\u00e3o, as sopas e as carnes cozidas. Complete sua cozinha com esta panela da Panelux!  -\u00a0Capacidade: 4,5Litros. -\u00a0Composi\u00e7\u00e3o: Alum\u00ednio, baquelite, a\u00e7o minimizado.  Caracter\u00edsticas: - Acabamento em alum\u00ednio polido - Designer arrojado - Praticidade e rapidez no cozimento  Dimens\u00e3o da Embalagem: 30cm x 20cm x 20cm(C-L-A) Peso com Embalagem: 891g\" \/>\n<meta property=\"og:url\" content=\"https:\/\/lucaseletro.com.br\/?product=panela-de-pressao-branca-45\" \/>\n<meta property=\"og:site_name\" content=\"Lucas Eletro\" \/>\n<meta property=\"article:publisher\" content=\"https:\/\/www.facebook.com\/lucas.eletro.71\" \/>\n<meta property=\"article:modified_time\" content=\"2025-08-05T11:20:20+00:00\" \/>\n<meta property=\"og:image\" content=\"https:\/\/lucaseletro.com.br\/wp-content\/uploads\/2024\/07\/6736_panela-de-pressao-polida-4-5l-panelux-10267_z2_637592825765264509.webp\" \/>\n\t<meta property=\"og:image:width\" content=\"1200\" \/>\n\t<meta property=\"og:image:height\" content=\"1200\" \/>\n\t<meta property=\"og:image:type\" content=\"image\/webp\" \/>\n<meta name=\"twitter:card\" content=\"summary_large_image\" \/>\n<meta name=\"twitter:label1\" content=\"Pre\u00e7o\" \/>\n\t<meta name=\"twitter:data1\" content=\"&#082;&#036;79,00\" \/>\n\t<meta name=\"twitter:label2\" content=\"Disponibilidade\" \/>\n\t<meta name=\"twitter:data2\" content=\"Em Estoque\" \/>\n<script type=\"application\/ld+json\" class=\"yoast-schema-graph\">{\"@context\":\"https:\\\/\\\/schema.org\",\"@graph\":[{\"@type\":\"WebPage\",\"@id\":\"https:\\\/\\\/lucaseletro.com.br\\\/?product=panela-de-pressao-branca-45\",\"url\":\"https:\\\/\\\/lucaseletro.com.br\\\/?product=panela-de-pressao-branca-45\",\"name\":\"PANELA DE PRESSAO BRANCA 4,5 - Lucas Eletro\",\"isPartOf\":{\"@id\":\"https:\\\/\\\/lucaseletro.com.br\\\/#website\"},\"primaryImageOfPage\":{\"@id\":\"https:\\\/\\\/lucaseletro.com.br\\\/?product=panela-de-pressao-branca-45#primaryimage\"},\"image\":{\"@id\":\"https:\\\/\\\/lucaseletro.com.br\\\/?product=panela-de-pressao-branca-45#primaryimage\"},\"thumbnailUrl\":\"https:\\\/\\\/lucaseletro.com.br\\\/wp-content\\\/uploads\\\/2024\\\/07\\\/6736_panela-de-pressao-polida-4-5l-panelux-10267_z2_637592825765264509.webp\",\"datePublished\":\"2024-07-30T19:56:23+00:00\",\"dateModified\":\"2025-08-05T11:20:20+00:00\",\"description\":\"Panela de Press\u00e3o Polida 4,5L\",\"breadcrumb\":{\"@id\":\"https:\\\/\\\/lucaseletro.com.br\\\/?product=panela-de-pressao-branca-45#breadcrumb\"},\"inLanguage\":\"pt-BR\",\"potentialAction\":[{\"@type\":\"ReadAction\",\"target\":[\"https:\\\/\\\/lucaseletro.com.br\\\/?product=panela-de-pressao-branca-45\"]}]},{\"@type\":\"ImageObject\",\"inLanguage\":\"pt-BR\",\"@id\":\"https:\\\/\\\/lucaseletro.com.br\\\/?product=panela-de-pressao-branca-45#primaryimage\",\"url\":\"https:\\\/\\\/lucaseletro.com.br\\\/wp-content\\\/uploads\\\/2024\\\/07\\\/6736_panela-de-pressao-polida-4-5l-panelux-10267_z2_637592825765264509.webp\",\"contentUrl\":\"https:\\\/\\\/lucaseletro.com.br\\\/wp-content\\\/uploads\\\/2024\\\/07\\\/6736_panela-de-pressao-polida-4-5l-panelux-10267_z2_637592825765264509.webp\",\"width\":1200,\"height\":1200},{\"@type\":\"BreadcrumbList\",\"@id\":\"https:\\\/\\\/lucaseletro.com.br\\\/?product=panela-de-pressao-branca-45#breadcrumb\",\"itemListElement\":[{\"@type\":\"ListItem\",\"position\":1,\"name\":\"In\u00edcio\",\"item\":\"https:\\\/\\\/lucaseletro.com.br\\\/\"},{\"@type\":\"ListItem\",\"position\":2,\"name\":\"Loja\",\"item\":\"https:\\\/\\\/lucaseletro.com.br\\\/?page_id=11\"},{\"@type\":\"ListItem\",\"position\":3,\"name\":\"PANELA DE PRESSAO BRANCA 4,5\"}]},{\"@type\":\"WebSite\",\"@id\":\"https:\\\/\\\/lucaseletro.com.br\\\/#website\",\"url\":\"https:\\\/\\\/lucaseletro.com.br\\\/\",\"name\":\"Lucas Eletro\",\"description\":\"Realizando seus sonhos\",\"publisher\":{\"@id\":\"https:\\\/\\\/lucaseletro.com.br\\\/#organization\"},\"alternateName\":\"Lucas Eletro\",\"potentialAction\":[{\"@type\":\"SearchAction\",\"target\":{\"@type\":\"EntryPoint\",\"urlTemplate\":\"https:\\\/\\\/lucaseletro.com.br\\\/?s={search_term_string}\"},\"query-input\":{\"@type\":\"PropertyValueSpecification\",\"valueRequired\":true,\"valueName\":\"search_term_string\"}}],\"inLanguage\":\"pt-BR\"},{\"@type\":\"Organization\",\"@id\":\"https:\\\/\\\/lucaseletro.com.br\\\/#organization\",\"name\":\"Lucas Eletro\",\"alternateName\":\"Lucas Eletro\",\"url\":\"https:\\\/\\\/lucaseletro.com.br\\\/\",\"logo\":{\"@type\":\"ImageObject\",\"inLanguage\":\"pt-BR\",\"@id\":\"https:\\\/\\\/lucaseletro.com.br\\\/#\\\/schema\\\/logo\\\/image\\\/\",\"url\":\"https:\\\/\\\/lucaseletro.com.br\\\/wp-content\\\/uploads\\\/2024\\\/08\\\/Logo-WebP.webp\",\"contentUrl\":\"https:\\\/\\\/lucaseletro.com.br\\\/wp-content\\\/uploads\\\/2024\\\/08\\\/Logo-WebP.webp\",\"width\":1366,\"height\":457,\"caption\":\"Lucas Eletro\"},\"image\":{\"@id\":\"https:\\\/\\\/lucaseletro.com.br\\\/#\\\/schema\\\/logo\\\/image\\\/\"},\"sameAs\":[\"https:\\\/\\\/www.facebook.com\\\/lucas.eletro.71\"]}]}<\/script>\n<meta property=\"product:price:amount\" content=\"79.00\" \/>\n<meta property=\"product:price:currency\" content=\"BRL\" \/>\n<meta property=\"og:availability\" content=\"instock\" \/>\n<meta property=\"product:availability\" content=\"instock\" \/>\n<meta property=\"product:condition\" content=\"new\" \/>\n<!-- \/ Yoast SEO Premium plugin. -->","yoast_head_json":{"title":"PANELA DE PRESSAO BRANCA 4,5 - Lucas Eletro","description":"Panela de Press\u00e3o Polida 4,5L","robots":{"index":"index","follow":"follow","max-snippet":"max-snippet:-1","max-image-preview":"max-image-preview:large","max-video-preview":"max-video-preview:-1"},"canonical":"https:\/\/lucaseletro.com.br\/?product=panela-de-pressao-branca-45","og_locale":"pt_BR","og_type":"article","og_title":"PANELA DE PRESSAO BRANCA 4,5 - &#82;&#36;79,00 - Lucas Eletro","og_description":"DESCRI\u00c7\u00c3O A Panelux Alum\u00ednio Polido de 4,5 litros n\u00e3o pode faltar na sua cozinha. Rapidamente voc\u00ea prepara as receitas mais gostosas e perde o receio em operar uma panela de press\u00e3o. O cozimento r\u00e1pido e eficiente d\u00e1 conta de diversos pratos espec\u00edficos, como por exemplo o feij\u00e3o, as sopas e as carnes cozidas. Complete sua cozinha com esta panela da Panelux!  -\u00a0Capacidade: 4,5Litros. -\u00a0Composi\u00e7\u00e3o: Alum\u00ednio, baquelite, a\u00e7o minimizado.  Caracter\u00edsticas: - Acabamento em alum\u00ednio polido - Designer arrojado - Praticidade e rapidez no cozimento  Dimens\u00e3o da Embalagem: 30cm x 20cm x 20cm(C-L-A) Peso com Embalagem: 891g","og_url":"https:\/\/lucaseletro.com.br\/?product=panela-de-pressao-branca-45","og_site_name":"Lucas Eletro","article_publisher":"https:\/\/www.facebook.com\/lucas.eletro.71","article_modified_time":"2025-08-05T11:20:20+00:00","og_image":[{"width":1200,"height":1200,"url":"https:\/\/lucaseletro.com.br\/wp-content\/uploads\/2024\/07\/6736_panela-de-pressao-polida-4-5l-panelux-10267_z2_637592825765264509.webp","type":"image\/webp"}],"twitter_card":"summary_large_image","twitter_misc":{"Pre\u00e7o":"&#82;&#36;79,00","Disponibilidade":"Em Estoque"},"schema":{"@context":"https:\/\/schema.org","@graph":[{"@type":"WebPage","@id":"https:\/\/lucaseletro.com.br\/?product=panela-de-pressao-branca-45","url":"https:\/\/lucaseletro.com.br\/?product=panela-de-pressao-branca-45","name":"PANELA DE PRESSAO BRANCA 4,5 - Lucas Eletro","isPartOf":{"@id":"https:\/\/lucaseletro.com.br\/#website"},"primaryImageOfPage":{"@id":"https:\/\/lucaseletro.com.br\/?product=panela-de-pressao-branca-45#primaryimage"},"image":{"@id":"https:\/\/lucaseletro.com.br\/?product=panela-de-pressao-branca-45#primaryimage"},"thumbnailUrl":"https:\/\/lucaseletro.com.br\/wp-content\/uploads\/2024\/07\/6736_panela-de-pressao-polida-4-5l-panelux-10267_z2_637592825765264509.webp","datePublished":"2024-07-30T19:56:23+00:00","dateModified":"2025-08-05T11:20:20+00:00","description":"Panela de Press\u00e3o Polida 4,5L","breadcrumb":{"@id":"https:\/\/lucaseletro.com.br\/?product=panela-de-pressao-branca-45#breadcrumb"},"inLanguage":"pt-BR","potentialAction":[{"@type":"ReadAction","target":["https:\/\/lucaseletro.com.br\/?product=panela-de-pressao-branca-45"]}]},{"@type":"ImageObject","inLanguage":"pt-BR","@id":"https:\/\/lucaseletro.com.br\/?product=panela-de-pressao-branca-45#primaryimage","url":"https:\/\/lucaseletro.com.br\/wp-content\/uploads\/2024\/07\/6736_panela-de-pressao-polida-4-5l-panelux-10267_z2_637592825765264509.webp","contentUrl":"https:\/\/lucaseletro.com.br\/wp-content\/uploads\/2024\/07\/6736_panela-de-pressao-polida-4-5l-panelux-10267_z2_637592825765264509.webp","width":1200,"height":1200},{"@type":"BreadcrumbList","@id":"https:\/\/lucaseletro.com.br\/?product=panela-de-pressao-branca-45#breadcrumb","itemListElement":[{"@type":"ListItem","position":1,"name":"In\u00edcio","item":"https:\/\/lucaseletro.com.br\/"},{"@type":"ListItem","position":2,"name":"Loja","item":"https:\/\/lucaseletro.com.br\/?page_id=11"},{"@type":"ListItem","position":3,"name":"PANELA DE PRESSAO BRANCA 4,5"}]},{"@type":"WebSite","@id":"https:\/\/lucaseletro.com.br\/#website","url":"https:\/\/lucaseletro.com.br\/","name":"Lucas Eletro","description":"Realizando seus sonhos","publisher":{"@id":"https:\/\/lucaseletro.com.br\/#organization"},"alternateName":"Lucas Eletro","potentialAction":[{"@type":"SearchAction","target":{"@type":"EntryPoint","urlTemplate":"https:\/\/lucaseletro.com.br\/?s={search_term_string}"},"query-input":{"@type":"PropertyValueSpecification","valueRequired":true,"valueName":"search_term_string"}}],"inLanguage":"pt-BR"},{"@type":"Organization","@id":"https:\/\/lucaseletro.com.br\/#organization","name":"Lucas Eletro","alternateName":"Lucas Eletro","url":"https:\/\/lucaseletro.com.br\/","logo":{"@type":"ImageObject","inLanguage":"pt-BR","@id":"https:\/\/lucaseletro.com.br\/#\/schema\/logo\/image\/","url":"https:\/\/lucaseletro.com.br\/wp-content\/uploads\/2024\/08\/Logo-WebP.webp","contentUrl":"https:\/\/lucaseletro.com.br\/wp-content\/uploads\/2024\/08\/Logo-WebP.webp","width":1366,"height":457,"caption":"Lucas Eletro"},"image":{"@id":"https:\/\/lucaseletro.com.br\/#\/schema\/logo\/image\/"},"sameAs":["https:\/\/www.facebook.com\/lucas.eletro.71"]}]},"product_price_amount":"79.00","product_price_currency":"BRL","og_availability":"instock","product_availability":"instock","product_condition":"new"},"_links":{"self":[{"href":"https:\/\/lucaseletro.com.br\/index.php?rest_route=\/wp\/v2\/product\/2736","targetHints":{"allow":["GET"]}}],"collection":[{"href":"https:\/\/lucaseletro.com.br\/index.php?rest_route=\/wp\/v2\/product"}],"about":[{"href":"https:\/\/lucaseletro.com.br\/index.php?rest_route=\/wp\/v2\/types\/product"}],"replies":[{"embeddable":true,"href":"https:\/\/lucaseletro.com.br\/index.php?rest_route=%2Fwp%2Fv2%2Fcomments&post=2736"}],"wp:featuredmedia":[{"embeddable":true,"href":"https:\/\/lucaseletro.com.br\/index.php?rest_route=\/wp\/v2\/media\/4054"}],"wp:attachment":[{"href":"https:\/\/lucaseletro.com.br\/index.php?rest_route=%2Fwp%2Fv2%2Fmedia&parent=2736"}],"wp:term":[{"taxonomy":"product_brand","embeddable":true,"href":"https:\/\/lucaseletro.com.br\/index.php?rest_route=%2Fwp%2Fv2%2Fproduct_brand&post=2736"},{"taxonomy":"product_cat","embeddable":true,"href":"https:\/\/lucaseletro.com.br\/index.php?rest_route=%2Fwp%2Fv2%2Fproduct_cat&post=2736"},{"taxonomy":"product_tag","embeddable":true,"href":"https:\/\/lucaseletro.com.br\/index.php?rest_route=%2Fwp%2Fv2%2Fproduct_tag&post=2736"}],"curies":[{"name":"wp","href":"https:\/\/api.w.org\/{rel}","templated":true}]}}