{"id":2761,"date":"2024-07-30T16:56:27","date_gmt":"2024-07-30T19:56:27","guid":{"rendered":"https:\/\/lucaseletro.com.br\/product\/liquidificador-walita-550-w-branco\/"},"modified":"2025-01-10T15:00:41","modified_gmt":"2025-01-10T18:00:41","slug":"liquidificador-walita-550-w-branco","status":"publish","type":"product","link":"https:\/\/lucaseletro.com.br\/?product=liquidificador-walita-550-w-branco","title":{"rendered":"LIQUIDIFICADOR WALITA 550 W BRANCO"},"content":{"rendered":"<div id=\"productOverview_feature_div\" class=\"celwidget\" data-feature-name=\"productOverview\" data-csa-c-type=\"widget\" data-csa-c-content-id=\"productOverview\" data-csa-c-slot-id=\"productOverview_feature_div\" data-csa-c-asin=\"B07PW9QGTG\" data-csa-c-is-in-initial-active-row=\"false\" data-csa-c-id=\"jtxksi-8z8rk1-exrub-tkzqfr\" data-cel-widget=\"productOverview_feature_div\">\n<div class=\"a-section a-spacing-small a-spacing-top-small\">\n<table class=\"a-normal a-spacing-micro\">\n<tbody>\n<tr class=\"a-spacing-small po-brand\">\n<td class=\"a-span3\"><span class=\"a-size-base a-text-bold\">Marca<\/span><\/td>\n<td class=\"a-span9\"><span class=\"a-size-base po-break-word\">Philips Walita<\/span><\/td>\n<\/tr>\n<tr class=\"a-spacing-small po-color\">\n<td class=\"a-span3\"><span class=\"a-size-base a-text-bold\">Cor<\/span><\/td>\n<td class=\"a-span9\"><span class=\"a-size-base po-break-word\">Branco<\/span><\/td>\n<\/tr>\n<tr class=\"a-spacing-small po-special_feature\">\n<td class=\"a-span3\"><span class=\"a-size-base a-text-bold\">Caracter\u00edsticas especiais<\/span><\/td>\n<td class=\"a-span9\"><span class=\"a-size-base po-break-word\">M\u00faltiplas velocidades<\/span><\/td>\n<\/tr>\n<tr class=\"a-spacing-small po-capacity\">\n<td class=\"a-span3\"><span class=\"a-size-base a-text-bold\">Capacidade<\/span><\/td>\n<td class=\"a-span9\"><span class=\"a-size-base po-break-word\">2 Litros<\/span><\/td>\n<\/tr>\n<tr class=\"a-spacing-small po-item_depth_width_height\">\n<td class=\"a-span3\"><span class=\"a-size-base a-text-bold\">Dimens\u00f5es do produto<\/span><\/td>\n<td class=\"a-span9\"><span class=\"a-size-base po-break-word\">21P x 22L x 41A cent\u00edmetros<\/span><\/td>\n<\/tr>\n<\/tbody>\n<\/table>\n<\/div>\n<\/div>\n<div id=\"featurebullets_feature_div\" class=\"celwidget\" data-feature-name=\"featurebullets\" data-csa-c-type=\"widget\" data-csa-c-content-id=\"featurebullets\" data-csa-c-slot-id=\"featurebullets_feature_div\" data-csa-c-asin=\"B07PW9QGTG\" data-csa-c-is-in-initial-active-row=\"false\" data-csa-c-id=\"r2s6xi-t0ih4q-4jhoac-l1xai0\" data-cel-widget=\"featurebullets_feature_div\">\n<div id=\"feature-bullets\" class=\"a-section a-spacing-medium a-spacing-top-small\">\n<hr \/>\n<h1 class=\"a-size-base-plus a-text-bold\">Sobre este item<\/h1>\n<ul class=\"a-unordered-list a-vertical a-spacing-mini\">\n<li class=\"a-spacing-mini\"><span class=\"a-list-item\">Verifique a voltagem antes de comprar o produto para certificar-se de que corresponde \u00e0 da sua regi\u00e3o<\/span><\/li>\n<li class=\"a-spacing-mini\"><span class=\"a-list-item\">Motor potente de 550 W<\/span><\/li>\n<li class=\"a-spacing-mini\"><span class=\"a-list-item\">Fun\u00e7\u00e3o Maionese: Abertura exclusiva da tampa para derramar \u00f3leo aos poucos e fazer a maionese perfeita<\/span><\/li>\n<li class=\"a-spacing-mini\"><span class=\"a-list-item\">Este liquidificador Philips Walita Daily \u00e9 feito com materiais livres de BPA.<\/span><\/li>\n<\/ul>\n<\/div>\n<\/div>\n","protected":false},"excerpt":{"rendered":"<div id=\"productOverview_feature_div\" class=\"celwidget\" data-feature-name=\"productOverview\" data-csa-c-type=\"widget\" data-csa-c-content-id=\"productOverview\" data-csa-c-slot-id=\"productOverview_feature_div\" data-csa-c-asin=\"B07PW9QGTG\" data-csa-c-is-in-initial-active-row=\"false\" data-csa-c-id=\"jtxksi-8z8rk1-exrub-tkzqfr\" data-cel-widget=\"productOverview_feature_div\">\n<div class=\"a-section a-spacing-small a-spacing-top-small\">\n<table class=\"a-normal a-spacing-micro\">\n<tbody>\n<tr class=\"a-spacing-small po-brand\">\n<td class=\"a-span3\"><span class=\"a-size-base a-text-bold\">Marca<\/span><\/td>\n<td class=\"a-span9\"><span class=\"a-size-base po-break-word\">Philips Walita<\/span><\/td>\n<\/tr>\n<tr class=\"a-spacing-small po-color\">\n<td class=\"a-span3\"><span class=\"a-size-base a-text-bold\">Cor<\/span><\/td>\n<td class=\"a-span9\"><span class=\"a-size-base po-break-word\">Branco<\/span><\/td>\n<\/tr>\n<tr class=\"a-spacing-small po-special_feature\">\n<td class=\"a-span3\"><span class=\"a-size-base a-text-bold\">Caracter\u00edsticas especiais<\/span><\/td>\n<td class=\"a-span9\"><span class=\"a-size-base po-break-word\">M\u00faltiplas velocidades<\/span><\/td>\n<\/tr>\n<tr class=\"a-spacing-small po-capacity\">\n<td class=\"a-span3\"><span class=\"a-size-base a-text-bold\">Capacidade<\/span><\/td>\n<td class=\"a-span9\"><span class=\"a-size-base po-break-word\">2 Litros<\/span><\/td>\n<\/tr>\n<tr class=\"a-spacing-small po-item_depth_width_height\">\n<td class=\"a-span3\"><span class=\"a-size-base a-text-bold\">Dimens\u00f5es do produto<\/span><\/td>\n<td class=\"a-span9\"><span class=\"a-size-base po-break-word\">21P x 22L x 41A cent\u00edmetros<\/span><\/td>\n<\/tr>\n<\/tbody>\n<\/table>\n<\/div>\n<\/div>\n<div id=\"featurebullets_feature_div\" class=\"celwidget\" data-feature-name=\"featurebullets\" data-csa-c-type=\"widget\" data-csa-c-content-id=\"featurebullets\" data-csa-c-slot-id=\"featurebullets_feature_div\" data-csa-c-asin=\"B07PW9QGTG\" data-csa-c-is-in-initial-active-row=\"false\" data-csa-c-id=\"r2s6xi-t0ih4q-4jhoac-l1xai0\" data-cel-widget=\"featurebullets_feature_div\">\n<div id=\"feature-bullets\" class=\"a-section a-spacing-medium a-spacing-top-small\">\n<hr \/>\n<h1 class=\"a-size-base-plus a-text-bold\">Sobre este item<\/h1>\n<ul class=\"a-unordered-list a-vertical a-spacing-mini\">\n<li class=\"a-spacing-mini\"><span class=\"a-list-item\">Verifique a voltagem antes de comprar o produto para certificar-se de que corresponde \u00e0 da sua regi\u00e3o<\/span><\/li>\n<li class=\"a-spacing-mini\"><span class=\"a-list-item\">Motor potente de 550 W<\/span><\/li>\n<li class=\"a-spacing-mini\"><span class=\"a-list-item\">Fun\u00e7\u00e3o Maionese: Abertura exclusiva da tampa para derramar \u00f3leo aos poucos e fazer a maionese perfeita<\/span><\/li>\n<li class=\"a-spacing-mini\"><span class=\"a-list-item\">Este liquidificador Philips Walita Daily \u00e9 feito com materiais livres de BPA.<\/span><\/li>\n<\/ul>\n<\/div>\n<\/div>\n","protected":false},"featured_media":3816,"comment_status":"open","ping_status":"closed","template":"","meta":[],"product_brand":[],"product_cat":[61,15,60],"product_tag":[],"class_list":{"0":"post-2761","1":"product","2":"type-product","3":"status-publish","4":"has-post-thumbnail","6":"product_cat-eletricos","7":"product_cat-semcategoria","8":"product_cat-utilidades-domesticas","10":"first","11":"instock","12":"shipping-taxable","13":"purchasable","14":"product-type-simple"},"yoast_head":"<!-- This site is optimized with the Yoast SEO Premium plugin v23.3 (Yoast SEO v27.4) - https:\/\/yoast.com\/product\/yoast-seo-premium-wordpress\/ -->\n<title>LIQUIDIFICADOR WALITA 550 W BRANCO - Lucas Eletro<\/title>\n<meta name=\"description\" content=\"O Liquidificador Philips Walita Daily foi desenvolvido para ser maior, melhor e mais resistente. Produto pr\u00e1tico e f\u00e1cil para qualquer receita. Possui 550 watts oferecendo alto desempenho com economia de energia. Acompanha copo de pl\u00e1stico super-resistente em tamanho fam\u00edlia com 2L, l\u00e2mina em formato de estrela tecnologia ProBlend 4, bico extragrande para um f\u00e1cil escoamento, 2 velocidades + fun\u00e7\u00e3o pulsar: perfeito para ingredientes duros ou moles, feito com materiais livres de BPA, possui p\u00e9s de borracha antideslizantes. Fun\u00e7\u00e3o de gelo + limpeza autom\u00e1tica em um bot\u00e3o e fun\u00e7\u00e3o maionese. 2 anos de garantia mundial. Seguro para lava-lou\u00e7as, exceto a unidade principal e o conjunto de l\u00e2minas. Dispon\u00edvel nas voltagens 110V e 220V.\" \/>\n<meta name=\"robots\" content=\"index, follow, max-snippet:-1, max-image-preview:large, max-video-preview:-1\" \/>\n<link rel=\"canonical\" href=\"https:\/\/lucaseletro.com.br\/?product=liquidificador-walita-550-w-branco\" \/>\n<meta property=\"og:locale\" content=\"pt_BR\" \/>\n<meta property=\"og:type\" content=\"article\" \/>\n<meta property=\"og:title\" content=\"LIQUIDIFICADOR WALITA 550 W BRANCO - &#082;&#036;189,00 - Lucas Eletro\" \/>\n<meta property=\"og:description\" content=\"Marca Philips Walita   Cor Branco   Caracter\u00edsticas especiais M\u00faltiplas velocidades   Capacidade 2 Litros   Dimens\u00f5es do produto 21P x 22L x 41A cent\u00edmetros           Sobre este item   Verifique a voltagem antes de comprar o produto para certificar-se de que corresponde \u00e0 da sua regi\u00e3o  Motor potente de 550 W  Fun\u00e7\u00e3o Maionese: Abertura exclusiva da tampa para derramar \u00f3leo aos poucos e fazer a maionese perfeita  Este liquidificador Philips Walita Daily \u00e9 feito com materiais livres de BPA.\" \/>\n<meta property=\"og:url\" content=\"https:\/\/lucaseletro.com.br\/?product=liquidificador-walita-550-w-branco\" \/>\n<meta property=\"og:site_name\" content=\"Lucas Eletro\" \/>\n<meta property=\"article:publisher\" content=\"https:\/\/www.facebook.com\/lucas.eletro.71\" \/>\n<meta property=\"article:modified_time\" content=\"2025-01-10T18:00:41+00:00\" \/>\n<meta property=\"og:image\" content=\"https:\/\/lucaseletro.com.br\/wp-content\/uploads\/2024\/07\/61bTk01CtCS._AC_SY879_.jpg\" \/>\n\t<meta property=\"og:image:width\" content=\"539\" \/>\n\t<meta property=\"og:image:height\" content=\"879\" \/>\n\t<meta property=\"og:image:type\" content=\"image\/jpeg\" \/>\n<meta name=\"twitter:card\" content=\"summary_large_image\" \/>\n<meta name=\"twitter:label1\" content=\"Pre\u00e7o\" \/>\n\t<meta name=\"twitter:data1\" content=\"&#082;&#036;189,00\" \/>\n\t<meta name=\"twitter:label2\" content=\"Disponibilidade\" \/>\n\t<meta name=\"twitter:data2\" content=\"Em Estoque\" \/>\n<script type=\"application\/ld+json\" class=\"yoast-schema-graph\">{\"@context\":\"https:\\\/\\\/schema.org\",\"@graph\":[{\"@type\":\"WebPage\",\"@id\":\"https:\\\/\\\/lucaseletro.com.br\\\/?product=liquidificador-walita-550-w-branco\",\"url\":\"https:\\\/\\\/lucaseletro.com.br\\\/?product=liquidificador-walita-550-w-branco\",\"name\":\"LIQUIDIFICADOR WALITA 550 W BRANCO - Lucas Eletro\",\"isPartOf\":{\"@id\":\"https:\\\/\\\/lucaseletro.com.br\\\/#website\"},\"primaryImageOfPage\":{\"@id\":\"https:\\\/\\\/lucaseletro.com.br\\\/?product=liquidificador-walita-550-w-branco#primaryimage\"},\"image\":{\"@id\":\"https:\\\/\\\/lucaseletro.com.br\\\/?product=liquidificador-walita-550-w-branco#primaryimage\"},\"thumbnailUrl\":\"https:\\\/\\\/lucaseletro.com.br\\\/wp-content\\\/uploads\\\/2024\\\/07\\\/61bTk01CtCS._AC_SY879_.jpg\",\"datePublished\":\"2024-07-30T19:56:27+00:00\",\"dateModified\":\"2025-01-10T18:00:41+00:00\",\"description\":\"O Liquidificador Philips Walita Daily foi desenvolvido para ser maior, melhor e mais resistente. Produto pr\u00e1tico e f\u00e1cil para qualquer receita. Possui 550 watts oferecendo alto desempenho com economia de energia. Acompanha copo de pl\u00e1stico super-resistente em tamanho fam\u00edlia com 2L, l\u00e2mina em formato de estrela tecnologia ProBlend 4, bico extragrande para um f\u00e1cil escoamento, 2 velocidades + fun\u00e7\u00e3o pulsar: perfeito para ingredientes duros ou moles, feito com materiais livres de BPA, possui p\u00e9s de borracha antideslizantes. Fun\u00e7\u00e3o de gelo + limpeza autom\u00e1tica em um bot\u00e3o e fun\u00e7\u00e3o maionese. 2 anos de garantia mundial. Seguro para lava-lou\u00e7as, exceto a unidade principal e o conjunto de l\u00e2minas. Dispon\u00edvel nas voltagens 110V e 220V.\",\"breadcrumb\":{\"@id\":\"https:\\\/\\\/lucaseletro.com.br\\\/?product=liquidificador-walita-550-w-branco#breadcrumb\"},\"inLanguage\":\"pt-BR\",\"potentialAction\":[{\"@type\":\"ReadAction\",\"target\":[\"https:\\\/\\\/lucaseletro.com.br\\\/?product=liquidificador-walita-550-w-branco\"]}]},{\"@type\":\"ImageObject\",\"inLanguage\":\"pt-BR\",\"@id\":\"https:\\\/\\\/lucaseletro.com.br\\\/?product=liquidificador-walita-550-w-branco#primaryimage\",\"url\":\"https:\\\/\\\/lucaseletro.com.br\\\/wp-content\\\/uploads\\\/2024\\\/07\\\/61bTk01CtCS._AC_SY879_.jpg\",\"contentUrl\":\"https:\\\/\\\/lucaseletro.com.br\\\/wp-content\\\/uploads\\\/2024\\\/07\\\/61bTk01CtCS._AC_SY879_.jpg\",\"width\":539,\"height\":879},{\"@type\":\"BreadcrumbList\",\"@id\":\"https:\\\/\\\/lucaseletro.com.br\\\/?product=liquidificador-walita-550-w-branco#breadcrumb\",\"itemListElement\":[{\"@type\":\"ListItem\",\"position\":1,\"name\":\"In\u00edcio\",\"item\":\"https:\\\/\\\/lucaseletro.com.br\\\/\"},{\"@type\":\"ListItem\",\"position\":2,\"name\":\"Loja\",\"item\":\"https:\\\/\\\/lucaseletro.com.br\\\/?page_id=11\"},{\"@type\":\"ListItem\",\"position\":3,\"name\":\"LIQUIDIFICADOR WALITA 550 W BRANCO\"}]},{\"@type\":\"WebSite\",\"@id\":\"https:\\\/\\\/lucaseletro.com.br\\\/#website\",\"url\":\"https:\\\/\\\/lucaseletro.com.br\\\/\",\"name\":\"Lucas Eletro\",\"description\":\"Realizando seus sonhos\",\"publisher\":{\"@id\":\"https:\\\/\\\/lucaseletro.com.br\\\/#organization\"},\"alternateName\":\"Lucas Eletro\",\"potentialAction\":[{\"@type\":\"SearchAction\",\"target\":{\"@type\":\"EntryPoint\",\"urlTemplate\":\"https:\\\/\\\/lucaseletro.com.br\\\/?s={search_term_string}\"},\"query-input\":{\"@type\":\"PropertyValueSpecification\",\"valueRequired\":true,\"valueName\":\"search_term_string\"}}],\"inLanguage\":\"pt-BR\"},{\"@type\":\"Organization\",\"@id\":\"https:\\\/\\\/lucaseletro.com.br\\\/#organization\",\"name\":\"Lucas Eletro\",\"alternateName\":\"Lucas Eletro\",\"url\":\"https:\\\/\\\/lucaseletro.com.br\\\/\",\"logo\":{\"@type\":\"ImageObject\",\"inLanguage\":\"pt-BR\",\"@id\":\"https:\\\/\\\/lucaseletro.com.br\\\/#\\\/schema\\\/logo\\\/image\\\/\",\"url\":\"https:\\\/\\\/lucaseletro.com.br\\\/wp-content\\\/uploads\\\/2024\\\/08\\\/Logo-WebP.webp\",\"contentUrl\":\"https:\\\/\\\/lucaseletro.com.br\\\/wp-content\\\/uploads\\\/2024\\\/08\\\/Logo-WebP.webp\",\"width\":1366,\"height\":457,\"caption\":\"Lucas Eletro\"},\"image\":{\"@id\":\"https:\\\/\\\/lucaseletro.com.br\\\/#\\\/schema\\\/logo\\\/image\\\/\"},\"sameAs\":[\"https:\\\/\\\/www.facebook.com\\\/lucas.eletro.71\"]}]}<\/script>\n<meta property=\"product:price:amount\" content=\"189.00\" \/>\n<meta property=\"product:price:currency\" content=\"BRL\" \/>\n<meta property=\"og:availability\" content=\"instock\" \/>\n<meta property=\"product:availability\" content=\"instock\" \/>\n<meta property=\"product:condition\" content=\"new\" \/>\n<!-- \/ Yoast SEO Premium plugin. -->","yoast_head_json":{"title":"LIQUIDIFICADOR WALITA 550 W BRANCO - Lucas Eletro","description":"O Liquidificador Philips Walita Daily foi desenvolvido para ser maior, melhor e mais resistente. Produto pr\u00e1tico e f\u00e1cil para qualquer receita. Possui 550 watts oferecendo alto desempenho com economia de energia. Acompanha copo de pl\u00e1stico super-resistente em tamanho fam\u00edlia com 2L, l\u00e2mina em formato de estrela tecnologia ProBlend 4, bico extragrande para um f\u00e1cil escoamento, 2 velocidades + fun\u00e7\u00e3o pulsar: perfeito para ingredientes duros ou moles, feito com materiais livres de BPA, possui p\u00e9s de borracha antideslizantes. Fun\u00e7\u00e3o de gelo + limpeza autom\u00e1tica em um bot\u00e3o e fun\u00e7\u00e3o maionese. 2 anos de garantia mundial. Seguro para lava-lou\u00e7as, exceto a unidade principal e o conjunto de l\u00e2minas. Dispon\u00edvel nas voltagens 110V e 220V.","robots":{"index":"index","follow":"follow","max-snippet":"max-snippet:-1","max-image-preview":"max-image-preview:large","max-video-preview":"max-video-preview:-1"},"canonical":"https:\/\/lucaseletro.com.br\/?product=liquidificador-walita-550-w-branco","og_locale":"pt_BR","og_type":"article","og_title":"LIQUIDIFICADOR WALITA 550 W BRANCO - &#82;&#36;189,00 - Lucas Eletro","og_description":"Marca Philips Walita   Cor Branco   Caracter\u00edsticas especiais M\u00faltiplas velocidades   Capacidade 2 Litros   Dimens\u00f5es do produto 21P x 22L x 41A cent\u00edmetros           Sobre este item   Verifique a voltagem antes de comprar o produto para certificar-se de que corresponde \u00e0 da sua regi\u00e3o  Motor potente de 550 W  Fun\u00e7\u00e3o Maionese: Abertura exclusiva da tampa para derramar \u00f3leo aos poucos e fazer a maionese perfeita  Este liquidificador Philips Walita Daily \u00e9 feito com materiais livres de BPA.","og_url":"https:\/\/lucaseletro.com.br\/?product=liquidificador-walita-550-w-branco","og_site_name":"Lucas Eletro","article_publisher":"https:\/\/www.facebook.com\/lucas.eletro.71","article_modified_time":"2025-01-10T18:00:41+00:00","og_image":[{"width":539,"height":879,"url":"https:\/\/lucaseletro.com.br\/wp-content\/uploads\/2024\/07\/61bTk01CtCS._AC_SY879_.jpg","type":"image\/jpeg"}],"twitter_card":"summary_large_image","twitter_misc":{"Pre\u00e7o":"&#82;&#36;189,00","Disponibilidade":"Em Estoque"},"schema":{"@context":"https:\/\/schema.org","@graph":[{"@type":"WebPage","@id":"https:\/\/lucaseletro.com.br\/?product=liquidificador-walita-550-w-branco","url":"https:\/\/lucaseletro.com.br\/?product=liquidificador-walita-550-w-branco","name":"LIQUIDIFICADOR WALITA 550 W BRANCO - Lucas Eletro","isPartOf":{"@id":"https:\/\/lucaseletro.com.br\/#website"},"primaryImageOfPage":{"@id":"https:\/\/lucaseletro.com.br\/?product=liquidificador-walita-550-w-branco#primaryimage"},"image":{"@id":"https:\/\/lucaseletro.com.br\/?product=liquidificador-walita-550-w-branco#primaryimage"},"thumbnailUrl":"https:\/\/lucaseletro.com.br\/wp-content\/uploads\/2024\/07\/61bTk01CtCS._AC_SY879_.jpg","datePublished":"2024-07-30T19:56:27+00:00","dateModified":"2025-01-10T18:00:41+00:00","description":"O Liquidificador Philips Walita Daily foi desenvolvido para ser maior, melhor e mais resistente. Produto pr\u00e1tico e f\u00e1cil para qualquer receita. Possui 550 watts oferecendo alto desempenho com economia de energia. Acompanha copo de pl\u00e1stico super-resistente em tamanho fam\u00edlia com 2L, l\u00e2mina em formato de estrela tecnologia ProBlend 4, bico extragrande para um f\u00e1cil escoamento, 2 velocidades + fun\u00e7\u00e3o pulsar: perfeito para ingredientes duros ou moles, feito com materiais livres de BPA, possui p\u00e9s de borracha antideslizantes. Fun\u00e7\u00e3o de gelo + limpeza autom\u00e1tica em um bot\u00e3o e fun\u00e7\u00e3o maionese. 2 anos de garantia mundial. Seguro para lava-lou\u00e7as, exceto a unidade principal e o conjunto de l\u00e2minas. Dispon\u00edvel nas voltagens 110V e 220V.","breadcrumb":{"@id":"https:\/\/lucaseletro.com.br\/?product=liquidificador-walita-550-w-branco#breadcrumb"},"inLanguage":"pt-BR","potentialAction":[{"@type":"ReadAction","target":["https:\/\/lucaseletro.com.br\/?product=liquidificador-walita-550-w-branco"]}]},{"@type":"ImageObject","inLanguage":"pt-BR","@id":"https:\/\/lucaseletro.com.br\/?product=liquidificador-walita-550-w-branco#primaryimage","url":"https:\/\/lucaseletro.com.br\/wp-content\/uploads\/2024\/07\/61bTk01CtCS._AC_SY879_.jpg","contentUrl":"https:\/\/lucaseletro.com.br\/wp-content\/uploads\/2024\/07\/61bTk01CtCS._AC_SY879_.jpg","width":539,"height":879},{"@type":"BreadcrumbList","@id":"https:\/\/lucaseletro.com.br\/?product=liquidificador-walita-550-w-branco#breadcrumb","itemListElement":[{"@type":"ListItem","position":1,"name":"In\u00edcio","item":"https:\/\/lucaseletro.com.br\/"},{"@type":"ListItem","position":2,"name":"Loja","item":"https:\/\/lucaseletro.com.br\/?page_id=11"},{"@type":"ListItem","position":3,"name":"LIQUIDIFICADOR WALITA 550 W BRANCO"}]},{"@type":"WebSite","@id":"https:\/\/lucaseletro.com.br\/#website","url":"https:\/\/lucaseletro.com.br\/","name":"Lucas Eletro","description":"Realizando seus sonhos","publisher":{"@id":"https:\/\/lucaseletro.com.br\/#organization"},"alternateName":"Lucas Eletro","potentialAction":[{"@type":"SearchAction","target":{"@type":"EntryPoint","urlTemplate":"https:\/\/lucaseletro.com.br\/?s={search_term_string}"},"query-input":{"@type":"PropertyValueSpecification","valueRequired":true,"valueName":"search_term_string"}}],"inLanguage":"pt-BR"},{"@type":"Organization","@id":"https:\/\/lucaseletro.com.br\/#organization","name":"Lucas Eletro","alternateName":"Lucas Eletro","url":"https:\/\/lucaseletro.com.br\/","logo":{"@type":"ImageObject","inLanguage":"pt-BR","@id":"https:\/\/lucaseletro.com.br\/#\/schema\/logo\/image\/","url":"https:\/\/lucaseletro.com.br\/wp-content\/uploads\/2024\/08\/Logo-WebP.webp","contentUrl":"https:\/\/lucaseletro.com.br\/wp-content\/uploads\/2024\/08\/Logo-WebP.webp","width":1366,"height":457,"caption":"Lucas Eletro"},"image":{"@id":"https:\/\/lucaseletro.com.br\/#\/schema\/logo\/image\/"},"sameAs":["https:\/\/www.facebook.com\/lucas.eletro.71"]}]},"product_price_amount":"189.00","product_price_currency":"BRL","og_availability":"instock","product_availability":"instock","product_condition":"new"},"_links":{"self":[{"href":"https:\/\/lucaseletro.com.br\/index.php?rest_route=\/wp\/v2\/product\/2761","targetHints":{"allow":["GET"]}}],"collection":[{"href":"https:\/\/lucaseletro.com.br\/index.php?rest_route=\/wp\/v2\/product"}],"about":[{"href":"https:\/\/lucaseletro.com.br\/index.php?rest_route=\/wp\/v2\/types\/product"}],"replies":[{"embeddable":true,"href":"https:\/\/lucaseletro.com.br\/index.php?rest_route=%2Fwp%2Fv2%2Fcomments&post=2761"}],"wp:featuredmedia":[{"embeddable":true,"href":"https:\/\/lucaseletro.com.br\/index.php?rest_route=\/wp\/v2\/media\/3816"}],"wp:attachment":[{"href":"https:\/\/lucaseletro.com.br\/index.php?rest_route=%2Fwp%2Fv2%2Fmedia&parent=2761"}],"wp:term":[{"taxonomy":"product_brand","embeddable":true,"href":"https:\/\/lucaseletro.com.br\/index.php?rest_route=%2Fwp%2Fv2%2Fproduct_brand&post=2761"},{"taxonomy":"product_cat","embeddable":true,"href":"https:\/\/lucaseletro.com.br\/index.php?rest_route=%2Fwp%2Fv2%2Fproduct_cat&post=2761"},{"taxonomy":"product_tag","embeddable":true,"href":"https:\/\/lucaseletro.com.br\/index.php?rest_route=%2Fwp%2Fv2%2Fproduct_tag&post=2761"}],"curies":[{"name":"wp","href":"https:\/\/api.w.org\/{rel}","templated":true}]}}