{"id":2805,"date":"2024-07-30T16:56:40","date_gmt":"2024-07-30T19:56:40","guid":{"rendered":"https:\/\/lucaseletro.com.br\/product\/ip2-80-armario-02-porta\/"},"modified":"2025-08-04T14:23:39","modified_gmt":"2025-08-04T17:23:39","slug":"ip2-80-armario-02-porta","status":"publish","type":"product","link":"https:\/\/lucaseletro.com.br\/?product=ip2-80-armario-02-porta","title":{"rendered":"IP2-80 ARMARIO 02 PORTA"},"content":{"rendered":"<h2 class=\"ui-pdp-description__title\" data-testid=\"title\">Descri\u00e7\u00e3o<\/h2>\n<p class=\"ui-pdp-description__content\" data-testid=\"content\">Armario de Cozinha Aereo Itatiaia Tarsila 2 Portas Branco IP2-80<\/p>\n<p>Fabricado em a\u00e7o de alta qualidade, testado e verificado em laborat\u00f3rio pr\u00f3prio da Itatiaia, e que recebe em seguida tratamento qu\u00edmico espec\u00edfico para garantir durabilidade e prote\u00e7\u00e3o contra ferrugem.<br \/>\nA pintura eletrost\u00e1tica a p\u00f3 deste arm\u00e1rio \u00e9 feita com tinta at\u00f3xica, ecologicamente correta e, portanto, de aplica\u00e7\u00e3o segura e sem riscos aos operadores.<br \/>\nPossui puxadores em alum\u00ednio, de acabamento resistente, leve, dur\u00e1vel, bonito, com alta resist\u00eancia \u00e0 corros\u00e3o e a varia\u00e7\u00f5es bruscas de temperatura.<\/p>\n<p>ATEN\u00c7\u00c3O:<\/p>\n<p>&#8211; N\u00e3o nos responsabilizamos pela montagem \/ instala\u00e7\u00e3o dos produtos.<br \/>\n&#8211; Imagens meramente ilustrativas.<br \/>\n&#8211; Verifique com os fabricantes dos produtos eventuais limita\u00e7\u00f5es \u00e0 utiliza\u00e7\u00e3o de todos os recursos e funcionalidades.<\/p>\n<p>INFORMA\u00c7\u00d5ES T\u00c9CNICAS:<\/p>\n<p>Marca: Itatiaia<br \/>\nLinha: Tarsila<br \/>\nModelo: IP2-80 TARSILA BRA<br \/>\nCor: Branco Neve<br \/>\nMaterial: corpo e portas em a\u00e7o<br \/>\nPintura\/Revestimento: pintura eletrost\u00e1tica a p\u00f3<br \/>\nAcabamento: Semibrilho<br \/>\nQuantidade de portas: 2<br \/>\nQuantidade de prateleiras: 2<br \/>\nCorredi\u00e7as: n\u00e3o acompanha<br \/>\nDobradi\u00e7as: met\u00e1licas 26mm<br \/>\nPuxadores: alum\u00ednio<br \/>\nNecessita de montagem: sim<br \/>\nSistema de montagem: parafusos<br \/>\nInstru\u00e7\u00f5es\/Cuidados: limpeza com pano umedecido<\/p>\n<p>Peso com embalagem: 10,6 kg<br \/>\nDimens\u00f5es do produto montado: 30,0 (P) x 80,0 (L) x 55,2 (A) cm<br \/>\nDimens\u00f5es do produto embalado: 84,0 (P) x 59,0 (L) x 8,0 (A) cm<\/p>\n","protected":false},"excerpt":{"rendered":"<h2 class=\"ui-pdp-description__title\" data-testid=\"title\">Descri\u00e7\u00e3o<\/h2>\n<p class=\"ui-pdp-description__content\" data-testid=\"content\">Armario de Cozinha Aereo Itatiaia Tarsila 2 Portas Branco IP2-80<\/p>\n<p>Fabricado em a\u00e7o de alta qualidade, testado e verificado em laborat\u00f3rio pr\u00f3prio da Itatiaia, e que recebe em seguida tratamento qu\u00edmico espec\u00edfico para garantir durabilidade e prote\u00e7\u00e3o contra ferrugem.<br \/>\nA pintura eletrost\u00e1tica a p\u00f3 deste arm\u00e1rio \u00e9 feita com tinta at\u00f3xica, ecologicamente correta e, portanto, de aplica\u00e7\u00e3o segura e sem riscos aos operadores.<br \/>\nPossui puxadores em alum\u00ednio, de acabamento resistente, leve, dur\u00e1vel, bonito, com alta resist\u00eancia \u00e0 corros\u00e3o e a varia\u00e7\u00f5es bruscas de temperatura.<\/p>\n<p>ATEN\u00c7\u00c3O:<\/p>\n<p>&#8211; N\u00e3o nos responsabilizamos pela montagem \/ instala\u00e7\u00e3o dos produtos.<br \/>\n&#8211; Imagens meramente ilustrativas.<br \/>\n&#8211; Verifique com os fabricantes dos produtos eventuais limita\u00e7\u00f5es \u00e0 utiliza\u00e7\u00e3o de todos os recursos e funcionalidades.<\/p>\n<p>INFORMA\u00c7\u00d5ES T\u00c9CNICAS:<\/p>\n<p>Marca: Itatiaia<br \/>\nLinha: Tarsila<br \/>\nModelo: IP2-80 TARSILA BRA<br \/>\nCor: Branco Neve<br \/>\nMaterial: corpo e portas em a\u00e7o<br \/>\nPintura\/Revestimento: pintura eletrost\u00e1tica a p\u00f3<br \/>\nAcabamento: Semibrilho<br \/>\nQuantidade de portas: 2<br \/>\nQuantidade de prateleiras: 2<br \/>\nCorredi\u00e7as: n\u00e3o acompanha<br \/>\nDobradi\u00e7as: met\u00e1licas 26mm<br \/>\nPuxadores: alum\u00ednio<br \/>\nNecessita de montagem: sim<br \/>\nSistema de montagem: parafusos<br \/>\nInstru\u00e7\u00f5es\/Cuidados: limpeza com pano umedecido<\/p>\n<p>Peso com embalagem: 10,6 kg<br \/>\nDimens\u00f5es do produto montado: 30,0 (P) x 80,0 (L) x 55,2 (A) cm<br \/>\nDimens\u00f5es do produto embalado: 84,0 (P) x 59,0 (L) x 8,0 (A) cm<\/p>\n<p>Garantia: 12 meses<\/p>\n","protected":false},"featured_media":4039,"comment_status":"open","ping_status":"closed","template":"","meta":[],"product_brand":[],"product_cat":[32,83],"product_tag":[],"class_list":{"0":"post-2805","1":"product","2":"type-product","3":"status-publish","4":"has-post-thumbnail","6":"product_cat-cozinha","7":"product_cat-decoracao","9":"first","10":"instock","11":"shipping-taxable","12":"purchasable","13":"product-type-simple"},"yoast_head":"<!-- This site is optimized with the Yoast SEO Premium plugin v23.3 (Yoast SEO v27.4) - https:\/\/yoast.com\/product\/yoast-seo-premium-wordpress\/ -->\n<title>IP2-80 ARMARIO 02 PORTA - Lucas Eletro<\/title>\n<meta name=\"description\" content=\"IP2-80 TARSILA BRA\" \/>\n<meta name=\"robots\" content=\"index, follow, max-snippet:-1, max-image-preview:large, max-video-preview:-1\" \/>\n<link rel=\"canonical\" href=\"https:\/\/lucaseletro.com.br\/?product=ip2-80-armario-02-porta\" \/>\n<meta property=\"og:locale\" content=\"pt_BR\" \/>\n<meta property=\"og:type\" content=\"article\" \/>\n<meta property=\"og:title\" content=\"IP2-80 ARMARIO 02 PORTA - &#082;&#036;299,00 - Lucas Eletro\" \/>\n<meta property=\"og:description\" content=\"Descri\u00e7\u00e3o Armario de Cozinha Aereo Itatiaia Tarsila 2 Portas Branco IP2-80  Fabricado em a\u00e7o de alta qualidade, testado e verificado em laborat\u00f3rio pr\u00f3prio da Itatiaia, e que recebe em seguida tratamento qu\u00edmico espec\u00edfico para garantir durabilidade e prote\u00e7\u00e3o contra ferrugem. A pintura eletrost\u00e1tica a p\u00f3 deste arm\u00e1rio \u00e9 feita com tinta at\u00f3xica, ecologicamente correta e, portanto, de aplica\u00e7\u00e3o segura e sem riscos aos operadores. Possui puxadores em alum\u00ednio, de acabamento resistente, leve, dur\u00e1vel, bonito, com alta resist\u00eancia \u00e0 corros\u00e3o e a varia\u00e7\u00f5es bruscas de temperatura.  ATEN\u00c7\u00c3O:  - N\u00e3o nos responsabilizamos pela montagem \/ instala\u00e7\u00e3o dos produtos. - Imagens meramente ilustrativas. - Verifique com os fabricantes dos produtos eventuais limita\u00e7\u00f5es \u00e0 utiliza\u00e7\u00e3o de todos os recursos e funcionalidades.  INFORMA\u00c7\u00d5ES T\u00c9CNICAS:  Marca: Itatiaia Linha: Tarsila Modelo: IP2-80 TARSILA BRA Cor: Branco Neve Material: corpo e portas em a\u00e7o Pintura\/Revestimento: pintura eletrost\u00e1tica a p\u00f3 Acabamento: Semibrilho Quantidade de portas: 2 Quantidade de prateleiras: 2 Corredi\u00e7as: n\u00e3o acompanha Dobradi\u00e7as: met\u00e1licas 26mm Puxadores: alum\u00ednio Necessita de montagem: sim Sistema de montagem: parafusos Instru\u00e7\u00f5es\/Cuidados: limpeza com pano umedecido  Peso com embalagem: 10,6 kg Dimens\u00f5es do produto montado: 30,0 (P) x 80,0 (L) x 55,2 (A) cm Dimens\u00f5es do produto embalado: 84,0 (P) x 59,0 (L) x 8,0 (A) cm  Garantia: 12 meses\" \/>\n<meta property=\"og:url\" content=\"https:\/\/lucaseletro.com.br\/?product=ip2-80-armario-02-porta\" \/>\n<meta property=\"og:site_name\" content=\"Lucas Eletro\" \/>\n<meta property=\"article:publisher\" content=\"https:\/\/www.facebook.com\/lucas.eletro.71\" \/>\n<meta property=\"article:modified_time\" content=\"2025-08-04T17:23:39+00:00\" \/>\n<meta property=\"og:image\" content=\"https:\/\/lucaseletro.com.br\/wp-content\/uploads\/2024\/07\/D_NQ_NP_2X_929123-MLB42997815845_082020-F-armario-de-cozinha-aereo-itatiaia-tarsila-2-portas-ip2-80.webp\" \/>\n\t<meta property=\"og:image:width\" content=\"950\" \/>\n\t<meta property=\"og:image:height\" content=\"887\" \/>\n\t<meta property=\"og:image:type\" content=\"image\/webp\" \/>\n<meta name=\"twitter:card\" content=\"summary_large_image\" \/>\n<meta name=\"twitter:label1\" content=\"Pre\u00e7o\" \/>\n\t<meta name=\"twitter:data1\" content=\"&#082;&#036;299,00\" \/>\n\t<meta name=\"twitter:label2\" content=\"Disponibilidade\" \/>\n\t<meta name=\"twitter:data2\" content=\"Em Estoque\" \/>\n<script type=\"application\/ld+json\" class=\"yoast-schema-graph\">{\"@context\":\"https:\\\/\\\/schema.org\",\"@graph\":[{\"@type\":\"WebPage\",\"@id\":\"https:\\\/\\\/lucaseletro.com.br\\\/?product=ip2-80-armario-02-porta\",\"url\":\"https:\\\/\\\/lucaseletro.com.br\\\/?product=ip2-80-armario-02-porta\",\"name\":\"IP2-80 ARMARIO 02 PORTA - Lucas Eletro\",\"isPartOf\":{\"@id\":\"https:\\\/\\\/lucaseletro.com.br\\\/#website\"},\"primaryImageOfPage\":{\"@id\":\"https:\\\/\\\/lucaseletro.com.br\\\/?product=ip2-80-armario-02-porta#primaryimage\"},\"image\":{\"@id\":\"https:\\\/\\\/lucaseletro.com.br\\\/?product=ip2-80-armario-02-porta#primaryimage\"},\"thumbnailUrl\":\"https:\\\/\\\/lucaseletro.com.br\\\/wp-content\\\/uploads\\\/2024\\\/07\\\/D_NQ_NP_2X_929123-MLB42997815845_082020-F-armario-de-cozinha-aereo-itatiaia-tarsila-2-portas-ip2-80.webp\",\"datePublished\":\"2024-07-30T19:56:40+00:00\",\"dateModified\":\"2025-08-04T17:23:39+00:00\",\"description\":\"IP2-80 TARSILA BRA\",\"breadcrumb\":{\"@id\":\"https:\\\/\\\/lucaseletro.com.br\\\/?product=ip2-80-armario-02-porta#breadcrumb\"},\"inLanguage\":\"pt-BR\",\"potentialAction\":[{\"@type\":\"ReadAction\",\"target\":[\"https:\\\/\\\/lucaseletro.com.br\\\/?product=ip2-80-armario-02-porta\"]}]},{\"@type\":\"ImageObject\",\"inLanguage\":\"pt-BR\",\"@id\":\"https:\\\/\\\/lucaseletro.com.br\\\/?product=ip2-80-armario-02-porta#primaryimage\",\"url\":\"https:\\\/\\\/lucaseletro.com.br\\\/wp-content\\\/uploads\\\/2024\\\/07\\\/D_NQ_NP_2X_929123-MLB42997815845_082020-F-armario-de-cozinha-aereo-itatiaia-tarsila-2-portas-ip2-80.webp\",\"contentUrl\":\"https:\\\/\\\/lucaseletro.com.br\\\/wp-content\\\/uploads\\\/2024\\\/07\\\/D_NQ_NP_2X_929123-MLB42997815845_082020-F-armario-de-cozinha-aereo-itatiaia-tarsila-2-portas-ip2-80.webp\",\"width\":950,\"height\":887},{\"@type\":\"BreadcrumbList\",\"@id\":\"https:\\\/\\\/lucaseletro.com.br\\\/?product=ip2-80-armario-02-porta#breadcrumb\",\"itemListElement\":[{\"@type\":\"ListItem\",\"position\":1,\"name\":\"In\u00edcio\",\"item\":\"https:\\\/\\\/lucaseletro.com.br\\\/\"},{\"@type\":\"ListItem\",\"position\":2,\"name\":\"Loja\",\"item\":\"https:\\\/\\\/lucaseletro.com.br\\\/?page_id=11\"},{\"@type\":\"ListItem\",\"position\":3,\"name\":\"IP2-80 ARMARIO 02 PORTA\"}]},{\"@type\":\"WebSite\",\"@id\":\"https:\\\/\\\/lucaseletro.com.br\\\/#website\",\"url\":\"https:\\\/\\\/lucaseletro.com.br\\\/\",\"name\":\"Lucas Eletro\",\"description\":\"Realizando seus sonhos\",\"publisher\":{\"@id\":\"https:\\\/\\\/lucaseletro.com.br\\\/#organization\"},\"alternateName\":\"Lucas Eletro\",\"potentialAction\":[{\"@type\":\"SearchAction\",\"target\":{\"@type\":\"EntryPoint\",\"urlTemplate\":\"https:\\\/\\\/lucaseletro.com.br\\\/?s={search_term_string}\"},\"query-input\":{\"@type\":\"PropertyValueSpecification\",\"valueRequired\":true,\"valueName\":\"search_term_string\"}}],\"inLanguage\":\"pt-BR\"},{\"@type\":\"Organization\",\"@id\":\"https:\\\/\\\/lucaseletro.com.br\\\/#organization\",\"name\":\"Lucas Eletro\",\"alternateName\":\"Lucas Eletro\",\"url\":\"https:\\\/\\\/lucaseletro.com.br\\\/\",\"logo\":{\"@type\":\"ImageObject\",\"inLanguage\":\"pt-BR\",\"@id\":\"https:\\\/\\\/lucaseletro.com.br\\\/#\\\/schema\\\/logo\\\/image\\\/\",\"url\":\"https:\\\/\\\/lucaseletro.com.br\\\/wp-content\\\/uploads\\\/2024\\\/08\\\/Logo-WebP.webp\",\"contentUrl\":\"https:\\\/\\\/lucaseletro.com.br\\\/wp-content\\\/uploads\\\/2024\\\/08\\\/Logo-WebP.webp\",\"width\":1366,\"height\":457,\"caption\":\"Lucas Eletro\"},\"image\":{\"@id\":\"https:\\\/\\\/lucaseletro.com.br\\\/#\\\/schema\\\/logo\\\/image\\\/\"},\"sameAs\":[\"https:\\\/\\\/www.facebook.com\\\/lucas.eletro.71\"]}]}<\/script>\n<meta property=\"product:price:amount\" content=\"299.00\" \/>\n<meta property=\"product:price:currency\" content=\"BRL\" \/>\n<meta property=\"og:availability\" content=\"instock\" \/>\n<meta property=\"product:availability\" content=\"instock\" \/>\n<meta property=\"product:condition\" content=\"new\" \/>\n<!-- \/ Yoast SEO Premium plugin. -->","yoast_head_json":{"title":"IP2-80 ARMARIO 02 PORTA - Lucas Eletro","description":"IP2-80 TARSILA BRA","robots":{"index":"index","follow":"follow","max-snippet":"max-snippet:-1","max-image-preview":"max-image-preview:large","max-video-preview":"max-video-preview:-1"},"canonical":"https:\/\/lucaseletro.com.br\/?product=ip2-80-armario-02-porta","og_locale":"pt_BR","og_type":"article","og_title":"IP2-80 ARMARIO 02 PORTA - &#82;&#36;299,00 - Lucas Eletro","og_description":"Descri\u00e7\u00e3o Armario de Cozinha Aereo Itatiaia Tarsila 2 Portas Branco IP2-80  Fabricado em a\u00e7o de alta qualidade, testado e verificado em laborat\u00f3rio pr\u00f3prio da Itatiaia, e que recebe em seguida tratamento qu\u00edmico espec\u00edfico para garantir durabilidade e prote\u00e7\u00e3o contra ferrugem. A pintura eletrost\u00e1tica a p\u00f3 deste arm\u00e1rio \u00e9 feita com tinta at\u00f3xica, ecologicamente correta e, portanto, de aplica\u00e7\u00e3o segura e sem riscos aos operadores. Possui puxadores em alum\u00ednio, de acabamento resistente, leve, dur\u00e1vel, bonito, com alta resist\u00eancia \u00e0 corros\u00e3o e a varia\u00e7\u00f5es bruscas de temperatura.  ATEN\u00c7\u00c3O:  - N\u00e3o nos responsabilizamos pela montagem \/ instala\u00e7\u00e3o dos produtos. - Imagens meramente ilustrativas. - Verifique com os fabricantes dos produtos eventuais limita\u00e7\u00f5es \u00e0 utiliza\u00e7\u00e3o de todos os recursos e funcionalidades.  INFORMA\u00c7\u00d5ES T\u00c9CNICAS:  Marca: Itatiaia Linha: Tarsila Modelo: IP2-80 TARSILA BRA Cor: Branco Neve Material: corpo e portas em a\u00e7o Pintura\/Revestimento: pintura eletrost\u00e1tica a p\u00f3 Acabamento: Semibrilho Quantidade de portas: 2 Quantidade de prateleiras: 2 Corredi\u00e7as: n\u00e3o acompanha Dobradi\u00e7as: met\u00e1licas 26mm Puxadores: alum\u00ednio Necessita de montagem: sim Sistema de montagem: parafusos Instru\u00e7\u00f5es\/Cuidados: limpeza com pano umedecido  Peso com embalagem: 10,6 kg Dimens\u00f5es do produto montado: 30,0 (P) x 80,0 (L) x 55,2 (A) cm Dimens\u00f5es do produto embalado: 84,0 (P) x 59,0 (L) x 8,0 (A) cm  Garantia: 12 meses","og_url":"https:\/\/lucaseletro.com.br\/?product=ip2-80-armario-02-porta","og_site_name":"Lucas Eletro","article_publisher":"https:\/\/www.facebook.com\/lucas.eletro.71","article_modified_time":"2025-08-04T17:23:39+00:00","og_image":[{"width":950,"height":887,"url":"https:\/\/lucaseletro.com.br\/wp-content\/uploads\/2024\/07\/D_NQ_NP_2X_929123-MLB42997815845_082020-F-armario-de-cozinha-aereo-itatiaia-tarsila-2-portas-ip2-80.webp","type":"image\/webp"}],"twitter_card":"summary_large_image","twitter_misc":{"Pre\u00e7o":"&#82;&#36;299,00","Disponibilidade":"Em Estoque"},"schema":{"@context":"https:\/\/schema.org","@graph":[{"@type":"WebPage","@id":"https:\/\/lucaseletro.com.br\/?product=ip2-80-armario-02-porta","url":"https:\/\/lucaseletro.com.br\/?product=ip2-80-armario-02-porta","name":"IP2-80 ARMARIO 02 PORTA - Lucas Eletro","isPartOf":{"@id":"https:\/\/lucaseletro.com.br\/#website"},"primaryImageOfPage":{"@id":"https:\/\/lucaseletro.com.br\/?product=ip2-80-armario-02-porta#primaryimage"},"image":{"@id":"https:\/\/lucaseletro.com.br\/?product=ip2-80-armario-02-porta#primaryimage"},"thumbnailUrl":"https:\/\/lucaseletro.com.br\/wp-content\/uploads\/2024\/07\/D_NQ_NP_2X_929123-MLB42997815845_082020-F-armario-de-cozinha-aereo-itatiaia-tarsila-2-portas-ip2-80.webp","datePublished":"2024-07-30T19:56:40+00:00","dateModified":"2025-08-04T17:23:39+00:00","description":"IP2-80 TARSILA BRA","breadcrumb":{"@id":"https:\/\/lucaseletro.com.br\/?product=ip2-80-armario-02-porta#breadcrumb"},"inLanguage":"pt-BR","potentialAction":[{"@type":"ReadAction","target":["https:\/\/lucaseletro.com.br\/?product=ip2-80-armario-02-porta"]}]},{"@type":"ImageObject","inLanguage":"pt-BR","@id":"https:\/\/lucaseletro.com.br\/?product=ip2-80-armario-02-porta#primaryimage","url":"https:\/\/lucaseletro.com.br\/wp-content\/uploads\/2024\/07\/D_NQ_NP_2X_929123-MLB42997815845_082020-F-armario-de-cozinha-aereo-itatiaia-tarsila-2-portas-ip2-80.webp","contentUrl":"https:\/\/lucaseletro.com.br\/wp-content\/uploads\/2024\/07\/D_NQ_NP_2X_929123-MLB42997815845_082020-F-armario-de-cozinha-aereo-itatiaia-tarsila-2-portas-ip2-80.webp","width":950,"height":887},{"@type":"BreadcrumbList","@id":"https:\/\/lucaseletro.com.br\/?product=ip2-80-armario-02-porta#breadcrumb","itemListElement":[{"@type":"ListItem","position":1,"name":"In\u00edcio","item":"https:\/\/lucaseletro.com.br\/"},{"@type":"ListItem","position":2,"name":"Loja","item":"https:\/\/lucaseletro.com.br\/?page_id=11"},{"@type":"ListItem","position":3,"name":"IP2-80 ARMARIO 02 PORTA"}]},{"@type":"WebSite","@id":"https:\/\/lucaseletro.com.br\/#website","url":"https:\/\/lucaseletro.com.br\/","name":"Lucas Eletro","description":"Realizando seus sonhos","publisher":{"@id":"https:\/\/lucaseletro.com.br\/#organization"},"alternateName":"Lucas Eletro","potentialAction":[{"@type":"SearchAction","target":{"@type":"EntryPoint","urlTemplate":"https:\/\/lucaseletro.com.br\/?s={search_term_string}"},"query-input":{"@type":"PropertyValueSpecification","valueRequired":true,"valueName":"search_term_string"}}],"inLanguage":"pt-BR"},{"@type":"Organization","@id":"https:\/\/lucaseletro.com.br\/#organization","name":"Lucas Eletro","alternateName":"Lucas Eletro","url":"https:\/\/lucaseletro.com.br\/","logo":{"@type":"ImageObject","inLanguage":"pt-BR","@id":"https:\/\/lucaseletro.com.br\/#\/schema\/logo\/image\/","url":"https:\/\/lucaseletro.com.br\/wp-content\/uploads\/2024\/08\/Logo-WebP.webp","contentUrl":"https:\/\/lucaseletro.com.br\/wp-content\/uploads\/2024\/08\/Logo-WebP.webp","width":1366,"height":457,"caption":"Lucas Eletro"},"image":{"@id":"https:\/\/lucaseletro.com.br\/#\/schema\/logo\/image\/"},"sameAs":["https:\/\/www.facebook.com\/lucas.eletro.71"]}]},"product_price_amount":"299.00","product_price_currency":"BRL","og_availability":"instock","product_availability":"instock","product_condition":"new"},"_links":{"self":[{"href":"https:\/\/lucaseletro.com.br\/index.php?rest_route=\/wp\/v2\/product\/2805","targetHints":{"allow":["GET"]}}],"collection":[{"href":"https:\/\/lucaseletro.com.br\/index.php?rest_route=\/wp\/v2\/product"}],"about":[{"href":"https:\/\/lucaseletro.com.br\/index.php?rest_route=\/wp\/v2\/types\/product"}],"replies":[{"embeddable":true,"href":"https:\/\/lucaseletro.com.br\/index.php?rest_route=%2Fwp%2Fv2%2Fcomments&post=2805"}],"wp:featuredmedia":[{"embeddable":true,"href":"https:\/\/lucaseletro.com.br\/index.php?rest_route=\/wp\/v2\/media\/4039"}],"wp:attachment":[{"href":"https:\/\/lucaseletro.com.br\/index.php?rest_route=%2Fwp%2Fv2%2Fmedia&parent=2805"}],"wp:term":[{"taxonomy":"product_brand","embeddable":true,"href":"https:\/\/lucaseletro.com.br\/index.php?rest_route=%2Fwp%2Fv2%2Fproduct_brand&post=2805"},{"taxonomy":"product_cat","embeddable":true,"href":"https:\/\/lucaseletro.com.br\/index.php?rest_route=%2Fwp%2Fv2%2Fproduct_cat&post=2805"},{"taxonomy":"product_tag","embeddable":true,"href":"https:\/\/lucaseletro.com.br\/index.php?rest_route=%2Fwp%2Fv2%2Fproduct_tag&post=2805"}],"curies":[{"name":"wp","href":"https:\/\/api.w.org\/{rel}","templated":true}]}}