{"id":2841,"date":"2024-07-30T16:56:50","date_gmt":"2024-07-30T19:56:50","guid":{"rendered":"https:\/\/lucaseletro.com.br\/product\/fogao-realce-hera-plus-c-5-bocas-branco-c-ac\/"},"modified":"2025-09-12T13:50:10","modified_gmt":"2025-09-12T16:50:10","slug":"fogao-realce-hera-plus-c-5-bocas-branco-c-ac","status":"publish","type":"product","link":"https:\/\/lucaseletro.com.br\/?product=fogao-realce-hera-plus-c-5-bocas-branco-c-ac","title":{"rendered":"FOGAO ITATIAIA ITAMASTER 5Q VIDRO SEM REFLECTA PRETO"},"content":{"rendered":"<div class=\"sc-iGgWBj hZQAA-D sc-jwunkD dBWfQF\" data-testid=\"product-detail\">\n<h2 class=\"sc-dcJsrY iVJGKX\" data-testid=\"product-detail-label\">Informa\u00e7\u00f5es do Produto<\/h2>\n<p><span class=\"sc-dcJsrY jZKEso\" data-testid=\"product-detail-title\">Fog\u00e3o Itatiaia 5 Bocas Digital Itamaster Preto &#8211; Bivolt<\/span><\/p>\n<div class=\"sc-iGgWBj jEOEJZ sc-cQYSec iIiVcO\" data-testid=\"product-detail-description\">\n<div class=\"sc-iGgWBj eWtIHQ sc-ddrdZi kFYyJS\" data-testid=\"rich-content-container\">\n<p>Fog\u00e3o Itatiaia 5 Bocas Digital Itamaster Preto &#8211; Bivolt<\/p>\n<p>O Fog\u00e3o 5 Bocas Digital Preto da linha Itamaster possui design moderno e tecnol\u00f3gico , proporcionando seguran\u00e7a, praticidade e rapidez no preparo de receitas no seu dia a dia. Ele conta com:<\/p>\n<p>5 queimadores , deixando o momento de cozinhar ainda mais pr\u00e1tico.<br \/>\n&#8211; Uma bel\u00edssima mesa de vidro temperado.<br \/>\n&#8211; Acendimento autom\u00e1tico digital.<br \/>\n&#8211; Painel touchscreen.<br \/>\n&#8211; Timer com contagem regressiva.<br \/>\n&#8211; Trempes de ferro fundido.<br \/>\n&#8211; Bot\u00f5es e man\u00edpulos remov\u00edveis<br \/>\n&#8211; Painel Touchscreen<\/p>\n<p>FICHA T\u00c9CNICA<br \/>\nMarca: Itatiaia<br \/>\nCor: Preto<br \/>\nModelo: Itamaster<br \/>\nVoltagem: Bivolt<br \/>\nClassifica\u00e7\u00e3o energ\u00e9tica: A<br \/>\nQuantidade de Bocas: 5B<br \/>\nMaterial da mesa: Vidro<br \/>\nTipo de Acendimento: Digital<br \/>\nTipo de fog\u00e3o: Piso<br \/>\nPrateleiras: 1 Fixa\/1 deslizante<br \/>\nMaterial da Trempe: Ferro fundido<br \/>\nLuz do Forno: Sim<br \/>\nL\u00e2mpada do forno incluso: Sim<br \/>\nTemperatura forno: 180 a 270<br \/>\nMaterial do Puxador: Alum\u00ednio<br \/>\nPot\u00eancia dos queimadores: 1Q extra pequeno 1,0 kW; 1Q pequeno 1,7 kW; 1Q grande 2,75 kW; 1Q m\u00e9dio 1,85 kW; 1Q tripla chama 3,3 kW<\/p>\n<p>DIMENS\u00d5ES E PESO<br \/>\nDimens\u00f5es do produto (AxLxP cm): 98,10&#215;76,8&#215;61,7<br \/>\nDimens\u00f5es da embalagem (AxLxP cm): 89,5,x78x62<br \/>\nPeso bruto:38 Kg<br \/>\nPeso liquido:35,5 Kg<\/p>\n<p>GARANTIA<br \/>\n01 Ano (sendo 3 meses de garantia legal e mais 9 meses de garantia para defeito de fabrica\u00e7\u00e3o).<\/p>\n<\/div>\n<\/div>\n<\/div>\n<div class=\"sc-iGgWBj eWtIHQ\" data-testid=\"lazyload-container\">\n<div class=\"sc-bpUBKd iMekvN\" data-testid=\"mod-o\"><\/div>\n<\/div>\n<div class=\"sc-iGgWBj hODtov sc-dnhcxY bzBSHk\">\n<table class=\"sc-iGgWBj iCEidV sc-bStcSt emFJXX\">\n<tbody>\n<tr>\n<td class=\"sc-iaJaUu jUTMlm\">Cor<\/td>\n<td class=\"sc-feoqov jEebvX\">\n<table class=\"sc-dOoqMo iwSfwR\">\n<tbody>\n<tr>\n<td>Preto<\/td>\n<\/tr>\n<\/tbody>\n<\/table>\n<\/td>\n<\/tr>\n<tr>\n<td class=\"sc-iaJaUu jUTMlm\">Voltagem<\/td>\n<td class=\"sc-feoqov jEebvX\">\n<table class=\"sc-dOoqMo iwSfwR\">\n<tbody>\n<tr>\n<td>Bivolt<\/td>\n<\/tr>\n<\/tbody>\n<\/table>\n<\/td>\n<\/tr>\n<tr>\n<td class=\"sc-iaJaUu jUTMlm\">Informa\u00e7\u00f5es complementares<\/td>\n<td class=\"sc-feoqov jEebvX\">\n<table class=\"sc-dOoqMo iwSfwR\">\n<tbody>\n<tr>\n<td class=\"sc-gVJvzJ gJVWHr\">Alimenta\u00e7\u00e3o do Eletrodom\u00e9stico<\/td>\n<td>Bivolt<\/td>\n<\/tr>\n<tr>\n<td class=\"sc-gVJvzJ gJVWHr\">Bot\u00f5es do Eletrodom\u00e9stico<\/td>\n<td>Remov\u00edveis<\/td>\n<\/tr>\n<tr>\n<td class=\"sc-gVJvzJ gJVWHr\">Cor<\/td>\n<td>Preto<\/td>\n<\/tr>\n<tr>\n<td class=\"sc-gVJvzJ gJVWHr\">Dimens\u00f5es do Produto<\/td>\n<td>98,10&#215;76,8&#215;61,7<\/td>\n<\/tr>\n<tr>\n<td class=\"sc-gVJvzJ gJVWHr\">Dimens\u00f5es do Produto com Embalagem<\/td>\n<td>89,5,x78x62<\/td>\n<\/tr>\n<tr>\n<td class=\"sc-gVJvzJ gJVWHr\">Efici\u00eancia Energ\u00e9tica<\/td>\n<td>A<\/td>\n<\/tr>\n<tr>\n<td class=\"sc-gVJvzJ gJVWHr\">Instala\u00e7\u00e3o<\/td>\n<td>Piso<\/td>\n<\/tr>\n<tr>\n<td class=\"sc-gVJvzJ gJVWHr\">Instala\u00e7\u00e3o do Eletrodom\u00e9stico<\/td>\n<td>Piso<\/td>\n<\/tr>\n<tr>\n<td class=\"sc-gVJvzJ gJVWHr\">Linha<\/td>\n<td>Itamaster<\/td>\n<\/tr>\n<tr>\n<td class=\"sc-gVJvzJ gJVWHr\">Marca<\/td>\n<td><a class=\"sc-JrDLc gkEUmz sc-DWsrX gaOyIa sc-DWsrX gaOyIa\" href=\"https:\/\/www.magazineluiza.com.br\/marcas\/itatiaia\/\" data-testid=\"link\">Itatiaia<\/a><\/td>\n<\/tr>\n<tr>\n<td class=\"sc-gVJvzJ gJVWHr\">Material<\/td>\n<td>Alum\u00ednio<\/td>\n<\/tr>\n<tr>\n<td class=\"sc-gVJvzJ gJVWHr\">Modelo<\/td>\n<td>Itamaster<\/td>\n<\/tr>\n<tr>\n<td class=\"sc-gVJvzJ gJVWHr\">Painel<\/td>\n<td>Touchscreen<\/td>\n<\/tr>\n<tr>\n<td class=\"sc-gVJvzJ gJVWHr\">Peso do Produto<\/td>\n<td>35,5kg<\/td>\n<\/tr>\n<tr>\n<td class=\"sc-gVJvzJ gJVWHr\">Peso do Produto com Embalagem<\/td>\n<td>38kg<\/td>\n<\/tr>\n<tr>\n<td class=\"sc-gVJvzJ gJVWHr\">Prazo de Garantia<\/td>\n<td>01 Ano<\/td>\n<\/tr>\n<tr>\n<td class=\"sc-gVJvzJ gJVWHr\">Quantidade de Bocas<\/td>\n<td>5 unidades<\/td>\n<\/tr>\n<tr>\n<td class=\"sc-gVJvzJ gJVWHr\">Temperatura do Forno<\/td>\n<td>180\u00b0 a 270\u00b0<\/td>\n<\/tr>\n<tr>\n<td class=\"sc-gVJvzJ gJVWHr\">Tipo de Acendimento<\/td>\n<td>digital<\/td>\n<\/tr>\n<tr>\n<td class=\"sc-gVJvzJ gJVWHr\">Tipo de Mesa do Eletrodom\u00e9stico<\/td>\n<td>vidro<\/td>\n<\/tr>\n<tr>\n<td class=\"sc-gVJvzJ gJVWHr\">Voltagem<\/td>\n<td>Bivolt<\/td>\n<\/tr>\n<\/tbody>\n<\/table>\n<\/td>\n<\/tr>\n<\/tbody>\n<\/table>\n<\/div>\n","protected":false},"excerpt":{"rendered":"<div class=\"sc-iGgWBj hZQAA-D sc-jwunkD dBWfQF\" data-testid=\"product-detail\">\n<h2 class=\"sc-dcJsrY iVJGKX\" data-testid=\"product-detail-label\">Informa\u00e7\u00f5es do Produto<\/h2>\n<p><span class=\"sc-dcJsrY jZKEso\" data-testid=\"product-detail-title\">Fog\u00e3o Itatiaia 5 Bocas Digital Itamaster Preto &#8211; Bivolt<\/span><\/p>\n<div class=\"sc-iGgWBj jEOEJZ sc-cQYSec iIiVcO\" data-testid=\"product-detail-description\">\n<div class=\"sc-iGgWBj eWtIHQ sc-ddrdZi kFYyJS\" data-testid=\"rich-content-container\">\n<p>Fog\u00e3o Itatiaia 5 Bocas Digital Itamaster Preto &#8211; Bivolt<\/p>\n<p>O Fog\u00e3o 5 Bocas Digital Preto da linha Itamaster possui design moderno e tecnol\u00f3gico , proporcionando seguran\u00e7a, praticidade e rapidez no preparo de receitas no seu dia a dia. Ele conta com:<\/p>\n<p>5 queimadores , deixando o momento de cozinhar ainda mais pr\u00e1tico.<br \/>\n&#8211; Uma bel\u00edssima mesa de vidro temperado.<br \/>\n&#8211; Acendimento autom\u00e1tico digital.<br \/>\n&#8211; Painel touchscreen.<br \/>\n&#8211; Timer com contagem regressiva.<br \/>\n&#8211; Trempes de ferro fundido.<br \/>\n&#8211; Bot\u00f5es e man\u00edpulos remov\u00edveis<br \/>\n&#8211; Painel Touchscreen<\/p>\n<p>FICHA T\u00c9CNICA<br \/>\nMarca: Itatiaia<br \/>\nCor: Preto<br \/>\nModelo: Itamaster<br \/>\nVoltagem: Bivolt<br \/>\nClassifica\u00e7\u00e3o energ\u00e9tica: A<br \/>\nQuantidade de Bocas: 5B<br \/>\nMaterial da mesa: Vidro<br \/>\nTipo de Acendimento: Digital<br \/>\nTipo de fog\u00e3o: Piso<br \/>\nPrateleiras: 1 Fixa\/1 deslizante<br \/>\nMaterial da Trempe: Ferro fundido<br \/>\nLuz do Forno: Sim<br \/>\nL\u00e2mpada do forno incluso: Sim<br \/>\nTemperatura forno: 180 a 270<br \/>\nMaterial do Puxador: Alum\u00ednio<br \/>\nPot\u00eancia dos queimadores: 1Q extra pequeno 1,0 kW; 1Q pequeno 1,7 kW; 1Q grande 2,75 kW; 1Q m\u00e9dio 1,85 kW; 1Q tripla chama 3,3 kW<\/p>\n<p>DIMENS\u00d5ES E PESO<br \/>\nDimens\u00f5es do produto (AxLxP cm): 98,10&#215;76,8&#215;61,7<br \/>\nDimens\u00f5es da embalagem (AxLxP cm): 89,5,x78x62<br \/>\nPeso bruto:38 Kg<br \/>\nPeso liquido:35,5 Kg<\/p>\n<p>GARANTIA<br \/>\n01 Ano (sendo 3 meses de garantia legal e mais 9 meses de garantia para defeito de fabrica\u00e7\u00e3o).<\/p>\n<\/div>\n<\/div>\n<\/div>\n<div class=\"sc-iGgWBj eWtIHQ\" data-testid=\"lazyload-container\">\n<div class=\"sc-bpUBKd iMekvN\" data-testid=\"mod-o\"><\/div>\n<\/div>\n<div class=\"sc-iGgWBj hODtov sc-dnhcxY bzBSHk\">\n<table class=\"sc-iGgWBj iCEidV sc-bStcSt emFJXX\">\n<tbody>\n<tr>\n<td class=\"sc-iaJaUu jUTMlm\">Cor<\/td>\n<td class=\"sc-feoqov jEebvX\">\n<table class=\"sc-dOoqMo iwSfwR\">\n<tbody>\n<tr>\n<td>Preto<\/td>\n<\/tr>\n<\/tbody>\n<\/table>\n<\/td>\n<\/tr>\n<tr>\n<td class=\"sc-iaJaUu jUTMlm\">Voltagem<\/td>\n<td class=\"sc-feoqov jEebvX\">\n<table class=\"sc-dOoqMo iwSfwR\">\n<tbody>\n<tr>\n<td>Bivolt<\/td>\n<\/tr>\n<\/tbody>\n<\/table>\n<\/td>\n<\/tr>\n<tr>\n<td class=\"sc-iaJaUu jUTMlm\">Informa\u00e7\u00f5es complementares<\/td>\n<td class=\"sc-feoqov jEebvX\">\n<table class=\"sc-dOoqMo iwSfwR\">\n<tbody>\n<tr>\n<td class=\"sc-gVJvzJ gJVWHr\">Alimenta\u00e7\u00e3o do Eletrodom\u00e9stico<\/td>\n<td>Bivolt<\/td>\n<\/tr>\n<tr>\n<td class=\"sc-gVJvzJ gJVWHr\">Bot\u00f5es do Eletrodom\u00e9stico<\/td>\n<td>Remov\u00edveis<\/td>\n<\/tr>\n<tr>\n<td class=\"sc-gVJvzJ gJVWHr\">Cor<\/td>\n<td>Preto<\/td>\n<\/tr>\n<tr>\n<td class=\"sc-gVJvzJ gJVWHr\">Dimens\u00f5es do Produto<\/td>\n<td>98,10&#215;76,8&#215;61,7<\/td>\n<\/tr>\n<tr>\n<td class=\"sc-gVJvzJ gJVWHr\">Dimens\u00f5es do Produto com Embalagem<\/td>\n<td>89,5,x78x62<\/td>\n<\/tr>\n<tr>\n<td class=\"sc-gVJvzJ gJVWHr\">Efici\u00eancia Energ\u00e9tica<\/td>\n<td>A<\/td>\n<\/tr>\n<tr>\n<td class=\"sc-gVJvzJ gJVWHr\">Instala\u00e7\u00e3o<\/td>\n<td>Piso<\/td>\n<\/tr>\n<tr>\n<td class=\"sc-gVJvzJ gJVWHr\">Instala\u00e7\u00e3o do Eletrodom\u00e9stico<\/td>\n<td>Piso<\/td>\n<\/tr>\n<tr>\n<td class=\"sc-gVJvzJ gJVWHr\">Linha<\/td>\n<td>Itamaster<\/td>\n<\/tr>\n<tr>\n<td class=\"sc-gVJvzJ gJVWHr\">Marca<\/td>\n<td><a class=\"sc-JrDLc gkEUmz sc-DWsrX gaOyIa sc-DWsrX gaOyIa\" href=\"https:\/\/www.magazineluiza.com.br\/marcas\/itatiaia\/\" data-testid=\"link\">Itatiaia<\/a><\/td>\n<\/tr>\n<tr>\n<td class=\"sc-gVJvzJ gJVWHr\">Material<\/td>\n<td>Alum\u00ednio<\/td>\n<\/tr>\n<tr>\n<td class=\"sc-gVJvzJ gJVWHr\">Modelo<\/td>\n<td>Itamaster<\/td>\n<\/tr>\n<tr>\n<td class=\"sc-gVJvzJ gJVWHr\">Painel<\/td>\n<td>Touchscreen<\/td>\n<\/tr>\n<tr>\n<td class=\"sc-gVJvzJ gJVWHr\">Peso do Produto<\/td>\n<td>35,5kg<\/td>\n<\/tr>\n<tr>\n<td class=\"sc-gVJvzJ gJVWHr\">Peso do Produto com Embalagem<\/td>\n<td>38kg<\/td>\n<\/tr>\n<tr>\n<td class=\"sc-gVJvzJ gJVWHr\">Prazo de Garantia<\/td>\n<td>01 Ano<\/td>\n<\/tr>\n<tr>\n<td class=\"sc-gVJvzJ gJVWHr\">Quantidade de Bocas<\/td>\n<td>5 unidades<\/td>\n<\/tr>\n<tr>\n<td class=\"sc-gVJvzJ gJVWHr\">Temperatura do Forno<\/td>\n<td>180\u00b0 a 270\u00b0<\/td>\n<\/tr>\n<tr>\n<td class=\"sc-gVJvzJ gJVWHr\">Tipo de Acendimento<\/td>\n<td>digital<\/td>\n<\/tr>\n<tr>\n<td class=\"sc-gVJvzJ gJVWHr\">Tipo de Mesa do Eletrodom\u00e9stico<\/td>\n<td>vidro<\/td>\n<\/tr>\n<tr>\n<td class=\"sc-gVJvzJ gJVWHr\">Voltagem<\/td>\n<td>Bivolt<\/td>\n<\/tr>\n<\/tbody>\n<\/table>\n<\/td>\n<\/tr>\n<\/tbody>\n<\/table>\n<\/div>\n","protected":false},"featured_media":4490,"comment_status":"open","ping_status":"closed","template":"","meta":[],"product_brand":[],"product_cat":[32,77,86],"product_tag":[],"class_list":{"0":"post-2841","1":"product","2":"type-product","3":"status-publish","4":"has-post-thumbnail","6":"product_cat-cozinha","7":"product_cat-fogao-cozinha","8":"product_cat-fogao-cozinha-metal","10":"first","11":"instock","12":"shipping-taxable","13":"purchasable","14":"product-type-simple"},"yoast_head":"<!-- This site is optimized with the Yoast SEO Premium plugin v23.3 (Yoast SEO v27.4) - https:\/\/yoast.com\/product\/yoast-seo-premium-wordpress\/ -->\n<title>FOGAO ITATIAIA ITAMASTER 5Q VIDRO SEM REFLECTA PRETO - Lucas Eletro<\/title>\n<meta name=\"description\" content=\"Fog\u00e3o Itatiaia 5 Bocas Digital Itamaster Preto - Bivolt\" \/>\n<meta name=\"robots\" content=\"index, follow, max-snippet:-1, max-image-preview:large, max-video-preview:-1\" \/>\n<link rel=\"canonical\" href=\"https:\/\/lucaseletro.com.br\/?product=fogao-realce-hera-plus-c-5-bocas-branco-c-ac\" \/>\n<meta property=\"og:locale\" content=\"pt_BR\" \/>\n<meta property=\"og:type\" content=\"article\" \/>\n<meta property=\"og:title\" content=\"FOGAO ITATIAIA ITAMASTER 5Q VIDRO SEM REFLECTA PRETO - &#082;&#036;2.599,00 - Lucas Eletro\" \/>\n<meta property=\"og:description\" content=\"Informa\u00e7\u00f5es do Produto Fog\u00e3o Itatiaia 5 Bocas Digital Itamaster Preto - Bivolt    Fog\u00e3o Itatiaia 5 Bocas Digital Itamaster Preto - Bivolt  O Fog\u00e3o 5 Bocas Digital Preto da linha Itamaster possui design moderno e tecnol\u00f3gico , proporcionando seguran\u00e7a, praticidade e rapidez no preparo de receitas no seu dia a dia. Ele conta com:  5 queimadores , deixando o momento de cozinhar ainda mais pr\u00e1tico. - Uma bel\u00edssima mesa de vidro temperado. - Acendimento autom\u00e1tico digital. - Painel touchscreen. - Timer com contagem regressiva. - Trempes de ferro fundido. - Bot\u00f5es e man\u00edpulos remov\u00edveis - Painel Touchscreen  FICHA T\u00c9CNICA Marca: Itatiaia Cor: Preto Modelo: Itamaster Voltagem: Bivolt Classifica\u00e7\u00e3o energ\u00e9tica: A Quantidade de Bocas: 5B Material da mesa: Vidro Tipo de Acendimento: Digital Tipo de fog\u00e3o: Piso Prateleiras: 1 Fixa\/1 deslizante Material da Trempe: Ferro fundido Luz do Forno: Sim L\u00e2mpada do forno incluso: Sim Temperatura forno: 180 a 270 Material do Puxador: Alum\u00ednio Pot\u00eancia dos queimadores: 1Q extra pequeno 1,0 kW; 1Q pequeno 1,7 kW; 1Q grande 2,75 kW; 1Q m\u00e9dio 1,85 kW; 1Q tripla chama 3,3 kW  DIMENS\u00d5ES E PESO Dimens\u00f5es do produto (AxLxP cm): 98,10x76,8x61,7 Dimens\u00f5es da embalagem (AxLxP cm): 89,5,x78x62 Peso bruto:38 Kg Peso liquido:35,5 Kg  GARANTIA 01 Ano (sendo 3 meses de garantia legal e mais 9 meses de garantia para defeito de fabrica\u00e7\u00e3o).            Cor     Preto       Voltagem     Bivolt       Informa\u00e7\u00f5es complementares     Alimenta\u00e7\u00e3o do Eletrodom\u00e9stico Bivolt   Bot\u00f5es do Eletrodom\u00e9stico Remov\u00edveis   Cor Preto   Dimens\u00f5es do Produto 98,10x76,8x61,7   Dimens\u00f5es do Produto com Embalagem 89,5,x78x62   Efici\u00eancia Energ\u00e9tica A   Instala\u00e7\u00e3o Piso   Instala\u00e7\u00e3o do Eletrodom\u00e9stico Piso   Linha Itamaster   Marca Itatiaia   Material Alum\u00ednio   Modelo Itamaster   Painel Touchscreen   Peso do Produto 35,5kg   Peso do Produto com Embalagem 38kg   Prazo de Garantia 01 Ano   Quantidade de Bocas 5 unidades   Temperatura do Forno 180\u00b0 a 270\u00b0   Tipo de Acendimento digital   Tipo de Mesa do Eletrodom\u00e9stico vidro   Voltagem Bivolt\" \/>\n<meta property=\"og:url\" content=\"https:\/\/lucaseletro.com.br\/?product=fogao-realce-hera-plus-c-5-bocas-branco-c-ac\" \/>\n<meta property=\"og:site_name\" content=\"Lucas Eletro\" \/>\n<meta property=\"article:publisher\" content=\"https:\/\/www.facebook.com\/lucas.eletro.71\" \/>\n<meta property=\"article:modified_time\" content=\"2025-09-12T16:50:10+00:00\" \/>\n<meta property=\"og:image\" content=\"https:\/\/lucaseletro.com.br\/wp-content\/uploads\/2024\/07\/6da520cb0d3c8b40fb77567ee7bda435.webp\" \/>\n\t<meta property=\"og:image:width\" content=\"560\" \/>\n\t<meta property=\"og:image:height\" content=\"560\" \/>\n\t<meta property=\"og:image:type\" content=\"image\/webp\" \/>\n<meta name=\"twitter:card\" content=\"summary_large_image\" \/>\n<meta name=\"twitter:label1\" content=\"Pre\u00e7o\" \/>\n\t<meta name=\"twitter:data1\" content=\"&#082;&#036;2.599,00\" \/>\n\t<meta name=\"twitter:label2\" content=\"Disponibilidade\" \/>\n\t<meta name=\"twitter:data2\" content=\"Em Estoque\" \/>\n<script type=\"application\/ld+json\" class=\"yoast-schema-graph\">{\"@context\":\"https:\\\/\\\/schema.org\",\"@graph\":[{\"@type\":\"WebPage\",\"@id\":\"https:\\\/\\\/lucaseletro.com.br\\\/?product=fogao-realce-hera-plus-c-5-bocas-branco-c-ac\",\"url\":\"https:\\\/\\\/lucaseletro.com.br\\\/?product=fogao-realce-hera-plus-c-5-bocas-branco-c-ac\",\"name\":\"FOGAO ITATIAIA ITAMASTER 5Q VIDRO SEM REFLECTA PRETO - Lucas Eletro\",\"isPartOf\":{\"@id\":\"https:\\\/\\\/lucaseletro.com.br\\\/#website\"},\"primaryImageOfPage\":{\"@id\":\"https:\\\/\\\/lucaseletro.com.br\\\/?product=fogao-realce-hera-plus-c-5-bocas-branco-c-ac#primaryimage\"},\"image\":{\"@id\":\"https:\\\/\\\/lucaseletro.com.br\\\/?product=fogao-realce-hera-plus-c-5-bocas-branco-c-ac#primaryimage\"},\"thumbnailUrl\":\"https:\\\/\\\/lucaseletro.com.br\\\/wp-content\\\/uploads\\\/2024\\\/07\\\/6da520cb0d3c8b40fb77567ee7bda435.webp\",\"datePublished\":\"2024-07-30T19:56:50+00:00\",\"dateModified\":\"2025-09-12T16:50:10+00:00\",\"description\":\"Fog\u00e3o Itatiaia 5 Bocas Digital Itamaster Preto - Bivolt\",\"breadcrumb\":{\"@id\":\"https:\\\/\\\/lucaseletro.com.br\\\/?product=fogao-realce-hera-plus-c-5-bocas-branco-c-ac#breadcrumb\"},\"inLanguage\":\"pt-BR\",\"potentialAction\":[{\"@type\":\"ReadAction\",\"target\":[\"https:\\\/\\\/lucaseletro.com.br\\\/?product=fogao-realce-hera-plus-c-5-bocas-branco-c-ac\"]}]},{\"@type\":\"ImageObject\",\"inLanguage\":\"pt-BR\",\"@id\":\"https:\\\/\\\/lucaseletro.com.br\\\/?product=fogao-realce-hera-plus-c-5-bocas-branco-c-ac#primaryimage\",\"url\":\"https:\\\/\\\/lucaseletro.com.br\\\/wp-content\\\/uploads\\\/2024\\\/07\\\/6da520cb0d3c8b40fb77567ee7bda435.webp\",\"contentUrl\":\"https:\\\/\\\/lucaseletro.com.br\\\/wp-content\\\/uploads\\\/2024\\\/07\\\/6da520cb0d3c8b40fb77567ee7bda435.webp\",\"width\":560,\"height\":560},{\"@type\":\"BreadcrumbList\",\"@id\":\"https:\\\/\\\/lucaseletro.com.br\\\/?product=fogao-realce-hera-plus-c-5-bocas-branco-c-ac#breadcrumb\",\"itemListElement\":[{\"@type\":\"ListItem\",\"position\":1,\"name\":\"In\u00edcio\",\"item\":\"https:\\\/\\\/lucaseletro.com.br\\\/\"},{\"@type\":\"ListItem\",\"position\":2,\"name\":\"Loja\",\"item\":\"https:\\\/\\\/lucaseletro.com.br\\\/?page_id=11\"},{\"@type\":\"ListItem\",\"position\":3,\"name\":\"FOGAO ITATIAIA ITAMASTER 5Q VIDRO SEM REFLECTA PRETO\"}]},{\"@type\":\"WebSite\",\"@id\":\"https:\\\/\\\/lucaseletro.com.br\\\/#website\",\"url\":\"https:\\\/\\\/lucaseletro.com.br\\\/\",\"name\":\"Lucas Eletro\",\"description\":\"Realizando seus sonhos\",\"publisher\":{\"@id\":\"https:\\\/\\\/lucaseletro.com.br\\\/#organization\"},\"alternateName\":\"Lucas Eletro\",\"potentialAction\":[{\"@type\":\"SearchAction\",\"target\":{\"@type\":\"EntryPoint\",\"urlTemplate\":\"https:\\\/\\\/lucaseletro.com.br\\\/?s={search_term_string}\"},\"query-input\":{\"@type\":\"PropertyValueSpecification\",\"valueRequired\":true,\"valueName\":\"search_term_string\"}}],\"inLanguage\":\"pt-BR\"},{\"@type\":\"Organization\",\"@id\":\"https:\\\/\\\/lucaseletro.com.br\\\/#organization\",\"name\":\"Lucas Eletro\",\"alternateName\":\"Lucas Eletro\",\"url\":\"https:\\\/\\\/lucaseletro.com.br\\\/\",\"logo\":{\"@type\":\"ImageObject\",\"inLanguage\":\"pt-BR\",\"@id\":\"https:\\\/\\\/lucaseletro.com.br\\\/#\\\/schema\\\/logo\\\/image\\\/\",\"url\":\"https:\\\/\\\/lucaseletro.com.br\\\/wp-content\\\/uploads\\\/2024\\\/08\\\/Logo-WebP.webp\",\"contentUrl\":\"https:\\\/\\\/lucaseletro.com.br\\\/wp-content\\\/uploads\\\/2024\\\/08\\\/Logo-WebP.webp\",\"width\":1366,\"height\":457,\"caption\":\"Lucas Eletro\"},\"image\":{\"@id\":\"https:\\\/\\\/lucaseletro.com.br\\\/#\\\/schema\\\/logo\\\/image\\\/\"},\"sameAs\":[\"https:\\\/\\\/www.facebook.com\\\/lucas.eletro.71\"]}]}<\/script>\n<meta property=\"product:price:amount\" content=\"2599.00\" \/>\n<meta property=\"product:price:currency\" content=\"BRL\" \/>\n<meta property=\"og:availability\" content=\"instock\" \/>\n<meta property=\"product:availability\" content=\"instock\" \/>\n<meta property=\"product:condition\" content=\"new\" \/>\n<!-- \/ Yoast SEO Premium plugin. -->","yoast_head_json":{"title":"FOGAO ITATIAIA ITAMASTER 5Q VIDRO SEM REFLECTA PRETO - Lucas Eletro","description":"Fog\u00e3o Itatiaia 5 Bocas Digital Itamaster Preto - Bivolt","robots":{"index":"index","follow":"follow","max-snippet":"max-snippet:-1","max-image-preview":"max-image-preview:large","max-video-preview":"max-video-preview:-1"},"canonical":"https:\/\/lucaseletro.com.br\/?product=fogao-realce-hera-plus-c-5-bocas-branco-c-ac","og_locale":"pt_BR","og_type":"article","og_title":"FOGAO ITATIAIA ITAMASTER 5Q VIDRO SEM REFLECTA PRETO - &#82;&#36;2.599,00 - Lucas Eletro","og_description":"Informa\u00e7\u00f5es do Produto Fog\u00e3o Itatiaia 5 Bocas Digital Itamaster Preto - Bivolt    Fog\u00e3o Itatiaia 5 Bocas Digital Itamaster Preto - Bivolt  O Fog\u00e3o 5 Bocas Digital Preto da linha Itamaster possui design moderno e tecnol\u00f3gico , proporcionando seguran\u00e7a, praticidade e rapidez no preparo de receitas no seu dia a dia. Ele conta com:  5 queimadores , deixando o momento de cozinhar ainda mais pr\u00e1tico. - Uma bel\u00edssima mesa de vidro temperado. - Acendimento autom\u00e1tico digital. - Painel touchscreen. - Timer com contagem regressiva. - Trempes de ferro fundido. - Bot\u00f5es e man\u00edpulos remov\u00edveis - Painel Touchscreen  FICHA T\u00c9CNICA Marca: Itatiaia Cor: Preto Modelo: Itamaster Voltagem: Bivolt Classifica\u00e7\u00e3o energ\u00e9tica: A Quantidade de Bocas: 5B Material da mesa: Vidro Tipo de Acendimento: Digital Tipo de fog\u00e3o: Piso Prateleiras: 1 Fixa\/1 deslizante Material da Trempe: Ferro fundido Luz do Forno: Sim L\u00e2mpada do forno incluso: Sim Temperatura forno: 180 a 270 Material do Puxador: Alum\u00ednio Pot\u00eancia dos queimadores: 1Q extra pequeno 1,0 kW; 1Q pequeno 1,7 kW; 1Q grande 2,75 kW; 1Q m\u00e9dio 1,85 kW; 1Q tripla chama 3,3 kW  DIMENS\u00d5ES E PESO Dimens\u00f5es do produto (AxLxP cm): 98,10x76,8x61,7 Dimens\u00f5es da embalagem (AxLxP cm): 89,5,x78x62 Peso bruto:38 Kg Peso liquido:35,5 Kg  GARANTIA 01 Ano (sendo 3 meses de garantia legal e mais 9 meses de garantia para defeito de fabrica\u00e7\u00e3o).            Cor     Preto       Voltagem     Bivolt       Informa\u00e7\u00f5es complementares     Alimenta\u00e7\u00e3o do Eletrodom\u00e9stico Bivolt   Bot\u00f5es do Eletrodom\u00e9stico Remov\u00edveis   Cor Preto   Dimens\u00f5es do Produto 98,10x76,8x61,7   Dimens\u00f5es do Produto com Embalagem 89,5,x78x62   Efici\u00eancia Energ\u00e9tica A   Instala\u00e7\u00e3o Piso   Instala\u00e7\u00e3o do Eletrodom\u00e9stico Piso   Linha Itamaster   Marca Itatiaia   Material Alum\u00ednio   Modelo Itamaster   Painel Touchscreen   Peso do Produto 35,5kg   Peso do Produto com Embalagem 38kg   Prazo de Garantia 01 Ano   Quantidade de Bocas 5 unidades   Temperatura do Forno 180\u00b0 a 270\u00b0   Tipo de Acendimento digital   Tipo de Mesa do Eletrodom\u00e9stico vidro   Voltagem Bivolt","og_url":"https:\/\/lucaseletro.com.br\/?product=fogao-realce-hera-plus-c-5-bocas-branco-c-ac","og_site_name":"Lucas Eletro","article_publisher":"https:\/\/www.facebook.com\/lucas.eletro.71","article_modified_time":"2025-09-12T16:50:10+00:00","og_image":[{"width":560,"height":560,"url":"https:\/\/lucaseletro.com.br\/wp-content\/uploads\/2024\/07\/6da520cb0d3c8b40fb77567ee7bda435.webp","type":"image\/webp"}],"twitter_card":"summary_large_image","twitter_misc":{"Pre\u00e7o":"&#82;&#36;2.599,00","Disponibilidade":"Em Estoque"},"schema":{"@context":"https:\/\/schema.org","@graph":[{"@type":"WebPage","@id":"https:\/\/lucaseletro.com.br\/?product=fogao-realce-hera-plus-c-5-bocas-branco-c-ac","url":"https:\/\/lucaseletro.com.br\/?product=fogao-realce-hera-plus-c-5-bocas-branco-c-ac","name":"FOGAO ITATIAIA ITAMASTER 5Q VIDRO SEM REFLECTA PRETO - Lucas Eletro","isPartOf":{"@id":"https:\/\/lucaseletro.com.br\/#website"},"primaryImageOfPage":{"@id":"https:\/\/lucaseletro.com.br\/?product=fogao-realce-hera-plus-c-5-bocas-branco-c-ac#primaryimage"},"image":{"@id":"https:\/\/lucaseletro.com.br\/?product=fogao-realce-hera-plus-c-5-bocas-branco-c-ac#primaryimage"},"thumbnailUrl":"https:\/\/lucaseletro.com.br\/wp-content\/uploads\/2024\/07\/6da520cb0d3c8b40fb77567ee7bda435.webp","datePublished":"2024-07-30T19:56:50+00:00","dateModified":"2025-09-12T16:50:10+00:00","description":"Fog\u00e3o Itatiaia 5 Bocas Digital Itamaster Preto - Bivolt","breadcrumb":{"@id":"https:\/\/lucaseletro.com.br\/?product=fogao-realce-hera-plus-c-5-bocas-branco-c-ac#breadcrumb"},"inLanguage":"pt-BR","potentialAction":[{"@type":"ReadAction","target":["https:\/\/lucaseletro.com.br\/?product=fogao-realce-hera-plus-c-5-bocas-branco-c-ac"]}]},{"@type":"ImageObject","inLanguage":"pt-BR","@id":"https:\/\/lucaseletro.com.br\/?product=fogao-realce-hera-plus-c-5-bocas-branco-c-ac#primaryimage","url":"https:\/\/lucaseletro.com.br\/wp-content\/uploads\/2024\/07\/6da520cb0d3c8b40fb77567ee7bda435.webp","contentUrl":"https:\/\/lucaseletro.com.br\/wp-content\/uploads\/2024\/07\/6da520cb0d3c8b40fb77567ee7bda435.webp","width":560,"height":560},{"@type":"BreadcrumbList","@id":"https:\/\/lucaseletro.com.br\/?product=fogao-realce-hera-plus-c-5-bocas-branco-c-ac#breadcrumb","itemListElement":[{"@type":"ListItem","position":1,"name":"In\u00edcio","item":"https:\/\/lucaseletro.com.br\/"},{"@type":"ListItem","position":2,"name":"Loja","item":"https:\/\/lucaseletro.com.br\/?page_id=11"},{"@type":"ListItem","position":3,"name":"FOGAO ITATIAIA ITAMASTER 5Q VIDRO SEM REFLECTA PRETO"}]},{"@type":"WebSite","@id":"https:\/\/lucaseletro.com.br\/#website","url":"https:\/\/lucaseletro.com.br\/","name":"Lucas Eletro","description":"Realizando seus sonhos","publisher":{"@id":"https:\/\/lucaseletro.com.br\/#organization"},"alternateName":"Lucas Eletro","potentialAction":[{"@type":"SearchAction","target":{"@type":"EntryPoint","urlTemplate":"https:\/\/lucaseletro.com.br\/?s={search_term_string}"},"query-input":{"@type":"PropertyValueSpecification","valueRequired":true,"valueName":"search_term_string"}}],"inLanguage":"pt-BR"},{"@type":"Organization","@id":"https:\/\/lucaseletro.com.br\/#organization","name":"Lucas Eletro","alternateName":"Lucas Eletro","url":"https:\/\/lucaseletro.com.br\/","logo":{"@type":"ImageObject","inLanguage":"pt-BR","@id":"https:\/\/lucaseletro.com.br\/#\/schema\/logo\/image\/","url":"https:\/\/lucaseletro.com.br\/wp-content\/uploads\/2024\/08\/Logo-WebP.webp","contentUrl":"https:\/\/lucaseletro.com.br\/wp-content\/uploads\/2024\/08\/Logo-WebP.webp","width":1366,"height":457,"caption":"Lucas Eletro"},"image":{"@id":"https:\/\/lucaseletro.com.br\/#\/schema\/logo\/image\/"},"sameAs":["https:\/\/www.facebook.com\/lucas.eletro.71"]}]},"product_price_amount":"2599.00","product_price_currency":"BRL","og_availability":"instock","product_availability":"instock","product_condition":"new"},"_links":{"self":[{"href":"https:\/\/lucaseletro.com.br\/index.php?rest_route=\/wp\/v2\/product\/2841","targetHints":{"allow":["GET"]}}],"collection":[{"href":"https:\/\/lucaseletro.com.br\/index.php?rest_route=\/wp\/v2\/product"}],"about":[{"href":"https:\/\/lucaseletro.com.br\/index.php?rest_route=\/wp\/v2\/types\/product"}],"replies":[{"embeddable":true,"href":"https:\/\/lucaseletro.com.br\/index.php?rest_route=%2Fwp%2Fv2%2Fcomments&post=2841"}],"wp:featuredmedia":[{"embeddable":true,"href":"https:\/\/lucaseletro.com.br\/index.php?rest_route=\/wp\/v2\/media\/4490"}],"wp:attachment":[{"href":"https:\/\/lucaseletro.com.br\/index.php?rest_route=%2Fwp%2Fv2%2Fmedia&parent=2841"}],"wp:term":[{"taxonomy":"product_brand","embeddable":true,"href":"https:\/\/lucaseletro.com.br\/index.php?rest_route=%2Fwp%2Fv2%2Fproduct_brand&post=2841"},{"taxonomy":"product_cat","embeddable":true,"href":"https:\/\/lucaseletro.com.br\/index.php?rest_route=%2Fwp%2Fv2%2Fproduct_cat&post=2841"},{"taxonomy":"product_tag","embeddable":true,"href":"https:\/\/lucaseletro.com.br\/index.php?rest_route=%2Fwp%2Fv2%2Fproduct_tag&post=2841"}],"curies":[{"name":"wp","href":"https:\/\/api.w.org\/{rel}","templated":true}]}}