{"id":2844,"date":"2024-07-30T16:56:50","date_gmt":"2024-07-30T19:56:50","guid":{"rendered":"https:\/\/lucaseletro.com.br\/product\/fogao-esmaltec-caribe-6-bocas-c-a\/"},"modified":"2025-09-12T14:20:52","modified_gmt":"2025-09-12T17:20:52","slug":"fogao-esmaltec-caribe-6-bocas-c-a","status":"publish","type":"product","link":"https:\/\/lucaseletro.com.br\/?product=fogao-esmaltec-caribe-6-bocas-c-a","title":{"rendered":"FOGAO ITATIAIA STAR NEW 5Q BRANCO C\/AC"},"content":{"rendered":"<div class=\"sc-iGgWBj hZQAA-D sc-jwunkD dBWfQF\" data-testid=\"product-detail\">\n<h2 class=\"sc-dcJsrY iVJGKX\" data-testid=\"product-detail-label\">Informa\u00e7\u00f5es do Produto<\/h2>\n<p><span class=\"sc-dcJsrY jZKEso\" data-testid=\"product-detail-title\">Fog\u00e3o Itatiaia Star New 5 Bocas Com Acendimento Autom\u00e1tico Branco<\/span><\/p>\n<div class=\"sc-iGgWBj jEOEJZ sc-cQYSec iIiVcO\" data-testid=\"product-detail-description\">\n<div class=\"sc-iGgWBj eWtIHQ sc-ddrdZi kFYyJS\" data-testid=\"rich-content-container\">Garanta funcionalidade e praticidade para a sua cozinha com o fog\u00e3o 5 bocas Star New da Itatiaia. Esse fog\u00e3o conta com forno amplo e f\u00e1cil de limpar, ideal para o preparo de receitas que exigem bastante espa\u00e7o. Seu acendimento autom\u00e1tico garante mais agilidade para o seu dia a dia na cozinha. Esse fog\u00e3o Itatiaia conta tamb\u00e9m com trempes resistentes para maior estabilidade das panelas, com laterais arredondadas que evitam ac\u00famulo de sujeira. Al\u00e9m disso, o fog\u00e3o 5 bocas Itatiaia possui 1 prateleira fixa no forno, queimadores de alum\u00ednio e man\u00edpulos remov\u00edveis para facilitar a limpeza do dia a dia. Sua mesa em A\u00e7o Inox traz para o fog\u00e3o Itatiaia 5 bocas Star estilo e modernidade, sem deixar de lado a qualidade e seguran\u00e7a. Seus p\u00e9s robustos s\u00e3o est\u00e1veis e possibilitam f\u00e1cil limpeza debaixo do produto. Seu puxador em a\u00e7o ergon\u00f4mico \u00e9 projetado para que voc\u00ea n\u00e3o precise encostar a sua m\u00e3o na porta ao abrir a porta do forno.<\/div>\n<\/div>\n<\/div>\n<div class=\"sc-iGgWBj eWtIHQ\" data-testid=\"lazyload-container\">\n<div class=\"sc-bpUBKd iMekvN\" data-testid=\"mod-o\"><\/div>\n<\/div>\n<div class=\"sc-iGgWBj hODtov sc-dnhcxY bzBSHk\">\n<table class=\"sc-iGgWBj iCEidV sc-bStcSt emFJXX\">\n<tbody>\n<tr>\n<td class=\"sc-iaJaUu jUTMlm\">Voltagem<\/td>\n<td class=\"sc-feoqov jEebvX\">\n<table class=\"sc-dOoqMo iwSfwR\">\n<tbody>\n<tr>\n<td>Bivolt<\/td>\n<\/tr>\n<\/tbody>\n<\/table>\n<\/td>\n<\/tr>\n<tr>\n<td class=\"sc-iaJaUu jUTMlm\">Cor<\/td>\n<td class=\"sc-feoqov jEebvX\">\n<table class=\"sc-dOoqMo iwSfwR\">\n<tbody>\n<tr>\n<td>Branco<\/td>\n<\/tr>\n<\/tbody>\n<\/table>\n<\/td>\n<\/tr>\n<tr>\n<td class=\"sc-iaJaUu jUTMlm\">Informa\u00e7\u00f5es complementares<\/td>\n<td class=\"sc-feoqov jEebvX\">\n<table class=\"sc-dOoqMo iwSfwR\">\n<tbody>\n<tr>\n<td class=\"sc-gVJvzJ gJVWHr\">Alimenta\u00e7\u00e3o do Eletrodom\u00e9stico<\/td>\n<td>G\u00e1s<\/td>\n<\/tr>\n<tr>\n<td class=\"sc-gVJvzJ gJVWHr\">Alimenta\u00e7\u00e3o do Forno<\/td>\n<td>G\u00e1s<\/td>\n<\/tr>\n<tr>\n<td class=\"sc-gVJvzJ gJVWHr\">Cor<\/td>\n<td>Branco<\/td>\n<\/tr>\n<tr>\n<td class=\"sc-gVJvzJ gJVWHr\">Instala\u00e7\u00e3o<\/td>\n<td>Mesa<\/td>\n<\/tr>\n<tr>\n<td class=\"sc-gVJvzJ gJVWHr\">Linha<\/td>\n<td>Star New<\/td>\n<\/tr>\n<tr>\n<td class=\"sc-gVJvzJ gJVWHr\">Marca<\/td>\n<td><a class=\"sc-JrDLc gkEUmz sc-DWsrX gaOyIa sc-DWsrX gaOyIa\" href=\"https:\/\/www.magazineluiza.com.br\/marcas\/itatiaia\/\" data-testid=\"link\">Itatiaia<\/a><\/td>\n<\/tr>\n<tr>\n<td class=\"sc-gVJvzJ gJVWHr\">Modelo<\/td>\n<td>Star New<\/td>\n<\/tr>\n<tr>\n<td class=\"sc-gVJvzJ gJVWHr\">P\u00e9s<\/td>\n<td>Robustos<\/td>\n<\/tr>\n<tr>\n<td class=\"sc-gVJvzJ gJVWHr\">Quantidade de Bocas<\/td>\n<td>5 unidades<\/td>\n<\/tr>\n<tr>\n<td class=\"sc-gVJvzJ gJVWHr\">Tipo de Acendimento<\/td>\n<td>autom\u00e1tico<\/td>\n<\/tr>\n<tr>\n<td class=\"sc-gVJvzJ gJVWHr\">Tipo de Mesa do Eletrodom\u00e9stico<\/td>\n<td>a\u00e7o inox<\/td>\n<\/tr>\n<tr>\n<td class=\"sc-gVJvzJ gJVWHr\">Tipo de Queimadores<\/td>\n<td>alum\u00ednio<\/td>\n<\/tr>\n<tr>\n<td class=\"sc-gVJvzJ gJVWHr\">Voltagem<\/td>\n<td>Bivolt<\/td>\n<\/tr>\n<\/tbody>\n<\/table>\n<\/td>\n<\/tr>\n<\/tbody>\n<\/table>\n<\/div>\n","protected":false},"excerpt":{"rendered":"<p><span class=\"sc-dcJsrY jZKEso\" data-testid=\"product-detail-title\">Fog\u00e3o Itatiaia Star New 5 Bocas Com Acendimento Autom\u00e1tico Branco<\/span><\/p>\n","protected":false},"featured_media":4501,"comment_status":"open","ping_status":"closed","template":"","meta":[],"product_brand":[],"product_cat":[32,77,86],"product_tag":[],"class_list":{"0":"post-2844","1":"product","2":"type-product","3":"status-publish","4":"has-post-thumbnail","6":"product_cat-cozinha","7":"product_cat-fogao-cozinha","8":"product_cat-fogao-cozinha-metal","10":"first","11":"instock","12":"shipping-taxable","13":"purchasable","14":"product-type-simple"},"yoast_head":"<!-- This site is optimized with the Yoast SEO Premium plugin v23.3 (Yoast SEO v27.5) - https:\/\/yoast.com\/product\/yoast-seo-premium-wordpress\/ -->\n<title>FOGAO ITATIAIA STAR NEW 5Q BRANCO C\/AC - Lucas Eletro<\/title>\n<meta name=\"description\" content=\"Informa\u00e7\u00f5es do ProdutoFog\u00e3o Itatiaia Star New 5 Bocas Com Acendimento Autom\u00e1tico BrancoGaranta funcionalidade e praticidade para a sua cozinha com o fog\u00e3o 5 bocas Star New da Itatiaia. Esse fog\u00e3o conta com forno amplo e f\u00e1cil de limpar, ideal para o preparo de receitas que exigem bastante espa\u00e7o. Seu acendimento autom\u00e1tico garante mais agilidade para o seu dia a dia na cozinha. Esse fog\u00e3o Itatiaia conta tamb\u00e9m com trempes resistentes para maior estabilidade das panelas, com laterais arredondadas que evitam ac\u00famulo de sujeira. Al\u00e9m disso, o fog\u00e3o 5 bocas Itatiaia possui 1 prateleira fixa no forno, queimadores de alum\u00ednio e man\u00edpulos remov\u00edveis para facilitar a limpeza do dia a dia. Sua mesa em A\u00e7o Inox traz para o fog\u00e3o Itatiaia 5 bocas Star estilo e modernidade, sem deixar de lado a qualidade e seguran\u00e7a. Seus p\u00e9s robustos s\u00e3o est\u00e1veis e possibilitam f\u00e1cil limpeza debaixo do produto. Seu puxador em a\u00e7o ergon\u00f4mico \u00e9 projetado para que voc\u00ea n\u00e3o precise encostar a sua m\u00e3o na porta ao abrir a porta do forno.VoltagemBivoltCorBrancoInforma\u00e7\u00f5es complementaresAlimenta\u00e7\u00e3o do Eletrodom\u00e9stico G\u00e1sAlimenta\u00e7\u00e3o do Forno G\u00e1sCor BrancoInstala\u00e7\u00e3o MesaLinha Star NewMarca ItatiaiaModelo Star NewP\u00e9s RobustosQuantidade de Bocas 5 unidadesTipo de Acendimento autom\u00e1ticoTipo de Mesa do Eletrodom\u00e9stico a\u00e7o inoxTipo de Queimadores alum\u00ednioVoltagem Bivolt\" \/>\n<meta name=\"robots\" content=\"index, follow, max-snippet:-1, max-image-preview:large, max-video-preview:-1\" \/>\n<link rel=\"canonical\" href=\"https:\/\/lucaseletro.com.br\/?product=fogao-esmaltec-caribe-6-bocas-c-a\" \/>\n<meta property=\"og:locale\" content=\"pt_BR\" \/>\n<meta property=\"og:type\" content=\"article\" \/>\n<meta property=\"og:title\" content=\"FOGAO ITATIAIA STAR NEW 5Q BRANCO C\/AC - &#082;&#036;1.499,00 - Lucas Eletro\" \/>\n<meta property=\"og:description\" content=\"Fog\u00e3o Itatiaia Star New 5 Bocas Com Acendimento Autom\u00e1tico Branco\" \/>\n<meta property=\"og:url\" content=\"https:\/\/lucaseletro.com.br\/?product=fogao-esmaltec-caribe-6-bocas-c-a\" \/>\n<meta property=\"og:site_name\" content=\"Lucas Eletro\" \/>\n<meta property=\"article:publisher\" content=\"https:\/\/www.facebook.com\/lucas.eletro.71\" \/>\n<meta property=\"article:modified_time\" content=\"2025-09-12T17:20:52+00:00\" \/>\n<meta property=\"og:image\" content=\"https:\/\/lucaseletro.com.br\/wp-content\/uploads\/2024\/07\/871707a7cb1ba061fec16bb97f375474.webp\" \/>\n\t<meta property=\"og:image:width\" content=\"1000\" \/>\n\t<meta property=\"og:image:height\" content=\"1000\" \/>\n\t<meta property=\"og:image:type\" content=\"image\/webp\" \/>\n<meta name=\"twitter:card\" content=\"summary_large_image\" \/>\n<meta name=\"twitter:label1\" content=\"Pre\u00e7o\" \/>\n\t<meta name=\"twitter:data1\" content=\"&#082;&#036;1.499,00\" \/>\n\t<meta name=\"twitter:label2\" content=\"Disponibilidade\" \/>\n\t<meta name=\"twitter:data2\" content=\"Em Estoque\" \/>\n<script type=\"application\/ld+json\" class=\"yoast-schema-graph\">{\"@context\":\"https:\\\/\\\/schema.org\",\"@graph\":[{\"@type\":\"WebPage\",\"@id\":\"https:\\\/\\\/lucaseletro.com.br\\\/?product=fogao-esmaltec-caribe-6-bocas-c-a\",\"url\":\"https:\\\/\\\/lucaseletro.com.br\\\/?product=fogao-esmaltec-caribe-6-bocas-c-a\",\"name\":\"FOGAO ITATIAIA STAR NEW 5Q BRANCO C\\\/AC - Lucas Eletro\",\"isPartOf\":{\"@id\":\"https:\\\/\\\/lucaseletro.com.br\\\/#website\"},\"primaryImageOfPage\":{\"@id\":\"https:\\\/\\\/lucaseletro.com.br\\\/?product=fogao-esmaltec-caribe-6-bocas-c-a#primaryimage\"},\"image\":{\"@id\":\"https:\\\/\\\/lucaseletro.com.br\\\/?product=fogao-esmaltec-caribe-6-bocas-c-a#primaryimage\"},\"thumbnailUrl\":\"https:\\\/\\\/lucaseletro.com.br\\\/wp-content\\\/uploads\\\/2024\\\/07\\\/871707a7cb1ba061fec16bb97f375474.webp\",\"datePublished\":\"2024-07-30T19:56:50+00:00\",\"dateModified\":\"2025-09-12T17:20:52+00:00\",\"description\":\"Informa\u00e7\u00f5es do ProdutoFog\u00e3o Itatiaia Star New 5 Bocas Com Acendimento Autom\u00e1tico BrancoGaranta funcionalidade e praticidade para a sua cozinha com o fog\u00e3o 5 bocas Star New da Itatiaia. Esse fog\u00e3o conta com forno amplo e f\u00e1cil de limpar, ideal para o preparo de receitas que exigem bastante espa\u00e7o. Seu acendimento autom\u00e1tico garante mais agilidade para o seu dia a dia na cozinha. Esse fog\u00e3o Itatiaia conta tamb\u00e9m com trempes resistentes para maior estabilidade das panelas, com laterais arredondadas que evitam ac\u00famulo de sujeira. Al\u00e9m disso, o fog\u00e3o 5 bocas Itatiaia possui 1 prateleira fixa no forno, queimadores de alum\u00ednio e man\u00edpulos remov\u00edveis para facilitar a limpeza do dia a dia. Sua mesa em A\u00e7o Inox traz para o fog\u00e3o Itatiaia 5 bocas Star estilo e modernidade, sem deixar de lado a qualidade e seguran\u00e7a. Seus p\u00e9s robustos s\u00e3o est\u00e1veis e possibilitam f\u00e1cil limpeza debaixo do produto. Seu puxador em a\u00e7o ergon\u00f4mico \u00e9 projetado para que voc\u00ea n\u00e3o precise encostar a sua m\u00e3o na porta ao abrir a porta do forno.VoltagemBivoltCorBrancoInforma\u00e7\u00f5es complementaresAlimenta\u00e7\u00e3o do Eletrodom\u00e9stico G\u00e1sAlimenta\u00e7\u00e3o do Forno G\u00e1sCor BrancoInstala\u00e7\u00e3o MesaLinha Star NewMarca ItatiaiaModelo Star NewP\u00e9s RobustosQuantidade de Bocas 5 unidadesTipo de Acendimento autom\u00e1ticoTipo de Mesa do Eletrodom\u00e9stico a\u00e7o inoxTipo de Queimadores alum\u00ednioVoltagem Bivolt\",\"breadcrumb\":{\"@id\":\"https:\\\/\\\/lucaseletro.com.br\\\/?product=fogao-esmaltec-caribe-6-bocas-c-a#breadcrumb\"},\"inLanguage\":\"pt-BR\",\"potentialAction\":[{\"@type\":\"ReadAction\",\"target\":[\"https:\\\/\\\/lucaseletro.com.br\\\/?product=fogao-esmaltec-caribe-6-bocas-c-a\"]}]},{\"@type\":\"ImageObject\",\"inLanguage\":\"pt-BR\",\"@id\":\"https:\\\/\\\/lucaseletro.com.br\\\/?product=fogao-esmaltec-caribe-6-bocas-c-a#primaryimage\",\"url\":\"https:\\\/\\\/lucaseletro.com.br\\\/wp-content\\\/uploads\\\/2024\\\/07\\\/871707a7cb1ba061fec16bb97f375474.webp\",\"contentUrl\":\"https:\\\/\\\/lucaseletro.com.br\\\/wp-content\\\/uploads\\\/2024\\\/07\\\/871707a7cb1ba061fec16bb97f375474.webp\",\"width\":1000,\"height\":1000},{\"@type\":\"BreadcrumbList\",\"@id\":\"https:\\\/\\\/lucaseletro.com.br\\\/?product=fogao-esmaltec-caribe-6-bocas-c-a#breadcrumb\",\"itemListElement\":[{\"@type\":\"ListItem\",\"position\":1,\"name\":\"In\u00edcio\",\"item\":\"https:\\\/\\\/lucaseletro.com.br\\\/\"},{\"@type\":\"ListItem\",\"position\":2,\"name\":\"Loja\",\"item\":\"https:\\\/\\\/lucaseletro.com.br\\\/?page_id=11\"},{\"@type\":\"ListItem\",\"position\":3,\"name\":\"FOGAO ITATIAIA STAR NEW 5Q BRANCO C\\\/AC\"}]},{\"@type\":\"WebSite\",\"@id\":\"https:\\\/\\\/lucaseletro.com.br\\\/#website\",\"url\":\"https:\\\/\\\/lucaseletro.com.br\\\/\",\"name\":\"Lucas Eletro\",\"description\":\"Realizando seus sonhos\",\"publisher\":{\"@id\":\"https:\\\/\\\/lucaseletro.com.br\\\/#organization\"},\"alternateName\":\"Lucas Eletro\",\"potentialAction\":[{\"@type\":\"SearchAction\",\"target\":{\"@type\":\"EntryPoint\",\"urlTemplate\":\"https:\\\/\\\/lucaseletro.com.br\\\/?s={search_term_string}\"},\"query-input\":{\"@type\":\"PropertyValueSpecification\",\"valueRequired\":true,\"valueName\":\"search_term_string\"}}],\"inLanguage\":\"pt-BR\"},{\"@type\":\"Organization\",\"@id\":\"https:\\\/\\\/lucaseletro.com.br\\\/#organization\",\"name\":\"Lucas Eletro\",\"alternateName\":\"Lucas Eletro\",\"url\":\"https:\\\/\\\/lucaseletro.com.br\\\/\",\"logo\":{\"@type\":\"ImageObject\",\"inLanguage\":\"pt-BR\",\"@id\":\"https:\\\/\\\/lucaseletro.com.br\\\/#\\\/schema\\\/logo\\\/image\\\/\",\"url\":\"https:\\\/\\\/lucaseletro.com.br\\\/wp-content\\\/uploads\\\/2024\\\/08\\\/Logo-WebP.webp\",\"contentUrl\":\"https:\\\/\\\/lucaseletro.com.br\\\/wp-content\\\/uploads\\\/2024\\\/08\\\/Logo-WebP.webp\",\"width\":1366,\"height\":457,\"caption\":\"Lucas Eletro\"},\"image\":{\"@id\":\"https:\\\/\\\/lucaseletro.com.br\\\/#\\\/schema\\\/logo\\\/image\\\/\"},\"sameAs\":[\"https:\\\/\\\/www.facebook.com\\\/lucas.eletro.71\"]}]}<\/script>\n<meta property=\"product:price:amount\" content=\"1499.00\" \/>\n<meta property=\"product:price:currency\" content=\"BRL\" \/>\n<meta property=\"og:availability\" content=\"instock\" \/>\n<meta property=\"product:availability\" content=\"instock\" \/>\n<meta property=\"product:condition\" content=\"new\" \/>\n<!-- \/ Yoast SEO Premium plugin. -->","yoast_head_json":{"title":"FOGAO ITATIAIA STAR NEW 5Q BRANCO C\/AC - Lucas Eletro","description":"Informa\u00e7\u00f5es do ProdutoFog\u00e3o Itatiaia Star New 5 Bocas Com Acendimento Autom\u00e1tico BrancoGaranta funcionalidade e praticidade para a sua cozinha com o fog\u00e3o 5 bocas Star New da Itatiaia. Esse fog\u00e3o conta com forno amplo e f\u00e1cil de limpar, ideal para o preparo de receitas que exigem bastante espa\u00e7o. Seu acendimento autom\u00e1tico garante mais agilidade para o seu dia a dia na cozinha. Esse fog\u00e3o Itatiaia conta tamb\u00e9m com trempes resistentes para maior estabilidade das panelas, com laterais arredondadas que evitam ac\u00famulo de sujeira. Al\u00e9m disso, o fog\u00e3o 5 bocas Itatiaia possui 1 prateleira fixa no forno, queimadores de alum\u00ednio e man\u00edpulos remov\u00edveis para facilitar a limpeza do dia a dia. Sua mesa em A\u00e7o Inox traz para o fog\u00e3o Itatiaia 5 bocas Star estilo e modernidade, sem deixar de lado a qualidade e seguran\u00e7a. Seus p\u00e9s robustos s\u00e3o est\u00e1veis e possibilitam f\u00e1cil limpeza debaixo do produto. Seu puxador em a\u00e7o ergon\u00f4mico \u00e9 projetado para que voc\u00ea n\u00e3o precise encostar a sua m\u00e3o na porta ao abrir a porta do forno.VoltagemBivoltCorBrancoInforma\u00e7\u00f5es complementaresAlimenta\u00e7\u00e3o do Eletrodom\u00e9stico G\u00e1sAlimenta\u00e7\u00e3o do Forno G\u00e1sCor BrancoInstala\u00e7\u00e3o MesaLinha Star NewMarca ItatiaiaModelo Star NewP\u00e9s RobustosQuantidade de Bocas 5 unidadesTipo de Acendimento autom\u00e1ticoTipo de Mesa do Eletrodom\u00e9stico a\u00e7o inoxTipo de Queimadores alum\u00ednioVoltagem Bivolt","robots":{"index":"index","follow":"follow","max-snippet":"max-snippet:-1","max-image-preview":"max-image-preview:large","max-video-preview":"max-video-preview:-1"},"canonical":"https:\/\/lucaseletro.com.br\/?product=fogao-esmaltec-caribe-6-bocas-c-a","og_locale":"pt_BR","og_type":"article","og_title":"FOGAO ITATIAIA STAR NEW 5Q BRANCO C\/AC - &#82;&#36;1.499,00 - Lucas Eletro","og_description":"Fog\u00e3o Itatiaia Star New 5 Bocas Com Acendimento Autom\u00e1tico Branco","og_url":"https:\/\/lucaseletro.com.br\/?product=fogao-esmaltec-caribe-6-bocas-c-a","og_site_name":"Lucas Eletro","article_publisher":"https:\/\/www.facebook.com\/lucas.eletro.71","article_modified_time":"2025-09-12T17:20:52+00:00","og_image":[{"width":1000,"height":1000,"url":"https:\/\/lucaseletro.com.br\/wp-content\/uploads\/2024\/07\/871707a7cb1ba061fec16bb97f375474.webp","type":"image\/webp"}],"twitter_card":"summary_large_image","twitter_misc":{"Pre\u00e7o":"&#82;&#36;1.499,00","Disponibilidade":"Em Estoque"},"schema":{"@context":"https:\/\/schema.org","@graph":[{"@type":"WebPage","@id":"https:\/\/lucaseletro.com.br\/?product=fogao-esmaltec-caribe-6-bocas-c-a","url":"https:\/\/lucaseletro.com.br\/?product=fogao-esmaltec-caribe-6-bocas-c-a","name":"FOGAO ITATIAIA STAR NEW 5Q BRANCO C\/AC - Lucas Eletro","isPartOf":{"@id":"https:\/\/lucaseletro.com.br\/#website"},"primaryImageOfPage":{"@id":"https:\/\/lucaseletro.com.br\/?product=fogao-esmaltec-caribe-6-bocas-c-a#primaryimage"},"image":{"@id":"https:\/\/lucaseletro.com.br\/?product=fogao-esmaltec-caribe-6-bocas-c-a#primaryimage"},"thumbnailUrl":"https:\/\/lucaseletro.com.br\/wp-content\/uploads\/2024\/07\/871707a7cb1ba061fec16bb97f375474.webp","datePublished":"2024-07-30T19:56:50+00:00","dateModified":"2025-09-12T17:20:52+00:00","description":"Informa\u00e7\u00f5es do ProdutoFog\u00e3o Itatiaia Star New 5 Bocas Com Acendimento Autom\u00e1tico BrancoGaranta funcionalidade e praticidade para a sua cozinha com o fog\u00e3o 5 bocas Star New da Itatiaia. Esse fog\u00e3o conta com forno amplo e f\u00e1cil de limpar, ideal para o preparo de receitas que exigem bastante espa\u00e7o. Seu acendimento autom\u00e1tico garante mais agilidade para o seu dia a dia na cozinha. Esse fog\u00e3o Itatiaia conta tamb\u00e9m com trempes resistentes para maior estabilidade das panelas, com laterais arredondadas que evitam ac\u00famulo de sujeira. Al\u00e9m disso, o fog\u00e3o 5 bocas Itatiaia possui 1 prateleira fixa no forno, queimadores de alum\u00ednio e man\u00edpulos remov\u00edveis para facilitar a limpeza do dia a dia. Sua mesa em A\u00e7o Inox traz para o fog\u00e3o Itatiaia 5 bocas Star estilo e modernidade, sem deixar de lado a qualidade e seguran\u00e7a. Seus p\u00e9s robustos s\u00e3o est\u00e1veis e possibilitam f\u00e1cil limpeza debaixo do produto. Seu puxador em a\u00e7o ergon\u00f4mico \u00e9 projetado para que voc\u00ea n\u00e3o precise encostar a sua m\u00e3o na porta ao abrir a porta do forno.VoltagemBivoltCorBrancoInforma\u00e7\u00f5es complementaresAlimenta\u00e7\u00e3o do Eletrodom\u00e9stico G\u00e1sAlimenta\u00e7\u00e3o do Forno G\u00e1sCor BrancoInstala\u00e7\u00e3o MesaLinha Star NewMarca ItatiaiaModelo Star NewP\u00e9s RobustosQuantidade de Bocas 5 unidadesTipo de Acendimento autom\u00e1ticoTipo de Mesa do Eletrodom\u00e9stico a\u00e7o inoxTipo de Queimadores alum\u00ednioVoltagem Bivolt","breadcrumb":{"@id":"https:\/\/lucaseletro.com.br\/?product=fogao-esmaltec-caribe-6-bocas-c-a#breadcrumb"},"inLanguage":"pt-BR","potentialAction":[{"@type":"ReadAction","target":["https:\/\/lucaseletro.com.br\/?product=fogao-esmaltec-caribe-6-bocas-c-a"]}]},{"@type":"ImageObject","inLanguage":"pt-BR","@id":"https:\/\/lucaseletro.com.br\/?product=fogao-esmaltec-caribe-6-bocas-c-a#primaryimage","url":"https:\/\/lucaseletro.com.br\/wp-content\/uploads\/2024\/07\/871707a7cb1ba061fec16bb97f375474.webp","contentUrl":"https:\/\/lucaseletro.com.br\/wp-content\/uploads\/2024\/07\/871707a7cb1ba061fec16bb97f375474.webp","width":1000,"height":1000},{"@type":"BreadcrumbList","@id":"https:\/\/lucaseletro.com.br\/?product=fogao-esmaltec-caribe-6-bocas-c-a#breadcrumb","itemListElement":[{"@type":"ListItem","position":1,"name":"In\u00edcio","item":"https:\/\/lucaseletro.com.br\/"},{"@type":"ListItem","position":2,"name":"Loja","item":"https:\/\/lucaseletro.com.br\/?page_id=11"},{"@type":"ListItem","position":3,"name":"FOGAO ITATIAIA STAR NEW 5Q BRANCO C\/AC"}]},{"@type":"WebSite","@id":"https:\/\/lucaseletro.com.br\/#website","url":"https:\/\/lucaseletro.com.br\/","name":"Lucas Eletro","description":"Realizando seus sonhos","publisher":{"@id":"https:\/\/lucaseletro.com.br\/#organization"},"alternateName":"Lucas Eletro","potentialAction":[{"@type":"SearchAction","target":{"@type":"EntryPoint","urlTemplate":"https:\/\/lucaseletro.com.br\/?s={search_term_string}"},"query-input":{"@type":"PropertyValueSpecification","valueRequired":true,"valueName":"search_term_string"}}],"inLanguage":"pt-BR"},{"@type":"Organization","@id":"https:\/\/lucaseletro.com.br\/#organization","name":"Lucas Eletro","alternateName":"Lucas Eletro","url":"https:\/\/lucaseletro.com.br\/","logo":{"@type":"ImageObject","inLanguage":"pt-BR","@id":"https:\/\/lucaseletro.com.br\/#\/schema\/logo\/image\/","url":"https:\/\/lucaseletro.com.br\/wp-content\/uploads\/2024\/08\/Logo-WebP.webp","contentUrl":"https:\/\/lucaseletro.com.br\/wp-content\/uploads\/2024\/08\/Logo-WebP.webp","width":1366,"height":457,"caption":"Lucas Eletro"},"image":{"@id":"https:\/\/lucaseletro.com.br\/#\/schema\/logo\/image\/"},"sameAs":["https:\/\/www.facebook.com\/lucas.eletro.71"]}]},"product_price_amount":"1499.00","product_price_currency":"BRL","og_availability":"instock","product_availability":"instock","product_condition":"new"},"_links":{"self":[{"href":"https:\/\/lucaseletro.com.br\/index.php?rest_route=\/wp\/v2\/product\/2844","targetHints":{"allow":["GET"]}}],"collection":[{"href":"https:\/\/lucaseletro.com.br\/index.php?rest_route=\/wp\/v2\/product"}],"about":[{"href":"https:\/\/lucaseletro.com.br\/index.php?rest_route=\/wp\/v2\/types\/product"}],"replies":[{"embeddable":true,"href":"https:\/\/lucaseletro.com.br\/index.php?rest_route=%2Fwp%2Fv2%2Fcomments&post=2844"}],"wp:featuredmedia":[{"embeddable":true,"href":"https:\/\/lucaseletro.com.br\/index.php?rest_route=\/wp\/v2\/media\/4501"}],"wp:attachment":[{"href":"https:\/\/lucaseletro.com.br\/index.php?rest_route=%2Fwp%2Fv2%2Fmedia&parent=2844"}],"wp:term":[{"taxonomy":"product_brand","embeddable":true,"href":"https:\/\/lucaseletro.com.br\/index.php?rest_route=%2Fwp%2Fv2%2Fproduct_brand&post=2844"},{"taxonomy":"product_cat","embeddable":true,"href":"https:\/\/lucaseletro.com.br\/index.php?rest_route=%2Fwp%2Fv2%2Fproduct_cat&post=2844"},{"taxonomy":"product_tag","embeddable":true,"href":"https:\/\/lucaseletro.com.br\/index.php?rest_route=%2Fwp%2Fv2%2Fproduct_tag&post=2844"}],"curies":[{"name":"wp","href":"https:\/\/api.w.org\/{rel}","templated":true}]}}