{"id":2846,"date":"2024-07-30T16:56:51","date_gmt":"2024-07-30T19:56:51","guid":{"rendered":"https:\/\/lucaseletro.com.br\/product\/fogao-realce-cook-top-5bocas\/"},"modified":"2025-09-08T13:55:26","modified_gmt":"2025-09-08T16:55:26","slug":"fogao-realce-cook-top-5bocas","status":"publish","type":"product","link":"https:\/\/lucaseletro.com.br\/?product=fogao-realce-cook-top-5bocas","title":{"rendered":"FOGAO ATLAS MILAO TOP 5BOCAS BRANCO"},"content":{"rendered":"<div class=\"sc-iGgWBj hZQAA-D sc-jwunkD dBWfQF\" data-testid=\"product-detail\">\n<h2 class=\"sc-dcJsrY iVJGKX\" data-testid=\"product-detail-label\">Informa\u00e7\u00f5es do Produto<\/h2>\n<p><span class=\"sc-dcJsrY jZKEso\" data-testid=\"product-detail-title\">Fog\u00e3o Atlas 5 Bocas Mil\u00e3o Top Control Inox com Acendimento Autom\u00e1tico<\/span><\/p>\n<div class=\"sc-iGgWBj jEOEJZ sc-cQYSec iIiVcO\" data-testid=\"product-detail-description\">\n<div class=\"sc-iGgWBj eWtIHQ sc-ddrdZi kFYyJS\" data-testid=\"rich-content-container\">\n<p><strong>Na Solar, d\u00e1 pra levar o Fog\u00e3o Atlas 5 Bocas Mil\u00e3o Top Control Mesa Inox.<\/strong><\/p>\n<p>O\u00a0<strong>Fog\u00e3o Atlas 5 Bocas Mil\u00e3o Top Control Mesa Inox\u00a0<\/strong>\u00e9 a escolha perfeita para quem busca\u00a0<strong>desempenho superior, design moderno e funcionalidades que facilitam o dia a dia na cozinha<\/strong>. Com uma estrutura robusta e um acabamento sofisticado, ele alia\u00a0<strong>durabilidade, seguran\u00e7a e efici\u00eancia<\/strong>, garantindo o preparo das suas receitas com muito mais praticidade.<\/p>\n<p><strong>Destaques do Fog\u00e3o Atlas Mil\u00e3o:<\/strong><strong>Mesa em Inox com Tampa de Vidro:<\/strong>\u00a0Beleza e resist\u00eancia em um acabamento moderno que facilita a limpeza e protege sua parede de respingos.<\/p>\n<p><strong>Acendimento Autom\u00e1tico:<\/strong>\u00a0Ligue as bocas com um simples toque, garantindo mais praticidade e seguran\u00e7a no uso di\u00e1rio.<\/p>\n<p><strong>Grades Duplas e Queimadores Potentes:<\/strong>\u00a0Maior durabilidade e estabilidade para suas panelas. Conta com\u00a0<strong>queimador Mega Chama<\/strong>, ideal para pratos que exigem pot\u00eancia extra.<\/p>\n<p><strong>Controle Top Control:<\/strong>\u00a0Bot\u00f5es posicionados no topo da mesa, proporcionando acesso mais f\u00e1cil e pr\u00e1tico ao controle das chamas.<\/p>\n<p><strong>Forno Amplo de 86,5 Litros:<\/strong>\u00a0Espa\u00e7o generoso para assar diversos pratos ao mesmo tempo, com\u00a0<strong>grade deslizante<\/strong>\u00a0para maior comodidade no manuseio dos alimentos.<\/p>\n<p><strong>Forno Limpa F\u00e1cil:<\/strong>\u00a0Revestimento especial que facilita a limpeza, reduzindo o esfor\u00e7o e mantendo o fog\u00e3o impec\u00e1vel por mais tempo.<\/p>\n<p><strong>P\u00e9s Altos e Bot\u00f5es Remov\u00edveis:<\/strong>\u00a0A limpeza da sua cozinha fica muito mais f\u00e1cil, garantindo higiene e organiza\u00e7\u00e3o.<\/p>\n<p><strong>Transforme sua experi\u00eancia na cozinha!<\/strong>Se voc\u00ea busca\u00a0<strong>desempenho, efici\u00eancia e um design sofisticado<\/strong>, o\u00a0<strong>Fog\u00e3o Atlas 5 Bocas Mil\u00e3o Top Control Mesa Inox\u00a0<\/strong>\u00e9 a escolha ideal. Ele une\u00a0<strong>modernidade, praticidade e robustez<\/strong>, tornando o preparo das suas refei\u00e7\u00f5es ainda mais prazeroso.<\/p>\n<p><strong>Na Solar, d\u00e1 pra levar tecnologia e eleg\u00e2ncia para sua casa!<\/strong><br \/>\nGaranta j\u00e1 o seu e aproveite o melhor da sua cozinha!<\/p>\n<p>*Imagens meramente ilustrativas.<\/p>\n<\/div>\n<\/div>\n<\/div>\n<div class=\"sc-iGgWBj eWtIHQ\" data-testid=\"lazyload-container\">\n<div class=\"sc-bpUBKd iMekvN\" data-testid=\"mod-o\"><\/div>\n<\/div>\n<div class=\"sc-iGgWBj hODtov sc-dnhcxY bzBSHk\">\n<table class=\"sc-iGgWBj iCEidV sc-bStcSt emFJXX\">\n<tbody>\n<tr>\n<td class=\"sc-iaJaUu jUTMlm\">Cor<\/td>\n<td class=\"sc-feoqov jEebvX\">\n<table class=\"sc-dOoqMo iwSfwR\">\n<tbody>\n<tr>\n<td>BRANCO<\/td>\n<\/tr>\n<\/tbody>\n<\/table>\n<\/td>\n<\/tr>\n<tr>\n<td class=\"sc-iaJaUu jUTMlm\">Voltagem<\/td>\n<td class=\"sc-feoqov jEebvX\">\n<table class=\"sc-dOoqMo iwSfwR\">\n<tbody>\n<tr>\n<td>BIVOLT<\/td>\n<\/tr>\n<\/tbody>\n<\/table>\n<\/td>\n<\/tr>\n<tr>\n<td class=\"sc-iaJaUu jUTMlm\">Informa\u00e7\u00f5es complementares<\/td>\n<td class=\"sc-feoqov jEebvX\">\n<table class=\"sc-dOoqMo iwSfwR\">\n<tbody>\n<tr>\n<td class=\"sc-gVJvzJ gJVWHr\">Linha<\/td>\n<td>Mil\u00e3o<\/td>\n<\/tr>\n<tr>\n<td class=\"sc-gVJvzJ gJVWHr\">Marca<\/td>\n<td><a class=\"sc-JrDLc gkEUmz sc-DWsrX gaOyIa sc-DWsrX gaOyIa\" href=\"https:\/\/www.magazineluiza.com.br\/marcas\/atlas\/\" data-testid=\"link\">Atlas<\/a><\/td>\n<\/tr>\n<tr>\n<td class=\"sc-gVJvzJ gJVWHr\">Modelo<\/td>\n<td>Mil\u00e3o Top Control<\/td>\n<\/tr>\n<\/tbody>\n<\/table>\n<\/td>\n<\/tr>\n<\/tbody>\n<\/table>\n<\/div>\n","protected":false},"excerpt":{"rendered":"<div class=\"sc-iGgWBj hZQAA-D sc-jwunkD dBWfQF\" data-testid=\"product-detail\">\n<h2 class=\"sc-dcJsrY iVJGKX\" data-testid=\"product-detail-label\">Informa\u00e7\u00f5es do Produto<\/h2>\n<p><span class=\"sc-dcJsrY jZKEso\" data-testid=\"product-detail-title\">Fog\u00e3o Atlas 5 Bocas Mil\u00e3o Top Control Inox com Acendimento Autom\u00e1tico<\/span><\/p>\n<div class=\"sc-iGgWBj jEOEJZ sc-cQYSec iIiVcO\" data-testid=\"product-detail-description\">\n<div class=\"sc-iGgWBj eWtIHQ sc-ddrdZi kFYyJS\" data-testid=\"rich-content-container\">\n<p><strong>Na Solar, d\u00e1 pra levar o Fog\u00e3o Atlas 5 Bocas Mil\u00e3o Top Control Mesa Inox.<\/strong><\/p>\n<p>O\u00a0<strong>Fog\u00e3o Atlas 5 Bocas Mil\u00e3o Top Control Mesa Inox\u00a0<\/strong>\u00e9 a escolha perfeita para quem busca\u00a0<strong>desempenho superior, design moderno e funcionalidades que facilitam o dia a dia na cozinha<\/strong>. Com uma estrutura robusta e um acabamento sofisticado, ele alia\u00a0<strong>durabilidade, seguran\u00e7a e efici\u00eancia<\/strong>, garantindo o preparo das suas receitas com muito mais praticidade.<\/p>\n<p><strong>Destaques do Fog\u00e3o Atlas Mil\u00e3o:<\/strong><strong>Mesa em Inox com Tampa de Vidro:<\/strong>\u00a0Beleza e resist\u00eancia em um acabamento moderno que facilita a limpeza e protege sua parede de respingos.<\/p>\n<p><strong>Acendimento Autom\u00e1tico:<\/strong>\u00a0Ligue as bocas com um simples toque, garantindo mais praticidade e seguran\u00e7a no uso di\u00e1rio.<\/p>\n<p><strong>Grades Duplas e Queimadores Potentes:<\/strong>\u00a0Maior durabilidade e estabilidade para suas panelas. Conta com\u00a0<strong>queimador Mega Chama<\/strong>, ideal para pratos que exigem pot\u00eancia extra.<\/p>\n<p><strong>Controle Top Control:<\/strong>\u00a0Bot\u00f5es posicionados no topo da mesa, proporcionando acesso mais f\u00e1cil e pr\u00e1tico ao controle das chamas.<\/p>\n<p><strong>Forno Amplo de 86,5 Litros:<\/strong>\u00a0Espa\u00e7o generoso para assar diversos pratos ao mesmo tempo, com\u00a0<strong>grade deslizante<\/strong>\u00a0para maior comodidade no manuseio dos alimentos.<\/p>\n<p><strong>Forno Limpa F\u00e1cil:<\/strong>\u00a0Revestimento especial que facilita a limpeza, reduzindo o esfor\u00e7o e mantendo o fog\u00e3o impec\u00e1vel por mais tempo.<\/p>\n<p><strong>P\u00e9s Altos e Bot\u00f5es Remov\u00edveis:<\/strong>\u00a0A limpeza da sua cozinha fica muito mais f\u00e1cil, garantindo higiene e organiza\u00e7\u00e3o.<\/p>\n<p><strong>Transforme sua experi\u00eancia na cozinha!<\/strong>Se voc\u00ea busca\u00a0<strong>desempenho, efici\u00eancia e um design sofisticado<\/strong>, o\u00a0<strong>Fog\u00e3o Atlas 5 Bocas Mil\u00e3o Top Control Mesa Inox\u00a0<\/strong>\u00e9 a escolha ideal. Ele une\u00a0<strong>modernidade, praticidade e robustez<\/strong>, tornando o preparo das suas refei\u00e7\u00f5es ainda mais prazeroso.<\/p>\n<p><strong>Na Solar, d\u00e1 pra levar tecnologia e eleg\u00e2ncia para sua casa!<\/strong><br \/>\nGaranta j\u00e1 o seu e aproveite o melhor da sua cozinha!<\/p>\n<p>*Imagens meramente ilustrativas.<\/p>\n<\/div>\n<\/div>\n<\/div>\n<div class=\"sc-iGgWBj eWtIHQ\" data-testid=\"lazyload-container\">\n<div class=\"sc-bpUBKd iMekvN\" data-testid=\"mod-o\"><\/div>\n<\/div>\n<div class=\"sc-iGgWBj hODtov sc-dnhcxY bzBSHk\">\n<table class=\"sc-iGgWBj iCEidV sc-bStcSt emFJXX\">\n<tbody>\n<tr>\n<td class=\"sc-iaJaUu jUTMlm\">Cor<\/td>\n<td class=\"sc-feoqov jEebvX\">\n<table class=\"sc-dOoqMo iwSfwR\">\n<tbody>\n<tr>\n<td>BRANCO<\/td>\n<\/tr>\n<\/tbody>\n<\/table>\n<\/td>\n<\/tr>\n<tr>\n<td class=\"sc-iaJaUu jUTMlm\">Voltagem<\/td>\n<td class=\"sc-feoqov jEebvX\">\n<table class=\"sc-dOoqMo iwSfwR\">\n<tbody>\n<tr>\n<td>BIVOLT<\/td>\n<\/tr>\n<\/tbody>\n<\/table>\n<\/td>\n<\/tr>\n<tr>\n<td class=\"sc-iaJaUu jUTMlm\">Informa\u00e7\u00f5es complementares<\/td>\n<td class=\"sc-feoqov jEebvX\">\n<table class=\"sc-dOoqMo iwSfwR\">\n<tbody>\n<tr>\n<td class=\"sc-gVJvzJ gJVWHr\">Linha<\/td>\n<td>Mil\u00e3o<\/td>\n<\/tr>\n<tr>\n<td class=\"sc-gVJvzJ gJVWHr\">Marca<\/td>\n<td><a class=\"sc-JrDLc gkEUmz sc-DWsrX gaOyIa sc-DWsrX gaOyIa\" href=\"https:\/\/www.magazineluiza.com.br\/marcas\/atlas\/\" data-testid=\"link\">Atlas<\/a><\/td>\n<\/tr>\n<tr>\n<td class=\"sc-gVJvzJ gJVWHr\">Modelo<\/td>\n<td>Mil\u00e3o Top Control<\/td>\n<\/tr>\n<\/tbody>\n<\/table>\n<\/td>\n<\/tr>\n<\/tbody>\n<\/table>\n<\/div>\n","protected":false},"featured_media":4417,"comment_status":"open","ping_status":"closed","template":"","meta":[],"product_brand":[],"product_cat":[32,86,77],"product_tag":[],"class_list":{"0":"post-2846","1":"product","2":"type-product","3":"status-publish","4":"has-post-thumbnail","6":"product_cat-cozinha","7":"product_cat-fogao-cozinha-metal","8":"product_cat-fogao-cozinha","10":"first","11":"instock","12":"shipping-taxable","13":"purchasable","14":"product-type-simple"},"yoast_head":"<!-- This site is optimized with the Yoast SEO Premium plugin v23.3 (Yoast SEO v27.5) - https:\/\/yoast.com\/product\/yoast-seo-premium-wordpress\/ -->\n<title>FOGAO ATLAS MILAO TOP 5BOCAS BRANCO - Lucas Eletro<\/title>\n<meta name=\"description\" content=\"FOGAO ATLAS MILAO TOP 5BOCAS BRANCO\" \/>\n<meta name=\"robots\" content=\"index, follow, max-snippet:-1, max-image-preview:large, max-video-preview:-1\" \/>\n<link rel=\"canonical\" href=\"https:\/\/lucaseletro.com.br\/?product=fogao-realce-cook-top-5bocas\" \/>\n<meta property=\"og:locale\" content=\"pt_BR\" \/>\n<meta property=\"og:type\" content=\"article\" \/>\n<meta property=\"og:title\" content=\"FOGAO ATLAS MILAO TOP 5BOCAS BRANCO - &#082;&#036;1.599,00 - Lucas Eletro\" \/>\n<meta property=\"og:description\" content=\"Informa\u00e7\u00f5es do Produto Fog\u00e3o Atlas 5 Bocas Mil\u00e3o Top Control Inox com Acendimento Autom\u00e1tico    Na Solar, d\u00e1 pra levar o Fog\u00e3o Atlas 5 Bocas Mil\u00e3o Top Control Mesa Inox.  O\u00a0Fog\u00e3o Atlas 5 Bocas Mil\u00e3o Top Control Mesa Inox\u00a0\u00e9 a escolha perfeita para quem busca\u00a0desempenho superior, design moderno e funcionalidades que facilitam o dia a dia na cozinha. Com uma estrutura robusta e um acabamento sofisticado, ele alia\u00a0durabilidade, seguran\u00e7a e efici\u00eancia, garantindo o preparo das suas receitas com muito mais praticidade.  Destaques do Fog\u00e3o Atlas Mil\u00e3o:Mesa em Inox com Tampa de Vidro:\u00a0Beleza e resist\u00eancia em um acabamento moderno que facilita a limpeza e protege sua parede de respingos.  Acendimento Autom\u00e1tico:\u00a0Ligue as bocas com um simples toque, garantindo mais praticidade e seguran\u00e7a no uso di\u00e1rio.  Grades Duplas e Queimadores Potentes:\u00a0Maior durabilidade e estabilidade para suas panelas. Conta com\u00a0queimador Mega Chama, ideal para pratos que exigem pot\u00eancia extra.  Controle Top Control:\u00a0Bot\u00f5es posicionados no topo da mesa, proporcionando acesso mais f\u00e1cil e pr\u00e1tico ao controle das chamas.  Forno Amplo de 86,5 Litros:\u00a0Espa\u00e7o generoso para assar diversos pratos ao mesmo tempo, com\u00a0grade deslizante\u00a0para maior comodidade no manuseio dos alimentos.  Forno Limpa F\u00e1cil:\u00a0Revestimento especial que facilita a limpeza, reduzindo o esfor\u00e7o e mantendo o fog\u00e3o impec\u00e1vel por mais tempo.  P\u00e9s Altos e Bot\u00f5es Remov\u00edveis:\u00a0A limpeza da sua cozinha fica muito mais f\u00e1cil, garantindo higiene e organiza\u00e7\u00e3o.  Transforme sua experi\u00eancia na cozinha!Se voc\u00ea busca\u00a0desempenho, efici\u00eancia e um design sofisticado, o\u00a0Fog\u00e3o Atlas 5 Bocas Mil\u00e3o Top Control Mesa Inox\u00a0\u00e9 a escolha ideal. Ele une\u00a0modernidade, praticidade e robustez, tornando o preparo das suas refei\u00e7\u00f5es ainda mais prazeroso.  Na Solar, d\u00e1 pra levar tecnologia e eleg\u00e2ncia para sua casa! Garanta j\u00e1 o seu e aproveite o melhor da sua cozinha!  *Imagens meramente ilustrativas.            Cor     BRANCO       Voltagem     BIVOLT       Informa\u00e7\u00f5es complementares     Linha Mil\u00e3o   Marca Atlas   Modelo Mil\u00e3o Top Control\" \/>\n<meta property=\"og:url\" content=\"https:\/\/lucaseletro.com.br\/?product=fogao-realce-cook-top-5bocas\" \/>\n<meta property=\"og:site_name\" content=\"Lucas Eletro\" \/>\n<meta property=\"article:publisher\" content=\"https:\/\/www.facebook.com\/lucas.eletro.71\" \/>\n<meta property=\"article:modified_time\" content=\"2025-09-08T16:55:26+00:00\" \/>\n<meta property=\"og:image\" content=\"https:\/\/lucaseletro.com.br\/wp-content\/uploads\/2024\/07\/fdfa590f7a3c8e66d7ddc1ea0c800fd8.webp\" \/>\n\t<meta property=\"og:image:width\" content=\"560\" \/>\n\t<meta property=\"og:image:height\" content=\"560\" \/>\n\t<meta property=\"og:image:type\" content=\"image\/webp\" \/>\n<meta name=\"twitter:card\" content=\"summary_large_image\" \/>\n<meta name=\"twitter:label1\" content=\"Pre\u00e7o\" \/>\n\t<meta name=\"twitter:data1\" content=\"&#082;&#036;1.599,00\" \/>\n\t<meta name=\"twitter:label2\" content=\"Disponibilidade\" \/>\n\t<meta name=\"twitter:data2\" content=\"Em Estoque\" \/>\n<script type=\"application\/ld+json\" class=\"yoast-schema-graph\">{\"@context\":\"https:\\\/\\\/schema.org\",\"@graph\":[{\"@type\":\"WebPage\",\"@id\":\"https:\\\/\\\/lucaseletro.com.br\\\/?product=fogao-realce-cook-top-5bocas\",\"url\":\"https:\\\/\\\/lucaseletro.com.br\\\/?product=fogao-realce-cook-top-5bocas\",\"name\":\"FOGAO ATLAS MILAO TOP 5BOCAS BRANCO - Lucas Eletro\",\"isPartOf\":{\"@id\":\"https:\\\/\\\/lucaseletro.com.br\\\/#website\"},\"primaryImageOfPage\":{\"@id\":\"https:\\\/\\\/lucaseletro.com.br\\\/?product=fogao-realce-cook-top-5bocas#primaryimage\"},\"image\":{\"@id\":\"https:\\\/\\\/lucaseletro.com.br\\\/?product=fogao-realce-cook-top-5bocas#primaryimage\"},\"thumbnailUrl\":\"https:\\\/\\\/lucaseletro.com.br\\\/wp-content\\\/uploads\\\/2024\\\/07\\\/fdfa590f7a3c8e66d7ddc1ea0c800fd8.webp\",\"datePublished\":\"2024-07-30T19:56:51+00:00\",\"dateModified\":\"2025-09-08T16:55:26+00:00\",\"description\":\"FOGAO ATLAS MILAO TOP 5BOCAS BRANCO\",\"breadcrumb\":{\"@id\":\"https:\\\/\\\/lucaseletro.com.br\\\/?product=fogao-realce-cook-top-5bocas#breadcrumb\"},\"inLanguage\":\"pt-BR\",\"potentialAction\":[{\"@type\":\"ReadAction\",\"target\":[\"https:\\\/\\\/lucaseletro.com.br\\\/?product=fogao-realce-cook-top-5bocas\"]}]},{\"@type\":\"ImageObject\",\"inLanguage\":\"pt-BR\",\"@id\":\"https:\\\/\\\/lucaseletro.com.br\\\/?product=fogao-realce-cook-top-5bocas#primaryimage\",\"url\":\"https:\\\/\\\/lucaseletro.com.br\\\/wp-content\\\/uploads\\\/2024\\\/07\\\/fdfa590f7a3c8e66d7ddc1ea0c800fd8.webp\",\"contentUrl\":\"https:\\\/\\\/lucaseletro.com.br\\\/wp-content\\\/uploads\\\/2024\\\/07\\\/fdfa590f7a3c8e66d7ddc1ea0c800fd8.webp\",\"width\":560,\"height\":560},{\"@type\":\"BreadcrumbList\",\"@id\":\"https:\\\/\\\/lucaseletro.com.br\\\/?product=fogao-realce-cook-top-5bocas#breadcrumb\",\"itemListElement\":[{\"@type\":\"ListItem\",\"position\":1,\"name\":\"In\u00edcio\",\"item\":\"https:\\\/\\\/lucaseletro.com.br\\\/\"},{\"@type\":\"ListItem\",\"position\":2,\"name\":\"Loja\",\"item\":\"https:\\\/\\\/lucaseletro.com.br\\\/?page_id=11\"},{\"@type\":\"ListItem\",\"position\":3,\"name\":\"FOGAO ATLAS MILAO TOP 5BOCAS BRANCO\"}]},{\"@type\":\"WebSite\",\"@id\":\"https:\\\/\\\/lucaseletro.com.br\\\/#website\",\"url\":\"https:\\\/\\\/lucaseletro.com.br\\\/\",\"name\":\"Lucas Eletro\",\"description\":\"Realizando seus sonhos\",\"publisher\":{\"@id\":\"https:\\\/\\\/lucaseletro.com.br\\\/#organization\"},\"alternateName\":\"Lucas Eletro\",\"potentialAction\":[{\"@type\":\"SearchAction\",\"target\":{\"@type\":\"EntryPoint\",\"urlTemplate\":\"https:\\\/\\\/lucaseletro.com.br\\\/?s={search_term_string}\"},\"query-input\":{\"@type\":\"PropertyValueSpecification\",\"valueRequired\":true,\"valueName\":\"search_term_string\"}}],\"inLanguage\":\"pt-BR\"},{\"@type\":\"Organization\",\"@id\":\"https:\\\/\\\/lucaseletro.com.br\\\/#organization\",\"name\":\"Lucas Eletro\",\"alternateName\":\"Lucas Eletro\",\"url\":\"https:\\\/\\\/lucaseletro.com.br\\\/\",\"logo\":{\"@type\":\"ImageObject\",\"inLanguage\":\"pt-BR\",\"@id\":\"https:\\\/\\\/lucaseletro.com.br\\\/#\\\/schema\\\/logo\\\/image\\\/\",\"url\":\"https:\\\/\\\/lucaseletro.com.br\\\/wp-content\\\/uploads\\\/2024\\\/08\\\/Logo-WebP.webp\",\"contentUrl\":\"https:\\\/\\\/lucaseletro.com.br\\\/wp-content\\\/uploads\\\/2024\\\/08\\\/Logo-WebP.webp\",\"width\":1366,\"height\":457,\"caption\":\"Lucas Eletro\"},\"image\":{\"@id\":\"https:\\\/\\\/lucaseletro.com.br\\\/#\\\/schema\\\/logo\\\/image\\\/\"},\"sameAs\":[\"https:\\\/\\\/www.facebook.com\\\/lucas.eletro.71\"]}]}<\/script>\n<meta property=\"product:price:amount\" content=\"1599.00\" \/>\n<meta property=\"product:price:currency\" content=\"BRL\" \/>\n<meta property=\"og:availability\" content=\"instock\" \/>\n<meta property=\"product:availability\" content=\"instock\" \/>\n<meta property=\"product:condition\" content=\"new\" \/>\n<!-- \/ Yoast SEO Premium plugin. -->","yoast_head_json":{"title":"FOGAO ATLAS MILAO TOP 5BOCAS BRANCO - Lucas Eletro","description":"FOGAO ATLAS MILAO TOP 5BOCAS BRANCO","robots":{"index":"index","follow":"follow","max-snippet":"max-snippet:-1","max-image-preview":"max-image-preview:large","max-video-preview":"max-video-preview:-1"},"canonical":"https:\/\/lucaseletro.com.br\/?product=fogao-realce-cook-top-5bocas","og_locale":"pt_BR","og_type":"article","og_title":"FOGAO ATLAS MILAO TOP 5BOCAS BRANCO - &#82;&#36;1.599,00 - Lucas Eletro","og_description":"Informa\u00e7\u00f5es do Produto Fog\u00e3o Atlas 5 Bocas Mil\u00e3o Top Control Inox com Acendimento Autom\u00e1tico    Na Solar, d\u00e1 pra levar o Fog\u00e3o Atlas 5 Bocas Mil\u00e3o Top Control Mesa Inox.  O\u00a0Fog\u00e3o Atlas 5 Bocas Mil\u00e3o Top Control Mesa Inox\u00a0\u00e9 a escolha perfeita para quem busca\u00a0desempenho superior, design moderno e funcionalidades que facilitam o dia a dia na cozinha. Com uma estrutura robusta e um acabamento sofisticado, ele alia\u00a0durabilidade, seguran\u00e7a e efici\u00eancia, garantindo o preparo das suas receitas com muito mais praticidade.  Destaques do Fog\u00e3o Atlas Mil\u00e3o:Mesa em Inox com Tampa de Vidro:\u00a0Beleza e resist\u00eancia em um acabamento moderno que facilita a limpeza e protege sua parede de respingos.  Acendimento Autom\u00e1tico:\u00a0Ligue as bocas com um simples toque, garantindo mais praticidade e seguran\u00e7a no uso di\u00e1rio.  Grades Duplas e Queimadores Potentes:\u00a0Maior durabilidade e estabilidade para suas panelas. Conta com\u00a0queimador Mega Chama, ideal para pratos que exigem pot\u00eancia extra.  Controle Top Control:\u00a0Bot\u00f5es posicionados no topo da mesa, proporcionando acesso mais f\u00e1cil e pr\u00e1tico ao controle das chamas.  Forno Amplo de 86,5 Litros:\u00a0Espa\u00e7o generoso para assar diversos pratos ao mesmo tempo, com\u00a0grade deslizante\u00a0para maior comodidade no manuseio dos alimentos.  Forno Limpa F\u00e1cil:\u00a0Revestimento especial que facilita a limpeza, reduzindo o esfor\u00e7o e mantendo o fog\u00e3o impec\u00e1vel por mais tempo.  P\u00e9s Altos e Bot\u00f5es Remov\u00edveis:\u00a0A limpeza da sua cozinha fica muito mais f\u00e1cil, garantindo higiene e organiza\u00e7\u00e3o.  Transforme sua experi\u00eancia na cozinha!Se voc\u00ea busca\u00a0desempenho, efici\u00eancia e um design sofisticado, o\u00a0Fog\u00e3o Atlas 5 Bocas Mil\u00e3o Top Control Mesa Inox\u00a0\u00e9 a escolha ideal. Ele une\u00a0modernidade, praticidade e robustez, tornando o preparo das suas refei\u00e7\u00f5es ainda mais prazeroso.  Na Solar, d\u00e1 pra levar tecnologia e eleg\u00e2ncia para sua casa! Garanta j\u00e1 o seu e aproveite o melhor da sua cozinha!  *Imagens meramente ilustrativas.            Cor     BRANCO       Voltagem     BIVOLT       Informa\u00e7\u00f5es complementares     Linha Mil\u00e3o   Marca Atlas   Modelo Mil\u00e3o Top Control","og_url":"https:\/\/lucaseletro.com.br\/?product=fogao-realce-cook-top-5bocas","og_site_name":"Lucas Eletro","article_publisher":"https:\/\/www.facebook.com\/lucas.eletro.71","article_modified_time":"2025-09-08T16:55:26+00:00","og_image":[{"width":560,"height":560,"url":"https:\/\/lucaseletro.com.br\/wp-content\/uploads\/2024\/07\/fdfa590f7a3c8e66d7ddc1ea0c800fd8.webp","type":"image\/webp"}],"twitter_card":"summary_large_image","twitter_misc":{"Pre\u00e7o":"&#82;&#36;1.599,00","Disponibilidade":"Em Estoque"},"schema":{"@context":"https:\/\/schema.org","@graph":[{"@type":"WebPage","@id":"https:\/\/lucaseletro.com.br\/?product=fogao-realce-cook-top-5bocas","url":"https:\/\/lucaseletro.com.br\/?product=fogao-realce-cook-top-5bocas","name":"FOGAO ATLAS MILAO TOP 5BOCAS BRANCO - Lucas Eletro","isPartOf":{"@id":"https:\/\/lucaseletro.com.br\/#website"},"primaryImageOfPage":{"@id":"https:\/\/lucaseletro.com.br\/?product=fogao-realce-cook-top-5bocas#primaryimage"},"image":{"@id":"https:\/\/lucaseletro.com.br\/?product=fogao-realce-cook-top-5bocas#primaryimage"},"thumbnailUrl":"https:\/\/lucaseletro.com.br\/wp-content\/uploads\/2024\/07\/fdfa590f7a3c8e66d7ddc1ea0c800fd8.webp","datePublished":"2024-07-30T19:56:51+00:00","dateModified":"2025-09-08T16:55:26+00:00","description":"FOGAO ATLAS MILAO TOP 5BOCAS BRANCO","breadcrumb":{"@id":"https:\/\/lucaseletro.com.br\/?product=fogao-realce-cook-top-5bocas#breadcrumb"},"inLanguage":"pt-BR","potentialAction":[{"@type":"ReadAction","target":["https:\/\/lucaseletro.com.br\/?product=fogao-realce-cook-top-5bocas"]}]},{"@type":"ImageObject","inLanguage":"pt-BR","@id":"https:\/\/lucaseletro.com.br\/?product=fogao-realce-cook-top-5bocas#primaryimage","url":"https:\/\/lucaseletro.com.br\/wp-content\/uploads\/2024\/07\/fdfa590f7a3c8e66d7ddc1ea0c800fd8.webp","contentUrl":"https:\/\/lucaseletro.com.br\/wp-content\/uploads\/2024\/07\/fdfa590f7a3c8e66d7ddc1ea0c800fd8.webp","width":560,"height":560},{"@type":"BreadcrumbList","@id":"https:\/\/lucaseletro.com.br\/?product=fogao-realce-cook-top-5bocas#breadcrumb","itemListElement":[{"@type":"ListItem","position":1,"name":"In\u00edcio","item":"https:\/\/lucaseletro.com.br\/"},{"@type":"ListItem","position":2,"name":"Loja","item":"https:\/\/lucaseletro.com.br\/?page_id=11"},{"@type":"ListItem","position":3,"name":"FOGAO ATLAS MILAO TOP 5BOCAS BRANCO"}]},{"@type":"WebSite","@id":"https:\/\/lucaseletro.com.br\/#website","url":"https:\/\/lucaseletro.com.br\/","name":"Lucas Eletro","description":"Realizando seus sonhos","publisher":{"@id":"https:\/\/lucaseletro.com.br\/#organization"},"alternateName":"Lucas Eletro","potentialAction":[{"@type":"SearchAction","target":{"@type":"EntryPoint","urlTemplate":"https:\/\/lucaseletro.com.br\/?s={search_term_string}"},"query-input":{"@type":"PropertyValueSpecification","valueRequired":true,"valueName":"search_term_string"}}],"inLanguage":"pt-BR"},{"@type":"Organization","@id":"https:\/\/lucaseletro.com.br\/#organization","name":"Lucas Eletro","alternateName":"Lucas Eletro","url":"https:\/\/lucaseletro.com.br\/","logo":{"@type":"ImageObject","inLanguage":"pt-BR","@id":"https:\/\/lucaseletro.com.br\/#\/schema\/logo\/image\/","url":"https:\/\/lucaseletro.com.br\/wp-content\/uploads\/2024\/08\/Logo-WebP.webp","contentUrl":"https:\/\/lucaseletro.com.br\/wp-content\/uploads\/2024\/08\/Logo-WebP.webp","width":1366,"height":457,"caption":"Lucas Eletro"},"image":{"@id":"https:\/\/lucaseletro.com.br\/#\/schema\/logo\/image\/"},"sameAs":["https:\/\/www.facebook.com\/lucas.eletro.71"]}]},"product_price_amount":"1599.00","product_price_currency":"BRL","og_availability":"instock","product_availability":"instock","product_condition":"new"},"_links":{"self":[{"href":"https:\/\/lucaseletro.com.br\/index.php?rest_route=\/wp\/v2\/product\/2846","targetHints":{"allow":["GET"]}}],"collection":[{"href":"https:\/\/lucaseletro.com.br\/index.php?rest_route=\/wp\/v2\/product"}],"about":[{"href":"https:\/\/lucaseletro.com.br\/index.php?rest_route=\/wp\/v2\/types\/product"}],"replies":[{"embeddable":true,"href":"https:\/\/lucaseletro.com.br\/index.php?rest_route=%2Fwp%2Fv2%2Fcomments&post=2846"}],"wp:featuredmedia":[{"embeddable":true,"href":"https:\/\/lucaseletro.com.br\/index.php?rest_route=\/wp\/v2\/media\/4417"}],"wp:attachment":[{"href":"https:\/\/lucaseletro.com.br\/index.php?rest_route=%2Fwp%2Fv2%2Fmedia&parent=2846"}],"wp:term":[{"taxonomy":"product_brand","embeddable":true,"href":"https:\/\/lucaseletro.com.br\/index.php?rest_route=%2Fwp%2Fv2%2Fproduct_brand&post=2846"},{"taxonomy":"product_cat","embeddable":true,"href":"https:\/\/lucaseletro.com.br\/index.php?rest_route=%2Fwp%2Fv2%2Fproduct_cat&post=2846"},{"taxonomy":"product_tag","embeddable":true,"href":"https:\/\/lucaseletro.com.br\/index.php?rest_route=%2Fwp%2Fv2%2Fproduct_tag&post=2846"}],"curies":[{"name":"wp","href":"https:\/\/api.w.org\/{rel}","templated":true}]}}