{"id":2858,"date":"2024-07-30T16:56:53","date_gmt":"2024-07-30T19:56:53","guid":{"rendered":"https:\/\/lucaseletro.com.br\/product\/ferro-black-decker-seco-tradicional\/"},"modified":"2024-09-27T15:33:42","modified_gmt":"2024-09-27T18:33:42","slug":"ferro-black-decker-seco-tradicional","status":"publish","type":"product","link":"https:\/\/lucaseletro.com.br\/?product=ferro-black-decker-seco-tradicional","title":{"rendered":"FERRO BLACK DECKER SECO TRADICIONAL"},"content":{"rendered":"<h2 class=\"sc-kpDqfm ivZCgz\" data-testid=\"product-detail-label\">Informa\u00e7\u00f5es do Produto<\/h2>\n<p><span class=\"sc-kpDqfm qhIEo\" data-testid=\"product-detail-title\">Ferro Retro Modelo Antigo Black Decker VFA1110TM2 Preto 127V 1110W<\/span><\/p>\n<div class=\"sc-fqkvVR heuZyN sc-goswLM hwVKt\" data-testid=\"product-detail-description\">\n<div class=\"sc-fqkvVR hlqElk sc-gazJty bndlSw\" data-testid=\"rich-content-container\">O ferro de passar possui mais de 60 anos de tradi\u00e7\u00e3o, que leva qualidade e confian\u00e7a aos nossos clientes. Conta com 7 n\u00edveis de temperatura que desamassa os tecidos mais dif\u00edceis. O ferro passa a seco, possui seletor para escolha do tecido e temperaturas, poupa bot\u00f5es em toda a lateral do ferro, tem base de alum\u00ednio polido, controle de temperatura frontal, cabo anat\u00f4mico com giro 360\u00b0. \u00c9 um ferro forte e eficiente!<\/p>\n<p>O que vai na caixa?<\/p>\n<p>&#8211; 1 Ferro de Passar VFA1110TM2<br \/>\n&#8211; Manual de instru\u00e7\u00f5es<\/p>\n<p>Benef\u00edcios:<\/p>\n<p>&#8211; Passa a Seco<br \/>\n&#8211; Base em alum\u00ednio polido<br \/>\n&#8211; Seletor para escolha da temperatura<br \/>\n&#8211; Poupa bot\u00f5es em ambos os lados do ferro<br \/>\n&#8211; Cl\u00e1ssica pintura especial cromada<br \/>\n&#8211; L\u00edder de mercado na categoria<\/p><\/div>\n<div data-testid=\"rich-content-container\"><\/div>\n<\/div>\n","protected":false},"excerpt":{"rendered":"<div class=\"sc-fqkvVR clbOvz sc-jiBWvh eXtrHs\" data-testid=\"product-detail\">\n<div class=\"sc-fqkvVR heuZyN sc-goswLM hwVKt\" data-testid=\"product-detail-description\">\n<div class=\"sc-fqkvVR hlqElk sc-gazJty bndlSw\" data-testid=\"rich-content-container\">Ficha t\u00e9cnica:<\/p>\n<p>&#8211; Marca: Black+Decker<br \/>\n&#8211; Modelo: VFA1110XM6<br \/>\n&#8211; Tens\u00e3o: 127v<br \/>\n&#8211; Pot\u00eancia: 1100w<br \/>\n&#8211; Peso: 1,050<br \/>\n&#8211; Cor: Preto com base alum\u00ednio polido<br \/>\n&#8211; Consumo de energia: 0,434kWh<br \/>\n&#8211; Comprimento do Cabo: 1,42m<br \/>\n&#8211; Frequ\u00eancia: 60 hz<br \/>\n&#8211; Temperatura: 190\u00b0 a 220\u00b0<br \/>\n&#8211; Cabo anat\u00f4mico com giro de 360o<br \/>\n&#8211; Garantia: 02 anos para defeito de fabrica\u00e7\u00e3o<\/p>\n<p>Imagens meramente ilustrativas.<\/p><\/div>\n<\/div>\n<\/div>\n<div class=\"sc-fqkvVR hlqElk\" data-testid=\"lazyload-container\">\n<div class=\"sc-dcJsrY dlXJDa\" data-testid=\"mod-y\"><\/div>\n<\/div>\n<div class=\"sc-fqkvVR dESRav sc-fCqsqp RvlHu\">\n<table class=\"sc-fqkvVR dUvaSJ sc-iowXnY cLYDWA\">\n<tbody>\n<tr>\n<td class=\"sc-fscmHZ kXoYjo\">Informa\u00e7\u00f5es complementares<\/td>\n<td class=\"sc-bWJUgm flViUP\">\n<table class=\"sc-lfYzqA gdcOCn\">\n<tbody>\n<tr>\n<td class=\"sc-kpKSZj hUuUDN\">Cor<\/td>\n<td>Preto<\/td>\n<\/tr>\n<tr>\n<td class=\"sc-kpKSZj hUuUDN\">Marca<\/td>\n<td><a class=\"sc-hCPjZK iZCfsc sc-ijDOKB gmWSOd sc-ijDOKB gmWSOd\" href=\"https:\/\/www.magazineluiza.com.br\/marcas\/black+decker\/\" data-testid=\"link\">Black &amp; Decker<\/a><\/td>\n<\/tr>\n<tr>\n<td class=\"sc-kpKSZj hUuUDN\">Pot\u00eancia<\/td>\n<td>1110 W<\/td>\n<\/tr>\n<tr>\n<td class=\"sc-kpKSZj hUuUDN\">Voltagem<\/td>\n<td>127 V<\/td>\n<\/tr>\n<\/tbody>\n<\/table>\n<\/td>\n<\/tr>\n<\/tbody>\n<\/table>\n<\/div>\n","protected":false},"featured_media":3688,"comment_status":"open","ping_status":"closed","template":"","meta":[],"product_brand":[],"product_cat":[61,60],"product_tag":[],"class_list":{"0":"post-2858","1":"product","2":"type-product","3":"status-publish","4":"has-post-thumbnail","6":"product_cat-eletricos","7":"product_cat-utilidades-domesticas","9":"first","10":"instock","11":"shipping-taxable","12":"purchasable","13":"product-type-simple"},"yoast_head":"<!-- This site is optimized with the Yoast SEO Premium plugin v23.3 (Yoast SEO v27.4) - https:\/\/yoast.com\/product\/yoast-seo-premium-wordpress\/ -->\n<title>FERRO BLACK DECKER SECO TRADICIONAL - Lucas Eletro<\/title>\n<meta name=\"description\" content=\"Ferro Retro Modelo Antigo Black Decker VFA1110TM2 Preto 127V 1110WO ferro de passar possui mais de 60 anos de tradi\u00e7\u00e3o, que leva qualidade e confian\u00e7a aos nossos clientes. Conta com 7 n\u00edveis de temperatura que desamassa os tecidos mais dif\u00edceis. O ferro passa a seco, possui seletor para escolha do tecido e temperaturas, poupa bot\u00f5es em toda a lateral do ferro, tem base de alum\u00ednio polido, controle de temperatura frontal, cabo anat\u00f4mico com giro 360\u00b0. \u00c9 um ferro forte e eficiente!\" \/>\n<meta name=\"robots\" content=\"index, follow, max-snippet:-1, max-image-preview:large, max-video-preview:-1\" \/>\n<link rel=\"canonical\" href=\"https:\/\/lucaseletro.com.br\/?product=ferro-black-decker-seco-tradicional\" \/>\n<meta property=\"og:locale\" content=\"pt_BR\" \/>\n<meta property=\"og:type\" content=\"article\" \/>\n<meta property=\"og:title\" content=\"FERRO BLACK DECKER SECO TRADICIONAL - &#082;&#036;165,00 - Lucas Eletro\" \/>\n<meta property=\"og:description\" content=\"Ficha t\u00e9cnica:  - Marca: Black+Decker - Modelo: VFA1110XM6 - Tens\u00e3o: 127v - Pot\u00eancia: 1100w - Peso: 1,050 - Cor: Preto com base alum\u00ednio polido - Consumo de energia: 0,434kWh - Comprimento do Cabo: 1,42m - Frequ\u00eancia: 60 hz - Temperatura: 190\u00b0 a 220\u00b0 - Cabo anat\u00f4mico com giro de 360o - Garantia: 02 anos para defeito de fabrica\u00e7\u00e3o  Imagens meramente ilustrativas.          Informa\u00e7\u00f5es complementares     Cor Preto   Marca Black &amp; Decker   Pot\u00eancia 1110 W   Voltagem 127 V\" \/>\n<meta property=\"og:url\" content=\"https:\/\/lucaseletro.com.br\/?product=ferro-black-decker-seco-tradicional\" \/>\n<meta property=\"og:site_name\" content=\"Lucas Eletro\" \/>\n<meta property=\"article:publisher\" content=\"https:\/\/www.facebook.com\/lucas.eletro.71\" \/>\n<meta property=\"article:modified_time\" content=\"2024-09-27T18:33:42+00:00\" \/>\n<meta property=\"og:image\" content=\"https:\/\/lucaseletro.com.br\/wp-content\/uploads\/2024\/07\/1777406b85e6e27637fed3d39ede8898.webp\" \/>\n\t<meta property=\"og:image:width\" content=\"560\" \/>\n\t<meta property=\"og:image:height\" content=\"560\" \/>\n\t<meta property=\"og:image:type\" content=\"image\/webp\" \/>\n<meta name=\"twitter:card\" content=\"summary_large_image\" \/>\n<meta name=\"twitter:label1\" content=\"Pre\u00e7o\" \/>\n\t<meta name=\"twitter:data1\" content=\"&#082;&#036;165,00\" \/>\n\t<meta name=\"twitter:label2\" content=\"Disponibilidade\" \/>\n\t<meta name=\"twitter:data2\" content=\"Em Estoque\" \/>\n<script type=\"application\/ld+json\" class=\"yoast-schema-graph\">{\"@context\":\"https:\\\/\\\/schema.org\",\"@graph\":[{\"@type\":\"WebPage\",\"@id\":\"https:\\\/\\\/lucaseletro.com.br\\\/?product=ferro-black-decker-seco-tradicional\",\"url\":\"https:\\\/\\\/lucaseletro.com.br\\\/?product=ferro-black-decker-seco-tradicional\",\"name\":\"FERRO BLACK DECKER SECO TRADICIONAL - Lucas Eletro\",\"isPartOf\":{\"@id\":\"https:\\\/\\\/lucaseletro.com.br\\\/#website\"},\"primaryImageOfPage\":{\"@id\":\"https:\\\/\\\/lucaseletro.com.br\\\/?product=ferro-black-decker-seco-tradicional#primaryimage\"},\"image\":{\"@id\":\"https:\\\/\\\/lucaseletro.com.br\\\/?product=ferro-black-decker-seco-tradicional#primaryimage\"},\"thumbnailUrl\":\"https:\\\/\\\/lucaseletro.com.br\\\/wp-content\\\/uploads\\\/2024\\\/07\\\/1777406b85e6e27637fed3d39ede8898.webp\",\"datePublished\":\"2024-07-30T19:56:53+00:00\",\"dateModified\":\"2024-09-27T18:33:42+00:00\",\"description\":\"Ferro Retro Modelo Antigo Black Decker VFA1110TM2 Preto 127V 1110WO ferro de passar possui mais de 60 anos de tradi\u00e7\u00e3o, que leva qualidade e confian\u00e7a aos nossos clientes. Conta com 7 n\u00edveis de temperatura que desamassa os tecidos mais dif\u00edceis. O ferro passa a seco, possui seletor para escolha do tecido e temperaturas, poupa bot\u00f5es em toda a lateral do ferro, tem base de alum\u00ednio polido, controle de temperatura frontal, cabo anat\u00f4mico com giro 360\u00b0. \u00c9 um ferro forte e eficiente!\",\"breadcrumb\":{\"@id\":\"https:\\\/\\\/lucaseletro.com.br\\\/?product=ferro-black-decker-seco-tradicional#breadcrumb\"},\"inLanguage\":\"pt-BR\",\"potentialAction\":[{\"@type\":\"ReadAction\",\"target\":[\"https:\\\/\\\/lucaseletro.com.br\\\/?product=ferro-black-decker-seco-tradicional\"]}]},{\"@type\":\"ImageObject\",\"inLanguage\":\"pt-BR\",\"@id\":\"https:\\\/\\\/lucaseletro.com.br\\\/?product=ferro-black-decker-seco-tradicional#primaryimage\",\"url\":\"https:\\\/\\\/lucaseletro.com.br\\\/wp-content\\\/uploads\\\/2024\\\/07\\\/1777406b85e6e27637fed3d39ede8898.webp\",\"contentUrl\":\"https:\\\/\\\/lucaseletro.com.br\\\/wp-content\\\/uploads\\\/2024\\\/07\\\/1777406b85e6e27637fed3d39ede8898.webp\",\"width\":560,\"height\":560},{\"@type\":\"BreadcrumbList\",\"@id\":\"https:\\\/\\\/lucaseletro.com.br\\\/?product=ferro-black-decker-seco-tradicional#breadcrumb\",\"itemListElement\":[{\"@type\":\"ListItem\",\"position\":1,\"name\":\"In\u00edcio\",\"item\":\"https:\\\/\\\/lucaseletro.com.br\\\/\"},{\"@type\":\"ListItem\",\"position\":2,\"name\":\"Loja\",\"item\":\"https:\\\/\\\/lucaseletro.com.br\\\/?page_id=11\"},{\"@type\":\"ListItem\",\"position\":3,\"name\":\"FERRO BLACK DECKER SECO TRADICIONAL\"}]},{\"@type\":\"WebSite\",\"@id\":\"https:\\\/\\\/lucaseletro.com.br\\\/#website\",\"url\":\"https:\\\/\\\/lucaseletro.com.br\\\/\",\"name\":\"Lucas Eletro\",\"description\":\"Realizando seus sonhos\",\"publisher\":{\"@id\":\"https:\\\/\\\/lucaseletro.com.br\\\/#organization\"},\"alternateName\":\"Lucas Eletro\",\"potentialAction\":[{\"@type\":\"SearchAction\",\"target\":{\"@type\":\"EntryPoint\",\"urlTemplate\":\"https:\\\/\\\/lucaseletro.com.br\\\/?s={search_term_string}\"},\"query-input\":{\"@type\":\"PropertyValueSpecification\",\"valueRequired\":true,\"valueName\":\"search_term_string\"}}],\"inLanguage\":\"pt-BR\"},{\"@type\":\"Organization\",\"@id\":\"https:\\\/\\\/lucaseletro.com.br\\\/#organization\",\"name\":\"Lucas Eletro\",\"alternateName\":\"Lucas Eletro\",\"url\":\"https:\\\/\\\/lucaseletro.com.br\\\/\",\"logo\":{\"@type\":\"ImageObject\",\"inLanguage\":\"pt-BR\",\"@id\":\"https:\\\/\\\/lucaseletro.com.br\\\/#\\\/schema\\\/logo\\\/image\\\/\",\"url\":\"https:\\\/\\\/lucaseletro.com.br\\\/wp-content\\\/uploads\\\/2024\\\/08\\\/Logo-WebP.webp\",\"contentUrl\":\"https:\\\/\\\/lucaseletro.com.br\\\/wp-content\\\/uploads\\\/2024\\\/08\\\/Logo-WebP.webp\",\"width\":1366,\"height\":457,\"caption\":\"Lucas Eletro\"},\"image\":{\"@id\":\"https:\\\/\\\/lucaseletro.com.br\\\/#\\\/schema\\\/logo\\\/image\\\/\"},\"sameAs\":[\"https:\\\/\\\/www.facebook.com\\\/lucas.eletro.71\"]}]}<\/script>\n<meta property=\"product:price:amount\" content=\"165.00\" \/>\n<meta property=\"product:price:currency\" content=\"BRL\" \/>\n<meta property=\"og:availability\" content=\"instock\" \/>\n<meta property=\"product:availability\" content=\"instock\" \/>\n<meta property=\"product:condition\" content=\"new\" \/>\n<!-- \/ Yoast SEO Premium plugin. -->","yoast_head_json":{"title":"FERRO BLACK DECKER SECO TRADICIONAL - Lucas Eletro","description":"Ferro Retro Modelo Antigo Black Decker VFA1110TM2 Preto 127V 1110WO ferro de passar possui mais de 60 anos de tradi\u00e7\u00e3o, que leva qualidade e confian\u00e7a aos nossos clientes. Conta com 7 n\u00edveis de temperatura que desamassa os tecidos mais dif\u00edceis. O ferro passa a seco, possui seletor para escolha do tecido e temperaturas, poupa bot\u00f5es em toda a lateral do ferro, tem base de alum\u00ednio polido, controle de temperatura frontal, cabo anat\u00f4mico com giro 360\u00b0. \u00c9 um ferro forte e eficiente!","robots":{"index":"index","follow":"follow","max-snippet":"max-snippet:-1","max-image-preview":"max-image-preview:large","max-video-preview":"max-video-preview:-1"},"canonical":"https:\/\/lucaseletro.com.br\/?product=ferro-black-decker-seco-tradicional","og_locale":"pt_BR","og_type":"article","og_title":"FERRO BLACK DECKER SECO TRADICIONAL - &#82;&#36;165,00 - Lucas Eletro","og_description":"Ficha t\u00e9cnica:  - Marca: Black+Decker - Modelo: VFA1110XM6 - Tens\u00e3o: 127v - Pot\u00eancia: 1100w - Peso: 1,050 - Cor: Preto com base alum\u00ednio polido - Consumo de energia: 0,434kWh - Comprimento do Cabo: 1,42m - Frequ\u00eancia: 60 hz - Temperatura: 190\u00b0 a 220\u00b0 - Cabo anat\u00f4mico com giro de 360o - Garantia: 02 anos para defeito de fabrica\u00e7\u00e3o  Imagens meramente ilustrativas.          Informa\u00e7\u00f5es complementares     Cor Preto   Marca Black &amp; Decker   Pot\u00eancia 1110 W   Voltagem 127 V","og_url":"https:\/\/lucaseletro.com.br\/?product=ferro-black-decker-seco-tradicional","og_site_name":"Lucas Eletro","article_publisher":"https:\/\/www.facebook.com\/lucas.eletro.71","article_modified_time":"2024-09-27T18:33:42+00:00","og_image":[{"width":560,"height":560,"url":"https:\/\/lucaseletro.com.br\/wp-content\/uploads\/2024\/07\/1777406b85e6e27637fed3d39ede8898.webp","type":"image\/webp"}],"twitter_card":"summary_large_image","twitter_misc":{"Pre\u00e7o":"&#82;&#36;165,00","Disponibilidade":"Em Estoque"},"schema":{"@context":"https:\/\/schema.org","@graph":[{"@type":"WebPage","@id":"https:\/\/lucaseletro.com.br\/?product=ferro-black-decker-seco-tradicional","url":"https:\/\/lucaseletro.com.br\/?product=ferro-black-decker-seco-tradicional","name":"FERRO BLACK DECKER SECO TRADICIONAL - Lucas Eletro","isPartOf":{"@id":"https:\/\/lucaseletro.com.br\/#website"},"primaryImageOfPage":{"@id":"https:\/\/lucaseletro.com.br\/?product=ferro-black-decker-seco-tradicional#primaryimage"},"image":{"@id":"https:\/\/lucaseletro.com.br\/?product=ferro-black-decker-seco-tradicional#primaryimage"},"thumbnailUrl":"https:\/\/lucaseletro.com.br\/wp-content\/uploads\/2024\/07\/1777406b85e6e27637fed3d39ede8898.webp","datePublished":"2024-07-30T19:56:53+00:00","dateModified":"2024-09-27T18:33:42+00:00","description":"Ferro Retro Modelo Antigo Black Decker VFA1110TM2 Preto 127V 1110WO ferro de passar possui mais de 60 anos de tradi\u00e7\u00e3o, que leva qualidade e confian\u00e7a aos nossos clientes. Conta com 7 n\u00edveis de temperatura que desamassa os tecidos mais dif\u00edceis. O ferro passa a seco, possui seletor para escolha do tecido e temperaturas, poupa bot\u00f5es em toda a lateral do ferro, tem base de alum\u00ednio polido, controle de temperatura frontal, cabo anat\u00f4mico com giro 360\u00b0. \u00c9 um ferro forte e eficiente!","breadcrumb":{"@id":"https:\/\/lucaseletro.com.br\/?product=ferro-black-decker-seco-tradicional#breadcrumb"},"inLanguage":"pt-BR","potentialAction":[{"@type":"ReadAction","target":["https:\/\/lucaseletro.com.br\/?product=ferro-black-decker-seco-tradicional"]}]},{"@type":"ImageObject","inLanguage":"pt-BR","@id":"https:\/\/lucaseletro.com.br\/?product=ferro-black-decker-seco-tradicional#primaryimage","url":"https:\/\/lucaseletro.com.br\/wp-content\/uploads\/2024\/07\/1777406b85e6e27637fed3d39ede8898.webp","contentUrl":"https:\/\/lucaseletro.com.br\/wp-content\/uploads\/2024\/07\/1777406b85e6e27637fed3d39ede8898.webp","width":560,"height":560},{"@type":"BreadcrumbList","@id":"https:\/\/lucaseletro.com.br\/?product=ferro-black-decker-seco-tradicional#breadcrumb","itemListElement":[{"@type":"ListItem","position":1,"name":"In\u00edcio","item":"https:\/\/lucaseletro.com.br\/"},{"@type":"ListItem","position":2,"name":"Loja","item":"https:\/\/lucaseletro.com.br\/?page_id=11"},{"@type":"ListItem","position":3,"name":"FERRO BLACK DECKER SECO TRADICIONAL"}]},{"@type":"WebSite","@id":"https:\/\/lucaseletro.com.br\/#website","url":"https:\/\/lucaseletro.com.br\/","name":"Lucas Eletro","description":"Realizando seus sonhos","publisher":{"@id":"https:\/\/lucaseletro.com.br\/#organization"},"alternateName":"Lucas Eletro","potentialAction":[{"@type":"SearchAction","target":{"@type":"EntryPoint","urlTemplate":"https:\/\/lucaseletro.com.br\/?s={search_term_string}"},"query-input":{"@type":"PropertyValueSpecification","valueRequired":true,"valueName":"search_term_string"}}],"inLanguage":"pt-BR"},{"@type":"Organization","@id":"https:\/\/lucaseletro.com.br\/#organization","name":"Lucas Eletro","alternateName":"Lucas Eletro","url":"https:\/\/lucaseletro.com.br\/","logo":{"@type":"ImageObject","inLanguage":"pt-BR","@id":"https:\/\/lucaseletro.com.br\/#\/schema\/logo\/image\/","url":"https:\/\/lucaseletro.com.br\/wp-content\/uploads\/2024\/08\/Logo-WebP.webp","contentUrl":"https:\/\/lucaseletro.com.br\/wp-content\/uploads\/2024\/08\/Logo-WebP.webp","width":1366,"height":457,"caption":"Lucas Eletro"},"image":{"@id":"https:\/\/lucaseletro.com.br\/#\/schema\/logo\/image\/"},"sameAs":["https:\/\/www.facebook.com\/lucas.eletro.71"]}]},"product_price_amount":"165.00","product_price_currency":"BRL","og_availability":"instock","product_availability":"instock","product_condition":"new"},"_links":{"self":[{"href":"https:\/\/lucaseletro.com.br\/index.php?rest_route=\/wp\/v2\/product\/2858","targetHints":{"allow":["GET"]}}],"collection":[{"href":"https:\/\/lucaseletro.com.br\/index.php?rest_route=\/wp\/v2\/product"}],"about":[{"href":"https:\/\/lucaseletro.com.br\/index.php?rest_route=\/wp\/v2\/types\/product"}],"replies":[{"embeddable":true,"href":"https:\/\/lucaseletro.com.br\/index.php?rest_route=%2Fwp%2Fv2%2Fcomments&post=2858"}],"wp:featuredmedia":[{"embeddable":true,"href":"https:\/\/lucaseletro.com.br\/index.php?rest_route=\/wp\/v2\/media\/3688"}],"wp:attachment":[{"href":"https:\/\/lucaseletro.com.br\/index.php?rest_route=%2Fwp%2Fv2%2Fmedia&parent=2858"}],"wp:term":[{"taxonomy":"product_brand","embeddable":true,"href":"https:\/\/lucaseletro.com.br\/index.php?rest_route=%2Fwp%2Fv2%2Fproduct_brand&post=2858"},{"taxonomy":"product_cat","embeddable":true,"href":"https:\/\/lucaseletro.com.br\/index.php?rest_route=%2Fwp%2Fv2%2Fproduct_cat&post=2858"},{"taxonomy":"product_tag","embeddable":true,"href":"https:\/\/lucaseletro.com.br\/index.php?rest_route=%2Fwp%2Fv2%2Fproduct_tag&post=2858"}],"curies":[{"name":"wp","href":"https:\/\/api.w.org\/{rel}","templated":true}]}}