{"id":2868,"date":"2024-07-30T16:56:57","date_gmt":"2024-07-30T19:56:57","guid":{"rendered":"https:\/\/lucaseletro.com.br\/product\/escada-07-degraus-aluminio-mor\/"},"modified":"2024-09-26T16:36:13","modified_gmt":"2024-09-26T19:36:13","slug":"escada-07-degraus-aluminio-mor","status":"publish","type":"product","link":"https:\/\/lucaseletro.com.br\/?product=escada-07-degraus-aluminio-mor","title":{"rendered":"ESCADA 07 DEGRAUS ALUMINIO MOR"},"content":{"rendered":"<p>ESCADA ALUM\u00cdNIO 7 DEGRAUS<\/p>\n<p>Com capacidade para 120 kg, a Escada de Alum\u00ednio 7 Degraus da Mor \u00e9 leve, dobr\u00e1vel e f\u00e1cil de guardar, ideal para consertos e manuten\u00e7\u00e3o dom\u00e9stica. Possui duas fitas de travamento, al\u00e9m do travamento autom\u00e1tico na plataforma superior, proporcionando ainda mais estabilidade durante sua utiliza\u00e7\u00e3o. S\u00e3o fabricadas com estrutura em tubos e chapas de alum\u00ednio produzido na Mor, o que assegura melhor qualidade estrutural ao produto, pois h\u00e1 controle de todo processo de fabrica\u00e7\u00e3o. Al\u00e9m disso, o alum\u00ednio \u00e9 um material leve e dur\u00e1vel mesmo em \u00e1reas litor\u00e2neas. As pe\u00e7as pl\u00e1sticas da escada s\u00e3o feitas de polipropileno de alta resist\u00eancia. Al\u00e9m disso, seus p\u00e9s antiderrapantes e travamento autom\u00e1tico na plataforma superior garantem maior estabilidade. Todas as escadas da Mor s\u00e3o fabricadas de acordo com a portaria do INMETRO N\u00b0 219, de 06 de maio de 2021.<\/p>\n<p>MATERIAL Alum\u00ednio<br \/>\nCAPACIDADE 120 kg<br \/>\nALTURA 2M<br \/>\nLARGURA 49cm<br \/>\nCOMPRIMENTO 1,05M<br \/>\nOBSERVA\u00c7\u00d5ES Os objetos que ambientam as imagens n\u00e3o acompanham o produto!<\/p>\n","protected":false},"excerpt":{"rendered":"<p>ESCADA ALUM\u00cdNIO 7 DEGRAUS<\/p>\n<p>Com capacidade para 120 kg, a Escada de Alum\u00ednio 7 Degraus da Mor \u00e9 leve, dobr\u00e1vel e f\u00e1cil de guardar, ideal para consertos e manuten\u00e7\u00e3o dom\u00e9stica. Possui duas fitas de travamento, al\u00e9m do travamento autom\u00e1tico na plataforma superior, proporcionando ainda mais estabilidade durante sua utiliza\u00e7\u00e3o. S\u00e3o fabricadas com estrutura em tubos e chapas de alum\u00ednio produzido na Mor, o que assegura melhor qualidade estrutural ao produto, pois h\u00e1 controle de todo processo de fabrica\u00e7\u00e3o. Al\u00e9m disso, o alum\u00ednio \u00e9 um material leve e dur\u00e1vel mesmo em \u00e1reas litor\u00e2neas. As pe\u00e7as pl\u00e1sticas da escada s\u00e3o feitas de polipropileno de alta resist\u00eancia. Al\u00e9m disso, seus p\u00e9s antiderrapantes e travamento autom\u00e1tico na plataforma superior garantem maior estabilidade. Todas as escadas da Mor s\u00e3o fabricadas de acordo com a portaria do INMETRO N\u00b0 219, de 06 de maio de 2021.<\/p>\n<p>MATERIAL Alum\u00ednio<br \/>\nCAPACIDADE 120 kg<br \/>\nALTURA 2M<br \/>\nLARGURA 49cm<br \/>\nCOMPRIMENTO 1,05M<br \/>\nOBSERVA\u00c7\u00d5ES Os objetos que ambientam as imagens n\u00e3o acompanham o produto!<\/p>\n","protected":false},"featured_media":3679,"comment_status":"open","ping_status":"closed","template":"","meta":[],"product_brand":[],"product_cat":[60],"product_tag":[],"class_list":{"0":"post-2868","1":"product","2":"type-product","3":"status-publish","4":"has-post-thumbnail","6":"product_cat-utilidades-domesticas","8":"first","9":"instock","10":"shipping-taxable","11":"purchasable","12":"product-type-simple"},"yoast_head":"<!-- This site is optimized with the Yoast SEO Premium plugin v23.3 (Yoast SEO v27.3) - https:\/\/yoast.com\/product\/yoast-seo-premium-wordpress\/ -->\n<title>ESCADA 07 DEGRAUS ALUMINIO MOR - Lucas Eletro<\/title>\n<meta name=\"description\" content=\"ESCADA ALUM\u00cdNIO 7 DEGRAUS Com capacidade para 120 kg, a Escada de Alum\u00ednio 7 Degraus da Mor \u00e9 leve, dobr\u00e1vel e f\u00e1cil de guardar, ideal para consertos e manuten\u00e7\u00e3o dom\u00e9stica. Possui duas fitas de travamento, al\u00e9m do travamento autom\u00e1tico na plataforma superior, proporcionando ainda mais estabilidade durante sua utiliza\u00e7\u00e3o.\" \/>\n<meta name=\"robots\" content=\"index, follow, max-snippet:-1, max-image-preview:large, max-video-preview:-1\" \/>\n<link rel=\"canonical\" href=\"https:\/\/lucaseletro.com.br\/?product=escada-07-degraus-aluminio-mor\" \/>\n<meta property=\"og:locale\" content=\"pt_BR\" \/>\n<meta property=\"og:type\" content=\"article\" \/>\n<meta property=\"og:title\" content=\"ESCADA 07 DEGRAUS ALUMINIO MOR - &#082;&#036;299,00 - Lucas Eletro\" \/>\n<meta property=\"og:description\" content=\"ESCADA ALUM\u00cdNIO 7 DEGRAUS  Com capacidade para 120 kg, a Escada de Alum\u00ednio 7 Degraus da Mor \u00e9 leve, dobr\u00e1vel e f\u00e1cil de guardar, ideal para consertos e manuten\u00e7\u00e3o dom\u00e9stica. Possui duas fitas de travamento, al\u00e9m do travamento autom\u00e1tico na plataforma superior, proporcionando ainda mais estabilidade durante sua utiliza\u00e7\u00e3o. S\u00e3o fabricadas com estrutura em tubos e chapas de alum\u00ednio produzido na Mor, o que assegura melhor qualidade estrutural ao produto, pois h\u00e1 controle de todo processo de fabrica\u00e7\u00e3o. Al\u00e9m disso, o alum\u00ednio \u00e9 um material leve e dur\u00e1vel mesmo em \u00e1reas litor\u00e2neas. As pe\u00e7as pl\u00e1sticas da escada s\u00e3o feitas de polipropileno de alta resist\u00eancia. Al\u00e9m disso, seus p\u00e9s antiderrapantes e travamento autom\u00e1tico na plataforma superior garantem maior estabilidade. Todas as escadas da Mor s\u00e3o fabricadas de acordo com a portaria do INMETRO N\u00b0 219, de 06 de maio de 2021.  MATERIAL Alum\u00ednio CAPACIDADE 120 kg ALTURA 2M LARGURA 49cm COMPRIMENTO 1,05M OBSERVA\u00c7\u00d5ES Os objetos que ambientam as imagens n\u00e3o acompanham o produto!\" \/>\n<meta property=\"og:url\" content=\"https:\/\/lucaseletro.com.br\/?product=escada-07-degraus-aluminio-mor\" \/>\n<meta property=\"og:site_name\" content=\"Lucas Eletro\" \/>\n<meta property=\"article:publisher\" content=\"https:\/\/www.facebook.com\/lucas.eletro.71\" \/>\n<meta property=\"article:modified_time\" content=\"2024-09-26T19:36:13+00:00\" \/>\n<meta property=\"og:image\" content=\"https:\/\/lucaseletro.com.br\/wp-content\/uploads\/2024\/07\/41A-JvgzyBL._AC_SL1200_.jpg\" \/>\n\t<meta property=\"og:image:width\" content=\"405\" \/>\n\t<meta property=\"og:image:height\" content=\"1193\" \/>\n\t<meta property=\"og:image:type\" content=\"image\/jpeg\" \/>\n<meta name=\"twitter:card\" content=\"summary_large_image\" \/>\n<meta name=\"twitter:label1\" content=\"Pre\u00e7o\" \/>\n\t<meta name=\"twitter:data1\" content=\"&#082;&#036;299,00\" \/>\n\t<meta name=\"twitter:label2\" content=\"Disponibilidade\" \/>\n\t<meta name=\"twitter:data2\" content=\"Em Estoque\" \/>\n<script type=\"application\/ld+json\" class=\"yoast-schema-graph\">{\"@context\":\"https:\\\/\\\/schema.org\",\"@graph\":[{\"@type\":\"WebPage\",\"@id\":\"https:\\\/\\\/lucaseletro.com.br\\\/?product=escada-07-degraus-aluminio-mor\",\"url\":\"https:\\\/\\\/lucaseletro.com.br\\\/?product=escada-07-degraus-aluminio-mor\",\"name\":\"ESCADA 07 DEGRAUS ALUMINIO MOR - Lucas Eletro\",\"isPartOf\":{\"@id\":\"https:\\\/\\\/lucaseletro.com.br\\\/#website\"},\"primaryImageOfPage\":{\"@id\":\"https:\\\/\\\/lucaseletro.com.br\\\/?product=escada-07-degraus-aluminio-mor#primaryimage\"},\"image\":{\"@id\":\"https:\\\/\\\/lucaseletro.com.br\\\/?product=escada-07-degraus-aluminio-mor#primaryimage\"},\"thumbnailUrl\":\"https:\\\/\\\/lucaseletro.com.br\\\/wp-content\\\/uploads\\\/2024\\\/07\\\/41A-JvgzyBL._AC_SL1200_.jpg\",\"datePublished\":\"2024-07-30T19:56:57+00:00\",\"dateModified\":\"2024-09-26T19:36:13+00:00\",\"description\":\"ESCADA ALUM\u00cdNIO 7 DEGRAUS Com capacidade para 120 kg, a Escada de Alum\u00ednio 7 Degraus da Mor \u00e9 leve, dobr\u00e1vel e f\u00e1cil de guardar, ideal para consertos e manuten\u00e7\u00e3o dom\u00e9stica. Possui duas fitas de travamento, al\u00e9m do travamento autom\u00e1tico na plataforma superior, proporcionando ainda mais estabilidade durante sua utiliza\u00e7\u00e3o.\",\"breadcrumb\":{\"@id\":\"https:\\\/\\\/lucaseletro.com.br\\\/?product=escada-07-degraus-aluminio-mor#breadcrumb\"},\"inLanguage\":\"pt-BR\",\"potentialAction\":[{\"@type\":\"ReadAction\",\"target\":[\"https:\\\/\\\/lucaseletro.com.br\\\/?product=escada-07-degraus-aluminio-mor\"]}]},{\"@type\":\"ImageObject\",\"inLanguage\":\"pt-BR\",\"@id\":\"https:\\\/\\\/lucaseletro.com.br\\\/?product=escada-07-degraus-aluminio-mor#primaryimage\",\"url\":\"https:\\\/\\\/lucaseletro.com.br\\\/wp-content\\\/uploads\\\/2024\\\/07\\\/41A-JvgzyBL._AC_SL1200_.jpg\",\"contentUrl\":\"https:\\\/\\\/lucaseletro.com.br\\\/wp-content\\\/uploads\\\/2024\\\/07\\\/41A-JvgzyBL._AC_SL1200_.jpg\",\"width\":405,\"height\":1193},{\"@type\":\"BreadcrumbList\",\"@id\":\"https:\\\/\\\/lucaseletro.com.br\\\/?product=escada-07-degraus-aluminio-mor#breadcrumb\",\"itemListElement\":[{\"@type\":\"ListItem\",\"position\":1,\"name\":\"In\u00edcio\",\"item\":\"https:\\\/\\\/lucaseletro.com.br\\\/\"},{\"@type\":\"ListItem\",\"position\":2,\"name\":\"Loja\",\"item\":\"https:\\\/\\\/lucaseletro.com.br\\\/?page_id=11\"},{\"@type\":\"ListItem\",\"position\":3,\"name\":\"ESCADA 07 DEGRAUS ALUMINIO MOR\"}]},{\"@type\":\"WebSite\",\"@id\":\"https:\\\/\\\/lucaseletro.com.br\\\/#website\",\"url\":\"https:\\\/\\\/lucaseletro.com.br\\\/\",\"name\":\"Lucas Eletro\",\"description\":\"Realizando seus sonhos\",\"publisher\":{\"@id\":\"https:\\\/\\\/lucaseletro.com.br\\\/#organization\"},\"alternateName\":\"Lucas Eletro\",\"potentialAction\":[{\"@type\":\"SearchAction\",\"target\":{\"@type\":\"EntryPoint\",\"urlTemplate\":\"https:\\\/\\\/lucaseletro.com.br\\\/?s={search_term_string}\"},\"query-input\":{\"@type\":\"PropertyValueSpecification\",\"valueRequired\":true,\"valueName\":\"search_term_string\"}}],\"inLanguage\":\"pt-BR\"},{\"@type\":\"Organization\",\"@id\":\"https:\\\/\\\/lucaseletro.com.br\\\/#organization\",\"name\":\"Lucas Eletro\",\"alternateName\":\"Lucas Eletro\",\"url\":\"https:\\\/\\\/lucaseletro.com.br\\\/\",\"logo\":{\"@type\":\"ImageObject\",\"inLanguage\":\"pt-BR\",\"@id\":\"https:\\\/\\\/lucaseletro.com.br\\\/#\\\/schema\\\/logo\\\/image\\\/\",\"url\":\"https:\\\/\\\/lucaseletro.com.br\\\/wp-content\\\/uploads\\\/2024\\\/08\\\/Logo-WebP.webp\",\"contentUrl\":\"https:\\\/\\\/lucaseletro.com.br\\\/wp-content\\\/uploads\\\/2024\\\/08\\\/Logo-WebP.webp\",\"width\":1366,\"height\":457,\"caption\":\"Lucas Eletro\"},\"image\":{\"@id\":\"https:\\\/\\\/lucaseletro.com.br\\\/#\\\/schema\\\/logo\\\/image\\\/\"},\"sameAs\":[\"https:\\\/\\\/www.facebook.com\\\/lucas.eletro.71\"]}]}<\/script>\n<meta property=\"product:price:amount\" content=\"299.00\" \/>\n<meta property=\"product:price:currency\" content=\"BRL\" \/>\n<meta property=\"og:availability\" content=\"instock\" \/>\n<meta property=\"product:availability\" content=\"instock\" \/>\n<meta property=\"product:condition\" content=\"new\" \/>\n<!-- \/ Yoast SEO Premium plugin. -->","yoast_head_json":{"title":"ESCADA 07 DEGRAUS ALUMINIO MOR - Lucas Eletro","description":"ESCADA ALUM\u00cdNIO 7 DEGRAUS Com capacidade para 120 kg, a Escada de Alum\u00ednio 7 Degraus da Mor \u00e9 leve, dobr\u00e1vel e f\u00e1cil de guardar, ideal para consertos e manuten\u00e7\u00e3o dom\u00e9stica. Possui duas fitas de travamento, al\u00e9m do travamento autom\u00e1tico na plataforma superior, proporcionando ainda mais estabilidade durante sua utiliza\u00e7\u00e3o.","robots":{"index":"index","follow":"follow","max-snippet":"max-snippet:-1","max-image-preview":"max-image-preview:large","max-video-preview":"max-video-preview:-1"},"canonical":"https:\/\/lucaseletro.com.br\/?product=escada-07-degraus-aluminio-mor","og_locale":"pt_BR","og_type":"article","og_title":"ESCADA 07 DEGRAUS ALUMINIO MOR - &#82;&#36;299,00 - Lucas Eletro","og_description":"ESCADA ALUM\u00cdNIO 7 DEGRAUS  Com capacidade para 120 kg, a Escada de Alum\u00ednio 7 Degraus da Mor \u00e9 leve, dobr\u00e1vel e f\u00e1cil de guardar, ideal para consertos e manuten\u00e7\u00e3o dom\u00e9stica. Possui duas fitas de travamento, al\u00e9m do travamento autom\u00e1tico na plataforma superior, proporcionando ainda mais estabilidade durante sua utiliza\u00e7\u00e3o. S\u00e3o fabricadas com estrutura em tubos e chapas de alum\u00ednio produzido na Mor, o que assegura melhor qualidade estrutural ao produto, pois h\u00e1 controle de todo processo de fabrica\u00e7\u00e3o. Al\u00e9m disso, o alum\u00ednio \u00e9 um material leve e dur\u00e1vel mesmo em \u00e1reas litor\u00e2neas. As pe\u00e7as pl\u00e1sticas da escada s\u00e3o feitas de polipropileno de alta resist\u00eancia. Al\u00e9m disso, seus p\u00e9s antiderrapantes e travamento autom\u00e1tico na plataforma superior garantem maior estabilidade. Todas as escadas da Mor s\u00e3o fabricadas de acordo com a portaria do INMETRO N\u00b0 219, de 06 de maio de 2021.  MATERIAL Alum\u00ednio CAPACIDADE 120 kg ALTURA 2M LARGURA 49cm COMPRIMENTO 1,05M OBSERVA\u00c7\u00d5ES Os objetos que ambientam as imagens n\u00e3o acompanham o produto!","og_url":"https:\/\/lucaseletro.com.br\/?product=escada-07-degraus-aluminio-mor","og_site_name":"Lucas Eletro","article_publisher":"https:\/\/www.facebook.com\/lucas.eletro.71","article_modified_time":"2024-09-26T19:36:13+00:00","og_image":[{"width":405,"height":1193,"url":"https:\/\/lucaseletro.com.br\/wp-content\/uploads\/2024\/07\/41A-JvgzyBL._AC_SL1200_.jpg","type":"image\/jpeg"}],"twitter_card":"summary_large_image","twitter_misc":{"Pre\u00e7o":"&#82;&#36;299,00","Disponibilidade":"Em Estoque"},"schema":{"@context":"https:\/\/schema.org","@graph":[{"@type":"WebPage","@id":"https:\/\/lucaseletro.com.br\/?product=escada-07-degraus-aluminio-mor","url":"https:\/\/lucaseletro.com.br\/?product=escada-07-degraus-aluminio-mor","name":"ESCADA 07 DEGRAUS ALUMINIO MOR - Lucas Eletro","isPartOf":{"@id":"https:\/\/lucaseletro.com.br\/#website"},"primaryImageOfPage":{"@id":"https:\/\/lucaseletro.com.br\/?product=escada-07-degraus-aluminio-mor#primaryimage"},"image":{"@id":"https:\/\/lucaseletro.com.br\/?product=escada-07-degraus-aluminio-mor#primaryimage"},"thumbnailUrl":"https:\/\/lucaseletro.com.br\/wp-content\/uploads\/2024\/07\/41A-JvgzyBL._AC_SL1200_.jpg","datePublished":"2024-07-30T19:56:57+00:00","dateModified":"2024-09-26T19:36:13+00:00","description":"ESCADA ALUM\u00cdNIO 7 DEGRAUS Com capacidade para 120 kg, a Escada de Alum\u00ednio 7 Degraus da Mor \u00e9 leve, dobr\u00e1vel e f\u00e1cil de guardar, ideal para consertos e manuten\u00e7\u00e3o dom\u00e9stica. Possui duas fitas de travamento, al\u00e9m do travamento autom\u00e1tico na plataforma superior, proporcionando ainda mais estabilidade durante sua utiliza\u00e7\u00e3o.","breadcrumb":{"@id":"https:\/\/lucaseletro.com.br\/?product=escada-07-degraus-aluminio-mor#breadcrumb"},"inLanguage":"pt-BR","potentialAction":[{"@type":"ReadAction","target":["https:\/\/lucaseletro.com.br\/?product=escada-07-degraus-aluminio-mor"]}]},{"@type":"ImageObject","inLanguage":"pt-BR","@id":"https:\/\/lucaseletro.com.br\/?product=escada-07-degraus-aluminio-mor#primaryimage","url":"https:\/\/lucaseletro.com.br\/wp-content\/uploads\/2024\/07\/41A-JvgzyBL._AC_SL1200_.jpg","contentUrl":"https:\/\/lucaseletro.com.br\/wp-content\/uploads\/2024\/07\/41A-JvgzyBL._AC_SL1200_.jpg","width":405,"height":1193},{"@type":"BreadcrumbList","@id":"https:\/\/lucaseletro.com.br\/?product=escada-07-degraus-aluminio-mor#breadcrumb","itemListElement":[{"@type":"ListItem","position":1,"name":"In\u00edcio","item":"https:\/\/lucaseletro.com.br\/"},{"@type":"ListItem","position":2,"name":"Loja","item":"https:\/\/lucaseletro.com.br\/?page_id=11"},{"@type":"ListItem","position":3,"name":"ESCADA 07 DEGRAUS ALUMINIO MOR"}]},{"@type":"WebSite","@id":"https:\/\/lucaseletro.com.br\/#website","url":"https:\/\/lucaseletro.com.br\/","name":"Lucas Eletro","description":"Realizando seus sonhos","publisher":{"@id":"https:\/\/lucaseletro.com.br\/#organization"},"alternateName":"Lucas Eletro","potentialAction":[{"@type":"SearchAction","target":{"@type":"EntryPoint","urlTemplate":"https:\/\/lucaseletro.com.br\/?s={search_term_string}"},"query-input":{"@type":"PropertyValueSpecification","valueRequired":true,"valueName":"search_term_string"}}],"inLanguage":"pt-BR"},{"@type":"Organization","@id":"https:\/\/lucaseletro.com.br\/#organization","name":"Lucas Eletro","alternateName":"Lucas Eletro","url":"https:\/\/lucaseletro.com.br\/","logo":{"@type":"ImageObject","inLanguage":"pt-BR","@id":"https:\/\/lucaseletro.com.br\/#\/schema\/logo\/image\/","url":"https:\/\/lucaseletro.com.br\/wp-content\/uploads\/2024\/08\/Logo-WebP.webp","contentUrl":"https:\/\/lucaseletro.com.br\/wp-content\/uploads\/2024\/08\/Logo-WebP.webp","width":1366,"height":457,"caption":"Lucas Eletro"},"image":{"@id":"https:\/\/lucaseletro.com.br\/#\/schema\/logo\/image\/"},"sameAs":["https:\/\/www.facebook.com\/lucas.eletro.71"]}]},"product_price_amount":"299.00","product_price_currency":"BRL","og_availability":"instock","product_availability":"instock","product_condition":"new"},"_links":{"self":[{"href":"https:\/\/lucaseletro.com.br\/index.php?rest_route=\/wp\/v2\/product\/2868","targetHints":{"allow":["GET"]}}],"collection":[{"href":"https:\/\/lucaseletro.com.br\/index.php?rest_route=\/wp\/v2\/product"}],"about":[{"href":"https:\/\/lucaseletro.com.br\/index.php?rest_route=\/wp\/v2\/types\/product"}],"replies":[{"embeddable":true,"href":"https:\/\/lucaseletro.com.br\/index.php?rest_route=%2Fwp%2Fv2%2Fcomments&post=2868"}],"wp:featuredmedia":[{"embeddable":true,"href":"https:\/\/lucaseletro.com.br\/index.php?rest_route=\/wp\/v2\/media\/3679"}],"wp:attachment":[{"href":"https:\/\/lucaseletro.com.br\/index.php?rest_route=%2Fwp%2Fv2%2Fmedia&parent=2868"}],"wp:term":[{"taxonomy":"product_brand","embeddable":true,"href":"https:\/\/lucaseletro.com.br\/index.php?rest_route=%2Fwp%2Fv2%2Fproduct_brand&post=2868"},{"taxonomy":"product_cat","embeddable":true,"href":"https:\/\/lucaseletro.com.br\/index.php?rest_route=%2Fwp%2Fv2%2Fproduct_cat&post=2868"},{"taxonomy":"product_tag","embeddable":true,"href":"https:\/\/lucaseletro.com.br\/index.php?rest_route=%2Fwp%2Fv2%2Fproduct_tag&post=2868"}],"curies":[{"name":"wp","href":"https:\/\/api.w.org\/{rel}","templated":true}]}}