{"id":2870,"date":"2024-07-30T16:56:58","date_gmt":"2024-07-30T19:56:58","guid":{"rendered":"https:\/\/lucaseletro.com.br\/product\/dvd-philco-game-ph150\/"},"modified":"2024-09-26T16:08:26","modified_gmt":"2024-09-26T19:08:26","slug":"dvd-philco-game-ph150","status":"publish","type":"product","link":"https:\/\/lucaseletro.com.br\/?product=dvd-philco-game-ph150","title":{"rendered":"DVD PHILCO GAME PH150 GAMER"},"content":{"rendered":"<h2 class=\"vtex-store-components-3-x-productDescriptionTitle vtex-store-components-3-x-productDescriptionTitle--pdp vtex-store-components-3-x-productDescriptionTitle--pdp-desktop t-heading-5 mb5 mt0\">Descri\u00e7\u00e3o do produto<\/h2>\n<div class=\"vtex-store-components-3-x-productDescriptionText vtex-store-components-3-x-productDescriptionText--pdp vtex-store-components-3-x-productDescriptionText--pdp-desktop c-muted-1\">\n<div>Com o DVD PLAYER PH150 Game Philco voc\u00ea relaxa ao som da sua playlist favorita, al\u00e9m de viver bom momentos ao rever aquelas fotos que marcaram a sua hist\u00f3ria. Ele ainda conta com fun\u00e7\u00e3o GAME com dois Joysticks, garantindo a divers\u00e3o da galera! Possui entrada USB, permitindo que voc\u00ea visualize fotos e escute m\u00fasicas de MP3\/ MP4 player e pen drive. Reproduz as m\u00eddias: DVD l DVD-R l DVD-RW l CD l CD-R l CD-RW l CD-DA. Conta com sa\u00edda de \u00e1udio digital coaxial e \u00e1udio e v\u00eddeo composto. Tamb\u00e9m disp\u00f5e das fun\u00e7\u00f5es zoom, censura e prote\u00e7\u00e3o de tela. Ainda trabalha com o modo standby, que economiza energia. E para sua maior comodidade, acompanha controle remoto. Com o DVD PLAYER PH150 Game Philcovoc\u00ea relaxa ao som da sua playlist favorita, al\u00e9m de viver bom momentos ao rever aquelas fotos que marcaram a sua hist\u00f3ria. Ele ainda conta com fun\u00e7\u00e3o GAME com dois Joysticks, garantindo a divers\u00e3o da galera! Possui entrada USB, permitindo que voc\u00ea visualize fotos e escute m\u00fasicas de MP3\/ MP4 player e pen drive; Reproduz as m\u00eddias: DVD l DVD-R l DVD-RW l CD l CD-R l CD-RW l CD-DA; Conta com sa\u00edda de \u00e1udio digital coaxial e \u00e1udio e v\u00eddeo composto; Tamb\u00e9m disp\u00f5e das fun\u00e7\u00f5es zoom, censura e prote\u00e7\u00e3o de tela; Ainda trabalha com o modo standby, que economiza energia; E para sua maior comodidade, acompanha controle remoto;<\/div>\n<\/div>\n","protected":false},"excerpt":{"rendered":"<h2 class=\"vtex-store-components-3-x-productDescriptionTitle vtex-store-components-3-x-productDescriptionTitle--pdp vtex-store-components-3-x-productDescriptionTitle--pdp-desktop t-heading-5 mb5 mt0\">Descri\u00e7\u00e3o do produto<\/h2>\n<div class=\"vtex-store-components-3-x-productDescriptionText vtex-store-components-3-x-productDescriptionText--pdp vtex-store-components-3-x-productDescriptionText--pdp-desktop c-muted-1\">\n<div>Com o DVD PLAYER PH150 Game Philco voc\u00ea relaxa ao som da sua playlist favorita, al\u00e9m de viver bom momentos ao rever aquelas fotos que marcaram a sua hist\u00f3ria. Ele ainda conta com fun\u00e7\u00e3o GAME com dois Joysticks, garantindo a divers\u00e3o da galera! Possui entrada USB, permitindo que voc\u00ea visualize fotos e escute m\u00fasicas de MP3\/ MP4 player e pen drive. Reproduz as m\u00eddias: DVD l DVD-R l DVD-RW l CD l CD-R l CD-RW l CD-DA. Conta com sa\u00edda de \u00e1udio digital coaxial e \u00e1udio e v\u00eddeo composto. Tamb\u00e9m disp\u00f5e das fun\u00e7\u00f5es zoom, censura e prote\u00e7\u00e3o de tela. Ainda trabalha com o modo standby, que economiza energia. E para sua maior comodidade, acompanha controle remoto. Com o DVD PLAYER PH150 Game Philcovoc\u00ea relaxa ao som da sua playlist favorita, al\u00e9m de viver bom momentos ao rever aquelas fotos que marcaram a sua hist\u00f3ria. Ele ainda conta com fun\u00e7\u00e3o GAME com dois Joysticks, garantindo a divers\u00e3o da galera! Possui entrada USB, permitindo que voc\u00ea visualize fotos e escute m\u00fasicas de MP3\/ MP4 player e pen drive; Reproduz as m\u00eddias: DVD l DVD-R l DVD-RW l CD l CD-R l CD-RW l CD-DA; Conta com sa\u00edda de \u00e1udio digital coaxial e \u00e1udio e v\u00eddeo composto; Tamb\u00e9m disp\u00f5e das fun\u00e7\u00f5es zoom, censura e prote\u00e7\u00e3o de tela; Ainda trabalha com o modo standby, que economiza energia; E para sua maior comodidade, acompanha controle remoto;<\/div>\n<\/div>\n","protected":false},"featured_media":3673,"comment_status":"open","ping_status":"closed","template":"","meta":[],"product_brand":[],"product_cat":[61],"product_tag":[],"class_list":{"0":"post-2870","1":"product","2":"type-product","3":"status-publish","4":"has-post-thumbnail","6":"product_cat-eletricos","8":"first","9":"instock","10":"shipping-taxable","11":"purchasable","12":"product-type-simple"},"yoast_head":"<!-- This site is optimized with the Yoast SEO Premium plugin v23.3 (Yoast SEO v27.4) - https:\/\/yoast.com\/product\/yoast-seo-premium-wordpress\/ -->\n<title>DVD PHILCO GAME PH150 GAMER - Lucas Eletro<\/title>\n<meta name=\"description\" content=\"Com o DVD PLAYER PH150 Game Philco voc\u00ea relaxa ao som da sua playlist favorita, al\u00e9m de viver bom momentos ao rever aquelas fotos que marcaram a sua hist\u00f3ria. Ele ainda conta com fun\u00e7\u00e3o GAME com dois Joysticks, garantindo a divers\u00e3o da galera! Possui entrada USB, permitindo que voc\u00ea visualize fotos e escute m\u00fasicas de MP3\/ MP4 player e pen drive.\" \/>\n<meta name=\"robots\" content=\"index, follow, max-snippet:-1, max-image-preview:large, max-video-preview:-1\" \/>\n<link rel=\"canonical\" href=\"https:\/\/lucaseletro.com.br\/?product=dvd-philco-game-ph150\" \/>\n<meta property=\"og:locale\" content=\"pt_BR\" \/>\n<meta property=\"og:type\" content=\"article\" \/>\n<meta property=\"og:title\" content=\"DVD PHILCO GAME PH150 GAMER - &#082;&#036;429,00 - Lucas Eletro\" \/>\n<meta property=\"og:description\" content=\"Descri\u00e7\u00e3o do produto  Com o DVD PLAYER PH150 Game Philco voc\u00ea relaxa ao som da sua playlist favorita, al\u00e9m de viver bom momentos ao rever aquelas fotos que marcaram a sua hist\u00f3ria. Ele ainda conta com fun\u00e7\u00e3o GAME com dois Joysticks, garantindo a divers\u00e3o da galera! Possui entrada USB, permitindo que voc\u00ea visualize fotos e escute m\u00fasicas de MP3\/ MP4 player e pen drive. Reproduz as m\u00eddias: DVD l DVD-R l DVD-RW l CD l CD-R l CD-RW l CD-DA. Conta com sa\u00edda de \u00e1udio digital coaxial e \u00e1udio e v\u00eddeo composto. Tamb\u00e9m disp\u00f5e das fun\u00e7\u00f5es zoom, censura e prote\u00e7\u00e3o de tela. Ainda trabalha com o modo standby, que economiza energia. E para sua maior comodidade, acompanha controle remoto. Com o DVD PLAYER PH150 Game Philcovoc\u00ea relaxa ao som da sua playlist favorita, al\u00e9m de viver bom momentos ao rever aquelas fotos que marcaram a sua hist\u00f3ria. Ele ainda conta com fun\u00e7\u00e3o GAME com dois Joysticks, garantindo a divers\u00e3o da galera! Possui entrada USB, permitindo que voc\u00ea visualize fotos e escute m\u00fasicas de MP3\/ MP4 player e pen drive; Reproduz as m\u00eddias: DVD l DVD-R l DVD-RW l CD l CD-R l CD-RW l CD-DA; Conta com sa\u00edda de \u00e1udio digital coaxial e \u00e1udio e v\u00eddeo composto; Tamb\u00e9m disp\u00f5e das fun\u00e7\u00f5es zoom, censura e prote\u00e7\u00e3o de tela; Ainda trabalha com o modo standby, que economiza energia; E para sua maior comodidade, acompanha controle remoto;\" \/>\n<meta property=\"og:url\" content=\"https:\/\/lucaseletro.com.br\/?product=dvd-philco-game-ph150\" \/>\n<meta property=\"og:site_name\" content=\"Lucas Eletro\" \/>\n<meta property=\"article:publisher\" content=\"https:\/\/www.facebook.com\/lucas.eletro.71\" \/>\n<meta property=\"article:modified_time\" content=\"2024-09-26T19:08:26+00:00\" \/>\n<meta property=\"og:image\" content=\"https:\/\/lucaseletro.com.br\/wp-content\/uploads\/2024\/07\/248067-800-800.webp\" \/>\n\t<meta property=\"og:image:width\" content=\"800\" \/>\n\t<meta property=\"og:image:height\" content=\"800\" \/>\n\t<meta property=\"og:image:type\" content=\"image\/webp\" \/>\n<meta name=\"twitter:card\" content=\"summary_large_image\" \/>\n<meta name=\"twitter:label1\" content=\"Pre\u00e7o\" \/>\n\t<meta name=\"twitter:data1\" content=\"&#082;&#036;429,00\" \/>\n\t<meta name=\"twitter:label2\" content=\"Disponibilidade\" \/>\n\t<meta name=\"twitter:data2\" content=\"Em Estoque\" \/>\n<script type=\"application\/ld+json\" class=\"yoast-schema-graph\">{\"@context\":\"https:\\\/\\\/schema.org\",\"@graph\":[{\"@type\":\"WebPage\",\"@id\":\"https:\\\/\\\/lucaseletro.com.br\\\/?product=dvd-philco-game-ph150\",\"url\":\"https:\\\/\\\/lucaseletro.com.br\\\/?product=dvd-philco-game-ph150\",\"name\":\"DVD PHILCO GAME PH150 GAMER - Lucas Eletro\",\"isPartOf\":{\"@id\":\"https:\\\/\\\/lucaseletro.com.br\\\/#website\"},\"primaryImageOfPage\":{\"@id\":\"https:\\\/\\\/lucaseletro.com.br\\\/?product=dvd-philco-game-ph150#primaryimage\"},\"image\":{\"@id\":\"https:\\\/\\\/lucaseletro.com.br\\\/?product=dvd-philco-game-ph150#primaryimage\"},\"thumbnailUrl\":\"https:\\\/\\\/lucaseletro.com.br\\\/wp-content\\\/uploads\\\/2024\\\/07\\\/248067-800-800.webp\",\"datePublished\":\"2024-07-30T19:56:58+00:00\",\"dateModified\":\"2024-09-26T19:08:26+00:00\",\"description\":\"Com o DVD PLAYER PH150 Game Philco voc\u00ea relaxa ao som da sua playlist favorita, al\u00e9m de viver bom momentos ao rever aquelas fotos que marcaram a sua hist\u00f3ria. Ele ainda conta com fun\u00e7\u00e3o GAME com dois Joysticks, garantindo a divers\u00e3o da galera! Possui entrada USB, permitindo que voc\u00ea visualize fotos e escute m\u00fasicas de MP3\\\/ MP4 player e pen drive.\",\"breadcrumb\":{\"@id\":\"https:\\\/\\\/lucaseletro.com.br\\\/?product=dvd-philco-game-ph150#breadcrumb\"},\"inLanguage\":\"pt-BR\",\"potentialAction\":[{\"@type\":\"ReadAction\",\"target\":[\"https:\\\/\\\/lucaseletro.com.br\\\/?product=dvd-philco-game-ph150\"]}]},{\"@type\":\"ImageObject\",\"inLanguage\":\"pt-BR\",\"@id\":\"https:\\\/\\\/lucaseletro.com.br\\\/?product=dvd-philco-game-ph150#primaryimage\",\"url\":\"https:\\\/\\\/lucaseletro.com.br\\\/wp-content\\\/uploads\\\/2024\\\/07\\\/248067-800-800.webp\",\"contentUrl\":\"https:\\\/\\\/lucaseletro.com.br\\\/wp-content\\\/uploads\\\/2024\\\/07\\\/248067-800-800.webp\",\"width\":800,\"height\":800},{\"@type\":\"BreadcrumbList\",\"@id\":\"https:\\\/\\\/lucaseletro.com.br\\\/?product=dvd-philco-game-ph150#breadcrumb\",\"itemListElement\":[{\"@type\":\"ListItem\",\"position\":1,\"name\":\"In\u00edcio\",\"item\":\"https:\\\/\\\/lucaseletro.com.br\\\/\"},{\"@type\":\"ListItem\",\"position\":2,\"name\":\"Loja\",\"item\":\"https:\\\/\\\/lucaseletro.com.br\\\/?page_id=11\"},{\"@type\":\"ListItem\",\"position\":3,\"name\":\"DVD PHILCO GAME PH150 GAMER\"}]},{\"@type\":\"WebSite\",\"@id\":\"https:\\\/\\\/lucaseletro.com.br\\\/#website\",\"url\":\"https:\\\/\\\/lucaseletro.com.br\\\/\",\"name\":\"Lucas Eletro\",\"description\":\"Realizando seus sonhos\",\"publisher\":{\"@id\":\"https:\\\/\\\/lucaseletro.com.br\\\/#organization\"},\"alternateName\":\"Lucas Eletro\",\"potentialAction\":[{\"@type\":\"SearchAction\",\"target\":{\"@type\":\"EntryPoint\",\"urlTemplate\":\"https:\\\/\\\/lucaseletro.com.br\\\/?s={search_term_string}\"},\"query-input\":{\"@type\":\"PropertyValueSpecification\",\"valueRequired\":true,\"valueName\":\"search_term_string\"}}],\"inLanguage\":\"pt-BR\"},{\"@type\":\"Organization\",\"@id\":\"https:\\\/\\\/lucaseletro.com.br\\\/#organization\",\"name\":\"Lucas Eletro\",\"alternateName\":\"Lucas Eletro\",\"url\":\"https:\\\/\\\/lucaseletro.com.br\\\/\",\"logo\":{\"@type\":\"ImageObject\",\"inLanguage\":\"pt-BR\",\"@id\":\"https:\\\/\\\/lucaseletro.com.br\\\/#\\\/schema\\\/logo\\\/image\\\/\",\"url\":\"https:\\\/\\\/lucaseletro.com.br\\\/wp-content\\\/uploads\\\/2024\\\/08\\\/Logo-WebP.webp\",\"contentUrl\":\"https:\\\/\\\/lucaseletro.com.br\\\/wp-content\\\/uploads\\\/2024\\\/08\\\/Logo-WebP.webp\",\"width\":1366,\"height\":457,\"caption\":\"Lucas Eletro\"},\"image\":{\"@id\":\"https:\\\/\\\/lucaseletro.com.br\\\/#\\\/schema\\\/logo\\\/image\\\/\"},\"sameAs\":[\"https:\\\/\\\/www.facebook.com\\\/lucas.eletro.71\"]}]}<\/script>\n<meta property=\"product:price:amount\" content=\"429.00\" \/>\n<meta property=\"product:price:currency\" content=\"BRL\" \/>\n<meta property=\"og:availability\" content=\"instock\" \/>\n<meta property=\"product:availability\" content=\"instock\" \/>\n<meta property=\"product:condition\" content=\"new\" \/>\n<!-- \/ Yoast SEO Premium plugin. -->","yoast_head_json":{"title":"DVD PHILCO GAME PH150 GAMER - Lucas Eletro","description":"Com o DVD PLAYER PH150 Game Philco voc\u00ea relaxa ao som da sua playlist favorita, al\u00e9m de viver bom momentos ao rever aquelas fotos que marcaram a sua hist\u00f3ria. Ele ainda conta com fun\u00e7\u00e3o GAME com dois Joysticks, garantindo a divers\u00e3o da galera! Possui entrada USB, permitindo que voc\u00ea visualize fotos e escute m\u00fasicas de MP3\/ MP4 player e pen drive.","robots":{"index":"index","follow":"follow","max-snippet":"max-snippet:-1","max-image-preview":"max-image-preview:large","max-video-preview":"max-video-preview:-1"},"canonical":"https:\/\/lucaseletro.com.br\/?product=dvd-philco-game-ph150","og_locale":"pt_BR","og_type":"article","og_title":"DVD PHILCO GAME PH150 GAMER - &#82;&#36;429,00 - Lucas Eletro","og_description":"Descri\u00e7\u00e3o do produto  Com o DVD PLAYER PH150 Game Philco voc\u00ea relaxa ao som da sua playlist favorita, al\u00e9m de viver bom momentos ao rever aquelas fotos que marcaram a sua hist\u00f3ria. Ele ainda conta com fun\u00e7\u00e3o GAME com dois Joysticks, garantindo a divers\u00e3o da galera! Possui entrada USB, permitindo que voc\u00ea visualize fotos e escute m\u00fasicas de MP3\/ MP4 player e pen drive. Reproduz as m\u00eddias: DVD l DVD-R l DVD-RW l CD l CD-R l CD-RW l CD-DA. Conta com sa\u00edda de \u00e1udio digital coaxial e \u00e1udio e v\u00eddeo composto. Tamb\u00e9m disp\u00f5e das fun\u00e7\u00f5es zoom, censura e prote\u00e7\u00e3o de tela. Ainda trabalha com o modo standby, que economiza energia. E para sua maior comodidade, acompanha controle remoto. Com o DVD PLAYER PH150 Game Philcovoc\u00ea relaxa ao som da sua playlist favorita, al\u00e9m de viver bom momentos ao rever aquelas fotos que marcaram a sua hist\u00f3ria. Ele ainda conta com fun\u00e7\u00e3o GAME com dois Joysticks, garantindo a divers\u00e3o da galera! Possui entrada USB, permitindo que voc\u00ea visualize fotos e escute m\u00fasicas de MP3\/ MP4 player e pen drive; Reproduz as m\u00eddias: DVD l DVD-R l DVD-RW l CD l CD-R l CD-RW l CD-DA; Conta com sa\u00edda de \u00e1udio digital coaxial e \u00e1udio e v\u00eddeo composto; Tamb\u00e9m disp\u00f5e das fun\u00e7\u00f5es zoom, censura e prote\u00e7\u00e3o de tela; Ainda trabalha com o modo standby, que economiza energia; E para sua maior comodidade, acompanha controle remoto;","og_url":"https:\/\/lucaseletro.com.br\/?product=dvd-philco-game-ph150","og_site_name":"Lucas Eletro","article_publisher":"https:\/\/www.facebook.com\/lucas.eletro.71","article_modified_time":"2024-09-26T19:08:26+00:00","og_image":[{"width":800,"height":800,"url":"https:\/\/lucaseletro.com.br\/wp-content\/uploads\/2024\/07\/248067-800-800.webp","type":"image\/webp"}],"twitter_card":"summary_large_image","twitter_misc":{"Pre\u00e7o":"&#82;&#36;429,00","Disponibilidade":"Em Estoque"},"schema":{"@context":"https:\/\/schema.org","@graph":[{"@type":"WebPage","@id":"https:\/\/lucaseletro.com.br\/?product=dvd-philco-game-ph150","url":"https:\/\/lucaseletro.com.br\/?product=dvd-philco-game-ph150","name":"DVD PHILCO GAME PH150 GAMER - Lucas Eletro","isPartOf":{"@id":"https:\/\/lucaseletro.com.br\/#website"},"primaryImageOfPage":{"@id":"https:\/\/lucaseletro.com.br\/?product=dvd-philco-game-ph150#primaryimage"},"image":{"@id":"https:\/\/lucaseletro.com.br\/?product=dvd-philco-game-ph150#primaryimage"},"thumbnailUrl":"https:\/\/lucaseletro.com.br\/wp-content\/uploads\/2024\/07\/248067-800-800.webp","datePublished":"2024-07-30T19:56:58+00:00","dateModified":"2024-09-26T19:08:26+00:00","description":"Com o DVD PLAYER PH150 Game Philco voc\u00ea relaxa ao som da sua playlist favorita, al\u00e9m de viver bom momentos ao rever aquelas fotos que marcaram a sua hist\u00f3ria. Ele ainda conta com fun\u00e7\u00e3o GAME com dois Joysticks, garantindo a divers\u00e3o da galera! Possui entrada USB, permitindo que voc\u00ea visualize fotos e escute m\u00fasicas de MP3\/ MP4 player e pen drive.","breadcrumb":{"@id":"https:\/\/lucaseletro.com.br\/?product=dvd-philco-game-ph150#breadcrumb"},"inLanguage":"pt-BR","potentialAction":[{"@type":"ReadAction","target":["https:\/\/lucaseletro.com.br\/?product=dvd-philco-game-ph150"]}]},{"@type":"ImageObject","inLanguage":"pt-BR","@id":"https:\/\/lucaseletro.com.br\/?product=dvd-philco-game-ph150#primaryimage","url":"https:\/\/lucaseletro.com.br\/wp-content\/uploads\/2024\/07\/248067-800-800.webp","contentUrl":"https:\/\/lucaseletro.com.br\/wp-content\/uploads\/2024\/07\/248067-800-800.webp","width":800,"height":800},{"@type":"BreadcrumbList","@id":"https:\/\/lucaseletro.com.br\/?product=dvd-philco-game-ph150#breadcrumb","itemListElement":[{"@type":"ListItem","position":1,"name":"In\u00edcio","item":"https:\/\/lucaseletro.com.br\/"},{"@type":"ListItem","position":2,"name":"Loja","item":"https:\/\/lucaseletro.com.br\/?page_id=11"},{"@type":"ListItem","position":3,"name":"DVD PHILCO GAME PH150 GAMER"}]},{"@type":"WebSite","@id":"https:\/\/lucaseletro.com.br\/#website","url":"https:\/\/lucaseletro.com.br\/","name":"Lucas Eletro","description":"Realizando seus sonhos","publisher":{"@id":"https:\/\/lucaseletro.com.br\/#organization"},"alternateName":"Lucas Eletro","potentialAction":[{"@type":"SearchAction","target":{"@type":"EntryPoint","urlTemplate":"https:\/\/lucaseletro.com.br\/?s={search_term_string}"},"query-input":{"@type":"PropertyValueSpecification","valueRequired":true,"valueName":"search_term_string"}}],"inLanguage":"pt-BR"},{"@type":"Organization","@id":"https:\/\/lucaseletro.com.br\/#organization","name":"Lucas Eletro","alternateName":"Lucas Eletro","url":"https:\/\/lucaseletro.com.br\/","logo":{"@type":"ImageObject","inLanguage":"pt-BR","@id":"https:\/\/lucaseletro.com.br\/#\/schema\/logo\/image\/","url":"https:\/\/lucaseletro.com.br\/wp-content\/uploads\/2024\/08\/Logo-WebP.webp","contentUrl":"https:\/\/lucaseletro.com.br\/wp-content\/uploads\/2024\/08\/Logo-WebP.webp","width":1366,"height":457,"caption":"Lucas Eletro"},"image":{"@id":"https:\/\/lucaseletro.com.br\/#\/schema\/logo\/image\/"},"sameAs":["https:\/\/www.facebook.com\/lucas.eletro.71"]}]},"product_price_amount":"429.00","product_price_currency":"BRL","og_availability":"instock","product_availability":"instock","product_condition":"new"},"_links":{"self":[{"href":"https:\/\/lucaseletro.com.br\/index.php?rest_route=\/wp\/v2\/product\/2870","targetHints":{"allow":["GET"]}}],"collection":[{"href":"https:\/\/lucaseletro.com.br\/index.php?rest_route=\/wp\/v2\/product"}],"about":[{"href":"https:\/\/lucaseletro.com.br\/index.php?rest_route=\/wp\/v2\/types\/product"}],"replies":[{"embeddable":true,"href":"https:\/\/lucaseletro.com.br\/index.php?rest_route=%2Fwp%2Fv2%2Fcomments&post=2870"}],"wp:featuredmedia":[{"embeddable":true,"href":"https:\/\/lucaseletro.com.br\/index.php?rest_route=\/wp\/v2\/media\/3673"}],"wp:attachment":[{"href":"https:\/\/lucaseletro.com.br\/index.php?rest_route=%2Fwp%2Fv2%2Fmedia&parent=2870"}],"wp:term":[{"taxonomy":"product_brand","embeddable":true,"href":"https:\/\/lucaseletro.com.br\/index.php?rest_route=%2Fwp%2Fv2%2Fproduct_brand&post=2870"},{"taxonomy":"product_cat","embeddable":true,"href":"https:\/\/lucaseletro.com.br\/index.php?rest_route=%2Fwp%2Fv2%2Fproduct_cat&post=2870"},{"taxonomy":"product_tag","embeddable":true,"href":"https:\/\/lucaseletro.com.br\/index.php?rest_route=%2Fwp%2Fv2%2Fproduct_tag&post=2870"}],"curies":[{"name":"wp","href":"https:\/\/api.w.org\/{rel}","templated":true}]}}