{"id":2883,"date":"2024-07-30T16:57:00","date_gmt":"2024-07-30T19:57:00","guid":{"rendered":"https:\/\/lucaseletro.com.br\/product\/copo-de-liquidificador-malory\/"},"modified":"2024-09-25T16:45:04","modified_gmt":"2024-09-25T19:45:04","slug":"copo-de-liquidificador-malory","status":"publish","type":"product","link":"https:\/\/lucaseletro.com.br\/?product=copo-de-liquidificador-malory","title":{"rendered":"COPO DE LIQUIDIFICADOR MALORY"},"content":{"rendered":"<h2 class=\"ui-pdp-description__title\">Descri\u00e7\u00e3o<\/h2>\n<p class=\"ui-pdp-description__content\">O Copo Para Liquidificador Mallory Tornado \/ Unno Cristal \u00e9 um produto de alta qualidade, fabricado pela renomada marca Mebrasi. Feito de polipropileno resistente, este copo de liquidificador \u00e9 dur\u00e1vel e projetado para suportar o uso di\u00e1rio na cozinha. Com uma capacidade de 1,5 litros, \u00e9 perfeito para preparar sucos, vitaminas, molhos e muito mais. O modelo Mallory Tornado Unno \u00e9 compat\u00edvel com v\u00e1rios modelos de liquidificadores, tornando-o uma escolha vers\u00e1til para qualquer casa. Seu design transparente permite que voc\u00ea veja o conte\u00fado enquanto est\u00e1 sendo misturado, garantindo resultados perfeitos a cada vez. Adicione este copo de liquidificador ao seu arsenal de cozinha e eleve a sua experi\u00eancia culin\u00e1ria para o pr\u00f3ximo n\u00edvel.<\/p>\n<p>Especifica\u00e7\u00f5es T\u00e9cnicas:<\/p>\n<p>Caracter\u00edsticas:<br \/>\nModelos Compat\u00edveis: Mallory Tornado\/ Flash Mix\/ Unno<br \/>\nCapacidade M\u00e1xima: 1,5 litros;<br \/>\nCapacidade Para BATER: 1,25 litros;<br \/>\nCor: Transl\u00facido;<br \/>\nCor Tampa: Branca;<br \/>\nDimens\u00f5es: 23cm x 13cm x 10,5cm (AxCxL)<br \/>\nItens Inclusos: 1 Copo Liquidificador<\/p>\n<p>Imagens Meramente Ilustrativa<\/p>\n","protected":false},"excerpt":{"rendered":"<h2 class=\"ui-pdp-description__title\">Descri\u00e7\u00e3o<\/h2>\n<p class=\"ui-pdp-description__content\">O Copo Para Liquidificador Mallory Tornado \/ Unno Cristal \u00e9 um produto de alta qualidade, fabricado pela renomada marca Mebrasi. Feito de polipropileno resistente, este copo de liquidificador \u00e9 dur\u00e1vel e projetado para suportar o uso di\u00e1rio na cozinha. Com uma capacidade de 1,5 litros, \u00e9 perfeito para preparar sucos, vitaminas, molhos e muito mais. O modelo Mallory Tornado Unno \u00e9 compat\u00edvel com v\u00e1rios modelos de liquidificadores, tornando-o uma escolha vers\u00e1til para qualquer casa. Seu design transparente permite que voc\u00ea veja o conte\u00fado enquanto est\u00e1 sendo misturado, garantindo resultados perfeitos a cada vez. Adicione este copo de liquidificador ao seu arsenal de cozinha e eleve a sua experi\u00eancia culin\u00e1ria para o pr\u00f3ximo n\u00edvel.<\/p>\n<p>Especifica\u00e7\u00f5es T\u00e9cnicas:<\/p>\n<p>Caracter\u00edsticas:<br \/>\nModelos Compat\u00edveis: Mallory Tornado\/ Flash Mix\/ Unno<br \/>\nCapacidade M\u00e1xima: 1,5 litros;<br \/>\nCapacidade Para BATER: 1,25 litros;<br \/>\nCor: Transl\u00facido;<br \/>\nCor Tampa: Branca;<br \/>\nDimens\u00f5es: 23cm x 13cm x 10,5cm (AxCxL)<br \/>\nItens Inclusos: 1 Copo Liquidificador<\/p>\n<p>Imagens Meramente Ilustrativa<\/p>\n","protected":false},"featured_media":3661,"comment_status":"open","ping_status":"closed","template":"","meta":[],"product_brand":[],"product_cat":[60],"product_tag":[],"class_list":{"0":"post-2883","1":"product","2":"type-product","3":"status-publish","4":"has-post-thumbnail","6":"product_cat-utilidades-domesticas","8":"first","9":"instock","10":"shipping-taxable","11":"purchasable","12":"product-type-simple"},"yoast_head":"<!-- This site is optimized with the Yoast SEO Premium plugin v23.3 (Yoast SEO v27.3) - https:\/\/yoast.com\/product\/yoast-seo-premium-wordpress\/ -->\n<title>COPO DE LIQUIDIFICADOR MALORY - Lucas Eletro<\/title>\n<meta name=\"description\" content=\"O Copo Para Liquidificador Mallory Tornado \/ Unno Cristal \u00e9 um produto de alta qualidade, fabricado pela renomada marca Mebrasi. Feito de polipropileno resistente, este copo de liquidificador \u00e9 dur\u00e1vel e projetado para suportar o uso di\u00e1rio na cozinha.\" \/>\n<meta name=\"robots\" content=\"index, follow, max-snippet:-1, max-image-preview:large, max-video-preview:-1\" \/>\n<link rel=\"canonical\" href=\"https:\/\/lucaseletro.com.br\/?product=copo-de-liquidificador-malory\" \/>\n<meta property=\"og:locale\" content=\"pt_BR\" \/>\n<meta property=\"og:type\" content=\"article\" \/>\n<meta property=\"og:title\" content=\"COPO DE LIQUIDIFICADOR MALORY - &#082;&#036;30,00 - Lucas Eletro\" \/>\n<meta property=\"og:description\" content=\"Descri\u00e7\u00e3o O Copo Para Liquidificador Mallory Tornado \/ Unno Cristal \u00e9 um produto de alta qualidade, fabricado pela renomada marca Mebrasi. Feito de polipropileno resistente, este copo de liquidificador \u00e9 dur\u00e1vel e projetado para suportar o uso di\u00e1rio na cozinha. Com uma capacidade de 1,5 litros, \u00e9 perfeito para preparar sucos, vitaminas, molhos e muito mais. O modelo Mallory Tornado Unno \u00e9 compat\u00edvel com v\u00e1rios modelos de liquidificadores, tornando-o uma escolha vers\u00e1til para qualquer casa. Seu design transparente permite que voc\u00ea veja o conte\u00fado enquanto est\u00e1 sendo misturado, garantindo resultados perfeitos a cada vez. Adicione este copo de liquidificador ao seu arsenal de cozinha e eleve a sua experi\u00eancia culin\u00e1ria para o pr\u00f3ximo n\u00edvel. Especifica\u00e7\u00f5es T\u00e9cnicas:  Caracter\u00edsticas: Modelos Compat\u00edveis: Mallory Tornado\/ Flash Mix\/ Unno Capacidade M\u00e1xima: 1,5 litros; Capacidade Para BATER: 1,25 litros; Cor: Transl\u00facido; Cor Tampa: Branca; Dimens\u00f5es: 23cm x 13cm x 10,5cm (AxCxL) Itens Inclusos: 1 Copo Liquidificador  Imagens Meramente Ilustrativa\" \/>\n<meta property=\"og:url\" content=\"https:\/\/lucaseletro.com.br\/?product=copo-de-liquidificador-malory\" \/>\n<meta property=\"og:site_name\" content=\"Lucas Eletro\" \/>\n<meta property=\"article:publisher\" content=\"https:\/\/www.facebook.com\/lucas.eletro.71\" \/>\n<meta property=\"article:modified_time\" content=\"2024-09-25T19:45:04+00:00\" \/>\n<meta property=\"og:image\" content=\"https:\/\/lucaseletro.com.br\/wp-content\/uploads\/2024\/07\/D_NQ_NP_2X_942723-MLB77980766311_072024-F.webp\" \/>\n\t<meta property=\"og:image:width\" content=\"893\" \/>\n\t<meta property=\"og:image:height\" content=\"1192\" \/>\n\t<meta property=\"og:image:type\" content=\"image\/webp\" \/>\n<meta name=\"twitter:card\" content=\"summary_large_image\" \/>\n<meta name=\"twitter:label1\" content=\"Pre\u00e7o\" \/>\n\t<meta name=\"twitter:data1\" content=\"&#082;&#036;30,00\" \/>\n\t<meta name=\"twitter:label2\" content=\"Disponibilidade\" \/>\n\t<meta name=\"twitter:data2\" content=\"Em Estoque\" \/>\n<script type=\"application\/ld+json\" class=\"yoast-schema-graph\">{\"@context\":\"https:\\\/\\\/schema.org\",\"@graph\":[{\"@type\":\"WebPage\",\"@id\":\"https:\\\/\\\/lucaseletro.com.br\\\/?product=copo-de-liquidificador-malory\",\"url\":\"https:\\\/\\\/lucaseletro.com.br\\\/?product=copo-de-liquidificador-malory\",\"name\":\"COPO DE LIQUIDIFICADOR MALORY - Lucas Eletro\",\"isPartOf\":{\"@id\":\"https:\\\/\\\/lucaseletro.com.br\\\/#website\"},\"primaryImageOfPage\":{\"@id\":\"https:\\\/\\\/lucaseletro.com.br\\\/?product=copo-de-liquidificador-malory#primaryimage\"},\"image\":{\"@id\":\"https:\\\/\\\/lucaseletro.com.br\\\/?product=copo-de-liquidificador-malory#primaryimage\"},\"thumbnailUrl\":\"https:\\\/\\\/lucaseletro.com.br\\\/wp-content\\\/uploads\\\/2024\\\/07\\\/D_NQ_NP_2X_942723-MLB77980766311_072024-F.webp\",\"datePublished\":\"2024-07-30T19:57:00+00:00\",\"dateModified\":\"2024-09-25T19:45:04+00:00\",\"description\":\"O Copo Para Liquidificador Mallory Tornado \\\/ Unno Cristal \u00e9 um produto de alta qualidade, fabricado pela renomada marca Mebrasi. Feito de polipropileno resistente, este copo de liquidificador \u00e9 dur\u00e1vel e projetado para suportar o uso di\u00e1rio na cozinha.\",\"breadcrumb\":{\"@id\":\"https:\\\/\\\/lucaseletro.com.br\\\/?product=copo-de-liquidificador-malory#breadcrumb\"},\"inLanguage\":\"pt-BR\",\"potentialAction\":[{\"@type\":\"ReadAction\",\"target\":[\"https:\\\/\\\/lucaseletro.com.br\\\/?product=copo-de-liquidificador-malory\"]}]},{\"@type\":\"ImageObject\",\"inLanguage\":\"pt-BR\",\"@id\":\"https:\\\/\\\/lucaseletro.com.br\\\/?product=copo-de-liquidificador-malory#primaryimage\",\"url\":\"https:\\\/\\\/lucaseletro.com.br\\\/wp-content\\\/uploads\\\/2024\\\/07\\\/D_NQ_NP_2X_942723-MLB77980766311_072024-F.webp\",\"contentUrl\":\"https:\\\/\\\/lucaseletro.com.br\\\/wp-content\\\/uploads\\\/2024\\\/07\\\/D_NQ_NP_2X_942723-MLB77980766311_072024-F.webp\",\"width\":893,\"height\":1192},{\"@type\":\"BreadcrumbList\",\"@id\":\"https:\\\/\\\/lucaseletro.com.br\\\/?product=copo-de-liquidificador-malory#breadcrumb\",\"itemListElement\":[{\"@type\":\"ListItem\",\"position\":1,\"name\":\"In\u00edcio\",\"item\":\"https:\\\/\\\/lucaseletro.com.br\\\/\"},{\"@type\":\"ListItem\",\"position\":2,\"name\":\"Loja\",\"item\":\"https:\\\/\\\/lucaseletro.com.br\\\/?page_id=11\"},{\"@type\":\"ListItem\",\"position\":3,\"name\":\"COPO DE LIQUIDIFICADOR MALORY\"}]},{\"@type\":\"WebSite\",\"@id\":\"https:\\\/\\\/lucaseletro.com.br\\\/#website\",\"url\":\"https:\\\/\\\/lucaseletro.com.br\\\/\",\"name\":\"Lucas Eletro\",\"description\":\"Realizando seus sonhos\",\"publisher\":{\"@id\":\"https:\\\/\\\/lucaseletro.com.br\\\/#organization\"},\"alternateName\":\"Lucas Eletro\",\"potentialAction\":[{\"@type\":\"SearchAction\",\"target\":{\"@type\":\"EntryPoint\",\"urlTemplate\":\"https:\\\/\\\/lucaseletro.com.br\\\/?s={search_term_string}\"},\"query-input\":{\"@type\":\"PropertyValueSpecification\",\"valueRequired\":true,\"valueName\":\"search_term_string\"}}],\"inLanguage\":\"pt-BR\"},{\"@type\":\"Organization\",\"@id\":\"https:\\\/\\\/lucaseletro.com.br\\\/#organization\",\"name\":\"Lucas Eletro\",\"alternateName\":\"Lucas Eletro\",\"url\":\"https:\\\/\\\/lucaseletro.com.br\\\/\",\"logo\":{\"@type\":\"ImageObject\",\"inLanguage\":\"pt-BR\",\"@id\":\"https:\\\/\\\/lucaseletro.com.br\\\/#\\\/schema\\\/logo\\\/image\\\/\",\"url\":\"https:\\\/\\\/lucaseletro.com.br\\\/wp-content\\\/uploads\\\/2024\\\/08\\\/Logo-WebP.webp\",\"contentUrl\":\"https:\\\/\\\/lucaseletro.com.br\\\/wp-content\\\/uploads\\\/2024\\\/08\\\/Logo-WebP.webp\",\"width\":1366,\"height\":457,\"caption\":\"Lucas Eletro\"},\"image\":{\"@id\":\"https:\\\/\\\/lucaseletro.com.br\\\/#\\\/schema\\\/logo\\\/image\\\/\"},\"sameAs\":[\"https:\\\/\\\/www.facebook.com\\\/lucas.eletro.71\"]}]}<\/script>\n<meta property=\"product:price:amount\" content=\"30.00\" \/>\n<meta property=\"product:price:currency\" content=\"BRL\" \/>\n<meta property=\"og:availability\" content=\"instock\" \/>\n<meta property=\"product:availability\" content=\"instock\" \/>\n<meta property=\"product:condition\" content=\"new\" \/>\n<!-- \/ Yoast SEO Premium plugin. -->","yoast_head_json":{"title":"COPO DE LIQUIDIFICADOR MALORY - Lucas Eletro","description":"O Copo Para Liquidificador Mallory Tornado \/ Unno Cristal \u00e9 um produto de alta qualidade, fabricado pela renomada marca Mebrasi. Feito de polipropileno resistente, este copo de liquidificador \u00e9 dur\u00e1vel e projetado para suportar o uso di\u00e1rio na cozinha.","robots":{"index":"index","follow":"follow","max-snippet":"max-snippet:-1","max-image-preview":"max-image-preview:large","max-video-preview":"max-video-preview:-1"},"canonical":"https:\/\/lucaseletro.com.br\/?product=copo-de-liquidificador-malory","og_locale":"pt_BR","og_type":"article","og_title":"COPO DE LIQUIDIFICADOR MALORY - &#82;&#36;30,00 - Lucas Eletro","og_description":"Descri\u00e7\u00e3o O Copo Para Liquidificador Mallory Tornado \/ Unno Cristal \u00e9 um produto de alta qualidade, fabricado pela renomada marca Mebrasi. Feito de polipropileno resistente, este copo de liquidificador \u00e9 dur\u00e1vel e projetado para suportar o uso di\u00e1rio na cozinha. Com uma capacidade de 1,5 litros, \u00e9 perfeito para preparar sucos, vitaminas, molhos e muito mais. O modelo Mallory Tornado Unno \u00e9 compat\u00edvel com v\u00e1rios modelos de liquidificadores, tornando-o uma escolha vers\u00e1til para qualquer casa. Seu design transparente permite que voc\u00ea veja o conte\u00fado enquanto est\u00e1 sendo misturado, garantindo resultados perfeitos a cada vez. Adicione este copo de liquidificador ao seu arsenal de cozinha e eleve a sua experi\u00eancia culin\u00e1ria para o pr\u00f3ximo n\u00edvel. Especifica\u00e7\u00f5es T\u00e9cnicas:  Caracter\u00edsticas: Modelos Compat\u00edveis: Mallory Tornado\/ Flash Mix\/ Unno Capacidade M\u00e1xima: 1,5 litros; Capacidade Para BATER: 1,25 litros; Cor: Transl\u00facido; Cor Tampa: Branca; Dimens\u00f5es: 23cm x 13cm x 10,5cm (AxCxL) Itens Inclusos: 1 Copo Liquidificador  Imagens Meramente Ilustrativa","og_url":"https:\/\/lucaseletro.com.br\/?product=copo-de-liquidificador-malory","og_site_name":"Lucas Eletro","article_publisher":"https:\/\/www.facebook.com\/lucas.eletro.71","article_modified_time":"2024-09-25T19:45:04+00:00","og_image":[{"width":893,"height":1192,"url":"https:\/\/lucaseletro.com.br\/wp-content\/uploads\/2024\/07\/D_NQ_NP_2X_942723-MLB77980766311_072024-F.webp","type":"image\/webp"}],"twitter_card":"summary_large_image","twitter_misc":{"Pre\u00e7o":"&#82;&#36;30,00","Disponibilidade":"Em Estoque"},"schema":{"@context":"https:\/\/schema.org","@graph":[{"@type":"WebPage","@id":"https:\/\/lucaseletro.com.br\/?product=copo-de-liquidificador-malory","url":"https:\/\/lucaseletro.com.br\/?product=copo-de-liquidificador-malory","name":"COPO DE LIQUIDIFICADOR MALORY - Lucas Eletro","isPartOf":{"@id":"https:\/\/lucaseletro.com.br\/#website"},"primaryImageOfPage":{"@id":"https:\/\/lucaseletro.com.br\/?product=copo-de-liquidificador-malory#primaryimage"},"image":{"@id":"https:\/\/lucaseletro.com.br\/?product=copo-de-liquidificador-malory#primaryimage"},"thumbnailUrl":"https:\/\/lucaseletro.com.br\/wp-content\/uploads\/2024\/07\/D_NQ_NP_2X_942723-MLB77980766311_072024-F.webp","datePublished":"2024-07-30T19:57:00+00:00","dateModified":"2024-09-25T19:45:04+00:00","description":"O Copo Para Liquidificador Mallory Tornado \/ Unno Cristal \u00e9 um produto de alta qualidade, fabricado pela renomada marca Mebrasi. Feito de polipropileno resistente, este copo de liquidificador \u00e9 dur\u00e1vel e projetado para suportar o uso di\u00e1rio na cozinha.","breadcrumb":{"@id":"https:\/\/lucaseletro.com.br\/?product=copo-de-liquidificador-malory#breadcrumb"},"inLanguage":"pt-BR","potentialAction":[{"@type":"ReadAction","target":["https:\/\/lucaseletro.com.br\/?product=copo-de-liquidificador-malory"]}]},{"@type":"ImageObject","inLanguage":"pt-BR","@id":"https:\/\/lucaseletro.com.br\/?product=copo-de-liquidificador-malory#primaryimage","url":"https:\/\/lucaseletro.com.br\/wp-content\/uploads\/2024\/07\/D_NQ_NP_2X_942723-MLB77980766311_072024-F.webp","contentUrl":"https:\/\/lucaseletro.com.br\/wp-content\/uploads\/2024\/07\/D_NQ_NP_2X_942723-MLB77980766311_072024-F.webp","width":893,"height":1192},{"@type":"BreadcrumbList","@id":"https:\/\/lucaseletro.com.br\/?product=copo-de-liquidificador-malory#breadcrumb","itemListElement":[{"@type":"ListItem","position":1,"name":"In\u00edcio","item":"https:\/\/lucaseletro.com.br\/"},{"@type":"ListItem","position":2,"name":"Loja","item":"https:\/\/lucaseletro.com.br\/?page_id=11"},{"@type":"ListItem","position":3,"name":"COPO DE LIQUIDIFICADOR MALORY"}]},{"@type":"WebSite","@id":"https:\/\/lucaseletro.com.br\/#website","url":"https:\/\/lucaseletro.com.br\/","name":"Lucas Eletro","description":"Realizando seus sonhos","publisher":{"@id":"https:\/\/lucaseletro.com.br\/#organization"},"alternateName":"Lucas Eletro","potentialAction":[{"@type":"SearchAction","target":{"@type":"EntryPoint","urlTemplate":"https:\/\/lucaseletro.com.br\/?s={search_term_string}"},"query-input":{"@type":"PropertyValueSpecification","valueRequired":true,"valueName":"search_term_string"}}],"inLanguage":"pt-BR"},{"@type":"Organization","@id":"https:\/\/lucaseletro.com.br\/#organization","name":"Lucas Eletro","alternateName":"Lucas Eletro","url":"https:\/\/lucaseletro.com.br\/","logo":{"@type":"ImageObject","inLanguage":"pt-BR","@id":"https:\/\/lucaseletro.com.br\/#\/schema\/logo\/image\/","url":"https:\/\/lucaseletro.com.br\/wp-content\/uploads\/2024\/08\/Logo-WebP.webp","contentUrl":"https:\/\/lucaseletro.com.br\/wp-content\/uploads\/2024\/08\/Logo-WebP.webp","width":1366,"height":457,"caption":"Lucas Eletro"},"image":{"@id":"https:\/\/lucaseletro.com.br\/#\/schema\/logo\/image\/"},"sameAs":["https:\/\/www.facebook.com\/lucas.eletro.71"]}]},"product_price_amount":"30.00","product_price_currency":"BRL","og_availability":"instock","product_availability":"instock","product_condition":"new"},"_links":{"self":[{"href":"https:\/\/lucaseletro.com.br\/index.php?rest_route=\/wp\/v2\/product\/2883","targetHints":{"allow":["GET"]}}],"collection":[{"href":"https:\/\/lucaseletro.com.br\/index.php?rest_route=\/wp\/v2\/product"}],"about":[{"href":"https:\/\/lucaseletro.com.br\/index.php?rest_route=\/wp\/v2\/types\/product"}],"replies":[{"embeddable":true,"href":"https:\/\/lucaseletro.com.br\/index.php?rest_route=%2Fwp%2Fv2%2Fcomments&post=2883"}],"wp:featuredmedia":[{"embeddable":true,"href":"https:\/\/lucaseletro.com.br\/index.php?rest_route=\/wp\/v2\/media\/3661"}],"wp:attachment":[{"href":"https:\/\/lucaseletro.com.br\/index.php?rest_route=%2Fwp%2Fv2%2Fmedia&parent=2883"}],"wp:term":[{"taxonomy":"product_brand","embeddable":true,"href":"https:\/\/lucaseletro.com.br\/index.php?rest_route=%2Fwp%2Fv2%2Fproduct_brand&post=2883"},{"taxonomy":"product_cat","embeddable":true,"href":"https:\/\/lucaseletro.com.br\/index.php?rest_route=%2Fwp%2Fv2%2Fproduct_cat&post=2883"},{"taxonomy":"product_tag","embeddable":true,"href":"https:\/\/lucaseletro.com.br\/index.php?rest_route=%2Fwp%2Fv2%2Fproduct_tag&post=2883"}],"curies":[{"name":"wp","href":"https:\/\/api.w.org\/{rel}","templated":true}]}}