{"id":2885,"date":"2024-07-30T16:57:00","date_gmt":"2024-07-30T19:57:00","guid":{"rendered":"https:\/\/lucaseletro.com.br\/product\/copo-de-liquidificador-arno\/"},"modified":"2024-09-26T15:44:48","modified_gmt":"2024-09-26T18:44:48","slug":"copo-de-liquidificador-arno","status":"publish","type":"product","link":"https:\/\/lucaseletro.com.br\/?product=copo-de-liquidificador-arno","title":{"rendered":"COPO DE LIQUIDIFICADOR ARNO"},"content":{"rendered":"<h2 class=\"ui-pdp-description__title\">Descri\u00e7\u00e3o<\/h2>\n<p class=\"ui-pdp-description__content\">O Copo De Liquidificador Arno Optimix Translucido \u00e9 um produto de alta qualidade, produzido pela renomada marca BEXcommerce. Feito de pl\u00e1stico resistente, este copo de liquidificador \u00e9 perfeito para preparar suas bebidas e alimentos favoritos. Com capacidade para 1,5 litros, \u00e9 ideal para preparar sucos, vitaminas, molhos e muito mais. O modelo Optimix \u00e9 conhecido por sua durabilidade e efici\u00eancia, tornando-o uma excelente escolha para sua cozinha. Al\u00e9m disso, seu design transl\u00facido permite que voc\u00ea veja o conte\u00fado enquanto est\u00e1 sendo processado, garantindo resultados perfeitos a cada vez. Adquira o seu e eleve a sua experi\u00eancia culin\u00e1ria a um novo patamar.<\/p>\n","protected":false},"excerpt":{"rendered":"<h2 class=\"ui-pdp-description__title\">Descri\u00e7\u00e3o<\/h2>\n<p class=\"ui-pdp-description__content\">O Copo De Liquidificador Arno Optimix Translucido \u00e9 um produto de alta qualidade, produzido pela renomada marca BEXcommerce. Feito de pl\u00e1stico resistente, este copo de liquidificador \u00e9 perfeito para preparar suas bebidas e alimentos favoritos. Com capacidade para 1,5 litros, \u00e9 ideal para preparar sucos, vitaminas, molhos e muito mais. O modelo Optimix \u00e9 conhecido por sua durabilidade e efici\u00eancia, tornando-o uma excelente escolha para sua cozinha. Al\u00e9m disso, seu design transl\u00facido permite que voc\u00ea veja o conte\u00fado enquanto est\u00e1 sendo processado, garantindo resultados perfeitos a cada vez. Adquira o seu e eleve a sua experi\u00eancia culin\u00e1ria a um novo patamar.<\/p>\n","protected":false},"featured_media":3667,"comment_status":"open","ping_status":"closed","template":"","meta":[],"product_brand":[],"product_cat":[60],"product_tag":[],"class_list":{"0":"post-2885","1":"product","2":"type-product","3":"status-publish","4":"has-post-thumbnail","6":"product_cat-utilidades-domesticas","8":"first","9":"instock","10":"shipping-taxable","11":"purchasable","12":"product-type-simple"},"yoast_head":"<!-- This site is optimized with the Yoast SEO Premium plugin v23.3 (Yoast SEO v27.4) - https:\/\/yoast.com\/product\/yoast-seo-premium-wordpress\/ -->\n<title>COPO DE LIQUIDIFICADOR ARNO - Lucas Eletro<\/title>\n<meta name=\"description\" content=\"Descri\u00e7\u00e3oO Copo De Liquidificador Arno Optimix Translucido \u00e9 um produto de alta qualidade, produzido pela renomada marca BEXcommerce. Feito de pl\u00e1stico resistente, este copo de liquidificador \u00e9 perfeito para preparar suas bebidas e alimentos favoritos. Com capacidade para 1,5 litros, \u00e9 ideal para preparar sucos, vitaminas, molhos e muito mais. O modelo Optimix \u00e9 conhecido por sua durabilidade e efici\u00eancia, tornando-o uma excelente escolha para sua cozinha. Al\u00e9m disso, seu design transl\u00facido permite que voc\u00ea veja o conte\u00fado enquanto est\u00e1 sendo processado, garantindo resultados perfeitos a cada vez. Adquira o seu e eleve a sua experi\u00eancia culin\u00e1ria a um novo patamar.\" \/>\n<meta name=\"robots\" content=\"index, follow, max-snippet:-1, max-image-preview:large, max-video-preview:-1\" \/>\n<link rel=\"canonical\" href=\"https:\/\/lucaseletro.com.br\/?product=copo-de-liquidificador-arno\" \/>\n<meta property=\"og:locale\" content=\"pt_BR\" \/>\n<meta property=\"og:type\" content=\"article\" \/>\n<meta property=\"og:title\" content=\"COPO DE LIQUIDIFICADOR ARNO - &#082;&#036;25,00 - Lucas Eletro\" \/>\n<meta property=\"og:description\" content=\"Descri\u00e7\u00e3o O Copo De Liquidificador Arno Optimix Translucido \u00e9 um produto de alta qualidade, produzido pela renomada marca BEXcommerce. Feito de pl\u00e1stico resistente, este copo de liquidificador \u00e9 perfeito para preparar suas bebidas e alimentos favoritos. Com capacidade para 1,5 litros, \u00e9 ideal para preparar sucos, vitaminas, molhos e muito mais. O modelo Optimix \u00e9 conhecido por sua durabilidade e efici\u00eancia, tornando-o uma excelente escolha para sua cozinha. Al\u00e9m disso, seu design transl\u00facido permite que voc\u00ea veja o conte\u00fado enquanto est\u00e1 sendo processado, garantindo resultados perfeitos a cada vez. Adquira o seu e eleve a sua experi\u00eancia culin\u00e1ria a um novo patamar.\" \/>\n<meta property=\"og:url\" content=\"https:\/\/lucaseletro.com.br\/?product=copo-de-liquidificador-arno\" \/>\n<meta property=\"og:site_name\" content=\"Lucas Eletro\" \/>\n<meta property=\"article:publisher\" content=\"https:\/\/www.facebook.com\/lucas.eletro.71\" \/>\n<meta property=\"article:modified_time\" content=\"2024-09-26T18:44:48+00:00\" \/>\n<meta property=\"og:image\" content=\"https:\/\/lucaseletro.com.br\/wp-content\/uploads\/2024\/07\/ARNO-OPT.webp\" \/>\n\t<meta property=\"og:image:width\" content=\"924\" \/>\n\t<meta property=\"og:image:height\" content=\"1198\" \/>\n\t<meta property=\"og:image:type\" content=\"image\/webp\" \/>\n<meta name=\"twitter:card\" content=\"summary_large_image\" \/>\n<meta name=\"twitter:label1\" content=\"Pre\u00e7o\" \/>\n\t<meta name=\"twitter:data1\" content=\"&#082;&#036;25,00\" \/>\n\t<meta name=\"twitter:label2\" content=\"Disponibilidade\" \/>\n\t<meta name=\"twitter:data2\" content=\"Em Estoque\" \/>\n<script type=\"application\/ld+json\" class=\"yoast-schema-graph\">{\"@context\":\"https:\\\/\\\/schema.org\",\"@graph\":[{\"@type\":\"WebPage\",\"@id\":\"https:\\\/\\\/lucaseletro.com.br\\\/?product=copo-de-liquidificador-arno\",\"url\":\"https:\\\/\\\/lucaseletro.com.br\\\/?product=copo-de-liquidificador-arno\",\"name\":\"COPO DE LIQUIDIFICADOR ARNO - Lucas Eletro\",\"isPartOf\":{\"@id\":\"https:\\\/\\\/lucaseletro.com.br\\\/#website\"},\"primaryImageOfPage\":{\"@id\":\"https:\\\/\\\/lucaseletro.com.br\\\/?product=copo-de-liquidificador-arno#primaryimage\"},\"image\":{\"@id\":\"https:\\\/\\\/lucaseletro.com.br\\\/?product=copo-de-liquidificador-arno#primaryimage\"},\"thumbnailUrl\":\"https:\\\/\\\/lucaseletro.com.br\\\/wp-content\\\/uploads\\\/2024\\\/07\\\/ARNO-OPT.webp\",\"datePublished\":\"2024-07-30T19:57:00+00:00\",\"dateModified\":\"2024-09-26T18:44:48+00:00\",\"description\":\"Descri\u00e7\u00e3oO Copo De Liquidificador Arno Optimix Translucido \u00e9 um produto de alta qualidade, produzido pela renomada marca BEXcommerce. Feito de pl\u00e1stico resistente, este copo de liquidificador \u00e9 perfeito para preparar suas bebidas e alimentos favoritos. Com capacidade para 1,5 litros, \u00e9 ideal para preparar sucos, vitaminas, molhos e muito mais. O modelo Optimix \u00e9 conhecido por sua durabilidade e efici\u00eancia, tornando-o uma excelente escolha para sua cozinha. Al\u00e9m disso, seu design transl\u00facido permite que voc\u00ea veja o conte\u00fado enquanto est\u00e1 sendo processado, garantindo resultados perfeitos a cada vez. Adquira o seu e eleve a sua experi\u00eancia culin\u00e1ria a um novo patamar.\",\"breadcrumb\":{\"@id\":\"https:\\\/\\\/lucaseletro.com.br\\\/?product=copo-de-liquidificador-arno#breadcrumb\"},\"inLanguage\":\"pt-BR\",\"potentialAction\":[{\"@type\":\"ReadAction\",\"target\":[\"https:\\\/\\\/lucaseletro.com.br\\\/?product=copo-de-liquidificador-arno\"]}]},{\"@type\":\"ImageObject\",\"inLanguage\":\"pt-BR\",\"@id\":\"https:\\\/\\\/lucaseletro.com.br\\\/?product=copo-de-liquidificador-arno#primaryimage\",\"url\":\"https:\\\/\\\/lucaseletro.com.br\\\/wp-content\\\/uploads\\\/2024\\\/07\\\/ARNO-OPT.webp\",\"contentUrl\":\"https:\\\/\\\/lucaseletro.com.br\\\/wp-content\\\/uploads\\\/2024\\\/07\\\/ARNO-OPT.webp\",\"width\":924,\"height\":1198},{\"@type\":\"BreadcrumbList\",\"@id\":\"https:\\\/\\\/lucaseletro.com.br\\\/?product=copo-de-liquidificador-arno#breadcrumb\",\"itemListElement\":[{\"@type\":\"ListItem\",\"position\":1,\"name\":\"In\u00edcio\",\"item\":\"https:\\\/\\\/lucaseletro.com.br\\\/\"},{\"@type\":\"ListItem\",\"position\":2,\"name\":\"Loja\",\"item\":\"https:\\\/\\\/lucaseletro.com.br\\\/?page_id=11\"},{\"@type\":\"ListItem\",\"position\":3,\"name\":\"COPO DE LIQUIDIFICADOR ARNO\"}]},{\"@type\":\"WebSite\",\"@id\":\"https:\\\/\\\/lucaseletro.com.br\\\/#website\",\"url\":\"https:\\\/\\\/lucaseletro.com.br\\\/\",\"name\":\"Lucas Eletro\",\"description\":\"Realizando seus sonhos\",\"publisher\":{\"@id\":\"https:\\\/\\\/lucaseletro.com.br\\\/#organization\"},\"alternateName\":\"Lucas Eletro\",\"potentialAction\":[{\"@type\":\"SearchAction\",\"target\":{\"@type\":\"EntryPoint\",\"urlTemplate\":\"https:\\\/\\\/lucaseletro.com.br\\\/?s={search_term_string}\"},\"query-input\":{\"@type\":\"PropertyValueSpecification\",\"valueRequired\":true,\"valueName\":\"search_term_string\"}}],\"inLanguage\":\"pt-BR\"},{\"@type\":\"Organization\",\"@id\":\"https:\\\/\\\/lucaseletro.com.br\\\/#organization\",\"name\":\"Lucas Eletro\",\"alternateName\":\"Lucas Eletro\",\"url\":\"https:\\\/\\\/lucaseletro.com.br\\\/\",\"logo\":{\"@type\":\"ImageObject\",\"inLanguage\":\"pt-BR\",\"@id\":\"https:\\\/\\\/lucaseletro.com.br\\\/#\\\/schema\\\/logo\\\/image\\\/\",\"url\":\"https:\\\/\\\/lucaseletro.com.br\\\/wp-content\\\/uploads\\\/2024\\\/08\\\/Logo-WebP.webp\",\"contentUrl\":\"https:\\\/\\\/lucaseletro.com.br\\\/wp-content\\\/uploads\\\/2024\\\/08\\\/Logo-WebP.webp\",\"width\":1366,\"height\":457,\"caption\":\"Lucas Eletro\"},\"image\":{\"@id\":\"https:\\\/\\\/lucaseletro.com.br\\\/#\\\/schema\\\/logo\\\/image\\\/\"},\"sameAs\":[\"https:\\\/\\\/www.facebook.com\\\/lucas.eletro.71\"]}]}<\/script>\n<meta property=\"product:price:amount\" content=\"25.00\" \/>\n<meta property=\"product:price:currency\" content=\"BRL\" \/>\n<meta property=\"og:availability\" content=\"instock\" \/>\n<meta property=\"product:availability\" content=\"instock\" \/>\n<meta property=\"product:condition\" content=\"new\" \/>\n<!-- \/ Yoast SEO Premium plugin. -->","yoast_head_json":{"title":"COPO DE LIQUIDIFICADOR ARNO - Lucas Eletro","description":"Descri\u00e7\u00e3oO Copo De Liquidificador Arno Optimix Translucido \u00e9 um produto de alta qualidade, produzido pela renomada marca BEXcommerce. Feito de pl\u00e1stico resistente, este copo de liquidificador \u00e9 perfeito para preparar suas bebidas e alimentos favoritos. Com capacidade para 1,5 litros, \u00e9 ideal para preparar sucos, vitaminas, molhos e muito mais. O modelo Optimix \u00e9 conhecido por sua durabilidade e efici\u00eancia, tornando-o uma excelente escolha para sua cozinha. Al\u00e9m disso, seu design transl\u00facido permite que voc\u00ea veja o conte\u00fado enquanto est\u00e1 sendo processado, garantindo resultados perfeitos a cada vez. Adquira o seu e eleve a sua experi\u00eancia culin\u00e1ria a um novo patamar.","robots":{"index":"index","follow":"follow","max-snippet":"max-snippet:-1","max-image-preview":"max-image-preview:large","max-video-preview":"max-video-preview:-1"},"canonical":"https:\/\/lucaseletro.com.br\/?product=copo-de-liquidificador-arno","og_locale":"pt_BR","og_type":"article","og_title":"COPO DE LIQUIDIFICADOR ARNO - &#82;&#36;25,00 - Lucas Eletro","og_description":"Descri\u00e7\u00e3o O Copo De Liquidificador Arno Optimix Translucido \u00e9 um produto de alta qualidade, produzido pela renomada marca BEXcommerce. Feito de pl\u00e1stico resistente, este copo de liquidificador \u00e9 perfeito para preparar suas bebidas e alimentos favoritos. Com capacidade para 1,5 litros, \u00e9 ideal para preparar sucos, vitaminas, molhos e muito mais. O modelo Optimix \u00e9 conhecido por sua durabilidade e efici\u00eancia, tornando-o uma excelente escolha para sua cozinha. Al\u00e9m disso, seu design transl\u00facido permite que voc\u00ea veja o conte\u00fado enquanto est\u00e1 sendo processado, garantindo resultados perfeitos a cada vez. Adquira o seu e eleve a sua experi\u00eancia culin\u00e1ria a um novo patamar.","og_url":"https:\/\/lucaseletro.com.br\/?product=copo-de-liquidificador-arno","og_site_name":"Lucas Eletro","article_publisher":"https:\/\/www.facebook.com\/lucas.eletro.71","article_modified_time":"2024-09-26T18:44:48+00:00","og_image":[{"width":924,"height":1198,"url":"https:\/\/lucaseletro.com.br\/wp-content\/uploads\/2024\/07\/ARNO-OPT.webp","type":"image\/webp"}],"twitter_card":"summary_large_image","twitter_misc":{"Pre\u00e7o":"&#82;&#36;25,00","Disponibilidade":"Em Estoque"},"schema":{"@context":"https:\/\/schema.org","@graph":[{"@type":"WebPage","@id":"https:\/\/lucaseletro.com.br\/?product=copo-de-liquidificador-arno","url":"https:\/\/lucaseletro.com.br\/?product=copo-de-liquidificador-arno","name":"COPO DE LIQUIDIFICADOR ARNO - Lucas Eletro","isPartOf":{"@id":"https:\/\/lucaseletro.com.br\/#website"},"primaryImageOfPage":{"@id":"https:\/\/lucaseletro.com.br\/?product=copo-de-liquidificador-arno#primaryimage"},"image":{"@id":"https:\/\/lucaseletro.com.br\/?product=copo-de-liquidificador-arno#primaryimage"},"thumbnailUrl":"https:\/\/lucaseletro.com.br\/wp-content\/uploads\/2024\/07\/ARNO-OPT.webp","datePublished":"2024-07-30T19:57:00+00:00","dateModified":"2024-09-26T18:44:48+00:00","description":"Descri\u00e7\u00e3oO Copo De Liquidificador Arno Optimix Translucido \u00e9 um produto de alta qualidade, produzido pela renomada marca BEXcommerce. Feito de pl\u00e1stico resistente, este copo de liquidificador \u00e9 perfeito para preparar suas bebidas e alimentos favoritos. Com capacidade para 1,5 litros, \u00e9 ideal para preparar sucos, vitaminas, molhos e muito mais. O modelo Optimix \u00e9 conhecido por sua durabilidade e efici\u00eancia, tornando-o uma excelente escolha para sua cozinha. Al\u00e9m disso, seu design transl\u00facido permite que voc\u00ea veja o conte\u00fado enquanto est\u00e1 sendo processado, garantindo resultados perfeitos a cada vez. Adquira o seu e eleve a sua experi\u00eancia culin\u00e1ria a um novo patamar.","breadcrumb":{"@id":"https:\/\/lucaseletro.com.br\/?product=copo-de-liquidificador-arno#breadcrumb"},"inLanguage":"pt-BR","potentialAction":[{"@type":"ReadAction","target":["https:\/\/lucaseletro.com.br\/?product=copo-de-liquidificador-arno"]}]},{"@type":"ImageObject","inLanguage":"pt-BR","@id":"https:\/\/lucaseletro.com.br\/?product=copo-de-liquidificador-arno#primaryimage","url":"https:\/\/lucaseletro.com.br\/wp-content\/uploads\/2024\/07\/ARNO-OPT.webp","contentUrl":"https:\/\/lucaseletro.com.br\/wp-content\/uploads\/2024\/07\/ARNO-OPT.webp","width":924,"height":1198},{"@type":"BreadcrumbList","@id":"https:\/\/lucaseletro.com.br\/?product=copo-de-liquidificador-arno#breadcrumb","itemListElement":[{"@type":"ListItem","position":1,"name":"In\u00edcio","item":"https:\/\/lucaseletro.com.br\/"},{"@type":"ListItem","position":2,"name":"Loja","item":"https:\/\/lucaseletro.com.br\/?page_id=11"},{"@type":"ListItem","position":3,"name":"COPO DE LIQUIDIFICADOR ARNO"}]},{"@type":"WebSite","@id":"https:\/\/lucaseletro.com.br\/#website","url":"https:\/\/lucaseletro.com.br\/","name":"Lucas Eletro","description":"Realizando seus sonhos","publisher":{"@id":"https:\/\/lucaseletro.com.br\/#organization"},"alternateName":"Lucas Eletro","potentialAction":[{"@type":"SearchAction","target":{"@type":"EntryPoint","urlTemplate":"https:\/\/lucaseletro.com.br\/?s={search_term_string}"},"query-input":{"@type":"PropertyValueSpecification","valueRequired":true,"valueName":"search_term_string"}}],"inLanguage":"pt-BR"},{"@type":"Organization","@id":"https:\/\/lucaseletro.com.br\/#organization","name":"Lucas Eletro","alternateName":"Lucas Eletro","url":"https:\/\/lucaseletro.com.br\/","logo":{"@type":"ImageObject","inLanguage":"pt-BR","@id":"https:\/\/lucaseletro.com.br\/#\/schema\/logo\/image\/","url":"https:\/\/lucaseletro.com.br\/wp-content\/uploads\/2024\/08\/Logo-WebP.webp","contentUrl":"https:\/\/lucaseletro.com.br\/wp-content\/uploads\/2024\/08\/Logo-WebP.webp","width":1366,"height":457,"caption":"Lucas Eletro"},"image":{"@id":"https:\/\/lucaseletro.com.br\/#\/schema\/logo\/image\/"},"sameAs":["https:\/\/www.facebook.com\/lucas.eletro.71"]}]},"product_price_amount":"25.00","product_price_currency":"BRL","og_availability":"instock","product_availability":"instock","product_condition":"new"},"_links":{"self":[{"href":"https:\/\/lucaseletro.com.br\/index.php?rest_route=\/wp\/v2\/product\/2885","targetHints":{"allow":["GET"]}}],"collection":[{"href":"https:\/\/lucaseletro.com.br\/index.php?rest_route=\/wp\/v2\/product"}],"about":[{"href":"https:\/\/lucaseletro.com.br\/index.php?rest_route=\/wp\/v2\/types\/product"}],"replies":[{"embeddable":true,"href":"https:\/\/lucaseletro.com.br\/index.php?rest_route=%2Fwp%2Fv2%2Fcomments&post=2885"}],"wp:featuredmedia":[{"embeddable":true,"href":"https:\/\/lucaseletro.com.br\/index.php?rest_route=\/wp\/v2\/media\/3667"}],"wp:attachment":[{"href":"https:\/\/lucaseletro.com.br\/index.php?rest_route=%2Fwp%2Fv2%2Fmedia&parent=2885"}],"wp:term":[{"taxonomy":"product_brand","embeddable":true,"href":"https:\/\/lucaseletro.com.br\/index.php?rest_route=%2Fwp%2Fv2%2Fproduct_brand&post=2885"},{"taxonomy":"product_cat","embeddable":true,"href":"https:\/\/lucaseletro.com.br\/index.php?rest_route=%2Fwp%2Fv2%2Fproduct_cat&post=2885"},{"taxonomy":"product_tag","embeddable":true,"href":"https:\/\/lucaseletro.com.br\/index.php?rest_route=%2Fwp%2Fv2%2Fproduct_tag&post=2885"}],"curies":[{"name":"wp","href":"https:\/\/api.w.org\/{rel}","templated":true}]}}