{"id":2903,"date":"2024-07-30T16:57:04","date_gmt":"2024-07-30T19:57:04","guid":{"rendered":"https:\/\/lucaseletro.com.br\/product\/colchao-omega-solteiro-d2088x188x14al\/"},"modified":"2025-08-23T09:07:14","modified_gmt":"2025-08-23T12:07:14","slug":"colchao-omega-solteiro-d2088x188x14al","status":"publish","type":"product","link":"https:\/\/lucaseletro.com.br\/?product=colchao-omega-solteiro-d2088x188x14al","title":{"rendered":"COLCHAO OMEGA SOLTEIRO D2088X188X14AL"},"content":{"rendered":"<p>Colch\u00e3o Solteiro D20 Omega Bamboo Valle 88x188x14cmo Colch\u00e3o Solteiro D20 Omega Bamboo Valle \u00c9 Uma Escolha Ideal Para Quem Busca Conforto E Qualidade Em Seu Descanso Di\u00e1rio. Com Suas Medidas De 88x188x14cm, Este Colch\u00e3o \u00c9 Perfeito Para Camas De Solteiro, Proporcionando O Suporte Necess\u00e1rio Para Uma Noite De Sono Revigorante. abricado Com Espuma D20, O Colch\u00e3o Solteiro Omega Garante Um Apoio Firme E Ergon\u00f4mico Ao Corpo, Promovendo O Alinhamento Correto Da Coluna Durante O Repouso. Sua Camada De Espuma \u00c9 Revestida Por Um Tecido Macio, Que Confere Um Toque De Eleg\u00e2ncia E Modernidade Ao Ambiente.al\u00e9m Disso, A Tecnologia De Fabrica\u00e7\u00e3o Deste Colch\u00e3o Visa A Durabilidade E A Resist\u00eancia Ao Uso Cont\u00ednuo, Garantindo Que Voc\u00ea Desfrute De Noites Tranquilas Por Muito Tempo.caracter\u00edsticas Do Colch\u00e3o:- Marca: Valle- Cor: Bamboo- Espuma: D20- Modelo: Omega- Tamanho: Solteiro- Revestimento: Poliuretano- Peso Suportado: At\u00e9 60 Kg- Tratamentos: Anti\u00e1caro\/antial\u00e9rgicodimens\u00f5es Do Colch\u00e3o:- Altura: 14 Cm- Largura: 88 Cm- Comprimento: 188 Cm*as Cores Do Produto Podem Variar De Acordo Com O Monitor, A Ilumina\u00e7\u00e3o Do Ambiente E A Sua Percep\u00e7\u00e3o Visual.**confira As Dimens\u00f5es Do Produto E Certifique-se De Que Passar\u00e1 Normalmente Por Supostos Elevadores, Portas, Escadas E\/ou Corredores De Sua Resid\u00eancia.**verifique Nossas Politicas Internas Para Que N\u00e3o Haja Nenhuma D\u00favida Ao Finalizar A Compra, Pois N\u00e3o Fazemos A Montagem E Desmontagem Do Produto E\/ou Transporte Por Escadas Ou I\u00e7amento Pelo Lado De Fora Do Pr\u00e9dio<\/p>\n","protected":false},"excerpt":{"rendered":"<p>Colch\u00e3o Solteiro D20 Omega Bamboo Valle 88x188x14cmo Colch\u00e3o Solteiro D20 Omega Bamboo Valle \u00c9 Uma Escolha Ideal Para Quem Busca Conforto E Qualidade Em Seu Descanso Di\u00e1rio. Com Suas Medidas De 88x188x14cm, Este Colch\u00e3o \u00c9 Perfeito Para Camas De Solteiro, Proporcionando O Suporte Necess\u00e1rio Para Uma Noite De Sono Revigorante.fabricado Com Espuma D20, O Colch\u00e3o Solteiro Omega Garante Um Apoio Firme E Ergon\u00f4mico Ao Corpo, Promovendo O Alinhamento Correto Da Coluna Durante O Repouso. Sua Camada De Espuma \u00c9 Revestida Por Um Tecido Macio, Que Confere Um Toque De Eleg\u00e2ncia E Modernidade Ao Ambiente.al\u00e9m Disso, A Tecnologia De Fabrica\u00e7\u00e3o Deste Colch\u00e3o Visa A Durabilidade E A Resist\u00eancia Ao Uso Cont\u00ednuo, Garantindo Que Voc\u00ea Desfrute De Noites Tranquilas Por Muito Tempo.caracter\u00edsticas Do Colch\u00e3o:- Marca: Valle- Cor: Bamboo- Espuma: D20- Modelo: Omega- Tamanho: Solteiro- Revestimento: Poliuretano- Peso Suportado: At\u00e9 60 Kg- Tratamentos: Anti\u00e1caro\/antial\u00e9rgicodimens\u00f5es Do Colch\u00e3o:- Altura: 14 Cm- Largura: 88 Cm- Comprimento: 188 Cm*as Cores Do Produto Podem Variar De Acordo Com O Monitor, A Ilumina\u00e7\u00e3o Do Ambiente E A Sua Percep\u00e7\u00e3o Visual.**confira As Dimens\u00f5es Do Produto E Certifique-se De Que Passar\u00e1 Normalmente Por Supostos Elevadores, Portas, Escadas E\/ou Corredores De Sua Resid\u00eancia.**verifique Nossas Politicas Internas Para Que N\u00e3o Haja Nenhuma D\u00favida Ao Finalizar A Compra, Pois N\u00e3o Fazemos A Montagem E Desmontagem Do Produto E\/ou Transporte Por Escadas Ou I\u00e7amento Pelo Lado De Fora Do Pr\u00e9dio<\/p>\n","protected":false},"featured_media":3658,"comment_status":"open","ping_status":"closed","template":"","meta":[],"product_brand":[],"product_cat":[82],"product_tag":[],"class_list":{"0":"post-2903","1":"product","2":"type-product","3":"status-publish","4":"has-post-thumbnail","6":"product_cat-colchoes","8":"first","9":"instock","10":"shipping-taxable","11":"purchasable","12":"product-type-simple"},"yoast_head":"<!-- This site is optimized with the Yoast SEO Premium plugin v23.3 (Yoast SEO v27.5) - https:\/\/yoast.com\/product\/yoast-seo-premium-wordpress\/ -->\n<title>COLCHAO OMEGA SOLTEIRO D2088X188X14AL - Lucas Eletro<\/title>\n<meta name=\"description\" content=\"COLCHAO OMEGA SOLTEIRO D2088X188X14AL\" \/>\n<meta name=\"robots\" content=\"index, follow, max-snippet:-1, max-image-preview:large, max-video-preview:-1\" \/>\n<link rel=\"canonical\" href=\"https:\/\/lucaseletro.com.br\/?product=colchao-omega-solteiro-d2088x188x14al\" \/>\n<meta property=\"og:locale\" content=\"pt_BR\" \/>\n<meta property=\"og:type\" content=\"article\" \/>\n<meta property=\"og:title\" content=\"COLCHAO OMEGA SOLTEIRO D2088X188X14AL - &#082;&#036;299,00 - Lucas Eletro\" \/>\n<meta property=\"og:description\" content=\"Colch\u00e3o Solteiro D20 Omega Bamboo Valle 88x188x14cmo Colch\u00e3o Solteiro D20 Omega Bamboo Valle \u00c9 Uma Escolha Ideal Para Quem Busca Conforto E Qualidade Em Seu Descanso Di\u00e1rio. Com Suas Medidas De 88x188x14cm, Este Colch\u00e3o \u00c9 Perfeito Para Camas De Solteiro, Proporcionando O Suporte Necess\u00e1rio Para Uma Noite De Sono Revigorante.fabricado Com Espuma D20, O Colch\u00e3o Solteiro Omega Garante Um Apoio Firme E Ergon\u00f4mico Ao Corpo, Promovendo O Alinhamento Correto Da Coluna Durante O Repouso. Sua Camada De Espuma \u00c9 Revestida Por Um Tecido Macio, Que Confere Um Toque De Eleg\u00e2ncia E Modernidade Ao Ambiente.al\u00e9m Disso, A Tecnologia De Fabrica\u00e7\u00e3o Deste Colch\u00e3o Visa A Durabilidade E A Resist\u00eancia Ao Uso Cont\u00ednuo, Garantindo Que Voc\u00ea Desfrute De Noites Tranquilas Por Muito Tempo.caracter\u00edsticas Do Colch\u00e3o:- Marca: Valle- Cor: Bamboo- Espuma: D20- Modelo: Omega- Tamanho: Solteiro- Revestimento: Poliuretano- Peso Suportado: At\u00e9 60 Kg- Tratamentos: Anti\u00e1caro\/antial\u00e9rgicodimens\u00f5es Do Colch\u00e3o:- Altura: 14 Cm- Largura: 88 Cm- Comprimento: 188 Cm*as Cores Do Produto Podem Variar De Acordo Com O Monitor, A Ilumina\u00e7\u00e3o Do Ambiente E A Sua Percep\u00e7\u00e3o Visual.**confira As Dimens\u00f5es Do Produto E Certifique-se De Que Passar\u00e1 Normalmente Por Supostos Elevadores, Portas, Escadas E\/ou Corredores De Sua Resid\u00eancia.**verifique Nossas Politicas Internas Para Que N\u00e3o Haja Nenhuma D\u00favida Ao Finalizar A Compra, Pois N\u00e3o Fazemos A Montagem E Desmontagem Do Produto E\/ou Transporte Por Escadas Ou I\u00e7amento Pelo Lado De Fora Do Pr\u00e9dio\" \/>\n<meta property=\"og:url\" content=\"https:\/\/lucaseletro.com.br\/?product=colchao-omega-solteiro-d2088x188x14al\" \/>\n<meta property=\"og:site_name\" content=\"Lucas Eletro\" \/>\n<meta property=\"article:publisher\" content=\"https:\/\/www.facebook.com\/lucas.eletro.71\" \/>\n<meta property=\"article:modified_time\" content=\"2025-08-23T12:07:14+00:00\" \/>\n<meta property=\"og:image\" content=\"https:\/\/lucaseletro.com.br\/wp-content\/uploads\/2024\/07\/11157bd821f7d1e17b14a3ed0ec8d136.webp\" \/>\n\t<meta property=\"og:image:width\" content=\"352\" \/>\n\t<meta property=\"og:image:height\" content=\"352\" \/>\n\t<meta property=\"og:image:type\" content=\"image\/webp\" \/>\n<meta name=\"twitter:card\" content=\"summary_large_image\" \/>\n<meta name=\"twitter:label1\" content=\"Pre\u00e7o\" \/>\n\t<meta name=\"twitter:data1\" content=\"&#082;&#036;299,00\" \/>\n\t<meta name=\"twitter:label2\" content=\"Disponibilidade\" \/>\n\t<meta name=\"twitter:data2\" content=\"Em Estoque\" \/>\n<script type=\"application\/ld+json\" class=\"yoast-schema-graph\">{\"@context\":\"https:\\\/\\\/schema.org\",\"@graph\":[{\"@type\":\"WebPage\",\"@id\":\"https:\\\/\\\/lucaseletro.com.br\\\/?product=colchao-omega-solteiro-d2088x188x14al\",\"url\":\"https:\\\/\\\/lucaseletro.com.br\\\/?product=colchao-omega-solteiro-d2088x188x14al\",\"name\":\"COLCHAO OMEGA SOLTEIRO D2088X188X14AL - Lucas Eletro\",\"isPartOf\":{\"@id\":\"https:\\\/\\\/lucaseletro.com.br\\\/#website\"},\"primaryImageOfPage\":{\"@id\":\"https:\\\/\\\/lucaseletro.com.br\\\/?product=colchao-omega-solteiro-d2088x188x14al#primaryimage\"},\"image\":{\"@id\":\"https:\\\/\\\/lucaseletro.com.br\\\/?product=colchao-omega-solteiro-d2088x188x14al#primaryimage\"},\"thumbnailUrl\":\"https:\\\/\\\/lucaseletro.com.br\\\/wp-content\\\/uploads\\\/2024\\\/07\\\/11157bd821f7d1e17b14a3ed0ec8d136.webp\",\"datePublished\":\"2024-07-30T19:57:04+00:00\",\"dateModified\":\"2025-08-23T12:07:14+00:00\",\"description\":\"COLCHAO OMEGA SOLTEIRO D2088X188X14AL\",\"breadcrumb\":{\"@id\":\"https:\\\/\\\/lucaseletro.com.br\\\/?product=colchao-omega-solteiro-d2088x188x14al#breadcrumb\"},\"inLanguage\":\"pt-BR\",\"potentialAction\":[{\"@type\":\"ReadAction\",\"target\":[\"https:\\\/\\\/lucaseletro.com.br\\\/?product=colchao-omega-solteiro-d2088x188x14al\"]}]},{\"@type\":\"ImageObject\",\"inLanguage\":\"pt-BR\",\"@id\":\"https:\\\/\\\/lucaseletro.com.br\\\/?product=colchao-omega-solteiro-d2088x188x14al#primaryimage\",\"url\":\"https:\\\/\\\/lucaseletro.com.br\\\/wp-content\\\/uploads\\\/2024\\\/07\\\/11157bd821f7d1e17b14a3ed0ec8d136.webp\",\"contentUrl\":\"https:\\\/\\\/lucaseletro.com.br\\\/wp-content\\\/uploads\\\/2024\\\/07\\\/11157bd821f7d1e17b14a3ed0ec8d136.webp\",\"width\":352,\"height\":352},{\"@type\":\"BreadcrumbList\",\"@id\":\"https:\\\/\\\/lucaseletro.com.br\\\/?product=colchao-omega-solteiro-d2088x188x14al#breadcrumb\",\"itemListElement\":[{\"@type\":\"ListItem\",\"position\":1,\"name\":\"In\u00edcio\",\"item\":\"https:\\\/\\\/lucaseletro.com.br\\\/\"},{\"@type\":\"ListItem\",\"position\":2,\"name\":\"Loja\",\"item\":\"https:\\\/\\\/lucaseletro.com.br\\\/?page_id=11\"},{\"@type\":\"ListItem\",\"position\":3,\"name\":\"COLCHAO OMEGA SOLTEIRO D2088X188X14AL\"}]},{\"@type\":\"WebSite\",\"@id\":\"https:\\\/\\\/lucaseletro.com.br\\\/#website\",\"url\":\"https:\\\/\\\/lucaseletro.com.br\\\/\",\"name\":\"Lucas Eletro\",\"description\":\"Realizando seus sonhos\",\"publisher\":{\"@id\":\"https:\\\/\\\/lucaseletro.com.br\\\/#organization\"},\"alternateName\":\"Lucas Eletro\",\"potentialAction\":[{\"@type\":\"SearchAction\",\"target\":{\"@type\":\"EntryPoint\",\"urlTemplate\":\"https:\\\/\\\/lucaseletro.com.br\\\/?s={search_term_string}\"},\"query-input\":{\"@type\":\"PropertyValueSpecification\",\"valueRequired\":true,\"valueName\":\"search_term_string\"}}],\"inLanguage\":\"pt-BR\"},{\"@type\":\"Organization\",\"@id\":\"https:\\\/\\\/lucaseletro.com.br\\\/#organization\",\"name\":\"Lucas Eletro\",\"alternateName\":\"Lucas Eletro\",\"url\":\"https:\\\/\\\/lucaseletro.com.br\\\/\",\"logo\":{\"@type\":\"ImageObject\",\"inLanguage\":\"pt-BR\",\"@id\":\"https:\\\/\\\/lucaseletro.com.br\\\/#\\\/schema\\\/logo\\\/image\\\/\",\"url\":\"https:\\\/\\\/lucaseletro.com.br\\\/wp-content\\\/uploads\\\/2024\\\/08\\\/Logo-WebP.webp\",\"contentUrl\":\"https:\\\/\\\/lucaseletro.com.br\\\/wp-content\\\/uploads\\\/2024\\\/08\\\/Logo-WebP.webp\",\"width\":1366,\"height\":457,\"caption\":\"Lucas Eletro\"},\"image\":{\"@id\":\"https:\\\/\\\/lucaseletro.com.br\\\/#\\\/schema\\\/logo\\\/image\\\/\"},\"sameAs\":[\"https:\\\/\\\/www.facebook.com\\\/lucas.eletro.71\"]}]}<\/script>\n<meta property=\"product:price:amount\" content=\"299.00\" \/>\n<meta property=\"product:price:currency\" content=\"BRL\" \/>\n<meta property=\"og:availability\" content=\"instock\" \/>\n<meta property=\"product:availability\" content=\"instock\" \/>\n<meta property=\"product:condition\" content=\"new\" \/>\n<!-- \/ Yoast SEO Premium plugin. -->","yoast_head_json":{"title":"COLCHAO OMEGA SOLTEIRO D2088X188X14AL - Lucas Eletro","description":"COLCHAO OMEGA SOLTEIRO D2088X188X14AL","robots":{"index":"index","follow":"follow","max-snippet":"max-snippet:-1","max-image-preview":"max-image-preview:large","max-video-preview":"max-video-preview:-1"},"canonical":"https:\/\/lucaseletro.com.br\/?product=colchao-omega-solteiro-d2088x188x14al","og_locale":"pt_BR","og_type":"article","og_title":"COLCHAO OMEGA SOLTEIRO D2088X188X14AL - &#82;&#36;299,00 - Lucas Eletro","og_description":"Colch\u00e3o Solteiro D20 Omega Bamboo Valle 88x188x14cmo Colch\u00e3o Solteiro D20 Omega Bamboo Valle \u00c9 Uma Escolha Ideal Para Quem Busca Conforto E Qualidade Em Seu Descanso Di\u00e1rio. Com Suas Medidas De 88x188x14cm, Este Colch\u00e3o \u00c9 Perfeito Para Camas De Solteiro, Proporcionando O Suporte Necess\u00e1rio Para Uma Noite De Sono Revigorante.fabricado Com Espuma D20, O Colch\u00e3o Solteiro Omega Garante Um Apoio Firme E Ergon\u00f4mico Ao Corpo, Promovendo O Alinhamento Correto Da Coluna Durante O Repouso. Sua Camada De Espuma \u00c9 Revestida Por Um Tecido Macio, Que Confere Um Toque De Eleg\u00e2ncia E Modernidade Ao Ambiente.al\u00e9m Disso, A Tecnologia De Fabrica\u00e7\u00e3o Deste Colch\u00e3o Visa A Durabilidade E A Resist\u00eancia Ao Uso Cont\u00ednuo, Garantindo Que Voc\u00ea Desfrute De Noites Tranquilas Por Muito Tempo.caracter\u00edsticas Do Colch\u00e3o:- Marca: Valle- Cor: Bamboo- Espuma: D20- Modelo: Omega- Tamanho: Solteiro- Revestimento: Poliuretano- Peso Suportado: At\u00e9 60 Kg- Tratamentos: Anti\u00e1caro\/antial\u00e9rgicodimens\u00f5es Do Colch\u00e3o:- Altura: 14 Cm- Largura: 88 Cm- Comprimento: 188 Cm*as Cores Do Produto Podem Variar De Acordo Com O Monitor, A Ilumina\u00e7\u00e3o Do Ambiente E A Sua Percep\u00e7\u00e3o Visual.**confira As Dimens\u00f5es Do Produto E Certifique-se De Que Passar\u00e1 Normalmente Por Supostos Elevadores, Portas, Escadas E\/ou Corredores De Sua Resid\u00eancia.**verifique Nossas Politicas Internas Para Que N\u00e3o Haja Nenhuma D\u00favida Ao Finalizar A Compra, Pois N\u00e3o Fazemos A Montagem E Desmontagem Do Produto E\/ou Transporte Por Escadas Ou I\u00e7amento Pelo Lado De Fora Do Pr\u00e9dio","og_url":"https:\/\/lucaseletro.com.br\/?product=colchao-omega-solteiro-d2088x188x14al","og_site_name":"Lucas Eletro","article_publisher":"https:\/\/www.facebook.com\/lucas.eletro.71","article_modified_time":"2025-08-23T12:07:14+00:00","og_image":[{"width":352,"height":352,"url":"https:\/\/lucaseletro.com.br\/wp-content\/uploads\/2024\/07\/11157bd821f7d1e17b14a3ed0ec8d136.webp","type":"image\/webp"}],"twitter_card":"summary_large_image","twitter_misc":{"Pre\u00e7o":"&#82;&#36;299,00","Disponibilidade":"Em Estoque"},"schema":{"@context":"https:\/\/schema.org","@graph":[{"@type":"WebPage","@id":"https:\/\/lucaseletro.com.br\/?product=colchao-omega-solteiro-d2088x188x14al","url":"https:\/\/lucaseletro.com.br\/?product=colchao-omega-solteiro-d2088x188x14al","name":"COLCHAO OMEGA SOLTEIRO D2088X188X14AL - Lucas Eletro","isPartOf":{"@id":"https:\/\/lucaseletro.com.br\/#website"},"primaryImageOfPage":{"@id":"https:\/\/lucaseletro.com.br\/?product=colchao-omega-solteiro-d2088x188x14al#primaryimage"},"image":{"@id":"https:\/\/lucaseletro.com.br\/?product=colchao-omega-solteiro-d2088x188x14al#primaryimage"},"thumbnailUrl":"https:\/\/lucaseletro.com.br\/wp-content\/uploads\/2024\/07\/11157bd821f7d1e17b14a3ed0ec8d136.webp","datePublished":"2024-07-30T19:57:04+00:00","dateModified":"2025-08-23T12:07:14+00:00","description":"COLCHAO OMEGA SOLTEIRO D2088X188X14AL","breadcrumb":{"@id":"https:\/\/lucaseletro.com.br\/?product=colchao-omega-solteiro-d2088x188x14al#breadcrumb"},"inLanguage":"pt-BR","potentialAction":[{"@type":"ReadAction","target":["https:\/\/lucaseletro.com.br\/?product=colchao-omega-solteiro-d2088x188x14al"]}]},{"@type":"ImageObject","inLanguage":"pt-BR","@id":"https:\/\/lucaseletro.com.br\/?product=colchao-omega-solteiro-d2088x188x14al#primaryimage","url":"https:\/\/lucaseletro.com.br\/wp-content\/uploads\/2024\/07\/11157bd821f7d1e17b14a3ed0ec8d136.webp","contentUrl":"https:\/\/lucaseletro.com.br\/wp-content\/uploads\/2024\/07\/11157bd821f7d1e17b14a3ed0ec8d136.webp","width":352,"height":352},{"@type":"BreadcrumbList","@id":"https:\/\/lucaseletro.com.br\/?product=colchao-omega-solteiro-d2088x188x14al#breadcrumb","itemListElement":[{"@type":"ListItem","position":1,"name":"In\u00edcio","item":"https:\/\/lucaseletro.com.br\/"},{"@type":"ListItem","position":2,"name":"Loja","item":"https:\/\/lucaseletro.com.br\/?page_id=11"},{"@type":"ListItem","position":3,"name":"COLCHAO OMEGA SOLTEIRO D2088X188X14AL"}]},{"@type":"WebSite","@id":"https:\/\/lucaseletro.com.br\/#website","url":"https:\/\/lucaseletro.com.br\/","name":"Lucas Eletro","description":"Realizando seus sonhos","publisher":{"@id":"https:\/\/lucaseletro.com.br\/#organization"},"alternateName":"Lucas Eletro","potentialAction":[{"@type":"SearchAction","target":{"@type":"EntryPoint","urlTemplate":"https:\/\/lucaseletro.com.br\/?s={search_term_string}"},"query-input":{"@type":"PropertyValueSpecification","valueRequired":true,"valueName":"search_term_string"}}],"inLanguage":"pt-BR"},{"@type":"Organization","@id":"https:\/\/lucaseletro.com.br\/#organization","name":"Lucas Eletro","alternateName":"Lucas Eletro","url":"https:\/\/lucaseletro.com.br\/","logo":{"@type":"ImageObject","inLanguage":"pt-BR","@id":"https:\/\/lucaseletro.com.br\/#\/schema\/logo\/image\/","url":"https:\/\/lucaseletro.com.br\/wp-content\/uploads\/2024\/08\/Logo-WebP.webp","contentUrl":"https:\/\/lucaseletro.com.br\/wp-content\/uploads\/2024\/08\/Logo-WebP.webp","width":1366,"height":457,"caption":"Lucas Eletro"},"image":{"@id":"https:\/\/lucaseletro.com.br\/#\/schema\/logo\/image\/"},"sameAs":["https:\/\/www.facebook.com\/lucas.eletro.71"]}]},"product_price_amount":"299.00","product_price_currency":"BRL","og_availability":"instock","product_availability":"instock","product_condition":"new"},"_links":{"self":[{"href":"https:\/\/lucaseletro.com.br\/index.php?rest_route=\/wp\/v2\/product\/2903","targetHints":{"allow":["GET"]}}],"collection":[{"href":"https:\/\/lucaseletro.com.br\/index.php?rest_route=\/wp\/v2\/product"}],"about":[{"href":"https:\/\/lucaseletro.com.br\/index.php?rest_route=\/wp\/v2\/types\/product"}],"replies":[{"embeddable":true,"href":"https:\/\/lucaseletro.com.br\/index.php?rest_route=%2Fwp%2Fv2%2Fcomments&post=2903"}],"wp:featuredmedia":[{"embeddable":true,"href":"https:\/\/lucaseletro.com.br\/index.php?rest_route=\/wp\/v2\/media\/3658"}],"wp:attachment":[{"href":"https:\/\/lucaseletro.com.br\/index.php?rest_route=%2Fwp%2Fv2%2Fmedia&parent=2903"}],"wp:term":[{"taxonomy":"product_brand","embeddable":true,"href":"https:\/\/lucaseletro.com.br\/index.php?rest_route=%2Fwp%2Fv2%2Fproduct_brand&post=2903"},{"taxonomy":"product_cat","embeddable":true,"href":"https:\/\/lucaseletro.com.br\/index.php?rest_route=%2Fwp%2Fv2%2Fproduct_cat&post=2903"},{"taxonomy":"product_tag","embeddable":true,"href":"https:\/\/lucaseletro.com.br\/index.php?rest_route=%2Fwp%2Fv2%2Fproduct_tag&post=2903"}],"curies":[{"name":"wp","href":"https:\/\/api.w.org\/{rel}","templated":true}]}}