{"id":2904,"date":"2024-07-30T16:57:05","date_gmt":"2024-07-30T19:57:05","guid":{"rendered":"https:\/\/lucaseletro.com.br\/product\/colchao-omega-ouro-65-88x188x26\/"},"modified":"2025-01-20T10:25:18","modified_gmt":"2025-01-20T13:25:18","slug":"colchao-omega-ouro-65-88x188x26","status":"publish","type":"product","link":"https:\/\/lucaseletro.com.br\/?product=colchao-omega-ouro-65-88x188x26","title":{"rendered":"COLCHAO OMEGA OURO 65 88X188X26"},"content":{"rendered":"<div class=\"inline-flex border-b-[2px] border-[#F5F5F5]\" data-slot=\"base\" aria-label=\"Informa\u00e7\u00f5es do produto\">\n<div id=\"react-aria-:R1ukpuutrckq:\" class=\"flex p-1 h-fit gap-2 items-center flex-nowrap overflow-x-scroll scrollbar-hide bg-transparent dark:bg-transparent rounded-none -mb-[2px] pb-0\" role=\"tablist\" data-slot=\"tabList\" aria-label=\"Informa\u00e7\u00f5es do produto\" aria-orientation=\"horizontal\">\n<div class=\"relative z-10 whitespace-nowrap transition-colors group-data-[selected=true]:text-foreground group-data-[selected=true]:!text-primary !font-medium text-medium text-secondary\" data-slot=\"tabContent\">Ficha t\u00e9cnica<\/div>\n<div class=\"relative z-10 whitespace-nowrap transition-colors group-data-[selected=true]:text-foreground group-data-[selected=true]:!text-primary !font-medium text-medium text-secondary\" data-slot=\"tabContent\">Informa\u00e7\u00f5es importantes<\/div>\n<\/div>\n<\/div>\n<div id=\"react-aria-:R1ukpuutrckq:-tabpanel-technical_informations\" class=\"py-3 px-1 data-[inert=true]:hidden outline-none data-[focus-visible=true]:z-10 data-[focus-visible=true]:outline-2 data-[focus-visible=true]:outline-focus data-[focus-visible=true]:outline-offset-2\" tabindex=\"0\" role=\"tabpanel\" data-focus=\"false\" data-focus-visible=\"false\" aria-labelledby=\"react-aria-:R1ukpuutrckq:-tab-technical_informations\" data-slot=\"panel\">\n<div class=\"mt-9\">\n<div class=\"bg-[#F5F5F5] flex flex-col md:flex-row\">\n<div class=\"w-full md:w-1\/2 flex shrink-0 font-bold min-h-[40px] p-2 md:p-4\">Cor<\/div>\n<div class=\"w-full md:w-1\/2 min-h-[40px] p-2 md:p-4 md:pl-0\">Cinza<\/div>\n<\/div>\n<div class=\"bg-white flex flex-col md:flex-row\">\n<div class=\"w-full md:w-1\/2 flex shrink-0 font-bold min-h-[40px] p-2 md:p-4\">Garantia em Meses<\/div>\n<div class=\"w-full md:w-1\/2 min-h-[40px] p-2 md:p-4 md:pl-0\">12<\/div>\n<\/div>\n<div class=\"bg-[#F5F5F5] flex flex-col md:flex-row\">\n<div class=\"w-full md:w-1\/2 flex shrink-0 font-bold min-h-[40px] p-2 md:p-4\">Instru\u00e7\u00f5es\/Cuidados<\/div>\n<div class=\"p-2 md:p-4 md:pl-0\" data-cms=\"sandbox\">\n<div data-cms=\"data\">Limpar Mensalmente Escovando ou Aspirando<\/div>\n<div class=\"clear-both\"><\/div>\n<\/div>\n<\/div>\n<div class=\"bg-white flex flex-col md:flex-row\">\n<div class=\"w-full md:w-1\/2 flex shrink-0 font-bold min-h-[40px] p-2 md:p-4\">Conte\u00fado da Embalagem<\/div>\n<div class=\"p-2 md:p-4 md:pl-0\" data-cms=\"sandbox\">\n<div data-cms=\"data\">1 Colch\u00e3o &#8211; Entregue em: 1 Volume<\/div>\n<div class=\"clear-both\"><\/div>\n<\/div>\n<\/div>\n<div class=\"bg-[#F5F5F5] flex flex-col md:flex-row\">\n<div class=\"w-full md:w-1\/2 flex shrink-0 font-bold min-h-[40px] p-2 md:p-4\">Modelo<\/div>\n<div class=\"w-full md:w-1\/2 min-h-[40px] p-2 md:p-4 md:pl-0\">Iso<\/div>\n<\/div>\n<div class=\"bg-white flex flex-col md:flex-row\">\n<div class=\"w-full md:w-1\/2 flex shrink-0 font-bold min-h-[40px] p-2 md:p-4\">Material<\/div>\n<div class=\"w-full md:w-1\/2 min-h-[40px] p-2 md:p-4 md:pl-0\">Colch\u00e3o Misto de Espuma e Placa EPS e Camada de Espuma D33 Pr\u00f3 Aditivada de Alta Performance; Bordado em Matelass\u00ea; Tratamento Antial\u00e9rgico e Anti\u00e1caro; Tecido em Viscopoli (51% Viscose e 49% Poli\u00e9ster); Acabamento em Debrum<\/div>\n<\/div>\n<div class=\"bg-[#F5F5F5] flex flex-col md:flex-row\">\n<div class=\"w-full md:w-1\/2 flex shrink-0 font-bold min-h-[40px] p-2 md:p-4\">Descri\u00e7\u00e3o do Tamanho<\/div>\n<div class=\"w-full md:w-1\/2 min-h-[40px] p-2 md:p-4 md:pl-0\">Altura: 26 cm<br \/>\nLargura: 88 cm<br \/>\nProfundidade: 188 cm<\/div>\n<\/div>\n<div class=\"bg-white flex flex-col md:flex-row\">\n<div class=\"w-full md:w-1\/2 flex shrink-0 font-bold min-h-[40px] p-2 md:p-4\">Produto precisa de Montagem?<\/div>\n<div class=\"w-full md:w-1\/2 min-h-[40px] p-2 md:p-4 md:pl-0\">N\u00e3o<\/div>\n<\/div>\n<div class=\"bg-[#F5F5F5] flex flex-col md:flex-row\">\n<div class=\"w-full md:w-1\/2 flex shrink-0 font-bold min-h-[40px] p-2 md:p-4\">Tipo de Colch\u00e3o<\/div>\n<div class=\"w-full md:w-1\/2 min-h-[40px] p-2 md:p-4 md:pl-0\">Espuma<\/div>\n<\/div>\n<div class=\"bg-white flex flex-col md:flex-row\">\n<div class=\"w-full md:w-1\/2 flex shrink-0 font-bold min-h-[40px] p-2 md:p-4\">Peso suportado m\u00e1ximo (kg)<\/div>\n<div class=\"w-full md:w-1\/2 min-h-[40px] p-2 md:p-4 md:pl-0\">100<\/div>\n<\/div>\n<div class=\"bg-[#F5F5F5] flex flex-col md:flex-row\">\n<div class=\"w-full md:w-1\/2 flex shrink-0 font-bold min-h-[40px] p-2 md:p-4\">Peso Suportado por Pessoa (kg)<\/div>\n<div class=\"w-full md:w-1\/2 min-h-[40px] p-2 md:p-4 md:pl-0\">100<\/div>\n<\/div>\n<\/div>\n<\/div>\n","protected":false},"excerpt":{"rendered":"<div class=\"inline-flex border-b-[2px] border-[#F5F5F5]\" data-slot=\"base\" aria-label=\"Informa\u00e7\u00f5es do produto\">\n<div id=\"react-aria-:R1ukpuutrckq:\" class=\"flex p-1 h-fit gap-2 items-center flex-nowrap overflow-x-scroll scrollbar-hide bg-transparent dark:bg-transparent rounded-none -mb-[2px] pb-0\" role=\"tablist\" data-slot=\"tabList\" aria-label=\"Informa\u00e7\u00f5es do produto\" aria-orientation=\"horizontal\">\n<div class=\"relative z-10 whitespace-nowrap transition-colors group-data-[selected=true]:text-foreground group-data-[selected=true]:!text-primary !font-medium text-medium text-secondary\" data-slot=\"tabContent\">Ficha t\u00e9cnica<\/div>\n<div class=\"relative z-10 whitespace-nowrap transition-colors group-data-[selected=true]:text-foreground group-data-[selected=true]:!text-primary !font-medium text-medium text-secondary\" data-slot=\"tabContent\">Informa\u00e7\u00f5es importantes<\/div>\n<\/div>\n<\/div>\n<div id=\"react-aria-:R1ukpuutrckq:-tabpanel-technical_informations\" class=\"py-3 px-1 data-[inert=true]:hidden outline-none data-[focus-visible=true]:z-10 data-[focus-visible=true]:outline-2 data-[focus-visible=true]:outline-focus data-[focus-visible=true]:outline-offset-2\" tabindex=\"0\" role=\"tabpanel\" data-focus=\"false\" data-focus-visible=\"false\" aria-labelledby=\"react-aria-:R1ukpuutrckq:-tab-technical_informations\" data-slot=\"panel\">\n<div class=\"mt-9\">\n<div class=\"bg-[#F5F5F5] flex flex-col md:flex-row\">\n<div class=\"w-full md:w-1\/2 flex shrink-0 font-bold min-h-[40px] p-2 md:p-4\">Cor<\/div>\n<div class=\"w-full md:w-1\/2 min-h-[40px] p-2 md:p-4 md:pl-0\">Cinza<\/div>\n<\/div>\n<div class=\"bg-white flex flex-col md:flex-row\">\n<div class=\"w-full md:w-1\/2 flex shrink-0 font-bold min-h-[40px] p-2 md:p-4\">Garantia em Meses<\/div>\n<div class=\"w-full md:w-1\/2 min-h-[40px] p-2 md:p-4 md:pl-0\">12<\/div>\n<\/div>\n<div class=\"bg-[#F5F5F5] flex flex-col md:flex-row\">\n<div class=\"w-full md:w-1\/2 flex shrink-0 font-bold min-h-[40px] p-2 md:p-4\">Instru\u00e7\u00f5es\/Cuidados<\/div>\n<div class=\"p-2 md:p-4 md:pl-0\" data-cms=\"sandbox\">\n<div data-cms=\"data\">Limpar Mensalmente Escovando ou Aspirando<\/div>\n<div class=\"clear-both\"><\/div>\n<\/div>\n<\/div>\n<div class=\"bg-white flex flex-col md:flex-row\">\n<div class=\"w-full md:w-1\/2 flex shrink-0 font-bold min-h-[40px] p-2 md:p-4\">Conte\u00fado da Embalagem<\/div>\n<div class=\"p-2 md:p-4 md:pl-0\" data-cms=\"sandbox\">\n<div data-cms=\"data\">1 Colch\u00e3o &#8211; Entregue em: 1 Volume<\/div>\n<div class=\"clear-both\"><\/div>\n<\/div>\n<\/div>\n<div class=\"bg-[#F5F5F5] flex flex-col md:flex-row\">\n<div class=\"w-full md:w-1\/2 flex shrink-0 font-bold min-h-[40px] p-2 md:p-4\">Modelo<\/div>\n<div class=\"w-full md:w-1\/2 min-h-[40px] p-2 md:p-4 md:pl-0\">Iso<\/div>\n<\/div>\n<div class=\"bg-white flex flex-col md:flex-row\">\n<div class=\"w-full md:w-1\/2 flex shrink-0 font-bold min-h-[40px] p-2 md:p-4\">Material<\/div>\n<div class=\"w-full md:w-1\/2 min-h-[40px] p-2 md:p-4 md:pl-0\">Colch\u00e3o Misto de Espuma e Placa EPS e Camada de Espuma D33 Pr\u00f3 Aditivada de Alta Performance; Bordado em Matelass\u00ea; Tratamento Antial\u00e9rgico e Anti\u00e1caro; Tecido em Viscopoli (51% Viscose e 49% Poli\u00e9ster); Acabamento em Debrum<\/div>\n<\/div>\n<div class=\"bg-[#F5F5F5] flex flex-col md:flex-row\">\n<div class=\"w-full md:w-1\/2 flex shrink-0 font-bold min-h-[40px] p-2 md:p-4\">Descri\u00e7\u00e3o do Tamanho<\/div>\n<div class=\"w-full md:w-1\/2 min-h-[40px] p-2 md:p-4 md:pl-0\">Altura: 26 cm<br \/>\nLargura: 88 cm<br \/>\nProfundidade: 188 cm<\/div>\n<\/div>\n<div class=\"bg-white flex flex-col md:flex-row\">\n<div class=\"w-full md:w-1\/2 flex shrink-0 font-bold min-h-[40px] p-2 md:p-4\">Produto precisa de Montagem?<\/div>\n<div class=\"w-full md:w-1\/2 min-h-[40px] p-2 md:p-4 md:pl-0\">N\u00e3o<\/div>\n<\/div>\n<div class=\"bg-[#F5F5F5] flex flex-col md:flex-row\">\n<div class=\"w-full md:w-1\/2 flex shrink-0 font-bold min-h-[40px] p-2 md:p-4\">Tipo de Colch\u00e3o<\/div>\n<div class=\"w-full md:w-1\/2 min-h-[40px] p-2 md:p-4 md:pl-0\">Espuma<\/div>\n<\/div>\n<div class=\"bg-white flex flex-col md:flex-row\">\n<div class=\"w-full md:w-1\/2 flex shrink-0 font-bold min-h-[40px] p-2 md:p-4\">Peso suportado m\u00e1ximo (kg)<\/div>\n<div class=\"w-full md:w-1\/2 min-h-[40px] p-2 md:p-4 md:pl-0\">100<\/div>\n<\/div>\n<div class=\"bg-[#F5F5F5] flex flex-col md:flex-row\">\n<div class=\"w-full md:w-1\/2 flex shrink-0 font-bold min-h-[40px] p-2 md:p-4\">Peso Suportado por Pessoa (kg)<\/div>\n<div class=\"w-full md:w-1\/2 min-h-[40px] p-2 md:p-4 md:pl-0\">100<\/div>\n<\/div>\n<\/div>\n<\/div>\n","protected":false},"featured_media":3932,"comment_status":"open","ping_status":"closed","template":"","meta":[],"product_brand":[],"product_cat":[80,82],"product_tag":[],"class_list":{"0":"post-2904","1":"product","2":"type-product","3":"status-publish","4":"has-post-thumbnail","6":"product_cat-cama","7":"product_cat-colchoes","9":"first","10":"outofstock","11":"shipping-taxable","12":"purchasable","13":"product-type-simple"},"yoast_head":"<!-- This site is optimized with the Yoast SEO Premium plugin v23.3 (Yoast SEO v27.5) - https:\/\/yoast.com\/product\/yoast-seo-premium-wordpress\/ -->\n<title>COLCHAO OMEGA OURO 65 88X188X26 - Lucas Eletro<\/title>\n<meta name=\"description\" content=\"Que tal o Colch\u00e3o Iso?Uma boa cama s\u00f3 est\u00e1 completa se voc\u00ea escolher o colch\u00e3o certo para os seus momentos relax - e ele precisa ser certeiro para que o seu corpo se adapte de forma plena! Cheio de benef\u00edcios para a sua rotina, o modelo Iso re\u00fane caracter\u00edsticas que v\u00e3o fazer dele o item fundamental para dias descansados e mais produtivos: a espuma \u00e9 D33, enquanto o revestimento \u00e9 em viscopoli com tratamento antial\u00e9rgico e anti\u00e1caro. Ah, para complementar o uso, \u00e9 s\u00f3 ali\u00e1-lo a um conjunto de len\u00e7ol e travesseiro para ter aquela noite de sono que voc\u00ea sempre quis!\" \/>\n<meta name=\"robots\" content=\"index, follow, max-snippet:-1, max-image-preview:large, max-video-preview:-1\" \/>\n<link rel=\"canonical\" href=\"https:\/\/lucaseletro.com.br\/?product=colchao-omega-ouro-65-88x188x26\" \/>\n<meta property=\"og:locale\" content=\"pt_BR\" \/>\n<meta property=\"og:type\" content=\"article\" \/>\n<meta property=\"og:title\" content=\"COLCHAO OMEGA OURO 65 88X188X26 - &#082;&#036;499,00 - Lucas Eletro\" \/>\n<meta property=\"og:description\" content=\"Ficha t\u00e9cnica Informa\u00e7\u00f5es importantes      Cor Cinza   Garantia em Meses 12   Instru\u00e7\u00f5es\/Cuidados  Limpar Mensalmente Escovando ou Aspirando     Conte\u00fado da Embalagem  1 Colch\u00e3o - Entregue em: 1 Volume     Modelo Iso   Material Colch\u00e3o Misto de Espuma e Placa EPS e Camada de Espuma D33 Pr\u00f3 Aditivada de Alta Performance; Bordado em Matelass\u00ea; Tratamento Antial\u00e9rgico e Anti\u00e1caro; Tecido em Viscopoli (51% Viscose e 49% Poli\u00e9ster); Acabamento em Debrum   Descri\u00e7\u00e3o do Tamanho Altura: 26 cm Largura: 88 cm Profundidade: 188 cm   Produto precisa de Montagem? N\u00e3o   Tipo de Colch\u00e3o Espuma   Peso suportado m\u00e1ximo (kg) 100   Peso Suportado por Pessoa (kg) 100\" \/>\n<meta property=\"og:url\" content=\"https:\/\/lucaseletro.com.br\/?product=colchao-omega-ouro-65-88x188x26\" \/>\n<meta property=\"og:site_name\" content=\"Lucas Eletro\" \/>\n<meta property=\"article:publisher\" content=\"https:\/\/www.facebook.com\/lucas.eletro.71\" \/>\n<meta property=\"article:modified_time\" content=\"2025-01-20T13:25:18+00:00\" \/>\n<meta property=\"og:image\" content=\"https:\/\/lucaseletro.com.br\/wp-content\/uploads\/2024\/07\/Ortobom-ColchC3A3o-Solteiro-de-Espuma-D33-Iso-2818x88x18829-Grafite-5087-377975-1.jpg\" \/>\n\t<meta property=\"og:image:width\" content=\"975\" \/>\n\t<meta property=\"og:image:height\" content=\"975\" \/>\n\t<meta property=\"og:image:type\" content=\"image\/jpeg\" \/>\n<meta name=\"twitter:card\" content=\"summary_large_image\" \/>\n<meta name=\"twitter:label1\" content=\"Pre\u00e7o\" \/>\n\t<meta name=\"twitter:data1\" content=\"&#082;&#036;499,00\" \/>\n\t<meta name=\"twitter:label2\" content=\"Disponibilidade\" \/>\n\t<meta name=\"twitter:data2\" content=\"Fora de estoque\" \/>\n<script type=\"application\/ld+json\" class=\"yoast-schema-graph\">{\"@context\":\"https:\\\/\\\/schema.org\",\"@graph\":[{\"@type\":\"WebPage\",\"@id\":\"https:\\\/\\\/lucaseletro.com.br\\\/?product=colchao-omega-ouro-65-88x188x26\",\"url\":\"https:\\\/\\\/lucaseletro.com.br\\\/?product=colchao-omega-ouro-65-88x188x26\",\"name\":\"COLCHAO OMEGA OURO 65 88X188X26 - Lucas Eletro\",\"isPartOf\":{\"@id\":\"https:\\\/\\\/lucaseletro.com.br\\\/#website\"},\"primaryImageOfPage\":{\"@id\":\"https:\\\/\\\/lucaseletro.com.br\\\/?product=colchao-omega-ouro-65-88x188x26#primaryimage\"},\"image\":{\"@id\":\"https:\\\/\\\/lucaseletro.com.br\\\/?product=colchao-omega-ouro-65-88x188x26#primaryimage\"},\"thumbnailUrl\":\"https:\\\/\\\/lucaseletro.com.br\\\/wp-content\\\/uploads\\\/2024\\\/07\\\/Ortobom-ColchC3A3o-Solteiro-de-Espuma-D33-Iso-2818x88x18829-Grafite-5087-377975-1.jpg\",\"datePublished\":\"2024-07-30T19:57:05+00:00\",\"dateModified\":\"2025-01-20T13:25:18+00:00\",\"description\":\"Que tal o Colch\u00e3o Iso?Uma boa cama s\u00f3 est\u00e1 completa se voc\u00ea escolher o colch\u00e3o certo para os seus momentos relax - e ele precisa ser certeiro para que o seu corpo se adapte de forma plena! Cheio de benef\u00edcios para a sua rotina, o modelo Iso re\u00fane caracter\u00edsticas que v\u00e3o fazer dele o item fundamental para dias descansados e mais produtivos: a espuma \u00e9 D33, enquanto o revestimento \u00e9 em viscopoli com tratamento antial\u00e9rgico e anti\u00e1caro. Ah, para complementar o uso, \u00e9 s\u00f3 ali\u00e1-lo a um conjunto de len\u00e7ol e travesseiro para ter aquela noite de sono que voc\u00ea sempre quis!\",\"breadcrumb\":{\"@id\":\"https:\\\/\\\/lucaseletro.com.br\\\/?product=colchao-omega-ouro-65-88x188x26#breadcrumb\"},\"inLanguage\":\"pt-BR\",\"potentialAction\":[{\"@type\":\"ReadAction\",\"target\":[\"https:\\\/\\\/lucaseletro.com.br\\\/?product=colchao-omega-ouro-65-88x188x26\"]}]},{\"@type\":\"ImageObject\",\"inLanguage\":\"pt-BR\",\"@id\":\"https:\\\/\\\/lucaseletro.com.br\\\/?product=colchao-omega-ouro-65-88x188x26#primaryimage\",\"url\":\"https:\\\/\\\/lucaseletro.com.br\\\/wp-content\\\/uploads\\\/2024\\\/07\\\/Ortobom-ColchC3A3o-Solteiro-de-Espuma-D33-Iso-2818x88x18829-Grafite-5087-377975-1.jpg\",\"contentUrl\":\"https:\\\/\\\/lucaseletro.com.br\\\/wp-content\\\/uploads\\\/2024\\\/07\\\/Ortobom-ColchC3A3o-Solteiro-de-Espuma-D33-Iso-2818x88x18829-Grafite-5087-377975-1.jpg\",\"width\":975,\"height\":975},{\"@type\":\"BreadcrumbList\",\"@id\":\"https:\\\/\\\/lucaseletro.com.br\\\/?product=colchao-omega-ouro-65-88x188x26#breadcrumb\",\"itemListElement\":[{\"@type\":\"ListItem\",\"position\":1,\"name\":\"In\u00edcio\",\"item\":\"https:\\\/\\\/lucaseletro.com.br\\\/\"},{\"@type\":\"ListItem\",\"position\":2,\"name\":\"Loja\",\"item\":\"https:\\\/\\\/lucaseletro.com.br\\\/?page_id=11\"},{\"@type\":\"ListItem\",\"position\":3,\"name\":\"COLCHAO OMEGA OURO 65 88X188X26\"}]},{\"@type\":\"WebSite\",\"@id\":\"https:\\\/\\\/lucaseletro.com.br\\\/#website\",\"url\":\"https:\\\/\\\/lucaseletro.com.br\\\/\",\"name\":\"Lucas Eletro\",\"description\":\"Realizando seus sonhos\",\"publisher\":{\"@id\":\"https:\\\/\\\/lucaseletro.com.br\\\/#organization\"},\"alternateName\":\"Lucas Eletro\",\"potentialAction\":[{\"@type\":\"SearchAction\",\"target\":{\"@type\":\"EntryPoint\",\"urlTemplate\":\"https:\\\/\\\/lucaseletro.com.br\\\/?s={search_term_string}\"},\"query-input\":{\"@type\":\"PropertyValueSpecification\",\"valueRequired\":true,\"valueName\":\"search_term_string\"}}],\"inLanguage\":\"pt-BR\"},{\"@type\":\"Organization\",\"@id\":\"https:\\\/\\\/lucaseletro.com.br\\\/#organization\",\"name\":\"Lucas Eletro\",\"alternateName\":\"Lucas Eletro\",\"url\":\"https:\\\/\\\/lucaseletro.com.br\\\/\",\"logo\":{\"@type\":\"ImageObject\",\"inLanguage\":\"pt-BR\",\"@id\":\"https:\\\/\\\/lucaseletro.com.br\\\/#\\\/schema\\\/logo\\\/image\\\/\",\"url\":\"https:\\\/\\\/lucaseletro.com.br\\\/wp-content\\\/uploads\\\/2024\\\/08\\\/Logo-WebP.webp\",\"contentUrl\":\"https:\\\/\\\/lucaseletro.com.br\\\/wp-content\\\/uploads\\\/2024\\\/08\\\/Logo-WebP.webp\",\"width\":1366,\"height\":457,\"caption\":\"Lucas Eletro\"},\"image\":{\"@id\":\"https:\\\/\\\/lucaseletro.com.br\\\/#\\\/schema\\\/logo\\\/image\\\/\"},\"sameAs\":[\"https:\\\/\\\/www.facebook.com\\\/lucas.eletro.71\"]}]}<\/script>\n<meta property=\"product:price:amount\" content=\"499.00\" \/>\n<meta property=\"product:price:currency\" content=\"BRL\" \/>\n<meta property=\"og:availability\" content=\"out of stock\" \/>\n<meta property=\"product:availability\" content=\"out of stock\" \/>\n<meta property=\"product:condition\" content=\"new\" \/>\n<!-- \/ Yoast SEO Premium plugin. -->","yoast_head_json":{"title":"COLCHAO OMEGA OURO 65 88X188X26 - Lucas Eletro","description":"Que tal o Colch\u00e3o Iso?Uma boa cama s\u00f3 est\u00e1 completa se voc\u00ea escolher o colch\u00e3o certo para os seus momentos relax - e ele precisa ser certeiro para que o seu corpo se adapte de forma plena! Cheio de benef\u00edcios para a sua rotina, o modelo Iso re\u00fane caracter\u00edsticas que v\u00e3o fazer dele o item fundamental para dias descansados e mais produtivos: a espuma \u00e9 D33, enquanto o revestimento \u00e9 em viscopoli com tratamento antial\u00e9rgico e anti\u00e1caro. Ah, para complementar o uso, \u00e9 s\u00f3 ali\u00e1-lo a um conjunto de len\u00e7ol e travesseiro para ter aquela noite de sono que voc\u00ea sempre quis!","robots":{"index":"index","follow":"follow","max-snippet":"max-snippet:-1","max-image-preview":"max-image-preview:large","max-video-preview":"max-video-preview:-1"},"canonical":"https:\/\/lucaseletro.com.br\/?product=colchao-omega-ouro-65-88x188x26","og_locale":"pt_BR","og_type":"article","og_title":"COLCHAO OMEGA OURO 65 88X188X26 - &#82;&#36;499,00 - Lucas Eletro","og_description":"Ficha t\u00e9cnica Informa\u00e7\u00f5es importantes      Cor Cinza   Garantia em Meses 12   Instru\u00e7\u00f5es\/Cuidados  Limpar Mensalmente Escovando ou Aspirando     Conte\u00fado da Embalagem  1 Colch\u00e3o - Entregue em: 1 Volume     Modelo Iso   Material Colch\u00e3o Misto de Espuma e Placa EPS e Camada de Espuma D33 Pr\u00f3 Aditivada de Alta Performance; Bordado em Matelass\u00ea; Tratamento Antial\u00e9rgico e Anti\u00e1caro; Tecido em Viscopoli (51% Viscose e 49% Poli\u00e9ster); Acabamento em Debrum   Descri\u00e7\u00e3o do Tamanho Altura: 26 cm Largura: 88 cm Profundidade: 188 cm   Produto precisa de Montagem? N\u00e3o   Tipo de Colch\u00e3o Espuma   Peso suportado m\u00e1ximo (kg) 100   Peso Suportado por Pessoa (kg) 100","og_url":"https:\/\/lucaseletro.com.br\/?product=colchao-omega-ouro-65-88x188x26","og_site_name":"Lucas Eletro","article_publisher":"https:\/\/www.facebook.com\/lucas.eletro.71","article_modified_time":"2025-01-20T13:25:18+00:00","og_image":[{"width":975,"height":975,"url":"https:\/\/lucaseletro.com.br\/wp-content\/uploads\/2024\/07\/Ortobom-ColchC3A3o-Solteiro-de-Espuma-D33-Iso-2818x88x18829-Grafite-5087-377975-1.jpg","type":"image\/jpeg"}],"twitter_card":"summary_large_image","twitter_misc":{"Pre\u00e7o":"&#82;&#36;499,00","Disponibilidade":"Fora de estoque"},"schema":{"@context":"https:\/\/schema.org","@graph":[{"@type":"WebPage","@id":"https:\/\/lucaseletro.com.br\/?product=colchao-omega-ouro-65-88x188x26","url":"https:\/\/lucaseletro.com.br\/?product=colchao-omega-ouro-65-88x188x26","name":"COLCHAO OMEGA OURO 65 88X188X26 - Lucas Eletro","isPartOf":{"@id":"https:\/\/lucaseletro.com.br\/#website"},"primaryImageOfPage":{"@id":"https:\/\/lucaseletro.com.br\/?product=colchao-omega-ouro-65-88x188x26#primaryimage"},"image":{"@id":"https:\/\/lucaseletro.com.br\/?product=colchao-omega-ouro-65-88x188x26#primaryimage"},"thumbnailUrl":"https:\/\/lucaseletro.com.br\/wp-content\/uploads\/2024\/07\/Ortobom-ColchC3A3o-Solteiro-de-Espuma-D33-Iso-2818x88x18829-Grafite-5087-377975-1.jpg","datePublished":"2024-07-30T19:57:05+00:00","dateModified":"2025-01-20T13:25:18+00:00","description":"Que tal o Colch\u00e3o Iso?Uma boa cama s\u00f3 est\u00e1 completa se voc\u00ea escolher o colch\u00e3o certo para os seus momentos relax - e ele precisa ser certeiro para que o seu corpo se adapte de forma plena! Cheio de benef\u00edcios para a sua rotina, o modelo Iso re\u00fane caracter\u00edsticas que v\u00e3o fazer dele o item fundamental para dias descansados e mais produtivos: a espuma \u00e9 D33, enquanto o revestimento \u00e9 em viscopoli com tratamento antial\u00e9rgico e anti\u00e1caro. Ah, para complementar o uso, \u00e9 s\u00f3 ali\u00e1-lo a um conjunto de len\u00e7ol e travesseiro para ter aquela noite de sono que voc\u00ea sempre quis!","breadcrumb":{"@id":"https:\/\/lucaseletro.com.br\/?product=colchao-omega-ouro-65-88x188x26#breadcrumb"},"inLanguage":"pt-BR","potentialAction":[{"@type":"ReadAction","target":["https:\/\/lucaseletro.com.br\/?product=colchao-omega-ouro-65-88x188x26"]}]},{"@type":"ImageObject","inLanguage":"pt-BR","@id":"https:\/\/lucaseletro.com.br\/?product=colchao-omega-ouro-65-88x188x26#primaryimage","url":"https:\/\/lucaseletro.com.br\/wp-content\/uploads\/2024\/07\/Ortobom-ColchC3A3o-Solteiro-de-Espuma-D33-Iso-2818x88x18829-Grafite-5087-377975-1.jpg","contentUrl":"https:\/\/lucaseletro.com.br\/wp-content\/uploads\/2024\/07\/Ortobom-ColchC3A3o-Solteiro-de-Espuma-D33-Iso-2818x88x18829-Grafite-5087-377975-1.jpg","width":975,"height":975},{"@type":"BreadcrumbList","@id":"https:\/\/lucaseletro.com.br\/?product=colchao-omega-ouro-65-88x188x26#breadcrumb","itemListElement":[{"@type":"ListItem","position":1,"name":"In\u00edcio","item":"https:\/\/lucaseletro.com.br\/"},{"@type":"ListItem","position":2,"name":"Loja","item":"https:\/\/lucaseletro.com.br\/?page_id=11"},{"@type":"ListItem","position":3,"name":"COLCHAO OMEGA OURO 65 88X188X26"}]},{"@type":"WebSite","@id":"https:\/\/lucaseletro.com.br\/#website","url":"https:\/\/lucaseletro.com.br\/","name":"Lucas Eletro","description":"Realizando seus sonhos","publisher":{"@id":"https:\/\/lucaseletro.com.br\/#organization"},"alternateName":"Lucas Eletro","potentialAction":[{"@type":"SearchAction","target":{"@type":"EntryPoint","urlTemplate":"https:\/\/lucaseletro.com.br\/?s={search_term_string}"},"query-input":{"@type":"PropertyValueSpecification","valueRequired":true,"valueName":"search_term_string"}}],"inLanguage":"pt-BR"},{"@type":"Organization","@id":"https:\/\/lucaseletro.com.br\/#organization","name":"Lucas Eletro","alternateName":"Lucas Eletro","url":"https:\/\/lucaseletro.com.br\/","logo":{"@type":"ImageObject","inLanguage":"pt-BR","@id":"https:\/\/lucaseletro.com.br\/#\/schema\/logo\/image\/","url":"https:\/\/lucaseletro.com.br\/wp-content\/uploads\/2024\/08\/Logo-WebP.webp","contentUrl":"https:\/\/lucaseletro.com.br\/wp-content\/uploads\/2024\/08\/Logo-WebP.webp","width":1366,"height":457,"caption":"Lucas Eletro"},"image":{"@id":"https:\/\/lucaseletro.com.br\/#\/schema\/logo\/image\/"},"sameAs":["https:\/\/www.facebook.com\/lucas.eletro.71"]}]},"product_price_amount":"499.00","product_price_currency":"BRL","og_availability":"out of stock","product_availability":"out of stock","product_condition":"new"},"_links":{"self":[{"href":"https:\/\/lucaseletro.com.br\/index.php?rest_route=\/wp\/v2\/product\/2904","targetHints":{"allow":["GET"]}}],"collection":[{"href":"https:\/\/lucaseletro.com.br\/index.php?rest_route=\/wp\/v2\/product"}],"about":[{"href":"https:\/\/lucaseletro.com.br\/index.php?rest_route=\/wp\/v2\/types\/product"}],"replies":[{"embeddable":true,"href":"https:\/\/lucaseletro.com.br\/index.php?rest_route=%2Fwp%2Fv2%2Fcomments&post=2904"}],"wp:featuredmedia":[{"embeddable":true,"href":"https:\/\/lucaseletro.com.br\/index.php?rest_route=\/wp\/v2\/media\/3932"}],"wp:attachment":[{"href":"https:\/\/lucaseletro.com.br\/index.php?rest_route=%2Fwp%2Fv2%2Fmedia&parent=2904"}],"wp:term":[{"taxonomy":"product_brand","embeddable":true,"href":"https:\/\/lucaseletro.com.br\/index.php?rest_route=%2Fwp%2Fv2%2Fproduct_brand&post=2904"},{"taxonomy":"product_cat","embeddable":true,"href":"https:\/\/lucaseletro.com.br\/index.php?rest_route=%2Fwp%2Fv2%2Fproduct_cat&post=2904"},{"taxonomy":"product_tag","embeddable":true,"href":"https:\/\/lucaseletro.com.br\/index.php?rest_route=%2Fwp%2Fv2%2Fproduct_tag&post=2904"}],"curies":[{"name":"wp","href":"https:\/\/api.w.org\/{rel}","templated":true}]}}