{"id":2908,"date":"2024-07-30T16:57:05","date_gmt":"2024-07-30T19:57:05","guid":{"rendered":"https:\/\/lucaseletro.com.br\/product\/colchao-omega-lexus-138x188x20\/"},"modified":"2025-01-21T10:34:32","modified_gmt":"2025-01-21T13:34:32","slug":"colchao-omega-lexus-138x188x20","status":"publish","type":"product","link":"https:\/\/lucaseletro.com.br\/?product=colchao-omega-lexus-138x188x20","title":{"rendered":"COLCHAO OMEGA LEXUS 138X188X20"},"content":{"rendered":"<p class=\"chakra-text css-rszk63\">Descri\u00e7\u00e3o do Produto<\/p>\n<div>\n<h2>Colch\u00e3o Casal Espuma 138x188x20cm OMEGA LEXUS \/ Preto \u00fanica]<\/h2>\n<p>O Colch\u00e3o Casal Espuma D20 Polar garante excelentes noites de sono \u00e0 sua fam\u00edlia! Resistente, produzido com materiais de alta qualidade e preenchimento com espuma de poliuretano D20, garantindo conforto e sensa\u00e7\u00e3o de maciez ao toque. Para uma noite de sono mais tranquila, opte pelo Colch\u00e3o Polar, garantia de total descanso e qualidade de vida!<br \/>\nDimens\u00f5es do seu m\u00f3vel:<br \/>\nA = 12 cm<br \/>\nL = 138 cm<br \/>\nP = 188 cm<br \/>\nMODELO: Colch\u00e3o Casal D20<br \/>\nMARCA: Polar<br \/>\nMATERIAL: Espuma D20<br \/>\nSUPORTA: At\u00e9 70kg<br \/>\nREVESTIMENTO SUPERIOR: Poli\u00e9ster<br \/>\nREVESTIMENTO INFERIOR: Poli\u00e9ster<br \/>\nCOR: Branco \/ Preto<br \/>\nPESO: 12kg<br \/>\nGARANTIA: 06 meses pelo fabricante<\/p>\n<\/div>\n","protected":false},"excerpt":{"rendered":"<p class=\"chakra-text css-rszk63\">Descri\u00e7\u00e3o do Produto<\/p>\n<div>\n<h2>Colch\u00e3o Casal Espuma 138x188x20cm OMEGA LEXUS \/ Preto \u00fanica]<\/h2>\n<p>O Colch\u00e3o Casal Espuma D20 Polar garante excelentes noites de sono \u00e0 sua fam\u00edlia! Resistente, produzido com materiais de alta qualidade e preenchimento com espuma de poliuretano D20, garantindo conforto e sensa\u00e7\u00e3o de maciez ao toque. Para uma noite de sono mais tranquila, opte pelo Colch\u00e3o Polar, garantia de total descanso e qualidade de vida!<br \/>\nDimens\u00f5es do seu m\u00f3vel:<br \/>\nA = 12 cm<br \/>\nL = 138 cm<br \/>\nP = 188 cm<br \/>\nMODELO: Colch\u00e3o Casal D20<br \/>\nMARCA: Polar<br \/>\nMATERIAL: Espuma D20<br \/>\nSUPORTA: At\u00e9 70kg<br \/>\nREVESTIMENTO SUPERIOR: Poli\u00e9ster<br \/>\nREVESTIMENTO INFERIOR: Poli\u00e9ster<br \/>\nCOR: Branco \/ Preto<br \/>\nPESO: 12kg<br \/>\nGARANTIA: 06 meses pelo fabricante<\/p>\n<\/div>\n","protected":false},"featured_media":3936,"comment_status":"open","ping_status":"closed","template":"","meta":[],"product_brand":[],"product_cat":[80,82],"product_tag":[],"class_list":{"0":"post-2908","1":"product","2":"type-product","3":"status-publish","4":"has-post-thumbnail","6":"product_cat-cama","7":"product_cat-colchoes","9":"first","10":"outofstock","11":"shipping-taxable","12":"purchasable","13":"product-type-simple"},"yoast_head":"<!-- This site is optimized with the Yoast SEO Premium plugin v23.3 (Yoast SEO v27.5) - https:\/\/yoast.com\/product\/yoast-seo-premium-wordpress\/ -->\n<title>COLCHAO OMEGA LEXUS 138X188X20 - Lucas Eletro<\/title>\n<meta name=\"robots\" content=\"index, follow, max-snippet:-1, max-image-preview:large, max-video-preview:-1\" \/>\n<link rel=\"canonical\" href=\"https:\/\/lucaseletro.com.br\/?product=colchao-omega-lexus-138x188x20\" \/>\n<meta property=\"og:locale\" content=\"pt_BR\" \/>\n<meta property=\"og:type\" content=\"article\" \/>\n<meta property=\"og:title\" content=\"COLCHAO OMEGA LEXUS 138X188X20 - &#082;&#036;699,00 - Lucas Eletro\" \/>\n<meta property=\"og:description\" content=\"Descri\u00e7\u00e3o do Produto   Colch\u00e3o Casal Espuma 138x188x20cm OMEGA LEXUS \/ Preto \u00fanica] O Colch\u00e3o Casal Espuma D20 Polar garante excelentes noites de sono \u00e0 sua fam\u00edlia! Resistente, produzido com materiais de alta qualidade e preenchimento com espuma de poliuretano D20, garantindo conforto e sensa\u00e7\u00e3o de maciez ao toque. Para uma noite de sono mais tranquila, opte pelo Colch\u00e3o Polar, garantia de total descanso e qualidade de vida! Dimens\u00f5es do seu m\u00f3vel: A = 12 cm L = 138 cm P = 188 cm MODELO: Colch\u00e3o Casal D20 MARCA: Polar MATERIAL: Espuma D20 SUPORTA: At\u00e9 70kg REVESTIMENTO SUPERIOR: Poli\u00e9ster REVESTIMENTO INFERIOR: Poli\u00e9ster COR: Branco \/ Preto PESO: 12kg GARANTIA: 06 meses pelo fabricante\" \/>\n<meta property=\"og:url\" content=\"https:\/\/lucaseletro.com.br\/?product=colchao-omega-lexus-138x188x20\" \/>\n<meta property=\"og:site_name\" content=\"Lucas Eletro\" \/>\n<meta property=\"article:publisher\" content=\"https:\/\/www.facebook.com\/lucas.eletro.71\" \/>\n<meta property=\"article:modified_time\" content=\"2025-01-21T13:34:32+00:00\" \/>\n<meta property=\"og:image\" content=\"https:\/\/lucaseletro.com.br\/wp-content\/uploads\/2024\/07\/D_NQ_NP_2X_621885-MLB74092066540_012024-F.webp\" \/>\n\t<meta property=\"og:image:width\" content=\"946\" \/>\n\t<meta property=\"og:image:height\" content=\"304\" \/>\n\t<meta property=\"og:image:type\" content=\"image\/webp\" \/>\n<meta name=\"twitter:card\" content=\"summary_large_image\" \/>\n<meta name=\"twitter:label1\" content=\"Pre\u00e7o\" \/>\n\t<meta name=\"twitter:data1\" content=\"&#082;&#036;699,00\" \/>\n\t<meta name=\"twitter:label2\" content=\"Disponibilidade\" \/>\n\t<meta name=\"twitter:data2\" content=\"Fora de estoque\" \/>\n<script type=\"application\/ld+json\" class=\"yoast-schema-graph\">{\"@context\":\"https:\\\/\\\/schema.org\",\"@graph\":[{\"@type\":\"WebPage\",\"@id\":\"https:\\\/\\\/lucaseletro.com.br\\\/?product=colchao-omega-lexus-138x188x20\",\"url\":\"https:\\\/\\\/lucaseletro.com.br\\\/?product=colchao-omega-lexus-138x188x20\",\"name\":\"COLCHAO OMEGA LEXUS 138X188X20 - Lucas Eletro\",\"isPartOf\":{\"@id\":\"https:\\\/\\\/lucaseletro.com.br\\\/#website\"},\"primaryImageOfPage\":{\"@id\":\"https:\\\/\\\/lucaseletro.com.br\\\/?product=colchao-omega-lexus-138x188x20#primaryimage\"},\"image\":{\"@id\":\"https:\\\/\\\/lucaseletro.com.br\\\/?product=colchao-omega-lexus-138x188x20#primaryimage\"},\"thumbnailUrl\":\"https:\\\/\\\/lucaseletro.com.br\\\/wp-content\\\/uploads\\\/2024\\\/07\\\/D_NQ_NP_2X_621885-MLB74092066540_012024-F.webp\",\"datePublished\":\"2024-07-30T19:57:05+00:00\",\"dateModified\":\"2025-01-21T13:34:32+00:00\",\"breadcrumb\":{\"@id\":\"https:\\\/\\\/lucaseletro.com.br\\\/?product=colchao-omega-lexus-138x188x20#breadcrumb\"},\"inLanguage\":\"pt-BR\",\"potentialAction\":[{\"@type\":\"ReadAction\",\"target\":[\"https:\\\/\\\/lucaseletro.com.br\\\/?product=colchao-omega-lexus-138x188x20\"]}]},{\"@type\":\"ImageObject\",\"inLanguage\":\"pt-BR\",\"@id\":\"https:\\\/\\\/lucaseletro.com.br\\\/?product=colchao-omega-lexus-138x188x20#primaryimage\",\"url\":\"https:\\\/\\\/lucaseletro.com.br\\\/wp-content\\\/uploads\\\/2024\\\/07\\\/D_NQ_NP_2X_621885-MLB74092066540_012024-F.webp\",\"contentUrl\":\"https:\\\/\\\/lucaseletro.com.br\\\/wp-content\\\/uploads\\\/2024\\\/07\\\/D_NQ_NP_2X_621885-MLB74092066540_012024-F.webp\",\"width\":946,\"height\":304},{\"@type\":\"BreadcrumbList\",\"@id\":\"https:\\\/\\\/lucaseletro.com.br\\\/?product=colchao-omega-lexus-138x188x20#breadcrumb\",\"itemListElement\":[{\"@type\":\"ListItem\",\"position\":1,\"name\":\"In\u00edcio\",\"item\":\"https:\\\/\\\/lucaseletro.com.br\\\/\"},{\"@type\":\"ListItem\",\"position\":2,\"name\":\"Loja\",\"item\":\"https:\\\/\\\/lucaseletro.com.br\\\/?page_id=11\"},{\"@type\":\"ListItem\",\"position\":3,\"name\":\"COLCHAO OMEGA LEXUS 138X188X20\"}]},{\"@type\":\"WebSite\",\"@id\":\"https:\\\/\\\/lucaseletro.com.br\\\/#website\",\"url\":\"https:\\\/\\\/lucaseletro.com.br\\\/\",\"name\":\"Lucas Eletro\",\"description\":\"Realizando seus sonhos\",\"publisher\":{\"@id\":\"https:\\\/\\\/lucaseletro.com.br\\\/#organization\"},\"alternateName\":\"Lucas Eletro\",\"potentialAction\":[{\"@type\":\"SearchAction\",\"target\":{\"@type\":\"EntryPoint\",\"urlTemplate\":\"https:\\\/\\\/lucaseletro.com.br\\\/?s={search_term_string}\"},\"query-input\":{\"@type\":\"PropertyValueSpecification\",\"valueRequired\":true,\"valueName\":\"search_term_string\"}}],\"inLanguage\":\"pt-BR\"},{\"@type\":\"Organization\",\"@id\":\"https:\\\/\\\/lucaseletro.com.br\\\/#organization\",\"name\":\"Lucas Eletro\",\"alternateName\":\"Lucas Eletro\",\"url\":\"https:\\\/\\\/lucaseletro.com.br\\\/\",\"logo\":{\"@type\":\"ImageObject\",\"inLanguage\":\"pt-BR\",\"@id\":\"https:\\\/\\\/lucaseletro.com.br\\\/#\\\/schema\\\/logo\\\/image\\\/\",\"url\":\"https:\\\/\\\/lucaseletro.com.br\\\/wp-content\\\/uploads\\\/2024\\\/08\\\/Logo-WebP.webp\",\"contentUrl\":\"https:\\\/\\\/lucaseletro.com.br\\\/wp-content\\\/uploads\\\/2024\\\/08\\\/Logo-WebP.webp\",\"width\":1366,\"height\":457,\"caption\":\"Lucas Eletro\"},\"image\":{\"@id\":\"https:\\\/\\\/lucaseletro.com.br\\\/#\\\/schema\\\/logo\\\/image\\\/\"},\"sameAs\":[\"https:\\\/\\\/www.facebook.com\\\/lucas.eletro.71\"]}]}<\/script>\n<meta property=\"product:price:amount\" content=\"699.00\" \/>\n<meta property=\"product:price:currency\" content=\"BRL\" \/>\n<meta property=\"og:availability\" content=\"out of stock\" \/>\n<meta property=\"product:availability\" content=\"out of stock\" \/>\n<meta property=\"product:condition\" content=\"new\" \/>\n<!-- \/ Yoast SEO Premium plugin. -->","yoast_head_json":{"title":"COLCHAO OMEGA LEXUS 138X188X20 - Lucas Eletro","robots":{"index":"index","follow":"follow","max-snippet":"max-snippet:-1","max-image-preview":"max-image-preview:large","max-video-preview":"max-video-preview:-1"},"canonical":"https:\/\/lucaseletro.com.br\/?product=colchao-omega-lexus-138x188x20","og_locale":"pt_BR","og_type":"article","og_title":"COLCHAO OMEGA LEXUS 138X188X20 - &#82;&#36;699,00 - Lucas Eletro","og_description":"Descri\u00e7\u00e3o do Produto   Colch\u00e3o Casal Espuma 138x188x20cm OMEGA LEXUS \/ Preto \u00fanica] O Colch\u00e3o Casal Espuma D20 Polar garante excelentes noites de sono \u00e0 sua fam\u00edlia! Resistente, produzido com materiais de alta qualidade e preenchimento com espuma de poliuretano D20, garantindo conforto e sensa\u00e7\u00e3o de maciez ao toque. Para uma noite de sono mais tranquila, opte pelo Colch\u00e3o Polar, garantia de total descanso e qualidade de vida! Dimens\u00f5es do seu m\u00f3vel: A = 12 cm L = 138 cm P = 188 cm MODELO: Colch\u00e3o Casal D20 MARCA: Polar MATERIAL: Espuma D20 SUPORTA: At\u00e9 70kg REVESTIMENTO SUPERIOR: Poli\u00e9ster REVESTIMENTO INFERIOR: Poli\u00e9ster COR: Branco \/ Preto PESO: 12kg GARANTIA: 06 meses pelo fabricante","og_url":"https:\/\/lucaseletro.com.br\/?product=colchao-omega-lexus-138x188x20","og_site_name":"Lucas Eletro","article_publisher":"https:\/\/www.facebook.com\/lucas.eletro.71","article_modified_time":"2025-01-21T13:34:32+00:00","og_image":[{"width":946,"height":304,"url":"https:\/\/lucaseletro.com.br\/wp-content\/uploads\/2024\/07\/D_NQ_NP_2X_621885-MLB74092066540_012024-F.webp","type":"image\/webp"}],"twitter_card":"summary_large_image","twitter_misc":{"Pre\u00e7o":"&#82;&#36;699,00","Disponibilidade":"Fora de estoque"},"schema":{"@context":"https:\/\/schema.org","@graph":[{"@type":"WebPage","@id":"https:\/\/lucaseletro.com.br\/?product=colchao-omega-lexus-138x188x20","url":"https:\/\/lucaseletro.com.br\/?product=colchao-omega-lexus-138x188x20","name":"COLCHAO OMEGA LEXUS 138X188X20 - Lucas Eletro","isPartOf":{"@id":"https:\/\/lucaseletro.com.br\/#website"},"primaryImageOfPage":{"@id":"https:\/\/lucaseletro.com.br\/?product=colchao-omega-lexus-138x188x20#primaryimage"},"image":{"@id":"https:\/\/lucaseletro.com.br\/?product=colchao-omega-lexus-138x188x20#primaryimage"},"thumbnailUrl":"https:\/\/lucaseletro.com.br\/wp-content\/uploads\/2024\/07\/D_NQ_NP_2X_621885-MLB74092066540_012024-F.webp","datePublished":"2024-07-30T19:57:05+00:00","dateModified":"2025-01-21T13:34:32+00:00","breadcrumb":{"@id":"https:\/\/lucaseletro.com.br\/?product=colchao-omega-lexus-138x188x20#breadcrumb"},"inLanguage":"pt-BR","potentialAction":[{"@type":"ReadAction","target":["https:\/\/lucaseletro.com.br\/?product=colchao-omega-lexus-138x188x20"]}]},{"@type":"ImageObject","inLanguage":"pt-BR","@id":"https:\/\/lucaseletro.com.br\/?product=colchao-omega-lexus-138x188x20#primaryimage","url":"https:\/\/lucaseletro.com.br\/wp-content\/uploads\/2024\/07\/D_NQ_NP_2X_621885-MLB74092066540_012024-F.webp","contentUrl":"https:\/\/lucaseletro.com.br\/wp-content\/uploads\/2024\/07\/D_NQ_NP_2X_621885-MLB74092066540_012024-F.webp","width":946,"height":304},{"@type":"BreadcrumbList","@id":"https:\/\/lucaseletro.com.br\/?product=colchao-omega-lexus-138x188x20#breadcrumb","itemListElement":[{"@type":"ListItem","position":1,"name":"In\u00edcio","item":"https:\/\/lucaseletro.com.br\/"},{"@type":"ListItem","position":2,"name":"Loja","item":"https:\/\/lucaseletro.com.br\/?page_id=11"},{"@type":"ListItem","position":3,"name":"COLCHAO OMEGA LEXUS 138X188X20"}]},{"@type":"WebSite","@id":"https:\/\/lucaseletro.com.br\/#website","url":"https:\/\/lucaseletro.com.br\/","name":"Lucas Eletro","description":"Realizando seus sonhos","publisher":{"@id":"https:\/\/lucaseletro.com.br\/#organization"},"alternateName":"Lucas Eletro","potentialAction":[{"@type":"SearchAction","target":{"@type":"EntryPoint","urlTemplate":"https:\/\/lucaseletro.com.br\/?s={search_term_string}"},"query-input":{"@type":"PropertyValueSpecification","valueRequired":true,"valueName":"search_term_string"}}],"inLanguage":"pt-BR"},{"@type":"Organization","@id":"https:\/\/lucaseletro.com.br\/#organization","name":"Lucas Eletro","alternateName":"Lucas Eletro","url":"https:\/\/lucaseletro.com.br\/","logo":{"@type":"ImageObject","inLanguage":"pt-BR","@id":"https:\/\/lucaseletro.com.br\/#\/schema\/logo\/image\/","url":"https:\/\/lucaseletro.com.br\/wp-content\/uploads\/2024\/08\/Logo-WebP.webp","contentUrl":"https:\/\/lucaseletro.com.br\/wp-content\/uploads\/2024\/08\/Logo-WebP.webp","width":1366,"height":457,"caption":"Lucas Eletro"},"image":{"@id":"https:\/\/lucaseletro.com.br\/#\/schema\/logo\/image\/"},"sameAs":["https:\/\/www.facebook.com\/lucas.eletro.71"]}]},"product_price_amount":"699.00","product_price_currency":"BRL","og_availability":"out of stock","product_availability":"out of stock","product_condition":"new"},"_links":{"self":[{"href":"https:\/\/lucaseletro.com.br\/index.php?rest_route=\/wp\/v2\/product\/2908","targetHints":{"allow":["GET"]}}],"collection":[{"href":"https:\/\/lucaseletro.com.br\/index.php?rest_route=\/wp\/v2\/product"}],"about":[{"href":"https:\/\/lucaseletro.com.br\/index.php?rest_route=\/wp\/v2\/types\/product"}],"replies":[{"embeddable":true,"href":"https:\/\/lucaseletro.com.br\/index.php?rest_route=%2Fwp%2Fv2%2Fcomments&post=2908"}],"wp:featuredmedia":[{"embeddable":true,"href":"https:\/\/lucaseletro.com.br\/index.php?rest_route=\/wp\/v2\/media\/3936"}],"wp:attachment":[{"href":"https:\/\/lucaseletro.com.br\/index.php?rest_route=%2Fwp%2Fv2%2Fmedia&parent=2908"}],"wp:term":[{"taxonomy":"product_brand","embeddable":true,"href":"https:\/\/lucaseletro.com.br\/index.php?rest_route=%2Fwp%2Fv2%2Fproduct_brand&post=2908"},{"taxonomy":"product_cat","embeddable":true,"href":"https:\/\/lucaseletro.com.br\/index.php?rest_route=%2Fwp%2Fv2%2Fproduct_cat&post=2908"},{"taxonomy":"product_tag","embeddable":true,"href":"https:\/\/lucaseletro.com.br\/index.php?rest_route=%2Fwp%2Fv2%2Fproduct_tag&post=2908"}],"curies":[{"name":"wp","href":"https:\/\/api.w.org\/{rel}","templated":true}]}}