{"id":2909,"date":"2024-07-30T16:57:06","date_gmt":"2024-07-30T19:57:06","guid":{"rendered":"https:\/\/lucaseletro.com.br\/product\/colchao-omega-casal-d20-138x188x14\/"},"modified":"2025-01-20T10:12:27","modified_gmt":"2025-01-20T13:12:27","slug":"colchao-omega-casal-d20-138x188x14","status":"publish","type":"product","link":"https:\/\/lucaseletro.com.br\/?product=colchao-omega-casal-d20-138x188x14","title":{"rendered":"COLCHAO OMEGA CASAL D20 138X188X14"},"content":{"rendered":"<p><b>COLCHAO D20<\/b><\/p>\n<p><b>Medidas (cm):<\/b><br \/>\nAltura 14 x Largura 138 x Prof. 188<\/p>\n<p><b>Descri\u00e7\u00e3o T\u00e9cnica<\/b><br \/>\n\u2013 Tecido poli\u00e9ster<br \/>\n\u2013 Conforto Firme<br \/>\n\u2013 Espuma D20<br \/>\n\u2013 Suporte de peso 80kg<\/p>\n<p><b>Garantia:<\/b><br \/>\n\u2013 3 meses para defeitos de fabrica\u00e7\u00e3o<\/p>\n","protected":false},"excerpt":{"rendered":"<p><b>COLCHAO D20<\/b><\/p>\n<p><b>Medidas (cm):<\/b><br \/>\nAltura 14 x Largura 138 x Prof. 188<\/p>\n<p><b>Descri\u00e7\u00e3o T\u00e9cnica<\/b><br \/>\n\u2013 Tecido poli\u00e9ster<br \/>\n\u2013 Conforto Firme<br \/>\n\u2013 Espuma D20<br \/>\n\u2013 Suporte de peso 80kg<\/p>\n<p><b>Garantia:<\/b><br \/>\n\u2013 3 meses para defeitos de fabrica\u00e7\u00e3o<\/p>\n","protected":false},"featured_media":3929,"comment_status":"open","ping_status":"closed","template":"","meta":[],"product_brand":[],"product_cat":[80,82],"product_tag":[],"class_list":{"0":"post-2909","1":"product","2":"type-product","3":"status-publish","4":"has-post-thumbnail","6":"product_cat-cama","7":"product_cat-colchoes","9":"first","10":"outofstock","11":"shipping-taxable","12":"purchasable","13":"product-type-simple"},"yoast_head":"<!-- This site is optimized with the Yoast SEO Premium plugin v23.3 (Yoast SEO v27.5) - https:\/\/yoast.com\/product\/yoast-seo-premium-wordpress\/ -->\n<title>COLCHAO OMEGA CASAL D20 138X188X14 - Lucas Eletro<\/title>\n<meta name=\"description\" content=\"COLCHAO OMEGA CASAL D20 138X188X14\" \/>\n<meta name=\"robots\" content=\"index, follow, max-snippet:-1, max-image-preview:large, max-video-preview:-1\" \/>\n<link rel=\"canonical\" href=\"https:\/\/lucaseletro.com.br\/?product=colchao-omega-casal-d20-138x188x14\" \/>\n<meta property=\"og:locale\" content=\"pt_BR\" \/>\n<meta property=\"og:type\" content=\"article\" \/>\n<meta property=\"og:title\" content=\"COLCHAO OMEGA CASAL D20 138X188X14 - &#082;&#036;449,00 - Lucas Eletro\" \/>\n<meta property=\"og:description\" content=\"COLCHAO D20  Medidas (cm): Altura 14 x Largura 138 x Prof. 188  Descri\u00e7\u00e3o T\u00e9cnica \u2013 Tecido poli\u00e9ster \u2013 Conforto Firme \u2013 Espuma D20 \u2013 Suporte de peso 80kg  Garantia: \u2013 3 meses para defeitos de fabrica\u00e7\u00e3o\" \/>\n<meta property=\"og:url\" content=\"https:\/\/lucaseletro.com.br\/?product=colchao-omega-casal-d20-138x188x14\" \/>\n<meta property=\"og:site_name\" content=\"Lucas Eletro\" \/>\n<meta property=\"article:publisher\" content=\"https:\/\/www.facebook.com\/lucas.eletro.71\" \/>\n<meta property=\"article:modified_time\" content=\"2025-01-20T13:12:27+00:00\" \/>\n<meta property=\"og:image\" content=\"https:\/\/lucaseletro.com.br\/wp-content\/uploads\/2024\/07\/colchao-polar-d20-d23-d33-casal-5.jpg\" \/>\n\t<meta property=\"og:image:width\" content=\"710\" \/>\n\t<meta property=\"og:image:height\" content=\"474\" \/>\n\t<meta property=\"og:image:type\" content=\"image\/jpeg\" \/>\n<meta name=\"twitter:card\" content=\"summary_large_image\" \/>\n<meta name=\"twitter:label1\" content=\"Pre\u00e7o\" \/>\n\t<meta name=\"twitter:data1\" content=\"&#082;&#036;449,00\" \/>\n\t<meta name=\"twitter:label2\" content=\"Disponibilidade\" \/>\n\t<meta name=\"twitter:data2\" content=\"Fora de estoque\" \/>\n<script type=\"application\/ld+json\" class=\"yoast-schema-graph\">{\"@context\":\"https:\\\/\\\/schema.org\",\"@graph\":[{\"@type\":\"WebPage\",\"@id\":\"https:\\\/\\\/lucaseletro.com.br\\\/?product=colchao-omega-casal-d20-138x188x14\",\"url\":\"https:\\\/\\\/lucaseletro.com.br\\\/?product=colchao-omega-casal-d20-138x188x14\",\"name\":\"COLCHAO OMEGA CASAL D20 138X188X14 - Lucas Eletro\",\"isPartOf\":{\"@id\":\"https:\\\/\\\/lucaseletro.com.br\\\/#website\"},\"primaryImageOfPage\":{\"@id\":\"https:\\\/\\\/lucaseletro.com.br\\\/?product=colchao-omega-casal-d20-138x188x14#primaryimage\"},\"image\":{\"@id\":\"https:\\\/\\\/lucaseletro.com.br\\\/?product=colchao-omega-casal-d20-138x188x14#primaryimage\"},\"thumbnailUrl\":\"https:\\\/\\\/lucaseletro.com.br\\\/wp-content\\\/uploads\\\/2024\\\/07\\\/colchao-polar-d20-d23-d33-casal-5.jpg\",\"datePublished\":\"2024-07-30T19:57:06+00:00\",\"dateModified\":\"2025-01-20T13:12:27+00:00\",\"description\":\"COLCHAO OMEGA CASAL D20 138X188X14\",\"breadcrumb\":{\"@id\":\"https:\\\/\\\/lucaseletro.com.br\\\/?product=colchao-omega-casal-d20-138x188x14#breadcrumb\"},\"inLanguage\":\"pt-BR\",\"potentialAction\":[{\"@type\":\"ReadAction\",\"target\":[\"https:\\\/\\\/lucaseletro.com.br\\\/?product=colchao-omega-casal-d20-138x188x14\"]}]},{\"@type\":\"ImageObject\",\"inLanguage\":\"pt-BR\",\"@id\":\"https:\\\/\\\/lucaseletro.com.br\\\/?product=colchao-omega-casal-d20-138x188x14#primaryimage\",\"url\":\"https:\\\/\\\/lucaseletro.com.br\\\/wp-content\\\/uploads\\\/2024\\\/07\\\/colchao-polar-d20-d23-d33-casal-5.jpg\",\"contentUrl\":\"https:\\\/\\\/lucaseletro.com.br\\\/wp-content\\\/uploads\\\/2024\\\/07\\\/colchao-polar-d20-d23-d33-casal-5.jpg\",\"width\":710,\"height\":474},{\"@type\":\"BreadcrumbList\",\"@id\":\"https:\\\/\\\/lucaseletro.com.br\\\/?product=colchao-omega-casal-d20-138x188x14#breadcrumb\",\"itemListElement\":[{\"@type\":\"ListItem\",\"position\":1,\"name\":\"In\u00edcio\",\"item\":\"https:\\\/\\\/lucaseletro.com.br\\\/\"},{\"@type\":\"ListItem\",\"position\":2,\"name\":\"Loja\",\"item\":\"https:\\\/\\\/lucaseletro.com.br\\\/?page_id=11\"},{\"@type\":\"ListItem\",\"position\":3,\"name\":\"COLCHAO OMEGA CASAL D20 138X188X14\"}]},{\"@type\":\"WebSite\",\"@id\":\"https:\\\/\\\/lucaseletro.com.br\\\/#website\",\"url\":\"https:\\\/\\\/lucaseletro.com.br\\\/\",\"name\":\"Lucas Eletro\",\"description\":\"Realizando seus sonhos\",\"publisher\":{\"@id\":\"https:\\\/\\\/lucaseletro.com.br\\\/#organization\"},\"alternateName\":\"Lucas Eletro\",\"potentialAction\":[{\"@type\":\"SearchAction\",\"target\":{\"@type\":\"EntryPoint\",\"urlTemplate\":\"https:\\\/\\\/lucaseletro.com.br\\\/?s={search_term_string}\"},\"query-input\":{\"@type\":\"PropertyValueSpecification\",\"valueRequired\":true,\"valueName\":\"search_term_string\"}}],\"inLanguage\":\"pt-BR\"},{\"@type\":\"Organization\",\"@id\":\"https:\\\/\\\/lucaseletro.com.br\\\/#organization\",\"name\":\"Lucas Eletro\",\"alternateName\":\"Lucas Eletro\",\"url\":\"https:\\\/\\\/lucaseletro.com.br\\\/\",\"logo\":{\"@type\":\"ImageObject\",\"inLanguage\":\"pt-BR\",\"@id\":\"https:\\\/\\\/lucaseletro.com.br\\\/#\\\/schema\\\/logo\\\/image\\\/\",\"url\":\"https:\\\/\\\/lucaseletro.com.br\\\/wp-content\\\/uploads\\\/2024\\\/08\\\/Logo-WebP.webp\",\"contentUrl\":\"https:\\\/\\\/lucaseletro.com.br\\\/wp-content\\\/uploads\\\/2024\\\/08\\\/Logo-WebP.webp\",\"width\":1366,\"height\":457,\"caption\":\"Lucas Eletro\"},\"image\":{\"@id\":\"https:\\\/\\\/lucaseletro.com.br\\\/#\\\/schema\\\/logo\\\/image\\\/\"},\"sameAs\":[\"https:\\\/\\\/www.facebook.com\\\/lucas.eletro.71\"]}]}<\/script>\n<meta property=\"product:price:amount\" content=\"449.00\" \/>\n<meta property=\"product:price:currency\" content=\"BRL\" \/>\n<meta property=\"og:availability\" content=\"out of stock\" \/>\n<meta property=\"product:availability\" content=\"out of stock\" \/>\n<meta property=\"product:condition\" content=\"new\" \/>\n<!-- \/ Yoast SEO Premium plugin. -->","yoast_head_json":{"title":"COLCHAO OMEGA CASAL D20 138X188X14 - Lucas Eletro","description":"COLCHAO OMEGA CASAL D20 138X188X14","robots":{"index":"index","follow":"follow","max-snippet":"max-snippet:-1","max-image-preview":"max-image-preview:large","max-video-preview":"max-video-preview:-1"},"canonical":"https:\/\/lucaseletro.com.br\/?product=colchao-omega-casal-d20-138x188x14","og_locale":"pt_BR","og_type":"article","og_title":"COLCHAO OMEGA CASAL D20 138X188X14 - &#82;&#36;449,00 - Lucas Eletro","og_description":"COLCHAO D20  Medidas (cm): Altura 14 x Largura 138 x Prof. 188  Descri\u00e7\u00e3o T\u00e9cnica \u2013 Tecido poli\u00e9ster \u2013 Conforto Firme \u2013 Espuma D20 \u2013 Suporte de peso 80kg  Garantia: \u2013 3 meses para defeitos de fabrica\u00e7\u00e3o","og_url":"https:\/\/lucaseletro.com.br\/?product=colchao-omega-casal-d20-138x188x14","og_site_name":"Lucas Eletro","article_publisher":"https:\/\/www.facebook.com\/lucas.eletro.71","article_modified_time":"2025-01-20T13:12:27+00:00","og_image":[{"width":710,"height":474,"url":"https:\/\/lucaseletro.com.br\/wp-content\/uploads\/2024\/07\/colchao-polar-d20-d23-d33-casal-5.jpg","type":"image\/jpeg"}],"twitter_card":"summary_large_image","twitter_misc":{"Pre\u00e7o":"&#82;&#36;449,00","Disponibilidade":"Fora de estoque"},"schema":{"@context":"https:\/\/schema.org","@graph":[{"@type":"WebPage","@id":"https:\/\/lucaseletro.com.br\/?product=colchao-omega-casal-d20-138x188x14","url":"https:\/\/lucaseletro.com.br\/?product=colchao-omega-casal-d20-138x188x14","name":"COLCHAO OMEGA CASAL D20 138X188X14 - Lucas Eletro","isPartOf":{"@id":"https:\/\/lucaseletro.com.br\/#website"},"primaryImageOfPage":{"@id":"https:\/\/lucaseletro.com.br\/?product=colchao-omega-casal-d20-138x188x14#primaryimage"},"image":{"@id":"https:\/\/lucaseletro.com.br\/?product=colchao-omega-casal-d20-138x188x14#primaryimage"},"thumbnailUrl":"https:\/\/lucaseletro.com.br\/wp-content\/uploads\/2024\/07\/colchao-polar-d20-d23-d33-casal-5.jpg","datePublished":"2024-07-30T19:57:06+00:00","dateModified":"2025-01-20T13:12:27+00:00","description":"COLCHAO OMEGA CASAL D20 138X188X14","breadcrumb":{"@id":"https:\/\/lucaseletro.com.br\/?product=colchao-omega-casal-d20-138x188x14#breadcrumb"},"inLanguage":"pt-BR","potentialAction":[{"@type":"ReadAction","target":["https:\/\/lucaseletro.com.br\/?product=colchao-omega-casal-d20-138x188x14"]}]},{"@type":"ImageObject","inLanguage":"pt-BR","@id":"https:\/\/lucaseletro.com.br\/?product=colchao-omega-casal-d20-138x188x14#primaryimage","url":"https:\/\/lucaseletro.com.br\/wp-content\/uploads\/2024\/07\/colchao-polar-d20-d23-d33-casal-5.jpg","contentUrl":"https:\/\/lucaseletro.com.br\/wp-content\/uploads\/2024\/07\/colchao-polar-d20-d23-d33-casal-5.jpg","width":710,"height":474},{"@type":"BreadcrumbList","@id":"https:\/\/lucaseletro.com.br\/?product=colchao-omega-casal-d20-138x188x14#breadcrumb","itemListElement":[{"@type":"ListItem","position":1,"name":"In\u00edcio","item":"https:\/\/lucaseletro.com.br\/"},{"@type":"ListItem","position":2,"name":"Loja","item":"https:\/\/lucaseletro.com.br\/?page_id=11"},{"@type":"ListItem","position":3,"name":"COLCHAO OMEGA CASAL D20 138X188X14"}]},{"@type":"WebSite","@id":"https:\/\/lucaseletro.com.br\/#website","url":"https:\/\/lucaseletro.com.br\/","name":"Lucas Eletro","description":"Realizando seus sonhos","publisher":{"@id":"https:\/\/lucaseletro.com.br\/#organization"},"alternateName":"Lucas Eletro","potentialAction":[{"@type":"SearchAction","target":{"@type":"EntryPoint","urlTemplate":"https:\/\/lucaseletro.com.br\/?s={search_term_string}"},"query-input":{"@type":"PropertyValueSpecification","valueRequired":true,"valueName":"search_term_string"}}],"inLanguage":"pt-BR"},{"@type":"Organization","@id":"https:\/\/lucaseletro.com.br\/#organization","name":"Lucas Eletro","alternateName":"Lucas Eletro","url":"https:\/\/lucaseletro.com.br\/","logo":{"@type":"ImageObject","inLanguage":"pt-BR","@id":"https:\/\/lucaseletro.com.br\/#\/schema\/logo\/image\/","url":"https:\/\/lucaseletro.com.br\/wp-content\/uploads\/2024\/08\/Logo-WebP.webp","contentUrl":"https:\/\/lucaseletro.com.br\/wp-content\/uploads\/2024\/08\/Logo-WebP.webp","width":1366,"height":457,"caption":"Lucas Eletro"},"image":{"@id":"https:\/\/lucaseletro.com.br\/#\/schema\/logo\/image\/"},"sameAs":["https:\/\/www.facebook.com\/lucas.eletro.71"]}]},"product_price_amount":"449.00","product_price_currency":"BRL","og_availability":"out of stock","product_availability":"out of stock","product_condition":"new"},"_links":{"self":[{"href":"https:\/\/lucaseletro.com.br\/index.php?rest_route=\/wp\/v2\/product\/2909","targetHints":{"allow":["GET"]}}],"collection":[{"href":"https:\/\/lucaseletro.com.br\/index.php?rest_route=\/wp\/v2\/product"}],"about":[{"href":"https:\/\/lucaseletro.com.br\/index.php?rest_route=\/wp\/v2\/types\/product"}],"replies":[{"embeddable":true,"href":"https:\/\/lucaseletro.com.br\/index.php?rest_route=%2Fwp%2Fv2%2Fcomments&post=2909"}],"wp:featuredmedia":[{"embeddable":true,"href":"https:\/\/lucaseletro.com.br\/index.php?rest_route=\/wp\/v2\/media\/3929"}],"wp:attachment":[{"href":"https:\/\/lucaseletro.com.br\/index.php?rest_route=%2Fwp%2Fv2%2Fmedia&parent=2909"}],"wp:term":[{"taxonomy":"product_brand","embeddable":true,"href":"https:\/\/lucaseletro.com.br\/index.php?rest_route=%2Fwp%2Fv2%2Fproduct_brand&post=2909"},{"taxonomy":"product_cat","embeddable":true,"href":"https:\/\/lucaseletro.com.br\/index.php?rest_route=%2Fwp%2Fv2%2Fproduct_cat&post=2909"},{"taxonomy":"product_tag","embeddable":true,"href":"https:\/\/lucaseletro.com.br\/index.php?rest_route=%2Fwp%2Fv2%2Fproduct_tag&post=2909"}],"curies":[{"name":"wp","href":"https:\/\/api.w.org\/{rel}","templated":true}]}}