{"id":2911,"date":"2024-07-30T16:57:06","date_gmt":"2024-07-30T19:57:06","guid":{"rendered":"https:\/\/lucaseletro.com.br\/product\/colchao-de-berco-omega-baby-d18-70x130x10\/"},"modified":"2024-09-23T15:13:10","modified_gmt":"2024-09-23T18:13:10","slug":"colchao-de-berco-omega-baby-d18-70x130x10","status":"publish","type":"product","link":"https:\/\/lucaseletro.com.br\/?product=colchao-de-berco-omega-baby-d18-70x130x10","title":{"rendered":"COLCHAO DE BER\u00c7O OMEGA  BABY D18 70X130X10"},"content":{"rendered":"<pre>Colch\u00e3o Ber\u00e7o \u00d4mega Baby 0,70\r\n\r\n- Fabricante: Vale do A\u00e7o\r\n- Cor \u00fanica\r\n- Poli\u00e9ster\r\n- Espuma D18\r\n- Padr\u00e3o americano\r\n\r\nDimens\u00f5es\r\nAltura: 10 cm\r\nLargura: 70 cm\r\nProfundidade: 130 cm<\/pre>\n","protected":false},"excerpt":{"rendered":"<pre>Colch\u00e3o Ber\u00e7o \u00d4mega Baby 0,70\r\n\r\n- Fabricante: Vale do A\u00e7o\r\n- Cor \u00fanica\r\n- Poli\u00e9ster\r\n- Espuma D18\r\n- Padr\u00e3o americano\r\n\r\nDimens\u00f5es\r\nAltura: 10 cm\r\nLargura: 70 cm\r\nProfundidade: 130 cm<\/pre>\n","protected":false},"featured_media":3639,"comment_status":"open","ping_status":"closed","template":"","meta":[],"product_brand":[],"product_cat":[82],"product_tag":[],"class_list":{"0":"post-2911","1":"product","2":"type-product","3":"status-publish","4":"has-post-thumbnail","6":"product_cat-colchoes","8":"first","9":"instock","10":"shipping-taxable","11":"purchasable","12":"product-type-simple"},"yoast_head":"<!-- This site is optimized with the Yoast SEO Premium plugin v23.3 (Yoast SEO v27.5) - https:\/\/yoast.com\/product\/yoast-seo-premium-wordpress\/ -->\n<title>COLCHAO DE BER\u00c7O OMEGA BABY D18 70X130X10 - Lucas Eletro<\/title>\n<meta name=\"description\" content=\"Colch\u00e3o Ber\u00e7o \u00d4mega Baby 0,70- Fabricante: Vale do A\u00e7o- Cor \u00fanica- Poli\u00e9ster- Espuma D18- Padr\u00e3o americanoDimens\u00f5esAltura: 10 cmLargura: 70 cmProfundidade: 130 cm\" \/>\n<meta name=\"robots\" content=\"index, follow, max-snippet:-1, max-image-preview:large, max-video-preview:-1\" \/>\n<link rel=\"canonical\" href=\"https:\/\/lucaseletro.com.br\/?product=colchao-de-berco-omega-baby-d18-70x130x10\" \/>\n<meta property=\"og:locale\" content=\"pt_BR\" \/>\n<meta property=\"og:type\" content=\"article\" \/>\n<meta property=\"og:title\" content=\"COLCHAO DE BER\u00c7O OMEGA BABY D18 70X130X10 - &#082;&#036;139,00 - Lucas Eletro\" \/>\n<meta property=\"og:description\" content=\"Colch\u00e3o Ber\u00e7o \u00d4mega Baby 0,70  - Fabricante: Vale do A\u00e7o - Cor \u00fanica - Poli\u00e9ster - Espuma D18 - Padr\u00e3o americano  Dimens\u00f5es Altura: 10 cm Largura: 70 cm Profundidade: 130 cm\" \/>\n<meta property=\"og:url\" content=\"https:\/\/lucaseletro.com.br\/?product=colchao-de-berco-omega-baby-d18-70x130x10\" \/>\n<meta property=\"og:site_name\" content=\"Lucas Eletro\" \/>\n<meta property=\"article:publisher\" content=\"https:\/\/www.facebook.com\/lucas.eletro.71\" \/>\n<meta property=\"article:modified_time\" content=\"2024-09-23T18:13:10+00:00\" \/>\n<meta property=\"og:image\" content=\"https:\/\/lucaseletro.com.br\/wp-content\/uploads\/2024\/07\/colchao_berco_omega_baby.webp\" \/>\n\t<meta property=\"og:image:width\" content=\"1000\" \/>\n\t<meta property=\"og:image:height\" content=\"1000\" \/>\n\t<meta property=\"og:image:type\" content=\"image\/webp\" \/>\n<meta name=\"twitter:card\" content=\"summary_large_image\" \/>\n<meta name=\"twitter:label1\" content=\"Pre\u00e7o\" \/>\n\t<meta name=\"twitter:data1\" content=\"&#082;&#036;139,00\" \/>\n\t<meta name=\"twitter:label2\" content=\"Disponibilidade\" \/>\n\t<meta name=\"twitter:data2\" content=\"Em Estoque\" \/>\n<script type=\"application\/ld+json\" class=\"yoast-schema-graph\">{\"@context\":\"https:\\\/\\\/schema.org\",\"@graph\":[{\"@type\":\"WebPage\",\"@id\":\"https:\\\/\\\/lucaseletro.com.br\\\/?product=colchao-de-berco-omega-baby-d18-70x130x10\",\"url\":\"https:\\\/\\\/lucaseletro.com.br\\\/?product=colchao-de-berco-omega-baby-d18-70x130x10\",\"name\":\"COLCHAO DE BER\u00c7O OMEGA BABY D18 70X130X10 - Lucas Eletro\",\"isPartOf\":{\"@id\":\"https:\\\/\\\/lucaseletro.com.br\\\/#website\"},\"primaryImageOfPage\":{\"@id\":\"https:\\\/\\\/lucaseletro.com.br\\\/?product=colchao-de-berco-omega-baby-d18-70x130x10#primaryimage\"},\"image\":{\"@id\":\"https:\\\/\\\/lucaseletro.com.br\\\/?product=colchao-de-berco-omega-baby-d18-70x130x10#primaryimage\"},\"thumbnailUrl\":\"https:\\\/\\\/lucaseletro.com.br\\\/wp-content\\\/uploads\\\/2024\\\/07\\\/colchao_berco_omega_baby.webp\",\"datePublished\":\"2024-07-30T19:57:06+00:00\",\"dateModified\":\"2024-09-23T18:13:10+00:00\",\"description\":\"Colch\u00e3o Ber\u00e7o \u00d4mega Baby 0,70- Fabricante: Vale do A\u00e7o- Cor \u00fanica- Poli\u00e9ster- Espuma D18- Padr\u00e3o americanoDimens\u00f5esAltura: 10 cmLargura: 70 cmProfundidade: 130 cm\",\"breadcrumb\":{\"@id\":\"https:\\\/\\\/lucaseletro.com.br\\\/?product=colchao-de-berco-omega-baby-d18-70x130x10#breadcrumb\"},\"inLanguage\":\"pt-BR\",\"potentialAction\":[{\"@type\":\"ReadAction\",\"target\":[\"https:\\\/\\\/lucaseletro.com.br\\\/?product=colchao-de-berco-omega-baby-d18-70x130x10\"]}]},{\"@type\":\"ImageObject\",\"inLanguage\":\"pt-BR\",\"@id\":\"https:\\\/\\\/lucaseletro.com.br\\\/?product=colchao-de-berco-omega-baby-d18-70x130x10#primaryimage\",\"url\":\"https:\\\/\\\/lucaseletro.com.br\\\/wp-content\\\/uploads\\\/2024\\\/07\\\/colchao_berco_omega_baby.webp\",\"contentUrl\":\"https:\\\/\\\/lucaseletro.com.br\\\/wp-content\\\/uploads\\\/2024\\\/07\\\/colchao_berco_omega_baby.webp\",\"width\":1000,\"height\":1000},{\"@type\":\"BreadcrumbList\",\"@id\":\"https:\\\/\\\/lucaseletro.com.br\\\/?product=colchao-de-berco-omega-baby-d18-70x130x10#breadcrumb\",\"itemListElement\":[{\"@type\":\"ListItem\",\"position\":1,\"name\":\"In\u00edcio\",\"item\":\"https:\\\/\\\/lucaseletro.com.br\\\/\"},{\"@type\":\"ListItem\",\"position\":2,\"name\":\"Loja\",\"item\":\"https:\\\/\\\/lucaseletro.com.br\\\/?page_id=11\"},{\"@type\":\"ListItem\",\"position\":3,\"name\":\"COLCHAO DE BER\u00c7O OMEGA BABY D18 70X130X10\"}]},{\"@type\":\"WebSite\",\"@id\":\"https:\\\/\\\/lucaseletro.com.br\\\/#website\",\"url\":\"https:\\\/\\\/lucaseletro.com.br\\\/\",\"name\":\"Lucas Eletro\",\"description\":\"Realizando seus sonhos\",\"publisher\":{\"@id\":\"https:\\\/\\\/lucaseletro.com.br\\\/#organization\"},\"alternateName\":\"Lucas Eletro\",\"potentialAction\":[{\"@type\":\"SearchAction\",\"target\":{\"@type\":\"EntryPoint\",\"urlTemplate\":\"https:\\\/\\\/lucaseletro.com.br\\\/?s={search_term_string}\"},\"query-input\":{\"@type\":\"PropertyValueSpecification\",\"valueRequired\":true,\"valueName\":\"search_term_string\"}}],\"inLanguage\":\"pt-BR\"},{\"@type\":\"Organization\",\"@id\":\"https:\\\/\\\/lucaseletro.com.br\\\/#organization\",\"name\":\"Lucas Eletro\",\"alternateName\":\"Lucas Eletro\",\"url\":\"https:\\\/\\\/lucaseletro.com.br\\\/\",\"logo\":{\"@type\":\"ImageObject\",\"inLanguage\":\"pt-BR\",\"@id\":\"https:\\\/\\\/lucaseletro.com.br\\\/#\\\/schema\\\/logo\\\/image\\\/\",\"url\":\"https:\\\/\\\/lucaseletro.com.br\\\/wp-content\\\/uploads\\\/2024\\\/08\\\/Logo-WebP.webp\",\"contentUrl\":\"https:\\\/\\\/lucaseletro.com.br\\\/wp-content\\\/uploads\\\/2024\\\/08\\\/Logo-WebP.webp\",\"width\":1366,\"height\":457,\"caption\":\"Lucas Eletro\"},\"image\":{\"@id\":\"https:\\\/\\\/lucaseletro.com.br\\\/#\\\/schema\\\/logo\\\/image\\\/\"},\"sameAs\":[\"https:\\\/\\\/www.facebook.com\\\/lucas.eletro.71\"]}]}<\/script>\n<meta property=\"product:price:amount\" content=\"139.00\" \/>\n<meta property=\"product:price:currency\" content=\"BRL\" \/>\n<meta property=\"og:availability\" content=\"instock\" \/>\n<meta property=\"product:availability\" content=\"instock\" \/>\n<meta property=\"product:condition\" content=\"new\" \/>\n<!-- \/ Yoast SEO Premium plugin. -->","yoast_head_json":{"title":"COLCHAO DE BER\u00c7O OMEGA BABY D18 70X130X10 - Lucas Eletro","description":"Colch\u00e3o Ber\u00e7o \u00d4mega Baby 0,70- Fabricante: Vale do A\u00e7o- Cor \u00fanica- Poli\u00e9ster- Espuma D18- Padr\u00e3o americanoDimens\u00f5esAltura: 10 cmLargura: 70 cmProfundidade: 130 cm","robots":{"index":"index","follow":"follow","max-snippet":"max-snippet:-1","max-image-preview":"max-image-preview:large","max-video-preview":"max-video-preview:-1"},"canonical":"https:\/\/lucaseletro.com.br\/?product=colchao-de-berco-omega-baby-d18-70x130x10","og_locale":"pt_BR","og_type":"article","og_title":"COLCHAO DE BER\u00c7O OMEGA BABY D18 70X130X10 - &#82;&#36;139,00 - Lucas Eletro","og_description":"Colch\u00e3o Ber\u00e7o \u00d4mega Baby 0,70  - Fabricante: Vale do A\u00e7o - Cor \u00fanica - Poli\u00e9ster - Espuma D18 - Padr\u00e3o americano  Dimens\u00f5es Altura: 10 cm Largura: 70 cm Profundidade: 130 cm","og_url":"https:\/\/lucaseletro.com.br\/?product=colchao-de-berco-omega-baby-d18-70x130x10","og_site_name":"Lucas Eletro","article_publisher":"https:\/\/www.facebook.com\/lucas.eletro.71","article_modified_time":"2024-09-23T18:13:10+00:00","og_image":[{"width":1000,"height":1000,"url":"https:\/\/lucaseletro.com.br\/wp-content\/uploads\/2024\/07\/colchao_berco_omega_baby.webp","type":"image\/webp"}],"twitter_card":"summary_large_image","twitter_misc":{"Pre\u00e7o":"&#82;&#36;139,00","Disponibilidade":"Em Estoque"},"schema":{"@context":"https:\/\/schema.org","@graph":[{"@type":"WebPage","@id":"https:\/\/lucaseletro.com.br\/?product=colchao-de-berco-omega-baby-d18-70x130x10","url":"https:\/\/lucaseletro.com.br\/?product=colchao-de-berco-omega-baby-d18-70x130x10","name":"COLCHAO DE BER\u00c7O OMEGA BABY D18 70X130X10 - Lucas Eletro","isPartOf":{"@id":"https:\/\/lucaseletro.com.br\/#website"},"primaryImageOfPage":{"@id":"https:\/\/lucaseletro.com.br\/?product=colchao-de-berco-omega-baby-d18-70x130x10#primaryimage"},"image":{"@id":"https:\/\/lucaseletro.com.br\/?product=colchao-de-berco-omega-baby-d18-70x130x10#primaryimage"},"thumbnailUrl":"https:\/\/lucaseletro.com.br\/wp-content\/uploads\/2024\/07\/colchao_berco_omega_baby.webp","datePublished":"2024-07-30T19:57:06+00:00","dateModified":"2024-09-23T18:13:10+00:00","description":"Colch\u00e3o Ber\u00e7o \u00d4mega Baby 0,70- Fabricante: Vale do A\u00e7o- Cor \u00fanica- Poli\u00e9ster- Espuma D18- Padr\u00e3o americanoDimens\u00f5esAltura: 10 cmLargura: 70 cmProfundidade: 130 cm","breadcrumb":{"@id":"https:\/\/lucaseletro.com.br\/?product=colchao-de-berco-omega-baby-d18-70x130x10#breadcrumb"},"inLanguage":"pt-BR","potentialAction":[{"@type":"ReadAction","target":["https:\/\/lucaseletro.com.br\/?product=colchao-de-berco-omega-baby-d18-70x130x10"]}]},{"@type":"ImageObject","inLanguage":"pt-BR","@id":"https:\/\/lucaseletro.com.br\/?product=colchao-de-berco-omega-baby-d18-70x130x10#primaryimage","url":"https:\/\/lucaseletro.com.br\/wp-content\/uploads\/2024\/07\/colchao_berco_omega_baby.webp","contentUrl":"https:\/\/lucaseletro.com.br\/wp-content\/uploads\/2024\/07\/colchao_berco_omega_baby.webp","width":1000,"height":1000},{"@type":"BreadcrumbList","@id":"https:\/\/lucaseletro.com.br\/?product=colchao-de-berco-omega-baby-d18-70x130x10#breadcrumb","itemListElement":[{"@type":"ListItem","position":1,"name":"In\u00edcio","item":"https:\/\/lucaseletro.com.br\/"},{"@type":"ListItem","position":2,"name":"Loja","item":"https:\/\/lucaseletro.com.br\/?page_id=11"},{"@type":"ListItem","position":3,"name":"COLCHAO DE BER\u00c7O OMEGA BABY D18 70X130X10"}]},{"@type":"WebSite","@id":"https:\/\/lucaseletro.com.br\/#website","url":"https:\/\/lucaseletro.com.br\/","name":"Lucas Eletro","description":"Realizando seus sonhos","publisher":{"@id":"https:\/\/lucaseletro.com.br\/#organization"},"alternateName":"Lucas Eletro","potentialAction":[{"@type":"SearchAction","target":{"@type":"EntryPoint","urlTemplate":"https:\/\/lucaseletro.com.br\/?s={search_term_string}"},"query-input":{"@type":"PropertyValueSpecification","valueRequired":true,"valueName":"search_term_string"}}],"inLanguage":"pt-BR"},{"@type":"Organization","@id":"https:\/\/lucaseletro.com.br\/#organization","name":"Lucas Eletro","alternateName":"Lucas Eletro","url":"https:\/\/lucaseletro.com.br\/","logo":{"@type":"ImageObject","inLanguage":"pt-BR","@id":"https:\/\/lucaseletro.com.br\/#\/schema\/logo\/image\/","url":"https:\/\/lucaseletro.com.br\/wp-content\/uploads\/2024\/08\/Logo-WebP.webp","contentUrl":"https:\/\/lucaseletro.com.br\/wp-content\/uploads\/2024\/08\/Logo-WebP.webp","width":1366,"height":457,"caption":"Lucas Eletro"},"image":{"@id":"https:\/\/lucaseletro.com.br\/#\/schema\/logo\/image\/"},"sameAs":["https:\/\/www.facebook.com\/lucas.eletro.71"]}]},"product_price_amount":"139.00","product_price_currency":"BRL","og_availability":"instock","product_availability":"instock","product_condition":"new"},"_links":{"self":[{"href":"https:\/\/lucaseletro.com.br\/index.php?rest_route=\/wp\/v2\/product\/2911","targetHints":{"allow":["GET"]}}],"collection":[{"href":"https:\/\/lucaseletro.com.br\/index.php?rest_route=\/wp\/v2\/product"}],"about":[{"href":"https:\/\/lucaseletro.com.br\/index.php?rest_route=\/wp\/v2\/types\/product"}],"replies":[{"embeddable":true,"href":"https:\/\/lucaseletro.com.br\/index.php?rest_route=%2Fwp%2Fv2%2Fcomments&post=2911"}],"wp:featuredmedia":[{"embeddable":true,"href":"https:\/\/lucaseletro.com.br\/index.php?rest_route=\/wp\/v2\/media\/3639"}],"wp:attachment":[{"href":"https:\/\/lucaseletro.com.br\/index.php?rest_route=%2Fwp%2Fv2%2Fmedia&parent=2911"}],"wp:term":[{"taxonomy":"product_brand","embeddable":true,"href":"https:\/\/lucaseletro.com.br\/index.php?rest_route=%2Fwp%2Fv2%2Fproduct_brand&post=2911"},{"taxonomy":"product_cat","embeddable":true,"href":"https:\/\/lucaseletro.com.br\/index.php?rest_route=%2Fwp%2Fv2%2Fproduct_cat&post=2911"},{"taxonomy":"product_tag","embeddable":true,"href":"https:\/\/lucaseletro.com.br\/index.php?rest_route=%2Fwp%2Fv2%2Fproduct_tag&post=2911"}],"curies":[{"name":"wp","href":"https:\/\/api.w.org\/{rel}","templated":true}]}}