{"id":2913,"date":"2024-07-30T16:57:06","date_gmt":"2024-07-30T19:57:06","guid":{"rendered":"https:\/\/lucaseletro.com.br\/product\/colchao-casca-de-ovo-solteiro-ortobom\/"},"modified":"2024-09-23T15:19:58","modified_gmt":"2024-09-23T18:19:58","slug":"colchao-casca-de-ovo-solteiro-ortobom","status":"publish","type":"product","link":"https:\/\/lucaseletro.com.br\/?product=colchao-casca-de-ovo-solteiro-ortobom","title":{"rendered":"COLCHAO CASCA DE OVO SOLTEIRO ORTOBOM"},"content":{"rendered":"<h2 class=\"ui-pdp-description__title\">Descri\u00e7\u00e3o<\/h2>\n<p class=\"ui-pdp-description__content\">Aten\u00e7\u00e3o: modelo do an\u00fancio \u00e9 de solteiro medida 088&#215;188 com 6 cm de altura.<\/p>\n<p>Colch\u00e3o Colchonete de Espuma Perfilada Massageadora<\/p>\n<p>Deixe seu quarto ainda mais confort\u00e1vel com a Manta Perfilada Massageadora. A manta garante muito mais conforto na hora de dormir, tamb\u00e9m conhecido como Casca ou Caixa de Ovo, \u00e9 usado em cima do colch\u00e3o, proporcionando maciez, conforto, benef\u00edcios \u00e0 sa\u00fade e ao bem estar! Indicado para pessoas que permanecem deitadas e acamadas por um per\u00edodo extenso.<br \/>\nCom seu formato ondulado, os pontos da espuma estimulam a circula\u00e7\u00e3o sangu\u00ednea, proporcionando um al\u00edvio da tens\u00e3o muscular.<\/p>\n<p>&#8211; O colch\u00e3o caixa de ovo serve para preven\u00e7\u00e3o e coadjuvante no tratamento da \u00falcera de press\u00e3o (escaras).<br \/>\n&#8211; Pessoas que permanecem deitadas por longos per\u00edodos.<br \/>\n&#8211; Convalescen\u00e7a de p\u00f3s-operat\u00f3rio.<br \/>\n&#8211; Hospitalar e residencial<\/p>\n","protected":false},"excerpt":{"rendered":"<h2 class=\"ui-pdp-description__title\">Descri\u00e7\u00e3o<\/h2>\n<p class=\"ui-pdp-description__content\">Aten\u00e7\u00e3o: modelo do an\u00fancio \u00e9 de solteiro medida 088&#215;188 com 6 cm de altura.<\/p>\n<p>Colch\u00e3o Colchonete de Espuma Perfilada Massageadora<\/p>\n<p>Deixe seu quarto ainda mais confort\u00e1vel com a Manta Perfilada Massageadora. A manta garante muito mais conforto na hora de dormir, tamb\u00e9m conhecido como Casca ou Caixa de Ovo, \u00e9 usado em cima do colch\u00e3o, proporcionando maciez, conforto, benef\u00edcios \u00e0 sa\u00fade e ao bem estar! Indicado para pessoas que permanecem deitadas e acamadas por um per\u00edodo extenso.<br \/>\nCom seu formato ondulado, os pontos da espuma estimulam a circula\u00e7\u00e3o sangu\u00ednea, proporcionando um al\u00edvio da tens\u00e3o muscular.<\/p>\n<p>&#8211; O colch\u00e3o caixa de ovo serve para preven\u00e7\u00e3o e coadjuvante no tratamento da \u00falcera de press\u00e3o (escaras).<br \/>\n&#8211; Pessoas que permanecem deitadas por longos per\u00edodos.<br \/>\n&#8211; Convalescen\u00e7a de p\u00f3s-operat\u00f3rio.<br \/>\n&#8211; Hospitalar e residencial<\/p>\n","protected":false},"featured_media":3644,"comment_status":"open","ping_status":"closed","template":"","meta":[],"product_brand":[],"product_cat":[82],"product_tag":[],"class_list":{"0":"post-2913","1":"product","2":"type-product","3":"status-publish","4":"has-post-thumbnail","6":"product_cat-colchoes","8":"first","9":"instock","10":"shipping-taxable","11":"purchasable","12":"product-type-simple"},"yoast_head":"<!-- This site is optimized with the Yoast SEO Premium plugin v23.3 (Yoast SEO v27.5) - https:\/\/yoast.com\/product\/yoast-seo-premium-wordpress\/ -->\n<title>COLCHAO CASCA DE OVO SOLTEIRO ORTOBOM - Lucas Eletro<\/title>\n<meta name=\"description\" content=\"Deixe seu quarto ainda mais confort\u00e1vel com a Manta Perfilada Massageadora. A manta garante muito mais conforto na hora de dormir, tamb\u00e9m conhecido como Casca ou Caixa de Ovo, \u00e9 usado em cima do colch\u00e3o, proporcionando maciez, conforto, benef\u00edcios \u00e0 sa\u00fade e ao bem estar! Indicado para pessoas que permanecem deitadas e acamadas por um per\u00edodo extenso.\" \/>\n<meta name=\"robots\" content=\"index, follow, max-snippet:-1, max-image-preview:large, max-video-preview:-1\" \/>\n<link rel=\"canonical\" href=\"https:\/\/lucaseletro.com.br\/?product=colchao-casca-de-ovo-solteiro-ortobom\" \/>\n<meta property=\"og:locale\" content=\"pt_BR\" \/>\n<meta property=\"og:type\" content=\"article\" \/>\n<meta property=\"og:title\" content=\"COLCHAO CASCA DE OVO SOLTEIRO ORTOBOM - &#082;&#036;99,00 - Lucas Eletro\" \/>\n<meta property=\"og:description\" content=\"Descri\u00e7\u00e3o Aten\u00e7\u00e3o: modelo do an\u00fancio \u00e9 de solteiro medida 088x188 com 6 cm de altura. Colch\u00e3o Colchonete de Espuma Perfilada Massageadora  Deixe seu quarto ainda mais confort\u00e1vel com a Manta Perfilada Massageadora. A manta garante muito mais conforto na hora de dormir, tamb\u00e9m conhecido como Casca ou Caixa de Ovo, \u00e9 usado em cima do colch\u00e3o, proporcionando maciez, conforto, benef\u00edcios \u00e0 sa\u00fade e ao bem estar! Indicado para pessoas que permanecem deitadas e acamadas por um per\u00edodo extenso. Com seu formato ondulado, os pontos da espuma estimulam a circula\u00e7\u00e3o sangu\u00ednea, proporcionando um al\u00edvio da tens\u00e3o muscular.  - O colch\u00e3o caixa de ovo serve para preven\u00e7\u00e3o e coadjuvante no tratamento da \u00falcera de press\u00e3o (escaras). - Pessoas que permanecem deitadas por longos per\u00edodos. - Convalescen\u00e7a de p\u00f3s-operat\u00f3rio. - Hospitalar e residencial\" \/>\n<meta property=\"og:url\" content=\"https:\/\/lucaseletro.com.br\/?product=colchao-casca-de-ovo-solteiro-ortobom\" \/>\n<meta property=\"og:site_name\" content=\"Lucas Eletro\" \/>\n<meta property=\"article:publisher\" content=\"https:\/\/www.facebook.com\/lucas.eletro.71\" \/>\n<meta property=\"article:modified_time\" content=\"2024-09-23T18:19:58+00:00\" \/>\n<meta property=\"og:image\" content=\"https:\/\/lucaseletro.com.br\/wp-content\/uploads\/2024\/07\/D_NQ_NP_2X_723407-MLB54953348099_042023-F.webp\" \/>\n\t<meta property=\"og:image:width\" content=\"652\" \/>\n\t<meta property=\"og:image:height\" content=\"811\" \/>\n\t<meta property=\"og:image:type\" content=\"image\/webp\" \/>\n<meta name=\"twitter:card\" content=\"summary_large_image\" \/>\n<meta name=\"twitter:label1\" content=\"Pre\u00e7o\" \/>\n\t<meta name=\"twitter:data1\" content=\"&#082;&#036;99,00\" \/>\n\t<meta name=\"twitter:label2\" content=\"Disponibilidade\" \/>\n\t<meta name=\"twitter:data2\" content=\"Em Estoque\" \/>\n<script type=\"application\/ld+json\" class=\"yoast-schema-graph\">{\"@context\":\"https:\\\/\\\/schema.org\",\"@graph\":[{\"@type\":\"WebPage\",\"@id\":\"https:\\\/\\\/lucaseletro.com.br\\\/?product=colchao-casca-de-ovo-solteiro-ortobom\",\"url\":\"https:\\\/\\\/lucaseletro.com.br\\\/?product=colchao-casca-de-ovo-solteiro-ortobom\",\"name\":\"COLCHAO CASCA DE OVO SOLTEIRO ORTOBOM - Lucas Eletro\",\"isPartOf\":{\"@id\":\"https:\\\/\\\/lucaseletro.com.br\\\/#website\"},\"primaryImageOfPage\":{\"@id\":\"https:\\\/\\\/lucaseletro.com.br\\\/?product=colchao-casca-de-ovo-solteiro-ortobom#primaryimage\"},\"image\":{\"@id\":\"https:\\\/\\\/lucaseletro.com.br\\\/?product=colchao-casca-de-ovo-solteiro-ortobom#primaryimage\"},\"thumbnailUrl\":\"https:\\\/\\\/lucaseletro.com.br\\\/wp-content\\\/uploads\\\/2024\\\/07\\\/D_NQ_NP_2X_723407-MLB54953348099_042023-F.webp\",\"datePublished\":\"2024-07-30T19:57:06+00:00\",\"dateModified\":\"2024-09-23T18:19:58+00:00\",\"description\":\"Deixe seu quarto ainda mais confort\u00e1vel com a Manta Perfilada Massageadora. A manta garante muito mais conforto na hora de dormir, tamb\u00e9m conhecido como Casca ou Caixa de Ovo, \u00e9 usado em cima do colch\u00e3o, proporcionando maciez, conforto, benef\u00edcios \u00e0 sa\u00fade e ao bem estar! Indicado para pessoas que permanecem deitadas e acamadas por um per\u00edodo extenso.\",\"breadcrumb\":{\"@id\":\"https:\\\/\\\/lucaseletro.com.br\\\/?product=colchao-casca-de-ovo-solteiro-ortobom#breadcrumb\"},\"inLanguage\":\"pt-BR\",\"potentialAction\":[{\"@type\":\"ReadAction\",\"target\":[\"https:\\\/\\\/lucaseletro.com.br\\\/?product=colchao-casca-de-ovo-solteiro-ortobom\"]}]},{\"@type\":\"ImageObject\",\"inLanguage\":\"pt-BR\",\"@id\":\"https:\\\/\\\/lucaseletro.com.br\\\/?product=colchao-casca-de-ovo-solteiro-ortobom#primaryimage\",\"url\":\"https:\\\/\\\/lucaseletro.com.br\\\/wp-content\\\/uploads\\\/2024\\\/07\\\/D_NQ_NP_2X_723407-MLB54953348099_042023-F.webp\",\"contentUrl\":\"https:\\\/\\\/lucaseletro.com.br\\\/wp-content\\\/uploads\\\/2024\\\/07\\\/D_NQ_NP_2X_723407-MLB54953348099_042023-F.webp\",\"width\":652,\"height\":811},{\"@type\":\"BreadcrumbList\",\"@id\":\"https:\\\/\\\/lucaseletro.com.br\\\/?product=colchao-casca-de-ovo-solteiro-ortobom#breadcrumb\",\"itemListElement\":[{\"@type\":\"ListItem\",\"position\":1,\"name\":\"In\u00edcio\",\"item\":\"https:\\\/\\\/lucaseletro.com.br\\\/\"},{\"@type\":\"ListItem\",\"position\":2,\"name\":\"Loja\",\"item\":\"https:\\\/\\\/lucaseletro.com.br\\\/?page_id=11\"},{\"@type\":\"ListItem\",\"position\":3,\"name\":\"COLCHAO CASCA DE OVO SOLTEIRO ORTOBOM\"}]},{\"@type\":\"WebSite\",\"@id\":\"https:\\\/\\\/lucaseletro.com.br\\\/#website\",\"url\":\"https:\\\/\\\/lucaseletro.com.br\\\/\",\"name\":\"Lucas Eletro\",\"description\":\"Realizando seus sonhos\",\"publisher\":{\"@id\":\"https:\\\/\\\/lucaseletro.com.br\\\/#organization\"},\"alternateName\":\"Lucas Eletro\",\"potentialAction\":[{\"@type\":\"SearchAction\",\"target\":{\"@type\":\"EntryPoint\",\"urlTemplate\":\"https:\\\/\\\/lucaseletro.com.br\\\/?s={search_term_string}\"},\"query-input\":{\"@type\":\"PropertyValueSpecification\",\"valueRequired\":true,\"valueName\":\"search_term_string\"}}],\"inLanguage\":\"pt-BR\"},{\"@type\":\"Organization\",\"@id\":\"https:\\\/\\\/lucaseletro.com.br\\\/#organization\",\"name\":\"Lucas Eletro\",\"alternateName\":\"Lucas Eletro\",\"url\":\"https:\\\/\\\/lucaseletro.com.br\\\/\",\"logo\":{\"@type\":\"ImageObject\",\"inLanguage\":\"pt-BR\",\"@id\":\"https:\\\/\\\/lucaseletro.com.br\\\/#\\\/schema\\\/logo\\\/image\\\/\",\"url\":\"https:\\\/\\\/lucaseletro.com.br\\\/wp-content\\\/uploads\\\/2024\\\/08\\\/Logo-WebP.webp\",\"contentUrl\":\"https:\\\/\\\/lucaseletro.com.br\\\/wp-content\\\/uploads\\\/2024\\\/08\\\/Logo-WebP.webp\",\"width\":1366,\"height\":457,\"caption\":\"Lucas Eletro\"},\"image\":{\"@id\":\"https:\\\/\\\/lucaseletro.com.br\\\/#\\\/schema\\\/logo\\\/image\\\/\"},\"sameAs\":[\"https:\\\/\\\/www.facebook.com\\\/lucas.eletro.71\"]}]}<\/script>\n<meta property=\"product:price:amount\" content=\"99.00\" \/>\n<meta property=\"product:price:currency\" content=\"BRL\" \/>\n<meta property=\"og:availability\" content=\"instock\" \/>\n<meta property=\"product:availability\" content=\"instock\" \/>\n<meta property=\"product:condition\" content=\"new\" \/>\n<!-- \/ Yoast SEO Premium plugin. -->","yoast_head_json":{"title":"COLCHAO CASCA DE OVO SOLTEIRO ORTOBOM - Lucas Eletro","description":"Deixe seu quarto ainda mais confort\u00e1vel com a Manta Perfilada Massageadora. A manta garante muito mais conforto na hora de dormir, tamb\u00e9m conhecido como Casca ou Caixa de Ovo, \u00e9 usado em cima do colch\u00e3o, proporcionando maciez, conforto, benef\u00edcios \u00e0 sa\u00fade e ao bem estar! Indicado para pessoas que permanecem deitadas e acamadas por um per\u00edodo extenso.","robots":{"index":"index","follow":"follow","max-snippet":"max-snippet:-1","max-image-preview":"max-image-preview:large","max-video-preview":"max-video-preview:-1"},"canonical":"https:\/\/lucaseletro.com.br\/?product=colchao-casca-de-ovo-solteiro-ortobom","og_locale":"pt_BR","og_type":"article","og_title":"COLCHAO CASCA DE OVO SOLTEIRO ORTOBOM - &#82;&#36;99,00 - Lucas Eletro","og_description":"Descri\u00e7\u00e3o Aten\u00e7\u00e3o: modelo do an\u00fancio \u00e9 de solteiro medida 088x188 com 6 cm de altura. Colch\u00e3o Colchonete de Espuma Perfilada Massageadora  Deixe seu quarto ainda mais confort\u00e1vel com a Manta Perfilada Massageadora. A manta garante muito mais conforto na hora de dormir, tamb\u00e9m conhecido como Casca ou Caixa de Ovo, \u00e9 usado em cima do colch\u00e3o, proporcionando maciez, conforto, benef\u00edcios \u00e0 sa\u00fade e ao bem estar! Indicado para pessoas que permanecem deitadas e acamadas por um per\u00edodo extenso. Com seu formato ondulado, os pontos da espuma estimulam a circula\u00e7\u00e3o sangu\u00ednea, proporcionando um al\u00edvio da tens\u00e3o muscular.  - O colch\u00e3o caixa de ovo serve para preven\u00e7\u00e3o e coadjuvante no tratamento da \u00falcera de press\u00e3o (escaras). - Pessoas que permanecem deitadas por longos per\u00edodos. - Convalescen\u00e7a de p\u00f3s-operat\u00f3rio. - Hospitalar e residencial","og_url":"https:\/\/lucaseletro.com.br\/?product=colchao-casca-de-ovo-solteiro-ortobom","og_site_name":"Lucas Eletro","article_publisher":"https:\/\/www.facebook.com\/lucas.eletro.71","article_modified_time":"2024-09-23T18:19:58+00:00","og_image":[{"width":652,"height":811,"url":"https:\/\/lucaseletro.com.br\/wp-content\/uploads\/2024\/07\/D_NQ_NP_2X_723407-MLB54953348099_042023-F.webp","type":"image\/webp"}],"twitter_card":"summary_large_image","twitter_misc":{"Pre\u00e7o":"&#82;&#36;99,00","Disponibilidade":"Em Estoque"},"schema":{"@context":"https:\/\/schema.org","@graph":[{"@type":"WebPage","@id":"https:\/\/lucaseletro.com.br\/?product=colchao-casca-de-ovo-solteiro-ortobom","url":"https:\/\/lucaseletro.com.br\/?product=colchao-casca-de-ovo-solteiro-ortobom","name":"COLCHAO CASCA DE OVO SOLTEIRO ORTOBOM - Lucas Eletro","isPartOf":{"@id":"https:\/\/lucaseletro.com.br\/#website"},"primaryImageOfPage":{"@id":"https:\/\/lucaseletro.com.br\/?product=colchao-casca-de-ovo-solteiro-ortobom#primaryimage"},"image":{"@id":"https:\/\/lucaseletro.com.br\/?product=colchao-casca-de-ovo-solteiro-ortobom#primaryimage"},"thumbnailUrl":"https:\/\/lucaseletro.com.br\/wp-content\/uploads\/2024\/07\/D_NQ_NP_2X_723407-MLB54953348099_042023-F.webp","datePublished":"2024-07-30T19:57:06+00:00","dateModified":"2024-09-23T18:19:58+00:00","description":"Deixe seu quarto ainda mais confort\u00e1vel com a Manta Perfilada Massageadora. A manta garante muito mais conforto na hora de dormir, tamb\u00e9m conhecido como Casca ou Caixa de Ovo, \u00e9 usado em cima do colch\u00e3o, proporcionando maciez, conforto, benef\u00edcios \u00e0 sa\u00fade e ao bem estar! Indicado para pessoas que permanecem deitadas e acamadas por um per\u00edodo extenso.","breadcrumb":{"@id":"https:\/\/lucaseletro.com.br\/?product=colchao-casca-de-ovo-solteiro-ortobom#breadcrumb"},"inLanguage":"pt-BR","potentialAction":[{"@type":"ReadAction","target":["https:\/\/lucaseletro.com.br\/?product=colchao-casca-de-ovo-solteiro-ortobom"]}]},{"@type":"ImageObject","inLanguage":"pt-BR","@id":"https:\/\/lucaseletro.com.br\/?product=colchao-casca-de-ovo-solteiro-ortobom#primaryimage","url":"https:\/\/lucaseletro.com.br\/wp-content\/uploads\/2024\/07\/D_NQ_NP_2X_723407-MLB54953348099_042023-F.webp","contentUrl":"https:\/\/lucaseletro.com.br\/wp-content\/uploads\/2024\/07\/D_NQ_NP_2X_723407-MLB54953348099_042023-F.webp","width":652,"height":811},{"@type":"BreadcrumbList","@id":"https:\/\/lucaseletro.com.br\/?product=colchao-casca-de-ovo-solteiro-ortobom#breadcrumb","itemListElement":[{"@type":"ListItem","position":1,"name":"In\u00edcio","item":"https:\/\/lucaseletro.com.br\/"},{"@type":"ListItem","position":2,"name":"Loja","item":"https:\/\/lucaseletro.com.br\/?page_id=11"},{"@type":"ListItem","position":3,"name":"COLCHAO CASCA DE OVO SOLTEIRO ORTOBOM"}]},{"@type":"WebSite","@id":"https:\/\/lucaseletro.com.br\/#website","url":"https:\/\/lucaseletro.com.br\/","name":"Lucas Eletro","description":"Realizando seus sonhos","publisher":{"@id":"https:\/\/lucaseletro.com.br\/#organization"},"alternateName":"Lucas Eletro","potentialAction":[{"@type":"SearchAction","target":{"@type":"EntryPoint","urlTemplate":"https:\/\/lucaseletro.com.br\/?s={search_term_string}"},"query-input":{"@type":"PropertyValueSpecification","valueRequired":true,"valueName":"search_term_string"}}],"inLanguage":"pt-BR"},{"@type":"Organization","@id":"https:\/\/lucaseletro.com.br\/#organization","name":"Lucas Eletro","alternateName":"Lucas Eletro","url":"https:\/\/lucaseletro.com.br\/","logo":{"@type":"ImageObject","inLanguage":"pt-BR","@id":"https:\/\/lucaseletro.com.br\/#\/schema\/logo\/image\/","url":"https:\/\/lucaseletro.com.br\/wp-content\/uploads\/2024\/08\/Logo-WebP.webp","contentUrl":"https:\/\/lucaseletro.com.br\/wp-content\/uploads\/2024\/08\/Logo-WebP.webp","width":1366,"height":457,"caption":"Lucas Eletro"},"image":{"@id":"https:\/\/lucaseletro.com.br\/#\/schema\/logo\/image\/"},"sameAs":["https:\/\/www.facebook.com\/lucas.eletro.71"]}]},"product_price_amount":"99.00","product_price_currency":"BRL","og_availability":"instock","product_availability":"instock","product_condition":"new"},"_links":{"self":[{"href":"https:\/\/lucaseletro.com.br\/index.php?rest_route=\/wp\/v2\/product\/2913","targetHints":{"allow":["GET"]}}],"collection":[{"href":"https:\/\/lucaseletro.com.br\/index.php?rest_route=\/wp\/v2\/product"}],"about":[{"href":"https:\/\/lucaseletro.com.br\/index.php?rest_route=\/wp\/v2\/types\/product"}],"replies":[{"embeddable":true,"href":"https:\/\/lucaseletro.com.br\/index.php?rest_route=%2Fwp%2Fv2%2Fcomments&post=2913"}],"wp:featuredmedia":[{"embeddable":true,"href":"https:\/\/lucaseletro.com.br\/index.php?rest_route=\/wp\/v2\/media\/3644"}],"wp:attachment":[{"href":"https:\/\/lucaseletro.com.br\/index.php?rest_route=%2Fwp%2Fv2%2Fmedia&parent=2913"}],"wp:term":[{"taxonomy":"product_brand","embeddable":true,"href":"https:\/\/lucaseletro.com.br\/index.php?rest_route=%2Fwp%2Fv2%2Fproduct_brand&post=2913"},{"taxonomy":"product_cat","embeddable":true,"href":"https:\/\/lucaseletro.com.br\/index.php?rest_route=%2Fwp%2Fv2%2Fproduct_cat&post=2913"},{"taxonomy":"product_tag","embeddable":true,"href":"https:\/\/lucaseletro.com.br\/index.php?rest_route=%2Fwp%2Fv2%2Fproduct_tag&post=2913"}],"curies":[{"name":"wp","href":"https:\/\/api.w.org\/{rel}","templated":true}]}}