{"id":2925,"date":"2024-07-30T16:57:10","date_gmt":"2024-07-30T19:57:10","guid":{"rendered":"https:\/\/lucaseletro.com.br\/product\/chapinha-alisadora-taiff-super-mini200g\/"},"modified":"2024-09-18T16:35:34","modified_gmt":"2024-09-18T19:35:34","slug":"chapinha-alisadora-taiff-super-mini200g","status":"publish","type":"product","link":"https:\/\/lucaseletro.com.br\/?product=chapinha-alisadora-taiff-super-mini200g","title":{"rendered":"CHAPINHA ALISADORA TAIFF SUPER MINI200G"},"content":{"rendered":"<h2 class=\"sc-kpDqfm ivZCgz\" data-testid=\"product-detail-label\">Informa\u00e7\u00f5es do Produto<\/h2>\n<p><span class=\"sc-kpDqfm qhIEo\" data-testid=\"product-detail-title\">654166 Chapinha De Cabelo Mini Taiff Supermini Preta 110v\/230v<\/span><\/p>\n<div class=\"sc-fqkvVR heuZyN sc-eGqbUM iJJQQV\" data-testid=\"product-detail-description\">\n<div class=\"sc-fqkvVR hlqElk sc-gwPoFG kVkROZ\" data-testid=\"rich-content-container\">Ol\u00e1 Sejam Bem Vindos \u00e1 VirtualeshoppingChapinha | Prancha Taiff Supermini 200\u00b0C &#8211; Preto- Ideal para finalizar penteados.- Perfeita para retocar cabelos de todos os tipos, formas e comprimentos.- Alcan\u00e7a at\u00e9 os fios mais dif\u00edceis, perto da raiz.- Possui apenas 17cm, sendo a menor chapa profissional do mercado.- Leveza.- Portabilidade.- Versatilidade.- Agilidade.Tempo de aquecimento 60 segundosPot\u00eancia (W) 25Voltagem Bivolt autom\u00e1ticoCor PretoTemperatura m\u00e1xima (\u00b0C) 200Comprimento do fio 1,80 mConsumo (kw\/h) 0,055Garantia &#8211; 6 mesesTipo de Tomada 10A (4mm)Tipo de Plugue 2 PinosConte\u00fado da Embalagem &#8211; 1 Chapinha | Prancha Taiff Supermini 200\u00b0C &#8211; Pretocodigo 654166<\/div>\n<\/div>\n","protected":false},"excerpt":{"rendered":"<div class=\"sc-fqkvVR clbOvz sc-idHWdX fRTTwi\" data-testid=\"product-detail\">\n<h2 class=\"sc-kpDqfm ivZCgz\" data-testid=\"product-detail-label\">Informa\u00e7\u00f5es do Produto<\/h2>\n<p><span class=\"sc-kpDqfm qhIEo\" data-testid=\"product-detail-title\">654166 Chapinha De Cabelo Mini Taiff Supermini Preta 110v\/230v<\/span><\/p>\n<div class=\"sc-fqkvVR heuZyN sc-eGqbUM iJJQQV\" data-testid=\"product-detail-description\">\n<div class=\"sc-fqkvVR hlqElk sc-gwPoFG kVkROZ\" data-testid=\"rich-content-container\">Ol\u00e1 Sejam Bem Vindos \u00e1 VirtualeshoppingChapinha | Prancha Taiff Supermini 200\u00b0C &#8211; Preto- Ideal para finalizar penteados.- Perfeita para retocar cabelos de todos os tipos, formas e comprimentos.- Alcan\u00e7a at\u00e9 os fios mais dif\u00edceis, perto da raiz.- Possui apenas 17cm, sendo a menor chapa profissional do mercado.- Leveza.- Portabilidade.- Versatilidade.- Agilidade.Tempo de aquecimento 60 segundosPot\u00eancia (W) 25Voltagem Bivolt autom\u00e1ticoCor PretoTemperatura m\u00e1xima (\u00b0C) 200Comprimento do fio 1,80 mConsumo (kw\/h) 0,055Garantia &#8211; 6 mesesTipo de Tomada 10A (4mm)Tipo de Plugue 2 PinosConte\u00fado da Embalagem &#8211; 1 Chapinha | Prancha Taiff Supermini 200\u00b0C &#8211; Pretocodigo 654166<\/div>\n<\/div>\n<\/div>\n<div class=\"sc-fqkvVR hlqElk\" data-testid=\"lazyload-container\">\n<div class=\"sc-dcJsrY dlXJDa\" data-testid=\"mod-y\"><\/div>\n<\/div>\n<div class=\"sc-fqkvVR dESRav sc-lbldtA hVZZZH\">\n<table class=\"sc-fqkvVR dUvaSJ sc-iowXnY cLYDWA\">\n<tbody>\n<tr>\n<td class=\"sc-fscmHZ kXoYjo\">Informa\u00e7\u00f5es complementares<\/td>\n<td class=\"sc-bWJUgm flViUP\">\n<table class=\"sc-lfYzqA gdcOCn\">\n<tbody>\n<tr>\n<td class=\"sc-kpKSZj hUuUDN\">Cor<\/td>\n<td>Preto<\/td>\n<\/tr>\n<tr>\n<td class=\"sc-kpKSZj hUuUDN\">Marca<\/td>\n<td><a class=\"sc-hCPjZK iZCfsc sc-ijDOKB gmWSOd sc-ijDOKB gmWSOd\" href=\"https:\/\/www.magazineluiza.com.br\/marcas\/taiff\/\" data-testid=\"link\">Taiff<\/a><\/td>\n<\/tr>\n<tr>\n<td class=\"sc-kpKSZj hUuUDN\">Modelo<\/td>\n<td>Supermini<\/td>\n<\/tr>\n<tr>\n<td class=\"sc-kpKSZj hUuUDN\">Tipo<\/td>\n<td>Mini<\/td>\n<\/tr>\n<tr>\n<td class=\"sc-kpKSZj hUuUDN\">Uso<\/td>\n<td>Profissional<\/td>\n<\/tr>\n<tr>\n<td class=\"sc-kpKSZj hUuUDN\">Voltagem<\/td>\n<td>Bivolt<\/td>\n<\/tr>\n<\/tbody>\n<\/table>\n<\/td>\n<\/tr>\n<\/tbody>\n<\/table>\n<\/div>\n","protected":false},"featured_media":3614,"comment_status":"open","ping_status":"closed","template":"","meta":[],"product_brand":[],"product_cat":[61,15],"product_tag":[],"class_list":{"0":"post-2925","1":"product","2":"type-product","3":"status-publish","4":"has-post-thumbnail","6":"product_cat-eletricos","7":"product_cat-semcategoria","9":"first","10":"instock","11":"shipping-taxable","12":"purchasable","13":"product-type-simple"},"yoast_head":"<!-- This site is optimized with the Yoast SEO Premium plugin v23.3 (Yoast SEO v27.4) - https:\/\/yoast.com\/product\/yoast-seo-premium-wordpress\/ -->\n<title>CHAPINHA ALISADORA TAIFF SUPER MINI200G - Lucas Eletro<\/title>\n<meta name=\"description\" content=\"Informa\u00e7\u00f5es do Produto654166 Chapinha De Cabelo Mini Taiff Supermini Preta 110v\/230vOl\u00e1 Sejam Bem Vindos \u00e1 VirtualeshoppingChapinha | Prancha Taiff Supermini 200\u00b0C - Preto- Ideal para finalizar penteados.- Perfeita para retocar cabelos de todos os tipos, formas e comprimentos.- Alcan\u00e7a at\u00e9 os fios mais dif\u00edceis, perto da raiz.- Possui apenas 17cm, sendo a menor chapa profissional do mercado.- Leveza.- Portabilidade.- Versatilidade.- Agilidade.Tempo de aquecimento 60 segundosPot\u00eancia (W) 25Voltagem Bivolt autom\u00e1ticoCor PretoTemperatura m\u00e1xima (\u00b0C) 200Comprimento do fio 1,80 mConsumo (kw\/h) 0,055Garantia - 6 mesesTipo de Tomada 10A (4mm)Tipo de Plugue 2 PinosConte\u00fado da Embalagem - 1 Chapinha | Prancha Taiff Supermini 200\u00b0C - Pretocodigo 654166\" \/>\n<meta name=\"robots\" content=\"index, follow, max-snippet:-1, max-image-preview:large, max-video-preview:-1\" \/>\n<link rel=\"canonical\" href=\"https:\/\/lucaseletro.com.br\/?product=chapinha-alisadora-taiff-super-mini200g\" \/>\n<meta property=\"og:locale\" content=\"pt_BR\" \/>\n<meta property=\"og:type\" content=\"article\" \/>\n<meta property=\"og:title\" content=\"CHAPINHA ALISADORA TAIFF SUPER MINI200G - &#082;&#036;229,00 - Lucas Eletro\" \/>\n<meta property=\"og:description\" content=\"Informa\u00e7\u00f5es do Produto 654166 Chapinha De Cabelo Mini Taiff Supermini Preta 110v\/230v  Ol\u00e1 Sejam Bem Vindos \u00e1 VirtualeshoppingChapinha | Prancha Taiff Supermini 200\u00b0C - Preto- Ideal para finalizar penteados.- Perfeita para retocar cabelos de todos os tipos, formas e comprimentos.- Alcan\u00e7a at\u00e9 os fios mais dif\u00edceis, perto da raiz.- Possui apenas 17cm, sendo a menor chapa profissional do mercado.- Leveza.- Portabilidade.- Versatilidade.- Agilidade.Tempo de aquecimento 60 segundosPot\u00eancia (W) 25Voltagem Bivolt autom\u00e1ticoCor PretoTemperatura m\u00e1xima (\u00b0C) 200Comprimento do fio 1,80 mConsumo (kw\/h) 0,055Garantia - 6 mesesTipo de Tomada 10A (4mm)Tipo de Plugue 2 PinosConte\u00fado da Embalagem - 1 Chapinha | Prancha Taiff Supermini 200\u00b0C - Pretocodigo 654166          Informa\u00e7\u00f5es complementares     Cor Preto   Marca Taiff   Modelo Supermini   Tipo Mini   Uso Profissional   Voltagem Bivolt\" \/>\n<meta property=\"og:url\" content=\"https:\/\/lucaseletro.com.br\/?product=chapinha-alisadora-taiff-super-mini200g\" \/>\n<meta property=\"og:site_name\" content=\"Lucas Eletro\" \/>\n<meta property=\"article:publisher\" content=\"https:\/\/www.facebook.com\/lucas.eletro.71\" \/>\n<meta property=\"article:modified_time\" content=\"2024-09-18T19:35:34+00:00\" \/>\n<meta property=\"og:image\" content=\"https:\/\/lucaseletro.com.br\/wp-content\/uploads\/2024\/07\/4d847393917e20de9195ea163bdb7ffa.webp\" \/>\n\t<meta property=\"og:image:width\" content=\"1500\" \/>\n\t<meta property=\"og:image:height\" content=\"1044\" \/>\n\t<meta property=\"og:image:type\" content=\"image\/webp\" \/>\n<meta name=\"twitter:card\" content=\"summary_large_image\" \/>\n<meta name=\"twitter:label1\" content=\"Pre\u00e7o\" \/>\n\t<meta name=\"twitter:data1\" content=\"&#082;&#036;229,00\" \/>\n\t<meta name=\"twitter:label2\" content=\"Disponibilidade\" \/>\n\t<meta name=\"twitter:data2\" content=\"Em Estoque\" \/>\n<script type=\"application\/ld+json\" class=\"yoast-schema-graph\">{\"@context\":\"https:\\\/\\\/schema.org\",\"@graph\":[{\"@type\":\"WebPage\",\"@id\":\"https:\\\/\\\/lucaseletro.com.br\\\/?product=chapinha-alisadora-taiff-super-mini200g\",\"url\":\"https:\\\/\\\/lucaseletro.com.br\\\/?product=chapinha-alisadora-taiff-super-mini200g\",\"name\":\"CHAPINHA ALISADORA TAIFF SUPER MINI200G - Lucas Eletro\",\"isPartOf\":{\"@id\":\"https:\\\/\\\/lucaseletro.com.br\\\/#website\"},\"primaryImageOfPage\":{\"@id\":\"https:\\\/\\\/lucaseletro.com.br\\\/?product=chapinha-alisadora-taiff-super-mini200g#primaryimage\"},\"image\":{\"@id\":\"https:\\\/\\\/lucaseletro.com.br\\\/?product=chapinha-alisadora-taiff-super-mini200g#primaryimage\"},\"thumbnailUrl\":\"https:\\\/\\\/lucaseletro.com.br\\\/wp-content\\\/uploads\\\/2024\\\/07\\\/4d847393917e20de9195ea163bdb7ffa.webp\",\"datePublished\":\"2024-07-30T19:57:10+00:00\",\"dateModified\":\"2024-09-18T19:35:34+00:00\",\"description\":\"Informa\u00e7\u00f5es do Produto654166 Chapinha De Cabelo Mini Taiff Supermini Preta 110v\\\/230vOl\u00e1 Sejam Bem Vindos \u00e1 VirtualeshoppingChapinha | Prancha Taiff Supermini 200\u00b0C - Preto- Ideal para finalizar penteados.- Perfeita para retocar cabelos de todos os tipos, formas e comprimentos.- Alcan\u00e7a at\u00e9 os fios mais dif\u00edceis, perto da raiz.- Possui apenas 17cm, sendo a menor chapa profissional do mercado.- Leveza.- Portabilidade.- Versatilidade.- Agilidade.Tempo de aquecimento 60 segundosPot\u00eancia (W) 25Voltagem Bivolt autom\u00e1ticoCor PretoTemperatura m\u00e1xima (\u00b0C) 200Comprimento do fio 1,80 mConsumo (kw\\\/h) 0,055Garantia - 6 mesesTipo de Tomada 10A (4mm)Tipo de Plugue 2 PinosConte\u00fado da Embalagem - 1 Chapinha | Prancha Taiff Supermini 200\u00b0C - Pretocodigo 654166\",\"breadcrumb\":{\"@id\":\"https:\\\/\\\/lucaseletro.com.br\\\/?product=chapinha-alisadora-taiff-super-mini200g#breadcrumb\"},\"inLanguage\":\"pt-BR\",\"potentialAction\":[{\"@type\":\"ReadAction\",\"target\":[\"https:\\\/\\\/lucaseletro.com.br\\\/?product=chapinha-alisadora-taiff-super-mini200g\"]}]},{\"@type\":\"ImageObject\",\"inLanguage\":\"pt-BR\",\"@id\":\"https:\\\/\\\/lucaseletro.com.br\\\/?product=chapinha-alisadora-taiff-super-mini200g#primaryimage\",\"url\":\"https:\\\/\\\/lucaseletro.com.br\\\/wp-content\\\/uploads\\\/2024\\\/07\\\/4d847393917e20de9195ea163bdb7ffa.webp\",\"contentUrl\":\"https:\\\/\\\/lucaseletro.com.br\\\/wp-content\\\/uploads\\\/2024\\\/07\\\/4d847393917e20de9195ea163bdb7ffa.webp\",\"width\":1500,\"height\":1044},{\"@type\":\"BreadcrumbList\",\"@id\":\"https:\\\/\\\/lucaseletro.com.br\\\/?product=chapinha-alisadora-taiff-super-mini200g#breadcrumb\",\"itemListElement\":[{\"@type\":\"ListItem\",\"position\":1,\"name\":\"In\u00edcio\",\"item\":\"https:\\\/\\\/lucaseletro.com.br\\\/\"},{\"@type\":\"ListItem\",\"position\":2,\"name\":\"Loja\",\"item\":\"https:\\\/\\\/lucaseletro.com.br\\\/?page_id=11\"},{\"@type\":\"ListItem\",\"position\":3,\"name\":\"CHAPINHA ALISADORA TAIFF SUPER MINI200G\"}]},{\"@type\":\"WebSite\",\"@id\":\"https:\\\/\\\/lucaseletro.com.br\\\/#website\",\"url\":\"https:\\\/\\\/lucaseletro.com.br\\\/\",\"name\":\"Lucas Eletro\",\"description\":\"Realizando seus sonhos\",\"publisher\":{\"@id\":\"https:\\\/\\\/lucaseletro.com.br\\\/#organization\"},\"alternateName\":\"Lucas Eletro\",\"potentialAction\":[{\"@type\":\"SearchAction\",\"target\":{\"@type\":\"EntryPoint\",\"urlTemplate\":\"https:\\\/\\\/lucaseletro.com.br\\\/?s={search_term_string}\"},\"query-input\":{\"@type\":\"PropertyValueSpecification\",\"valueRequired\":true,\"valueName\":\"search_term_string\"}}],\"inLanguage\":\"pt-BR\"},{\"@type\":\"Organization\",\"@id\":\"https:\\\/\\\/lucaseletro.com.br\\\/#organization\",\"name\":\"Lucas Eletro\",\"alternateName\":\"Lucas Eletro\",\"url\":\"https:\\\/\\\/lucaseletro.com.br\\\/\",\"logo\":{\"@type\":\"ImageObject\",\"inLanguage\":\"pt-BR\",\"@id\":\"https:\\\/\\\/lucaseletro.com.br\\\/#\\\/schema\\\/logo\\\/image\\\/\",\"url\":\"https:\\\/\\\/lucaseletro.com.br\\\/wp-content\\\/uploads\\\/2024\\\/08\\\/Logo-WebP.webp\",\"contentUrl\":\"https:\\\/\\\/lucaseletro.com.br\\\/wp-content\\\/uploads\\\/2024\\\/08\\\/Logo-WebP.webp\",\"width\":1366,\"height\":457,\"caption\":\"Lucas Eletro\"},\"image\":{\"@id\":\"https:\\\/\\\/lucaseletro.com.br\\\/#\\\/schema\\\/logo\\\/image\\\/\"},\"sameAs\":[\"https:\\\/\\\/www.facebook.com\\\/lucas.eletro.71\"]}]}<\/script>\n<meta property=\"product:price:amount\" content=\"229.00\" \/>\n<meta property=\"product:price:currency\" content=\"BRL\" \/>\n<meta property=\"og:availability\" content=\"instock\" \/>\n<meta property=\"product:availability\" content=\"instock\" \/>\n<meta property=\"product:condition\" content=\"new\" \/>\n<!-- \/ Yoast SEO Premium plugin. -->","yoast_head_json":{"title":"CHAPINHA ALISADORA TAIFF SUPER MINI200G - Lucas Eletro","description":"Informa\u00e7\u00f5es do Produto654166 Chapinha De Cabelo Mini Taiff Supermini Preta 110v\/230vOl\u00e1 Sejam Bem Vindos \u00e1 VirtualeshoppingChapinha | Prancha Taiff Supermini 200\u00b0C - Preto- Ideal para finalizar penteados.- Perfeita para retocar cabelos de todos os tipos, formas e comprimentos.- Alcan\u00e7a at\u00e9 os fios mais dif\u00edceis, perto da raiz.- Possui apenas 17cm, sendo a menor chapa profissional do mercado.- Leveza.- Portabilidade.- Versatilidade.- Agilidade.Tempo de aquecimento 60 segundosPot\u00eancia (W) 25Voltagem Bivolt autom\u00e1ticoCor PretoTemperatura m\u00e1xima (\u00b0C) 200Comprimento do fio 1,80 mConsumo (kw\/h) 0,055Garantia - 6 mesesTipo de Tomada 10A (4mm)Tipo de Plugue 2 PinosConte\u00fado da Embalagem - 1 Chapinha | Prancha Taiff Supermini 200\u00b0C - Pretocodigo 654166","robots":{"index":"index","follow":"follow","max-snippet":"max-snippet:-1","max-image-preview":"max-image-preview:large","max-video-preview":"max-video-preview:-1"},"canonical":"https:\/\/lucaseletro.com.br\/?product=chapinha-alisadora-taiff-super-mini200g","og_locale":"pt_BR","og_type":"article","og_title":"CHAPINHA ALISADORA TAIFF SUPER MINI200G - &#82;&#36;229,00 - Lucas Eletro","og_description":"Informa\u00e7\u00f5es do Produto 654166 Chapinha De Cabelo Mini Taiff Supermini Preta 110v\/230v  Ol\u00e1 Sejam Bem Vindos \u00e1 VirtualeshoppingChapinha | Prancha Taiff Supermini 200\u00b0C - Preto- Ideal para finalizar penteados.- Perfeita para retocar cabelos de todos os tipos, formas e comprimentos.- Alcan\u00e7a at\u00e9 os fios mais dif\u00edceis, perto da raiz.- Possui apenas 17cm, sendo a menor chapa profissional do mercado.- Leveza.- Portabilidade.- Versatilidade.- Agilidade.Tempo de aquecimento 60 segundosPot\u00eancia (W) 25Voltagem Bivolt autom\u00e1ticoCor PretoTemperatura m\u00e1xima (\u00b0C) 200Comprimento do fio 1,80 mConsumo (kw\/h) 0,055Garantia - 6 mesesTipo de Tomada 10A (4mm)Tipo de Plugue 2 PinosConte\u00fado da Embalagem - 1 Chapinha | Prancha Taiff Supermini 200\u00b0C - Pretocodigo 654166          Informa\u00e7\u00f5es complementares     Cor Preto   Marca Taiff   Modelo Supermini   Tipo Mini   Uso Profissional   Voltagem Bivolt","og_url":"https:\/\/lucaseletro.com.br\/?product=chapinha-alisadora-taiff-super-mini200g","og_site_name":"Lucas Eletro","article_publisher":"https:\/\/www.facebook.com\/lucas.eletro.71","article_modified_time":"2024-09-18T19:35:34+00:00","og_image":[{"width":1500,"height":1044,"url":"https:\/\/lucaseletro.com.br\/wp-content\/uploads\/2024\/07\/4d847393917e20de9195ea163bdb7ffa.webp","type":"image\/webp"}],"twitter_card":"summary_large_image","twitter_misc":{"Pre\u00e7o":"&#82;&#36;229,00","Disponibilidade":"Em Estoque"},"schema":{"@context":"https:\/\/schema.org","@graph":[{"@type":"WebPage","@id":"https:\/\/lucaseletro.com.br\/?product=chapinha-alisadora-taiff-super-mini200g","url":"https:\/\/lucaseletro.com.br\/?product=chapinha-alisadora-taiff-super-mini200g","name":"CHAPINHA ALISADORA TAIFF SUPER MINI200G - Lucas Eletro","isPartOf":{"@id":"https:\/\/lucaseletro.com.br\/#website"},"primaryImageOfPage":{"@id":"https:\/\/lucaseletro.com.br\/?product=chapinha-alisadora-taiff-super-mini200g#primaryimage"},"image":{"@id":"https:\/\/lucaseletro.com.br\/?product=chapinha-alisadora-taiff-super-mini200g#primaryimage"},"thumbnailUrl":"https:\/\/lucaseletro.com.br\/wp-content\/uploads\/2024\/07\/4d847393917e20de9195ea163bdb7ffa.webp","datePublished":"2024-07-30T19:57:10+00:00","dateModified":"2024-09-18T19:35:34+00:00","description":"Informa\u00e7\u00f5es do Produto654166 Chapinha De Cabelo Mini Taiff Supermini Preta 110v\/230vOl\u00e1 Sejam Bem Vindos \u00e1 VirtualeshoppingChapinha | Prancha Taiff Supermini 200\u00b0C - Preto- Ideal para finalizar penteados.- Perfeita para retocar cabelos de todos os tipos, formas e comprimentos.- Alcan\u00e7a at\u00e9 os fios mais dif\u00edceis, perto da raiz.- Possui apenas 17cm, sendo a menor chapa profissional do mercado.- Leveza.- Portabilidade.- Versatilidade.- Agilidade.Tempo de aquecimento 60 segundosPot\u00eancia (W) 25Voltagem Bivolt autom\u00e1ticoCor PretoTemperatura m\u00e1xima (\u00b0C) 200Comprimento do fio 1,80 mConsumo (kw\/h) 0,055Garantia - 6 mesesTipo de Tomada 10A (4mm)Tipo de Plugue 2 PinosConte\u00fado da Embalagem - 1 Chapinha | Prancha Taiff Supermini 200\u00b0C - Pretocodigo 654166","breadcrumb":{"@id":"https:\/\/lucaseletro.com.br\/?product=chapinha-alisadora-taiff-super-mini200g#breadcrumb"},"inLanguage":"pt-BR","potentialAction":[{"@type":"ReadAction","target":["https:\/\/lucaseletro.com.br\/?product=chapinha-alisadora-taiff-super-mini200g"]}]},{"@type":"ImageObject","inLanguage":"pt-BR","@id":"https:\/\/lucaseletro.com.br\/?product=chapinha-alisadora-taiff-super-mini200g#primaryimage","url":"https:\/\/lucaseletro.com.br\/wp-content\/uploads\/2024\/07\/4d847393917e20de9195ea163bdb7ffa.webp","contentUrl":"https:\/\/lucaseletro.com.br\/wp-content\/uploads\/2024\/07\/4d847393917e20de9195ea163bdb7ffa.webp","width":1500,"height":1044},{"@type":"BreadcrumbList","@id":"https:\/\/lucaseletro.com.br\/?product=chapinha-alisadora-taiff-super-mini200g#breadcrumb","itemListElement":[{"@type":"ListItem","position":1,"name":"In\u00edcio","item":"https:\/\/lucaseletro.com.br\/"},{"@type":"ListItem","position":2,"name":"Loja","item":"https:\/\/lucaseletro.com.br\/?page_id=11"},{"@type":"ListItem","position":3,"name":"CHAPINHA ALISADORA TAIFF SUPER MINI200G"}]},{"@type":"WebSite","@id":"https:\/\/lucaseletro.com.br\/#website","url":"https:\/\/lucaseletro.com.br\/","name":"Lucas Eletro","description":"Realizando seus sonhos","publisher":{"@id":"https:\/\/lucaseletro.com.br\/#organization"},"alternateName":"Lucas Eletro","potentialAction":[{"@type":"SearchAction","target":{"@type":"EntryPoint","urlTemplate":"https:\/\/lucaseletro.com.br\/?s={search_term_string}"},"query-input":{"@type":"PropertyValueSpecification","valueRequired":true,"valueName":"search_term_string"}}],"inLanguage":"pt-BR"},{"@type":"Organization","@id":"https:\/\/lucaseletro.com.br\/#organization","name":"Lucas Eletro","alternateName":"Lucas Eletro","url":"https:\/\/lucaseletro.com.br\/","logo":{"@type":"ImageObject","inLanguage":"pt-BR","@id":"https:\/\/lucaseletro.com.br\/#\/schema\/logo\/image\/","url":"https:\/\/lucaseletro.com.br\/wp-content\/uploads\/2024\/08\/Logo-WebP.webp","contentUrl":"https:\/\/lucaseletro.com.br\/wp-content\/uploads\/2024\/08\/Logo-WebP.webp","width":1366,"height":457,"caption":"Lucas Eletro"},"image":{"@id":"https:\/\/lucaseletro.com.br\/#\/schema\/logo\/image\/"},"sameAs":["https:\/\/www.facebook.com\/lucas.eletro.71"]}]},"product_price_amount":"229.00","product_price_currency":"BRL","og_availability":"instock","product_availability":"instock","product_condition":"new"},"_links":{"self":[{"href":"https:\/\/lucaseletro.com.br\/index.php?rest_route=\/wp\/v2\/product\/2925","targetHints":{"allow":["GET"]}}],"collection":[{"href":"https:\/\/lucaseletro.com.br\/index.php?rest_route=\/wp\/v2\/product"}],"about":[{"href":"https:\/\/lucaseletro.com.br\/index.php?rest_route=\/wp\/v2\/types\/product"}],"replies":[{"embeddable":true,"href":"https:\/\/lucaseletro.com.br\/index.php?rest_route=%2Fwp%2Fv2%2Fcomments&post=2925"}],"wp:featuredmedia":[{"embeddable":true,"href":"https:\/\/lucaseletro.com.br\/index.php?rest_route=\/wp\/v2\/media\/3614"}],"wp:attachment":[{"href":"https:\/\/lucaseletro.com.br\/index.php?rest_route=%2Fwp%2Fv2%2Fmedia&parent=2925"}],"wp:term":[{"taxonomy":"product_brand","embeddable":true,"href":"https:\/\/lucaseletro.com.br\/index.php?rest_route=%2Fwp%2Fv2%2Fproduct_brand&post=2925"},{"taxonomy":"product_cat","embeddable":true,"href":"https:\/\/lucaseletro.com.br\/index.php?rest_route=%2Fwp%2Fv2%2Fproduct_cat&post=2925"},{"taxonomy":"product_tag","embeddable":true,"href":"https:\/\/lucaseletro.com.br\/index.php?rest_route=%2Fwp%2Fv2%2Fproduct_tag&post=2925"}],"curies":[{"name":"wp","href":"https:\/\/api.w.org\/{rel}","templated":true}]}}