{"id":2941,"date":"2024-07-30T16:57:18","date_gmt":"2024-07-30T19:57:18","guid":{"rendered":"https:\/\/lucaseletro.com.br\/product\/capa-maquina-de-lavar-15kg\/"},"modified":"2024-09-16T10:26:28","modified_gmt":"2024-09-16T13:26:28","slug":"capa-maquina-de-lavar-15kg","status":"publish","type":"product","link":"https:\/\/lucaseletro.com.br\/?product=capa-maquina-de-lavar-15kg","title":{"rendered":"CAPA MAQUINA DE LAVAR 15KG"},"content":{"rendered":"<p>Capa de M\u00e1quina com abertura superior<br \/>\nA capa protege sua m\u00e1quina em todos os instantes. Seu material \u00e9 totalmente imperme\u00e1vel com interior flanelada proporciona prote\u00e7\u00f5es contra sol, chuva e desgaste do dia a dia. A parte superior possui abertura e fechamento em z\u00edper, facilitando o uso da m\u00e1quina , sem a necessidade de remo\u00e7\u00e3o da capa, protegendo sua m\u00e1quina em todo o tempo.<\/p>\n","protected":false},"excerpt":{"rendered":"<div class=\"ui-pdp-container__row ui-pdp-container__row--highlighted-specs-title\">\n<h2 class=\"ui-vpp-text-alignment--left ui-pdp-color--BLACK ui-pdp-size--XLARGE ui-pdp-family--REGULAR highlighted-specs-title\">Caracter\u00edsticas do produto<\/h2>\n<\/div>\n<div class=\"ui-pdp-container__row ui-pdp-container__row--technical-specifications\">\n<div class=\"ui-pdp-collapsable ui-vpp-highlighted-specs__striped-collapsed__action\">\n<div class=\"ui-pdp-collapsable__container\">\n<div class=\"ui-vpp-highlighted-specs__striped-specs\">\n<div class=\"ui-vpp-striped-specs\">\n<div class=\"ui-vpp-striped-specs__table\">\n<h3 class=\"ui-vpp-striped-specs__header\">Caracter\u00edsticas principais<\/h3>\n<table class=\"andes-table\">\n<tbody class=\"andes-table__body\">\n<tr class=\"andes-table__row ui-vpp-striped-specs__row\">\n<th class=\"andes-table__header andes-table__header--left ui-vpp-striped-specs__row__column ui-vpp-striped-specs__row__column--id\" scope=\"row\">\n<div class=\"andes-table__header__container\">Marca<\/div>\n<\/th>\n<td id=\":R197lbkql9im:\" class=\"andes-table__column andes-table__column--left andes-table__column--vertical-align-center ui-vpp-striped-specs__row__column\"><span id=\":R197lbkql9im:-value\" class=\"andes-table__column--value\">Perfil Capas<\/span><\/td>\n<\/tr>\n<tr class=\"andes-table__row ui-vpp-striped-specs__row\">\n<th class=\"andes-table__header andes-table__header--left ui-vpp-striped-specs__row__column ui-vpp-striped-specs__row__column--id\" scope=\"row\">\n<div class=\"andes-table__header__container\">Modelo<\/div>\n<\/th>\n<td id=\":R19blbkql9im:\" class=\"andes-table__column andes-table__column--left andes-table__column--vertical-align-center ui-vpp-striped-specs__row__column\"><span id=\":R19blbkql9im:-value\" class=\"andes-table__column--value\">Courino, Flanelada<\/span><\/td>\n<\/tr>\n<tr class=\"andes-table__row ui-vpp-striped-specs__row\">\n<th class=\"andes-table__header andes-table__header--left ui-vpp-striped-specs__row__column ui-vpp-striped-specs__row__column--id\" scope=\"row\">\n<div class=\"andes-table__header__container\">Tipo de carga<\/div>\n<\/th>\n<td id=\":R19flbkql9im:\" class=\"andes-table__column andes-table__column--left andes-table__column--vertical-align-center ui-vpp-striped-specs__row__column\"><span id=\":R19flbkql9im:-value\" class=\"andes-table__column--value\">Superior<\/span><\/td>\n<\/tr>\n<tr class=\"andes-table__row ui-vpp-striped-specs__row\">\n<th class=\"andes-table__header andes-table__header--left ui-vpp-striped-specs__row__column ui-vpp-striped-specs__row__column--id\" scope=\"row\">\n<div class=\"andes-table__header__container\">Altura x Largura x Profundidade<\/div>\n<\/th>\n<td id=\":R19jlbkql9im:\" class=\"andes-table__column andes-table__column--left andes-table__column--vertical-align-center ui-vpp-striped-specs__row__column\"><span id=\":R19jlbkql9im:-value\" class=\"andes-table__column--value\">98 cm x 63 cm x 63 cm<\/span><\/td>\n<\/tr>\n<tr class=\"andes-table__row ui-vpp-striped-specs__row\">\n<th class=\"andes-table__header andes-table__header--left ui-vpp-striped-specs__row__column ui-vpp-striped-specs__row__column--id\" scope=\"row\">\n<div class=\"andes-table__header__container\">Di\u00e2metro<\/div>\n<\/th>\n<td id=\":R19nlbkql9im:\" class=\"andes-table__column andes-table__column--left andes-table__column--vertical-align-center ui-vpp-striped-specs__row__column\"><span id=\":R19nlbkql9im:-value\" class=\"andes-table__column--value\">63 cm<\/span><\/td>\n<\/tr>\n<\/tbody>\n<\/table>\n<\/div>\n<\/div>\n<div class=\"ui-vpp-striped-specs\">\n<div class=\"ui-vpp-striped-specs__table\">\n<h3 class=\"ui-vpp-striped-specs__header\">Outras caracter\u00edsticas<\/h3>\n<table class=\"andes-table\">\n<tbody class=\"andes-table__body\">\n<tr class=\"andes-table__row ui-vpp-striped-specs__row\">\n<th class=\"andes-table__header andes-table__header--left ui-vpp-striped-specs__row__column ui-vpp-striped-specs__row__column--id\" scope=\"row\">\n<div class=\"andes-table__header__container\">Forma<\/div>\n<\/th>\n<td id=\":Rknmbkql9im:\" class=\"andes-table__column andes-table__column--left andes-table__column--vertical-align-center ui-vpp-striped-specs__row__column\"><span id=\":Rknmbkql9im:-value\" class=\"andes-table__column--value\">Retangular<\/span><\/td>\n<\/tr>\n<tr class=\"andes-table__row ui-vpp-striped-specs__row\">\n<th class=\"andes-table__header andes-table__header--left ui-vpp-striped-specs__row__column ui-vpp-striped-specs__row__column--id\" scope=\"row\">\n<div class=\"andes-table__header__container\">Material<\/div>\n<\/th>\n<td id=\":Rkrmbkql9im:\" class=\"andes-table__column andes-table__column--left andes-table__column--vertical-align-center ui-vpp-striped-specs__row__column\"><span id=\":Rkrmbkql9im:-value\" class=\"andes-table__column--value\">Courino<\/span><\/td>\n<\/tr>\n<tr class=\"andes-table__row ui-vpp-striped-specs__row\">\n<th class=\"andes-table__header andes-table__header--left ui-vpp-striped-specs__row__column ui-vpp-striped-specs__row__column--id\" scope=\"row\">\n<div class=\"andes-table__header__container\">\u00c9 imperme\u00e1vel<\/div>\n<\/th>\n<td id=\":Rkvmbkql9im:\" class=\"andes-table__column andes-table__column--left andes-table__column--vertical-align-center ui-vpp-striped-specs__row__column\"><span id=\":Rkvmbkql9im:-value\" class=\"andes-table__column--value\">Sim<\/span><\/td>\n<\/tr>\n<\/tbody>\n<\/table>\n<\/div>\n<\/div>\n<\/div>\n<\/div>\n<\/div>\n<\/div>\n","protected":false},"featured_media":3598,"comment_status":"open","ping_status":"closed","template":"","meta":[],"product_brand":[],"product_cat":[60],"product_tag":[],"class_list":{"0":"post-2941","1":"product","2":"type-product","3":"status-publish","4":"has-post-thumbnail","6":"product_cat-utilidades-domesticas","8":"first","9":"instock","10":"shipping-taxable","11":"purchasable","12":"product-type-simple"},"yoast_head":"<!-- This site is optimized with the Yoast SEO Premium plugin v23.3 (Yoast SEO v27.5) - https:\/\/yoast.com\/product\/yoast-seo-premium-wordpress\/ -->\n<title>CAPA MAQUINA DE LAVAR 15KG - Lucas Eletro<\/title>\n<meta name=\"description\" content=\"Capa de M\u00e1quina com abertura superiorA capa protege sua m\u00e1quina em todos os instantes. Seu material \u00e9 totalmente imperme\u00e1vel com interior flanelada proporciona prote\u00e7\u00f5es contra sol, chuva e desgaste do dia a dia. A parte superior possui abertura e fechamento em z\u00edper, facilitando o uso da m\u00e1quina , sem a necessidade de remo\u00e7\u00e3o da capa, protegendo sua m\u00e1quina em todo o tempo.\" \/>\n<meta name=\"robots\" content=\"index, follow, max-snippet:-1, max-image-preview:large, max-video-preview:-1\" \/>\n<link rel=\"canonical\" href=\"https:\/\/lucaseletro.com.br\/?product=capa-maquina-de-lavar-15kg\" \/>\n<meta property=\"og:locale\" content=\"pt_BR\" \/>\n<meta property=\"og:type\" content=\"article\" \/>\n<meta property=\"og:title\" content=\"CAPA MAQUINA DE LAVAR 15KG - &#082;&#036;75,00 - Lucas Eletro\" \/>\n<meta property=\"og:description\" content=\"Caracter\u00edsticas do produto        Caracter\u00edsticas principais     Marca Perfil Capas    Modelo Courino, Flanelada    Tipo de carga Superior    Altura x Largura x Profundidade 98 cm x 63 cm x 63 cm    Di\u00e2metro 63 cm        Outras caracter\u00edsticas     Forma Retangular    Material Courino    \u00c9 imperme\u00e1vel Sim\" \/>\n<meta property=\"og:url\" content=\"https:\/\/lucaseletro.com.br\/?product=capa-maquina-de-lavar-15kg\" \/>\n<meta property=\"og:site_name\" content=\"Lucas Eletro\" \/>\n<meta property=\"article:publisher\" content=\"https:\/\/www.facebook.com\/lucas.eletro.71\" \/>\n<meta property=\"article:modified_time\" content=\"2024-09-16T13:26:28+00:00\" \/>\n<meta property=\"og:image\" content=\"https:\/\/lucaseletro.com.br\/wp-content\/uploads\/2024\/07\/capa-p-maquina-lavadora-brastemp-15-kg-bwd-15-ab.webp\" \/>\n\t<meta property=\"og:image:width\" content=\"580\" \/>\n\t<meta property=\"og:image:height\" content=\"580\" \/>\n\t<meta property=\"og:image:type\" content=\"image\/webp\" \/>\n<meta name=\"twitter:card\" content=\"summary_large_image\" \/>\n<meta name=\"twitter:label1\" content=\"Pre\u00e7o\" \/>\n\t<meta name=\"twitter:data1\" content=\"&#082;&#036;75,00\" \/>\n\t<meta name=\"twitter:label2\" content=\"Disponibilidade\" \/>\n\t<meta name=\"twitter:data2\" content=\"Em Estoque\" \/>\n<script type=\"application\/ld+json\" class=\"yoast-schema-graph\">{\"@context\":\"https:\\\/\\\/schema.org\",\"@graph\":[{\"@type\":\"WebPage\",\"@id\":\"https:\\\/\\\/lucaseletro.com.br\\\/?product=capa-maquina-de-lavar-15kg\",\"url\":\"https:\\\/\\\/lucaseletro.com.br\\\/?product=capa-maquina-de-lavar-15kg\",\"name\":\"CAPA MAQUINA DE LAVAR 15KG - Lucas Eletro\",\"isPartOf\":{\"@id\":\"https:\\\/\\\/lucaseletro.com.br\\\/#website\"},\"primaryImageOfPage\":{\"@id\":\"https:\\\/\\\/lucaseletro.com.br\\\/?product=capa-maquina-de-lavar-15kg#primaryimage\"},\"image\":{\"@id\":\"https:\\\/\\\/lucaseletro.com.br\\\/?product=capa-maquina-de-lavar-15kg#primaryimage\"},\"thumbnailUrl\":\"https:\\\/\\\/lucaseletro.com.br\\\/wp-content\\\/uploads\\\/2024\\\/07\\\/capa-p-maquina-lavadora-brastemp-15-kg-bwd-15-ab.webp\",\"datePublished\":\"2024-07-30T19:57:18+00:00\",\"dateModified\":\"2024-09-16T13:26:28+00:00\",\"description\":\"Capa de M\u00e1quina com abertura superiorA capa protege sua m\u00e1quina em todos os instantes. Seu material \u00e9 totalmente imperme\u00e1vel com interior flanelada proporciona prote\u00e7\u00f5es contra sol, chuva e desgaste do dia a dia. A parte superior possui abertura e fechamento em z\u00edper, facilitando o uso da m\u00e1quina , sem a necessidade de remo\u00e7\u00e3o da capa, protegendo sua m\u00e1quina em todo o tempo.\",\"breadcrumb\":{\"@id\":\"https:\\\/\\\/lucaseletro.com.br\\\/?product=capa-maquina-de-lavar-15kg#breadcrumb\"},\"inLanguage\":\"pt-BR\",\"potentialAction\":[{\"@type\":\"ReadAction\",\"target\":[\"https:\\\/\\\/lucaseletro.com.br\\\/?product=capa-maquina-de-lavar-15kg\"]}]},{\"@type\":\"ImageObject\",\"inLanguage\":\"pt-BR\",\"@id\":\"https:\\\/\\\/lucaseletro.com.br\\\/?product=capa-maquina-de-lavar-15kg#primaryimage\",\"url\":\"https:\\\/\\\/lucaseletro.com.br\\\/wp-content\\\/uploads\\\/2024\\\/07\\\/capa-p-maquina-lavadora-brastemp-15-kg-bwd-15-ab.webp\",\"contentUrl\":\"https:\\\/\\\/lucaseletro.com.br\\\/wp-content\\\/uploads\\\/2024\\\/07\\\/capa-p-maquina-lavadora-brastemp-15-kg-bwd-15-ab.webp\",\"width\":580,\"height\":580},{\"@type\":\"BreadcrumbList\",\"@id\":\"https:\\\/\\\/lucaseletro.com.br\\\/?product=capa-maquina-de-lavar-15kg#breadcrumb\",\"itemListElement\":[{\"@type\":\"ListItem\",\"position\":1,\"name\":\"In\u00edcio\",\"item\":\"https:\\\/\\\/lucaseletro.com.br\\\/\"},{\"@type\":\"ListItem\",\"position\":2,\"name\":\"Loja\",\"item\":\"https:\\\/\\\/lucaseletro.com.br\\\/?page_id=11\"},{\"@type\":\"ListItem\",\"position\":3,\"name\":\"CAPA MAQUINA DE LAVAR 15KG\"}]},{\"@type\":\"WebSite\",\"@id\":\"https:\\\/\\\/lucaseletro.com.br\\\/#website\",\"url\":\"https:\\\/\\\/lucaseletro.com.br\\\/\",\"name\":\"Lucas Eletro\",\"description\":\"Realizando seus sonhos\",\"publisher\":{\"@id\":\"https:\\\/\\\/lucaseletro.com.br\\\/#organization\"},\"alternateName\":\"Lucas Eletro\",\"potentialAction\":[{\"@type\":\"SearchAction\",\"target\":{\"@type\":\"EntryPoint\",\"urlTemplate\":\"https:\\\/\\\/lucaseletro.com.br\\\/?s={search_term_string}\"},\"query-input\":{\"@type\":\"PropertyValueSpecification\",\"valueRequired\":true,\"valueName\":\"search_term_string\"}}],\"inLanguage\":\"pt-BR\"},{\"@type\":\"Organization\",\"@id\":\"https:\\\/\\\/lucaseletro.com.br\\\/#organization\",\"name\":\"Lucas Eletro\",\"alternateName\":\"Lucas Eletro\",\"url\":\"https:\\\/\\\/lucaseletro.com.br\\\/\",\"logo\":{\"@type\":\"ImageObject\",\"inLanguage\":\"pt-BR\",\"@id\":\"https:\\\/\\\/lucaseletro.com.br\\\/#\\\/schema\\\/logo\\\/image\\\/\",\"url\":\"https:\\\/\\\/lucaseletro.com.br\\\/wp-content\\\/uploads\\\/2024\\\/08\\\/Logo-WebP.webp\",\"contentUrl\":\"https:\\\/\\\/lucaseletro.com.br\\\/wp-content\\\/uploads\\\/2024\\\/08\\\/Logo-WebP.webp\",\"width\":1366,\"height\":457,\"caption\":\"Lucas Eletro\"},\"image\":{\"@id\":\"https:\\\/\\\/lucaseletro.com.br\\\/#\\\/schema\\\/logo\\\/image\\\/\"},\"sameAs\":[\"https:\\\/\\\/www.facebook.com\\\/lucas.eletro.71\"]}]}<\/script>\n<meta property=\"product:price:amount\" content=\"75.00\" \/>\n<meta property=\"product:price:currency\" content=\"BRL\" \/>\n<meta property=\"og:availability\" content=\"instock\" \/>\n<meta property=\"product:availability\" content=\"instock\" \/>\n<meta property=\"product:condition\" content=\"new\" \/>\n<!-- \/ Yoast SEO Premium plugin. -->","yoast_head_json":{"title":"CAPA MAQUINA DE LAVAR 15KG - Lucas Eletro","description":"Capa de M\u00e1quina com abertura superiorA capa protege sua m\u00e1quina em todos os instantes. Seu material \u00e9 totalmente imperme\u00e1vel com interior flanelada proporciona prote\u00e7\u00f5es contra sol, chuva e desgaste do dia a dia. A parte superior possui abertura e fechamento em z\u00edper, facilitando o uso da m\u00e1quina , sem a necessidade de remo\u00e7\u00e3o da capa, protegendo sua m\u00e1quina em todo o tempo.","robots":{"index":"index","follow":"follow","max-snippet":"max-snippet:-1","max-image-preview":"max-image-preview:large","max-video-preview":"max-video-preview:-1"},"canonical":"https:\/\/lucaseletro.com.br\/?product=capa-maquina-de-lavar-15kg","og_locale":"pt_BR","og_type":"article","og_title":"CAPA MAQUINA DE LAVAR 15KG - &#82;&#36;75,00 - Lucas Eletro","og_description":"Caracter\u00edsticas do produto        Caracter\u00edsticas principais     Marca Perfil Capas    Modelo Courino, Flanelada    Tipo de carga Superior    Altura x Largura x Profundidade 98 cm x 63 cm x 63 cm    Di\u00e2metro 63 cm        Outras caracter\u00edsticas     Forma Retangular    Material Courino    \u00c9 imperme\u00e1vel Sim","og_url":"https:\/\/lucaseletro.com.br\/?product=capa-maquina-de-lavar-15kg","og_site_name":"Lucas Eletro","article_publisher":"https:\/\/www.facebook.com\/lucas.eletro.71","article_modified_time":"2024-09-16T13:26:28+00:00","og_image":[{"width":580,"height":580,"url":"https:\/\/lucaseletro.com.br\/wp-content\/uploads\/2024\/07\/capa-p-maquina-lavadora-brastemp-15-kg-bwd-15-ab.webp","type":"image\/webp"}],"twitter_card":"summary_large_image","twitter_misc":{"Pre\u00e7o":"&#82;&#36;75,00","Disponibilidade":"Em Estoque"},"schema":{"@context":"https:\/\/schema.org","@graph":[{"@type":"WebPage","@id":"https:\/\/lucaseletro.com.br\/?product=capa-maquina-de-lavar-15kg","url":"https:\/\/lucaseletro.com.br\/?product=capa-maquina-de-lavar-15kg","name":"CAPA MAQUINA DE LAVAR 15KG - Lucas Eletro","isPartOf":{"@id":"https:\/\/lucaseletro.com.br\/#website"},"primaryImageOfPage":{"@id":"https:\/\/lucaseletro.com.br\/?product=capa-maquina-de-lavar-15kg#primaryimage"},"image":{"@id":"https:\/\/lucaseletro.com.br\/?product=capa-maquina-de-lavar-15kg#primaryimage"},"thumbnailUrl":"https:\/\/lucaseletro.com.br\/wp-content\/uploads\/2024\/07\/capa-p-maquina-lavadora-brastemp-15-kg-bwd-15-ab.webp","datePublished":"2024-07-30T19:57:18+00:00","dateModified":"2024-09-16T13:26:28+00:00","description":"Capa de M\u00e1quina com abertura superiorA capa protege sua m\u00e1quina em todos os instantes. Seu material \u00e9 totalmente imperme\u00e1vel com interior flanelada proporciona prote\u00e7\u00f5es contra sol, chuva e desgaste do dia a dia. A parte superior possui abertura e fechamento em z\u00edper, facilitando o uso da m\u00e1quina , sem a necessidade de remo\u00e7\u00e3o da capa, protegendo sua m\u00e1quina em todo o tempo.","breadcrumb":{"@id":"https:\/\/lucaseletro.com.br\/?product=capa-maquina-de-lavar-15kg#breadcrumb"},"inLanguage":"pt-BR","potentialAction":[{"@type":"ReadAction","target":["https:\/\/lucaseletro.com.br\/?product=capa-maquina-de-lavar-15kg"]}]},{"@type":"ImageObject","inLanguage":"pt-BR","@id":"https:\/\/lucaseletro.com.br\/?product=capa-maquina-de-lavar-15kg#primaryimage","url":"https:\/\/lucaseletro.com.br\/wp-content\/uploads\/2024\/07\/capa-p-maquina-lavadora-brastemp-15-kg-bwd-15-ab.webp","contentUrl":"https:\/\/lucaseletro.com.br\/wp-content\/uploads\/2024\/07\/capa-p-maquina-lavadora-brastemp-15-kg-bwd-15-ab.webp","width":580,"height":580},{"@type":"BreadcrumbList","@id":"https:\/\/lucaseletro.com.br\/?product=capa-maquina-de-lavar-15kg#breadcrumb","itemListElement":[{"@type":"ListItem","position":1,"name":"In\u00edcio","item":"https:\/\/lucaseletro.com.br\/"},{"@type":"ListItem","position":2,"name":"Loja","item":"https:\/\/lucaseletro.com.br\/?page_id=11"},{"@type":"ListItem","position":3,"name":"CAPA MAQUINA DE LAVAR 15KG"}]},{"@type":"WebSite","@id":"https:\/\/lucaseletro.com.br\/#website","url":"https:\/\/lucaseletro.com.br\/","name":"Lucas Eletro","description":"Realizando seus sonhos","publisher":{"@id":"https:\/\/lucaseletro.com.br\/#organization"},"alternateName":"Lucas Eletro","potentialAction":[{"@type":"SearchAction","target":{"@type":"EntryPoint","urlTemplate":"https:\/\/lucaseletro.com.br\/?s={search_term_string}"},"query-input":{"@type":"PropertyValueSpecification","valueRequired":true,"valueName":"search_term_string"}}],"inLanguage":"pt-BR"},{"@type":"Organization","@id":"https:\/\/lucaseletro.com.br\/#organization","name":"Lucas Eletro","alternateName":"Lucas Eletro","url":"https:\/\/lucaseletro.com.br\/","logo":{"@type":"ImageObject","inLanguage":"pt-BR","@id":"https:\/\/lucaseletro.com.br\/#\/schema\/logo\/image\/","url":"https:\/\/lucaseletro.com.br\/wp-content\/uploads\/2024\/08\/Logo-WebP.webp","contentUrl":"https:\/\/lucaseletro.com.br\/wp-content\/uploads\/2024\/08\/Logo-WebP.webp","width":1366,"height":457,"caption":"Lucas Eletro"},"image":{"@id":"https:\/\/lucaseletro.com.br\/#\/schema\/logo\/image\/"},"sameAs":["https:\/\/www.facebook.com\/lucas.eletro.71"]}]},"product_price_amount":"75.00","product_price_currency":"BRL","og_availability":"instock","product_availability":"instock","product_condition":"new"},"_links":{"self":[{"href":"https:\/\/lucaseletro.com.br\/index.php?rest_route=\/wp\/v2\/product\/2941","targetHints":{"allow":["GET"]}}],"collection":[{"href":"https:\/\/lucaseletro.com.br\/index.php?rest_route=\/wp\/v2\/product"}],"about":[{"href":"https:\/\/lucaseletro.com.br\/index.php?rest_route=\/wp\/v2\/types\/product"}],"replies":[{"embeddable":true,"href":"https:\/\/lucaseletro.com.br\/index.php?rest_route=%2Fwp%2Fv2%2Fcomments&post=2941"}],"wp:featuredmedia":[{"embeddable":true,"href":"https:\/\/lucaseletro.com.br\/index.php?rest_route=\/wp\/v2\/media\/3598"}],"wp:attachment":[{"href":"https:\/\/lucaseletro.com.br\/index.php?rest_route=%2Fwp%2Fv2%2Fmedia&parent=2941"}],"wp:term":[{"taxonomy":"product_brand","embeddable":true,"href":"https:\/\/lucaseletro.com.br\/index.php?rest_route=%2Fwp%2Fv2%2Fproduct_brand&post=2941"},{"taxonomy":"product_cat","embeddable":true,"href":"https:\/\/lucaseletro.com.br\/index.php?rest_route=%2Fwp%2Fv2%2Fproduct_cat&post=2941"},{"taxonomy":"product_tag","embeddable":true,"href":"https:\/\/lucaseletro.com.br\/index.php?rest_route=%2Fwp%2Fv2%2Fproduct_tag&post=2941"}],"curies":[{"name":"wp","href":"https:\/\/api.w.org\/{rel}","templated":true}]}}