{"id":3747,"date":"2024-11-01T16:58:48","date_gmt":"2024-11-01T19:58:48","guid":{"rendered":"https:\/\/lucaseletro.com.br\/?post_type=product&#038;p=3747"},"modified":"2026-01-23T14:34:59","modified_gmt":"2026-01-23T17:34:59","slug":"mesa-apoio-jb-bechara-8004-lu-nature","status":"publish","type":"product","link":"https:\/\/lucaseletro.com.br\/?product=mesa-apoio-jb-bechara-8004-lu-nature","title":{"rendered":"MESA DE APOIO JB BECHARA 8004 LU NATURE"},"content":{"rendered":"<h2><strong>Descri\u00e7\u00e3o Resumida<\/strong><\/h2>\n<h3>Design Original e Charme<\/h3>\n<p>Os produtos da JB Bechara contam com um design original que garante o charme \u00e0 sua casa. Produzidos com materiais de excelente qualidade, que garantem durabilidade e resist\u00eancia ao produto, s\u00e3o pe\u00e7as perfeitas para serem utilizadas com um lindo vaso de flores ou com diversos tipos de decora\u00e7\u00e3o.<\/p>\n<h3>Eleg\u00e2ncia e Durabilidade<\/h3>\n<p>Descubra o charme incompar\u00e1vel dos produtos da JB Bechara, que apresentam um design original e elegante para a sua casa. Produzidos com materiais de excelente qualidade, essas pe\u00e7as garantem durabilidade e resist\u00eancia ao produto, sendo ideais para serem combinadas com um lindo vaso de flores ou integradas a diversos estilos de decora\u00e7\u00e3o.<\/p>\n<div class=\"caracteristicas-produto\">\n<div class=\"title-ctn\">\n<h2 class=\"bg-title\">Caracter\u00edsticas<\/h2>\n<\/div>\n<div class=\"content\">\n<div class=\"caracteristicas-lista-corrida\">\n<h3>Fabricante<\/h3>\n<p><span class=\"table\">MarcaJb Bechara<\/span><\/p>\n<\/div>\n<\/div>\n<div class=\"content\">\n<div id=\"tabela-medidas\" class=\"caracteristicas-lista-corrida caracteristicas-gerais\">\n<h3>Caracter\u00edsticas Gerais<\/h3>\n<dl class=\"grupo-carac grupo-carac-nome clearfix\"><\/dl>\n<p><span class=\"table carac-largura\">Largura0,60 Metro<\/span><span class=\"table carac-altura\">Altura0,64 Metro<\/span><span class=\"table carac-profundidade\">Profundidade0,60 Metro<\/span><span class=\"table carac-material-de-composicao\">Material de Composi\u00e7\u00e3oMDF e Ferro<\/span><\/p>\n<\/div>\n<\/div>\n<\/div>\n<div id=\"acompanha-produto\" class=\"acompanha-produto \">\n<div class=\"title-ctn\">\n<h2 class=\"bg-title\">O que vem na caixa?<\/h2>\n<\/div>\n<div class=\"content\">\n<ul class=\"content accompaniments\">\n<li>1 Mesa de Apoio Desmontada<\/li>\n<\/ul>\n<\/div>\n<\/div>\n","protected":false},"excerpt":{"rendered":"<h2><strong>Descri\u00e7\u00e3o Resumida<\/strong><\/h2>\n<p>Produzidos com materiais de excelente qualidade, que garantem durabilidade e resist\u00eancia ao produto, s\u00e3o pe\u00e7as perfeitas para serem utilizadas com um lindo vaso de flores ou com diversos tipos de decora\u00e7\u00e3o.<\/p>\n<h3>Design Original e Charme<\/h3>\n<p>Os produtos da JB Bechara contam com um design original que garante o charme \u00e0 sua casa. Produzidos com materiais de excelente qualidade, que garantem durabilidade e resist\u00eancia ao produto, s\u00e3o pe\u00e7as perfeitas para serem utilizadas com um lindo vaso de flores ou com diversos tipos de decora\u00e7\u00e3o.<\/p>\n<h3>Eleg\u00e2ncia e Durabilidade<\/h3>\n<p>Descubra o charme incompar\u00e1vel dos produtos da JB Bechara, que apresentam um design original e elegante para a sua casa. Produzidos com materiais de excelente qualidade, essas pe\u00e7as garantem durabilidade e resist\u00eancia ao produto, sendo ideais para serem combinadas com um lindo vaso de flores ou integradas a diversos estilos de decora\u00e7\u00e3o.<\/p>\n<div class=\"caracteristicas-produto\">\n<div class=\"title-ctn\">\n<h2 class=\"bg-title\">Caracter\u00edsticas<\/h2>\n<\/div>\n<div class=\"content\">\n<div class=\"caracteristicas-lista-corrida\">\n<h3>Fabricante<\/h3>\n<p><span class=\"table\">MarcaJb Bechara<\/span><\/p>\n<\/div>\n<\/div>\n<div class=\"content\">\n<div id=\"tabela-medidas\" class=\"caracteristicas-lista-corrida caracteristicas-gerais\">\n<h3>Caracter\u00edsticas Gerais<\/h3>\n<dl class=\"grupo-carac grupo-carac-nome clearfix\"><\/dl>\n<p><span class=\"table carac-largura\">Largura0,60 Metro<\/span><span class=\"table carac-altura\">Altura0,64 Metro<\/span><span class=\"table carac-profundidade\">Profundidade0,60 Metro<\/span><span class=\"table carac-material-de-composicao\">Material de Composi\u00e7\u00e3oMDF e Ferro<\/span><\/p>\n<\/div>\n<\/div>\n<\/div>\n<div id=\"acompanha-produto\" class=\"acompanha-produto \">\n<div class=\"title-ctn\">\n<h2 class=\"bg-title\">O que vem na caixa?<\/h2>\n<\/div>\n<div class=\"content\">\n<ul class=\"content accompaniments\">\n<li>1 Mesa de Apoio Desmontada<\/li>\n<\/ul>\n<\/div>\n<\/div>\n","protected":false},"featured_media":3749,"comment_status":"open","ping_status":"closed","template":"","meta":[],"product_brand":[],"product_cat":[83],"product_tag":[],"class_list":{"0":"post-3747","1":"product","2":"type-product","3":"status-publish","4":"has-post-thumbnail","6":"product_cat-decoracao","8":"first","9":"instock","10":"shipping-taxable","11":"purchasable","12":"product-type-simple"},"yoast_head":"<!-- This site is optimized with the Yoast SEO Premium plugin v23.3 (Yoast SEO v27.4) - https:\/\/yoast.com\/product\/yoast-seo-premium-wordpress\/ -->\n<title>MESA DE APOIO JB BECHARA 8004 LU NATURE - Lucas Eletro<\/title>\n<meta name=\"description\" content=\"Os produtos da JB Bechara contam com um design original que garante o charme \u00e0 sua casa. Produzidos com materiais de excelente qualidade, que garantem durabilidade e resist\u00eancia ao produto, s\u00e3o pe\u00e7as perfeitas para serem utilizadas com um lindo vaso de flores ou com diversos tipos de decora\u00e7\u00e3o.\" \/>\n<meta name=\"robots\" content=\"index, follow, max-snippet:-1, max-image-preview:large, max-video-preview:-1\" \/>\n<link rel=\"canonical\" href=\"https:\/\/lucaseletro.com.br\/?product=mesa-apoio-jb-bechara-8004-lu-nature\" \/>\n<meta property=\"og:locale\" content=\"pt_BR\" \/>\n<meta property=\"og:type\" content=\"article\" \/>\n<meta property=\"og:title\" content=\"MESA DE APOIO JB BECHARA 8004 LU NATURE - &#082;&#036;199,00 - Lucas Eletro\" \/>\n<meta property=\"og:description\" content=\"Descri\u00e7\u00e3o Resumida Produzidos com materiais de excelente qualidade, que garantem durabilidade e resist\u00eancia ao produto, s\u00e3o pe\u00e7as perfeitas para serem utilizadas com um lindo vaso de flores ou com diversos tipos de decora\u00e7\u00e3o. Design Original e Charme Os produtos da JB Bechara contam com um design original que garante o charme \u00e0 sua casa. Produzidos com materiais de excelente qualidade, que garantem durabilidade e resist\u00eancia ao produto, s\u00e3o pe\u00e7as perfeitas para serem utilizadas com um lindo vaso de flores ou com diversos tipos de decora\u00e7\u00e3o. Eleg\u00e2ncia e Durabilidade Descubra o charme incompar\u00e1vel dos produtos da JB Bechara, que apresentam um design original e elegante para a sua casa. Produzidos com materiais de excelente qualidade, essas pe\u00e7as garantem durabilidade e resist\u00eancia ao produto, sendo ideais para serem combinadas com um lindo vaso de flores ou integradas a diversos estilos de decora\u00e7\u00e3o.   Caracter\u00edsticas    Fabricante MarcaJb Bechara      Caracter\u00edsticas Gerais  Largura0,60 MetroAltura0,64 MetroProfundidade0,60 MetroMaterial de Composi\u00e7\u00e3oMDF e Ferro       O que vem na caixa?     1 Mesa de Apoio Desmontada\" \/>\n<meta property=\"og:url\" content=\"https:\/\/lucaseletro.com.br\/?product=mesa-apoio-jb-bechara-8004-lu-nature\" \/>\n<meta property=\"og:site_name\" content=\"Lucas Eletro\" \/>\n<meta property=\"article:publisher\" content=\"https:\/\/www.facebook.com\/lucas.eletro.71\" \/>\n<meta property=\"article:modified_time\" content=\"2026-01-23T17:34:59+00:00\" \/>\n<meta property=\"og:image\" content=\"https:\/\/lucaseletro.com.br\/wp-content\/uploads\/2024\/11\/mesa_de_centro_jb_8006_mdf_nature_pes_bronze_jb_bechara_8239_1_3baefe3510115d5a9c8d9ceb1bf54ff9.webp\" \/>\n\t<meta property=\"og:image:width\" content=\"784\" \/>\n\t<meta property=\"og:image:height\" content=\"929\" \/>\n\t<meta property=\"og:image:type\" content=\"image\/webp\" \/>\n<meta name=\"twitter:card\" content=\"summary_large_image\" \/>\n<meta name=\"twitter:label1\" content=\"Pre\u00e7o\" \/>\n\t<meta name=\"twitter:data1\" content=\"&#082;&#036;199,00\" \/>\n\t<meta name=\"twitter:label2\" content=\"Disponibilidade\" \/>\n\t<meta name=\"twitter:data2\" content=\"Em Estoque\" \/>\n<script type=\"application\/ld+json\" class=\"yoast-schema-graph\">{\"@context\":\"https:\\\/\\\/schema.org\",\"@graph\":[{\"@type\":\"WebPage\",\"@id\":\"https:\\\/\\\/lucaseletro.com.br\\\/?product=mesa-apoio-jb-bechara-8004-lu-nature\",\"url\":\"https:\\\/\\\/lucaseletro.com.br\\\/?product=mesa-apoio-jb-bechara-8004-lu-nature\",\"name\":\"MESA DE APOIO JB BECHARA 8004 LU NATURE - Lucas Eletro\",\"isPartOf\":{\"@id\":\"https:\\\/\\\/lucaseletro.com.br\\\/#website\"},\"primaryImageOfPage\":{\"@id\":\"https:\\\/\\\/lucaseletro.com.br\\\/?product=mesa-apoio-jb-bechara-8004-lu-nature#primaryimage\"},\"image\":{\"@id\":\"https:\\\/\\\/lucaseletro.com.br\\\/?product=mesa-apoio-jb-bechara-8004-lu-nature#primaryimage\"},\"thumbnailUrl\":\"https:\\\/\\\/lucaseletro.com.br\\\/wp-content\\\/uploads\\\/2024\\\/11\\\/mesa_de_centro_jb_8006_mdf_nature_pes_bronze_jb_bechara_8239_1_3baefe3510115d5a9c8d9ceb1bf54ff9.webp\",\"datePublished\":\"2024-11-01T19:58:48+00:00\",\"dateModified\":\"2026-01-23T17:34:59+00:00\",\"description\":\"Os produtos da JB Bechara contam com um design original que garante o charme \u00e0 sua casa. Produzidos com materiais de excelente qualidade, que garantem durabilidade e resist\u00eancia ao produto, s\u00e3o pe\u00e7as perfeitas para serem utilizadas com um lindo vaso de flores ou com diversos tipos de decora\u00e7\u00e3o.\",\"breadcrumb\":{\"@id\":\"https:\\\/\\\/lucaseletro.com.br\\\/?product=mesa-apoio-jb-bechara-8004-lu-nature#breadcrumb\"},\"inLanguage\":\"pt-BR\",\"potentialAction\":[{\"@type\":\"ReadAction\",\"target\":[\"https:\\\/\\\/lucaseletro.com.br\\\/?product=mesa-apoio-jb-bechara-8004-lu-nature\"]}]},{\"@type\":\"ImageObject\",\"inLanguage\":\"pt-BR\",\"@id\":\"https:\\\/\\\/lucaseletro.com.br\\\/?product=mesa-apoio-jb-bechara-8004-lu-nature#primaryimage\",\"url\":\"https:\\\/\\\/lucaseletro.com.br\\\/wp-content\\\/uploads\\\/2024\\\/11\\\/mesa_de_centro_jb_8006_mdf_nature_pes_bronze_jb_bechara_8239_1_3baefe3510115d5a9c8d9ceb1bf54ff9.webp\",\"contentUrl\":\"https:\\\/\\\/lucaseletro.com.br\\\/wp-content\\\/uploads\\\/2024\\\/11\\\/mesa_de_centro_jb_8006_mdf_nature_pes_bronze_jb_bechara_8239_1_3baefe3510115d5a9c8d9ceb1bf54ff9.webp\",\"width\":784,\"height\":929},{\"@type\":\"BreadcrumbList\",\"@id\":\"https:\\\/\\\/lucaseletro.com.br\\\/?product=mesa-apoio-jb-bechara-8004-lu-nature#breadcrumb\",\"itemListElement\":[{\"@type\":\"ListItem\",\"position\":1,\"name\":\"In\u00edcio\",\"item\":\"https:\\\/\\\/lucaseletro.com.br\\\/\"},{\"@type\":\"ListItem\",\"position\":2,\"name\":\"Loja\",\"item\":\"https:\\\/\\\/lucaseletro.com.br\\\/?page_id=11\"},{\"@type\":\"ListItem\",\"position\":3,\"name\":\"MESA DE APOIO JB BECHARA 8004 LU NATURE\"}]},{\"@type\":\"WebSite\",\"@id\":\"https:\\\/\\\/lucaseletro.com.br\\\/#website\",\"url\":\"https:\\\/\\\/lucaseletro.com.br\\\/\",\"name\":\"Lucas Eletro\",\"description\":\"Realizando seus sonhos\",\"publisher\":{\"@id\":\"https:\\\/\\\/lucaseletro.com.br\\\/#organization\"},\"alternateName\":\"Lucas Eletro\",\"potentialAction\":[{\"@type\":\"SearchAction\",\"target\":{\"@type\":\"EntryPoint\",\"urlTemplate\":\"https:\\\/\\\/lucaseletro.com.br\\\/?s={search_term_string}\"},\"query-input\":{\"@type\":\"PropertyValueSpecification\",\"valueRequired\":true,\"valueName\":\"search_term_string\"}}],\"inLanguage\":\"pt-BR\"},{\"@type\":\"Organization\",\"@id\":\"https:\\\/\\\/lucaseletro.com.br\\\/#organization\",\"name\":\"Lucas Eletro\",\"alternateName\":\"Lucas Eletro\",\"url\":\"https:\\\/\\\/lucaseletro.com.br\\\/\",\"logo\":{\"@type\":\"ImageObject\",\"inLanguage\":\"pt-BR\",\"@id\":\"https:\\\/\\\/lucaseletro.com.br\\\/#\\\/schema\\\/logo\\\/image\\\/\",\"url\":\"https:\\\/\\\/lucaseletro.com.br\\\/wp-content\\\/uploads\\\/2024\\\/08\\\/Logo-WebP.webp\",\"contentUrl\":\"https:\\\/\\\/lucaseletro.com.br\\\/wp-content\\\/uploads\\\/2024\\\/08\\\/Logo-WebP.webp\",\"width\":1366,\"height\":457,\"caption\":\"Lucas Eletro\"},\"image\":{\"@id\":\"https:\\\/\\\/lucaseletro.com.br\\\/#\\\/schema\\\/logo\\\/image\\\/\"},\"sameAs\":[\"https:\\\/\\\/www.facebook.com\\\/lucas.eletro.71\"]}]}<\/script>\n<meta property=\"product:price:amount\" content=\"199.00\" \/>\n<meta property=\"product:price:currency\" content=\"BRL\" \/>\n<meta property=\"og:availability\" content=\"instock\" \/>\n<meta property=\"product:availability\" content=\"instock\" \/>\n<meta property=\"product:condition\" content=\"new\" \/>\n<!-- \/ Yoast SEO Premium plugin. -->","yoast_head_json":{"title":"MESA DE APOIO JB BECHARA 8004 LU NATURE - Lucas Eletro","description":"Os produtos da JB Bechara contam com um design original que garante o charme \u00e0 sua casa. Produzidos com materiais de excelente qualidade, que garantem durabilidade e resist\u00eancia ao produto, s\u00e3o pe\u00e7as perfeitas para serem utilizadas com um lindo vaso de flores ou com diversos tipos de decora\u00e7\u00e3o.","robots":{"index":"index","follow":"follow","max-snippet":"max-snippet:-1","max-image-preview":"max-image-preview:large","max-video-preview":"max-video-preview:-1"},"canonical":"https:\/\/lucaseletro.com.br\/?product=mesa-apoio-jb-bechara-8004-lu-nature","og_locale":"pt_BR","og_type":"article","og_title":"MESA DE APOIO JB BECHARA 8004 LU NATURE - &#82;&#36;199,00 - Lucas Eletro","og_description":"Descri\u00e7\u00e3o Resumida Produzidos com materiais de excelente qualidade, que garantem durabilidade e resist\u00eancia ao produto, s\u00e3o pe\u00e7as perfeitas para serem utilizadas com um lindo vaso de flores ou com diversos tipos de decora\u00e7\u00e3o. Design Original e Charme Os produtos da JB Bechara contam com um design original que garante o charme \u00e0 sua casa. Produzidos com materiais de excelente qualidade, que garantem durabilidade e resist\u00eancia ao produto, s\u00e3o pe\u00e7as perfeitas para serem utilizadas com um lindo vaso de flores ou com diversos tipos de decora\u00e7\u00e3o. Eleg\u00e2ncia e Durabilidade Descubra o charme incompar\u00e1vel dos produtos da JB Bechara, que apresentam um design original e elegante para a sua casa. Produzidos com materiais de excelente qualidade, essas pe\u00e7as garantem durabilidade e resist\u00eancia ao produto, sendo ideais para serem combinadas com um lindo vaso de flores ou integradas a diversos estilos de decora\u00e7\u00e3o.   Caracter\u00edsticas    Fabricante MarcaJb Bechara      Caracter\u00edsticas Gerais  Largura0,60 MetroAltura0,64 MetroProfundidade0,60 MetroMaterial de Composi\u00e7\u00e3oMDF e Ferro       O que vem na caixa?     1 Mesa de Apoio Desmontada","og_url":"https:\/\/lucaseletro.com.br\/?product=mesa-apoio-jb-bechara-8004-lu-nature","og_site_name":"Lucas Eletro","article_publisher":"https:\/\/www.facebook.com\/lucas.eletro.71","article_modified_time":"2026-01-23T17:34:59+00:00","og_image":[{"width":784,"height":929,"url":"https:\/\/lucaseletro.com.br\/wp-content\/uploads\/2024\/11\/mesa_de_centro_jb_8006_mdf_nature_pes_bronze_jb_bechara_8239_1_3baefe3510115d5a9c8d9ceb1bf54ff9.webp","type":"image\/webp"}],"twitter_card":"summary_large_image","twitter_misc":{"Pre\u00e7o":"&#82;&#36;199,00","Disponibilidade":"Em Estoque"},"schema":{"@context":"https:\/\/schema.org","@graph":[{"@type":"WebPage","@id":"https:\/\/lucaseletro.com.br\/?product=mesa-apoio-jb-bechara-8004-lu-nature","url":"https:\/\/lucaseletro.com.br\/?product=mesa-apoio-jb-bechara-8004-lu-nature","name":"MESA DE APOIO JB BECHARA 8004 LU NATURE - Lucas Eletro","isPartOf":{"@id":"https:\/\/lucaseletro.com.br\/#website"},"primaryImageOfPage":{"@id":"https:\/\/lucaseletro.com.br\/?product=mesa-apoio-jb-bechara-8004-lu-nature#primaryimage"},"image":{"@id":"https:\/\/lucaseletro.com.br\/?product=mesa-apoio-jb-bechara-8004-lu-nature#primaryimage"},"thumbnailUrl":"https:\/\/lucaseletro.com.br\/wp-content\/uploads\/2024\/11\/mesa_de_centro_jb_8006_mdf_nature_pes_bronze_jb_bechara_8239_1_3baefe3510115d5a9c8d9ceb1bf54ff9.webp","datePublished":"2024-11-01T19:58:48+00:00","dateModified":"2026-01-23T17:34:59+00:00","description":"Os produtos da JB Bechara contam com um design original que garante o charme \u00e0 sua casa. Produzidos com materiais de excelente qualidade, que garantem durabilidade e resist\u00eancia ao produto, s\u00e3o pe\u00e7as perfeitas para serem utilizadas com um lindo vaso de flores ou com diversos tipos de decora\u00e7\u00e3o.","breadcrumb":{"@id":"https:\/\/lucaseletro.com.br\/?product=mesa-apoio-jb-bechara-8004-lu-nature#breadcrumb"},"inLanguage":"pt-BR","potentialAction":[{"@type":"ReadAction","target":["https:\/\/lucaseletro.com.br\/?product=mesa-apoio-jb-bechara-8004-lu-nature"]}]},{"@type":"ImageObject","inLanguage":"pt-BR","@id":"https:\/\/lucaseletro.com.br\/?product=mesa-apoio-jb-bechara-8004-lu-nature#primaryimage","url":"https:\/\/lucaseletro.com.br\/wp-content\/uploads\/2024\/11\/mesa_de_centro_jb_8006_mdf_nature_pes_bronze_jb_bechara_8239_1_3baefe3510115d5a9c8d9ceb1bf54ff9.webp","contentUrl":"https:\/\/lucaseletro.com.br\/wp-content\/uploads\/2024\/11\/mesa_de_centro_jb_8006_mdf_nature_pes_bronze_jb_bechara_8239_1_3baefe3510115d5a9c8d9ceb1bf54ff9.webp","width":784,"height":929},{"@type":"BreadcrumbList","@id":"https:\/\/lucaseletro.com.br\/?product=mesa-apoio-jb-bechara-8004-lu-nature#breadcrumb","itemListElement":[{"@type":"ListItem","position":1,"name":"In\u00edcio","item":"https:\/\/lucaseletro.com.br\/"},{"@type":"ListItem","position":2,"name":"Loja","item":"https:\/\/lucaseletro.com.br\/?page_id=11"},{"@type":"ListItem","position":3,"name":"MESA DE APOIO JB BECHARA 8004 LU NATURE"}]},{"@type":"WebSite","@id":"https:\/\/lucaseletro.com.br\/#website","url":"https:\/\/lucaseletro.com.br\/","name":"Lucas Eletro","description":"Realizando seus sonhos","publisher":{"@id":"https:\/\/lucaseletro.com.br\/#organization"},"alternateName":"Lucas Eletro","potentialAction":[{"@type":"SearchAction","target":{"@type":"EntryPoint","urlTemplate":"https:\/\/lucaseletro.com.br\/?s={search_term_string}"},"query-input":{"@type":"PropertyValueSpecification","valueRequired":true,"valueName":"search_term_string"}}],"inLanguage":"pt-BR"},{"@type":"Organization","@id":"https:\/\/lucaseletro.com.br\/#organization","name":"Lucas Eletro","alternateName":"Lucas Eletro","url":"https:\/\/lucaseletro.com.br\/","logo":{"@type":"ImageObject","inLanguage":"pt-BR","@id":"https:\/\/lucaseletro.com.br\/#\/schema\/logo\/image\/","url":"https:\/\/lucaseletro.com.br\/wp-content\/uploads\/2024\/08\/Logo-WebP.webp","contentUrl":"https:\/\/lucaseletro.com.br\/wp-content\/uploads\/2024\/08\/Logo-WebP.webp","width":1366,"height":457,"caption":"Lucas Eletro"},"image":{"@id":"https:\/\/lucaseletro.com.br\/#\/schema\/logo\/image\/"},"sameAs":["https:\/\/www.facebook.com\/lucas.eletro.71"]}]},"product_price_amount":"199.00","product_price_currency":"BRL","og_availability":"instock","product_availability":"instock","product_condition":"new"},"_links":{"self":[{"href":"https:\/\/lucaseletro.com.br\/index.php?rest_route=\/wp\/v2\/product\/3747","targetHints":{"allow":["GET"]}}],"collection":[{"href":"https:\/\/lucaseletro.com.br\/index.php?rest_route=\/wp\/v2\/product"}],"about":[{"href":"https:\/\/lucaseletro.com.br\/index.php?rest_route=\/wp\/v2\/types\/product"}],"replies":[{"embeddable":true,"href":"https:\/\/lucaseletro.com.br\/index.php?rest_route=%2Fwp%2Fv2%2Fcomments&post=3747"}],"wp:featuredmedia":[{"embeddable":true,"href":"https:\/\/lucaseletro.com.br\/index.php?rest_route=\/wp\/v2\/media\/3749"}],"wp:attachment":[{"href":"https:\/\/lucaseletro.com.br\/index.php?rest_route=%2Fwp%2Fv2%2Fmedia&parent=3747"}],"wp:term":[{"taxonomy":"product_brand","embeddable":true,"href":"https:\/\/lucaseletro.com.br\/index.php?rest_route=%2Fwp%2Fv2%2Fproduct_brand&post=3747"},{"taxonomy":"product_cat","embeddable":true,"href":"https:\/\/lucaseletro.com.br\/index.php?rest_route=%2Fwp%2Fv2%2Fproduct_cat&post=3747"},{"taxonomy":"product_tag","embeddable":true,"href":"https:\/\/lucaseletro.com.br\/index.php?rest_route=%2Fwp%2Fv2%2Fproduct_tag&post=3747"}],"curies":[{"name":"wp","href":"https:\/\/api.w.org\/{rel}","templated":true}]}}