{"id":3757,"date":"2024-11-07T16:40:31","date_gmt":"2024-11-07T19:40:31","guid":{"rendered":"https:\/\/lucaseletro.com.br\/?post_type=product&#038;p=3757"},"modified":"2024-11-07T16:41:18","modified_gmt":"2024-11-07T19:41:18","slug":"mesa-de-centro-jb-bechara-8006-nature","status":"publish","type":"product","link":"https:\/\/lucaseletro.com.br\/?product=mesa-de-centro-jb-bechara-8006-nature","title":{"rendered":"MESA DE CENTRO JB BECHARA 8006 NATURE"},"content":{"rendered":"<div class=\"sc-iGgWBj hZQAA-D sc-lkkHPy ccsMKd\" data-testid=\"product-detail\">\n<h2 class=\"sc-dcJsrY iVJGKX\" data-testid=\"product-detail-label\">Informa\u00e7\u00f5es do Produto<\/h2>\n<p><span class=\"sc-dcJsrY jZKEso\" data-testid=\"product-detail-title\">Mesa de Centro JB 8006 P\u00e9rola e Dourado Bechara<\/span><\/p>\n<div class=\"sc-iGgWBj jEOEJZ sc-jFmjhJ dNtDVB\" data-testid=\"product-detail-description\">\n<div class=\"sc-iGgWBj eWtIHQ sc-gmUfan juzvxF\" data-testid=\"rich-content-container\">\n<p>Transforme o seu espa\u00e7o com essa mesa de centro. Esta pe\u00e7a \u00e9 mais do que apenas um lugar conveniente para apoiar seus itens essenciais, trazendo eleg\u00e2ncia para a sua casa!<\/p>\n<p>Dimens\u00f5es do Produto Montado:<br \/>\nAltura: 38 cm<br \/>\nLargura: 60 cm<br \/>\nProfundidade: 60 cm<\/p>\n<p>Detalhes:<br \/>\n\u2013 P\u00e9s met\u00e1licos<br \/>\n\u2013 Tampo em MDF<br \/>\n\u2013 Design moderno<\/p>\n<p>Informa\u00e7\u00f5es adicionais:<br \/>\n\u2013 Verifique o tamanho e os detalhes do produto antes de realizar a compra.<br \/>\n\u2013 As fotos s\u00e3o meramente ilustrativas. Objetos decorativos que aparecem nas imagens n\u00e3o acompanham o produto.<br \/>\n\u2013 A transportadora entregar\u00e1 o produto no port\u00e3o e\/ou portaria da resid\u00eancia, ou ainda, somente no andar t\u00e9rreo, em caso de pr\u00e9dios, do endere\u00e7o de entrega.<br \/>\n\u2013 Avaliar a mercadoria no ato do recebimento e recusar em caso de diverg\u00eancia ou danos.<\/p>\n<\/div>\n<\/div>\n<\/div>\n<div class=\"sc-iGgWBj eWtIHQ\" data-testid=\"lazyload-container\">\n<div class=\"sc-bpUBKd iMekvN\" data-testid=\"mod-y\"><\/div>\n<\/div>\n<div class=\"sc-iGgWBj hODtov sc-fvyAFM hbImML\">\n<table class=\"sc-iGgWBj iCEidV sc-eBwKMn kTdlzO\">\n<tbody>\n<tr>\n<td class=\"sc-bHnlcS dUJHzp\">Cor<\/td>\n<td class=\"sc-cKXybt eHjdkg\">\n<table class=\"sc-fatcLD dnJluC\">\n<tbody>\n<tr>\n<td>Perola<\/td>\n<\/tr>\n<\/tbody>\n<\/table>\n<\/td>\n<\/tr>\n<tr>\n<td class=\"sc-bHnlcS dUJHzp\">MODEL<\/td>\n<td class=\"sc-cKXybt eHjdkg\">\n<table class=\"sc-fatcLD dnJluC\">\n<tbody>\n<tr>\n<td>Padr\u00e3o<\/td>\n<\/tr>\n<\/tbody>\n<\/table>\n<\/td>\n<\/tr>\n<tr>\n<td class=\"sc-bHnlcS dUJHzp\">Informa\u00e7\u00f5es complementares<\/td>\n<td class=\"sc-cKXybt eHjdkg\">\n<table class=\"sc-fatcLD dnJluC\">\n<tbody>\n<tr>\n<td class=\"sc-lgjHQU lnpdFz\">Cor<\/td>\n<\/tr>\n<\/tbody>\n<\/table>\n<\/td>\n<\/tr>\n<\/tbody>\n<\/table>\n<\/div>\n","protected":false},"excerpt":{"rendered":"<div class=\"sc-iGgWBj hZQAA-D sc-lkkHPy ccsMKd\" data-testid=\"product-detail\">\n<h2 class=\"sc-dcJsrY iVJGKX\" data-testid=\"product-detail-label\">Informa\u00e7\u00f5es do Produto<\/h2>\n<p><span class=\"sc-dcJsrY jZKEso\" data-testid=\"product-detail-title\">Mesa de Centro JB 8006 P\u00e9rola e Dourado Bechara<\/span><\/p>\n<div class=\"sc-iGgWBj jEOEJZ sc-jFmjhJ dNtDVB\" data-testid=\"product-detail-description\">\n<div class=\"sc-iGgWBj eWtIHQ sc-gmUfan juzvxF\" data-testid=\"rich-content-container\">\n<p>Transforme o seu espa\u00e7o com essa mesa de centro. Esta pe\u00e7a \u00e9 mais do que apenas um lugar conveniente para apoiar seus itens essenciais, trazendo eleg\u00e2ncia para a sua casa!<\/p>\n<p>Dimens\u00f5es do Produto Montado:<br \/>\nAltura: 38 cm<br \/>\nLargura: 60 cm<br \/>\nProfundidade: 60 cm<\/p>\n<p>Detalhes:<br \/>\n\u2013 P\u00e9s met\u00e1licos<br \/>\n\u2013 Tampo em MDF<br \/>\n\u2013 Design moderno<\/p>\n<p>Informa\u00e7\u00f5es adicionais:<br \/>\n\u2013 Verifique o tamanho e os detalhes do produto antes de realizar a compra.<br \/>\n\u2013 As fotos s\u00e3o meramente ilustrativas. Objetos decorativos que aparecem nas imagens n\u00e3o acompanham o produto.<br \/>\n\u2013 A transportadora entregar\u00e1 o produto no port\u00e3o e\/ou portaria da resid\u00eancia, ou ainda, somente no andar t\u00e9rreo, em caso de pr\u00e9dios, do endere\u00e7o de entrega.<br \/>\n\u2013 Avaliar a mercadoria no ato do recebimento e recusar em caso de diverg\u00eancia ou danos.<\/p>\n<\/div>\n<\/div>\n<\/div>\n<div class=\"sc-iGgWBj eWtIHQ\" data-testid=\"lazyload-container\">\n<div class=\"sc-bpUBKd iMekvN\" data-testid=\"mod-y\"><\/div>\n<\/div>\n<div class=\"sc-iGgWBj hODtov sc-fvyAFM hbImML\">\n<table class=\"sc-iGgWBj iCEidV sc-eBwKMn kTdlzO\">\n<tbody>\n<tr>\n<td class=\"sc-bHnlcS dUJHzp\">Cor<\/td>\n<td class=\"sc-cKXybt eHjdkg\">\n<table class=\"sc-fatcLD dnJluC\">\n<tbody>\n<tr>\n<td>Perola<\/td>\n<\/tr>\n<\/tbody>\n<\/table>\n<\/td>\n<\/tr>\n<tr>\n<td class=\"sc-bHnlcS dUJHzp\">MODEL<\/td>\n<td class=\"sc-cKXybt eHjdkg\">\n<table class=\"sc-fatcLD dnJluC\">\n<tbody>\n<tr>\n<td>Padr\u00e3o<\/td>\n<\/tr>\n<\/tbody>\n<\/table>\n<\/td>\n<\/tr>\n<tr>\n<td class=\"sc-bHnlcS dUJHzp\">Informa\u00e7\u00f5es complementares<\/td>\n<td class=\"sc-cKXybt eHjdkg\">\n<table class=\"sc-fatcLD dnJluC\">\n<tbody>\n<tr>\n<td class=\"sc-lgjHQU lnpdFz\">Cor<\/td>\n<\/tr>\n<\/tbody>\n<\/table>\n<\/td>\n<\/tr>\n<\/tbody>\n<\/table>\n<\/div>\n","protected":false},"featured_media":3758,"comment_status":"open","ping_status":"closed","template":"","meta":[],"product_brand":[],"product_cat":[83],"product_tag":[],"class_list":{"0":"post-3757","1":"product","2":"type-product","3":"status-publish","4":"has-post-thumbnail","6":"product_cat-decoracao","8":"first","9":"instock","10":"shipping-taxable","11":"purchasable","12":"product-type-simple"},"yoast_head":"<!-- This site is optimized with the Yoast SEO Premium plugin v23.3 (Yoast SEO v27.4) - https:\/\/yoast.com\/product\/yoast-seo-premium-wordpress\/ -->\n<title>MESA DE CENTRO JB BECHARA 8006 NATURE - Lucas Eletro<\/title>\n<meta name=\"description\" content=\"Transforme o seu espa\u00e7o com essa mesa de centro. Esta pe\u00e7a \u00e9 mais do que apenas um lugar conveniente para apoiar seus itens essenciais, trazendo eleg\u00e2ncia para a sua casa!\" \/>\n<meta name=\"robots\" content=\"index, follow, max-snippet:-1, max-image-preview:large, max-video-preview:-1\" \/>\n<link rel=\"canonical\" href=\"https:\/\/lucaseletro.com.br\/?product=mesa-de-centro-jb-bechara-8006-nature\" \/>\n<meta property=\"og:locale\" content=\"pt_BR\" \/>\n<meta property=\"og:type\" content=\"article\" \/>\n<meta property=\"og:title\" content=\"MESA DE CENTRO JB BECHARA 8006 NATURE - &#082;&#036;199,00 - Lucas Eletro\" \/>\n<meta property=\"og:description\" content=\"Informa\u00e7\u00f5es do Produto Mesa de Centro JB 8006 P\u00e9rola e Dourado Bechara    Transforme o seu espa\u00e7o com essa mesa de centro. Esta pe\u00e7a \u00e9 mais do que apenas um lugar conveniente para apoiar seus itens essenciais, trazendo eleg\u00e2ncia para a sua casa!  Dimens\u00f5es do Produto Montado: Altura: 38 cm Largura: 60 cm Profundidade: 60 cm  Detalhes: \u2013 P\u00e9s met\u00e1licos \u2013 Tampo em MDF \u2013 Design moderno  Informa\u00e7\u00f5es adicionais: \u2013 Verifique o tamanho e os detalhes do produto antes de realizar a compra. \u2013 As fotos s\u00e3o meramente ilustrativas. Objetos decorativos que aparecem nas imagens n\u00e3o acompanham o produto. \u2013 A transportadora entregar\u00e1 o produto no port\u00e3o e\/ou portaria da resid\u00eancia, ou ainda, somente no andar t\u00e9rreo, em caso de pr\u00e9dios, do endere\u00e7o de entrega. \u2013 Avaliar a mercadoria no ato do recebimento e recusar em caso de diverg\u00eancia ou danos.            Cor     Perola       MODEL     Padr\u00e3o       Informa\u00e7\u00f5es complementares     Cor\" \/>\n<meta property=\"og:url\" content=\"https:\/\/lucaseletro.com.br\/?product=mesa-de-centro-jb-bechara-8006-nature\" \/>\n<meta property=\"og:site_name\" content=\"Lucas Eletro\" \/>\n<meta property=\"article:publisher\" content=\"https:\/\/www.facebook.com\/lucas.eletro.71\" \/>\n<meta property=\"article:modified_time\" content=\"2024-11-07T19:41:18+00:00\" \/>\n<meta property=\"og:image\" content=\"https:\/\/lucaseletro.com.br\/wp-content\/uploads\/2024\/11\/mesa_de_centro_jb_8004_mdf_nature_pes_bronze_jb_bechara_8251_1_39ed716c477fe3bb78ac298135318139.webp\" \/>\n\t<meta property=\"og:image:width\" content=\"1220\" \/>\n\t<meta property=\"og:image:height\" content=\"1173\" \/>\n\t<meta property=\"og:image:type\" content=\"image\/webp\" \/>\n<meta name=\"twitter:card\" content=\"summary_large_image\" \/>\n<meta name=\"twitter:label1\" content=\"Pre\u00e7o\" \/>\n\t<meta name=\"twitter:data1\" content=\"&#082;&#036;199,00\" \/>\n\t<meta name=\"twitter:label2\" content=\"Disponibilidade\" \/>\n\t<meta name=\"twitter:data2\" content=\"Em Estoque\" \/>\n<script type=\"application\/ld+json\" class=\"yoast-schema-graph\">{\"@context\":\"https:\\\/\\\/schema.org\",\"@graph\":[{\"@type\":\"WebPage\",\"@id\":\"https:\\\/\\\/lucaseletro.com.br\\\/?product=mesa-de-centro-jb-bechara-8006-nature\",\"url\":\"https:\\\/\\\/lucaseletro.com.br\\\/?product=mesa-de-centro-jb-bechara-8006-nature\",\"name\":\"MESA DE CENTRO JB BECHARA 8006 NATURE - Lucas Eletro\",\"isPartOf\":{\"@id\":\"https:\\\/\\\/lucaseletro.com.br\\\/#website\"},\"primaryImageOfPage\":{\"@id\":\"https:\\\/\\\/lucaseletro.com.br\\\/?product=mesa-de-centro-jb-bechara-8006-nature#primaryimage\"},\"image\":{\"@id\":\"https:\\\/\\\/lucaseletro.com.br\\\/?product=mesa-de-centro-jb-bechara-8006-nature#primaryimage\"},\"thumbnailUrl\":\"https:\\\/\\\/lucaseletro.com.br\\\/wp-content\\\/uploads\\\/2024\\\/11\\\/mesa_de_centro_jb_8004_mdf_nature_pes_bronze_jb_bechara_8251_1_39ed716c477fe3bb78ac298135318139.webp\",\"datePublished\":\"2024-11-07T19:40:31+00:00\",\"dateModified\":\"2024-11-07T19:41:18+00:00\",\"description\":\"Transforme o seu espa\u00e7o com essa mesa de centro. Esta pe\u00e7a \u00e9 mais do que apenas um lugar conveniente para apoiar seus itens essenciais, trazendo eleg\u00e2ncia para a sua casa!\",\"breadcrumb\":{\"@id\":\"https:\\\/\\\/lucaseletro.com.br\\\/?product=mesa-de-centro-jb-bechara-8006-nature#breadcrumb\"},\"inLanguage\":\"pt-BR\",\"potentialAction\":[{\"@type\":\"ReadAction\",\"target\":[\"https:\\\/\\\/lucaseletro.com.br\\\/?product=mesa-de-centro-jb-bechara-8006-nature\"]}]},{\"@type\":\"ImageObject\",\"inLanguage\":\"pt-BR\",\"@id\":\"https:\\\/\\\/lucaseletro.com.br\\\/?product=mesa-de-centro-jb-bechara-8006-nature#primaryimage\",\"url\":\"https:\\\/\\\/lucaseletro.com.br\\\/wp-content\\\/uploads\\\/2024\\\/11\\\/mesa_de_centro_jb_8004_mdf_nature_pes_bronze_jb_bechara_8251_1_39ed716c477fe3bb78ac298135318139.webp\",\"contentUrl\":\"https:\\\/\\\/lucaseletro.com.br\\\/wp-content\\\/uploads\\\/2024\\\/11\\\/mesa_de_centro_jb_8004_mdf_nature_pes_bronze_jb_bechara_8251_1_39ed716c477fe3bb78ac298135318139.webp\",\"width\":1220,\"height\":1173},{\"@type\":\"BreadcrumbList\",\"@id\":\"https:\\\/\\\/lucaseletro.com.br\\\/?product=mesa-de-centro-jb-bechara-8006-nature#breadcrumb\",\"itemListElement\":[{\"@type\":\"ListItem\",\"position\":1,\"name\":\"In\u00edcio\",\"item\":\"https:\\\/\\\/lucaseletro.com.br\\\/\"},{\"@type\":\"ListItem\",\"position\":2,\"name\":\"Loja\",\"item\":\"https:\\\/\\\/lucaseletro.com.br\\\/?page_id=11\"},{\"@type\":\"ListItem\",\"position\":3,\"name\":\"MESA DE CENTRO JB BECHARA 8006 NATURE\"}]},{\"@type\":\"WebSite\",\"@id\":\"https:\\\/\\\/lucaseletro.com.br\\\/#website\",\"url\":\"https:\\\/\\\/lucaseletro.com.br\\\/\",\"name\":\"Lucas Eletro\",\"description\":\"Realizando seus sonhos\",\"publisher\":{\"@id\":\"https:\\\/\\\/lucaseletro.com.br\\\/#organization\"},\"alternateName\":\"Lucas Eletro\",\"potentialAction\":[{\"@type\":\"SearchAction\",\"target\":{\"@type\":\"EntryPoint\",\"urlTemplate\":\"https:\\\/\\\/lucaseletro.com.br\\\/?s={search_term_string}\"},\"query-input\":{\"@type\":\"PropertyValueSpecification\",\"valueRequired\":true,\"valueName\":\"search_term_string\"}}],\"inLanguage\":\"pt-BR\"},{\"@type\":\"Organization\",\"@id\":\"https:\\\/\\\/lucaseletro.com.br\\\/#organization\",\"name\":\"Lucas Eletro\",\"alternateName\":\"Lucas Eletro\",\"url\":\"https:\\\/\\\/lucaseletro.com.br\\\/\",\"logo\":{\"@type\":\"ImageObject\",\"inLanguage\":\"pt-BR\",\"@id\":\"https:\\\/\\\/lucaseletro.com.br\\\/#\\\/schema\\\/logo\\\/image\\\/\",\"url\":\"https:\\\/\\\/lucaseletro.com.br\\\/wp-content\\\/uploads\\\/2024\\\/08\\\/Logo-WebP.webp\",\"contentUrl\":\"https:\\\/\\\/lucaseletro.com.br\\\/wp-content\\\/uploads\\\/2024\\\/08\\\/Logo-WebP.webp\",\"width\":1366,\"height\":457,\"caption\":\"Lucas Eletro\"},\"image\":{\"@id\":\"https:\\\/\\\/lucaseletro.com.br\\\/#\\\/schema\\\/logo\\\/image\\\/\"},\"sameAs\":[\"https:\\\/\\\/www.facebook.com\\\/lucas.eletro.71\"]}]}<\/script>\n<meta property=\"product:price:amount\" content=\"199.00\" \/>\n<meta property=\"product:price:currency\" content=\"BRL\" \/>\n<meta property=\"og:availability\" content=\"instock\" \/>\n<meta property=\"product:availability\" content=\"instock\" \/>\n<meta property=\"product:condition\" content=\"new\" \/>\n<!-- \/ Yoast SEO Premium plugin. -->","yoast_head_json":{"title":"MESA DE CENTRO JB BECHARA 8006 NATURE - Lucas Eletro","description":"Transforme o seu espa\u00e7o com essa mesa de centro. Esta pe\u00e7a \u00e9 mais do que apenas um lugar conveniente para apoiar seus itens essenciais, trazendo eleg\u00e2ncia para a sua casa!","robots":{"index":"index","follow":"follow","max-snippet":"max-snippet:-1","max-image-preview":"max-image-preview:large","max-video-preview":"max-video-preview:-1"},"canonical":"https:\/\/lucaseletro.com.br\/?product=mesa-de-centro-jb-bechara-8006-nature","og_locale":"pt_BR","og_type":"article","og_title":"MESA DE CENTRO JB BECHARA 8006 NATURE - &#82;&#36;199,00 - Lucas Eletro","og_description":"Informa\u00e7\u00f5es do Produto Mesa de Centro JB 8006 P\u00e9rola e Dourado Bechara    Transforme o seu espa\u00e7o com essa mesa de centro. Esta pe\u00e7a \u00e9 mais do que apenas um lugar conveniente para apoiar seus itens essenciais, trazendo eleg\u00e2ncia para a sua casa!  Dimens\u00f5es do Produto Montado: Altura: 38 cm Largura: 60 cm Profundidade: 60 cm  Detalhes: \u2013 P\u00e9s met\u00e1licos \u2013 Tampo em MDF \u2013 Design moderno  Informa\u00e7\u00f5es adicionais: \u2013 Verifique o tamanho e os detalhes do produto antes de realizar a compra. \u2013 As fotos s\u00e3o meramente ilustrativas. Objetos decorativos que aparecem nas imagens n\u00e3o acompanham o produto. \u2013 A transportadora entregar\u00e1 o produto no port\u00e3o e\/ou portaria da resid\u00eancia, ou ainda, somente no andar t\u00e9rreo, em caso de pr\u00e9dios, do endere\u00e7o de entrega. \u2013 Avaliar a mercadoria no ato do recebimento e recusar em caso de diverg\u00eancia ou danos.            Cor     Perola       MODEL     Padr\u00e3o       Informa\u00e7\u00f5es complementares     Cor","og_url":"https:\/\/lucaseletro.com.br\/?product=mesa-de-centro-jb-bechara-8006-nature","og_site_name":"Lucas Eletro","article_publisher":"https:\/\/www.facebook.com\/lucas.eletro.71","article_modified_time":"2024-11-07T19:41:18+00:00","og_image":[{"width":1220,"height":1173,"url":"https:\/\/lucaseletro.com.br\/wp-content\/uploads\/2024\/11\/mesa_de_centro_jb_8004_mdf_nature_pes_bronze_jb_bechara_8251_1_39ed716c477fe3bb78ac298135318139.webp","type":"image\/webp"}],"twitter_card":"summary_large_image","twitter_misc":{"Pre\u00e7o":"&#82;&#36;199,00","Disponibilidade":"Em Estoque"},"schema":{"@context":"https:\/\/schema.org","@graph":[{"@type":"WebPage","@id":"https:\/\/lucaseletro.com.br\/?product=mesa-de-centro-jb-bechara-8006-nature","url":"https:\/\/lucaseletro.com.br\/?product=mesa-de-centro-jb-bechara-8006-nature","name":"MESA DE CENTRO JB BECHARA 8006 NATURE - Lucas Eletro","isPartOf":{"@id":"https:\/\/lucaseletro.com.br\/#website"},"primaryImageOfPage":{"@id":"https:\/\/lucaseletro.com.br\/?product=mesa-de-centro-jb-bechara-8006-nature#primaryimage"},"image":{"@id":"https:\/\/lucaseletro.com.br\/?product=mesa-de-centro-jb-bechara-8006-nature#primaryimage"},"thumbnailUrl":"https:\/\/lucaseletro.com.br\/wp-content\/uploads\/2024\/11\/mesa_de_centro_jb_8004_mdf_nature_pes_bronze_jb_bechara_8251_1_39ed716c477fe3bb78ac298135318139.webp","datePublished":"2024-11-07T19:40:31+00:00","dateModified":"2024-11-07T19:41:18+00:00","description":"Transforme o seu espa\u00e7o com essa mesa de centro. Esta pe\u00e7a \u00e9 mais do que apenas um lugar conveniente para apoiar seus itens essenciais, trazendo eleg\u00e2ncia para a sua casa!","breadcrumb":{"@id":"https:\/\/lucaseletro.com.br\/?product=mesa-de-centro-jb-bechara-8006-nature#breadcrumb"},"inLanguage":"pt-BR","potentialAction":[{"@type":"ReadAction","target":["https:\/\/lucaseletro.com.br\/?product=mesa-de-centro-jb-bechara-8006-nature"]}]},{"@type":"ImageObject","inLanguage":"pt-BR","@id":"https:\/\/lucaseletro.com.br\/?product=mesa-de-centro-jb-bechara-8006-nature#primaryimage","url":"https:\/\/lucaseletro.com.br\/wp-content\/uploads\/2024\/11\/mesa_de_centro_jb_8004_mdf_nature_pes_bronze_jb_bechara_8251_1_39ed716c477fe3bb78ac298135318139.webp","contentUrl":"https:\/\/lucaseletro.com.br\/wp-content\/uploads\/2024\/11\/mesa_de_centro_jb_8004_mdf_nature_pes_bronze_jb_bechara_8251_1_39ed716c477fe3bb78ac298135318139.webp","width":1220,"height":1173},{"@type":"BreadcrumbList","@id":"https:\/\/lucaseletro.com.br\/?product=mesa-de-centro-jb-bechara-8006-nature#breadcrumb","itemListElement":[{"@type":"ListItem","position":1,"name":"In\u00edcio","item":"https:\/\/lucaseletro.com.br\/"},{"@type":"ListItem","position":2,"name":"Loja","item":"https:\/\/lucaseletro.com.br\/?page_id=11"},{"@type":"ListItem","position":3,"name":"MESA DE CENTRO JB BECHARA 8006 NATURE"}]},{"@type":"WebSite","@id":"https:\/\/lucaseletro.com.br\/#website","url":"https:\/\/lucaseletro.com.br\/","name":"Lucas Eletro","description":"Realizando seus sonhos","publisher":{"@id":"https:\/\/lucaseletro.com.br\/#organization"},"alternateName":"Lucas Eletro","potentialAction":[{"@type":"SearchAction","target":{"@type":"EntryPoint","urlTemplate":"https:\/\/lucaseletro.com.br\/?s={search_term_string}"},"query-input":{"@type":"PropertyValueSpecification","valueRequired":true,"valueName":"search_term_string"}}],"inLanguage":"pt-BR"},{"@type":"Organization","@id":"https:\/\/lucaseletro.com.br\/#organization","name":"Lucas Eletro","alternateName":"Lucas Eletro","url":"https:\/\/lucaseletro.com.br\/","logo":{"@type":"ImageObject","inLanguage":"pt-BR","@id":"https:\/\/lucaseletro.com.br\/#\/schema\/logo\/image\/","url":"https:\/\/lucaseletro.com.br\/wp-content\/uploads\/2024\/08\/Logo-WebP.webp","contentUrl":"https:\/\/lucaseletro.com.br\/wp-content\/uploads\/2024\/08\/Logo-WebP.webp","width":1366,"height":457,"caption":"Lucas Eletro"},"image":{"@id":"https:\/\/lucaseletro.com.br\/#\/schema\/logo\/image\/"},"sameAs":["https:\/\/www.facebook.com\/lucas.eletro.71"]}]},"product_price_amount":"199.00","product_price_currency":"BRL","og_availability":"instock","product_availability":"instock","product_condition":"new"},"_links":{"self":[{"href":"https:\/\/lucaseletro.com.br\/index.php?rest_route=\/wp\/v2\/product\/3757","targetHints":{"allow":["GET"]}}],"collection":[{"href":"https:\/\/lucaseletro.com.br\/index.php?rest_route=\/wp\/v2\/product"}],"about":[{"href":"https:\/\/lucaseletro.com.br\/index.php?rest_route=\/wp\/v2\/types\/product"}],"replies":[{"embeddable":true,"href":"https:\/\/lucaseletro.com.br\/index.php?rest_route=%2Fwp%2Fv2%2Fcomments&post=3757"}],"wp:featuredmedia":[{"embeddable":true,"href":"https:\/\/lucaseletro.com.br\/index.php?rest_route=\/wp\/v2\/media\/3758"}],"wp:attachment":[{"href":"https:\/\/lucaseletro.com.br\/index.php?rest_route=%2Fwp%2Fv2%2Fmedia&parent=3757"}],"wp:term":[{"taxonomy":"product_brand","embeddable":true,"href":"https:\/\/lucaseletro.com.br\/index.php?rest_route=%2Fwp%2Fv2%2Fproduct_brand&post=3757"},{"taxonomy":"product_cat","embeddable":true,"href":"https:\/\/lucaseletro.com.br\/index.php?rest_route=%2Fwp%2Fv2%2Fproduct_cat&post=3757"},{"taxonomy":"product_tag","embeddable":true,"href":"https:\/\/lucaseletro.com.br\/index.php?rest_route=%2Fwp%2Fv2%2Fproduct_tag&post=3757"}],"curies":[{"name":"wp","href":"https:\/\/api.w.org\/{rel}","templated":true}]}}