{"id":3771,"date":"2024-11-13T16:51:49","date_gmt":"2024-11-13T19:51:49","guid":{"rendered":"https:\/\/lucaseletro.com.br\/?post_type=product&#038;p=3771"},"modified":"2025-09-04T09:40:41","modified_gmt":"2025-09-04T12:40:41","slug":"sofa-la-santiago-2x3-lugares-508a","status":"publish","type":"product","link":"https:\/\/lucaseletro.com.br\/?product=sofa-la-santiago-2x3-lugares-508a","title":{"rendered":"SOFA L&#038;A SANTIAGO 2X3 LUGARES 508A"},"content":{"rendered":"<p>MEDIDAS SANTIAG- 3 Lugares<br \/>\nAltura 0,90 m<br \/>\nComp. 1,68 m<br \/>\nProf. 0,75 m<br \/>\nMEDIDAS &#8211; 2 Lugares<br \/>\nAltura 0,90 m<br \/>\nComp. 1,13 m<br \/>\nProf. 0,75 m<br \/>\nESPECIFICA\u00c7\u00d5ES<br \/>\nBra\u00e7o Espuma D20<br \/>\nAssento Espuma D26, molas bonnel entrela\u00e7adas com percinta<br \/>\nel\u00e1stica<br \/>\nEncosto Fixo, almofadas em flocos de espuma D20 e D26<br \/>\nEstrutura Madeira de eucalipto reflorestada (anti-cupim)<br \/>\nTecido 100% poli\u00e9ster<br \/>\nP\u00e9s Madeira castanho claro<\/p>\n","protected":false},"excerpt":{"rendered":"<p>MEDIDAS SANTIAG- 3 Lugares<br \/>\nAltura 0,90 m<br \/>\nComp. 1,68 m<br \/>\nProf. 0,75 m<br \/>\nMEDIDAS &#8211; 2 Lugares<br \/>\nAltura 0,90 m<br \/>\nComp. 1,13 m<br \/>\nProf. 0,75 m<br \/>\nESPECIFICA\u00c7\u00d5ES<br \/>\nBra\u00e7o Espuma D20<br \/>\nAssento Espuma D26, molas bonnel entrela\u00e7adas com percinta<br \/>\nel\u00e1stica<br \/>\nEncosto Fixo, almofadas em flocos de espuma D20 e D26<br \/>\nEstrutura Madeira de eucalipto reflorestada (anti-cupim)<br \/>\nTecido 100% poli\u00e9ster<br \/>\nP\u00e9s Madeira castanho claro<\/p>\n","protected":false},"featured_media":3772,"comment_status":"open","ping_status":"closed","template":"","meta":[],"product_brand":[],"product_cat":[83,84],"product_tag":[],"class_list":{"0":"post-3771","1":"product","2":"type-product","3":"status-publish","4":"has-post-thumbnail","6":"product_cat-decoracao","7":"product_cat-sofas","9":"first","10":"outofstock","11":"shipping-taxable","12":"purchasable","13":"product-type-simple"},"yoast_head":"<!-- This site is optimized with the Yoast SEO Premium plugin v23.3 (Yoast SEO v27.4) - https:\/\/yoast.com\/product\/yoast-seo-premium-wordpress\/ -->\n<title>SOFA L&amp;A SANTIAGO 2X3 LUGARES 508A - Lucas Eletro<\/title>\n<meta name=\"description\" content=\"SOFA L&amp;A SANTIAGO 2X3 LUGARES 508A\" \/>\n<meta name=\"robots\" content=\"index, follow, max-snippet:-1, max-image-preview:large, max-video-preview:-1\" \/>\n<link rel=\"canonical\" href=\"https:\/\/lucaseletro.com.br\/?product=sofa-la-santiago-2x3-lugares-508a\" \/>\n<meta property=\"og:locale\" content=\"pt_BR\" \/>\n<meta property=\"og:type\" content=\"article\" \/>\n<meta property=\"og:title\" content=\"SOFA L&amp;A SANTIAGO 2X3 LUGARES 508A - &#082;&#036;1.999,00 - Lucas Eletro\" \/>\n<meta property=\"og:description\" content=\"MEDIDAS SANTIAG- 3 Lugares Altura 0,90 m Comp. 1,68 m Prof. 0,75 m MEDIDAS - 2 Lugares Altura 0,90 m Comp. 1,13 m Prof. 0,75 m ESPECIFICA\u00c7\u00d5ES Bra\u00e7o Espuma D20 Assento Espuma D26, molas bonnel entrela\u00e7adas com percinta el\u00e1stica Encosto Fixo, almofadas em flocos de espuma D20 e D26 Estrutura Madeira de eucalipto reflorestada (anti-cupim) Tecido 100% poli\u00e9ster P\u00e9s Madeira castanho claro\" \/>\n<meta property=\"og:url\" content=\"https:\/\/lucaseletro.com.br\/?product=sofa-la-santiago-2x3-lugares-508a\" \/>\n<meta property=\"og:site_name\" content=\"Lucas Eletro\" \/>\n<meta property=\"article:publisher\" content=\"https:\/\/www.facebook.com\/lucas.eletro.71\" \/>\n<meta property=\"article:modified_time\" content=\"2025-09-04T12:40:41+00:00\" \/>\n<meta property=\"og:image\" content=\"https:\/\/lucaseletro.com.br\/wp-content\/uploads\/2024\/11\/SOFA-SANTIAGO.jpg\" \/>\n\t<meta property=\"og:image:width\" content=\"852\" \/>\n\t<meta property=\"og:image:height\" content=\"851\" \/>\n\t<meta property=\"og:image:type\" content=\"image\/jpeg\" \/>\n<meta name=\"twitter:card\" content=\"summary_large_image\" \/>\n<meta name=\"twitter:label1\" content=\"Pre\u00e7o\" \/>\n\t<meta name=\"twitter:data1\" content=\"&#082;&#036;1.999,00\" \/>\n\t<meta name=\"twitter:label2\" content=\"Disponibilidade\" \/>\n\t<meta name=\"twitter:data2\" content=\"Fora de estoque\" \/>\n<script type=\"application\/ld+json\" class=\"yoast-schema-graph\">{\"@context\":\"https:\\\/\\\/schema.org\",\"@graph\":[{\"@type\":\"WebPage\",\"@id\":\"https:\\\/\\\/lucaseletro.com.br\\\/?product=sofa-la-santiago-2x3-lugares-508a\",\"url\":\"https:\\\/\\\/lucaseletro.com.br\\\/?product=sofa-la-santiago-2x3-lugares-508a\",\"name\":\"SOFA L&A SANTIAGO 2X3 LUGARES 508A - Lucas Eletro\",\"isPartOf\":{\"@id\":\"https:\\\/\\\/lucaseletro.com.br\\\/#website\"},\"primaryImageOfPage\":{\"@id\":\"https:\\\/\\\/lucaseletro.com.br\\\/?product=sofa-la-santiago-2x3-lugares-508a#primaryimage\"},\"image\":{\"@id\":\"https:\\\/\\\/lucaseletro.com.br\\\/?product=sofa-la-santiago-2x3-lugares-508a#primaryimage\"},\"thumbnailUrl\":\"https:\\\/\\\/lucaseletro.com.br\\\/wp-content\\\/uploads\\\/2024\\\/11\\\/SOFA-SANTIAGO.jpg\",\"datePublished\":\"2024-11-13T19:51:49+00:00\",\"dateModified\":\"2025-09-04T12:40:41+00:00\",\"description\":\"SOFA L&A SANTIAGO 2X3 LUGARES 508A\",\"breadcrumb\":{\"@id\":\"https:\\\/\\\/lucaseletro.com.br\\\/?product=sofa-la-santiago-2x3-lugares-508a#breadcrumb\"},\"inLanguage\":\"pt-BR\",\"potentialAction\":[{\"@type\":\"ReadAction\",\"target\":[\"https:\\\/\\\/lucaseletro.com.br\\\/?product=sofa-la-santiago-2x3-lugares-508a\"]}]},{\"@type\":\"ImageObject\",\"inLanguage\":\"pt-BR\",\"@id\":\"https:\\\/\\\/lucaseletro.com.br\\\/?product=sofa-la-santiago-2x3-lugares-508a#primaryimage\",\"url\":\"https:\\\/\\\/lucaseletro.com.br\\\/wp-content\\\/uploads\\\/2024\\\/11\\\/SOFA-SANTIAGO.jpg\",\"contentUrl\":\"https:\\\/\\\/lucaseletro.com.br\\\/wp-content\\\/uploads\\\/2024\\\/11\\\/SOFA-SANTIAGO.jpg\",\"width\":852,\"height\":851},{\"@type\":\"BreadcrumbList\",\"@id\":\"https:\\\/\\\/lucaseletro.com.br\\\/?product=sofa-la-santiago-2x3-lugares-508a#breadcrumb\",\"itemListElement\":[{\"@type\":\"ListItem\",\"position\":1,\"name\":\"In\u00edcio\",\"item\":\"https:\\\/\\\/lucaseletro.com.br\\\/\"},{\"@type\":\"ListItem\",\"position\":2,\"name\":\"Loja\",\"item\":\"https:\\\/\\\/lucaseletro.com.br\\\/?page_id=11\"},{\"@type\":\"ListItem\",\"position\":3,\"name\":\"SOFA L&#038;A SANTIAGO 2X3 LUGARES 508A\"}]},{\"@type\":\"WebSite\",\"@id\":\"https:\\\/\\\/lucaseletro.com.br\\\/#website\",\"url\":\"https:\\\/\\\/lucaseletro.com.br\\\/\",\"name\":\"Lucas Eletro\",\"description\":\"Realizando seus sonhos\",\"publisher\":{\"@id\":\"https:\\\/\\\/lucaseletro.com.br\\\/#organization\"},\"alternateName\":\"Lucas Eletro\",\"potentialAction\":[{\"@type\":\"SearchAction\",\"target\":{\"@type\":\"EntryPoint\",\"urlTemplate\":\"https:\\\/\\\/lucaseletro.com.br\\\/?s={search_term_string}\"},\"query-input\":{\"@type\":\"PropertyValueSpecification\",\"valueRequired\":true,\"valueName\":\"search_term_string\"}}],\"inLanguage\":\"pt-BR\"},{\"@type\":\"Organization\",\"@id\":\"https:\\\/\\\/lucaseletro.com.br\\\/#organization\",\"name\":\"Lucas Eletro\",\"alternateName\":\"Lucas Eletro\",\"url\":\"https:\\\/\\\/lucaseletro.com.br\\\/\",\"logo\":{\"@type\":\"ImageObject\",\"inLanguage\":\"pt-BR\",\"@id\":\"https:\\\/\\\/lucaseletro.com.br\\\/#\\\/schema\\\/logo\\\/image\\\/\",\"url\":\"https:\\\/\\\/lucaseletro.com.br\\\/wp-content\\\/uploads\\\/2024\\\/08\\\/Logo-WebP.webp\",\"contentUrl\":\"https:\\\/\\\/lucaseletro.com.br\\\/wp-content\\\/uploads\\\/2024\\\/08\\\/Logo-WebP.webp\",\"width\":1366,\"height\":457,\"caption\":\"Lucas Eletro\"},\"image\":{\"@id\":\"https:\\\/\\\/lucaseletro.com.br\\\/#\\\/schema\\\/logo\\\/image\\\/\"},\"sameAs\":[\"https:\\\/\\\/www.facebook.com\\\/lucas.eletro.71\"]}]}<\/script>\n<meta property=\"product:price:amount\" content=\"1999.00\" \/>\n<meta property=\"product:price:currency\" content=\"BRL\" \/>\n<meta property=\"og:availability\" content=\"out of stock\" \/>\n<meta property=\"product:availability\" content=\"out of stock\" \/>\n<meta property=\"product:condition\" content=\"new\" \/>\n<!-- \/ Yoast SEO Premium plugin. -->","yoast_head_json":{"title":"SOFA L&A SANTIAGO 2X3 LUGARES 508A - Lucas Eletro","description":"SOFA L&A SANTIAGO 2X3 LUGARES 508A","robots":{"index":"index","follow":"follow","max-snippet":"max-snippet:-1","max-image-preview":"max-image-preview:large","max-video-preview":"max-video-preview:-1"},"canonical":"https:\/\/lucaseletro.com.br\/?product=sofa-la-santiago-2x3-lugares-508a","og_locale":"pt_BR","og_type":"article","og_title":"SOFA L&A SANTIAGO 2X3 LUGARES 508A - &#82;&#36;1.999,00 - Lucas Eletro","og_description":"MEDIDAS SANTIAG- 3 Lugares Altura 0,90 m Comp. 1,68 m Prof. 0,75 m MEDIDAS - 2 Lugares Altura 0,90 m Comp. 1,13 m Prof. 0,75 m ESPECIFICA\u00c7\u00d5ES Bra\u00e7o Espuma D20 Assento Espuma D26, molas bonnel entrela\u00e7adas com percinta el\u00e1stica Encosto Fixo, almofadas em flocos de espuma D20 e D26 Estrutura Madeira de eucalipto reflorestada (anti-cupim) Tecido 100% poli\u00e9ster P\u00e9s Madeira castanho claro","og_url":"https:\/\/lucaseletro.com.br\/?product=sofa-la-santiago-2x3-lugares-508a","og_site_name":"Lucas Eletro","article_publisher":"https:\/\/www.facebook.com\/lucas.eletro.71","article_modified_time":"2025-09-04T12:40:41+00:00","og_image":[{"width":852,"height":851,"url":"https:\/\/lucaseletro.com.br\/wp-content\/uploads\/2024\/11\/SOFA-SANTIAGO.jpg","type":"image\/jpeg"}],"twitter_card":"summary_large_image","twitter_misc":{"Pre\u00e7o":"&#82;&#36;1.999,00","Disponibilidade":"Fora de estoque"},"schema":{"@context":"https:\/\/schema.org","@graph":[{"@type":"WebPage","@id":"https:\/\/lucaseletro.com.br\/?product=sofa-la-santiago-2x3-lugares-508a","url":"https:\/\/lucaseletro.com.br\/?product=sofa-la-santiago-2x3-lugares-508a","name":"SOFA L&A SANTIAGO 2X3 LUGARES 508A - Lucas Eletro","isPartOf":{"@id":"https:\/\/lucaseletro.com.br\/#website"},"primaryImageOfPage":{"@id":"https:\/\/lucaseletro.com.br\/?product=sofa-la-santiago-2x3-lugares-508a#primaryimage"},"image":{"@id":"https:\/\/lucaseletro.com.br\/?product=sofa-la-santiago-2x3-lugares-508a#primaryimage"},"thumbnailUrl":"https:\/\/lucaseletro.com.br\/wp-content\/uploads\/2024\/11\/SOFA-SANTIAGO.jpg","datePublished":"2024-11-13T19:51:49+00:00","dateModified":"2025-09-04T12:40:41+00:00","description":"SOFA L&A SANTIAGO 2X3 LUGARES 508A","breadcrumb":{"@id":"https:\/\/lucaseletro.com.br\/?product=sofa-la-santiago-2x3-lugares-508a#breadcrumb"},"inLanguage":"pt-BR","potentialAction":[{"@type":"ReadAction","target":["https:\/\/lucaseletro.com.br\/?product=sofa-la-santiago-2x3-lugares-508a"]}]},{"@type":"ImageObject","inLanguage":"pt-BR","@id":"https:\/\/lucaseletro.com.br\/?product=sofa-la-santiago-2x3-lugares-508a#primaryimage","url":"https:\/\/lucaseletro.com.br\/wp-content\/uploads\/2024\/11\/SOFA-SANTIAGO.jpg","contentUrl":"https:\/\/lucaseletro.com.br\/wp-content\/uploads\/2024\/11\/SOFA-SANTIAGO.jpg","width":852,"height":851},{"@type":"BreadcrumbList","@id":"https:\/\/lucaseletro.com.br\/?product=sofa-la-santiago-2x3-lugares-508a#breadcrumb","itemListElement":[{"@type":"ListItem","position":1,"name":"In\u00edcio","item":"https:\/\/lucaseletro.com.br\/"},{"@type":"ListItem","position":2,"name":"Loja","item":"https:\/\/lucaseletro.com.br\/?page_id=11"},{"@type":"ListItem","position":3,"name":"SOFA L&#038;A SANTIAGO 2X3 LUGARES 508A"}]},{"@type":"WebSite","@id":"https:\/\/lucaseletro.com.br\/#website","url":"https:\/\/lucaseletro.com.br\/","name":"Lucas Eletro","description":"Realizando seus sonhos","publisher":{"@id":"https:\/\/lucaseletro.com.br\/#organization"},"alternateName":"Lucas Eletro","potentialAction":[{"@type":"SearchAction","target":{"@type":"EntryPoint","urlTemplate":"https:\/\/lucaseletro.com.br\/?s={search_term_string}"},"query-input":{"@type":"PropertyValueSpecification","valueRequired":true,"valueName":"search_term_string"}}],"inLanguage":"pt-BR"},{"@type":"Organization","@id":"https:\/\/lucaseletro.com.br\/#organization","name":"Lucas Eletro","alternateName":"Lucas Eletro","url":"https:\/\/lucaseletro.com.br\/","logo":{"@type":"ImageObject","inLanguage":"pt-BR","@id":"https:\/\/lucaseletro.com.br\/#\/schema\/logo\/image\/","url":"https:\/\/lucaseletro.com.br\/wp-content\/uploads\/2024\/08\/Logo-WebP.webp","contentUrl":"https:\/\/lucaseletro.com.br\/wp-content\/uploads\/2024\/08\/Logo-WebP.webp","width":1366,"height":457,"caption":"Lucas Eletro"},"image":{"@id":"https:\/\/lucaseletro.com.br\/#\/schema\/logo\/image\/"},"sameAs":["https:\/\/www.facebook.com\/lucas.eletro.71"]}]},"product_price_amount":"1999.00","product_price_currency":"BRL","og_availability":"out of stock","product_availability":"out of stock","product_condition":"new"},"_links":{"self":[{"href":"https:\/\/lucaseletro.com.br\/index.php?rest_route=\/wp\/v2\/product\/3771","targetHints":{"allow":["GET"]}}],"collection":[{"href":"https:\/\/lucaseletro.com.br\/index.php?rest_route=\/wp\/v2\/product"}],"about":[{"href":"https:\/\/lucaseletro.com.br\/index.php?rest_route=\/wp\/v2\/types\/product"}],"replies":[{"embeddable":true,"href":"https:\/\/lucaseletro.com.br\/index.php?rest_route=%2Fwp%2Fv2%2Fcomments&post=3771"}],"wp:featuredmedia":[{"embeddable":true,"href":"https:\/\/lucaseletro.com.br\/index.php?rest_route=\/wp\/v2\/media\/3772"}],"wp:attachment":[{"href":"https:\/\/lucaseletro.com.br\/index.php?rest_route=%2Fwp%2Fv2%2Fmedia&parent=3771"}],"wp:term":[{"taxonomy":"product_brand","embeddable":true,"href":"https:\/\/lucaseletro.com.br\/index.php?rest_route=%2Fwp%2Fv2%2Fproduct_brand&post=3771"},{"taxonomy":"product_cat","embeddable":true,"href":"https:\/\/lucaseletro.com.br\/index.php?rest_route=%2Fwp%2Fv2%2Fproduct_cat&post=3771"},{"taxonomy":"product_tag","embeddable":true,"href":"https:\/\/lucaseletro.com.br\/index.php?rest_route=%2Fwp%2Fv2%2Fproduct_tag&post=3771"}],"curies":[{"name":"wp","href":"https:\/\/api.w.org\/{rel}","templated":true}]}}