{"id":434,"date":"2024-07-30T16:51:05","date_gmt":"2024-07-30T19:51:05","guid":{"rendered":"https:\/\/lucaseletro.com.br\/product\/roupeiro-zanzini-new-primordial-cinamomo-areia-4p-2g\/"},"modified":"2025-09-01T16:30:13","modified_gmt":"2025-09-01T19:30:13","slug":"roupeiro-zanzini-new-primordial-cinamomo-areia-4p-2g","status":"publish","type":"product","link":"https:\/\/lucaseletro.com.br\/?product=roupeiro-zanzini-new-primordial-cinamomo-areia-4p-2g","title":{"rendered":"ROUPEIRO ZANZINI PRIMORDIAL CINAMOMO\/AR2GEIA 4P"},"content":{"rendered":"<div class=\"sc-iGgWBj hZQAA-D sc-cWKVQc iuZGpz\" data-testid=\"product-detail\">\n<h2 class=\"sc-dcJsrY iVJGKX\" data-testid=\"product-detail-label\">Informa\u00e7\u00f5es do Produto<\/h2>\n<p><span class=\"sc-dcJsrY jZKEso\" data-testid=\"product-detail-title\">Guarda Roupa \u00c2mbar 4 Portas Cinamomo &#8211; ABZ<\/span><\/p>\n<div class=\"sc-iGgWBj jEOEJZ sc-bXzxEt jzYrTd\" data-testid=\"product-detail-description\">\n<div class=\"sc-iGgWBj eWtIHQ sc-jHrxRT eLbVWZ\" data-testid=\"rich-content-container\">Produto: Guarda Roupa \u00c2mbar 4 Portas<br \/>\nCor: Cinamomo<br \/>\nPuxadores Com Acabamento Metalizado Bronze<br \/>\nEscala de Brilho: Fosco<br \/>\nAltura (m): 1,89<br \/>\nLargura (m): 1,03<br \/>\nProfundidade (m): 0,47<br \/>\nPeso (kg): 53,75<br \/>\nMaterial: MDP<br \/>\nAcabamento: Pintura Uv<br \/>\nMaterial do Puxador: Abs<br \/>\nTipo de Cabideiro: Madeira<br \/>\nQuantidade de Gavetas: 2 &#8211; Tipo de Corredi\u00e7a: Met\u00e1licas<br \/>\nQuantidade de Portas: 4 &#8211; Tipo de Porta: Bater<br \/>\nQuantidade de Prateleiras: 3<br \/>\nRod\u00edzios: N\u00e3o<br \/>\nQuantidade de P\u00e9s: 4 &#8211; Material dos P\u00e9s: ABS<br \/>\nNecessita Montagem: SIM<br \/>\nEspelho:<br \/>\nManuten\u00e7\u00e3o: Limpar Com Flanela Ou Pano Macio Seco, N\u00e3o Utilizar Produtos Abrasivos, Desengordurantes, \u00c1lcool Ou Solvente. N\u00e3o Expor O Produto Diretamente \u00c0 Luz Solar E \u00c0 Umidade.<br \/>\nGarantia: 3 Meses<\/div>\n<\/div>\n<\/div>\n<div class=\"sc-iGgWBj eWtIHQ\" data-testid=\"lazyload-container\">\n<div class=\"sc-bpUBKd iMekvN\" data-testid=\"mod-p\"><\/div>\n<\/div>\n<div class=\"sc-iGgWBj hODtov sc-hYtBJs htJljC\">\n<table class=\"sc-iGgWBj iCEidV sc-bStcSt emFJXX\">\n<tbody>\n<tr>\n<td class=\"sc-iaJaUu jUTMlm\">Informa\u00e7\u00f5es complementares<\/td>\n<td class=\"sc-feoqov jEebvX\">\n<table class=\"sc-dOoqMo iwSfwR\">\n<tbody>\n<tr>\n<td class=\"sc-gVJvzJ gJVWHr\">Acabamento<\/td>\n<td>Pintura UV<\/td>\n<\/tr>\n<tr>\n<td class=\"sc-gVJvzJ gJVWHr\">Cabide Indicado<\/td>\n<td>Madeira<\/td>\n<\/tr>\n<tr>\n<td class=\"sc-gVJvzJ gJVWHr\">Complexidade de Montagem<\/td>\n<td>SIM<\/td>\n<\/tr>\n<tr>\n<td class=\"sc-gVJvzJ gJVWHr\">Componentes do M\u00f3vel<\/td>\n<td>MDP, ABS, Madeira<\/td>\n<\/tr>\n<tr>\n<td class=\"sc-gVJvzJ gJVWHr\">Composi\u00e7\u00e3o do M\u00f3vel<\/td>\n<td>MDP, ABS, Madeira<\/td>\n<\/tr>\n<tr>\n<td class=\"sc-gVJvzJ gJVWHr\">Cor<\/td>\n<td>Cinamomo<\/td>\n<\/tr>\n<tr>\n<td class=\"sc-gVJvzJ gJVWHr\">Dimens\u00f5es do Produto<\/td>\n<td>Altura (m): 1,89; Largura (m): 1,03; Profundidade (m): 0,47<\/td>\n<\/tr>\n<tr>\n<td class=\"sc-gVJvzJ gJVWHr\">Gavetas<\/td>\n<td>2 &#8211; Tipo de Corredi\u00e7a: Met\u00e1licas<\/td>\n<\/tr>\n<tr>\n<td class=\"sc-gVJvzJ gJVWHr\">Material da Estrutura<\/td>\n<td>MDP<\/td>\n<\/tr>\n<tr>\n<td class=\"sc-gVJvzJ gJVWHr\">Material dos Componentes do M\u00f3vel<\/td>\n<td>MDP, ABS<\/td>\n<\/tr>\n<tr>\n<td class=\"sc-gVJvzJ gJVWHr\">Modelo<\/td>\n<td>\u00c2mbar 4 Portas<\/td>\n<\/tr>\n<tr>\n<td class=\"sc-gVJvzJ gJVWHr\">Peso do Produto<\/td>\n<td>53,75<\/td>\n<\/tr>\n<tr>\n<td class=\"sc-gVJvzJ gJVWHr\">Prateleiras<\/td>\n<td>3<\/td>\n<\/tr>\n<tr>\n<td class=\"sc-gVJvzJ gJVWHr\">Prazo de Garantia<\/td>\n<td>3 Meses<\/td>\n<\/tr>\n<tr>\n<td class=\"sc-gVJvzJ gJVWHr\">P\u00e9s<\/td>\n<td>4 &#8211; Material dos P\u00e9s: ABS<\/td>\n<\/tr>\n<tr>\n<td class=\"sc-gVJvzJ gJVWHr\">Quantidade de Gavetas<\/td>\n<td>2<\/td>\n<\/tr>\n<tr>\n<td class=\"sc-gVJvzJ gJVWHr\">Quantidade de Portas<\/td>\n<td>4<\/td>\n<\/tr>\n<tr>\n<td class=\"sc-gVJvzJ gJVWHr\">Refer\u00eancia<\/td>\n<td>ABZ<\/td>\n<\/tr>\n<tr>\n<td class=\"sc-gVJvzJ gJVWHr\">Revestimento<\/td>\n<td>Pintura UV<\/td>\n<\/tr>\n<tr>\n<td class=\"sc-gVJvzJ gJVWHr\">Sistema de Abertura de M\u00f3veis<\/td>\n<td>Bater<\/td>\n<\/tr>\n<tr>\n<td class=\"sc-gVJvzJ gJVWHr\">Tamanho do M\u00f3vel<\/td>\n<td>Altura (m): 1,89; Largura (m): 1,03; Profundidade (m): 0,47<\/td>\n<\/tr>\n<tr>\n<td class=\"sc-gVJvzJ gJVWHr\">Tipo de M\u00f3vel<\/td>\n<td>Guarda-Roupa<\/td>\n<\/tr>\n<tr>\n<td class=\"sc-gVJvzJ gJVWHr\">Tipo de Porta<\/td>\n<td>Bater<\/td>\n<\/tr>\n<\/tbody>\n<\/table>\n<\/td>\n<\/tr>\n<\/tbody>\n<\/table>\n<\/div>\n","protected":false},"excerpt":{"rendered":"<div class=\"sc-iGgWBj hZQAA-D sc-cWKVQc iuZGpz\" data-testid=\"product-detail\">\n<h2 class=\"sc-dcJsrY iVJGKX\" data-testid=\"product-detail-label\">Informa\u00e7\u00f5es do Produto<\/h2>\n<p><span class=\"sc-dcJsrY jZKEso\" data-testid=\"product-detail-title\">Guarda Roupa \u00c2mbar 4 Portas Cinamomo &#8211; ABZ<\/span><\/p>\n<div class=\"sc-iGgWBj jEOEJZ sc-bXzxEt jzYrTd\" data-testid=\"product-detail-description\">\n<div class=\"sc-iGgWBj eWtIHQ sc-jHrxRT eLbVWZ\" data-testid=\"rich-content-container\">Produto: Guarda Roupa \u00c2mbar 4 Portas<br \/>\nCor: Cinamomo<br \/>\nPuxadores Com Acabamento Metalizado Bronze<br \/>\nEscala de Brilho: Fosco<br \/>\nAltura (m): 1,89<br \/>\nLargura (m): 1,03<br \/>\nProfundidade (m): 0,47<br \/>\nPeso (kg): 53,75<br \/>\nMaterial: MDP<br \/>\nAcabamento: Pintura Uv<br \/>\nMaterial do Puxador: Abs<br \/>\nTipo de Cabideiro: Madeira<br \/>\nQuantidade de Gavetas: 2 &#8211; Tipo de Corredi\u00e7a: Met\u00e1licas<br \/>\nQuantidade de Portas: 4 &#8211; Tipo de Porta: Bater<br \/>\nQuantidade de Prateleiras: 3<br \/>\nRod\u00edzios: N\u00e3o<br \/>\nQuantidade de P\u00e9s: 4 &#8211; Material dos P\u00e9s: ABS<br \/>\nNecessita Montagem: SIM<br \/>\nEspelho:<br \/>\nManuten\u00e7\u00e3o: Limpar Com Flanela Ou Pano Macio Seco, N\u00e3o Utilizar Produtos Abrasivos, Desengordurantes, \u00c1lcool Ou Solvente. N\u00e3o Expor O Produto Diretamente \u00c0 Luz Solar E \u00c0 Umidade.<br \/>\nGarantia: 3 Meses<\/div>\n<\/div>\n<\/div>\n<div class=\"sc-iGgWBj eWtIHQ\" data-testid=\"lazyload-container\">\n<div class=\"sc-bpUBKd iMekvN\" data-testid=\"mod-p\"><\/div>\n<\/div>\n<div class=\"sc-iGgWBj hODtov sc-hYtBJs htJljC\">\n<table class=\"sc-iGgWBj iCEidV sc-bStcSt emFJXX\">\n<tbody>\n<tr>\n<td class=\"sc-iaJaUu jUTMlm\">Informa\u00e7\u00f5es complementares<\/td>\n<td class=\"sc-feoqov jEebvX\">\n<table class=\"sc-dOoqMo iwSfwR\">\n<tbody>\n<tr>\n<td class=\"sc-gVJvzJ gJVWHr\">Acabamento<\/td>\n<td>Pintura UV<\/td>\n<\/tr>\n<tr>\n<td class=\"sc-gVJvzJ gJVWHr\">Cabide Indicado<\/td>\n<td>Madeira<\/td>\n<\/tr>\n<tr>\n<td class=\"sc-gVJvzJ gJVWHr\">Complexidade de Montagem<\/td>\n<td>SIM<\/td>\n<\/tr>\n<tr>\n<td class=\"sc-gVJvzJ gJVWHr\">Componentes do M\u00f3vel<\/td>\n<td>MDP, ABS, Madeira<\/td>\n<\/tr>\n<tr>\n<td class=\"sc-gVJvzJ gJVWHr\">Composi\u00e7\u00e3o do M\u00f3vel<\/td>\n<td>MDP, ABS, Madeira<\/td>\n<\/tr>\n<tr>\n<td class=\"sc-gVJvzJ gJVWHr\">Cor<\/td>\n<td>Cinamomo<\/td>\n<\/tr>\n<tr>\n<td class=\"sc-gVJvzJ gJVWHr\">Dimens\u00f5es do Produto<\/td>\n<td>Altura (m): 1,89; Largura (m): 1,03; Profundidade (m): 0,47<\/td>\n<\/tr>\n<tr>\n<td class=\"sc-gVJvzJ gJVWHr\">Gavetas<\/td>\n<td>2 &#8211; Tipo de Corredi\u00e7a: Met\u00e1licas<\/td>\n<\/tr>\n<tr>\n<td class=\"sc-gVJvzJ gJVWHr\">Material da Estrutura<\/td>\n<td>MDP<\/td>\n<\/tr>\n<tr>\n<td class=\"sc-gVJvzJ gJVWHr\">Material dos Componentes do M\u00f3vel<\/td>\n<td>MDP, ABS<\/td>\n<\/tr>\n<tr>\n<td class=\"sc-gVJvzJ gJVWHr\">Modelo<\/td>\n<td>\u00c2mbar 4 Portas<\/td>\n<\/tr>\n<tr>\n<td class=\"sc-gVJvzJ gJVWHr\">Peso do Produto<\/td>\n<td>53,75<\/td>\n<\/tr>\n<tr>\n<td class=\"sc-gVJvzJ gJVWHr\">Prateleiras<\/td>\n<td>3<\/td>\n<\/tr>\n<tr>\n<td class=\"sc-gVJvzJ gJVWHr\">Prazo de Garantia<\/td>\n<td>3 Meses<\/td>\n<\/tr>\n<tr>\n<td class=\"sc-gVJvzJ gJVWHr\">P\u00e9s<\/td>\n<td>4 &#8211; Material dos P\u00e9s: ABS<\/td>\n<\/tr>\n<tr>\n<td class=\"sc-gVJvzJ gJVWHr\">Quantidade de Gavetas<\/td>\n<td>2<\/td>\n<\/tr>\n<tr>\n<td class=\"sc-gVJvzJ gJVWHr\">Quantidade de Portas<\/td>\n<td>4<\/td>\n<\/tr>\n<tr>\n<td class=\"sc-gVJvzJ gJVWHr\">Refer\u00eancia<\/td>\n<td>ABZ<\/td>\n<\/tr>\n<tr>\n<td class=\"sc-gVJvzJ gJVWHr\">Revestimento<\/td>\n<td>Pintura UV<\/td>\n<\/tr>\n<tr>\n<td class=\"sc-gVJvzJ gJVWHr\">Sistema de Abertura de M\u00f3veis<\/td>\n<td>Bater<\/td>\n<\/tr>\n<tr>\n<td class=\"sc-gVJvzJ gJVWHr\">Tamanho do M\u00f3vel<\/td>\n<td>Altura (m): 1,89; Largura (m): 1,03; Profundidade (m): 0,47<\/td>\n<\/tr>\n<tr>\n<td class=\"sc-gVJvzJ gJVWHr\">Tipo de M\u00f3vel<\/td>\n<td>Guarda-Roupa<\/td>\n<\/tr>\n<tr>\n<td class=\"sc-gVJvzJ gJVWHr\">Tipo de Porta<\/td>\n<td>Bater<\/td>\n<\/tr>\n<\/tbody>\n<\/table>\n<\/td>\n<\/tr>\n<\/tbody>\n<\/table>\n<\/div>\n","protected":false},"featured_media":4133,"comment_status":"open","ping_status":"closed","template":"","meta":[],"product_brand":[],"product_cat":[78,71],"product_tag":[],"class_list":{"0":"post-434","1":"product","2":"type-product","3":"status-publish","4":"has-post-thumbnail","6":"product_cat-quartos","7":"product_cat-roupeiro","9":"first","10":"instock","11":"shipping-taxable","12":"purchasable","13":"product-type-simple"},"yoast_head":"<!-- This site is optimized with the Yoast SEO Premium plugin v23.3 (Yoast SEO v27.5) - https:\/\/yoast.com\/product\/yoast-seo-premium-wordpress\/ -->\n<title>ROUPEIRO ZANZINI PRIMORDIAL CINAMOMO\/AR2GEIA 4P - Lucas Eletro<\/title>\n<meta name=\"description\" content=\"ROUPEIRO ZANZINI NEW PRIMORDIAL CINAMOMO\/AR2GEIA 4P\" \/>\n<meta name=\"robots\" content=\"index, follow, max-snippet:-1, max-image-preview:large, max-video-preview:-1\" \/>\n<link rel=\"canonical\" href=\"https:\/\/lucaseletro.com.br\/?product=roupeiro-zanzini-new-primordial-cinamomo-areia-4p-2g\" \/>\n<meta property=\"og:locale\" content=\"pt_BR\" \/>\n<meta property=\"og:type\" content=\"article\" \/>\n<meta property=\"og:title\" content=\"ROUPEIRO ZANZINI PRIMORDIAL CINAMOMO\/AR2GEIA 4P - &#082;&#036;999,00 - Lucas Eletro\" \/>\n<meta property=\"og:description\" content=\"Informa\u00e7\u00f5es do Produto Guarda Roupa \u00c2mbar 4 Portas Cinamomo - ABZ  Produto: Guarda Roupa \u00c2mbar 4 Portas Cor: Cinamomo Puxadores Com Acabamento Metalizado Bronze Escala de Brilho: Fosco Altura (m): 1,89 Largura (m): 1,03 Profundidade (m): 0,47 Peso (kg): 53,75 Material: MDP Acabamento: Pintura Uv Material do Puxador: Abs Tipo de Cabideiro: Madeira Quantidade de Gavetas: 2 - Tipo de Corredi\u00e7a: Met\u00e1licas Quantidade de Portas: 4 - Tipo de Porta: Bater Quantidade de Prateleiras: 3 Rod\u00edzios: N\u00e3o Quantidade de P\u00e9s: 4 - Material dos P\u00e9s: ABS Necessita Montagem: SIM Espelho: Manuten\u00e7\u00e3o: Limpar Com Flanela Ou Pano Macio Seco, N\u00e3o Utilizar Produtos Abrasivos, Desengordurantes, \u00c1lcool Ou Solvente. N\u00e3o Expor O Produto Diretamente \u00c0 Luz Solar E \u00c0 Umidade. Garantia: 3 Meses          Informa\u00e7\u00f5es complementares     Acabamento Pintura UV   Cabide Indicado Madeira   Complexidade de Montagem SIM   Componentes do M\u00f3vel MDP, ABS, Madeira   Composi\u00e7\u00e3o do M\u00f3vel MDP, ABS, Madeira   Cor Cinamomo   Dimens\u00f5es do Produto Altura (m): 1,89; Largura (m): 1,03; Profundidade (m): 0,47   Gavetas 2 - Tipo de Corredi\u00e7a: Met\u00e1licas   Material da Estrutura MDP   Material dos Componentes do M\u00f3vel MDP, ABS   Modelo \u00c2mbar 4 Portas   Peso do Produto 53,75   Prateleiras 3   Prazo de Garantia 3 Meses   P\u00e9s 4 - Material dos P\u00e9s: ABS   Quantidade de Gavetas 2   Quantidade de Portas 4   Refer\u00eancia ABZ   Revestimento Pintura UV   Sistema de Abertura de M\u00f3veis Bater   Tamanho do M\u00f3vel Altura (m): 1,89; Largura (m): 1,03; Profundidade (m): 0,47   Tipo de M\u00f3vel Guarda-Roupa   Tipo de Porta Bater\" \/>\n<meta property=\"og:url\" content=\"https:\/\/lucaseletro.com.br\/?product=roupeiro-zanzini-new-primordial-cinamomo-areia-4p-2g\" \/>\n<meta property=\"og:site_name\" content=\"Lucas Eletro\" \/>\n<meta property=\"article:publisher\" content=\"https:\/\/www.facebook.com\/lucas.eletro.71\" \/>\n<meta property=\"article:modified_time\" content=\"2025-09-01T19:30:13+00:00\" \/>\n<meta property=\"og:image\" content=\"https:\/\/lucaseletro.com.br\/wp-content\/uploads\/2024\/07\/8e60fcee6fed137659653b68613df142.webp\" \/>\n\t<meta property=\"og:image:width\" content=\"560\" \/>\n\t<meta property=\"og:image:height\" content=\"560\" \/>\n\t<meta property=\"og:image:type\" content=\"image\/webp\" \/>\n<meta name=\"twitter:card\" content=\"summary_large_image\" \/>\n<meta name=\"twitter:label1\" content=\"Pre\u00e7o\" \/>\n\t<meta name=\"twitter:data1\" content=\"&#082;&#036;999,00\" \/>\n\t<meta name=\"twitter:label2\" content=\"Disponibilidade\" \/>\n\t<meta name=\"twitter:data2\" content=\"Em Estoque\" \/>\n<script type=\"application\/ld+json\" class=\"yoast-schema-graph\">{\"@context\":\"https:\\\/\\\/schema.org\",\"@graph\":[{\"@type\":\"WebPage\",\"@id\":\"https:\\\/\\\/lucaseletro.com.br\\\/?product=roupeiro-zanzini-new-primordial-cinamomo-areia-4p-2g\",\"url\":\"https:\\\/\\\/lucaseletro.com.br\\\/?product=roupeiro-zanzini-new-primordial-cinamomo-areia-4p-2g\",\"name\":\"ROUPEIRO ZANZINI PRIMORDIAL CINAMOMO\\\/AR2GEIA 4P - Lucas Eletro\",\"isPartOf\":{\"@id\":\"https:\\\/\\\/lucaseletro.com.br\\\/#website\"},\"primaryImageOfPage\":{\"@id\":\"https:\\\/\\\/lucaseletro.com.br\\\/?product=roupeiro-zanzini-new-primordial-cinamomo-areia-4p-2g#primaryimage\"},\"image\":{\"@id\":\"https:\\\/\\\/lucaseletro.com.br\\\/?product=roupeiro-zanzini-new-primordial-cinamomo-areia-4p-2g#primaryimage\"},\"thumbnailUrl\":\"https:\\\/\\\/lucaseletro.com.br\\\/wp-content\\\/uploads\\\/2024\\\/07\\\/8e60fcee6fed137659653b68613df142.webp\",\"datePublished\":\"2024-07-30T19:51:05+00:00\",\"dateModified\":\"2025-09-01T19:30:13+00:00\",\"description\":\"ROUPEIRO ZANZINI NEW PRIMORDIAL CINAMOMO\\\/AR2GEIA 4P\",\"breadcrumb\":{\"@id\":\"https:\\\/\\\/lucaseletro.com.br\\\/?product=roupeiro-zanzini-new-primordial-cinamomo-areia-4p-2g#breadcrumb\"},\"inLanguage\":\"pt-BR\",\"potentialAction\":[{\"@type\":\"ReadAction\",\"target\":[\"https:\\\/\\\/lucaseletro.com.br\\\/?product=roupeiro-zanzini-new-primordial-cinamomo-areia-4p-2g\"]}]},{\"@type\":\"ImageObject\",\"inLanguage\":\"pt-BR\",\"@id\":\"https:\\\/\\\/lucaseletro.com.br\\\/?product=roupeiro-zanzini-new-primordial-cinamomo-areia-4p-2g#primaryimage\",\"url\":\"https:\\\/\\\/lucaseletro.com.br\\\/wp-content\\\/uploads\\\/2024\\\/07\\\/8e60fcee6fed137659653b68613df142.webp\",\"contentUrl\":\"https:\\\/\\\/lucaseletro.com.br\\\/wp-content\\\/uploads\\\/2024\\\/07\\\/8e60fcee6fed137659653b68613df142.webp\",\"width\":560,\"height\":560},{\"@type\":\"BreadcrumbList\",\"@id\":\"https:\\\/\\\/lucaseletro.com.br\\\/?product=roupeiro-zanzini-new-primordial-cinamomo-areia-4p-2g#breadcrumb\",\"itemListElement\":[{\"@type\":\"ListItem\",\"position\":1,\"name\":\"In\u00edcio\",\"item\":\"https:\\\/\\\/lucaseletro.com.br\\\/\"},{\"@type\":\"ListItem\",\"position\":2,\"name\":\"Loja\",\"item\":\"https:\\\/\\\/lucaseletro.com.br\\\/?page_id=11\"},{\"@type\":\"ListItem\",\"position\":3,\"name\":\"ROUPEIRO ZANZINI PRIMORDIAL CINAMOMO\\\/AR2GEIA 4P\"}]},{\"@type\":\"WebSite\",\"@id\":\"https:\\\/\\\/lucaseletro.com.br\\\/#website\",\"url\":\"https:\\\/\\\/lucaseletro.com.br\\\/\",\"name\":\"Lucas Eletro\",\"description\":\"Realizando seus sonhos\",\"publisher\":{\"@id\":\"https:\\\/\\\/lucaseletro.com.br\\\/#organization\"},\"alternateName\":\"Lucas Eletro\",\"potentialAction\":[{\"@type\":\"SearchAction\",\"target\":{\"@type\":\"EntryPoint\",\"urlTemplate\":\"https:\\\/\\\/lucaseletro.com.br\\\/?s={search_term_string}\"},\"query-input\":{\"@type\":\"PropertyValueSpecification\",\"valueRequired\":true,\"valueName\":\"search_term_string\"}}],\"inLanguage\":\"pt-BR\"},{\"@type\":\"Organization\",\"@id\":\"https:\\\/\\\/lucaseletro.com.br\\\/#organization\",\"name\":\"Lucas Eletro\",\"alternateName\":\"Lucas Eletro\",\"url\":\"https:\\\/\\\/lucaseletro.com.br\\\/\",\"logo\":{\"@type\":\"ImageObject\",\"inLanguage\":\"pt-BR\",\"@id\":\"https:\\\/\\\/lucaseletro.com.br\\\/#\\\/schema\\\/logo\\\/image\\\/\",\"url\":\"https:\\\/\\\/lucaseletro.com.br\\\/wp-content\\\/uploads\\\/2024\\\/08\\\/Logo-WebP.webp\",\"contentUrl\":\"https:\\\/\\\/lucaseletro.com.br\\\/wp-content\\\/uploads\\\/2024\\\/08\\\/Logo-WebP.webp\",\"width\":1366,\"height\":457,\"caption\":\"Lucas Eletro\"},\"image\":{\"@id\":\"https:\\\/\\\/lucaseletro.com.br\\\/#\\\/schema\\\/logo\\\/image\\\/\"},\"sameAs\":[\"https:\\\/\\\/www.facebook.com\\\/lucas.eletro.71\"]}]}<\/script>\n<meta property=\"product:price:amount\" content=\"999.00\" \/>\n<meta property=\"product:price:currency\" content=\"BRL\" \/>\n<meta property=\"og:availability\" content=\"instock\" \/>\n<meta property=\"product:availability\" content=\"instock\" \/>\n<meta property=\"product:condition\" content=\"new\" \/>\n<!-- \/ Yoast SEO Premium plugin. -->","yoast_head_json":{"title":"ROUPEIRO ZANZINI PRIMORDIAL CINAMOMO\/AR2GEIA 4P - Lucas Eletro","description":"ROUPEIRO ZANZINI NEW PRIMORDIAL CINAMOMO\/AR2GEIA 4P","robots":{"index":"index","follow":"follow","max-snippet":"max-snippet:-1","max-image-preview":"max-image-preview:large","max-video-preview":"max-video-preview:-1"},"canonical":"https:\/\/lucaseletro.com.br\/?product=roupeiro-zanzini-new-primordial-cinamomo-areia-4p-2g","og_locale":"pt_BR","og_type":"article","og_title":"ROUPEIRO ZANZINI PRIMORDIAL CINAMOMO\/AR2GEIA 4P - &#82;&#36;999,00 - Lucas Eletro","og_description":"Informa\u00e7\u00f5es do Produto Guarda Roupa \u00c2mbar 4 Portas Cinamomo - ABZ  Produto: Guarda Roupa \u00c2mbar 4 Portas Cor: Cinamomo Puxadores Com Acabamento Metalizado Bronze Escala de Brilho: Fosco Altura (m): 1,89 Largura (m): 1,03 Profundidade (m): 0,47 Peso (kg): 53,75 Material: MDP Acabamento: Pintura Uv Material do Puxador: Abs Tipo de Cabideiro: Madeira Quantidade de Gavetas: 2 - Tipo de Corredi\u00e7a: Met\u00e1licas Quantidade de Portas: 4 - Tipo de Porta: Bater Quantidade de Prateleiras: 3 Rod\u00edzios: N\u00e3o Quantidade de P\u00e9s: 4 - Material dos P\u00e9s: ABS Necessita Montagem: SIM Espelho: Manuten\u00e7\u00e3o: Limpar Com Flanela Ou Pano Macio Seco, N\u00e3o Utilizar Produtos Abrasivos, Desengordurantes, \u00c1lcool Ou Solvente. N\u00e3o Expor O Produto Diretamente \u00c0 Luz Solar E \u00c0 Umidade. Garantia: 3 Meses          Informa\u00e7\u00f5es complementares     Acabamento Pintura UV   Cabide Indicado Madeira   Complexidade de Montagem SIM   Componentes do M\u00f3vel MDP, ABS, Madeira   Composi\u00e7\u00e3o do M\u00f3vel MDP, ABS, Madeira   Cor Cinamomo   Dimens\u00f5es do Produto Altura (m): 1,89; Largura (m): 1,03; Profundidade (m): 0,47   Gavetas 2 - Tipo de Corredi\u00e7a: Met\u00e1licas   Material da Estrutura MDP   Material dos Componentes do M\u00f3vel MDP, ABS   Modelo \u00c2mbar 4 Portas   Peso do Produto 53,75   Prateleiras 3   Prazo de Garantia 3 Meses   P\u00e9s 4 - Material dos P\u00e9s: ABS   Quantidade de Gavetas 2   Quantidade de Portas 4   Refer\u00eancia ABZ   Revestimento Pintura UV   Sistema de Abertura de M\u00f3veis Bater   Tamanho do M\u00f3vel Altura (m): 1,89; Largura (m): 1,03; Profundidade (m): 0,47   Tipo de M\u00f3vel Guarda-Roupa   Tipo de Porta Bater","og_url":"https:\/\/lucaseletro.com.br\/?product=roupeiro-zanzini-new-primordial-cinamomo-areia-4p-2g","og_site_name":"Lucas Eletro","article_publisher":"https:\/\/www.facebook.com\/lucas.eletro.71","article_modified_time":"2025-09-01T19:30:13+00:00","og_image":[{"width":560,"height":560,"url":"https:\/\/lucaseletro.com.br\/wp-content\/uploads\/2024\/07\/8e60fcee6fed137659653b68613df142.webp","type":"image\/webp"}],"twitter_card":"summary_large_image","twitter_misc":{"Pre\u00e7o":"&#82;&#36;999,00","Disponibilidade":"Em Estoque"},"schema":{"@context":"https:\/\/schema.org","@graph":[{"@type":"WebPage","@id":"https:\/\/lucaseletro.com.br\/?product=roupeiro-zanzini-new-primordial-cinamomo-areia-4p-2g","url":"https:\/\/lucaseletro.com.br\/?product=roupeiro-zanzini-new-primordial-cinamomo-areia-4p-2g","name":"ROUPEIRO ZANZINI PRIMORDIAL CINAMOMO\/AR2GEIA 4P - Lucas Eletro","isPartOf":{"@id":"https:\/\/lucaseletro.com.br\/#website"},"primaryImageOfPage":{"@id":"https:\/\/lucaseletro.com.br\/?product=roupeiro-zanzini-new-primordial-cinamomo-areia-4p-2g#primaryimage"},"image":{"@id":"https:\/\/lucaseletro.com.br\/?product=roupeiro-zanzini-new-primordial-cinamomo-areia-4p-2g#primaryimage"},"thumbnailUrl":"https:\/\/lucaseletro.com.br\/wp-content\/uploads\/2024\/07\/8e60fcee6fed137659653b68613df142.webp","datePublished":"2024-07-30T19:51:05+00:00","dateModified":"2025-09-01T19:30:13+00:00","description":"ROUPEIRO ZANZINI NEW PRIMORDIAL CINAMOMO\/AR2GEIA 4P","breadcrumb":{"@id":"https:\/\/lucaseletro.com.br\/?product=roupeiro-zanzini-new-primordial-cinamomo-areia-4p-2g#breadcrumb"},"inLanguage":"pt-BR","potentialAction":[{"@type":"ReadAction","target":["https:\/\/lucaseletro.com.br\/?product=roupeiro-zanzini-new-primordial-cinamomo-areia-4p-2g"]}]},{"@type":"ImageObject","inLanguage":"pt-BR","@id":"https:\/\/lucaseletro.com.br\/?product=roupeiro-zanzini-new-primordial-cinamomo-areia-4p-2g#primaryimage","url":"https:\/\/lucaseletro.com.br\/wp-content\/uploads\/2024\/07\/8e60fcee6fed137659653b68613df142.webp","contentUrl":"https:\/\/lucaseletro.com.br\/wp-content\/uploads\/2024\/07\/8e60fcee6fed137659653b68613df142.webp","width":560,"height":560},{"@type":"BreadcrumbList","@id":"https:\/\/lucaseletro.com.br\/?product=roupeiro-zanzini-new-primordial-cinamomo-areia-4p-2g#breadcrumb","itemListElement":[{"@type":"ListItem","position":1,"name":"In\u00edcio","item":"https:\/\/lucaseletro.com.br\/"},{"@type":"ListItem","position":2,"name":"Loja","item":"https:\/\/lucaseletro.com.br\/?page_id=11"},{"@type":"ListItem","position":3,"name":"ROUPEIRO ZANZINI PRIMORDIAL CINAMOMO\/AR2GEIA 4P"}]},{"@type":"WebSite","@id":"https:\/\/lucaseletro.com.br\/#website","url":"https:\/\/lucaseletro.com.br\/","name":"Lucas Eletro","description":"Realizando seus sonhos","publisher":{"@id":"https:\/\/lucaseletro.com.br\/#organization"},"alternateName":"Lucas Eletro","potentialAction":[{"@type":"SearchAction","target":{"@type":"EntryPoint","urlTemplate":"https:\/\/lucaseletro.com.br\/?s={search_term_string}"},"query-input":{"@type":"PropertyValueSpecification","valueRequired":true,"valueName":"search_term_string"}}],"inLanguage":"pt-BR"},{"@type":"Organization","@id":"https:\/\/lucaseletro.com.br\/#organization","name":"Lucas Eletro","alternateName":"Lucas Eletro","url":"https:\/\/lucaseletro.com.br\/","logo":{"@type":"ImageObject","inLanguage":"pt-BR","@id":"https:\/\/lucaseletro.com.br\/#\/schema\/logo\/image\/","url":"https:\/\/lucaseletro.com.br\/wp-content\/uploads\/2024\/08\/Logo-WebP.webp","contentUrl":"https:\/\/lucaseletro.com.br\/wp-content\/uploads\/2024\/08\/Logo-WebP.webp","width":1366,"height":457,"caption":"Lucas Eletro"},"image":{"@id":"https:\/\/lucaseletro.com.br\/#\/schema\/logo\/image\/"},"sameAs":["https:\/\/www.facebook.com\/lucas.eletro.71"]}]},"product_price_amount":"999.00","product_price_currency":"BRL","og_availability":"instock","product_availability":"instock","product_condition":"new"},"_links":{"self":[{"href":"https:\/\/lucaseletro.com.br\/index.php?rest_route=\/wp\/v2\/product\/434","targetHints":{"allow":["GET"]}}],"collection":[{"href":"https:\/\/lucaseletro.com.br\/index.php?rest_route=\/wp\/v2\/product"}],"about":[{"href":"https:\/\/lucaseletro.com.br\/index.php?rest_route=\/wp\/v2\/types\/product"}],"replies":[{"embeddable":true,"href":"https:\/\/lucaseletro.com.br\/index.php?rest_route=%2Fwp%2Fv2%2Fcomments&post=434"}],"wp:featuredmedia":[{"embeddable":true,"href":"https:\/\/lucaseletro.com.br\/index.php?rest_route=\/wp\/v2\/media\/4133"}],"wp:attachment":[{"href":"https:\/\/lucaseletro.com.br\/index.php?rest_route=%2Fwp%2Fv2%2Fmedia&parent=434"}],"wp:term":[{"taxonomy":"product_brand","embeddable":true,"href":"https:\/\/lucaseletro.com.br\/index.php?rest_route=%2Fwp%2Fv2%2Fproduct_brand&post=434"},{"taxonomy":"product_cat","embeddable":true,"href":"https:\/\/lucaseletro.com.br\/index.php?rest_route=%2Fwp%2Fv2%2Fproduct_cat&post=434"},{"taxonomy":"product_tag","embeddable":true,"href":"https:\/\/lucaseletro.com.br\/index.php?rest_route=%2Fwp%2Fv2%2Fproduct_tag&post=434"}],"curies":[{"name":"wp","href":"https:\/\/api.w.org\/{rel}","templated":true}]}}