{"id":4632,"date":"2026-04-04T10:15:16","date_gmt":"2026-04-04T13:15:16","guid":{"rendered":"https:\/\/lucaseletro.com.br\/?post_type=product&#038;p=4632"},"modified":"2026-04-04T10:24:34","modified_gmt":"2026-04-04T13:24:34","slug":"sofa-conquista","status":"publish","type":"product","link":"https:\/\/lucaseletro.com.br\/?product=sofa-conquista","title":{"rendered":"Sof\u00e1 Conquista"},"content":{"rendered":"<p data-start=\"83\" data-end=\"168\"><strong data-start=\"83\" data-end=\"90\">P\u00c9S<\/strong><br data-start=\"90\" data-end=\"93\" \/>Os p\u00e9s s\u00e3o fabricados em pinus, na cor tabaco, e j\u00e1 v\u00e3o fixados no produto.<\/p>\n<p data-start=\"170\" data-end=\"328\"><strong data-start=\"170\" data-end=\"180\">BRA\u00c7OS<\/strong><br data-start=\"180\" data-end=\"183\" \/>Bra\u00e7os padr\u00e3o com 25 cm almofadados ou bra\u00e7os quadrados retos com 20 cm ou 25 cm. Bra\u00e7os parafusados, facilitando a desmontagem, caso necess\u00e1rio.<\/p>\n<p data-start=\"330\" data-end=\"640\"><strong data-start=\"330\" data-end=\"341\">ASSENTO<\/strong><br data-start=\"341\" data-end=\"344\" \/>Assentos com mecanismos feitos com tubos de a\u00e7o e retr\u00e1til de metal, percintas el\u00e1sticas italianas, transpassadas e entrela\u00e7adas por uma percintadora autom\u00e1tica; molas espirais, molas pocket (ensacadas), espuma\u00e7\u00e3o hipersoft D28 e manta acr\u00edlica siliconada, totalizando 20 cm de altura no assento.<\/p>\n<p data-start=\"642\" data-end=\"776\"><strong data-start=\"642\" data-end=\"655\">ESTRUTURA<\/strong><br data-start=\"655\" data-end=\"658\" \/>Madeira de eucalipto reflorestada, seca e imunizada. Os m\u00f3dulos s\u00e3o unidos por sistemas de macho e f\u00eamea galvanizados.<\/p>\n<p data-start=\"778\" data-end=\"926\"><strong data-start=\"778\" data-end=\"789\">ENCOSTO<\/strong><br data-start=\"789\" data-end=\"792\" \/>Sistema de catraca blindada reclin\u00e1vel com 6 est\u00e1gios, com encaixe que permite f\u00e1cil desmontagem e almofadas 100% de fibra siliconada.<\/p>\n<p data-start=\"928\" data-end=\"999\"><strong data-start=\"928\" data-end=\"940\">OPCIONAL<\/strong><br data-start=\"940\" data-end=\"943\" \/>Fabricamos na op\u00e7\u00e3o invertida.<br data-start=\"973\" data-end=\"976\" \/>Chaise menor de 180 cm.<\/p>\n","protected":false},"excerpt":{"rendered":"<h1 class=\"product_title entry-title elementor-heading-title elementor-size-default\">Sof\u00e1 Conquista<\/h1>\n<p>Sof\u00e1 \u00f3timo para sua fam\u00edlia, bem confort\u00e1vel e reclin\u00e1vel com um excelente estofamento e arma\u00e7\u00e3o em Madeira de eucalipto reflorestada<\/p>\n","protected":false},"featured_media":4630,"comment_status":"closed","ping_status":"closed","template":"","meta":[],"product_brand":[],"product_cat":[84],"product_tag":[88],"class_list":{"0":"post-4632","1":"product","2":"type-product","3":"status-publish","4":"has-post-thumbnail","6":"product_cat-sofas","7":"product_tag-sofas","9":"first","10":"instock","11":"shipping-taxable","12":"purchasable","13":"product-type-simple"},"yoast_head":"<!-- This site is optimized with the Yoast SEO Premium plugin v23.3 (Yoast SEO v27.4) - https:\/\/yoast.com\/product\/yoast-seo-premium-wordpress\/ -->\n<title>Sof\u00e1 Conquista - Lucas Eletro<\/title>\n<meta name=\"robots\" content=\"index, follow, max-snippet:-1, max-image-preview:large, max-video-preview:-1\" \/>\n<link rel=\"canonical\" href=\"https:\/\/lucaseletro.com.br\/?product=sofa-conquista\" \/>\n<meta property=\"og:locale\" content=\"pt_BR\" \/>\n<meta property=\"og:type\" content=\"article\" \/>\n<meta property=\"og:title\" content=\"Sof\u00e1 Conquista - &#082;&#036;4.999,00 - Lucas Eletro\" \/>\n<meta property=\"og:description\" content=\"Sof\u00e1 Conquista Sof\u00e1 \u00f3timo para sua fam\u00edlia, bem confort\u00e1vel e reclin\u00e1vel com um excelente estofamento e arma\u00e7\u00e3o em Madeira de eucalipto reflorestada\" \/>\n<meta property=\"og:url\" content=\"https:\/\/lucaseletro.com.br\/?product=sofa-conquista\" \/>\n<meta property=\"og:site_name\" content=\"Lucas Eletro\" \/>\n<meta property=\"article:publisher\" content=\"https:\/\/www.facebook.com\/lucas.eletro.71\" \/>\n<meta property=\"article:modified_time\" content=\"2026-04-04T13:24:34+00:00\" \/>\n<meta property=\"og:image\" content=\"https:\/\/lucaseletro.com.br\/wp-content\/uploads\/2026\/04\/SOFA-CONQUISTA-2-2.webp\" \/>\n\t<meta property=\"og:image:width\" content=\"1200\" \/>\n\t<meta property=\"og:image:height\" content=\"800\" \/>\n\t<meta property=\"og:image:type\" content=\"image\/webp\" \/>\n<meta name=\"twitter:card\" content=\"summary_large_image\" \/>\n<meta name=\"twitter:label1\" content=\"Pre\u00e7o\" \/>\n\t<meta name=\"twitter:data1\" content=\"&#082;&#036;4.999,00\" \/>\n\t<meta name=\"twitter:label2\" content=\"Disponibilidade\" \/>\n\t<meta name=\"twitter:data2\" content=\"Em Estoque\" \/>\n<script type=\"application\/ld+json\" class=\"yoast-schema-graph\">{\"@context\":\"https:\\\/\\\/schema.org\",\"@graph\":[{\"@type\":\"WebPage\",\"@id\":\"https:\\\/\\\/lucaseletro.com.br\\\/?product=sofa-conquista\",\"url\":\"https:\\\/\\\/lucaseletro.com.br\\\/?product=sofa-conquista\",\"name\":\"Sof\u00e1 Conquista - Lucas Eletro\",\"isPartOf\":{\"@id\":\"https:\\\/\\\/lucaseletro.com.br\\\/#website\"},\"primaryImageOfPage\":{\"@id\":\"https:\\\/\\\/lucaseletro.com.br\\\/?product=sofa-conquista#primaryimage\"},\"image\":{\"@id\":\"https:\\\/\\\/lucaseletro.com.br\\\/?product=sofa-conquista#primaryimage\"},\"thumbnailUrl\":\"https:\\\/\\\/lucaseletro.com.br\\\/wp-content\\\/uploads\\\/2026\\\/04\\\/SOFA-CONQUISTA-2-2.webp\",\"datePublished\":\"2026-04-04T13:15:16+00:00\",\"dateModified\":\"2026-04-04T13:24:34+00:00\",\"breadcrumb\":{\"@id\":\"https:\\\/\\\/lucaseletro.com.br\\\/?product=sofa-conquista#breadcrumb\"},\"inLanguage\":\"pt-BR\",\"potentialAction\":[{\"@type\":\"ReadAction\",\"target\":[\"https:\\\/\\\/lucaseletro.com.br\\\/?product=sofa-conquista\"]}]},{\"@type\":\"ImageObject\",\"inLanguage\":\"pt-BR\",\"@id\":\"https:\\\/\\\/lucaseletro.com.br\\\/?product=sofa-conquista#primaryimage\",\"url\":\"https:\\\/\\\/lucaseletro.com.br\\\/wp-content\\\/uploads\\\/2026\\\/04\\\/SOFA-CONQUISTA-2-2.webp\",\"contentUrl\":\"https:\\\/\\\/lucaseletro.com.br\\\/wp-content\\\/uploads\\\/2026\\\/04\\\/SOFA-CONQUISTA-2-2.webp\",\"width\":1200,\"height\":800},{\"@type\":\"BreadcrumbList\",\"@id\":\"https:\\\/\\\/lucaseletro.com.br\\\/?product=sofa-conquista#breadcrumb\",\"itemListElement\":[{\"@type\":\"ListItem\",\"position\":1,\"name\":\"In\u00edcio\",\"item\":\"https:\\\/\\\/lucaseletro.com.br\\\/\"},{\"@type\":\"ListItem\",\"position\":2,\"name\":\"Loja\",\"item\":\"https:\\\/\\\/lucaseletro.com.br\\\/?page_id=11\"},{\"@type\":\"ListItem\",\"position\":3,\"name\":\"Sof\u00e1 Conquista\"}]},{\"@type\":\"WebSite\",\"@id\":\"https:\\\/\\\/lucaseletro.com.br\\\/#website\",\"url\":\"https:\\\/\\\/lucaseletro.com.br\\\/\",\"name\":\"Lucas Eletro\",\"description\":\"Realizando seus sonhos\",\"publisher\":{\"@id\":\"https:\\\/\\\/lucaseletro.com.br\\\/#organization\"},\"alternateName\":\"Lucas Eletro\",\"potentialAction\":[{\"@type\":\"SearchAction\",\"target\":{\"@type\":\"EntryPoint\",\"urlTemplate\":\"https:\\\/\\\/lucaseletro.com.br\\\/?s={search_term_string}\"},\"query-input\":{\"@type\":\"PropertyValueSpecification\",\"valueRequired\":true,\"valueName\":\"search_term_string\"}}],\"inLanguage\":\"pt-BR\"},{\"@type\":\"Organization\",\"@id\":\"https:\\\/\\\/lucaseletro.com.br\\\/#organization\",\"name\":\"Lucas Eletro\",\"alternateName\":\"Lucas Eletro\",\"url\":\"https:\\\/\\\/lucaseletro.com.br\\\/\",\"logo\":{\"@type\":\"ImageObject\",\"inLanguage\":\"pt-BR\",\"@id\":\"https:\\\/\\\/lucaseletro.com.br\\\/#\\\/schema\\\/logo\\\/image\\\/\",\"url\":\"https:\\\/\\\/lucaseletro.com.br\\\/wp-content\\\/uploads\\\/2024\\\/08\\\/Logo-WebP.webp\",\"contentUrl\":\"https:\\\/\\\/lucaseletro.com.br\\\/wp-content\\\/uploads\\\/2024\\\/08\\\/Logo-WebP.webp\",\"width\":1366,\"height\":457,\"caption\":\"Lucas Eletro\"},\"image\":{\"@id\":\"https:\\\/\\\/lucaseletro.com.br\\\/#\\\/schema\\\/logo\\\/image\\\/\"},\"sameAs\":[\"https:\\\/\\\/www.facebook.com\\\/lucas.eletro.71\"]}]}<\/script>\n<meta property=\"product:price:amount\" content=\"4999.00\" \/>\n<meta property=\"product:price:currency\" content=\"BRL\" \/>\n<meta property=\"og:availability\" content=\"instock\" \/>\n<meta property=\"product:availability\" content=\"instock\" \/>\n<meta property=\"product:retailer_item_id\" content=\"sore641\" \/>\n<meta property=\"product:condition\" content=\"new\" \/>\n<!-- \/ Yoast SEO Premium plugin. -->","yoast_head_json":{"title":"Sof\u00e1 Conquista - Lucas Eletro","robots":{"index":"index","follow":"follow","max-snippet":"max-snippet:-1","max-image-preview":"max-image-preview:large","max-video-preview":"max-video-preview:-1"},"canonical":"https:\/\/lucaseletro.com.br\/?product=sofa-conquista","og_locale":"pt_BR","og_type":"article","og_title":"Sof\u00e1 Conquista - &#82;&#36;4.999,00 - Lucas Eletro","og_description":"Sof\u00e1 Conquista Sof\u00e1 \u00f3timo para sua fam\u00edlia, bem confort\u00e1vel e reclin\u00e1vel com um excelente estofamento e arma\u00e7\u00e3o em Madeira de eucalipto reflorestada","og_url":"https:\/\/lucaseletro.com.br\/?product=sofa-conquista","og_site_name":"Lucas Eletro","article_publisher":"https:\/\/www.facebook.com\/lucas.eletro.71","article_modified_time":"2026-04-04T13:24:34+00:00","og_image":[{"width":1200,"height":800,"url":"https:\/\/lucaseletro.com.br\/wp-content\/uploads\/2026\/04\/SOFA-CONQUISTA-2-2.webp","type":"image\/webp"}],"twitter_card":"summary_large_image","twitter_misc":{"Pre\u00e7o":"&#82;&#36;4.999,00","Disponibilidade":"Em Estoque"},"schema":{"@context":"https:\/\/schema.org","@graph":[{"@type":"WebPage","@id":"https:\/\/lucaseletro.com.br\/?product=sofa-conquista","url":"https:\/\/lucaseletro.com.br\/?product=sofa-conquista","name":"Sof\u00e1 Conquista - Lucas Eletro","isPartOf":{"@id":"https:\/\/lucaseletro.com.br\/#website"},"primaryImageOfPage":{"@id":"https:\/\/lucaseletro.com.br\/?product=sofa-conquista#primaryimage"},"image":{"@id":"https:\/\/lucaseletro.com.br\/?product=sofa-conquista#primaryimage"},"thumbnailUrl":"https:\/\/lucaseletro.com.br\/wp-content\/uploads\/2026\/04\/SOFA-CONQUISTA-2-2.webp","datePublished":"2026-04-04T13:15:16+00:00","dateModified":"2026-04-04T13:24:34+00:00","breadcrumb":{"@id":"https:\/\/lucaseletro.com.br\/?product=sofa-conquista#breadcrumb"},"inLanguage":"pt-BR","potentialAction":[{"@type":"ReadAction","target":["https:\/\/lucaseletro.com.br\/?product=sofa-conquista"]}]},{"@type":"ImageObject","inLanguage":"pt-BR","@id":"https:\/\/lucaseletro.com.br\/?product=sofa-conquista#primaryimage","url":"https:\/\/lucaseletro.com.br\/wp-content\/uploads\/2026\/04\/SOFA-CONQUISTA-2-2.webp","contentUrl":"https:\/\/lucaseletro.com.br\/wp-content\/uploads\/2026\/04\/SOFA-CONQUISTA-2-2.webp","width":1200,"height":800},{"@type":"BreadcrumbList","@id":"https:\/\/lucaseletro.com.br\/?product=sofa-conquista#breadcrumb","itemListElement":[{"@type":"ListItem","position":1,"name":"In\u00edcio","item":"https:\/\/lucaseletro.com.br\/"},{"@type":"ListItem","position":2,"name":"Loja","item":"https:\/\/lucaseletro.com.br\/?page_id=11"},{"@type":"ListItem","position":3,"name":"Sof\u00e1 Conquista"}]},{"@type":"WebSite","@id":"https:\/\/lucaseletro.com.br\/#website","url":"https:\/\/lucaseletro.com.br\/","name":"Lucas Eletro","description":"Realizando seus sonhos","publisher":{"@id":"https:\/\/lucaseletro.com.br\/#organization"},"alternateName":"Lucas Eletro","potentialAction":[{"@type":"SearchAction","target":{"@type":"EntryPoint","urlTemplate":"https:\/\/lucaseletro.com.br\/?s={search_term_string}"},"query-input":{"@type":"PropertyValueSpecification","valueRequired":true,"valueName":"search_term_string"}}],"inLanguage":"pt-BR"},{"@type":"Organization","@id":"https:\/\/lucaseletro.com.br\/#organization","name":"Lucas Eletro","alternateName":"Lucas Eletro","url":"https:\/\/lucaseletro.com.br\/","logo":{"@type":"ImageObject","inLanguage":"pt-BR","@id":"https:\/\/lucaseletro.com.br\/#\/schema\/logo\/image\/","url":"https:\/\/lucaseletro.com.br\/wp-content\/uploads\/2024\/08\/Logo-WebP.webp","contentUrl":"https:\/\/lucaseletro.com.br\/wp-content\/uploads\/2024\/08\/Logo-WebP.webp","width":1366,"height":457,"caption":"Lucas Eletro"},"image":{"@id":"https:\/\/lucaseletro.com.br\/#\/schema\/logo\/image\/"},"sameAs":["https:\/\/www.facebook.com\/lucas.eletro.71"]}]},"product_price_amount":"4999.00","product_price_currency":"BRL","og_availability":"instock","product_availability":"instock","product_retailer_item_id":"sore641","product_condition":"new"},"_links":{"self":[{"href":"https:\/\/lucaseletro.com.br\/index.php?rest_route=\/wp\/v2\/product\/4632","targetHints":{"allow":["GET"]}}],"collection":[{"href":"https:\/\/lucaseletro.com.br\/index.php?rest_route=\/wp\/v2\/product"}],"about":[{"href":"https:\/\/lucaseletro.com.br\/index.php?rest_route=\/wp\/v2\/types\/product"}],"replies":[{"embeddable":true,"href":"https:\/\/lucaseletro.com.br\/index.php?rest_route=%2Fwp%2Fv2%2Fcomments&post=4632"}],"wp:featuredmedia":[{"embeddable":true,"href":"https:\/\/lucaseletro.com.br\/index.php?rest_route=\/wp\/v2\/media\/4630"}],"wp:attachment":[{"href":"https:\/\/lucaseletro.com.br\/index.php?rest_route=%2Fwp%2Fv2%2Fmedia&parent=4632"}],"wp:term":[{"taxonomy":"product_brand","embeddable":true,"href":"https:\/\/lucaseletro.com.br\/index.php?rest_route=%2Fwp%2Fv2%2Fproduct_brand&post=4632"},{"taxonomy":"product_cat","embeddable":true,"href":"https:\/\/lucaseletro.com.br\/index.php?rest_route=%2Fwp%2Fv2%2Fproduct_cat&post=4632"},{"taxonomy":"product_tag","embeddable":true,"href":"https:\/\/lucaseletro.com.br\/index.php?rest_route=%2Fwp%2Fv2%2Fproduct_tag&post=4632"}],"curies":[{"name":"wp","href":"https:\/\/api.w.org\/{rel}","templated":true}]}}