{"id":4763,"date":"2026-04-10T14:21:24","date_gmt":"2026-04-10T17:21:24","guid":{"rendered":"https:\/\/lucaseletro.com.br\/?post_type=product&#038;p=4763"},"modified":"2026-04-10T14:21:26","modified_gmt":"2026-04-10T17:21:26","slug":"celular-positivo-p25-2","status":"publish","type":"product","link":"https:\/\/lucaseletro.com.br\/?product=celular-positivo-p25-2","title":{"rendered":"CELULAR POSITIVO P25"},"content":{"rendered":"<div class=\"otQkpb\" role=\"heading\" aria-level=\"3\" data-animation-nesting=\"\" data-sfc-cp=\"\" data-sfc-root=\"c\" data-sfc-cb=\"\" data-processed=\"true\">&#x1f4cb; Ficha T\u00e9cnica Resumida (Positivo P25)<\/div>\n<ul class=\"KsbFXc U6u95\" data-sfc-root=\"c\" data-sfc-cb=\"\" data-processed=\"true\">\n<li class=\"dF3vjf\" data-sfc-root=\"c\" data-sfc-cb=\"\" data-hveid=\"CAkQAA\"><span class=\"T286Pc\" data-sfc-cp=\"\" data-sfc-root=\"c\" data-sfc-cb=\"\"><strong class=\"Yjhzub\" data-sfc-root=\"c\" data-sfc-cb=\"\">Marca:<\/strong>\u00a0Positivo<\/span><\/li>\n<li class=\"dF3vjf\" data-sfc-root=\"c\" data-sfc-cb=\"\" data-hveid=\"CAkQAQ\"><span class=\"T286Pc\" data-sfc-cp=\"\" data-sfc-root=\"c\" data-sfc-cb=\"\"><strong class=\"Yjhzub\" data-sfc-root=\"c\" data-sfc-cb=\"\">Modelo:<\/strong>\u00a0P25<\/span><\/li>\n<li class=\"dF3vjf\" data-sfc-root=\"c\" data-sfc-cb=\"\" data-hveid=\"CAkQAg\"><span class=\"T286Pc\" data-sfc-cp=\"\" data-sfc-root=\"c\" data-sfc-cb=\"\"><strong class=\"Yjhzub\" data-sfc-root=\"c\" data-sfc-cb=\"\">Rede:<\/strong>\u00a02G (Dual Chip)<\/span><\/li>\n<li class=\"dF3vjf\" data-sfc-root=\"c\" data-sfc-cb=\"\" data-hveid=\"CAkQAw\"><span class=\"T286Pc\" data-sfc-cp=\"\" data-sfc-root=\"c\" data-sfc-cb=\"\"><strong class=\"Yjhzub\" data-sfc-root=\"c\" data-sfc-cb=\"\">Tela:<\/strong>\u00a01.8&#8243; TFT (128&#215;160 pixels)<\/span><\/li>\n<li class=\"dF3vjf\" data-sfc-root=\"c\" data-sfc-cb=\"\" data-hveid=\"CAkQBA\"><span class=\"T286Pc\" data-sfc-cp=\"\" data-sfc-root=\"c\" data-sfc-cb=\"\"><strong class=\"Yjhzub\" data-sfc-root=\"c\" data-sfc-cb=\"\">Mem\u00f3ria RAM:<\/strong>\u00a032 MB<\/span><\/li>\n<li class=\"dF3vjf\" data-sfc-root=\"c\" data-sfc-cb=\"\" data-hveid=\"CAkQBQ\"><span class=\"T286Pc\" data-sfc-cp=\"\" data-sfc-root=\"c\" data-sfc-cb=\"\"><strong class=\"Yjhzub\" data-sfc-root=\"c\" data-sfc-cb=\"\">C\u00e2mera:<\/strong>\u00a0VGA (0.3 MP)<\/span><\/li>\n<li class=\"dF3vjf\" data-sfc-root=\"c\" data-sfc-cb=\"\" data-hveid=\"CAkQBg\"><span class=\"T286Pc\" data-sfc-cp=\"\" data-sfc-root=\"c\" data-sfc-cb=\"\"><strong class=\"Yjhzub\" data-sfc-root=\"c\" data-sfc-cb=\"\">Bateria:<\/strong>\u00a0800 mAh (Remov\u00edvel)<\/span><\/li>\n<li class=\"dF3vjf\" data-sfc-root=\"c\" data-sfc-cb=\"\" data-hveid=\"CAkQBw\"><span class=\"T286Pc\" data-sfc-cp=\"\" data-sfc-root=\"c\" data-sfc-cb=\"\"><strong class=\"Yjhzub\" data-sfc-root=\"c\" data-sfc-cb=\"\">Conectividade:<\/strong>\u00a0Bluetooth, MicroUSB (Carregador)<\/span><\/li>\n<li class=\"dF3vjf\" data-sfc-root=\"c\" data-sfc-cb=\"\" data-hveid=\"CAkQCA\"><span class=\"T286Pc\" data-sfc-cp=\"\" data-sfc-root=\"c\" data-sfc-cb=\"\"><strong class=\"Yjhzub\" data-sfc-root=\"c\" data-sfc-cb=\"\">Recursos:<\/strong>\u00a0Lanterna, R\u00e1dio FM, Calculadora, Alarme<\/span><\/li>\n<li class=\"dF3vjf\" data-sfc-root=\"c\" data-sfc-cb=\"\" data-hveid=\"CAkQCQ\"><span class=\"T286Pc\" data-sfc-cp=\"\" data-sfc-root=\"c\" data-sfc-cb=\"\"><strong class=\"Yjhzub\" data-sfc-root=\"c\" data-sfc-cb=\"\">Dimens\u00f5es:<\/strong>\u00a011.1 cm x 4.7 cm x 1.39 cm<\/span><\/li>\n<li class=\"dF3vjf\" data-sfc-root=\"c\" data-sfc-cb=\"\" data-hveid=\"CAkQCg\"><span class=\"T286Pc\" data-sfc-cp=\"\" data-sfc-root=\"c\" data-sfc-cb=\"\"><strong class=\"Yjhzub\" data-sfc-root=\"c\" data-sfc-cb=\"\">Peso:<\/strong>\u00a065g<\/span><\/li>\n<\/ul>\n<div class=\"Fsg96\" data-sfc-cp=\"\" data-sfc-root=\"c\" data-sfc-cb=\"\" data-processed=\"true\"><\/div>\n<div class=\"otQkpb\" role=\"heading\" aria-level=\"3\" data-animation-nesting=\"\" data-sfc-cp=\"\" data-sfc-root=\"c\" data-sfc-cb=\"\" data-processed=\"true\">&#x1f4e6; Conte\u00fado da Embalagem<\/div>\n<ul class=\"KsbFXc U6u95\" data-sfc-root=\"c\" data-sfc-cb=\"\" data-processed=\"true\">\n<li class=\"dF3vjf\" data-sfc-root=\"c\" data-sfc-cb=\"\" data-hveid=\"CAoQAA\"><span class=\"T286Pc\" data-sfc-cp=\"\" data-sfc-root=\"c\" data-sfc-cb=\"\">1 Celular Positivo P25<\/span><\/li>\n<li class=\"dF3vjf\" data-sfc-root=\"c\" data-sfc-cb=\"\" data-hveid=\"CAoQAQ\"><span class=\"T286Pc\" data-sfc-cp=\"\" data-sfc-root=\"c\" data-sfc-cb=\"\">1 Bateria<\/span><\/li>\n<li class=\"dF3vjf\" data-sfc-root=\"c\" data-sfc-cb=\"\" data-hveid=\"CAoQAg\"><span class=\"T286Pc\" data-sfc-cp=\"\" data-sfc-root=\"c\" data-sfc-cb=\"\">1 Carregador<\/span><\/li>\n<li class=\"dF3vjf\" data-sfc-root=\"c\" data-sfc-cb=\"\" data-hveid=\"CAoQAw\"><span class=\"T286Pc\" data-sfc-cp=\"\" data-sfc-root=\"c\" data-sfc-cb=\"\">1 Guia R\u00e1pido<\/span><\/li>\n<\/ul>\n","protected":false},"excerpt":{"rendered":"<div class=\"otQkpb\" role=\"heading\" aria-level=\"3\" data-animation-nesting=\"\" data-sfc-cp=\"\" data-sfc-root=\"c\" data-sfc-cb=\"\" data-processed=\"true\">Celular Positivo P25: Simplicidade e Funcionalidade no Seu Dia a Dia<\/div>\n<div class=\"Y3BBE\" data-sfc-cp=\"\" data-sfc-root=\"c\" data-sfc-cb=\"\" data-hveid=\"CAMQAA\" data-processed=\"true\">O\u00a0<strong class=\"Yjhzub\" data-sfc-root=\"c\" data-sfc-cb=\"\">Positivo P25<\/strong>\u00a0\u00e9 o telefone celular ideal para quem busca praticidade, durabilidade e facilidade de uso, sem complica\u00e7\u00f5es. Com um design ergon\u00f4mico, compacto e bot\u00f5es de navega\u00e7\u00e3o com acabamento Black Piano, ele oferece um visual moderno e manuseio confort\u00e1vel.<\/div>\n<div class=\"Y3BBE\" data-sfc-cp=\"\" data-sfc-root=\"c\" data-sfc-cb=\"\" data-hveid=\"CAQQAA\" data-processed=\"true\">Perfeito para quem prioriza liga\u00e7\u00f5es claras, mensagens de texto (SMS) e ferramentas b\u00e1sicas de comunica\u00e7\u00e3o, o P25 combina a tradi\u00e7\u00e3o dos celulares de teclado com a tecnologia de 2 chips<\/div>\n","protected":false},"featured_media":4765,"comment_status":"open","ping_status":"closed","template":"","meta":[],"product_brand":[105],"product_cat":[92],"product_tag":[106],"class_list":{"0":"post-4763","1":"product","2":"type-product","3":"status-publish","4":"has-post-thumbnail","6":"product_brand-positivo","7":"product_cat-celulares","8":"product_tag-cepo","10":"first","11":"outofstock","12":"shipping-taxable","13":"purchasable","14":"product-type-simple"},"yoast_head":"<!-- This site is optimized with the Yoast SEO Premium plugin v23.3 (Yoast SEO v27.4) - https:\/\/yoast.com\/product\/yoast-seo-premium-wordpress\/ -->\n<title>CELULAR POSITIVO P25 - Lucas Eletro<\/title>\n<meta name=\"robots\" content=\"index, follow, max-snippet:-1, max-image-preview:large, max-video-preview:-1\" \/>\n<link rel=\"canonical\" href=\"https:\/\/lucaseletro.com.br\/?product=celular-positivo-p25-2\" \/>\n<meta property=\"og:locale\" content=\"pt_BR\" \/>\n<meta property=\"og:type\" content=\"article\" \/>\n<meta property=\"og:title\" content=\"CELULAR POSITIVO P25 - &#082;&#036;199,00 - Lucas Eletro\" \/>\n<meta property=\"og:description\" content=\"Celular Positivo P25: Simplicidade e Funcionalidade no Seu Dia a Dia O\u00a0Positivo P25\u00a0\u00e9 o telefone celular ideal para quem busca praticidade, durabilidade e facilidade de uso, sem complica\u00e7\u00f5es. Com um design ergon\u00f4mico, compacto e bot\u00f5es de navega\u00e7\u00e3o com acabamento Black Piano, ele oferece um visual moderno e manuseio confort\u00e1vel. Perfeito para quem prioriza liga\u00e7\u00f5es claras, mensagens de texto (SMS) e ferramentas b\u00e1sicas de comunica\u00e7\u00e3o, o P25 combina a tradi\u00e7\u00e3o dos celulares de teclado com a tecnologia de 2 chips\" \/>\n<meta property=\"og:url\" content=\"https:\/\/lucaseletro.com.br\/?product=celular-positivo-p25-2\" \/>\n<meta property=\"og:site_name\" content=\"Lucas Eletro\" \/>\n<meta property=\"article:publisher\" content=\"https:\/\/www.facebook.com\/lucas.eletro.71\" \/>\n<meta property=\"article:modified_time\" content=\"2026-04-10T17:21:26+00:00\" \/>\n<meta property=\"og:image\" content=\"https:\/\/lucaseletro.com.br\/wp-content\/uploads\/2026\/04\/CELULAR-POSITIVO-P25-FRENTE2.webp\" \/>\n\t<meta property=\"og:image:width\" content=\"506\" \/>\n\t<meta property=\"og:image:height\" content=\"1199\" \/>\n\t<meta property=\"og:image:type\" content=\"image\/webp\" \/>\n<meta name=\"twitter:card\" content=\"summary_large_image\" \/>\n<meta name=\"twitter:label1\" content=\"Pre\u00e7o\" \/>\n\t<meta name=\"twitter:data1\" content=\"&#082;&#036;199,00\" \/>\n\t<meta name=\"twitter:label2\" content=\"Disponibilidade\" \/>\n\t<meta name=\"twitter:data2\" content=\"Fora de estoque\" \/>\n<script type=\"application\/ld+json\" class=\"yoast-schema-graph\">{\"@context\":\"https:\\\/\\\/schema.org\",\"@graph\":[{\"@type\":\"WebPage\",\"@id\":\"https:\\\/\\\/lucaseletro.com.br\\\/?product=celular-positivo-p25-2\",\"url\":\"https:\\\/\\\/lucaseletro.com.br\\\/?product=celular-positivo-p25-2\",\"name\":\"CELULAR POSITIVO P25 - Lucas Eletro\",\"isPartOf\":{\"@id\":\"https:\\\/\\\/lucaseletro.com.br\\\/#website\"},\"primaryImageOfPage\":{\"@id\":\"https:\\\/\\\/lucaseletro.com.br\\\/?product=celular-positivo-p25-2#primaryimage\"},\"image\":{\"@id\":\"https:\\\/\\\/lucaseletro.com.br\\\/?product=celular-positivo-p25-2#primaryimage\"},\"thumbnailUrl\":\"https:\\\/\\\/lucaseletro.com.br\\\/wp-content\\\/uploads\\\/2026\\\/04\\\/CELULAR-POSITIVO-P25-FRENTE2.webp\",\"datePublished\":\"2026-04-10T17:21:24+00:00\",\"dateModified\":\"2026-04-10T17:21:26+00:00\",\"breadcrumb\":{\"@id\":\"https:\\\/\\\/lucaseletro.com.br\\\/?product=celular-positivo-p25-2#breadcrumb\"},\"inLanguage\":\"pt-BR\",\"potentialAction\":[{\"@type\":\"ReadAction\",\"target\":[\"https:\\\/\\\/lucaseletro.com.br\\\/?product=celular-positivo-p25-2\"]}]},{\"@type\":\"ImageObject\",\"inLanguage\":\"pt-BR\",\"@id\":\"https:\\\/\\\/lucaseletro.com.br\\\/?product=celular-positivo-p25-2#primaryimage\",\"url\":\"https:\\\/\\\/lucaseletro.com.br\\\/wp-content\\\/uploads\\\/2026\\\/04\\\/CELULAR-POSITIVO-P25-FRENTE2.webp\",\"contentUrl\":\"https:\\\/\\\/lucaseletro.com.br\\\/wp-content\\\/uploads\\\/2026\\\/04\\\/CELULAR-POSITIVO-P25-FRENTE2.webp\",\"width\":506,\"height\":1199},{\"@type\":\"BreadcrumbList\",\"@id\":\"https:\\\/\\\/lucaseletro.com.br\\\/?product=celular-positivo-p25-2#breadcrumb\",\"itemListElement\":[{\"@type\":\"ListItem\",\"position\":1,\"name\":\"In\u00edcio\",\"item\":\"https:\\\/\\\/lucaseletro.com.br\\\/\"},{\"@type\":\"ListItem\",\"position\":2,\"name\":\"Loja\",\"item\":\"https:\\\/\\\/lucaseletro.com.br\\\/?page_id=11\"},{\"@type\":\"ListItem\",\"position\":3,\"name\":\"CELULAR POSITIVO P25\"}]},{\"@type\":\"WebSite\",\"@id\":\"https:\\\/\\\/lucaseletro.com.br\\\/#website\",\"url\":\"https:\\\/\\\/lucaseletro.com.br\\\/\",\"name\":\"Lucas Eletro\",\"description\":\"Realizando seus sonhos\",\"publisher\":{\"@id\":\"https:\\\/\\\/lucaseletro.com.br\\\/#organization\"},\"alternateName\":\"Lucas Eletro\",\"potentialAction\":[{\"@type\":\"SearchAction\",\"target\":{\"@type\":\"EntryPoint\",\"urlTemplate\":\"https:\\\/\\\/lucaseletro.com.br\\\/?s={search_term_string}\"},\"query-input\":{\"@type\":\"PropertyValueSpecification\",\"valueRequired\":true,\"valueName\":\"search_term_string\"}}],\"inLanguage\":\"pt-BR\"},{\"@type\":\"Organization\",\"@id\":\"https:\\\/\\\/lucaseletro.com.br\\\/#organization\",\"name\":\"Lucas Eletro\",\"alternateName\":\"Lucas Eletro\",\"url\":\"https:\\\/\\\/lucaseletro.com.br\\\/\",\"logo\":{\"@type\":\"ImageObject\",\"inLanguage\":\"pt-BR\",\"@id\":\"https:\\\/\\\/lucaseletro.com.br\\\/#\\\/schema\\\/logo\\\/image\\\/\",\"url\":\"https:\\\/\\\/lucaseletro.com.br\\\/wp-content\\\/uploads\\\/2024\\\/08\\\/Logo-WebP.webp\",\"contentUrl\":\"https:\\\/\\\/lucaseletro.com.br\\\/wp-content\\\/uploads\\\/2024\\\/08\\\/Logo-WebP.webp\",\"width\":1366,\"height\":457,\"caption\":\"Lucas Eletro\"},\"image\":{\"@id\":\"https:\\\/\\\/lucaseletro.com.br\\\/#\\\/schema\\\/logo\\\/image\\\/\"},\"sameAs\":[\"https:\\\/\\\/www.facebook.com\\\/lucas.eletro.71\"]}]}<\/script>\n<meta property=\"product:price:amount\" content=\"199.00\" \/>\n<meta property=\"product:price:currency\" content=\"BRL\" \/>\n<meta property=\"og:availability\" content=\"out of stock\" \/>\n<meta property=\"product:availability\" content=\"out of stock\" \/>\n<meta property=\"product:retailer_item_id\" content=\"CEPO\" \/>\n<meta property=\"product:condition\" content=\"new\" \/>\n<!-- \/ Yoast SEO Premium plugin. -->","yoast_head_json":{"title":"CELULAR POSITIVO P25 - Lucas Eletro","robots":{"index":"index","follow":"follow","max-snippet":"max-snippet:-1","max-image-preview":"max-image-preview:large","max-video-preview":"max-video-preview:-1"},"canonical":"https:\/\/lucaseletro.com.br\/?product=celular-positivo-p25-2","og_locale":"pt_BR","og_type":"article","og_title":"CELULAR POSITIVO P25 - &#82;&#36;199,00 - Lucas Eletro","og_description":"Celular Positivo P25: Simplicidade e Funcionalidade no Seu Dia a Dia O\u00a0Positivo P25\u00a0\u00e9 o telefone celular ideal para quem busca praticidade, durabilidade e facilidade de uso, sem complica\u00e7\u00f5es. Com um design ergon\u00f4mico, compacto e bot\u00f5es de navega\u00e7\u00e3o com acabamento Black Piano, ele oferece um visual moderno e manuseio confort\u00e1vel. Perfeito para quem prioriza liga\u00e7\u00f5es claras, mensagens de texto (SMS) e ferramentas b\u00e1sicas de comunica\u00e7\u00e3o, o P25 combina a tradi\u00e7\u00e3o dos celulares de teclado com a tecnologia de 2 chips","og_url":"https:\/\/lucaseletro.com.br\/?product=celular-positivo-p25-2","og_site_name":"Lucas Eletro","article_publisher":"https:\/\/www.facebook.com\/lucas.eletro.71","article_modified_time":"2026-04-10T17:21:26+00:00","og_image":[{"width":506,"height":1199,"url":"https:\/\/lucaseletro.com.br\/wp-content\/uploads\/2026\/04\/CELULAR-POSITIVO-P25-FRENTE2.webp","type":"image\/webp"}],"twitter_card":"summary_large_image","twitter_misc":{"Pre\u00e7o":"&#82;&#36;199,00","Disponibilidade":"Fora de estoque"},"schema":{"@context":"https:\/\/schema.org","@graph":[{"@type":"WebPage","@id":"https:\/\/lucaseletro.com.br\/?product=celular-positivo-p25-2","url":"https:\/\/lucaseletro.com.br\/?product=celular-positivo-p25-2","name":"CELULAR POSITIVO P25 - Lucas Eletro","isPartOf":{"@id":"https:\/\/lucaseletro.com.br\/#website"},"primaryImageOfPage":{"@id":"https:\/\/lucaseletro.com.br\/?product=celular-positivo-p25-2#primaryimage"},"image":{"@id":"https:\/\/lucaseletro.com.br\/?product=celular-positivo-p25-2#primaryimage"},"thumbnailUrl":"https:\/\/lucaseletro.com.br\/wp-content\/uploads\/2026\/04\/CELULAR-POSITIVO-P25-FRENTE2.webp","datePublished":"2026-04-10T17:21:24+00:00","dateModified":"2026-04-10T17:21:26+00:00","breadcrumb":{"@id":"https:\/\/lucaseletro.com.br\/?product=celular-positivo-p25-2#breadcrumb"},"inLanguage":"pt-BR","potentialAction":[{"@type":"ReadAction","target":["https:\/\/lucaseletro.com.br\/?product=celular-positivo-p25-2"]}]},{"@type":"ImageObject","inLanguage":"pt-BR","@id":"https:\/\/lucaseletro.com.br\/?product=celular-positivo-p25-2#primaryimage","url":"https:\/\/lucaseletro.com.br\/wp-content\/uploads\/2026\/04\/CELULAR-POSITIVO-P25-FRENTE2.webp","contentUrl":"https:\/\/lucaseletro.com.br\/wp-content\/uploads\/2026\/04\/CELULAR-POSITIVO-P25-FRENTE2.webp","width":506,"height":1199},{"@type":"BreadcrumbList","@id":"https:\/\/lucaseletro.com.br\/?product=celular-positivo-p25-2#breadcrumb","itemListElement":[{"@type":"ListItem","position":1,"name":"In\u00edcio","item":"https:\/\/lucaseletro.com.br\/"},{"@type":"ListItem","position":2,"name":"Loja","item":"https:\/\/lucaseletro.com.br\/?page_id=11"},{"@type":"ListItem","position":3,"name":"CELULAR POSITIVO P25"}]},{"@type":"WebSite","@id":"https:\/\/lucaseletro.com.br\/#website","url":"https:\/\/lucaseletro.com.br\/","name":"Lucas Eletro","description":"Realizando seus sonhos","publisher":{"@id":"https:\/\/lucaseletro.com.br\/#organization"},"alternateName":"Lucas Eletro","potentialAction":[{"@type":"SearchAction","target":{"@type":"EntryPoint","urlTemplate":"https:\/\/lucaseletro.com.br\/?s={search_term_string}"},"query-input":{"@type":"PropertyValueSpecification","valueRequired":true,"valueName":"search_term_string"}}],"inLanguage":"pt-BR"},{"@type":"Organization","@id":"https:\/\/lucaseletro.com.br\/#organization","name":"Lucas Eletro","alternateName":"Lucas Eletro","url":"https:\/\/lucaseletro.com.br\/","logo":{"@type":"ImageObject","inLanguage":"pt-BR","@id":"https:\/\/lucaseletro.com.br\/#\/schema\/logo\/image\/","url":"https:\/\/lucaseletro.com.br\/wp-content\/uploads\/2024\/08\/Logo-WebP.webp","contentUrl":"https:\/\/lucaseletro.com.br\/wp-content\/uploads\/2024\/08\/Logo-WebP.webp","width":1366,"height":457,"caption":"Lucas Eletro"},"image":{"@id":"https:\/\/lucaseletro.com.br\/#\/schema\/logo\/image\/"},"sameAs":["https:\/\/www.facebook.com\/lucas.eletro.71"]}]},"product_price_amount":"199.00","product_price_currency":"BRL","og_availability":"out of stock","product_availability":"out of stock","product_retailer_item_id":"CEPO","product_condition":"new"},"_links":{"self":[{"href":"https:\/\/lucaseletro.com.br\/index.php?rest_route=\/wp\/v2\/product\/4763","targetHints":{"allow":["GET"]}}],"collection":[{"href":"https:\/\/lucaseletro.com.br\/index.php?rest_route=\/wp\/v2\/product"}],"about":[{"href":"https:\/\/lucaseletro.com.br\/index.php?rest_route=\/wp\/v2\/types\/product"}],"replies":[{"embeddable":true,"href":"https:\/\/lucaseletro.com.br\/index.php?rest_route=%2Fwp%2Fv2%2Fcomments&post=4763"}],"wp:featuredmedia":[{"embeddable":true,"href":"https:\/\/lucaseletro.com.br\/index.php?rest_route=\/wp\/v2\/media\/4765"}],"wp:attachment":[{"href":"https:\/\/lucaseletro.com.br\/index.php?rest_route=%2Fwp%2Fv2%2Fmedia&parent=4763"}],"wp:term":[{"taxonomy":"product_brand","embeddable":true,"href":"https:\/\/lucaseletro.com.br\/index.php?rest_route=%2Fwp%2Fv2%2Fproduct_brand&post=4763"},{"taxonomy":"product_cat","embeddable":true,"href":"https:\/\/lucaseletro.com.br\/index.php?rest_route=%2Fwp%2Fv2%2Fproduct_cat&post=4763"},{"taxonomy":"product_tag","embeddable":true,"href":"https:\/\/lucaseletro.com.br\/index.php?rest_route=%2Fwp%2Fv2%2Fproduct_tag&post=4763"}],"curies":[{"name":"wp","href":"https:\/\/api.w.org\/{rel}","templated":true}]}}