{"id":4786,"date":"2026-04-11T08:25:50","date_gmt":"2026-04-11T11:25:50","guid":{"rendered":"https:\/\/lucaseletro.com.br\/?post_type=product&#038;p=4786"},"modified":"2026-04-11T08:27:47","modified_gmt":"2026-04-11T11:27:47","slug":"cadeira-de-aco-bm-atenas-prata-mart-c-6","status":"publish","type":"product","link":"https:\/\/lucaseletro.com.br\/?product=cadeira-de-aco-bm-atenas-prata-mart-c-6","title":{"rendered":"CADEIRA DE A\u00c7O BM ATENAS PRATA MART. C\/6"},"content":{"rendered":"<div class=\"otQkpb\" role=\"heading\" aria-level=\"3\" data-animation-nesting=\"\" data-sfc-cp=\"\" data-sfc-root=\"c\" data-sfc-cb=\"\" data-processed=\"true\">&#x1f6e0;&#xfe0f; Caracter\u00edsticas T\u00e9cnicas<\/div>\n<ul class=\"KsbFXc U6u95\" data-sfc-root=\"c\" data-sfc-cb=\"\" data-processed=\"true\">\n<li class=\"dF3vjf\" data-sfc-root=\"c\" data-sfc-cb=\"\" data-hveid=\"CAkQAA\"><span class=\"T286Pc\" data-sfc-cp=\"\" data-sfc-root=\"c\" data-sfc-cb=\"\"><strong class=\"Yjhzub\" data-sfc-root=\"c\" data-sfc-cb=\"\">Marca:<\/strong>\u00a0BM M\u00f3veis Tubulares<\/span><\/li>\n<li class=\"dF3vjf\" data-sfc-root=\"c\" data-sfc-cb=\"\" data-hveid=\"CAkQAQ\"><span class=\"T286Pc\" data-sfc-cp=\"\" data-sfc-root=\"c\" data-sfc-cb=\"\"><strong class=\"Yjhzub\" data-sfc-root=\"c\" data-sfc-cb=\"\">Modelo:<\/strong>\u00a0Atenas<\/span><\/li>\n<li class=\"dF3vjf\" data-sfc-root=\"c\" data-sfc-cb=\"\" data-hveid=\"CAkQAg\"><span class=\"T286Pc\" data-sfc-cp=\"\" data-sfc-root=\"c\" data-sfc-cb=\"\"><strong class=\"Yjhzub\" data-sfc-root=\"c\" data-sfc-cb=\"\">Material da Estrutura:<\/strong>\u00a0A\u00e7o Carbono Tubular<\/span><\/li>\n<li class=\"dF3vjf\" data-sfc-root=\"c\" data-sfc-cb=\"\" data-hveid=\"CAkQAw\"><span class=\"T286Pc\" data-sfc-cp=\"\" data-sfc-root=\"c\" data-sfc-cb=\"\"><strong class=\"Yjhzub\" data-sfc-root=\"c\" data-sfc-cb=\"\">Revestimento:<\/strong>\u00a0Material Sint\u00e9tico (Courino\/Corino)<\/span><\/li>\n<li class=\"dF3vjf\" data-sfc-root=\"c\" data-sfc-cb=\"\" data-hveid=\"CAkQBA\"><span class=\"T286Pc\" data-sfc-cp=\"\" data-sfc-root=\"c\" data-sfc-cb=\"\"><strong class=\"Yjhzub\" data-sfc-root=\"c\" data-sfc-cb=\"\">Cor da Estrutura:<\/strong>\u00a0Prata Martelado<\/span><\/li>\n<li class=\"dF3vjf\" data-sfc-root=\"c\" data-sfc-cb=\"\" data-hveid=\"CAkQBQ\"><span class=\"T286Pc\" data-sfc-cp=\"\" data-sfc-root=\"c\" data-sfc-cb=\"\"><strong class=\"Yjhzub\" data-sfc-root=\"c\" data-sfc-cb=\"\">Assento:<\/strong>\u00a0Espuma D-10<\/span><\/li>\n<li class=\"dF3vjf\" data-sfc-root=\"c\" data-sfc-cb=\"\" data-hveid=\"CAkQBg\"><span class=\"T286Pc\" data-sfc-cp=\"\" data-sfc-root=\"c\" data-sfc-cb=\"\"><strong class=\"Yjhzub\" data-sfc-root=\"c\" data-sfc-cb=\"\">Capacidade de Peso:<\/strong>\u00a0At\u00e9 100 kg (por cadeira)<\/span><\/li>\n<li class=\"dF3vjf\" data-sfc-root=\"c\" data-sfc-cb=\"\" data-hveid=\"CAkQBw\"><span class=\"T286Pc\" data-sfc-cp=\"\" data-sfc-root=\"c\" data-sfc-cb=\"\"><strong class=\"Yjhzub\" data-sfc-root=\"c\" data-sfc-cb=\"\">Fixa\u00e7\u00e3o:<\/strong>\u00a0Assento parafusado (tipo porca garra)<\/span><span class=\"uJ19be notranslate\" data-sfc-root=\"c\" data-wiz-uids=\"jrxnHb_2r,jrxnHb_2s\" data-sfc-cb=\"\"><span class=\"vKEkVd\" data-animation-atomic=\"\" data-wiz-attrbind=\"class=jrxnHb_2q\/TKHnVd\"><span aria-hidden=\"true\">\u00a0<\/span><\/span><\/span>\n<div class=\"Fwa2Od\" data-animation-skip=\"\" data-sfc-root=\"c\" data-sfc-cb=\"\" data-ved=\"2ahUKEwihgf6w1-WTAxV6CrkGHQBEKCwQ3s0SegQICRAJ\"><img decoding=\"async\" id=\"img-5i7aaaH2CfqU5OUPgIih4QI_4\" class=\"lXbsme\" src=\"data:image\/png;base64,iVBORw0KGgoAAAANSUhEUgAAABAAAAAQCAYAAAAf8\/9hAAADZElEQVQ4jaWS62tbZQCHf+c9t+Sc3JPa9ZL0kqSt69Y4rXZeWlezDb94g0H9pqKgG455gYEgCE5haEFlgzGLDpwgTBDRL3ajMulY5yht1826bG2TtE3SNGlzbXJycs55\/VD\/gz1\/wMPz4WEopXgQOADwDTwNAGBY1uQMBLua+h494uwMHjZ7Gh5mGIatZjf+Tc3PXREslktGXb0zff6MxokmeHp27wiIIEBTqpDd7n39bx675Gjzt6rlIjSlCpEl6G7p6+\/c91h\/Mh59Z+PW7EnC8z9kIgvqsx9\/tiOwNO6CYeioVyqx2LWrow8V8kfNTd5ur2TCHqsJLpHDtqrjns\/ntLX4xpb+mtCLidWLek3RCAAYhmFpeuTxplqpnComk9\/Mn\/v6BTkVH2932ujBXS481+hGuNmNFugQDR0DR9\/7tHFPKMQKAsj\/BSOuTv85T8\/ul3OpBLEJ\/P39m2vH\/NnEhCzwAACJZdFtlyFUtuHu6W11dgReZAjhCAD4nhoaaR8KvzTw9vGL7kDX+6vLS4iup5er6dSFza1cFACytToipQoyqgqlXELb4IEhwWZzEACwtniD5Y00eFm29B159bS5M\/jGVm6L2R8KTc3Ozp79M5nRxrNF3M2XwRMWhqLA0d7hZUWTmaGU4q3J2TgvST6qG+AkCYWV+GLsuzOHw3t7o8r2dvNtwfJB4JWRd+ucIFarFciShMLayhLHi8MEAPKxaIQVBIBSUFWFvcXbtm51vTY29i2yayvJ+V9\/PrU4NzMlyhIEwoCIIorJREKvqwoBgNWpycu8SQKlFLqugbCE3zt86KC5I+iKlatgy6VCZuH2H\/VKhbIcD84sIXf3znVdUXIEABbHf\/+lnE7nBKsVVDNg6AYcrT5f02C4rxbshXPgGWjFwpV8PBYxuT2opJKbyeuTv2n12s4HpVRiefL0JycYhgFvscDQ6uDMZqvsdjdrhg5LRwD5xXsz2cjCTd5kwt9nR09tRham\/\/nx+50TGcJi\/dbMT9e+\/Fx68viHo6LVbiF8xcGZzSOVbEYw2Z12V6CbcIIo3\/zqi4\/iE5fPK8VC3dHuB0MphWi1Qm5ohORp4By+9pA\/\/PzrrkDXMCuKPmoYVC2XN4rR5avJ6RsX8kv3p5Nz0+oTJ07CO3hgR\/Ag\/Aco\/3OhaXHXEAAAAABJRU5ErkJggg==\" alt=\"BM Tubulares\" data-deferred=\"3\" data-imglogged=\"true\" data-aatf=\"4\" data-imgprocessed=\"true\" \/><span class=\"wJwe6c\"><span class=\"iFMVXd\">BM Tubulares<\/span><span class=\"IjM6od\">\u00a0+2<\/span><\/span><\/div>\n<\/li>\n<\/ul>\n<div class=\"Fsg96\" data-sfc-cp=\"\" data-sfc-root=\"c\" data-sfc-cb=\"\" data-processed=\"true\"><\/div>\n<div class=\"otQkpb\" role=\"heading\" aria-level=\"3\" data-animation-nesting=\"\" data-sfc-cp=\"\" data-sfc-root=\"c\" data-sfc-cb=\"\" data-processed=\"true\">&#x1f4cf; Dimens\u00f5es<\/div>\n<ul class=\"KsbFXc U6u95\" data-sfc-root=\"c\" data-sfc-cb=\"\" data-processed=\"true\">\n<li class=\"dF3vjf\" data-sfc-root=\"c\" data-sfc-cb=\"\" data-hveid=\"CAsQAA\"><span class=\"T286Pc\" data-sfc-cp=\"\" data-sfc-root=\"c\" data-sfc-cb=\"\"><strong class=\"Yjhzub\" data-sfc-root=\"c\" data-sfc-cb=\"\">Altura Total:<\/strong>\u00a0Aprox. 105 cm<\/span><\/li>\n<li class=\"dF3vjf\" data-sfc-root=\"c\" data-sfc-cb=\"\" data-hveid=\"CAsQAQ\"><span class=\"T286Pc\" data-sfc-cp=\"\" data-sfc-root=\"c\" data-sfc-cb=\"\"><strong class=\"Yjhzub\" data-sfc-root=\"c\" data-sfc-cb=\"\">Largura:<\/strong>\u00a0Aprox. 46 cm<\/span><\/li>\n<li class=\"dF3vjf\" data-sfc-root=\"c\" data-sfc-cb=\"\" data-hveid=\"CAsQAg\"><span class=\"T286Pc\" data-sfc-cp=\"\" data-sfc-root=\"c\" data-sfc-cb=\"\"><strong class=\"Yjhzub\" data-sfc-root=\"c\" data-sfc-cb=\"\">Profundidade:<\/strong>\u00a0Aprox. 37 cm<\/span><span class=\"uJ19be notranslate\" data-sfc-root=\"c\" data-wiz-uids=\"jrxnHb_3e,jrxnHb_3f\" data-sfc-cb=\"\"><span class=\"vKEkVd\" data-animation-atomic=\"\" data-wiz-attrbind=\"class=jrxnHb_3d\/TKHnVd\"><span aria-hidden=\"true\">\u00a0<\/span><\/span><\/span><\/li>\n<\/ul>\n<div class=\"Fsg96\" data-sfc-cp=\"\" data-sfc-root=\"c\" data-sfc-cb=\"\" data-processed=\"true\"><\/div>\n<div class=\"otQkpb\" role=\"heading\" aria-level=\"3\" data-animation-nesting=\"\" data-sfc-cp=\"\" data-sfc-root=\"c\" data-sfc-cb=\"\" data-processed=\"true\">&#x1f4e6; Conte\u00fado da Embalagem<\/div>\n<ul class=\"KsbFXc U6u95\" data-sfc-root=\"c\" data-sfc-cb=\"\" data-processed=\"true\">\n<li class=\"dF3vjf\" data-sfc-root=\"c\" data-sfc-cb=\"\" data-hveid=\"CA0QAA\" data-processed=\"true\"><span class=\"T286Pc\" data-sfc-cp=\"\" data-sfc-root=\"c\" data-sfc-cb=\"\" data-processed=\"true\">06 Cadeiras Atenas &#8211; Prata Martelado.<\/span><span class=\"uJ19be notranslate\" data-sfc-root=\"c\" data-wiz-uids=\"jrxnHb_3q,jrxnHb_3r\" data-sfc-cb=\"\" data-processed=\"true\"><span class=\"vKEkVd\" data-animation-atomic=\"\" data-wiz-attrbind=\"class=jrxnHb_3p\/TKHnVd\" data-processed=\"true\"><span aria-hidden=\"true\" data-processed=\"true\">\u00a0<\/span><\/span><\/span><\/li>\n<\/ul>\n","protected":false},"excerpt":{"rendered":"<p>O Kit de 6 Cadeiras Atenas da BM M\u00f3veis Tubulares \u00e9 a escolha perfeita para quem busca renovar o ambiente com um toque moderno e resistente. Com acabamento refinado em Prata Martelado, estas cadeiras unem a robustez do a\u00e7o carbono \u00e0 sofistica\u00e7\u00e3o de um design contempor\u00e2neo, ideais para cozinhas, salas de jantar ou \u00e1reas gourmet<\/p>\n","protected":false},"featured_media":4783,"comment_status":"open","ping_status":"closed","template":"","meta":[],"product_brand":[112],"product_cat":[43,32,85],"product_tag":[],"class_list":{"0":"post-4786","1":"product","2":"type-product","3":"status-publish","4":"has-post-thumbnail","6":"product_brand-bm-moveis-tubulares","7":"product_cat-cadeiras","8":"product_cat-cozinha","9":"product_cat-salas","11":"first","12":"instock","13":"shipping-taxable","14":"purchasable","15":"product-type-simple"},"yoast_head":"<!-- This site is optimized with the Yoast SEO Premium plugin v23.3 (Yoast SEO v27.4) - https:\/\/yoast.com\/product\/yoast-seo-premium-wordpress\/ -->\n<title>CADEIRA DE A\u00c7O BM ATENAS PRATA MART. C\/6 - Lucas Eletro<\/title>\n<meta name=\"robots\" content=\"index, follow, max-snippet:-1, max-image-preview:large, max-video-preview:-1\" \/>\n<link rel=\"canonical\" href=\"https:\/\/lucaseletro.com.br\/?product=cadeira-de-aco-bm-atenas-prata-mart-c-6\" \/>\n<meta property=\"og:locale\" content=\"pt_BR\" \/>\n<meta property=\"og:type\" content=\"article\" \/>\n<meta property=\"og:title\" content=\"CADEIRA DE A\u00c7O BM ATENAS PRATA MART. C\/6 - &#082;&#036;799,00 - Lucas Eletro\" \/>\n<meta property=\"og:description\" content=\"O Kit de 6 Cadeiras Atenas da BM M\u00f3veis Tubulares \u00e9 a escolha perfeita para quem busca renovar o ambiente com um toque moderno e resistente. Com acabamento refinado em Prata Martelado, estas cadeiras unem a robustez do a\u00e7o carbono \u00e0 sofistica\u00e7\u00e3o de um design contempor\u00e2neo, ideais para cozinhas, salas de jantar ou \u00e1reas gourmet\" \/>\n<meta property=\"og:url\" content=\"https:\/\/lucaseletro.com.br\/?product=cadeira-de-aco-bm-atenas-prata-mart-c-6\" \/>\n<meta property=\"og:site_name\" content=\"Lucas Eletro\" \/>\n<meta property=\"article:publisher\" content=\"https:\/\/www.facebook.com\/lucas.eletro.71\" \/>\n<meta property=\"article:modified_time\" content=\"2026-04-11T11:27:47+00:00\" \/>\n<meta property=\"og:image\" content=\"https:\/\/lucaseletro.com.br\/wp-content\/uploads\/2026\/04\/cadeira_atenas.jpg\" \/>\n\t<meta property=\"og:image:width\" content=\"1500\" \/>\n\t<meta property=\"og:image:height\" content=\"1062\" \/>\n\t<meta property=\"og:image:type\" content=\"image\/jpeg\" \/>\n<meta name=\"twitter:card\" content=\"summary_large_image\" \/>\n<meta name=\"twitter:label1\" content=\"Pre\u00e7o\" \/>\n\t<meta name=\"twitter:data1\" content=\"&#082;&#036;799,00\" \/>\n\t<meta name=\"twitter:label2\" content=\"Disponibilidade\" \/>\n\t<meta name=\"twitter:data2\" content=\"Em Estoque\" \/>\n<script type=\"application\/ld+json\" class=\"yoast-schema-graph\">{\"@context\":\"https:\\\/\\\/schema.org\",\"@graph\":[{\"@type\":\"WebPage\",\"@id\":\"https:\\\/\\\/lucaseletro.com.br\\\/?product=cadeira-de-aco-bm-atenas-prata-mart-c-6\",\"url\":\"https:\\\/\\\/lucaseletro.com.br\\\/?product=cadeira-de-aco-bm-atenas-prata-mart-c-6\",\"name\":\"CADEIRA DE A\u00c7O BM ATENAS PRATA MART. C\\\/6 - Lucas Eletro\",\"isPartOf\":{\"@id\":\"https:\\\/\\\/lucaseletro.com.br\\\/#website\"},\"primaryImageOfPage\":{\"@id\":\"https:\\\/\\\/lucaseletro.com.br\\\/?product=cadeira-de-aco-bm-atenas-prata-mart-c-6#primaryimage\"},\"image\":{\"@id\":\"https:\\\/\\\/lucaseletro.com.br\\\/?product=cadeira-de-aco-bm-atenas-prata-mart-c-6#primaryimage\"},\"thumbnailUrl\":\"https:\\\/\\\/lucaseletro.com.br\\\/wp-content\\\/uploads\\\/2026\\\/04\\\/cadeira_atenas.jpg\",\"datePublished\":\"2026-04-11T11:25:50+00:00\",\"dateModified\":\"2026-04-11T11:27:47+00:00\",\"breadcrumb\":{\"@id\":\"https:\\\/\\\/lucaseletro.com.br\\\/?product=cadeira-de-aco-bm-atenas-prata-mart-c-6#breadcrumb\"},\"inLanguage\":\"pt-BR\",\"potentialAction\":[{\"@type\":\"ReadAction\",\"target\":[\"https:\\\/\\\/lucaseletro.com.br\\\/?product=cadeira-de-aco-bm-atenas-prata-mart-c-6\"]}]},{\"@type\":\"ImageObject\",\"inLanguage\":\"pt-BR\",\"@id\":\"https:\\\/\\\/lucaseletro.com.br\\\/?product=cadeira-de-aco-bm-atenas-prata-mart-c-6#primaryimage\",\"url\":\"https:\\\/\\\/lucaseletro.com.br\\\/wp-content\\\/uploads\\\/2026\\\/04\\\/cadeira_atenas.jpg\",\"contentUrl\":\"https:\\\/\\\/lucaseletro.com.br\\\/wp-content\\\/uploads\\\/2026\\\/04\\\/cadeira_atenas.jpg\",\"width\":1500,\"height\":1062},{\"@type\":\"BreadcrumbList\",\"@id\":\"https:\\\/\\\/lucaseletro.com.br\\\/?product=cadeira-de-aco-bm-atenas-prata-mart-c-6#breadcrumb\",\"itemListElement\":[{\"@type\":\"ListItem\",\"position\":1,\"name\":\"In\u00edcio\",\"item\":\"https:\\\/\\\/lucaseletro.com.br\\\/\"},{\"@type\":\"ListItem\",\"position\":2,\"name\":\"Loja\",\"item\":\"https:\\\/\\\/lucaseletro.com.br\\\/?page_id=11\"},{\"@type\":\"ListItem\",\"position\":3,\"name\":\"CADEIRA DE A\u00c7O BM ATENAS PRATA MART. C\\\/6\"}]},{\"@type\":\"WebSite\",\"@id\":\"https:\\\/\\\/lucaseletro.com.br\\\/#website\",\"url\":\"https:\\\/\\\/lucaseletro.com.br\\\/\",\"name\":\"Lucas Eletro\",\"description\":\"Realizando seus sonhos\",\"publisher\":{\"@id\":\"https:\\\/\\\/lucaseletro.com.br\\\/#organization\"},\"alternateName\":\"Lucas Eletro\",\"potentialAction\":[{\"@type\":\"SearchAction\",\"target\":{\"@type\":\"EntryPoint\",\"urlTemplate\":\"https:\\\/\\\/lucaseletro.com.br\\\/?s={search_term_string}\"},\"query-input\":{\"@type\":\"PropertyValueSpecification\",\"valueRequired\":true,\"valueName\":\"search_term_string\"}}],\"inLanguage\":\"pt-BR\"},{\"@type\":\"Organization\",\"@id\":\"https:\\\/\\\/lucaseletro.com.br\\\/#organization\",\"name\":\"Lucas Eletro\",\"alternateName\":\"Lucas Eletro\",\"url\":\"https:\\\/\\\/lucaseletro.com.br\\\/\",\"logo\":{\"@type\":\"ImageObject\",\"inLanguage\":\"pt-BR\",\"@id\":\"https:\\\/\\\/lucaseletro.com.br\\\/#\\\/schema\\\/logo\\\/image\\\/\",\"url\":\"https:\\\/\\\/lucaseletro.com.br\\\/wp-content\\\/uploads\\\/2024\\\/08\\\/Logo-WebP.webp\",\"contentUrl\":\"https:\\\/\\\/lucaseletro.com.br\\\/wp-content\\\/uploads\\\/2024\\\/08\\\/Logo-WebP.webp\",\"width\":1366,\"height\":457,\"caption\":\"Lucas Eletro\"},\"image\":{\"@id\":\"https:\\\/\\\/lucaseletro.com.br\\\/#\\\/schema\\\/logo\\\/image\\\/\"},\"sameAs\":[\"https:\\\/\\\/www.facebook.com\\\/lucas.eletro.71\"]}]}<\/script>\n<meta property=\"product:price:amount\" content=\"799.00\" \/>\n<meta property=\"product:price:currency\" content=\"BRL\" \/>\n<meta property=\"og:availability\" content=\"instock\" \/>\n<meta property=\"product:availability\" content=\"instock\" \/>\n<meta property=\"product:retailer_item_id\" content=\"caparisC\/6\" \/>\n<meta property=\"product:condition\" content=\"new\" \/>\n<!-- \/ Yoast SEO Premium plugin. -->","yoast_head_json":{"title":"CADEIRA DE A\u00c7O BM ATENAS PRATA MART. C\/6 - Lucas Eletro","robots":{"index":"index","follow":"follow","max-snippet":"max-snippet:-1","max-image-preview":"max-image-preview:large","max-video-preview":"max-video-preview:-1"},"canonical":"https:\/\/lucaseletro.com.br\/?product=cadeira-de-aco-bm-atenas-prata-mart-c-6","og_locale":"pt_BR","og_type":"article","og_title":"CADEIRA DE A\u00c7O BM ATENAS PRATA MART. C\/6 - &#82;&#36;799,00 - Lucas Eletro","og_description":"O Kit de 6 Cadeiras Atenas da BM M\u00f3veis Tubulares \u00e9 a escolha perfeita para quem busca renovar o ambiente com um toque moderno e resistente. Com acabamento refinado em Prata Martelado, estas cadeiras unem a robustez do a\u00e7o carbono \u00e0 sofistica\u00e7\u00e3o de um design contempor\u00e2neo, ideais para cozinhas, salas de jantar ou \u00e1reas gourmet","og_url":"https:\/\/lucaseletro.com.br\/?product=cadeira-de-aco-bm-atenas-prata-mart-c-6","og_site_name":"Lucas Eletro","article_publisher":"https:\/\/www.facebook.com\/lucas.eletro.71","article_modified_time":"2026-04-11T11:27:47+00:00","og_image":[{"width":1500,"height":1062,"url":"https:\/\/lucaseletro.com.br\/wp-content\/uploads\/2026\/04\/cadeira_atenas.jpg","type":"image\/jpeg"}],"twitter_card":"summary_large_image","twitter_misc":{"Pre\u00e7o":"&#82;&#36;799,00","Disponibilidade":"Em Estoque"},"schema":{"@context":"https:\/\/schema.org","@graph":[{"@type":"WebPage","@id":"https:\/\/lucaseletro.com.br\/?product=cadeira-de-aco-bm-atenas-prata-mart-c-6","url":"https:\/\/lucaseletro.com.br\/?product=cadeira-de-aco-bm-atenas-prata-mart-c-6","name":"CADEIRA DE A\u00c7O BM ATENAS PRATA MART. C\/6 - Lucas Eletro","isPartOf":{"@id":"https:\/\/lucaseletro.com.br\/#website"},"primaryImageOfPage":{"@id":"https:\/\/lucaseletro.com.br\/?product=cadeira-de-aco-bm-atenas-prata-mart-c-6#primaryimage"},"image":{"@id":"https:\/\/lucaseletro.com.br\/?product=cadeira-de-aco-bm-atenas-prata-mart-c-6#primaryimage"},"thumbnailUrl":"https:\/\/lucaseletro.com.br\/wp-content\/uploads\/2026\/04\/cadeira_atenas.jpg","datePublished":"2026-04-11T11:25:50+00:00","dateModified":"2026-04-11T11:27:47+00:00","breadcrumb":{"@id":"https:\/\/lucaseletro.com.br\/?product=cadeira-de-aco-bm-atenas-prata-mart-c-6#breadcrumb"},"inLanguage":"pt-BR","potentialAction":[{"@type":"ReadAction","target":["https:\/\/lucaseletro.com.br\/?product=cadeira-de-aco-bm-atenas-prata-mart-c-6"]}]},{"@type":"ImageObject","inLanguage":"pt-BR","@id":"https:\/\/lucaseletro.com.br\/?product=cadeira-de-aco-bm-atenas-prata-mart-c-6#primaryimage","url":"https:\/\/lucaseletro.com.br\/wp-content\/uploads\/2026\/04\/cadeira_atenas.jpg","contentUrl":"https:\/\/lucaseletro.com.br\/wp-content\/uploads\/2026\/04\/cadeira_atenas.jpg","width":1500,"height":1062},{"@type":"BreadcrumbList","@id":"https:\/\/lucaseletro.com.br\/?product=cadeira-de-aco-bm-atenas-prata-mart-c-6#breadcrumb","itemListElement":[{"@type":"ListItem","position":1,"name":"In\u00edcio","item":"https:\/\/lucaseletro.com.br\/"},{"@type":"ListItem","position":2,"name":"Loja","item":"https:\/\/lucaseletro.com.br\/?page_id=11"},{"@type":"ListItem","position":3,"name":"CADEIRA DE A\u00c7O BM ATENAS PRATA MART. C\/6"}]},{"@type":"WebSite","@id":"https:\/\/lucaseletro.com.br\/#website","url":"https:\/\/lucaseletro.com.br\/","name":"Lucas Eletro","description":"Realizando seus sonhos","publisher":{"@id":"https:\/\/lucaseletro.com.br\/#organization"},"alternateName":"Lucas Eletro","potentialAction":[{"@type":"SearchAction","target":{"@type":"EntryPoint","urlTemplate":"https:\/\/lucaseletro.com.br\/?s={search_term_string}"},"query-input":{"@type":"PropertyValueSpecification","valueRequired":true,"valueName":"search_term_string"}}],"inLanguage":"pt-BR"},{"@type":"Organization","@id":"https:\/\/lucaseletro.com.br\/#organization","name":"Lucas Eletro","alternateName":"Lucas Eletro","url":"https:\/\/lucaseletro.com.br\/","logo":{"@type":"ImageObject","inLanguage":"pt-BR","@id":"https:\/\/lucaseletro.com.br\/#\/schema\/logo\/image\/","url":"https:\/\/lucaseletro.com.br\/wp-content\/uploads\/2024\/08\/Logo-WebP.webp","contentUrl":"https:\/\/lucaseletro.com.br\/wp-content\/uploads\/2024\/08\/Logo-WebP.webp","width":1366,"height":457,"caption":"Lucas Eletro"},"image":{"@id":"https:\/\/lucaseletro.com.br\/#\/schema\/logo\/image\/"},"sameAs":["https:\/\/www.facebook.com\/lucas.eletro.71"]}]},"product_price_amount":"799.00","product_price_currency":"BRL","og_availability":"instock","product_availability":"instock","product_retailer_item_id":"caparisC\/6","product_condition":"new"},"_links":{"self":[{"href":"https:\/\/lucaseletro.com.br\/index.php?rest_route=\/wp\/v2\/product\/4786","targetHints":{"allow":["GET"]}}],"collection":[{"href":"https:\/\/lucaseletro.com.br\/index.php?rest_route=\/wp\/v2\/product"}],"about":[{"href":"https:\/\/lucaseletro.com.br\/index.php?rest_route=\/wp\/v2\/types\/product"}],"replies":[{"embeddable":true,"href":"https:\/\/lucaseletro.com.br\/index.php?rest_route=%2Fwp%2Fv2%2Fcomments&post=4786"}],"wp:featuredmedia":[{"embeddable":true,"href":"https:\/\/lucaseletro.com.br\/index.php?rest_route=\/wp\/v2\/media\/4783"}],"wp:attachment":[{"href":"https:\/\/lucaseletro.com.br\/index.php?rest_route=%2Fwp%2Fv2%2Fmedia&parent=4786"}],"wp:term":[{"taxonomy":"product_brand","embeddable":true,"href":"https:\/\/lucaseletro.com.br\/index.php?rest_route=%2Fwp%2Fv2%2Fproduct_brand&post=4786"},{"taxonomy":"product_cat","embeddable":true,"href":"https:\/\/lucaseletro.com.br\/index.php?rest_route=%2Fwp%2Fv2%2Fproduct_cat&post=4786"},{"taxonomy":"product_tag","embeddable":true,"href":"https:\/\/lucaseletro.com.br\/index.php?rest_route=%2Fwp%2Fv2%2Fproduct_tag&post=4786"}],"curies":[{"name":"wp","href":"https:\/\/api.w.org\/{rel}","templated":true}]}}