{"id":4790,"date":"2026-04-11T09:06:05","date_gmt":"2026-04-11T12:06:05","guid":{"rendered":"https:\/\/lucaseletro.com.br\/?post_type=product&#038;p=4790"},"modified":"2026-04-11T09:06:06","modified_gmt":"2026-04-11T12:06:06","slug":"cadeira-de-aco-bm-monaco-prata-mart-c-04","status":"publish","type":"product","link":"https:\/\/lucaseletro.com.br\/?product=cadeira-de-aco-bm-monaco-prata-mart-c-04","title":{"rendered":"CADEIRA DE A\u00c7O BM MONACO PRATA MART. C\/04"},"content":{"rendered":"<div class=\"otQkpb\" role=\"heading\" aria-level=\"3\" data-animation-nesting=\"\" data-sfc-cp=\"\" data-sfc-root=\"c\" data-sfc-cb=\"\" data-processed=\"true\">Destaques do Produto:<\/div>\n<ul class=\"KsbFXc U6u95\" data-sfc-root=\"c\" data-sfc-cb=\"\" data-processed=\"true\">\n<li class=\"dF3vjf\" data-sfc-root=\"c\" data-sfc-cb=\"\" data-hveid=\"CAcQAA\"><span class=\"T286Pc\" data-sfc-cp=\"\" data-sfc-root=\"c\" data-sfc-cb=\"\"><strong class=\"Yjhzub\" data-sfc-root=\"c\" data-sfc-cb=\"\">Estrutura Refor\u00e7ada:<\/strong>\u00a0Produzidas em a\u00e7o de alta qualidade, garantindo maior estabilidade e longa vida \u00fatil.<\/span><\/li>\n<li class=\"dF3vjf\" data-sfc-root=\"c\" data-sfc-cb=\"\" data-hveid=\"CAcQAQ\"><span class=\"T286Pc\" data-sfc-cp=\"\" data-sfc-root=\"c\" data-sfc-cb=\"\"><strong class=\"Yjhzub\" data-sfc-root=\"c\" data-sfc-cb=\"\">Pintura Prata Martelado:<\/strong>\u00a0Acabamento especial que confere textura, sofistica\u00e7\u00e3o e maior resist\u00eancia contra riscos e corros\u00e3o.<\/span><\/li>\n<li class=\"dF3vjf\" data-sfc-root=\"c\" data-sfc-cb=\"\" data-hveid=\"CAcQAg\"><span class=\"T286Pc\" data-sfc-cp=\"\" data-sfc-root=\"c\" data-sfc-cb=\"\"><strong class=\"Yjhzub\" data-sfc-root=\"c\" data-sfc-cb=\"\">Conforto Estofado:<\/strong>\u00a0Assento ergon\u00f4mico estofado, proporcionando comodidade para longas refei\u00e7\u00f5es.<\/span><\/li>\n<li class=\"dF3vjf\" data-sfc-root=\"c\" data-sfc-cb=\"\" data-hveid=\"CAcQAw\"><span class=\"T286Pc\" data-sfc-cp=\"\" data-sfc-root=\"c\" data-sfc-cb=\"\"><strong class=\"Yjhzub\" data-sfc-root=\"c\" data-sfc-cb=\"\">Design M\u00f4naco:<\/strong>\u00a0Encosto tubulado que proporciona suporte firme e um visual harm\u00f4nico.<\/span><span class=\"uJ19be notranslate\" data-sfc-root=\"c\" data-wiz-uids=\"fw80Zd_1i,fw80Zd_1j\" data-sfc-cb=\"\"><span class=\"vKEkVd\" data-animation-atomic=\"\" data-wiz-attrbind=\"class=fw80Zd_1h\/TKHnVd\"><span aria-hidden=\"true\">\u00a0<\/span><\/span><\/span>\n<div class=\"Fwa2Od\" data-animation-skip=\"\" data-sfc-root=\"c\" data-sfc-cb=\"\" data-ved=\"2ahUKEwirw9ud2uWTAxX1qpUCHUwnJmQQ3s0SegQIBxAF\"><img decoding=\"async\" id=\"img-4zHaaevFA_XV1sQPzM6YoQY_1\" class=\"lXbsme\" src=\"data:image\/png;base64,iVBORw0KGgoAAAANSUhEUgAAABAAAAAQCAYAAAAf8\/9hAAADZElEQVQ4jaWS62tbZQCHf+c9t+Sc3JPa9ZL0kqSt69Y4rXZeWlezDb94g0H9pqKgG455gYEgCE5haEFlgzGLDpwgTBDRL3ajMulY5yht1826bG2TtE3SNGlzbXJycs55\/VD\/gz1\/wMPz4WEopXgQOADwDTwNAGBY1uQMBLua+h494uwMHjZ7Gh5mGIatZjf+Tc3PXREslktGXb0zff6MxokmeHp27wiIIEBTqpDd7n39bx675Gjzt6rlIjSlCpEl6G7p6+\/c91h\/Mh59Z+PW7EnC8z9kIgvqsx9\/tiOwNO6CYeioVyqx2LWrow8V8kfNTd5ur2TCHqsJLpHDtqrjns\/ntLX4xpb+mtCLidWLek3RCAAYhmFpeuTxplqpnComk9\/Mn\/v6BTkVH2932ujBXS481+hGuNmNFugQDR0DR9\/7tHFPKMQKAsj\/BSOuTv85T8\/ul3OpBLEJ\/P39m2vH\/NnEhCzwAACJZdFtlyFUtuHu6W11dgReZAjhCAD4nhoaaR8KvzTw9vGL7kDX+6vLS4iup5er6dSFza1cFACytToipQoyqgqlXELb4IEhwWZzEACwtniD5Y00eFm29B159bS5M\/jGVm6L2R8KTc3Ozp79M5nRxrNF3M2XwRMWhqLA0d7hZUWTmaGU4q3J2TgvST6qG+AkCYWV+GLsuzOHw3t7o8r2dvNtwfJB4JWRd+ucIFarFciShMLayhLHi8MEAPKxaIQVBIBSUFWFvcXbtm51vTY29i2yayvJ+V9\/PrU4NzMlyhIEwoCIIorJREKvqwoBgNWpycu8SQKlFLqugbCE3zt86KC5I+iKlatgy6VCZuH2H\/VKhbIcD84sIXf3znVdUXIEABbHf\/+lnE7nBKsVVDNg6AYcrT5f02C4rxbshXPgGWjFwpV8PBYxuT2opJKbyeuTv2n12s4HpVRiefL0JycYhgFvscDQ6uDMZqvsdjdrhg5LRwD5xXsz2cjCTd5kwt9nR09tRham\/\/nx+50TGcJi\/dbMT9e+\/Fx68viHo6LVbiF8xcGZzSOVbEYw2Z12V6CbcIIo3\/zqi4\/iE5fPK8VC3dHuB0MphWi1Qm5ohORp4By+9pA\/\/PzrrkDXMCuKPmoYVC2XN4rR5avJ6RsX8kv3p5Nz0+oTJ07CO3hgR\/Ag\/Aco\/3OhaXHXEAAAAABJRU5ErkJggg==\" alt=\"BM Tubulares\" data-imglogged=\"true\" data-aatf=\"4\" data-imgprocessed=\"true\" \/><span class=\"wJwe6c\"><span class=\"iFMVXd\">BM Tubulares<\/span><span class=\"IjM6od\">\u00a0+4<\/span><\/span><\/div>\n<\/li>\n<\/ul>\n<div class=\"Fsg96\" data-sfc-cp=\"\" data-sfc-root=\"c\" data-sfc-cb=\"\" data-processed=\"true\"><\/div>\n<hr class=\"j3tEEe\" data-sfc-root=\"c\" data-sfc-pl=\"|[]\" data-sfc-cb=\"\" data-processed=\"true\" \/>\n<div class=\"Fsg96\" data-sfc-cp=\"\" data-sfc-root=\"c\" data-sfc-cb=\"\" data-processed=\"true\"><\/div>\n<div class=\"otQkpb\" role=\"heading\" aria-level=\"3\" data-animation-nesting=\"\" data-sfc-cp=\"\" data-sfc-root=\"c\" data-sfc-cb=\"\" data-processed=\"true\">Especifica\u00e7\u00f5es T\u00e9cnicas:<\/div>\n<div class=\"Fsg96\" data-sfc-cp=\"\" data-sfc-root=\"c\" data-sfc-cb=\"\" data-processed=\"true\"><\/div>\n<div class=\"Fv6NCb\" data-sfc-cp=\"\" data-sfc-root=\"c\" data-sfc-cb=\"\" data-ved=\"2ahUKEwirw9ud2uWTAxX1qpUCHUwnJmQQ-q4QegQIChAA\" data-processed=\"true\">\n<table class=\"NRefec\" data-animation-nesting=\"\">\n<tbody>\n<tr class=\"cZCYO\" data-sfc-cp=\"\" data-sfc-root=\"c\" data-sfc-cb=\"\">\n<th class=\"iry6k\" colspan=\"undefined\" data-sfc-cp=\"\" data-sfc-root=\"c\" data-sfc-cb=\"\">Caracter\u00edstica<span class=\"uJ19be notranslate\" data-sfc-root=\"c\" data-wiz-uids=\"fw80Zd_20,fw80Zd_21\" data-sfc-cb=\"\"><span class=\"vKEkVd\" data-animation-atomic=\"\" data-wiz-attrbind=\"class=fw80Zd_1z\/TKHnVd\"><span aria-hidden=\"true\">\u00a0<\/span><\/span><\/span><\/th>\n<th class=\"iry6k\" colspan=\"undefined\" data-sfc-cp=\"\" data-sfc-root=\"c\" data-sfc-cb=\"\">Detalhe<\/th>\n<\/tr>\n<tr class=\"cZCYO\" data-sfc-cp=\"\" data-sfc-root=\"c\" data-sfc-cb=\"\">\n<td class=\"cOeeGf\" colspan=\"undefined\" data-sfc-cp=\"\" data-sfc-root=\"c\" data-sfc-cb=\"\"><strong class=\"Yjhzub\" data-sfc-root=\"c\" data-sfc-cb=\"\">Marca<\/strong><\/td>\n<td class=\"cOeeGf\" colspan=\"undefined\" data-sfc-cp=\"\" data-sfc-root=\"c\" data-sfc-cb=\"\">BM Tubulares (Linha Tradicional)<\/td>\n<\/tr>\n<tr class=\"cZCYO\" data-sfc-cp=\"\" data-sfc-root=\"c\" data-sfc-cb=\"\">\n<td class=\"cOeeGf\" colspan=\"undefined\" data-sfc-cp=\"\" data-sfc-root=\"c\" data-sfc-cb=\"\"><strong class=\"Yjhzub\" data-sfc-root=\"c\" data-sfc-cb=\"\">Modelo<\/strong><\/td>\n<td class=\"cOeeGf\" colspan=\"undefined\" data-sfc-cp=\"\" data-sfc-root=\"c\" data-sfc-cb=\"\">M\u00f4naco<\/td>\n<\/tr>\n<tr class=\"cZCYO\" data-sfc-cp=\"\" data-sfc-root=\"c\" data-sfc-cb=\"\">\n<td class=\"cOeeGf\" colspan=\"undefined\" data-sfc-cp=\"\" data-sfc-root=\"c\" data-sfc-cb=\"\"><strong class=\"Yjhzub\" data-sfc-root=\"c\" data-sfc-cb=\"\">Quantidade<\/strong><\/td>\n<td class=\"cOeeGf\" colspan=\"undefined\" data-sfc-cp=\"\" data-sfc-root=\"c\" data-sfc-cb=\"\">04 Cadeiras por embalagem<\/td>\n<\/tr>\n<tr class=\"cZCYO\" data-sfc-cp=\"\" data-sfc-root=\"c\" data-sfc-cb=\"\">\n<td class=\"cOeeGf\" colspan=\"undefined\" data-sfc-cp=\"\" data-sfc-root=\"c\" data-sfc-cb=\"\"><strong class=\"Yjhzub\" data-sfc-root=\"c\" data-sfc-cb=\"\">Material Estrutura<\/strong><\/td>\n<td class=\"cOeeGf\" colspan=\"undefined\" data-sfc-cp=\"\" data-sfc-root=\"c\" data-sfc-cb=\"\">A\u00e7o Tubular Refor\u00e7ado<\/td>\n<\/tr>\n<tr class=\"cZCYO\" data-sfc-cp=\"\" data-sfc-root=\"c\" data-sfc-cb=\"\">\n<td class=\"cOeeGf\" colspan=\"undefined\" data-sfc-cp=\"\" data-sfc-root=\"c\" data-sfc-cb=\"\"><strong class=\"Yjhzub\" data-sfc-root=\"c\" data-sfc-cb=\"\">Cor Estrutura<\/strong><\/td>\n<td class=\"cOeeGf\" colspan=\"undefined\" data-sfc-cp=\"\" data-sfc-root=\"c\" data-sfc-cb=\"\">Prata Martelado<\/td>\n<\/tr>\n<tr class=\"cZCYO\" data-sfc-cp=\"\" data-sfc-root=\"c\" data-sfc-cb=\"\">\n<td class=\"cOeeGf\" colspan=\"undefined\" data-sfc-cp=\"\" data-sfc-root=\"c\" data-sfc-cb=\"\"><strong class=\"Yjhzub\" data-sfc-root=\"c\" data-sfc-cb=\"\">Revestimento<\/strong><\/td>\n<td class=\"cOeeGf\" colspan=\"undefined\" data-sfc-cp=\"\" data-sfc-root=\"c\" data-sfc-cb=\"\">Courino\/Material Sint\u00e9tico (f\u00e1cil limpeza)<\/td>\n<\/tr>\n<tr class=\"cZCYO\" data-sfc-cp=\"\" data-sfc-root=\"c\" data-sfc-cb=\"\">\n<td class=\"cOeeGf\" colspan=\"undefined\" data-sfc-cp=\"\" data-sfc-root=\"c\" data-sfc-cb=\"\"><strong class=\"Yjhzub\" data-sfc-root=\"c\" data-sfc-cb=\"\">Encosto<\/strong><\/td>\n<td class=\"cOeeGf\" colspan=\"undefined\" data-sfc-cp=\"\" data-sfc-root=\"c\" data-sfc-cb=\"\">Tubular com design ergon\u00f4mico<\/td>\n<\/tr>\n<tr class=\"cZCYO\" data-sfc-cp=\"\" data-sfc-root=\"c\" data-sfc-cb=\"\">\n<td class=\"cOeeGf\" colspan=\"undefined\" data-sfc-cp=\"\" data-sfc-root=\"c\" data-sfc-cb=\"\"><strong class=\"Yjhzub\" data-sfc-root=\"c\" data-sfc-cb=\"\">Carga M\u00e1xima<\/strong><\/td>\n<td class=\"cOeeGf\" colspan=\"undefined\" data-sfc-cp=\"\" data-sfc-root=\"c\" data-sfc-cb=\"\">Recomendado at\u00e9 100 kg por cadeira<\/td>\n<\/tr>\n<\/tbody>\n<\/table>\n<\/div>\n<div class=\"Fsg96\" data-sfc-cp=\"\" data-sfc-root=\"c\" data-sfc-cb=\"\" data-processed=\"true\"><\/div>\n<hr class=\"j3tEEe\" data-sfc-root=\"c\" data-sfc-pl=\"|[]\" data-sfc-cb=\"\" data-processed=\"true\" \/>\n<div class=\"Fsg96\" data-sfc-cp=\"\" data-sfc-root=\"c\" data-sfc-cb=\"\" data-processed=\"true\"><\/div>\n<div class=\"otQkpb\" role=\"heading\" aria-level=\"3\" data-animation-nesting=\"\" data-sfc-cp=\"\" data-sfc-root=\"c\" data-sfc-cb=\"\" data-processed=\"true\">Benef\u00edcios de Escolher a Cadeira M\u00f4naco BM:<\/div>\n<ol class=\"IaGLZe VimKh\" data-sfc-root=\"c\" data-sfc-cb=\"\" data-processed=\"true\">\n<li class=\"dF3vjf\" data-sfc-root=\"c\" data-sfc-cb=\"\" data-hveid=\"CA0QAA\"><span class=\"T286Pc\" data-sfc-cp=\"\" data-sfc-root=\"c\" data-sfc-cb=\"\"><strong class=\"Yjhzub\" data-sfc-root=\"c\" data-sfc-cb=\"\">Facilidade na Limpeza:<\/strong>\u00a0O revestimento em courino permite uma higieniza\u00e7\u00e3o r\u00e1pida, ideal para o dia a dia.<\/span><\/li>\n<li class=\"dF3vjf\" data-sfc-root=\"c\" data-sfc-cb=\"\" data-hveid=\"CA0QAQ\"><span class=\"T286Pc\" data-sfc-cp=\"\" data-sfc-root=\"c\" data-sfc-cb=\"\"><strong class=\"Yjhzub\" data-sfc-root=\"c\" data-sfc-cb=\"\">Versatilidade:<\/strong>\u00a0Combina facilmente com mesas de tampo granito, vidro ou madeira, especialmente com bases tubulares.<\/span><\/li>\n<li class=\"dF3vjf\" data-sfc-root=\"c\" data-sfc-cb=\"\" data-hveid=\"CA0QAg\"><span class=\"T286Pc\" data-sfc-cp=\"\" data-sfc-root=\"c\" data-sfc-cb=\"\"><strong class=\"Yjhzub\" data-sfc-root=\"c\" data-sfc-cb=\"\">Durabilidade:<\/strong>\u00a0A estrutura em a\u00e7o \u00e9 resistente \u00e0 corros\u00e3o e arranh\u00f5es, mantendo o aspecto de nova por mais tempo.<\/span><\/li>\n<li class=\"dF3vjf\" data-sfc-root=\"c\" data-sfc-cb=\"\" data-hveid=\"CA0QAw\"><span class=\"T286Pc\" data-sfc-cp=\"\" data-sfc-root=\"c\" data-sfc-cb=\"\"><strong class=\"Yjhzub\" data-sfc-root=\"c\" data-sfc-cb=\"\">Conforto:<\/strong>\u00a0Densidade de espuma planejada para acomodar com conforto.<\/span><span class=\"uJ19be notranslate\" data-sfc-root=\"c\" data-wiz-uids=\"fw80Zd_3p,fw80Zd_3q\" data-sfc-cb=\"\"><span class=\"vKEkVd\" data-animation-atomic=\"\" data-wiz-attrbind=\"class=fw80Zd_3o\/TKHnVd\"><span aria-hidden=\"true\">\u00a0<\/span><\/span><\/span>\n<div class=\"Fwa2Od\" data-animation-skip=\"\" data-sfc-root=\"c\" data-sfc-cb=\"\" data-ved=\"2ahUKEwirw9ud2uWTAxX1qpUCHUwnJmQQ3s0SegQIDRAF\"><\/div>\n<\/li>\n<\/ol>\n<div class=\"Fsg96\" data-sfc-cp=\"\" data-sfc-root=\"c\" data-sfc-cb=\"\" data-processed=\"true\"><\/div>\n<div class=\"otQkpb\" role=\"heading\" aria-level=\"3\" data-animation-nesting=\"\" data-sfc-cp=\"\" data-sfc-root=\"c\" data-sfc-cb=\"\" data-processed=\"true\">Conte\u00fado da Embalagem:<\/div>\n<ul class=\"KsbFXc U6u95\" data-sfc-root=\"c\" data-sfc-cb=\"\" data-processed=\"true\">\n<li class=\"dF3vjf\" data-sfc-root=\"c\" data-sfc-cb=\"\" data-hveid=\"CA8QAA\"><span class=\"T286Pc\" data-sfc-cp=\"\" data-sfc-root=\"c\" data-sfc-cb=\"\">04 Cadeiras M\u00f4naco BM Prata Martelado.<\/span><\/li>\n<li class=\"dF3vjf\" data-sfc-root=\"c\" data-sfc-cb=\"\" data-hveid=\"CA8QAQ\"><span class=\"T286Pc\" data-sfc-cp=\"\" data-sfc-root=\"c\" data-sfc-cb=\"\">Manual de montagem.<\/span><span class=\"uJ19be notranslate\" data-sfc-root=\"c\" data-wiz-uids=\"fw80Zd_48,fw80Zd_49\" data-sfc-cb=\"\"><span class=\"vKEkVd\" data-animation-atomic=\"\" data-wiz-attrbind=\"class=fw80Zd_47\/TKHnVd\"><span aria-hidden=\"true\">\u00a0<\/span><\/span><\/span><\/li>\n<\/ul>\n<div class=\"Fsg96\" data-sfc-cp=\"\" data-sfc-root=\"c\" data-sfc-cb=\"\" data-processed=\"true\"><\/div>\n<hr class=\"j3tEEe\" data-sfc-root=\"c\" data-sfc-pl=\"|[]\" data-sfc-cb=\"\" data-processed=\"true\" \/>\n<div class=\"Y3BBE\" data-sfc-cp=\"\" data-sfc-root=\"c\" data-sfc-cb=\"\" data-hveid=\"CBEQAA\" data-processed=\"true\"><strong class=\"Yjhzub\" data-sfc-root=\"c\" data-sfc-cb=\"\">Nota:<\/strong>\u00a0A cor\/tonalidade real do produto pode sofrer varia\u00e7\u00f5es dependendo da configura\u00e7\u00e3o da sua tela. Objetos decorativos que aparecem nas fotos n\u00e3o acompanham as cadeiras<\/div>\n","protected":false},"excerpt":{"rendered":"<p>O\u00a0<strong class=\"Yjhzub\" data-sfc-root=\"c\" data-sfc-cb=\"\">Kit 04 Cadeiras M\u00f4naco BM Tubulares<\/strong>\u00a0\u00e9 a escolha ideal para quem busca conforto, praticidade e um design sofisticado. Com acabamento na cor Prata Martelado, estas cadeiras trazem um ar moderno e clean ao ambiente, sendo perfeitas para uso di\u00e1rio em cozinhas, salas de jantar ou \u00e1reas gourmet.<span class=\"uJ19be notranslate\" data-sfc-root=\"c\" data-wiz-uids=\"fw80Zd_x,fw80Zd_y\" data-sfc-cb=\"\"><span class=\"vKEkVd\" data-animation-atomic=\"\" data-wiz-attrbind=\"class=fw80Zd_w\/TKHnVd\"><span aria-hidden=\"true\">\u00a0<\/span><\/span><\/span><\/p>\n","protected":false},"featured_media":4791,"comment_status":"open","ping_status":"closed","template":"","meta":[],"product_brand":[112],"product_cat":[43,32],"product_tag":[],"class_list":{"0":"post-4790","1":"product","2":"type-product","3":"status-publish","4":"has-post-thumbnail","6":"product_brand-bm-moveis-tubulares","7":"product_cat-cadeiras","8":"product_cat-cozinha","10":"first","11":"instock","12":"shipping-taxable","13":"purchasable","14":"product-type-simple"},"yoast_head":"<!-- This site is optimized with the Yoast SEO Premium plugin v23.3 (Yoast SEO v27.4) - https:\/\/yoast.com\/product\/yoast-seo-premium-wordpress\/ -->\n<title>CADEIRA DE A\u00c7O BM MONACO PRATA MART. C\/04 - Lucas Eletro<\/title>\n<meta name=\"robots\" content=\"index, follow, max-snippet:-1, max-image-preview:large, max-video-preview:-1\" \/>\n<link rel=\"canonical\" href=\"https:\/\/lucaseletro.com.br\/?product=cadeira-de-aco-bm-monaco-prata-mart-c-04\" \/>\n<meta property=\"og:locale\" content=\"pt_BR\" \/>\n<meta property=\"og:type\" content=\"article\" \/>\n<meta property=\"og:title\" content=\"CADEIRA DE A\u00c7O BM MONACO PRATA MART. C\/04 - &#082;&#036;599,00 - Lucas Eletro\" \/>\n<meta property=\"og:description\" content=\"O\u00a0Kit 04 Cadeiras M\u00f4naco BM Tubulares\u00a0\u00e9 a escolha ideal para quem busca conforto, praticidade e um design sofisticado. Com acabamento na cor Prata Martelado, estas cadeiras trazem um ar moderno e clean ao ambiente, sendo perfeitas para uso di\u00e1rio em cozinhas, salas de jantar ou \u00e1reas gourmet.\u00a0\" \/>\n<meta property=\"og:url\" content=\"https:\/\/lucaseletro.com.br\/?product=cadeira-de-aco-bm-monaco-prata-mart-c-04\" \/>\n<meta property=\"og:site_name\" content=\"Lucas Eletro\" \/>\n<meta property=\"article:publisher\" content=\"https:\/\/www.facebook.com\/lucas.eletro.71\" \/>\n<meta property=\"article:modified_time\" content=\"2026-04-11T12:06:06+00:00\" \/>\n<meta property=\"og:image\" content=\"https:\/\/lucaseletro.com.br\/wp-content\/uploads\/2026\/04\/cadeira_monaco.jpg\" \/>\n\t<meta property=\"og:image:width\" content=\"1500\" \/>\n\t<meta property=\"og:image:height\" content=\"1062\" \/>\n\t<meta property=\"og:image:type\" content=\"image\/jpeg\" \/>\n<meta name=\"twitter:card\" content=\"summary_large_image\" \/>\n<meta name=\"twitter:label1\" content=\"Pre\u00e7o\" \/>\n\t<meta name=\"twitter:data1\" content=\"&#082;&#036;599,00\" \/>\n\t<meta name=\"twitter:label2\" content=\"Disponibilidade\" \/>\n\t<meta name=\"twitter:data2\" content=\"Em Estoque\" \/>\n<script type=\"application\/ld+json\" class=\"yoast-schema-graph\">{\"@context\":\"https:\\\/\\\/schema.org\",\"@graph\":[{\"@type\":\"WebPage\",\"@id\":\"https:\\\/\\\/lucaseletro.com.br\\\/?product=cadeira-de-aco-bm-monaco-prata-mart-c-04\",\"url\":\"https:\\\/\\\/lucaseletro.com.br\\\/?product=cadeira-de-aco-bm-monaco-prata-mart-c-04\",\"name\":\"CADEIRA DE A\u00c7O BM MONACO PRATA MART. C\\\/04 - Lucas Eletro\",\"isPartOf\":{\"@id\":\"https:\\\/\\\/lucaseletro.com.br\\\/#website\"},\"primaryImageOfPage\":{\"@id\":\"https:\\\/\\\/lucaseletro.com.br\\\/?product=cadeira-de-aco-bm-monaco-prata-mart-c-04#primaryimage\"},\"image\":{\"@id\":\"https:\\\/\\\/lucaseletro.com.br\\\/?product=cadeira-de-aco-bm-monaco-prata-mart-c-04#primaryimage\"},\"thumbnailUrl\":\"https:\\\/\\\/lucaseletro.com.br\\\/wp-content\\\/uploads\\\/2026\\\/04\\\/cadeira_monaco.jpg\",\"datePublished\":\"2026-04-11T12:06:05+00:00\",\"dateModified\":\"2026-04-11T12:06:06+00:00\",\"breadcrumb\":{\"@id\":\"https:\\\/\\\/lucaseletro.com.br\\\/?product=cadeira-de-aco-bm-monaco-prata-mart-c-04#breadcrumb\"},\"inLanguage\":\"pt-BR\",\"potentialAction\":[{\"@type\":\"ReadAction\",\"target\":[\"https:\\\/\\\/lucaseletro.com.br\\\/?product=cadeira-de-aco-bm-monaco-prata-mart-c-04\"]}]},{\"@type\":\"ImageObject\",\"inLanguage\":\"pt-BR\",\"@id\":\"https:\\\/\\\/lucaseletro.com.br\\\/?product=cadeira-de-aco-bm-monaco-prata-mart-c-04#primaryimage\",\"url\":\"https:\\\/\\\/lucaseletro.com.br\\\/wp-content\\\/uploads\\\/2026\\\/04\\\/cadeira_monaco.jpg\",\"contentUrl\":\"https:\\\/\\\/lucaseletro.com.br\\\/wp-content\\\/uploads\\\/2026\\\/04\\\/cadeira_monaco.jpg\",\"width\":1500,\"height\":1062},{\"@type\":\"BreadcrumbList\",\"@id\":\"https:\\\/\\\/lucaseletro.com.br\\\/?product=cadeira-de-aco-bm-monaco-prata-mart-c-04#breadcrumb\",\"itemListElement\":[{\"@type\":\"ListItem\",\"position\":1,\"name\":\"In\u00edcio\",\"item\":\"https:\\\/\\\/lucaseletro.com.br\\\/\"},{\"@type\":\"ListItem\",\"position\":2,\"name\":\"Loja\",\"item\":\"https:\\\/\\\/lucaseletro.com.br\\\/?page_id=11\"},{\"@type\":\"ListItem\",\"position\":3,\"name\":\"CADEIRA DE A\u00c7O BM MONACO PRATA MART. C\\\/04\"}]},{\"@type\":\"WebSite\",\"@id\":\"https:\\\/\\\/lucaseletro.com.br\\\/#website\",\"url\":\"https:\\\/\\\/lucaseletro.com.br\\\/\",\"name\":\"Lucas Eletro\",\"description\":\"Realizando seus sonhos\",\"publisher\":{\"@id\":\"https:\\\/\\\/lucaseletro.com.br\\\/#organization\"},\"alternateName\":\"Lucas Eletro\",\"potentialAction\":[{\"@type\":\"SearchAction\",\"target\":{\"@type\":\"EntryPoint\",\"urlTemplate\":\"https:\\\/\\\/lucaseletro.com.br\\\/?s={search_term_string}\"},\"query-input\":{\"@type\":\"PropertyValueSpecification\",\"valueRequired\":true,\"valueName\":\"search_term_string\"}}],\"inLanguage\":\"pt-BR\"},{\"@type\":\"Organization\",\"@id\":\"https:\\\/\\\/lucaseletro.com.br\\\/#organization\",\"name\":\"Lucas Eletro\",\"alternateName\":\"Lucas Eletro\",\"url\":\"https:\\\/\\\/lucaseletro.com.br\\\/\",\"logo\":{\"@type\":\"ImageObject\",\"inLanguage\":\"pt-BR\",\"@id\":\"https:\\\/\\\/lucaseletro.com.br\\\/#\\\/schema\\\/logo\\\/image\\\/\",\"url\":\"https:\\\/\\\/lucaseletro.com.br\\\/wp-content\\\/uploads\\\/2024\\\/08\\\/Logo-WebP.webp\",\"contentUrl\":\"https:\\\/\\\/lucaseletro.com.br\\\/wp-content\\\/uploads\\\/2024\\\/08\\\/Logo-WebP.webp\",\"width\":1366,\"height\":457,\"caption\":\"Lucas Eletro\"},\"image\":{\"@id\":\"https:\\\/\\\/lucaseletro.com.br\\\/#\\\/schema\\\/logo\\\/image\\\/\"},\"sameAs\":[\"https:\\\/\\\/www.facebook.com\\\/lucas.eletro.71\"]}]}<\/script>\n<meta property=\"product:price:amount\" content=\"599.00\" \/>\n<meta property=\"product:price:currency\" content=\"BRL\" \/>\n<meta property=\"og:availability\" content=\"instock\" \/>\n<meta property=\"product:availability\" content=\"instock\" \/>\n<meta property=\"product:retailer_item_id\" content=\"camonacoC\/4\" \/>\n<meta property=\"product:condition\" content=\"new\" \/>\n<!-- \/ Yoast SEO Premium plugin. -->","yoast_head_json":{"title":"CADEIRA DE A\u00c7O BM MONACO PRATA MART. C\/04 - Lucas Eletro","robots":{"index":"index","follow":"follow","max-snippet":"max-snippet:-1","max-image-preview":"max-image-preview:large","max-video-preview":"max-video-preview:-1"},"canonical":"https:\/\/lucaseletro.com.br\/?product=cadeira-de-aco-bm-monaco-prata-mart-c-04","og_locale":"pt_BR","og_type":"article","og_title":"CADEIRA DE A\u00c7O BM MONACO PRATA MART. C\/04 - &#82;&#36;599,00 - Lucas Eletro","og_description":"O\u00a0Kit 04 Cadeiras M\u00f4naco BM Tubulares\u00a0\u00e9 a escolha ideal para quem busca conforto, praticidade e um design sofisticado. Com acabamento na cor Prata Martelado, estas cadeiras trazem um ar moderno e clean ao ambiente, sendo perfeitas para uso di\u00e1rio em cozinhas, salas de jantar ou \u00e1reas gourmet.\u00a0","og_url":"https:\/\/lucaseletro.com.br\/?product=cadeira-de-aco-bm-monaco-prata-mart-c-04","og_site_name":"Lucas Eletro","article_publisher":"https:\/\/www.facebook.com\/lucas.eletro.71","article_modified_time":"2026-04-11T12:06:06+00:00","og_image":[{"width":1500,"height":1062,"url":"https:\/\/lucaseletro.com.br\/wp-content\/uploads\/2026\/04\/cadeira_monaco.jpg","type":"image\/jpeg"}],"twitter_card":"summary_large_image","twitter_misc":{"Pre\u00e7o":"&#82;&#36;599,00","Disponibilidade":"Em Estoque"},"schema":{"@context":"https:\/\/schema.org","@graph":[{"@type":"WebPage","@id":"https:\/\/lucaseletro.com.br\/?product=cadeira-de-aco-bm-monaco-prata-mart-c-04","url":"https:\/\/lucaseletro.com.br\/?product=cadeira-de-aco-bm-monaco-prata-mart-c-04","name":"CADEIRA DE A\u00c7O BM MONACO PRATA MART. C\/04 - Lucas Eletro","isPartOf":{"@id":"https:\/\/lucaseletro.com.br\/#website"},"primaryImageOfPage":{"@id":"https:\/\/lucaseletro.com.br\/?product=cadeira-de-aco-bm-monaco-prata-mart-c-04#primaryimage"},"image":{"@id":"https:\/\/lucaseletro.com.br\/?product=cadeira-de-aco-bm-monaco-prata-mart-c-04#primaryimage"},"thumbnailUrl":"https:\/\/lucaseletro.com.br\/wp-content\/uploads\/2026\/04\/cadeira_monaco.jpg","datePublished":"2026-04-11T12:06:05+00:00","dateModified":"2026-04-11T12:06:06+00:00","breadcrumb":{"@id":"https:\/\/lucaseletro.com.br\/?product=cadeira-de-aco-bm-monaco-prata-mart-c-04#breadcrumb"},"inLanguage":"pt-BR","potentialAction":[{"@type":"ReadAction","target":["https:\/\/lucaseletro.com.br\/?product=cadeira-de-aco-bm-monaco-prata-mart-c-04"]}]},{"@type":"ImageObject","inLanguage":"pt-BR","@id":"https:\/\/lucaseletro.com.br\/?product=cadeira-de-aco-bm-monaco-prata-mart-c-04#primaryimage","url":"https:\/\/lucaseletro.com.br\/wp-content\/uploads\/2026\/04\/cadeira_monaco.jpg","contentUrl":"https:\/\/lucaseletro.com.br\/wp-content\/uploads\/2026\/04\/cadeira_monaco.jpg","width":1500,"height":1062},{"@type":"BreadcrumbList","@id":"https:\/\/lucaseletro.com.br\/?product=cadeira-de-aco-bm-monaco-prata-mart-c-04#breadcrumb","itemListElement":[{"@type":"ListItem","position":1,"name":"In\u00edcio","item":"https:\/\/lucaseletro.com.br\/"},{"@type":"ListItem","position":2,"name":"Loja","item":"https:\/\/lucaseletro.com.br\/?page_id=11"},{"@type":"ListItem","position":3,"name":"CADEIRA DE A\u00c7O BM MONACO PRATA MART. C\/04"}]},{"@type":"WebSite","@id":"https:\/\/lucaseletro.com.br\/#website","url":"https:\/\/lucaseletro.com.br\/","name":"Lucas Eletro","description":"Realizando seus sonhos","publisher":{"@id":"https:\/\/lucaseletro.com.br\/#organization"},"alternateName":"Lucas Eletro","potentialAction":[{"@type":"SearchAction","target":{"@type":"EntryPoint","urlTemplate":"https:\/\/lucaseletro.com.br\/?s={search_term_string}"},"query-input":{"@type":"PropertyValueSpecification","valueRequired":true,"valueName":"search_term_string"}}],"inLanguage":"pt-BR"},{"@type":"Organization","@id":"https:\/\/lucaseletro.com.br\/#organization","name":"Lucas Eletro","alternateName":"Lucas Eletro","url":"https:\/\/lucaseletro.com.br\/","logo":{"@type":"ImageObject","inLanguage":"pt-BR","@id":"https:\/\/lucaseletro.com.br\/#\/schema\/logo\/image\/","url":"https:\/\/lucaseletro.com.br\/wp-content\/uploads\/2024\/08\/Logo-WebP.webp","contentUrl":"https:\/\/lucaseletro.com.br\/wp-content\/uploads\/2024\/08\/Logo-WebP.webp","width":1366,"height":457,"caption":"Lucas Eletro"},"image":{"@id":"https:\/\/lucaseletro.com.br\/#\/schema\/logo\/image\/"},"sameAs":["https:\/\/www.facebook.com\/lucas.eletro.71"]}]},"product_price_amount":"599.00","product_price_currency":"BRL","og_availability":"instock","product_availability":"instock","product_retailer_item_id":"camonacoC\/4","product_condition":"new"},"_links":{"self":[{"href":"https:\/\/lucaseletro.com.br\/index.php?rest_route=\/wp\/v2\/product\/4790","targetHints":{"allow":["GET"]}}],"collection":[{"href":"https:\/\/lucaseletro.com.br\/index.php?rest_route=\/wp\/v2\/product"}],"about":[{"href":"https:\/\/lucaseletro.com.br\/index.php?rest_route=\/wp\/v2\/types\/product"}],"replies":[{"embeddable":true,"href":"https:\/\/lucaseletro.com.br\/index.php?rest_route=%2Fwp%2Fv2%2Fcomments&post=4790"}],"wp:featuredmedia":[{"embeddable":true,"href":"https:\/\/lucaseletro.com.br\/index.php?rest_route=\/wp\/v2\/media\/4791"}],"wp:attachment":[{"href":"https:\/\/lucaseletro.com.br\/index.php?rest_route=%2Fwp%2Fv2%2Fmedia&parent=4790"}],"wp:term":[{"taxonomy":"product_brand","embeddable":true,"href":"https:\/\/lucaseletro.com.br\/index.php?rest_route=%2Fwp%2Fv2%2Fproduct_brand&post=4790"},{"taxonomy":"product_cat","embeddable":true,"href":"https:\/\/lucaseletro.com.br\/index.php?rest_route=%2Fwp%2Fv2%2Fproduct_cat&post=4790"},{"taxonomy":"product_tag","embeddable":true,"href":"https:\/\/lucaseletro.com.br\/index.php?rest_route=%2Fwp%2Fv2%2Fproduct_tag&post=4790"}],"curies":[{"name":"wp","href":"https:\/\/api.w.org\/{rel}","templated":true}]}}