{"id":4804,"date":"2026-04-13T14:42:11","date_gmt":"2026-04-13T17:42:11","guid":{"rendered":"https:\/\/lucaseletro.com.br\/?post_type=product&#038;p=4804"},"modified":"2026-04-13T14:42:12","modified_gmt":"2026-04-13T17:42:12","slug":"celular-motorola-moto-g-06-256g-4ram","status":"publish","type":"product","link":"https:\/\/lucaseletro.com.br\/?product=celular-motorola-moto-g-06-256g-4ram","title":{"rendered":"CELULAR MOTOROLA MOTO G 06 256G 4RAM"},"content":{"rendered":"<div class=\"otQkpb\" role=\"heading\" aria-level=\"3\" data-animation-nesting=\"\" data-sfc-cp=\"\" data-sfc-root=\"c\" data-sfc-cb=\"\" data-processed=\"true\">&#x1f4cb; Descri\u00e7\u00e3o Detalhada<\/div>\n<div class=\"Fsg96\" data-sfc-cp=\"\" data-sfc-root=\"c\" data-sfc-cb=\"\" data-processed=\"true\"><\/div>\n<div class=\"otQkpb\" role=\"heading\" aria-level=\"3\" data-animation-nesting=\"\" data-sfc-cp=\"\" data-sfc-root=\"c\" data-sfc-cb=\"\" data-processed=\"true\">Espa\u00e7o de sobra e Desempenho Fluido<\/div>\n<div class=\"Y3BBE\" data-sfc-cp=\"\" data-sfc-root=\"c\" data-sfc-cb=\"\" data-hveid=\"CAcQAA\" data-processed=\"true\">Com 256GB, voc\u00ea tem liberdade total. O processador\u00a0<strong class=\"Yjhzub\" data-sfc-root=\"c\" data-sfc-cb=\"\">Helio G81 Extreme<\/strong>\u00a0garante estabilidade, enquanto os 4GB de RAM f\u00edsica (expans\u00edveis com o RAM Boost) oferecem a estabilidade que a sua rotina agitada exige, mesmo rodando v\u00e1rios apps ao mesmo tempo.<\/div>\n<div class=\"Fsg96\" data-sfc-cp=\"\" data-sfc-root=\"c\" data-sfc-cb=\"\" data-processed=\"true\"><\/div>\n<div class=\"otQkpb\" role=\"heading\" aria-level=\"3\" data-animation-nesting=\"\" data-sfc-cp=\"\" data-sfc-root=\"c\" data-sfc-cb=\"\" data-processed=\"true\">Imagem Imersiva e Design Inteligente<\/div>\n<div class=\"Y3BBE\" data-sfc-cp=\"\" data-sfc-root=\"c\" data-sfc-cb=\"\" data-hveid=\"CAgQAA\" data-processed=\"true\">A tela de 6.9&#8243; com prote\u00e7\u00e3o Corning Gorilla Glass 3 proporciona resist\u00eancia e conforto visual. Al\u00e9m disso, conta com a tecnologia\u00a0<strong class=\"Yjhzub\" data-sfc-root=\"c\" data-sfc-cb=\"\">Smart Water Touch<\/strong>, que permite usar a tela mesmo com os dedos ou a superf\u00edcie molhada \u2014 perfeito para dias de chuva ou uso na piscina.<\/div>\n<div class=\"Fsg96\" data-sfc-cp=\"\" data-sfc-root=\"c\" data-sfc-cb=\"\" data-processed=\"true\"><\/div>\n<div class=\"otQkpb\" role=\"heading\" aria-level=\"3\" data-animation-nesting=\"\" data-sfc-cp=\"\" data-sfc-root=\"c\" data-sfc-cb=\"\" data-processed=\"true\">C\u00e2meras Inteligentes para Fotos Incr\u00edveis<\/div>\n<div class=\"Y3BBE\" data-sfc-cp=\"\" data-sfc-root=\"c\" data-sfc-cb=\"\" data-hveid=\"CAkQAA\" data-processed=\"true\">A c\u00e2mera principal de 50 MP utiliza Intelig\u00eancia Artificial para melhorar automaticamente suas fotos, garantindo \u00f3timos resultados em ambientes com pouca luz (Night Vision). A c\u00e2mera frontal de 8 MP \u00e9 ideal para selfies n\u00edtidas e v\u00eddeos de alta qualidade.<\/div>\n<div class=\"Fsg96\" data-sfc-cp=\"\" data-sfc-root=\"c\" data-sfc-cb=\"\" data-processed=\"true\"><\/div>\n<div class=\"otQkpb\" role=\"heading\" aria-level=\"3\" data-animation-nesting=\"\" data-sfc-cp=\"\" data-sfc-root=\"c\" data-sfc-cb=\"\" data-processed=\"true\">Bateria que Acompanha Voc\u00ea<\/div>\n<div class=\"Y3BBE\" data-sfc-cp=\"\" data-sfc-root=\"c\" data-sfc-cb=\"\" data-hveid=\"CAoQAA\" data-processed=\"true\">A poderosa bateria de 5200 mAh oferece autonomia de at\u00e9 2 dias de uso moderado. Com o carregador r\u00e1pido, voc\u00ea gasta menos tempo carregando e mais tempo aproveitando seu celular.<\/div>\n<div class=\"Fsg96\" data-sfc-cp=\"\" data-sfc-root=\"c\" data-sfc-cb=\"\" data-processed=\"true\"><\/div>\n<hr class=\"j3tEEe\" data-sfc-root=\"c\" data-sfc-pl=\"|[]\" data-sfc-cb=\"\" data-processed=\"true\" \/>\n<div class=\"Fsg96\" data-sfc-cp=\"\" data-sfc-root=\"c\" data-sfc-cb=\"\" data-processed=\"true\"><\/div>\n<div class=\"otQkpb\" role=\"heading\" aria-level=\"3\" data-animation-nesting=\"\" data-sfc-cp=\"\" data-sfc-root=\"c\" data-sfc-cb=\"\" data-processed=\"true\">&#x1f6e0;&#xfe0f; Ficha T\u00e9cnica Resumida<\/div>\n<ul class=\"KsbFXc U6u95\" data-sfc-root=\"c\" data-sfc-cb=\"\" data-processed=\"true\">\n<li class=\"dF3vjf\" data-sfc-root=\"c\" data-sfc-cb=\"\" data-hveid=\"CAwQAA\"><span class=\"T286Pc\" data-sfc-cp=\"\" data-sfc-root=\"c\" data-sfc-cb=\"\"><strong class=\"Yjhzub\" data-sfc-root=\"c\" data-sfc-cb=\"\">Modelo:<\/strong>\u00a0Motorola Moto G06 (XT2535-1)<\/span><\/li>\n<li class=\"dF3vjf\" data-sfc-root=\"c\" data-sfc-cb=\"\" data-hveid=\"CAwQAQ\"><span class=\"T286Pc\" data-sfc-cp=\"\" data-sfc-root=\"c\" data-sfc-cb=\"\"><strong class=\"Yjhzub\" data-sfc-root=\"c\" data-sfc-cb=\"\">Sistema Operacional:<\/strong>\u00a0Android 15<\/span><\/li>\n<li class=\"dF3vjf\" data-sfc-root=\"c\" data-sfc-cb=\"\" data-hveid=\"CAwQAg\"><span class=\"T286Pc\" data-sfc-cp=\"\" data-sfc-root=\"c\" data-sfc-cb=\"\"><strong class=\"Yjhzub\" data-sfc-root=\"c\" data-sfc-cb=\"\">Processador:<\/strong>\u00a0MediaTek Helio G81 Extreme (2,0 GHz Octa-Core)<\/span><\/li>\n<li class=\"dF3vjf\" data-sfc-root=\"c\" data-sfc-cb=\"\" data-hveid=\"CAwQAw\"><span class=\"T286Pc\" data-sfc-cp=\"\" data-sfc-root=\"c\" data-sfc-cb=\"\"><strong class=\"Yjhzub\" data-sfc-root=\"c\" data-sfc-cb=\"\">Mem\u00f3ria RAM:<\/strong>\u00a04 GB + RAM Boost<\/span><\/li>\n<li class=\"dF3vjf\" data-sfc-root=\"c\" data-sfc-cb=\"\" data-hveid=\"CAwQBA\"><span class=\"T286Pc\" data-sfc-cp=\"\" data-sfc-root=\"c\" data-sfc-cb=\"\"><strong class=\"Yjhzub\" data-sfc-root=\"c\" data-sfc-cb=\"\">Armazenamento Interno:<\/strong>\u00a0256 GB (expans\u00edvel at\u00e9 1 TB via MicroSD)<\/span><\/li>\n<li class=\"dF3vjf\" data-sfc-root=\"c\" data-sfc-cb=\"\" data-hveid=\"CAwQBQ\"><span class=\"T286Pc\" data-sfc-cp=\"\" data-sfc-root=\"c\" data-sfc-cb=\"\"><strong class=\"Yjhzub\" data-sfc-root=\"c\" data-sfc-cb=\"\">Tela:<\/strong>\u00a06,9&#8243; HD+ (720&#215;1640) &#8211; IPS LCD &#8211; 120 Hz<\/span><\/li>\n<li class=\"dF3vjf\" data-sfc-root=\"c\" data-sfc-cb=\"\" data-hveid=\"CAwQBg\"><span class=\"T286Pc\" data-sfc-cp=\"\" data-sfc-root=\"c\" data-sfc-cb=\"\"><strong class=\"Yjhzub\" data-sfc-root=\"c\" data-sfc-cb=\"\">C\u00e2mera Traseira:<\/strong>\u00a050 MP (Principal) + 5MP (Depth)<\/span><\/li>\n<li class=\"dF3vjf\" data-sfc-root=\"c\" data-sfc-cb=\"\" data-hveid=\"CAwQBw\"><span class=\"T286Pc\" data-sfc-cp=\"\" data-sfc-root=\"c\" data-sfc-cb=\"\"><strong class=\"Yjhzub\" data-sfc-root=\"c\" data-sfc-cb=\"\">C\u00e2mera Frontal:<\/strong>\u00a08 MP<\/span><\/li>\n<li class=\"dF3vjf\" data-sfc-root=\"c\" data-sfc-cb=\"\" data-hveid=\"CAwQCA\"><span class=\"T286Pc\" data-sfc-cp=\"\" data-sfc-root=\"c\" data-sfc-cb=\"\"><strong class=\"Yjhzub\" data-sfc-root=\"c\" data-sfc-cb=\"\">Bateria:<\/strong>\u00a05200 mAh<\/span><\/li>\n<li class=\"dF3vjf\" data-sfc-root=\"c\" data-sfc-cb=\"\" data-hveid=\"CAwQCQ\"><span class=\"T286Pc\" data-sfc-cp=\"\" data-sfc-root=\"c\" data-sfc-cb=\"\"><strong class=\"Yjhzub\" data-sfc-root=\"c\" data-sfc-cb=\"\">Conectividade:<\/strong>\u00a04G LTE, Wi-Fi 5G, Bluetooth 6.0, USB-C<\/span><\/li>\n<li class=\"dF3vjf\" data-sfc-root=\"c\" data-sfc-cb=\"\" data-hveid=\"CAwQCg\"><span class=\"T286Pc\" data-sfc-cp=\"\" data-sfc-root=\"c\" data-sfc-cb=\"\"><strong class=\"Yjhzub\" data-sfc-root=\"c\" data-sfc-cb=\"\">Seguran\u00e7a:<\/strong>\u00a0Impress\u00e3o digital lateral e Desbloqueio Facial<\/span><\/li>\n<li class=\"dF3vjf\" data-sfc-root=\"c\" data-sfc-cb=\"\" data-hveid=\"CAwQCw\"><span class=\"T286Pc\" data-sfc-cp=\"\" data-sfc-root=\"c\" data-sfc-cb=\"\"><strong class=\"Yjhzub\" data-sfc-root=\"c\" data-sfc-cb=\"\">Resist\u00eancia:<\/strong>\u00a0IP64 (resistente a respingos)<\/span><\/li>\n<\/ul>\n<div class=\"Fsg96\" data-sfc-cp=\"\" data-sfc-root=\"c\" data-sfc-cb=\"\" data-processed=\"true\"><\/div>\n<hr class=\"j3tEEe\" data-sfc-root=\"c\" data-sfc-pl=\"|[]\" data-sfc-cb=\"\" data-processed=\"true\" \/>\n<div class=\"Fsg96\" data-sfc-cp=\"\" data-sfc-root=\"c\" data-sfc-cb=\"\" data-processed=\"true\"><\/div>\n<div class=\"otQkpb\" role=\"heading\" aria-level=\"3\" data-animation-nesting=\"\" data-sfc-cp=\"\" data-sfc-root=\"c\" data-sfc-cb=\"\" data-processed=\"true\">&#x1f4e6; Conte\u00fado da Embalagem<\/div>\n<ul class=\"KsbFXc U6u95\" data-sfc-root=\"c\" data-sfc-cb=\"\" data-processed=\"true\">\n<li class=\"dF3vjf\" data-sfc-root=\"c\" data-sfc-cb=\"\" data-hveid=\"CA4QAA\"><span class=\"T286Pc\" data-sfc-cp=\"\" data-sfc-root=\"c\" data-sfc-cb=\"\">01 Smartphone Moto G06<\/span><\/li>\n<li class=\"dF3vjf\" data-sfc-root=\"c\" data-sfc-cb=\"\" data-hveid=\"CA4QAQ\" data-processed=\"true\"><span class=\"T286Pc\" data-sfc-cp=\"\" data-sfc-root=\"c\" data-sfc-cb=\"\" data-processed=\"true\">01 Carregador de Parede<\/span><\/li>\n<li class=\"dF3vjf\" data-sfc-root=\"c\" data-sfc-cb=\"\" data-hveid=\"CA4QAg\" data-processed=\"true\"><span class=\"T286Pc\" data-sfc-cp=\"\" data-sfc-root=\"c\" data-sfc-cb=\"\" data-processed=\"true\">01 Cabo USB-A \/ USB-C<\/span><\/li>\n<li class=\"dF3vjf\" data-sfc-root=\"c\" data-sfc-cb=\"\" data-hveid=\"CA4QAw\" data-processed=\"true\"><span class=\"T286Pc\" data-sfc-cp=\"\" data-sfc-root=\"c\" data-sfc-cb=\"\" data-processed=\"true\">01 Ferramenta de Remo\u00e7\u00e3o do Chip<\/span><\/li>\n<li class=\"dF3vjf\" data-sfc-root=\"c\" data-sfc-cb=\"\" data-hveid=\"CA4QBA\" data-processed=\"true\"><span class=\"T286Pc\" data-sfc-cp=\"\" data-sfc-root=\"c\" data-sfc-cb=\"\" data-processed=\"true\">01 Manual do Usu\u00e1rio<\/span><\/li>\n<\/ul>\n","protected":false},"excerpt":{"rendered":"<div class=\"otQkpb\" role=\"heading\" aria-level=\"3\" data-animation-nesting=\"\" data-sfc-cp=\"\" data-sfc-root=\"c\" data-sfc-cb=\"\" data-processed=\"true\">Revolu\u00e7\u00e3o no Espa\u00e7o e Performance: O Moto G06 chegou para ir al\u00e9m.<\/div>\n<div class=\"Y3BBE\" data-sfc-cp=\"\" data-sfc-root=\"c\" data-sfc-cb=\"\" data-hveid=\"CAMQAA\" data-processed=\"true\">Apresentamos o\u00a0<strong class=\"Yjhzub\" data-sfc-root=\"c\" data-sfc-cb=\"\">Motorola Moto G06<\/strong>, o smartphone ideal para quem n\u00e3o abre m\u00e3o de sofistica\u00e7\u00e3o, desempenho fluido e armazenamento abundante. Com impressionantes\u00a0<strong class=\"Yjhzub\" data-sfc-root=\"c\" data-sfc-cb=\"\">256GB de mem\u00f3ria interna<\/strong>\u00a0e a tecnologia\u00a0<strong class=\"Yjhzub\" data-sfc-root=\"c\" data-sfc-cb=\"\">RAM Boost<\/strong>, ele \u00e9 a central de entretenimento e produtividade perfeita para o seu dia a dia.<\/div>\n","protected":false},"featured_media":4807,"comment_status":"open","ping_status":"closed","template":"","meta":[],"product_brand":[107],"product_cat":[92],"product_tag":[],"class_list":{"0":"post-4804","1":"product","2":"type-product","3":"status-publish","4":"has-post-thumbnail","6":"product_brand-motorola","7":"product_cat-celulares","9":"first","10":"instock","11":"shipping-taxable","12":"purchasable","13":"product-type-simple"},"yoast_head":"<!-- This site is optimized with the Yoast SEO Premium plugin v23.3 (Yoast SEO v27.4) - https:\/\/yoast.com\/product\/yoast-seo-premium-wordpress\/ -->\n<title>CELULAR MOTOROLA MOTO G 06 256G 4RAM - Lucas Eletro<\/title>\n<meta name=\"robots\" content=\"index, follow, max-snippet:-1, max-image-preview:large, max-video-preview:-1\" \/>\n<link rel=\"canonical\" href=\"https:\/\/lucaseletro.com.br\/?product=celular-motorola-moto-g-06-256g-4ram\" \/>\n<meta property=\"og:locale\" content=\"pt_BR\" \/>\n<meta property=\"og:type\" content=\"article\" \/>\n<meta property=\"og:title\" content=\"CELULAR MOTOROLA MOTO G 06 256G 4RAM - &#082;&#036;1.799,00 - Lucas Eletro\" \/>\n<meta property=\"og:description\" content=\"Revolu\u00e7\u00e3o no Espa\u00e7o e Performance: O Moto G06 chegou para ir al\u00e9m. Apresentamos o\u00a0Motorola Moto G06, o smartphone ideal para quem n\u00e3o abre m\u00e3o de sofistica\u00e7\u00e3o, desempenho fluido e armazenamento abundante. Com impressionantes\u00a0256GB de mem\u00f3ria interna\u00a0e a tecnologia\u00a0RAM Boost, ele \u00e9 a central de entretenimento e produtividade perfeita para o seu dia a dia.\" \/>\n<meta property=\"og:url\" content=\"https:\/\/lucaseletro.com.br\/?product=celular-motorola-moto-g-06-256g-4ram\" \/>\n<meta property=\"og:site_name\" content=\"Lucas Eletro\" \/>\n<meta property=\"article:publisher\" content=\"https:\/\/www.facebook.com\/lucas.eletro.71\" \/>\n<meta property=\"article:modified_time\" content=\"2026-04-13T17:42:12+00:00\" \/>\n<meta property=\"og:image\" content=\"https:\/\/lucaseletro.com.br\/wp-content\/uploads\/2026\/04\/CELULAR-MOTOROLA-MOTO-G-06-256G-4RAM-frente.jpg\" \/>\n\t<meta property=\"og:image:width\" content=\"402\" \/>\n\t<meta property=\"og:image:height\" content=\"878\" \/>\n\t<meta property=\"og:image:type\" content=\"image\/jpeg\" \/>\n<meta name=\"twitter:card\" content=\"summary_large_image\" \/>\n<meta name=\"twitter:label1\" content=\"Pre\u00e7o\" \/>\n\t<meta name=\"twitter:data1\" content=\"&#082;&#036;1.799,00\" \/>\n\t<meta name=\"twitter:label2\" content=\"Disponibilidade\" \/>\n\t<meta name=\"twitter:data2\" content=\"Em Estoque\" \/>\n<script type=\"application\/ld+json\" class=\"yoast-schema-graph\">{\"@context\":\"https:\\\/\\\/schema.org\",\"@graph\":[{\"@type\":\"WebPage\",\"@id\":\"https:\\\/\\\/lucaseletro.com.br\\\/?product=celular-motorola-moto-g-06-256g-4ram\",\"url\":\"https:\\\/\\\/lucaseletro.com.br\\\/?product=celular-motorola-moto-g-06-256g-4ram\",\"name\":\"CELULAR MOTOROLA MOTO G 06 256G 4RAM - Lucas Eletro\",\"isPartOf\":{\"@id\":\"https:\\\/\\\/lucaseletro.com.br\\\/#website\"},\"primaryImageOfPage\":{\"@id\":\"https:\\\/\\\/lucaseletro.com.br\\\/?product=celular-motorola-moto-g-06-256g-4ram#primaryimage\"},\"image\":{\"@id\":\"https:\\\/\\\/lucaseletro.com.br\\\/?product=celular-motorola-moto-g-06-256g-4ram#primaryimage\"},\"thumbnailUrl\":\"https:\\\/\\\/lucaseletro.com.br\\\/wp-content\\\/uploads\\\/2026\\\/04\\\/CELULAR-MOTOROLA-MOTO-G-06-256G-4RAM-frente.jpg\",\"datePublished\":\"2026-04-13T17:42:11+00:00\",\"dateModified\":\"2026-04-13T17:42:12+00:00\",\"breadcrumb\":{\"@id\":\"https:\\\/\\\/lucaseletro.com.br\\\/?product=celular-motorola-moto-g-06-256g-4ram#breadcrumb\"},\"inLanguage\":\"pt-BR\",\"potentialAction\":[{\"@type\":\"ReadAction\",\"target\":[\"https:\\\/\\\/lucaseletro.com.br\\\/?product=celular-motorola-moto-g-06-256g-4ram\"]}]},{\"@type\":\"ImageObject\",\"inLanguage\":\"pt-BR\",\"@id\":\"https:\\\/\\\/lucaseletro.com.br\\\/?product=celular-motorola-moto-g-06-256g-4ram#primaryimage\",\"url\":\"https:\\\/\\\/lucaseletro.com.br\\\/wp-content\\\/uploads\\\/2026\\\/04\\\/CELULAR-MOTOROLA-MOTO-G-06-256G-4RAM-frente.jpg\",\"contentUrl\":\"https:\\\/\\\/lucaseletro.com.br\\\/wp-content\\\/uploads\\\/2026\\\/04\\\/CELULAR-MOTOROLA-MOTO-G-06-256G-4RAM-frente.jpg\",\"width\":402,\"height\":878},{\"@type\":\"BreadcrumbList\",\"@id\":\"https:\\\/\\\/lucaseletro.com.br\\\/?product=celular-motorola-moto-g-06-256g-4ram#breadcrumb\",\"itemListElement\":[{\"@type\":\"ListItem\",\"position\":1,\"name\":\"In\u00edcio\",\"item\":\"https:\\\/\\\/lucaseletro.com.br\\\/\"},{\"@type\":\"ListItem\",\"position\":2,\"name\":\"Loja\",\"item\":\"https:\\\/\\\/lucaseletro.com.br\\\/?page_id=11\"},{\"@type\":\"ListItem\",\"position\":3,\"name\":\"CELULAR MOTOROLA MOTO G 06 256G 4RAM\"}]},{\"@type\":\"WebSite\",\"@id\":\"https:\\\/\\\/lucaseletro.com.br\\\/#website\",\"url\":\"https:\\\/\\\/lucaseletro.com.br\\\/\",\"name\":\"Lucas Eletro\",\"description\":\"Realizando seus sonhos\",\"publisher\":{\"@id\":\"https:\\\/\\\/lucaseletro.com.br\\\/#organization\"},\"alternateName\":\"Lucas Eletro\",\"potentialAction\":[{\"@type\":\"SearchAction\",\"target\":{\"@type\":\"EntryPoint\",\"urlTemplate\":\"https:\\\/\\\/lucaseletro.com.br\\\/?s={search_term_string}\"},\"query-input\":{\"@type\":\"PropertyValueSpecification\",\"valueRequired\":true,\"valueName\":\"search_term_string\"}}],\"inLanguage\":\"pt-BR\"},{\"@type\":\"Organization\",\"@id\":\"https:\\\/\\\/lucaseletro.com.br\\\/#organization\",\"name\":\"Lucas Eletro\",\"alternateName\":\"Lucas Eletro\",\"url\":\"https:\\\/\\\/lucaseletro.com.br\\\/\",\"logo\":{\"@type\":\"ImageObject\",\"inLanguage\":\"pt-BR\",\"@id\":\"https:\\\/\\\/lucaseletro.com.br\\\/#\\\/schema\\\/logo\\\/image\\\/\",\"url\":\"https:\\\/\\\/lucaseletro.com.br\\\/wp-content\\\/uploads\\\/2024\\\/08\\\/Logo-WebP.webp\",\"contentUrl\":\"https:\\\/\\\/lucaseletro.com.br\\\/wp-content\\\/uploads\\\/2024\\\/08\\\/Logo-WebP.webp\",\"width\":1366,\"height\":457,\"caption\":\"Lucas Eletro\"},\"image\":{\"@id\":\"https:\\\/\\\/lucaseletro.com.br\\\/#\\\/schema\\\/logo\\\/image\\\/\"},\"sameAs\":[\"https:\\\/\\\/www.facebook.com\\\/lucas.eletro.71\"]}]}<\/script>\n<meta property=\"product:price:amount\" content=\"1799.00\" \/>\n<meta property=\"product:price:currency\" content=\"BRL\" \/>\n<meta property=\"og:availability\" content=\"instock\" \/>\n<meta property=\"product:availability\" content=\"instock\" \/>\n<meta property=\"product:retailer_item_id\" content=\"cemoto\" \/>\n<meta property=\"product:condition\" content=\"new\" \/>\n<!-- \/ Yoast SEO Premium plugin. -->","yoast_head_json":{"title":"CELULAR MOTOROLA MOTO G 06 256G 4RAM - Lucas Eletro","robots":{"index":"index","follow":"follow","max-snippet":"max-snippet:-1","max-image-preview":"max-image-preview:large","max-video-preview":"max-video-preview:-1"},"canonical":"https:\/\/lucaseletro.com.br\/?product=celular-motorola-moto-g-06-256g-4ram","og_locale":"pt_BR","og_type":"article","og_title":"CELULAR MOTOROLA MOTO G 06 256G 4RAM - &#82;&#36;1.799,00 - Lucas Eletro","og_description":"Revolu\u00e7\u00e3o no Espa\u00e7o e Performance: O Moto G06 chegou para ir al\u00e9m. Apresentamos o\u00a0Motorola Moto G06, o smartphone ideal para quem n\u00e3o abre m\u00e3o de sofistica\u00e7\u00e3o, desempenho fluido e armazenamento abundante. Com impressionantes\u00a0256GB de mem\u00f3ria interna\u00a0e a tecnologia\u00a0RAM Boost, ele \u00e9 a central de entretenimento e produtividade perfeita para o seu dia a dia.","og_url":"https:\/\/lucaseletro.com.br\/?product=celular-motorola-moto-g-06-256g-4ram","og_site_name":"Lucas Eletro","article_publisher":"https:\/\/www.facebook.com\/lucas.eletro.71","article_modified_time":"2026-04-13T17:42:12+00:00","og_image":[{"width":402,"height":878,"url":"https:\/\/lucaseletro.com.br\/wp-content\/uploads\/2026\/04\/CELULAR-MOTOROLA-MOTO-G-06-256G-4RAM-frente.jpg","type":"image\/jpeg"}],"twitter_card":"summary_large_image","twitter_misc":{"Pre\u00e7o":"&#82;&#36;1.799,00","Disponibilidade":"Em Estoque"},"schema":{"@context":"https:\/\/schema.org","@graph":[{"@type":"WebPage","@id":"https:\/\/lucaseletro.com.br\/?product=celular-motorola-moto-g-06-256g-4ram","url":"https:\/\/lucaseletro.com.br\/?product=celular-motorola-moto-g-06-256g-4ram","name":"CELULAR MOTOROLA MOTO G 06 256G 4RAM - Lucas Eletro","isPartOf":{"@id":"https:\/\/lucaseletro.com.br\/#website"},"primaryImageOfPage":{"@id":"https:\/\/lucaseletro.com.br\/?product=celular-motorola-moto-g-06-256g-4ram#primaryimage"},"image":{"@id":"https:\/\/lucaseletro.com.br\/?product=celular-motorola-moto-g-06-256g-4ram#primaryimage"},"thumbnailUrl":"https:\/\/lucaseletro.com.br\/wp-content\/uploads\/2026\/04\/CELULAR-MOTOROLA-MOTO-G-06-256G-4RAM-frente.jpg","datePublished":"2026-04-13T17:42:11+00:00","dateModified":"2026-04-13T17:42:12+00:00","breadcrumb":{"@id":"https:\/\/lucaseletro.com.br\/?product=celular-motorola-moto-g-06-256g-4ram#breadcrumb"},"inLanguage":"pt-BR","potentialAction":[{"@type":"ReadAction","target":["https:\/\/lucaseletro.com.br\/?product=celular-motorola-moto-g-06-256g-4ram"]}]},{"@type":"ImageObject","inLanguage":"pt-BR","@id":"https:\/\/lucaseletro.com.br\/?product=celular-motorola-moto-g-06-256g-4ram#primaryimage","url":"https:\/\/lucaseletro.com.br\/wp-content\/uploads\/2026\/04\/CELULAR-MOTOROLA-MOTO-G-06-256G-4RAM-frente.jpg","contentUrl":"https:\/\/lucaseletro.com.br\/wp-content\/uploads\/2026\/04\/CELULAR-MOTOROLA-MOTO-G-06-256G-4RAM-frente.jpg","width":402,"height":878},{"@type":"BreadcrumbList","@id":"https:\/\/lucaseletro.com.br\/?product=celular-motorola-moto-g-06-256g-4ram#breadcrumb","itemListElement":[{"@type":"ListItem","position":1,"name":"In\u00edcio","item":"https:\/\/lucaseletro.com.br\/"},{"@type":"ListItem","position":2,"name":"Loja","item":"https:\/\/lucaseletro.com.br\/?page_id=11"},{"@type":"ListItem","position":3,"name":"CELULAR MOTOROLA MOTO G 06 256G 4RAM"}]},{"@type":"WebSite","@id":"https:\/\/lucaseletro.com.br\/#website","url":"https:\/\/lucaseletro.com.br\/","name":"Lucas Eletro","description":"Realizando seus sonhos","publisher":{"@id":"https:\/\/lucaseletro.com.br\/#organization"},"alternateName":"Lucas Eletro","potentialAction":[{"@type":"SearchAction","target":{"@type":"EntryPoint","urlTemplate":"https:\/\/lucaseletro.com.br\/?s={search_term_string}"},"query-input":{"@type":"PropertyValueSpecification","valueRequired":true,"valueName":"search_term_string"}}],"inLanguage":"pt-BR"},{"@type":"Organization","@id":"https:\/\/lucaseletro.com.br\/#organization","name":"Lucas Eletro","alternateName":"Lucas Eletro","url":"https:\/\/lucaseletro.com.br\/","logo":{"@type":"ImageObject","inLanguage":"pt-BR","@id":"https:\/\/lucaseletro.com.br\/#\/schema\/logo\/image\/","url":"https:\/\/lucaseletro.com.br\/wp-content\/uploads\/2024\/08\/Logo-WebP.webp","contentUrl":"https:\/\/lucaseletro.com.br\/wp-content\/uploads\/2024\/08\/Logo-WebP.webp","width":1366,"height":457,"caption":"Lucas Eletro"},"image":{"@id":"https:\/\/lucaseletro.com.br\/#\/schema\/logo\/image\/"},"sameAs":["https:\/\/www.facebook.com\/lucas.eletro.71"]}]},"product_price_amount":"1799.00","product_price_currency":"BRL","og_availability":"instock","product_availability":"instock","product_retailer_item_id":"cemoto","product_condition":"new"},"_links":{"self":[{"href":"https:\/\/lucaseletro.com.br\/index.php?rest_route=\/wp\/v2\/product\/4804","targetHints":{"allow":["GET"]}}],"collection":[{"href":"https:\/\/lucaseletro.com.br\/index.php?rest_route=\/wp\/v2\/product"}],"about":[{"href":"https:\/\/lucaseletro.com.br\/index.php?rest_route=\/wp\/v2\/types\/product"}],"replies":[{"embeddable":true,"href":"https:\/\/lucaseletro.com.br\/index.php?rest_route=%2Fwp%2Fv2%2Fcomments&post=4804"}],"wp:featuredmedia":[{"embeddable":true,"href":"https:\/\/lucaseletro.com.br\/index.php?rest_route=\/wp\/v2\/media\/4807"}],"wp:attachment":[{"href":"https:\/\/lucaseletro.com.br\/index.php?rest_route=%2Fwp%2Fv2%2Fmedia&parent=4804"}],"wp:term":[{"taxonomy":"product_brand","embeddable":true,"href":"https:\/\/lucaseletro.com.br\/index.php?rest_route=%2Fwp%2Fv2%2Fproduct_brand&post=4804"},{"taxonomy":"product_cat","embeddable":true,"href":"https:\/\/lucaseletro.com.br\/index.php?rest_route=%2Fwp%2Fv2%2Fproduct_cat&post=4804"},{"taxonomy":"product_tag","embeddable":true,"href":"https:\/\/lucaseletro.com.br\/index.php?rest_route=%2Fwp%2Fv2%2Fproduct_tag&post=4804"}],"curies":[{"name":"wp","href":"https:\/\/api.w.org\/{rel}","templated":true}]}}