{"id":4851,"date":"2026-04-14T11:48:17","date_gmt":"2026-04-14T14:48:17","guid":{"rendered":"https:\/\/lucaseletro.com.br\/?post_type=product&#038;p=4851"},"modified":"2026-04-14T11:49:11","modified_gmt":"2026-04-14T14:49:11","slug":"bicicleta-aro-12-athor-masculina-preta-laranja-2","status":"publish","type":"product","link":"https:\/\/lucaseletro.com.br\/?product=bicicleta-aro-12-athor-masculina-preta-laranja-2","title":{"rendered":"BICICLETA ARO 12 ATHOR MASCULINA PRETA\/LARANJA"},"content":{"rendered":"<div class=\"Y3BBE\" data-sfc-cp=\"\" data-sfc-root=\"c\" data-sfc-cb=\"\" data-hveid=\"CAIQAA\" data-processed=\"true\"><strong class=\"Yjhzub\" data-sfc-root=\"c\" data-sfc-cb=\"\" data-processed=\"true\">Principais Caracter\u00edsticas e Ficha T\u00e9cnica:<\/strong><\/div>\n<ul class=\"KsbFXc U6u95\" data-sfc-root=\"c\" data-sfc-cb=\"\" data-processed=\"true\">\n<li class=\"dF3vjf\" data-sfc-root=\"c\" data-sfc-cb=\"\" data-hveid=\"CAMQAA\" data-processed=\"true\"><span class=\"T286Pc\" data-sfc-cp=\"\" data-sfc-root=\"c\" data-sfc-cb=\"\" data-processed=\"true\"><strong class=\"Yjhzub\" data-sfc-root=\"c\" data-sfc-cb=\"\" data-processed=\"true\">Quadro e Garfo:<\/strong>\u00a0A\u00e7o carbono, proporcionando durabilidade e leveza para a crian\u00e7a controlar.<\/span><\/li>\n<li class=\"dF3vjf\" data-sfc-root=\"c\" data-sfc-cb=\"\" data-hveid=\"CAMQAQ\" data-processed=\"true\"><span class=\"T286Pc\" data-sfc-cp=\"\" data-sfc-root=\"c\" data-sfc-cb=\"\" data-processed=\"true\"><strong class=\"Yjhzub\" data-sfc-root=\"c\" data-sfc-cb=\"\" data-processed=\"true\">Aro:<\/strong>\u00a012 polegadas.<\/span><\/li>\n<li class=\"dF3vjf\" data-sfc-root=\"c\" data-sfc-cb=\"\" data-hveid=\"CAMQAg\" data-processed=\"true\"><span class=\"T286Pc\" data-sfc-cp=\"\" data-sfc-root=\"c\" data-sfc-cb=\"\" data-processed=\"true\"><strong class=\"Yjhzub\" data-sfc-root=\"c\" data-sfc-cb=\"\" data-processed=\"true\">Rodinhas Laterais:<\/strong>\u00a0Inclusas para auxiliar no equil\u00edbrio.<\/span><\/li>\n<li class=\"dF3vjf\" data-sfc-root=\"c\" data-sfc-cb=\"\" data-hveid=\"CAMQAw\" data-processed=\"true\"><span class=\"T286Pc\" data-sfc-cp=\"\" data-sfc-root=\"c\" data-sfc-cb=\"\" data-processed=\"true\"><strong class=\"Yjhzub\" data-sfc-root=\"c\" data-sfc-cb=\"\" data-processed=\"true\">Freio:<\/strong>\u00a0Dianteiro a tambor, para paradas seguras.<\/span><\/li>\n<li class=\"dF3vjf\" data-sfc-root=\"c\" data-sfc-cb=\"\" data-hveid=\"CAMQBA\" data-processed=\"true\"><span class=\"T286Pc\" data-sfc-cp=\"\" data-sfc-root=\"c\" data-sfc-cb=\"\" data-processed=\"true\"><strong class=\"Yjhzub\" data-sfc-root=\"c\" data-sfc-cb=\"\" data-processed=\"true\">Rodas\/Pneus:<\/strong>\u00a0EVA, o que facilita o aprendizado e n\u00e3o fura.<\/span><\/li>\n<li class=\"dF3vjf\" data-sfc-root=\"c\" data-sfc-cb=\"\" data-hveid=\"CAMQBQ\" data-processed=\"true\"><span class=\"T286Pc\" data-sfc-cp=\"\" data-sfc-root=\"c\" data-sfc-cb=\"\" data-processed=\"true\"><strong class=\"Yjhzub\" data-sfc-root=\"c\" data-sfc-cb=\"\" data-processed=\"true\">Idade\/Altura Recomendada:<\/strong>\u00a0A partir de 3 anos, geralmente indicado para crian\u00e7as de 85cm a 1 metro de altura.<\/span><\/li>\n<li class=\"dF3vjf\" data-sfc-root=\"c\" data-sfc-cb=\"\" data-hveid=\"CAMQBg\" data-processed=\"true\"><span class=\"T286Pc\" data-sfc-cp=\"\" data-sfc-root=\"c\" data-sfc-cb=\"\" data-processed=\"true\"><strong class=\"Yjhzub\" data-sfc-root=\"c\" data-sfc-cb=\"\" data-processed=\"true\">Design:<\/strong>\u00a0Cor preta com detalhes (comumente laranjas) e placa frontal, indicado para o p\u00fablico masculino.<\/span><\/li>\n<li class=\"dF3vjf\" data-sfc-root=\"c\" data-sfc-cb=\"\" data-hveid=\"CAMQBw\" data-processed=\"true\"><span class=\"T286Pc\" data-sfc-cp=\"\" data-sfc-root=\"c\" data-sfc-cb=\"\" data-processed=\"true\"><strong class=\"Yjhzub\" data-sfc-root=\"c\" data-sfc-cb=\"\" data-processed=\"true\">Seguran\u00e7a:<\/strong>\u00a0Conta com cobre-corrente para prote\u00e7\u00e3o e certifica\u00e7\u00e3o de qualidade.<\/span><\/li>\n<\/ul>\n","protected":false},"excerpt":{"rendered":"<p><strong><em>A\u00a0Bicicleta Infantil Athor Athornauta Aro 12 Preta\u00a0\u00e9 ideal para iniciantes (aprox. 3 a 5 anos), focada em seguran\u00e7a e aprendizado<\/em><\/strong><\/p>\n","protected":false},"featured_media":4853,"comment_status":"open","ping_status":"closed","template":"","meta":[],"product_brand":[116],"product_cat":[115,59],"product_tag":[],"class_list":{"0":"post-4851","1":"product","2":"type-product","3":"status-publish","4":"has-post-thumbnail","6":"product_brand-athor","7":"product_cat-bicicletas","8":"product_cat-brinquedos","10":"first","11":"instock","12":"shipping-taxable","13":"purchasable","14":"product-type-simple"},"yoast_head":"<!-- This site is optimized with the Yoast SEO Premium plugin v23.3 (Yoast SEO v27.4) - https:\/\/yoast.com\/product\/yoast-seo-premium-wordpress\/ -->\n<title>BICICLETA ARO 12 ATHOR MASCULINA PRETA\/LARANJA - Lucas Eletro<\/title>\n<meta name=\"robots\" content=\"index, follow, max-snippet:-1, max-image-preview:large, max-video-preview:-1\" \/>\n<link rel=\"canonical\" href=\"https:\/\/lucaseletro.com.br\/?product=bicicleta-aro-12-athor-masculina-preta-laranja-2\" \/>\n<meta property=\"og:locale\" content=\"pt_BR\" \/>\n<meta property=\"og:type\" content=\"article\" \/>\n<meta property=\"og:title\" content=\"BICICLETA ARO 12 ATHOR MASCULINA PRETA\/LARANJA - &#082;&#036;299,00 - Lucas Eletro\" \/>\n<meta property=\"og:description\" content=\"A\u00a0Bicicleta Infantil Athor Athornauta Aro 12 Preta\u00a0\u00e9 ideal para iniciantes (aprox. 3 a 5 anos), focada em seguran\u00e7a e aprendizado\" \/>\n<meta property=\"og:url\" content=\"https:\/\/lucaseletro.com.br\/?product=bicicleta-aro-12-athor-masculina-preta-laranja-2\" \/>\n<meta property=\"og:site_name\" content=\"Lucas Eletro\" \/>\n<meta property=\"article:publisher\" content=\"https:\/\/www.facebook.com\/lucas.eletro.71\" \/>\n<meta property=\"article:modified_time\" content=\"2026-04-14T14:49:11+00:00\" \/>\n<meta property=\"og:image\" content=\"https:\/\/lucaseletro.com.br\/wp-content\/uploads\/2026\/04\/BICICLETA-ARO-12-ATHOR-MASCULINA-PRETA.webp\" \/>\n\t<meta property=\"og:image:width\" content=\"1200\" \/>\n\t<meta property=\"og:image:height\" content=\"1085\" \/>\n\t<meta property=\"og:image:type\" content=\"image\/webp\" \/>\n<meta name=\"twitter:card\" content=\"summary_large_image\" \/>\n<meta name=\"twitter:label1\" content=\"Pre\u00e7o\" \/>\n\t<meta name=\"twitter:data1\" content=\"&#082;&#036;299,00\" \/>\n\t<meta name=\"twitter:label2\" content=\"Disponibilidade\" \/>\n\t<meta name=\"twitter:data2\" content=\"Em Estoque\" \/>\n<script type=\"application\/ld+json\" class=\"yoast-schema-graph\">{\"@context\":\"https:\\\/\\\/schema.org\",\"@graph\":[{\"@type\":\"WebPage\",\"@id\":\"https:\\\/\\\/lucaseletro.com.br\\\/?product=bicicleta-aro-12-athor-masculina-preta-laranja-2\",\"url\":\"https:\\\/\\\/lucaseletro.com.br\\\/?product=bicicleta-aro-12-athor-masculina-preta-laranja-2\",\"name\":\"BICICLETA ARO 12 ATHOR MASCULINA PRETA\\\/LARANJA - Lucas Eletro\",\"isPartOf\":{\"@id\":\"https:\\\/\\\/lucaseletro.com.br\\\/#website\"},\"primaryImageOfPage\":{\"@id\":\"https:\\\/\\\/lucaseletro.com.br\\\/?product=bicicleta-aro-12-athor-masculina-preta-laranja-2#primaryimage\"},\"image\":{\"@id\":\"https:\\\/\\\/lucaseletro.com.br\\\/?product=bicicleta-aro-12-athor-masculina-preta-laranja-2#primaryimage\"},\"thumbnailUrl\":\"https:\\\/\\\/lucaseletro.com.br\\\/wp-content\\\/uploads\\\/2026\\\/04\\\/BICICLETA-ARO-12-ATHOR-MASCULINA-PRETA.webp\",\"datePublished\":\"2026-04-14T14:48:17+00:00\",\"dateModified\":\"2026-04-14T14:49:11+00:00\",\"breadcrumb\":{\"@id\":\"https:\\\/\\\/lucaseletro.com.br\\\/?product=bicicleta-aro-12-athor-masculina-preta-laranja-2#breadcrumb\"},\"inLanguage\":\"pt-BR\",\"potentialAction\":[{\"@type\":\"ReadAction\",\"target\":[\"https:\\\/\\\/lucaseletro.com.br\\\/?product=bicicleta-aro-12-athor-masculina-preta-laranja-2\"]}]},{\"@type\":\"ImageObject\",\"inLanguage\":\"pt-BR\",\"@id\":\"https:\\\/\\\/lucaseletro.com.br\\\/?product=bicicleta-aro-12-athor-masculina-preta-laranja-2#primaryimage\",\"url\":\"https:\\\/\\\/lucaseletro.com.br\\\/wp-content\\\/uploads\\\/2026\\\/04\\\/BICICLETA-ARO-12-ATHOR-MASCULINA-PRETA.webp\",\"contentUrl\":\"https:\\\/\\\/lucaseletro.com.br\\\/wp-content\\\/uploads\\\/2026\\\/04\\\/BICICLETA-ARO-12-ATHOR-MASCULINA-PRETA.webp\",\"width\":1200,\"height\":1085},{\"@type\":\"BreadcrumbList\",\"@id\":\"https:\\\/\\\/lucaseletro.com.br\\\/?product=bicicleta-aro-12-athor-masculina-preta-laranja-2#breadcrumb\",\"itemListElement\":[{\"@type\":\"ListItem\",\"position\":1,\"name\":\"In\u00edcio\",\"item\":\"https:\\\/\\\/lucaseletro.com.br\\\/\"},{\"@type\":\"ListItem\",\"position\":2,\"name\":\"Loja\",\"item\":\"https:\\\/\\\/lucaseletro.com.br\\\/?page_id=11\"},{\"@type\":\"ListItem\",\"position\":3,\"name\":\"BICICLETA ARO 12 ATHOR MASCULINA PRETA\\\/LARANJA\"}]},{\"@type\":\"WebSite\",\"@id\":\"https:\\\/\\\/lucaseletro.com.br\\\/#website\",\"url\":\"https:\\\/\\\/lucaseletro.com.br\\\/\",\"name\":\"Lucas Eletro\",\"description\":\"Realizando seus sonhos\",\"publisher\":{\"@id\":\"https:\\\/\\\/lucaseletro.com.br\\\/#organization\"},\"alternateName\":\"Lucas Eletro\",\"potentialAction\":[{\"@type\":\"SearchAction\",\"target\":{\"@type\":\"EntryPoint\",\"urlTemplate\":\"https:\\\/\\\/lucaseletro.com.br\\\/?s={search_term_string}\"},\"query-input\":{\"@type\":\"PropertyValueSpecification\",\"valueRequired\":true,\"valueName\":\"search_term_string\"}}],\"inLanguage\":\"pt-BR\"},{\"@type\":\"Organization\",\"@id\":\"https:\\\/\\\/lucaseletro.com.br\\\/#organization\",\"name\":\"Lucas Eletro\",\"alternateName\":\"Lucas Eletro\",\"url\":\"https:\\\/\\\/lucaseletro.com.br\\\/\",\"logo\":{\"@type\":\"ImageObject\",\"inLanguage\":\"pt-BR\",\"@id\":\"https:\\\/\\\/lucaseletro.com.br\\\/#\\\/schema\\\/logo\\\/image\\\/\",\"url\":\"https:\\\/\\\/lucaseletro.com.br\\\/wp-content\\\/uploads\\\/2024\\\/08\\\/Logo-WebP.webp\",\"contentUrl\":\"https:\\\/\\\/lucaseletro.com.br\\\/wp-content\\\/uploads\\\/2024\\\/08\\\/Logo-WebP.webp\",\"width\":1366,\"height\":457,\"caption\":\"Lucas Eletro\"},\"image\":{\"@id\":\"https:\\\/\\\/lucaseletro.com.br\\\/#\\\/schema\\\/logo\\\/image\\\/\"},\"sameAs\":[\"https:\\\/\\\/www.facebook.com\\\/lucas.eletro.71\"]}]}<\/script>\n<meta property=\"product:price:amount\" content=\"299.00\" \/>\n<meta property=\"product:price:currency\" content=\"BRL\" \/>\n<meta property=\"og:availability\" content=\"instock\" \/>\n<meta property=\"product:availability\" content=\"instock\" \/>\n<meta property=\"product:condition\" content=\"new\" \/>\n<!-- \/ Yoast SEO Premium plugin. -->","yoast_head_json":{"title":"BICICLETA ARO 12 ATHOR MASCULINA PRETA\/LARANJA - Lucas Eletro","robots":{"index":"index","follow":"follow","max-snippet":"max-snippet:-1","max-image-preview":"max-image-preview:large","max-video-preview":"max-video-preview:-1"},"canonical":"https:\/\/lucaseletro.com.br\/?product=bicicleta-aro-12-athor-masculina-preta-laranja-2","og_locale":"pt_BR","og_type":"article","og_title":"BICICLETA ARO 12 ATHOR MASCULINA PRETA\/LARANJA - &#82;&#36;299,00 - Lucas Eletro","og_description":"A\u00a0Bicicleta Infantil Athor Athornauta Aro 12 Preta\u00a0\u00e9 ideal para iniciantes (aprox. 3 a 5 anos), focada em seguran\u00e7a e aprendizado","og_url":"https:\/\/lucaseletro.com.br\/?product=bicicleta-aro-12-athor-masculina-preta-laranja-2","og_site_name":"Lucas Eletro","article_publisher":"https:\/\/www.facebook.com\/lucas.eletro.71","article_modified_time":"2026-04-14T14:49:11+00:00","og_image":[{"width":1200,"height":1085,"url":"https:\/\/lucaseletro.com.br\/wp-content\/uploads\/2026\/04\/BICICLETA-ARO-12-ATHOR-MASCULINA-PRETA.webp","type":"image\/webp"}],"twitter_card":"summary_large_image","twitter_misc":{"Pre\u00e7o":"&#82;&#36;299,00","Disponibilidade":"Em Estoque"},"schema":{"@context":"https:\/\/schema.org","@graph":[{"@type":"WebPage","@id":"https:\/\/lucaseletro.com.br\/?product=bicicleta-aro-12-athor-masculina-preta-laranja-2","url":"https:\/\/lucaseletro.com.br\/?product=bicicleta-aro-12-athor-masculina-preta-laranja-2","name":"BICICLETA ARO 12 ATHOR MASCULINA PRETA\/LARANJA - Lucas Eletro","isPartOf":{"@id":"https:\/\/lucaseletro.com.br\/#website"},"primaryImageOfPage":{"@id":"https:\/\/lucaseletro.com.br\/?product=bicicleta-aro-12-athor-masculina-preta-laranja-2#primaryimage"},"image":{"@id":"https:\/\/lucaseletro.com.br\/?product=bicicleta-aro-12-athor-masculina-preta-laranja-2#primaryimage"},"thumbnailUrl":"https:\/\/lucaseletro.com.br\/wp-content\/uploads\/2026\/04\/BICICLETA-ARO-12-ATHOR-MASCULINA-PRETA.webp","datePublished":"2026-04-14T14:48:17+00:00","dateModified":"2026-04-14T14:49:11+00:00","breadcrumb":{"@id":"https:\/\/lucaseletro.com.br\/?product=bicicleta-aro-12-athor-masculina-preta-laranja-2#breadcrumb"},"inLanguage":"pt-BR","potentialAction":[{"@type":"ReadAction","target":["https:\/\/lucaseletro.com.br\/?product=bicicleta-aro-12-athor-masculina-preta-laranja-2"]}]},{"@type":"ImageObject","inLanguage":"pt-BR","@id":"https:\/\/lucaseletro.com.br\/?product=bicicleta-aro-12-athor-masculina-preta-laranja-2#primaryimage","url":"https:\/\/lucaseletro.com.br\/wp-content\/uploads\/2026\/04\/BICICLETA-ARO-12-ATHOR-MASCULINA-PRETA.webp","contentUrl":"https:\/\/lucaseletro.com.br\/wp-content\/uploads\/2026\/04\/BICICLETA-ARO-12-ATHOR-MASCULINA-PRETA.webp","width":1200,"height":1085},{"@type":"BreadcrumbList","@id":"https:\/\/lucaseletro.com.br\/?product=bicicleta-aro-12-athor-masculina-preta-laranja-2#breadcrumb","itemListElement":[{"@type":"ListItem","position":1,"name":"In\u00edcio","item":"https:\/\/lucaseletro.com.br\/"},{"@type":"ListItem","position":2,"name":"Loja","item":"https:\/\/lucaseletro.com.br\/?page_id=11"},{"@type":"ListItem","position":3,"name":"BICICLETA ARO 12 ATHOR MASCULINA PRETA\/LARANJA"}]},{"@type":"WebSite","@id":"https:\/\/lucaseletro.com.br\/#website","url":"https:\/\/lucaseletro.com.br\/","name":"Lucas Eletro","description":"Realizando seus sonhos","publisher":{"@id":"https:\/\/lucaseletro.com.br\/#organization"},"alternateName":"Lucas Eletro","potentialAction":[{"@type":"SearchAction","target":{"@type":"EntryPoint","urlTemplate":"https:\/\/lucaseletro.com.br\/?s={search_term_string}"},"query-input":{"@type":"PropertyValueSpecification","valueRequired":true,"valueName":"search_term_string"}}],"inLanguage":"pt-BR"},{"@type":"Organization","@id":"https:\/\/lucaseletro.com.br\/#organization","name":"Lucas Eletro","alternateName":"Lucas Eletro","url":"https:\/\/lucaseletro.com.br\/","logo":{"@type":"ImageObject","inLanguage":"pt-BR","@id":"https:\/\/lucaseletro.com.br\/#\/schema\/logo\/image\/","url":"https:\/\/lucaseletro.com.br\/wp-content\/uploads\/2024\/08\/Logo-WebP.webp","contentUrl":"https:\/\/lucaseletro.com.br\/wp-content\/uploads\/2024\/08\/Logo-WebP.webp","width":1366,"height":457,"caption":"Lucas Eletro"},"image":{"@id":"https:\/\/lucaseletro.com.br\/#\/schema\/logo\/image\/"},"sameAs":["https:\/\/www.facebook.com\/lucas.eletro.71"]}]},"product_price_amount":"299.00","product_price_currency":"BRL","og_availability":"instock","product_availability":"instock","product_condition":"new"},"_links":{"self":[{"href":"https:\/\/lucaseletro.com.br\/index.php?rest_route=\/wp\/v2\/product\/4851","targetHints":{"allow":["GET"]}}],"collection":[{"href":"https:\/\/lucaseletro.com.br\/index.php?rest_route=\/wp\/v2\/product"}],"about":[{"href":"https:\/\/lucaseletro.com.br\/index.php?rest_route=\/wp\/v2\/types\/product"}],"replies":[{"embeddable":true,"href":"https:\/\/lucaseletro.com.br\/index.php?rest_route=%2Fwp%2Fv2%2Fcomments&post=4851"}],"wp:featuredmedia":[{"embeddable":true,"href":"https:\/\/lucaseletro.com.br\/index.php?rest_route=\/wp\/v2\/media\/4853"}],"wp:attachment":[{"href":"https:\/\/lucaseletro.com.br\/index.php?rest_route=%2Fwp%2Fv2%2Fmedia&parent=4851"}],"wp:term":[{"taxonomy":"product_brand","embeddable":true,"href":"https:\/\/lucaseletro.com.br\/index.php?rest_route=%2Fwp%2Fv2%2Fproduct_brand&post=4851"},{"taxonomy":"product_cat","embeddable":true,"href":"https:\/\/lucaseletro.com.br\/index.php?rest_route=%2Fwp%2Fv2%2Fproduct_cat&post=4851"},{"taxonomy":"product_tag","embeddable":true,"href":"https:\/\/lucaseletro.com.br\/index.php?rest_route=%2Fwp%2Fv2%2Fproduct_tag&post=4851"}],"curies":[{"name":"wp","href":"https:\/\/api.w.org\/{rel}","templated":true}]}}