{"id":4863,"date":"2026-04-15T09:47:28","date_gmt":"2026-04-15T12:47:28","guid":{"rendered":"https:\/\/lucaseletro.com.br\/?post_type=product&#038;p=4863"},"modified":"2026-04-15T09:47:29","modified_gmt":"2026-04-15T12:47:29","slug":"sofa-de-canto-istambul-com-os-pes-em-madeira","status":"publish","type":"product","link":"https:\/\/lucaseletro.com.br\/?product=sofa-de-canto-istambul-com-os-pes-em-madeira","title":{"rendered":"SOFA DE CANTO ISTAMBUL (COM OS PES EM MADEIRA)"},"content":{"rendered":"<p data-start=\"71\" data-end=\"267\"><strong data-start=\"71\" data-end=\"78\">P\u00c9S<\/strong><br data-start=\"78\" data-end=\"81\" \/>Os p\u00e9s cantoneira s\u00e3o fabricados em madeira de eucalipto, na cor castanho mel, ou em a\u00e7o carbono com pintura eletrost\u00e1tica, com silicone injetado na parte inferior para prote\u00e7\u00e3o do piso.<\/p>\n<p data-start=\"269\" data-end=\"306\"><strong data-start=\"269\" data-end=\"279\">BRA\u00c7OS<\/strong><br data-start=\"279\" data-end=\"282\" \/>Bra\u00e7os padr\u00e3o com 10 cm.<\/p>\n<p data-start=\"308\" data-end=\"521\"><strong data-start=\"308\" data-end=\"319\">ASSENTO<\/strong><br data-start=\"319\" data-end=\"322\" \/>Assento com percintas el\u00e1sticas italianas, transpassadas e entrela\u00e7adas por percintadora autom\u00e1tica, molas espirais, espuma\u00e7\u00e3o hiper soft D28 e manta acr\u00edlica siliconada, totalizando 16 cm de altura.<\/p>\n<p data-start=\"523\" data-end=\"604\"><strong data-start=\"523\" data-end=\"536\">ESTRUTURA<\/strong><br data-start=\"536\" data-end=\"539\" \/>Estrutura em madeira de eucalipto reflorestada, seca e imunizada.<\/p>\n<p data-start=\"606\" data-end=\"662\"><strong data-start=\"606\" data-end=\"617\">ENCOSTO<\/strong><br data-start=\"617\" data-end=\"620\" \/>Almofadas soltas 100% em fibra siliconada.<\/p>\n<p data-start=\"664\" data-end=\"794\"><strong data-start=\"664\" data-end=\"676\">OPCIONAL<\/strong><br data-start=\"676\" data-end=\"679\" \/>Dispon\u00edvel na op\u00e7\u00e3o invertida.<br data-start=\"709\" data-end=\"712\" \/>Dispon\u00edvel nas medidas de 275 cm ou 235 cm.<br data-start=\"755\" data-end=\"758\" \/>Almofadas decorativas de 42 \u00d7 42 cm.<\/p>\n","protected":false},"excerpt":{"rendered":"<p>Este modelo \u00e9 projetado para oferecer um assento macio e aconchegante, ideal para salas de TV, combinando design moderno com materiais de alta qualidade<\/p>\n<p>&nbsp;<\/p>\n","protected":false},"featured_media":4864,"comment_status":"open","ping_status":"closed","template":"","meta":[],"product_brand":[117],"product_cat":[84],"product_tag":[],"class_list":{"0":"post-4863","1":"product","2":"type-product","3":"status-publish","4":"has-post-thumbnail","6":"product_brand-maguimoveis-e-estofados","7":"product_cat-sofas","9":"first","10":"instock","11":"shipping-taxable","12":"purchasable","13":"product-type-simple"},"yoast_head":"<!-- This site is optimized with the Yoast SEO Premium plugin v23.3 (Yoast SEO v27.4) - https:\/\/yoast.com\/product\/yoast-seo-premium-wordpress\/ -->\n<title>SOFA DE CANTO ISTAMBUL (COM OS PES EM MADEIRA) - Lucas Eletro<\/title>\n<meta name=\"robots\" content=\"index, follow, max-snippet:-1, max-image-preview:large, max-video-preview:-1\" \/>\n<link rel=\"canonical\" href=\"https:\/\/lucaseletro.com.br\/?product=sofa-de-canto-istambul-com-os-pes-em-madeira\" \/>\n<meta property=\"og:locale\" content=\"pt_BR\" \/>\n<meta property=\"og:type\" content=\"article\" \/>\n<meta property=\"og:title\" content=\"SOFA DE CANTO ISTAMBUL (COM OS PES EM MADEIRA) - &#082;&#036;3.499,00 - Lucas Eletro\" \/>\n<meta property=\"og:description\" content=\"Este modelo \u00e9 projetado para oferecer um assento macio e aconchegante, ideal para salas de TV, combinando design moderno com materiais de alta qualidade  &nbsp;\" \/>\n<meta property=\"og:url\" content=\"https:\/\/lucaseletro.com.br\/?product=sofa-de-canto-istambul-com-os-pes-em-madeira\" \/>\n<meta property=\"og:site_name\" content=\"Lucas Eletro\" \/>\n<meta property=\"article:publisher\" content=\"https:\/\/www.facebook.com\/lucas.eletro.71\" \/>\n<meta property=\"article:modified_time\" content=\"2026-04-15T12:47:29+00:00\" \/>\n<meta property=\"og:image\" content=\"https:\/\/lucaseletro.com.br\/wp-content\/uploads\/2026\/04\/SOFA-DE-CANTO-ISTAMBUL-FRENTE.webp\" \/>\n\t<meta property=\"og:image:width\" content=\"1200\" \/>\n\t<meta property=\"og:image:height\" content=\"800\" \/>\n\t<meta property=\"og:image:type\" content=\"image\/webp\" \/>\n<meta name=\"twitter:card\" content=\"summary_large_image\" \/>\n<meta name=\"twitter:label1\" content=\"Pre\u00e7o\" \/>\n\t<meta name=\"twitter:data1\" content=\"&#082;&#036;3.499,00\" \/>\n\t<meta name=\"twitter:label2\" content=\"Disponibilidade\" \/>\n\t<meta name=\"twitter:data2\" content=\"Em Estoque\" \/>\n<script type=\"application\/ld+json\" class=\"yoast-schema-graph\">{\"@context\":\"https:\\\/\\\/schema.org\",\"@graph\":[{\"@type\":\"WebPage\",\"@id\":\"https:\\\/\\\/lucaseletro.com.br\\\/?product=sofa-de-canto-istambul-com-os-pes-em-madeira\",\"url\":\"https:\\\/\\\/lucaseletro.com.br\\\/?product=sofa-de-canto-istambul-com-os-pes-em-madeira\",\"name\":\"SOFA DE CANTO ISTAMBUL (COM OS PES EM MADEIRA) - Lucas Eletro\",\"isPartOf\":{\"@id\":\"https:\\\/\\\/lucaseletro.com.br\\\/#website\"},\"primaryImageOfPage\":{\"@id\":\"https:\\\/\\\/lucaseletro.com.br\\\/?product=sofa-de-canto-istambul-com-os-pes-em-madeira#primaryimage\"},\"image\":{\"@id\":\"https:\\\/\\\/lucaseletro.com.br\\\/?product=sofa-de-canto-istambul-com-os-pes-em-madeira#primaryimage\"},\"thumbnailUrl\":\"https:\\\/\\\/lucaseletro.com.br\\\/wp-content\\\/uploads\\\/2026\\\/04\\\/SOFA-DE-CANTO-ISTAMBUL-FRENTE.webp\",\"datePublished\":\"2026-04-15T12:47:28+00:00\",\"dateModified\":\"2026-04-15T12:47:29+00:00\",\"breadcrumb\":{\"@id\":\"https:\\\/\\\/lucaseletro.com.br\\\/?product=sofa-de-canto-istambul-com-os-pes-em-madeira#breadcrumb\"},\"inLanguage\":\"pt-BR\",\"potentialAction\":[{\"@type\":\"ReadAction\",\"target\":[\"https:\\\/\\\/lucaseletro.com.br\\\/?product=sofa-de-canto-istambul-com-os-pes-em-madeira\"]}]},{\"@type\":\"ImageObject\",\"inLanguage\":\"pt-BR\",\"@id\":\"https:\\\/\\\/lucaseletro.com.br\\\/?product=sofa-de-canto-istambul-com-os-pes-em-madeira#primaryimage\",\"url\":\"https:\\\/\\\/lucaseletro.com.br\\\/wp-content\\\/uploads\\\/2026\\\/04\\\/SOFA-DE-CANTO-ISTAMBUL-FRENTE.webp\",\"contentUrl\":\"https:\\\/\\\/lucaseletro.com.br\\\/wp-content\\\/uploads\\\/2026\\\/04\\\/SOFA-DE-CANTO-ISTAMBUL-FRENTE.webp\",\"width\":1200,\"height\":800},{\"@type\":\"BreadcrumbList\",\"@id\":\"https:\\\/\\\/lucaseletro.com.br\\\/?product=sofa-de-canto-istambul-com-os-pes-em-madeira#breadcrumb\",\"itemListElement\":[{\"@type\":\"ListItem\",\"position\":1,\"name\":\"In\u00edcio\",\"item\":\"https:\\\/\\\/lucaseletro.com.br\\\/\"},{\"@type\":\"ListItem\",\"position\":2,\"name\":\"Loja\",\"item\":\"https:\\\/\\\/lucaseletro.com.br\\\/?page_id=11\"},{\"@type\":\"ListItem\",\"position\":3,\"name\":\"SOFA DE CANTO ISTAMBUL (COM OS PES EM MADEIRA)\"}]},{\"@type\":\"WebSite\",\"@id\":\"https:\\\/\\\/lucaseletro.com.br\\\/#website\",\"url\":\"https:\\\/\\\/lucaseletro.com.br\\\/\",\"name\":\"Lucas Eletro\",\"description\":\"Realizando seus sonhos\",\"publisher\":{\"@id\":\"https:\\\/\\\/lucaseletro.com.br\\\/#organization\"},\"alternateName\":\"Lucas Eletro\",\"potentialAction\":[{\"@type\":\"SearchAction\",\"target\":{\"@type\":\"EntryPoint\",\"urlTemplate\":\"https:\\\/\\\/lucaseletro.com.br\\\/?s={search_term_string}\"},\"query-input\":{\"@type\":\"PropertyValueSpecification\",\"valueRequired\":true,\"valueName\":\"search_term_string\"}}],\"inLanguage\":\"pt-BR\"},{\"@type\":\"Organization\",\"@id\":\"https:\\\/\\\/lucaseletro.com.br\\\/#organization\",\"name\":\"Lucas Eletro\",\"alternateName\":\"Lucas Eletro\",\"url\":\"https:\\\/\\\/lucaseletro.com.br\\\/\",\"logo\":{\"@type\":\"ImageObject\",\"inLanguage\":\"pt-BR\",\"@id\":\"https:\\\/\\\/lucaseletro.com.br\\\/#\\\/schema\\\/logo\\\/image\\\/\",\"url\":\"https:\\\/\\\/lucaseletro.com.br\\\/wp-content\\\/uploads\\\/2024\\\/08\\\/Logo-WebP.webp\",\"contentUrl\":\"https:\\\/\\\/lucaseletro.com.br\\\/wp-content\\\/uploads\\\/2024\\\/08\\\/Logo-WebP.webp\",\"width\":1366,\"height\":457,\"caption\":\"Lucas Eletro\"},\"image\":{\"@id\":\"https:\\\/\\\/lucaseletro.com.br\\\/#\\\/schema\\\/logo\\\/image\\\/\"},\"sameAs\":[\"https:\\\/\\\/www.facebook.com\\\/lucas.eletro.71\"]}]}<\/script>\n<meta property=\"product:price:amount\" content=\"3499.00\" \/>\n<meta property=\"product:price:currency\" content=\"BRL\" \/>\n<meta property=\"og:availability\" content=\"instock\" \/>\n<meta property=\"product:availability\" content=\"instock\" \/>\n<meta property=\"product:condition\" content=\"new\" \/>\n<!-- \/ Yoast SEO Premium plugin. -->","yoast_head_json":{"title":"SOFA DE CANTO ISTAMBUL (COM OS PES EM MADEIRA) - Lucas Eletro","robots":{"index":"index","follow":"follow","max-snippet":"max-snippet:-1","max-image-preview":"max-image-preview:large","max-video-preview":"max-video-preview:-1"},"canonical":"https:\/\/lucaseletro.com.br\/?product=sofa-de-canto-istambul-com-os-pes-em-madeira","og_locale":"pt_BR","og_type":"article","og_title":"SOFA DE CANTO ISTAMBUL (COM OS PES EM MADEIRA) - &#82;&#36;3.499,00 - Lucas Eletro","og_description":"Este modelo \u00e9 projetado para oferecer um assento macio e aconchegante, ideal para salas de TV, combinando design moderno com materiais de alta qualidade  &nbsp;","og_url":"https:\/\/lucaseletro.com.br\/?product=sofa-de-canto-istambul-com-os-pes-em-madeira","og_site_name":"Lucas Eletro","article_publisher":"https:\/\/www.facebook.com\/lucas.eletro.71","article_modified_time":"2026-04-15T12:47:29+00:00","og_image":[{"width":1200,"height":800,"url":"https:\/\/lucaseletro.com.br\/wp-content\/uploads\/2026\/04\/SOFA-DE-CANTO-ISTAMBUL-FRENTE.webp","type":"image\/webp"}],"twitter_card":"summary_large_image","twitter_misc":{"Pre\u00e7o":"&#82;&#36;3.499,00","Disponibilidade":"Em Estoque"},"schema":{"@context":"https:\/\/schema.org","@graph":[{"@type":"WebPage","@id":"https:\/\/lucaseletro.com.br\/?product=sofa-de-canto-istambul-com-os-pes-em-madeira","url":"https:\/\/lucaseletro.com.br\/?product=sofa-de-canto-istambul-com-os-pes-em-madeira","name":"SOFA DE CANTO ISTAMBUL (COM OS PES EM MADEIRA) - Lucas Eletro","isPartOf":{"@id":"https:\/\/lucaseletro.com.br\/#website"},"primaryImageOfPage":{"@id":"https:\/\/lucaseletro.com.br\/?product=sofa-de-canto-istambul-com-os-pes-em-madeira#primaryimage"},"image":{"@id":"https:\/\/lucaseletro.com.br\/?product=sofa-de-canto-istambul-com-os-pes-em-madeira#primaryimage"},"thumbnailUrl":"https:\/\/lucaseletro.com.br\/wp-content\/uploads\/2026\/04\/SOFA-DE-CANTO-ISTAMBUL-FRENTE.webp","datePublished":"2026-04-15T12:47:28+00:00","dateModified":"2026-04-15T12:47:29+00:00","breadcrumb":{"@id":"https:\/\/lucaseletro.com.br\/?product=sofa-de-canto-istambul-com-os-pes-em-madeira#breadcrumb"},"inLanguage":"pt-BR","potentialAction":[{"@type":"ReadAction","target":["https:\/\/lucaseletro.com.br\/?product=sofa-de-canto-istambul-com-os-pes-em-madeira"]}]},{"@type":"ImageObject","inLanguage":"pt-BR","@id":"https:\/\/lucaseletro.com.br\/?product=sofa-de-canto-istambul-com-os-pes-em-madeira#primaryimage","url":"https:\/\/lucaseletro.com.br\/wp-content\/uploads\/2026\/04\/SOFA-DE-CANTO-ISTAMBUL-FRENTE.webp","contentUrl":"https:\/\/lucaseletro.com.br\/wp-content\/uploads\/2026\/04\/SOFA-DE-CANTO-ISTAMBUL-FRENTE.webp","width":1200,"height":800},{"@type":"BreadcrumbList","@id":"https:\/\/lucaseletro.com.br\/?product=sofa-de-canto-istambul-com-os-pes-em-madeira#breadcrumb","itemListElement":[{"@type":"ListItem","position":1,"name":"In\u00edcio","item":"https:\/\/lucaseletro.com.br\/"},{"@type":"ListItem","position":2,"name":"Loja","item":"https:\/\/lucaseletro.com.br\/?page_id=11"},{"@type":"ListItem","position":3,"name":"SOFA DE CANTO ISTAMBUL (COM OS PES EM MADEIRA)"}]},{"@type":"WebSite","@id":"https:\/\/lucaseletro.com.br\/#website","url":"https:\/\/lucaseletro.com.br\/","name":"Lucas Eletro","description":"Realizando seus sonhos","publisher":{"@id":"https:\/\/lucaseletro.com.br\/#organization"},"alternateName":"Lucas Eletro","potentialAction":[{"@type":"SearchAction","target":{"@type":"EntryPoint","urlTemplate":"https:\/\/lucaseletro.com.br\/?s={search_term_string}"},"query-input":{"@type":"PropertyValueSpecification","valueRequired":true,"valueName":"search_term_string"}}],"inLanguage":"pt-BR"},{"@type":"Organization","@id":"https:\/\/lucaseletro.com.br\/#organization","name":"Lucas Eletro","alternateName":"Lucas Eletro","url":"https:\/\/lucaseletro.com.br\/","logo":{"@type":"ImageObject","inLanguage":"pt-BR","@id":"https:\/\/lucaseletro.com.br\/#\/schema\/logo\/image\/","url":"https:\/\/lucaseletro.com.br\/wp-content\/uploads\/2024\/08\/Logo-WebP.webp","contentUrl":"https:\/\/lucaseletro.com.br\/wp-content\/uploads\/2024\/08\/Logo-WebP.webp","width":1366,"height":457,"caption":"Lucas Eletro"},"image":{"@id":"https:\/\/lucaseletro.com.br\/#\/schema\/logo\/image\/"},"sameAs":["https:\/\/www.facebook.com\/lucas.eletro.71"]}]},"product_price_amount":"3499.00","product_price_currency":"BRL","og_availability":"instock","product_availability":"instock","product_condition":"new"},"_links":{"self":[{"href":"https:\/\/lucaseletro.com.br\/index.php?rest_route=\/wp\/v2\/product\/4863","targetHints":{"allow":["GET"]}}],"collection":[{"href":"https:\/\/lucaseletro.com.br\/index.php?rest_route=\/wp\/v2\/product"}],"about":[{"href":"https:\/\/lucaseletro.com.br\/index.php?rest_route=\/wp\/v2\/types\/product"}],"replies":[{"embeddable":true,"href":"https:\/\/lucaseletro.com.br\/index.php?rest_route=%2Fwp%2Fv2%2Fcomments&post=4863"}],"wp:featuredmedia":[{"embeddable":true,"href":"https:\/\/lucaseletro.com.br\/index.php?rest_route=\/wp\/v2\/media\/4864"}],"wp:attachment":[{"href":"https:\/\/lucaseletro.com.br\/index.php?rest_route=%2Fwp%2Fv2%2Fmedia&parent=4863"}],"wp:term":[{"taxonomy":"product_brand","embeddable":true,"href":"https:\/\/lucaseletro.com.br\/index.php?rest_route=%2Fwp%2Fv2%2Fproduct_brand&post=4863"},{"taxonomy":"product_cat","embeddable":true,"href":"https:\/\/lucaseletro.com.br\/index.php?rest_route=%2Fwp%2Fv2%2Fproduct_cat&post=4863"},{"taxonomy":"product_tag","embeddable":true,"href":"https:\/\/lucaseletro.com.br\/index.php?rest_route=%2Fwp%2Fv2%2Fproduct_tag&post=4863"}],"curies":[{"name":"wp","href":"https:\/\/api.w.org\/{rel}","templated":true}]}}