{"id":4890,"date":"2026-04-15T16:14:37","date_gmt":"2026-04-15T19:14:37","guid":{"rendered":"https:\/\/lucaseletro.com.br\/?post_type=product&#038;p=4890"},"modified":"2026-04-15T16:14:38","modified_gmt":"2026-04-15T19:14:38","slug":"boneca-babys-banheirinha-mini-12018-2","status":"publish","type":"product","link":"https:\/\/lucaseletro.com.br\/?product=boneca-babys-banheirinha-mini-12018-2","title":{"rendered":"BONECA BABYS BANHEIRINHA MINI 12018"},"content":{"rendered":"<p>ma linda bonequinha que vai encantar a crian\u00e7ada! Ela vem com uma banheirinha para tomar banho. As meninas v\u00e3o amar!<br \/>\nEla \u00e9 super fofa e delicada, gostosa de abra\u00e7ar e apertar, feita em vinil macio com cheirinho de beb\u00ea perfumada<br \/>\nFaz parte da linha Baby&#8217;s Collection da Super Toys, que traz lindas bonequinhas com temas e acess\u00f3rios diferentes.<br \/>\nEstimula a intera\u00e7\u00e3o entre pais e filhos, coordena\u00e7\u00e3o motora, criatividade e imagina\u00e7\u00e3o da crian\u00e7a. Um mundo encantado espera por voc\u00ea!<\/p>\n","protected":false},"excerpt":{"rendered":"<div class=\"relative px-md overflow-hidden border-on-surface-8 after:pointer-events-none after:absolute after:bottom-[0] after:left-[0] after:h-[72px] after:w-full after:bg-gradient-to-b after:from-[#FFFFFF00] after:to-[#FFFFFF] md:after:content-none md:px-lg max-md:border-b-thin\" data-testid=\"tab-product-detail\">\n<div data-testid=\"product-detail\">\n<div class=\"mt-md font-xsm-regular\" data-testid=\"product-detail-description\">&#8211; Recomendado \u00e0 partir de 03 anos<br \/>\n&#8211; Dimens\u00f5es da embalagem (CLA): 30,5 x 9 x 26 cm<br \/>\n&#8211; Cont\u00e9m: 01 Boneca com acess\u00f3rios<br \/>\n&#8211; Altura aproximada da Boneca: 18 cm<br \/>\n&#8211; Material: Vinil<br \/>\n&#8211; Linha: Baby&#8217;s Collection<br \/>\n&#8211; Marca: Super Toys<br \/>\n&#8211; Refer\u00eancia: 339\/349<br \/>\n&#8211; Certificado de Seguran\u00e7a: INMETRO<\/p>\n<p>*Imagens meramente ilustrativas, as cores e detalhes podem variar de acordo com lote de fabrica\u00e7\u00e3o.<\/p><\/div>\n<\/div>\n<\/div>\n<div class=\"hidden border-on-surface-8 md:px-lg md:block md:py-md\" data-testid=\"tab-product-factsheet\">\n<h2 class=\"text-on-surface-2 font-md-bold md:font-title-large-highlight md:mb-md\" data-testid=\"product-factsheet-title\">Ficha T\u00e9cnica<\/h2>\n<div class=\"pt-2xsm\">\n<table class=\"w-full list-none\" data-testid=\"table-factsheet\">\n<tbody>\n<tr class=\"text-on-surface-3 even:bg-surface-container-lower\">\n<td class=\"px-md py-sm font-xsm-bold align-top table-cell w-1\/2\" data-testid=\"table-factsheet-key\">Acess\u00f3rios<\/td>\n<td class=\"px-md py-sm font-xsm-regular list-item w-full align-top\">Banheirinha<\/td>\n<\/tr>\n<tr class=\"text-on-surface-3 even:bg-surface-container-lower\">\n<td class=\"px-md py-sm font-xsm-bold align-top table-cell w-1\/2\" data-testid=\"table-factsheet-key\">Altura<\/td>\n<td class=\"px-md py-sm font-xsm-regular list-item w-full align-top\">18 cm<\/td>\n<\/tr>\n<tr class=\"text-on-surface-3 even:bg-surface-container-lower\">\n<td class=\"px-md py-sm font-xsm-bold align-top table-cell w-1\/2\" data-testid=\"table-factsheet-key\">Certifica\u00e7\u00f5es<\/td>\n<td class=\"px-md py-sm font-xsm-regular list-item w-full align-top\">INMETRO<\/td>\n<\/tr>\n<tr class=\"text-on-surface-3 even:bg-surface-container-lower\">\n<td class=\"px-md py-sm font-xsm-bold align-top table-cell w-1\/2\" data-testid=\"table-factsheet-key\">Conte\u00fado da Embalagem<\/td>\n<td class=\"px-md py-sm font-xsm-regular list-item w-full align-top\">01 Boneca com acess\u00f3rios<\/td>\n<\/tr>\n<tr class=\"text-on-surface-3 even:bg-surface-container-lower\">\n<td class=\"px-md py-sm font-xsm-bold align-top table-cell w-1\/2\" data-testid=\"table-factsheet-key\">Cor<\/td>\n<td class=\"px-md py-sm font-xsm-regular list-item w-full align-top\">Loira<\/td>\n<\/tr>\n<tr class=\"text-on-surface-3 even:bg-surface-container-lower\">\n<td class=\"px-md py-sm font-xsm-bold align-top table-cell w-1\/2\" data-testid=\"table-factsheet-key\">Cor do Cabelo<\/td>\n<td class=\"px-md py-sm font-xsm-regular list-item w-full align-top\">Loira<\/td>\n<\/tr>\n<tr class=\"text-on-surface-3 even:bg-surface-container-lower\">\n<td class=\"px-md py-sm font-xsm-bold align-top table-cell w-1\/2\" data-testid=\"table-factsheet-key\">Desenvolvimento Pedag\u00f3gico<\/td>\n<td class=\"px-md py-sm font-xsm-regular list-item w-full align-top\">Coordena\u00e7\u00e3o motora, criatividade e imagina\u00e7\u00e3o da crian\u00e7a<\/td>\n<\/tr>\n<tr class=\"text-on-surface-3 even:bg-surface-container-lower\">\n<td class=\"px-md py-sm font-xsm-bold align-top table-cell w-1\/2\" data-testid=\"table-factsheet-key\">Dimens\u00f5es do Produto com Embalagem<\/td>\n<td class=\"px-md py-sm font-xsm-regular list-item w-full align-top\">30,5 x 9 x 26 cm<\/td>\n<\/tr>\n<tr class=\"text-on-surface-3 even:bg-surface-container-lower\">\n<td class=\"px-md py-sm font-xsm-bold align-top table-cell w-1\/2\" data-testid=\"table-factsheet-key\">Idade Recomendada<\/td>\n<td class=\"px-md py-sm font-xsm-regular list-item w-full align-top\">03 anos<\/td>\n<\/tr>\n<tr class=\"text-on-surface-3 even:bg-surface-container-lower\">\n<td class=\"px-md py-sm font-xsm-bold align-top table-cell w-1\/2\" data-testid=\"table-factsheet-key\">Interatividade<\/td>\n<td class=\"px-md py-sm font-xsm-regular list-item w-full align-top\">Estimula a intera\u00e7\u00e3o entre pais e filhos, coordena\u00e7\u00e3o motora, criatividade e imagina\u00e7\u00e3o da crian\u00e7a<\/td>\n<\/tr>\n<tr class=\"text-on-surface-3 even:bg-surface-container-lower\">\n<td class=\"px-md py-sm font-xsm-bold align-top table-cell w-1\/2\" data-testid=\"table-factsheet-key\">Linha<\/td>\n<td class=\"px-md py-sm font-xsm-regular list-item w-full align-top\">Baby&#8217;s Collection<\/td>\n<\/tr>\n<tr class=\"text-on-surface-3 even:bg-surface-container-lower\">\n<td class=\"px-md py-sm font-xsm-bold align-top table-cell w-1\/2\" data-testid=\"table-factsheet-key\">Marca<\/td>\n<td class=\"px-md py-sm font-xsm-regular list-item w-full align-top\"><a class=\"hover:text-interaction-default underline\" href=\"https:\/\/www.magazineluiza.com.br\/marcas\/super-toys\/\">Super Toys<\/a><\/td>\n<\/tr>\n<tr class=\"text-on-surface-3 even:bg-surface-container-lower\">\n<td class=\"px-md py-sm font-xsm-bold align-top table-cell w-1\/2\" data-testid=\"table-factsheet-key\">Material<\/td>\n<td class=\"px-md py-sm font-xsm-regular list-item w-full align-top\">Vinil<\/td>\n<\/tr>\n<tr class=\"text-on-surface-3 even:bg-surface-container-lower\">\n<td class=\"px-md py-sm font-xsm-bold align-top table-cell w-1\/2\" data-testid=\"table-factsheet-key\">Modelo<\/td>\n<td class=\"px-md py-sm font-xsm-regular list-item w-full align-top\">Mini Banheirinha<\/td>\n<\/tr>\n<tr class=\"text-on-surface-3 even:bg-surface-container-lower\">\n<td class=\"px-md py-sm font-xsm-bold align-top table-cell w-1\/2\" data-testid=\"table-factsheet-key\">Quantidade de Bonecos<\/td>\n<td class=\"px-md py-sm font-xsm-regular list-item w-full align-top\">1<\/td>\n<\/tr>\n<tr class=\"text-on-surface-3 even:bg-surface-container-lower\">\n<td class=\"px-md py-sm font-xsm-bold align-top table-cell w-1\/2\" data-testid=\"table-factsheet-key\">Refer\u00eancia<\/td>\n<td class=\"px-md py-sm font-xsm-regular list-item w-full align-top\">339\/349<\/td>\n<\/tr>\n<tr class=\"text-on-surface-3 even:bg-surface-container-lower\">\n<td class=\"px-md py-sm font-xsm-bold align-top table-cell w-1\/2\" data-testid=\"table-factsheet-key\">Tema<\/td>\n<td class=\"px-md py-sm font-xsm-regular list-item w-full align-top\">Banho<\/td>\n<\/tr>\n<\/tbody>\n<\/table>\n<\/div>\n<\/div>\n","protected":false},"featured_media":4892,"comment_status":"open","ping_status":"closed","template":"","meta":[],"product_brand":[121],"product_cat":[59],"product_tag":[],"class_list":{"0":"post-4890","1":"product","2":"type-product","3":"status-publish","4":"has-post-thumbnail","6":"product_brand-super-toys","7":"product_cat-brinquedos","9":"first","10":"outofstock","11":"shipping-taxable","12":"purchasable","13":"product-type-simple"},"yoast_head":"<!-- This site is optimized with the Yoast SEO Premium plugin v23.3 (Yoast SEO v27.4) - https:\/\/yoast.com\/product\/yoast-seo-premium-wordpress\/ -->\n<title>BONECA BABYS BANHEIRINHA MINI 12018 - Lucas Eletro<\/title>\n<meta name=\"robots\" content=\"index, follow, max-snippet:-1, max-image-preview:large, max-video-preview:-1\" \/>\n<link rel=\"canonical\" href=\"https:\/\/lucaseletro.com.br\/?product=boneca-babys-banheirinha-mini-12018-2\" \/>\n<meta property=\"og:locale\" content=\"pt_BR\" \/>\n<meta property=\"og:type\" content=\"article\" \/>\n<meta property=\"og:title\" content=\"BONECA BABYS BANHEIRINHA MINI 12018 - &#082;&#036;44,90 - Lucas Eletro\" \/>\n<meta property=\"og:description\" content=\"- Recomendado \u00e0 partir de 03 anos - Dimens\u00f5es da embalagem (CLA): 30,5 x 9 x 26 cm - Cont\u00e9m: 01 Boneca com acess\u00f3rios - Altura aproximada da Boneca: 18 cm - Material: Vinil - Linha: Baby&#039;s Collection - Marca: Super Toys - Refer\u00eancia: 339\/349 - Certificado de Seguran\u00e7a: INMETRO  *Imagens meramente ilustrativas, as cores e detalhes podem variar de acordo com lote de fabrica\u00e7\u00e3o.    Ficha T\u00e9cnica     Acess\u00f3rios Banheirinha   Altura 18 cm   Certifica\u00e7\u00f5es INMETRO   Conte\u00fado da Embalagem 01 Boneca com acess\u00f3rios   Cor Loira   Cor do Cabelo Loira   Desenvolvimento Pedag\u00f3gico Coordena\u00e7\u00e3o motora, criatividade e imagina\u00e7\u00e3o da crian\u00e7a   Dimens\u00f5es do Produto com Embalagem 30,5 x 9 x 26 cm   Idade Recomendada 03 anos   Interatividade Estimula a intera\u00e7\u00e3o entre pais e filhos, coordena\u00e7\u00e3o motora, criatividade e imagina\u00e7\u00e3o da crian\u00e7a   Linha Baby&#039;s Collection   Marca Super Toys   Material Vinil   Modelo Mini Banheirinha   Quantidade de Bonecos 1   Refer\u00eancia 339\/349   Tema Banho\" \/>\n<meta property=\"og:url\" content=\"https:\/\/lucaseletro.com.br\/?product=boneca-babys-banheirinha-mini-12018-2\" \/>\n<meta property=\"og:site_name\" content=\"Lucas Eletro\" \/>\n<meta property=\"article:publisher\" content=\"https:\/\/www.facebook.com\/lucas.eletro.71\" \/>\n<meta property=\"article:modified_time\" content=\"2026-04-15T19:14:38+00:00\" \/>\n<meta property=\"og:image\" content=\"https:\/\/lucaseletro.com.br\/wp-content\/uploads\/2026\/04\/BONECA-BABYS-BANHEIRINHA-MINI-12018.webp\" \/>\n\t<meta property=\"og:image:width\" content=\"420\" \/>\n\t<meta property=\"og:image:height\" content=\"420\" \/>\n\t<meta property=\"og:image:type\" content=\"image\/webp\" \/>\n<meta name=\"twitter:card\" content=\"summary_large_image\" \/>\n<meta name=\"twitter:label1\" content=\"Pre\u00e7o\" \/>\n\t<meta name=\"twitter:data1\" content=\"&#082;&#036;44,90\" \/>\n\t<meta name=\"twitter:label2\" content=\"Disponibilidade\" \/>\n\t<meta name=\"twitter:data2\" content=\"Fora de estoque\" \/>\n<script type=\"application\/ld+json\" class=\"yoast-schema-graph\">{\"@context\":\"https:\\\/\\\/schema.org\",\"@graph\":[{\"@type\":\"WebPage\",\"@id\":\"https:\\\/\\\/lucaseletro.com.br\\\/?product=boneca-babys-banheirinha-mini-12018-2\",\"url\":\"https:\\\/\\\/lucaseletro.com.br\\\/?product=boneca-babys-banheirinha-mini-12018-2\",\"name\":\"BONECA BABYS BANHEIRINHA MINI 12018 - Lucas Eletro\",\"isPartOf\":{\"@id\":\"https:\\\/\\\/lucaseletro.com.br\\\/#website\"},\"primaryImageOfPage\":{\"@id\":\"https:\\\/\\\/lucaseletro.com.br\\\/?product=boneca-babys-banheirinha-mini-12018-2#primaryimage\"},\"image\":{\"@id\":\"https:\\\/\\\/lucaseletro.com.br\\\/?product=boneca-babys-banheirinha-mini-12018-2#primaryimage\"},\"thumbnailUrl\":\"https:\\\/\\\/lucaseletro.com.br\\\/wp-content\\\/uploads\\\/2026\\\/04\\\/BONECA-BABYS-BANHEIRINHA-MINI-12018.webp\",\"datePublished\":\"2026-04-15T19:14:37+00:00\",\"dateModified\":\"2026-04-15T19:14:38+00:00\",\"breadcrumb\":{\"@id\":\"https:\\\/\\\/lucaseletro.com.br\\\/?product=boneca-babys-banheirinha-mini-12018-2#breadcrumb\"},\"inLanguage\":\"pt-BR\",\"potentialAction\":[{\"@type\":\"ReadAction\",\"target\":[\"https:\\\/\\\/lucaseletro.com.br\\\/?product=boneca-babys-banheirinha-mini-12018-2\"]}]},{\"@type\":\"ImageObject\",\"inLanguage\":\"pt-BR\",\"@id\":\"https:\\\/\\\/lucaseletro.com.br\\\/?product=boneca-babys-banheirinha-mini-12018-2#primaryimage\",\"url\":\"https:\\\/\\\/lucaseletro.com.br\\\/wp-content\\\/uploads\\\/2026\\\/04\\\/BONECA-BABYS-BANHEIRINHA-MINI-12018.webp\",\"contentUrl\":\"https:\\\/\\\/lucaseletro.com.br\\\/wp-content\\\/uploads\\\/2026\\\/04\\\/BONECA-BABYS-BANHEIRINHA-MINI-12018.webp\",\"width\":420,\"height\":420},{\"@type\":\"BreadcrumbList\",\"@id\":\"https:\\\/\\\/lucaseletro.com.br\\\/?product=boneca-babys-banheirinha-mini-12018-2#breadcrumb\",\"itemListElement\":[{\"@type\":\"ListItem\",\"position\":1,\"name\":\"In\u00edcio\",\"item\":\"https:\\\/\\\/lucaseletro.com.br\\\/\"},{\"@type\":\"ListItem\",\"position\":2,\"name\":\"Loja\",\"item\":\"https:\\\/\\\/lucaseletro.com.br\\\/?page_id=11\"},{\"@type\":\"ListItem\",\"position\":3,\"name\":\"BONECA BABYS BANHEIRINHA MINI 12018\"}]},{\"@type\":\"WebSite\",\"@id\":\"https:\\\/\\\/lucaseletro.com.br\\\/#website\",\"url\":\"https:\\\/\\\/lucaseletro.com.br\\\/\",\"name\":\"Lucas Eletro\",\"description\":\"Realizando seus sonhos\",\"publisher\":{\"@id\":\"https:\\\/\\\/lucaseletro.com.br\\\/#organization\"},\"alternateName\":\"Lucas Eletro\",\"potentialAction\":[{\"@type\":\"SearchAction\",\"target\":{\"@type\":\"EntryPoint\",\"urlTemplate\":\"https:\\\/\\\/lucaseletro.com.br\\\/?s={search_term_string}\"},\"query-input\":{\"@type\":\"PropertyValueSpecification\",\"valueRequired\":true,\"valueName\":\"search_term_string\"}}],\"inLanguage\":\"pt-BR\"},{\"@type\":\"Organization\",\"@id\":\"https:\\\/\\\/lucaseletro.com.br\\\/#organization\",\"name\":\"Lucas Eletro\",\"alternateName\":\"Lucas Eletro\",\"url\":\"https:\\\/\\\/lucaseletro.com.br\\\/\",\"logo\":{\"@type\":\"ImageObject\",\"inLanguage\":\"pt-BR\",\"@id\":\"https:\\\/\\\/lucaseletro.com.br\\\/#\\\/schema\\\/logo\\\/image\\\/\",\"url\":\"https:\\\/\\\/lucaseletro.com.br\\\/wp-content\\\/uploads\\\/2024\\\/08\\\/Logo-WebP.webp\",\"contentUrl\":\"https:\\\/\\\/lucaseletro.com.br\\\/wp-content\\\/uploads\\\/2024\\\/08\\\/Logo-WebP.webp\",\"width\":1366,\"height\":457,\"caption\":\"Lucas Eletro\"},\"image\":{\"@id\":\"https:\\\/\\\/lucaseletro.com.br\\\/#\\\/schema\\\/logo\\\/image\\\/\"},\"sameAs\":[\"https:\\\/\\\/www.facebook.com\\\/lucas.eletro.71\"]}]}<\/script>\n<meta property=\"product:price:amount\" content=\"44.90\" \/>\n<meta property=\"product:price:currency\" content=\"BRL\" \/>\n<meta property=\"og:availability\" content=\"out of stock\" \/>\n<meta property=\"product:availability\" content=\"out of stock\" \/>\n<meta property=\"product:condition\" content=\"new\" \/>\n<!-- \/ Yoast SEO Premium plugin. -->","yoast_head_json":{"title":"BONECA BABYS BANHEIRINHA MINI 12018 - Lucas Eletro","robots":{"index":"index","follow":"follow","max-snippet":"max-snippet:-1","max-image-preview":"max-image-preview:large","max-video-preview":"max-video-preview:-1"},"canonical":"https:\/\/lucaseletro.com.br\/?product=boneca-babys-banheirinha-mini-12018-2","og_locale":"pt_BR","og_type":"article","og_title":"BONECA BABYS BANHEIRINHA MINI 12018 - &#82;&#36;44,90 - Lucas Eletro","og_description":"- Recomendado \u00e0 partir de 03 anos - Dimens\u00f5es da embalagem (CLA): 30,5 x 9 x 26 cm - Cont\u00e9m: 01 Boneca com acess\u00f3rios - Altura aproximada da Boneca: 18 cm - Material: Vinil - Linha: Baby's Collection - Marca: Super Toys - Refer\u00eancia: 339\/349 - Certificado de Seguran\u00e7a: INMETRO  *Imagens meramente ilustrativas, as cores e detalhes podem variar de acordo com lote de fabrica\u00e7\u00e3o.    Ficha T\u00e9cnica     Acess\u00f3rios Banheirinha   Altura 18 cm   Certifica\u00e7\u00f5es INMETRO   Conte\u00fado da Embalagem 01 Boneca com acess\u00f3rios   Cor Loira   Cor do Cabelo Loira   Desenvolvimento Pedag\u00f3gico Coordena\u00e7\u00e3o motora, criatividade e imagina\u00e7\u00e3o da crian\u00e7a   Dimens\u00f5es do Produto com Embalagem 30,5 x 9 x 26 cm   Idade Recomendada 03 anos   Interatividade Estimula a intera\u00e7\u00e3o entre pais e filhos, coordena\u00e7\u00e3o motora, criatividade e imagina\u00e7\u00e3o da crian\u00e7a   Linha Baby's Collection   Marca Super Toys   Material Vinil   Modelo Mini Banheirinha   Quantidade de Bonecos 1   Refer\u00eancia 339\/349   Tema Banho","og_url":"https:\/\/lucaseletro.com.br\/?product=boneca-babys-banheirinha-mini-12018-2","og_site_name":"Lucas Eletro","article_publisher":"https:\/\/www.facebook.com\/lucas.eletro.71","article_modified_time":"2026-04-15T19:14:38+00:00","og_image":[{"width":420,"height":420,"url":"https:\/\/lucaseletro.com.br\/wp-content\/uploads\/2026\/04\/BONECA-BABYS-BANHEIRINHA-MINI-12018.webp","type":"image\/webp"}],"twitter_card":"summary_large_image","twitter_misc":{"Pre\u00e7o":"&#82;&#36;44,90","Disponibilidade":"Fora de estoque"},"schema":{"@context":"https:\/\/schema.org","@graph":[{"@type":"WebPage","@id":"https:\/\/lucaseletro.com.br\/?product=boneca-babys-banheirinha-mini-12018-2","url":"https:\/\/lucaseletro.com.br\/?product=boneca-babys-banheirinha-mini-12018-2","name":"BONECA BABYS BANHEIRINHA MINI 12018 - Lucas Eletro","isPartOf":{"@id":"https:\/\/lucaseletro.com.br\/#website"},"primaryImageOfPage":{"@id":"https:\/\/lucaseletro.com.br\/?product=boneca-babys-banheirinha-mini-12018-2#primaryimage"},"image":{"@id":"https:\/\/lucaseletro.com.br\/?product=boneca-babys-banheirinha-mini-12018-2#primaryimage"},"thumbnailUrl":"https:\/\/lucaseletro.com.br\/wp-content\/uploads\/2026\/04\/BONECA-BABYS-BANHEIRINHA-MINI-12018.webp","datePublished":"2026-04-15T19:14:37+00:00","dateModified":"2026-04-15T19:14:38+00:00","breadcrumb":{"@id":"https:\/\/lucaseletro.com.br\/?product=boneca-babys-banheirinha-mini-12018-2#breadcrumb"},"inLanguage":"pt-BR","potentialAction":[{"@type":"ReadAction","target":["https:\/\/lucaseletro.com.br\/?product=boneca-babys-banheirinha-mini-12018-2"]}]},{"@type":"ImageObject","inLanguage":"pt-BR","@id":"https:\/\/lucaseletro.com.br\/?product=boneca-babys-banheirinha-mini-12018-2#primaryimage","url":"https:\/\/lucaseletro.com.br\/wp-content\/uploads\/2026\/04\/BONECA-BABYS-BANHEIRINHA-MINI-12018.webp","contentUrl":"https:\/\/lucaseletro.com.br\/wp-content\/uploads\/2026\/04\/BONECA-BABYS-BANHEIRINHA-MINI-12018.webp","width":420,"height":420},{"@type":"BreadcrumbList","@id":"https:\/\/lucaseletro.com.br\/?product=boneca-babys-banheirinha-mini-12018-2#breadcrumb","itemListElement":[{"@type":"ListItem","position":1,"name":"In\u00edcio","item":"https:\/\/lucaseletro.com.br\/"},{"@type":"ListItem","position":2,"name":"Loja","item":"https:\/\/lucaseletro.com.br\/?page_id=11"},{"@type":"ListItem","position":3,"name":"BONECA BABYS BANHEIRINHA MINI 12018"}]},{"@type":"WebSite","@id":"https:\/\/lucaseletro.com.br\/#website","url":"https:\/\/lucaseletro.com.br\/","name":"Lucas Eletro","description":"Realizando seus sonhos","publisher":{"@id":"https:\/\/lucaseletro.com.br\/#organization"},"alternateName":"Lucas Eletro","potentialAction":[{"@type":"SearchAction","target":{"@type":"EntryPoint","urlTemplate":"https:\/\/lucaseletro.com.br\/?s={search_term_string}"},"query-input":{"@type":"PropertyValueSpecification","valueRequired":true,"valueName":"search_term_string"}}],"inLanguage":"pt-BR"},{"@type":"Organization","@id":"https:\/\/lucaseletro.com.br\/#organization","name":"Lucas Eletro","alternateName":"Lucas Eletro","url":"https:\/\/lucaseletro.com.br\/","logo":{"@type":"ImageObject","inLanguage":"pt-BR","@id":"https:\/\/lucaseletro.com.br\/#\/schema\/logo\/image\/","url":"https:\/\/lucaseletro.com.br\/wp-content\/uploads\/2024\/08\/Logo-WebP.webp","contentUrl":"https:\/\/lucaseletro.com.br\/wp-content\/uploads\/2024\/08\/Logo-WebP.webp","width":1366,"height":457,"caption":"Lucas Eletro"},"image":{"@id":"https:\/\/lucaseletro.com.br\/#\/schema\/logo\/image\/"},"sameAs":["https:\/\/www.facebook.com\/lucas.eletro.71"]}]},"product_price_amount":"44.90","product_price_currency":"BRL","og_availability":"out of stock","product_availability":"out of stock","product_condition":"new"},"_links":{"self":[{"href":"https:\/\/lucaseletro.com.br\/index.php?rest_route=\/wp\/v2\/product\/4890","targetHints":{"allow":["GET"]}}],"collection":[{"href":"https:\/\/lucaseletro.com.br\/index.php?rest_route=\/wp\/v2\/product"}],"about":[{"href":"https:\/\/lucaseletro.com.br\/index.php?rest_route=\/wp\/v2\/types\/product"}],"replies":[{"embeddable":true,"href":"https:\/\/lucaseletro.com.br\/index.php?rest_route=%2Fwp%2Fv2%2Fcomments&post=4890"}],"wp:featuredmedia":[{"embeddable":true,"href":"https:\/\/lucaseletro.com.br\/index.php?rest_route=\/wp\/v2\/media\/4892"}],"wp:attachment":[{"href":"https:\/\/lucaseletro.com.br\/index.php?rest_route=%2Fwp%2Fv2%2Fmedia&parent=4890"}],"wp:term":[{"taxonomy":"product_brand","embeddable":true,"href":"https:\/\/lucaseletro.com.br\/index.php?rest_route=%2Fwp%2Fv2%2Fproduct_brand&post=4890"},{"taxonomy":"product_cat","embeddable":true,"href":"https:\/\/lucaseletro.com.br\/index.php?rest_route=%2Fwp%2Fv2%2Fproduct_cat&post=4890"},{"taxonomy":"product_tag","embeddable":true,"href":"https:\/\/lucaseletro.com.br\/index.php?rest_route=%2Fwp%2Fv2%2Fproduct_tag&post=4890"}],"curies":[{"name":"wp","href":"https:\/\/api.w.org\/{rel}","templated":true}]}}