{"id":4909,"date":"2026-04-17T14:20:15","date_gmt":"2026-04-17T17:20:15","guid":{"rendered":"https:\/\/lucaseletro.com.br\/?post_type=product&#038;p=4909"},"modified":"2026-04-17T14:20:20","modified_gmt":"2026-04-17T17:20:20","slug":"chapinha-alisadora-taiff-super-mini200g-2","status":"publish","type":"product","link":"https:\/\/lucaseletro.com.br\/?product=chapinha-alisadora-taiff-super-mini200g-2","title":{"rendered":"CHAPINHA ALISADORA TAIFF SUPER MINI200G"},"content":{"rendered":"<ul class=\"KsbFXc U6u95\" data-sfc-root=\"c\" data-sfc-cb=\"\" data-processed=\"true\">\n<li class=\"dF3vjf\" data-sfc-root=\"c\" data-sfc-cb=\"\" data-hveid=\"CAMQAA\" data-processed=\"true\"><span class=\"T286Pc\" data-sfc-cp=\"\" data-sfc-root=\"c\" data-sfc-cb=\"\" data-processed=\"true\"><strong class=\"Yjhzub\" data-sfc-root=\"c\" data-sfc-cb=\"\" data-processed=\"true\">Design Port\u00e1til:<\/strong>\u00a0Com 17 cm, \u00e9 uma das menores chapas profissionais do mercado, leve e ideal para viagens.<\/span><\/li>\n<li class=\"dF3vjf\" data-sfc-root=\"c\" data-sfc-cb=\"\" data-hveid=\"CAMQAQ\" data-processed=\"true\"><span class=\"T286Pc\" data-sfc-cp=\"\" data-sfc-root=\"c\" data-sfc-cb=\"\" data-processed=\"true\"><strong class=\"Yjhzub\" data-sfc-root=\"c\" data-sfc-cb=\"\" data-processed=\"true\">Temperatura de 200\u00b0C:<\/strong>\u00a0Atinge uma temperatura constante de 200\u00b0C, ideal para um alisamento r\u00e1pido e selagem das cut\u00edculas.<\/span><\/li>\n<li class=\"dF3vjf\" data-sfc-root=\"c\" data-sfc-cb=\"\" data-hveid=\"CAMQAg\" data-processed=\"true\"><span class=\"T286Pc\" data-sfc-cp=\"\" data-sfc-root=\"c\" data-sfc-cb=\"\" data-processed=\"true\"><strong class=\"Yjhzub\" data-sfc-root=\"c\" data-sfc-cb=\"\" data-processed=\"true\">Dupla Cer\u00e2mica:<\/strong>\u00a0Possui revestimento cer\u00e2mico no perfil (placas) e no aquecimento, protegendo os fios do contato direto com o alum\u00ednio, facilitando o deslizamento e garantindo mais brilho e maciez.<\/span><\/li>\n<li class=\"dF3vjf\" data-sfc-root=\"c\" data-sfc-cb=\"\" data-hveid=\"CAMQAw\" data-processed=\"true\"><span class=\"T286Pc\" data-sfc-cp=\"\" data-sfc-root=\"c\" data-sfc-cb=\"\" data-processed=\"true\"><strong class=\"Yjhzub\" data-sfc-root=\"c\" data-sfc-cb=\"\" data-processed=\"true\">Tecnologia PTC:<\/strong>\u00a0Garante que a temperatura n\u00e3o oscile durante o uso, proporcionando maior seguran\u00e7a e sa\u00fade aos fios.<\/span><\/li>\n<li class=\"dF3vjf\" data-sfc-root=\"c\" data-sfc-cb=\"\" data-hveid=\"CAMQBA\" data-processed=\"true\"><span class=\"T286Pc\" data-sfc-cp=\"\" data-sfc-root=\"c\" data-sfc-cb=\"\" data-processed=\"true\"><strong class=\"Yjhzub\" data-sfc-root=\"c\" data-sfc-cb=\"\" data-processed=\"true\">Bivolt Autom\u00e1tico:<\/strong>\u00a0Pode ser ligada em 110v ou 220v sem a necessidade de mudar a voltagem manualmente.<\/span><\/li>\n<li class=\"dF3vjf\" data-sfc-root=\"c\" data-sfc-cb=\"\" data-hveid=\"CAMQBQ\" data-processed=\"true\"><span class=\"T286Pc\" data-sfc-cp=\"\" data-sfc-root=\"c\" data-sfc-cb=\"\" data-processed=\"true\"><strong class=\"Yjhzub\" data-sfc-root=\"c\" data-sfc-cb=\"\" data-processed=\"true\">Cabo de 1,80 metro:<\/strong>\u00a0Tamanho pr\u00e1tico para uso em espa\u00e7os pequenos.<\/span><span class=\"uJ19be notranslate\" data-sfc-root=\"c\" data-wiz-uids=\"MDSMrb_1b,MDSMrb_1c\" data-sfc-cb=\"\" data-processed=\"true\"><span class=\"vKEkVd\" data-animation-atomic=\"\" data-wiz-attrbind=\"class=MDSMrb_1a\/TKHnVd\" data-processed=\"true\"><span aria-hidden=\"true\" data-processed=\"true\">\u00a0<\/span><\/span><\/span>\n<div class=\"Fwa2Od\" data-animation-skip=\"\" data-sfc-root=\"c\" data-sfc-cb=\"\" data-ved=\"2ahUKEwi6mrydqfWTAxU5O7kGHSBCKrgQ3s0SegQIAxAH\" data-processed=\"true\"><\/div>\n<\/li>\n<\/ul>\n<div class=\"Y3BBE\" data-sfc-cp=\"\" data-sfc-root=\"c\" data-sfc-cb=\"\" data-hveid=\"CAQQAA\" data-processed=\"true\"><strong class=\"Yjhzub\" data-sfc-root=\"c\" data-sfc-cb=\"\" data-processed=\"true\">Especifica\u00e7\u00f5es T\u00e9cnicas:<\/strong><\/div>\n<ul class=\"KsbFXc U6u95\" data-sfc-root=\"c\" data-sfc-cb=\"\" data-processed=\"true\">\n<li class=\"dF3vjf\" data-sfc-root=\"c\" data-sfc-cb=\"\" data-hveid=\"CAUQAA\" data-processed=\"true\"><span class=\"T286Pc\" data-sfc-cp=\"\" data-sfc-root=\"c\" data-sfc-cb=\"\" data-processed=\"true\"><strong class=\"Yjhzub\" data-sfc-root=\"c\" data-sfc-cb=\"\" data-processed=\"true\">Marca:<\/strong>\u00a0Taiff<\/span><\/li>\n<li class=\"dF3vjf\" data-sfc-root=\"c\" data-sfc-cb=\"\" data-hveid=\"CAUQAQ\" data-processed=\"true\"><span class=\"T286Pc\" data-sfc-cp=\"\" data-sfc-root=\"c\" data-sfc-cb=\"\" data-processed=\"true\"><strong class=\"Yjhzub\" data-sfc-root=\"c\" data-sfc-cb=\"\" data-processed=\"true\">Modelo:<\/strong>\u00a0Super Mini<\/span><\/li>\n<li class=\"dF3vjf\" data-sfc-root=\"c\" data-sfc-cb=\"\" data-hveid=\"CAUQAg\" data-processed=\"true\"><span class=\"T286Pc\" data-sfc-cp=\"\" data-sfc-root=\"c\" data-sfc-cb=\"\" data-processed=\"true\"><strong class=\"Yjhzub\" data-sfc-root=\"c\" data-sfc-cb=\"\" data-processed=\"true\">Temperatura:<\/strong>\u00a0200\u00b0C constante<\/span><\/li>\n<li class=\"dF3vjf\" data-sfc-root=\"c\" data-sfc-cb=\"\" data-hveid=\"CAUQAw\" data-processed=\"true\"><span class=\"T286Pc\" data-sfc-cp=\"\" data-sfc-root=\"c\" data-sfc-cb=\"\" data-processed=\"true\"><strong class=\"Yjhzub\" data-sfc-root=\"c\" data-sfc-cb=\"\" data-processed=\"true\">Voltagem:<\/strong>\u00a0Bivolt autom\u00e1tico<\/span><\/li>\n<li class=\"dF3vjf\" data-sfc-root=\"c\" data-sfc-cb=\"\" data-hveid=\"CAUQBA\" data-processed=\"true\"><span class=\"T286Pc\" data-sfc-cp=\"\" data-sfc-root=\"c\" data-sfc-cb=\"\" data-processed=\"true\"><strong class=\"Yjhzub\" data-sfc-root=\"c\" data-sfc-cb=\"\" data-processed=\"true\">Tecnologia:<\/strong>\u00a0Aquecimento cer\u00e2mico PTC e Dupla Cer\u00e2mica<\/span><\/li>\n<li class=\"dF3vjf\" data-sfc-root=\"c\" data-sfc-cb=\"\" data-hveid=\"CAUQBQ\" data-processed=\"true\"><span class=\"T286Pc\" data-sfc-cp=\"\" data-sfc-root=\"c\" data-sfc-cb=\"\" data-processed=\"true\"><strong class=\"Yjhzub\" data-sfc-root=\"c\" data-sfc-cb=\"\" data-processed=\"true\">Comprimento do cabo:<\/strong>\u00a01.80 metros<\/span><\/li>\n<li class=\"dF3vjf\" data-sfc-root=\"c\" data-sfc-cb=\"\" data-hveid=\"CAUQBg\" data-processed=\"true\"><span class=\"T286Pc\" data-sfc-cp=\"\" data-sfc-root=\"c\" data-sfc-cb=\"\" data-processed=\"true\"><strong class=\"Yjhzub\" data-sfc-root=\"c\" data-sfc-cb=\"\" data-processed=\"true\">Dimens\u00f5es:<\/strong>\u00a0Aproximadamente 170 x 37 x 35mm<\/span><\/li>\n<li class=\"dF3vjf\" data-sfc-root=\"c\" data-sfc-cb=\"\" data-hveid=\"CAUQBw\" data-processed=\"true\"><span class=\"T286Pc\" data-sfc-cp=\"\" data-sfc-root=\"c\" data-sfc-cb=\"\" data-processed=\"true\"><strong class=\"Yjhzub\" data-sfc-root=\"c\" data-sfc-cb=\"\" data-processed=\"true\">Pot\u00eancia:<\/strong>\u00a024-25W<\/span><span class=\"uJ19be notranslate\" data-sfc-root=\"c\" data-wiz-uids=\"MDSMrb_2c,MDSMrb_2d\" data-sfc-cb=\"\" data-processed=\"true\"><span class=\"vKEkVd\" data-animation-atomic=\"\" data-wiz-attrbind=\"class=MDSMrb_2b\/TKHnVd\" data-processed=\"true\"><span aria-hidden=\"true\" data-processed=\"true\">\u00a0<\/span><\/span><\/span><\/li>\n<\/ul>\n<div class=\"Y3BBE\" data-sfc-cp=\"\" data-sfc-root=\"c\" data-sfc-cb=\"\" data-hveid=\"CAYQAA\" data-processed=\"true\"><strong class=\"Yjhzub\" data-sfc-root=\"c\" data-sfc-cb=\"\" data-processed=\"true\">Ideal para:<\/strong><\/div>\n<ul class=\"KsbFXc U6u95\" data-sfc-root=\"c\" data-sfc-cb=\"\" data-processed=\"true\">\n<li class=\"dF3vjf\" data-sfc-root=\"c\" data-sfc-cb=\"\" data-hveid=\"CAcQAA\" data-processed=\"true\"><span class=\"T286Pc\" data-sfc-cp=\"\" data-sfc-root=\"c\" data-sfc-cb=\"\" data-processed=\"true\">Retoques durante o dia.<\/span><\/li>\n<li class=\"dF3vjf\" data-sfc-root=\"c\" data-sfc-cb=\"\" data-hveid=\"CAcQAQ\" data-processed=\"true\"><span class=\"T286Pc\" data-sfc-cp=\"\" data-sfc-root=\"c\" data-sfc-cb=\"\" data-processed=\"true\">Alisar raiz e franjas.<\/span><\/li>\n<li class=\"dF3vjf\" data-sfc-root=\"c\" data-sfc-cb=\"\" data-hveid=\"CAcQAg\" data-processed=\"true\"><span class=\"T286Pc\" data-sfc-cp=\"\" data-sfc-root=\"c\" data-sfc-cb=\"\" data-processed=\"true\">Levar na bolsa ou n\u00e9cessaire de viagem.<\/span><\/li>\n<li class=\"dF3vjf\" data-sfc-root=\"c\" data-sfc-cb=\"\" data-hveid=\"CAcQAw\" data-processed=\"true\"><span class=\"T286Pc\" data-sfc-cp=\"\" data-sfc-root=\"c\" data-sfc-cb=\"\" data-processed=\"true\">Cabelos m\u00e9dios a curto<\/span><\/li>\n<\/ul>\n","protected":false},"excerpt":{"rendered":"<p><span data-subtree=\"aimfl,mfl\" data-processed=\"true\">A\u00a0<\/span><strong class=\"Yjhzub\" data-sfc-root=\"c\" data-sfc-cb=\"\" data-processed=\"true\">Chapinha Alisadora Taiff Super Mini 200\u00b0C<\/strong>\u00a0\u00e9 uma prancha profissional compacta, projetada para oferecer praticidade e portabilidade sem abrir m\u00e3o da efici\u00eancia. Com apenas 17 cm de comprimento, \u00e9 ideal para levar na bolsa, fazer retoques r\u00e1pidos, alisar a raiz e modelar franjas<\/p>\n","protected":false},"featured_media":4910,"comment_status":"open","ping_status":"closed","template":"","meta":[],"product_brand":[125],"product_cat":[124],"product_tag":[],"class_list":{"0":"post-4909","1":"product","2":"type-product","3":"status-publish","4":"has-post-thumbnail","6":"product_brand-taiff","7":"product_cat-chapinha","9":"first","10":"instock","11":"shipping-taxable","12":"purchasable","13":"product-type-simple"},"yoast_head":"<!-- This site is optimized with the Yoast SEO Premium plugin v23.3 (Yoast SEO v27.5) - https:\/\/yoast.com\/product\/yoast-seo-premium-wordpress\/ -->\n<title>CHAPINHA ALISADORA TAIFF SUPER MINI200G - Lucas Eletro<\/title>\n<meta name=\"robots\" content=\"index, follow, max-snippet:-1, max-image-preview:large, max-video-preview:-1\" \/>\n<link rel=\"canonical\" href=\"https:\/\/lucaseletro.com.br\/?product=chapinha-alisadora-taiff-super-mini200g-2\" \/>\n<meta property=\"og:locale\" content=\"pt_BR\" \/>\n<meta property=\"og:type\" content=\"article\" \/>\n<meta property=\"og:title\" content=\"CHAPINHA ALISADORA TAIFF SUPER MINI200G - &#082;&#036;229,00 - Lucas Eletro\" \/>\n<meta property=\"og:description\" content=\"A\u00a0Chapinha Alisadora Taiff Super Mini 200\u00b0C\u00a0\u00e9 uma prancha profissional compacta, projetada para oferecer praticidade e portabilidade sem abrir m\u00e3o da efici\u00eancia. Com apenas 17 cm de comprimento, \u00e9 ideal para levar na bolsa, fazer retoques r\u00e1pidos, alisar a raiz e modelar franjas\" \/>\n<meta property=\"og:url\" content=\"https:\/\/lucaseletro.com.br\/?product=chapinha-alisadora-taiff-super-mini200g-2\" \/>\n<meta property=\"og:site_name\" content=\"Lucas Eletro\" \/>\n<meta property=\"article:publisher\" content=\"https:\/\/www.facebook.com\/lucas.eletro.71\" \/>\n<meta property=\"article:modified_time\" content=\"2026-04-17T17:20:20+00:00\" \/>\n<meta property=\"og:image\" content=\"https:\/\/lucaseletro.com.br\/wp-content\/uploads\/2026\/04\/CHAPINHA-ALISADORA-TAIFF-SUPER-MINI200G.webp\" \/>\n\t<meta property=\"og:image:width\" content=\"1200\" \/>\n\t<meta property=\"og:image:height\" content=\"899\" \/>\n\t<meta property=\"og:image:type\" content=\"image\/webp\" \/>\n<meta name=\"twitter:card\" content=\"summary_large_image\" \/>\n<meta name=\"twitter:label1\" content=\"Pre\u00e7o\" \/>\n\t<meta name=\"twitter:data1\" content=\"&#082;&#036;229,00\" \/>\n\t<meta name=\"twitter:label2\" content=\"Disponibilidade\" \/>\n\t<meta name=\"twitter:data2\" content=\"Em Estoque\" \/>\n<script type=\"application\/ld+json\" class=\"yoast-schema-graph\">{\"@context\":\"https:\\\/\\\/schema.org\",\"@graph\":[{\"@type\":\"WebPage\",\"@id\":\"https:\\\/\\\/lucaseletro.com.br\\\/?product=chapinha-alisadora-taiff-super-mini200g-2\",\"url\":\"https:\\\/\\\/lucaseletro.com.br\\\/?product=chapinha-alisadora-taiff-super-mini200g-2\",\"name\":\"CHAPINHA ALISADORA TAIFF SUPER MINI200G - Lucas Eletro\",\"isPartOf\":{\"@id\":\"https:\\\/\\\/lucaseletro.com.br\\\/#website\"},\"primaryImageOfPage\":{\"@id\":\"https:\\\/\\\/lucaseletro.com.br\\\/?product=chapinha-alisadora-taiff-super-mini200g-2#primaryimage\"},\"image\":{\"@id\":\"https:\\\/\\\/lucaseletro.com.br\\\/?product=chapinha-alisadora-taiff-super-mini200g-2#primaryimage\"},\"thumbnailUrl\":\"https:\\\/\\\/lucaseletro.com.br\\\/wp-content\\\/uploads\\\/2026\\\/04\\\/CHAPINHA-ALISADORA-TAIFF-SUPER-MINI200G.webp\",\"datePublished\":\"2026-04-17T17:20:15+00:00\",\"dateModified\":\"2026-04-17T17:20:20+00:00\",\"breadcrumb\":{\"@id\":\"https:\\\/\\\/lucaseletro.com.br\\\/?product=chapinha-alisadora-taiff-super-mini200g-2#breadcrumb\"},\"inLanguage\":\"pt-BR\",\"potentialAction\":[{\"@type\":\"ReadAction\",\"target\":[\"https:\\\/\\\/lucaseletro.com.br\\\/?product=chapinha-alisadora-taiff-super-mini200g-2\"]}]},{\"@type\":\"ImageObject\",\"inLanguage\":\"pt-BR\",\"@id\":\"https:\\\/\\\/lucaseletro.com.br\\\/?product=chapinha-alisadora-taiff-super-mini200g-2#primaryimage\",\"url\":\"https:\\\/\\\/lucaseletro.com.br\\\/wp-content\\\/uploads\\\/2026\\\/04\\\/CHAPINHA-ALISADORA-TAIFF-SUPER-MINI200G.webp\",\"contentUrl\":\"https:\\\/\\\/lucaseletro.com.br\\\/wp-content\\\/uploads\\\/2026\\\/04\\\/CHAPINHA-ALISADORA-TAIFF-SUPER-MINI200G.webp\",\"width\":1200,\"height\":899},{\"@type\":\"BreadcrumbList\",\"@id\":\"https:\\\/\\\/lucaseletro.com.br\\\/?product=chapinha-alisadora-taiff-super-mini200g-2#breadcrumb\",\"itemListElement\":[{\"@type\":\"ListItem\",\"position\":1,\"name\":\"In\u00edcio\",\"item\":\"https:\\\/\\\/lucaseletro.com.br\\\/\"},{\"@type\":\"ListItem\",\"position\":2,\"name\":\"Loja\",\"item\":\"https:\\\/\\\/lucaseletro.com.br\\\/?page_id=11\"},{\"@type\":\"ListItem\",\"position\":3,\"name\":\"CHAPINHA ALISADORA TAIFF SUPER MINI200G\"}]},{\"@type\":\"WebSite\",\"@id\":\"https:\\\/\\\/lucaseletro.com.br\\\/#website\",\"url\":\"https:\\\/\\\/lucaseletro.com.br\\\/\",\"name\":\"Lucas Eletro\",\"description\":\"Realizando seus sonhos\",\"publisher\":{\"@id\":\"https:\\\/\\\/lucaseletro.com.br\\\/#organization\"},\"alternateName\":\"Lucas Eletro\",\"potentialAction\":[{\"@type\":\"SearchAction\",\"target\":{\"@type\":\"EntryPoint\",\"urlTemplate\":\"https:\\\/\\\/lucaseletro.com.br\\\/?s={search_term_string}\"},\"query-input\":{\"@type\":\"PropertyValueSpecification\",\"valueRequired\":true,\"valueName\":\"search_term_string\"}}],\"inLanguage\":\"pt-BR\"},{\"@type\":\"Organization\",\"@id\":\"https:\\\/\\\/lucaseletro.com.br\\\/#organization\",\"name\":\"Lucas Eletro\",\"alternateName\":\"Lucas Eletro\",\"url\":\"https:\\\/\\\/lucaseletro.com.br\\\/\",\"logo\":{\"@type\":\"ImageObject\",\"inLanguage\":\"pt-BR\",\"@id\":\"https:\\\/\\\/lucaseletro.com.br\\\/#\\\/schema\\\/logo\\\/image\\\/\",\"url\":\"https:\\\/\\\/lucaseletro.com.br\\\/wp-content\\\/uploads\\\/2024\\\/08\\\/Logo-WebP.webp\",\"contentUrl\":\"https:\\\/\\\/lucaseletro.com.br\\\/wp-content\\\/uploads\\\/2024\\\/08\\\/Logo-WebP.webp\",\"width\":1366,\"height\":457,\"caption\":\"Lucas Eletro\"},\"image\":{\"@id\":\"https:\\\/\\\/lucaseletro.com.br\\\/#\\\/schema\\\/logo\\\/image\\\/\"},\"sameAs\":[\"https:\\\/\\\/www.facebook.com\\\/lucas.eletro.71\"]}]}<\/script>\n<meta property=\"product:price:amount\" content=\"229.00\" \/>\n<meta property=\"product:price:currency\" content=\"BRL\" \/>\n<meta property=\"og:availability\" content=\"instock\" \/>\n<meta property=\"product:availability\" content=\"instock\" \/>\n<meta property=\"product:condition\" content=\"new\" \/>\n<!-- \/ Yoast SEO Premium plugin. -->","yoast_head_json":{"title":"CHAPINHA ALISADORA TAIFF SUPER MINI200G - Lucas Eletro","robots":{"index":"index","follow":"follow","max-snippet":"max-snippet:-1","max-image-preview":"max-image-preview:large","max-video-preview":"max-video-preview:-1"},"canonical":"https:\/\/lucaseletro.com.br\/?product=chapinha-alisadora-taiff-super-mini200g-2","og_locale":"pt_BR","og_type":"article","og_title":"CHAPINHA ALISADORA TAIFF SUPER MINI200G - &#82;&#36;229,00 - Lucas Eletro","og_description":"A\u00a0Chapinha Alisadora Taiff Super Mini 200\u00b0C\u00a0\u00e9 uma prancha profissional compacta, projetada para oferecer praticidade e portabilidade sem abrir m\u00e3o da efici\u00eancia. Com apenas 17 cm de comprimento, \u00e9 ideal para levar na bolsa, fazer retoques r\u00e1pidos, alisar a raiz e modelar franjas","og_url":"https:\/\/lucaseletro.com.br\/?product=chapinha-alisadora-taiff-super-mini200g-2","og_site_name":"Lucas Eletro","article_publisher":"https:\/\/www.facebook.com\/lucas.eletro.71","article_modified_time":"2026-04-17T17:20:20+00:00","og_image":[{"width":1200,"height":899,"url":"https:\/\/lucaseletro.com.br\/wp-content\/uploads\/2026\/04\/CHAPINHA-ALISADORA-TAIFF-SUPER-MINI200G.webp","type":"image\/webp"}],"twitter_card":"summary_large_image","twitter_misc":{"Pre\u00e7o":"&#82;&#36;229,00","Disponibilidade":"Em Estoque"},"schema":{"@context":"https:\/\/schema.org","@graph":[{"@type":"WebPage","@id":"https:\/\/lucaseletro.com.br\/?product=chapinha-alisadora-taiff-super-mini200g-2","url":"https:\/\/lucaseletro.com.br\/?product=chapinha-alisadora-taiff-super-mini200g-2","name":"CHAPINHA ALISADORA TAIFF SUPER MINI200G - Lucas Eletro","isPartOf":{"@id":"https:\/\/lucaseletro.com.br\/#website"},"primaryImageOfPage":{"@id":"https:\/\/lucaseletro.com.br\/?product=chapinha-alisadora-taiff-super-mini200g-2#primaryimage"},"image":{"@id":"https:\/\/lucaseletro.com.br\/?product=chapinha-alisadora-taiff-super-mini200g-2#primaryimage"},"thumbnailUrl":"https:\/\/lucaseletro.com.br\/wp-content\/uploads\/2026\/04\/CHAPINHA-ALISADORA-TAIFF-SUPER-MINI200G.webp","datePublished":"2026-04-17T17:20:15+00:00","dateModified":"2026-04-17T17:20:20+00:00","breadcrumb":{"@id":"https:\/\/lucaseletro.com.br\/?product=chapinha-alisadora-taiff-super-mini200g-2#breadcrumb"},"inLanguage":"pt-BR","potentialAction":[{"@type":"ReadAction","target":["https:\/\/lucaseletro.com.br\/?product=chapinha-alisadora-taiff-super-mini200g-2"]}]},{"@type":"ImageObject","inLanguage":"pt-BR","@id":"https:\/\/lucaseletro.com.br\/?product=chapinha-alisadora-taiff-super-mini200g-2#primaryimage","url":"https:\/\/lucaseletro.com.br\/wp-content\/uploads\/2026\/04\/CHAPINHA-ALISADORA-TAIFF-SUPER-MINI200G.webp","contentUrl":"https:\/\/lucaseletro.com.br\/wp-content\/uploads\/2026\/04\/CHAPINHA-ALISADORA-TAIFF-SUPER-MINI200G.webp","width":1200,"height":899},{"@type":"BreadcrumbList","@id":"https:\/\/lucaseletro.com.br\/?product=chapinha-alisadora-taiff-super-mini200g-2#breadcrumb","itemListElement":[{"@type":"ListItem","position":1,"name":"In\u00edcio","item":"https:\/\/lucaseletro.com.br\/"},{"@type":"ListItem","position":2,"name":"Loja","item":"https:\/\/lucaseletro.com.br\/?page_id=11"},{"@type":"ListItem","position":3,"name":"CHAPINHA ALISADORA TAIFF SUPER MINI200G"}]},{"@type":"WebSite","@id":"https:\/\/lucaseletro.com.br\/#website","url":"https:\/\/lucaseletro.com.br\/","name":"Lucas Eletro","description":"Realizando seus sonhos","publisher":{"@id":"https:\/\/lucaseletro.com.br\/#organization"},"alternateName":"Lucas Eletro","potentialAction":[{"@type":"SearchAction","target":{"@type":"EntryPoint","urlTemplate":"https:\/\/lucaseletro.com.br\/?s={search_term_string}"},"query-input":{"@type":"PropertyValueSpecification","valueRequired":true,"valueName":"search_term_string"}}],"inLanguage":"pt-BR"},{"@type":"Organization","@id":"https:\/\/lucaseletro.com.br\/#organization","name":"Lucas Eletro","alternateName":"Lucas Eletro","url":"https:\/\/lucaseletro.com.br\/","logo":{"@type":"ImageObject","inLanguage":"pt-BR","@id":"https:\/\/lucaseletro.com.br\/#\/schema\/logo\/image\/","url":"https:\/\/lucaseletro.com.br\/wp-content\/uploads\/2024\/08\/Logo-WebP.webp","contentUrl":"https:\/\/lucaseletro.com.br\/wp-content\/uploads\/2024\/08\/Logo-WebP.webp","width":1366,"height":457,"caption":"Lucas Eletro"},"image":{"@id":"https:\/\/lucaseletro.com.br\/#\/schema\/logo\/image\/"},"sameAs":["https:\/\/www.facebook.com\/lucas.eletro.71"]}]},"product_price_amount":"229.00","product_price_currency":"BRL","og_availability":"instock","product_availability":"instock","product_condition":"new"},"_links":{"self":[{"href":"https:\/\/lucaseletro.com.br\/index.php?rest_route=\/wp\/v2\/product\/4909","targetHints":{"allow":["GET"]}}],"collection":[{"href":"https:\/\/lucaseletro.com.br\/index.php?rest_route=\/wp\/v2\/product"}],"about":[{"href":"https:\/\/lucaseletro.com.br\/index.php?rest_route=\/wp\/v2\/types\/product"}],"replies":[{"embeddable":true,"href":"https:\/\/lucaseletro.com.br\/index.php?rest_route=%2Fwp%2Fv2%2Fcomments&post=4909"}],"wp:featuredmedia":[{"embeddable":true,"href":"https:\/\/lucaseletro.com.br\/index.php?rest_route=\/wp\/v2\/media\/4910"}],"wp:attachment":[{"href":"https:\/\/lucaseletro.com.br\/index.php?rest_route=%2Fwp%2Fv2%2Fmedia&parent=4909"}],"wp:term":[{"taxonomy":"product_brand","embeddable":true,"href":"https:\/\/lucaseletro.com.br\/index.php?rest_route=%2Fwp%2Fv2%2Fproduct_brand&post=4909"},{"taxonomy":"product_cat","embeddable":true,"href":"https:\/\/lucaseletro.com.br\/index.php?rest_route=%2Fwp%2Fv2%2Fproduct_cat&post=4909"},{"taxonomy":"product_tag","embeddable":true,"href":"https:\/\/lucaseletro.com.br\/index.php?rest_route=%2Fwp%2Fv2%2Fproduct_tag&post=4909"}],"curies":[{"name":"wp","href":"https:\/\/api.w.org\/{rel}","templated":true}]}}