{"id":4937,"date":"2026-04-20T15:38:36","date_gmt":"2026-04-20T18:38:36","guid":{"rendered":"https:\/\/lucaseletro.com.br\/?post_type=product&#038;p=4937"},"modified":"2026-04-20T15:38:37","modified_gmt":"2026-04-20T18:38:37","slug":"chapinha-taiff-ceramica-biv-180-graus","status":"publish","type":"product","link":"https:\/\/lucaseletro.com.br\/?product=chapinha-taiff-ceramica-biv-180-graus","title":{"rendered":"CHAPINHA TAIFF CERAMICA BIV 180 GRAUS"},"content":{"rendered":"<div class=\"Y3BBE\" data-sfc-cp=\"\" data-sfc-root=\"c\" data-sfc-cb=\"\" data-hveid=\"CAIQAA\" data-processed=\"true\"><strong class=\"Yjhzub\" data-sfc-root=\"c\" data-sfc-cb=\"\" data-processed=\"true\">Principais caracter\u00edsticas:<\/strong><\/div>\n<ul class=\"KsbFXc U6u95\" data-sfc-root=\"c\" data-sfc-cb=\"\" data-processed=\"true\">\n<li class=\"dF3vjf\" data-sfc-root=\"c\" data-sfc-cb=\"\" data-hveid=\"CAMQAA\" data-processed=\"true\"><span class=\"T286Pc\" data-sfc-cp=\"\" data-sfc-root=\"c\" data-sfc-cb=\"\" data-processed=\"true\"><strong class=\"Yjhzub\" data-sfc-root=\"c\" data-sfc-cb=\"\" data-processed=\"true\">Temperatura:<\/strong>\u00a0Fixa em\u00a0<\/span>\n<div data-xpm-copy-root=\"\" data-processed=\"true\"><img decoding=\"async\" role=\"presentation\" draggable=\"false\" src=\"data:image\/gif;base64,R0lGODlhAQABAIAAAP\/\/\/wAAACH5BAEAAAAALAAAAAABAAEAAAICRAEAOw==\" aria-hidden=\"true\" data-xpm-latex=\"180^{\\circ }\\text{C}\" data-imglogged=\"true\" data-processed=\"true\" \/><\/p>\n<div data-processed=\"true\"><\/div>\n<\/div>\n<p><span class=\"T286Pc\" data-sfc-cp=\"\" data-sfc-root=\"c\" data-sfc-cb=\"\" data-processed=\"true\">, ideal para alisar e modelar sem danificar excessivamente os fios.<\/span><\/li>\n<li class=\"dF3vjf\" data-sfc-root=\"c\" data-sfc-cb=\"\" data-hveid=\"CAMQAg\" data-processed=\"true\"><span class=\"T286Pc\" data-sfc-cp=\"\" data-sfc-root=\"c\" data-sfc-cb=\"\" data-processed=\"true\"><strong class=\"Yjhzub\" data-sfc-root=\"c\" data-sfc-cb=\"\" data-processed=\"true\">Tecnologia:<\/strong>\u00a0Cer\u00e2mica PTC (Positive Temperature Coefficient), que garante aquecimento r\u00e1pido e estabilidade, prevenindo varia\u00e7\u00f5es de temperatura.<\/span><\/li>\n<li class=\"dF3vjf\" data-sfc-root=\"c\" data-sfc-cb=\"\" data-hveid=\"CAMQAw\" data-processed=\"true\"><span class=\"T286Pc\" data-sfc-cp=\"\" data-sfc-root=\"c\" data-sfc-cb=\"\" data-processed=\"true\"><strong class=\"Yjhzub\" data-sfc-root=\"c\" data-sfc-cb=\"\" data-processed=\"true\">Bivolt Autom\u00e1tico:<\/strong> Funciona em tomadas<\/span><span class=\"T286Pc\" data-sfc-cp=\"\" data-sfc-root=\"c\" data-sfc-cb=\"\" data-processed=\"true\">, oferecendo versatilidade.<\/span><\/li>\n<li class=\"dF3vjf\" data-sfc-root=\"c\" data-sfc-cb=\"\" data-hveid=\"CAMQBg\" data-processed=\"true\"><span class=\"T286Pc\" data-sfc-cp=\"\" data-sfc-root=\"c\" data-sfc-cb=\"\" data-processed=\"true\"><strong class=\"Yjhzub\" data-sfc-root=\"c\" data-sfc-cb=\"\" data-processed=\"true\">Design:<\/strong>\u00a0Leve, compacta e ergon\u00f4mica, facilitando o manuseio.<\/span><\/li>\n<li class=\"dF3vjf\" data-sfc-root=\"c\" data-sfc-cb=\"\" data-hveid=\"CAMQBw\" data-processed=\"true\"><span class=\"T286Pc\" data-sfc-cp=\"\" data-sfc-root=\"c\" data-sfc-cb=\"\" data-processed=\"true\"><strong class=\"Yjhzub\" data-sfc-root=\"c\" data-sfc-cb=\"\" data-processed=\"true\">Cabo:<\/strong>\u00a0Comprimento de\u00a0<\/span>\n<div data-processed=\"true\"><img decoding=\"async\" role=\"presentation\" draggable=\"false\" src=\"data:image\/gif;base64,R0lGODlhAQABAIAAAP\/\/\/wAAACH5BAEAAAAALAAAAAABAAEAAAICRAEAOw==\" aria-hidden=\"true\" data-xpm-latex=\"1\" data-imglogged=\"true\" data-processed=\"true\" \/><\/div>\n<div data-processed=\"true\"><img decoding=\"async\" role=\"presentation\" draggable=\"false\" src=\"data:image\/gif;base64,R0lGODlhAQABAIAAAP\/\/\/wAAACH5BAEAAAAALAAAAAABAAEAAAICRAEAOw==\" aria-hidden=\"true\" data-xpm-latex=\",\\hphantom{}\" data-imglogged=\"true\" data-processed=\"true\" \/><\/div>\n<div data-processed=\"true\"><img decoding=\"async\" role=\"presentation\" draggable=\"false\" src=\"data:image\/gif;base64,R0lGODlhAQABAIAAAP\/\/\/wAAACH5BAEAAAAALAAAAAABAAEAAAICRAEAOw==\" aria-hidden=\"true\" data-xpm-latex=\"8\" data-imglogged=\"true\" data-processed=\"true\" \/><\/div>\n<p><span class=\"T286Pc\" data-sfc-cp=\"\" data-sfc-root=\"c\" data-sfc-cb=\"\" data-processed=\"true\">\u00a0metro para maior liberdade.<\/span><\/li>\n<li class=\"dF3vjf\" data-sfc-root=\"c\" data-sfc-cb=\"\" data-hveid=\"CAMQCQ\" data-processed=\"true\"><span class=\"T286Pc\" data-sfc-cp=\"\" data-sfc-root=\"c\" data-sfc-cb=\"\" data-processed=\"true\"><strong class=\"Yjhzub\" data-sfc-root=\"c\" data-sfc-cb=\"\" data-processed=\"true\">Resultado:<\/strong>\u00a0Cabelos mais brilhantes e lisos com redu\u00e7\u00e3o de frizz.<\/span><span class=\"uJ19be notranslate\" data-sfc-root=\"c\" data-wiz-uids=\"DVrjJc_1l,DVrjJc_1m\" data-sfc-cb=\"\" data-processed=\"true\"><span class=\"vKEkVd\" data-animation-atomic=\"\" data-wiz-attrbind=\"class=DVrjJc_1k\/TKHnVd\" data-processed=\"true\"><span aria-hidden=\"true\" data-processed=\"true\">\u00a0<\/span><\/span><\/span><\/li>\n<\/ul>\n<div class=\"Y3BBE\" data-sfc-cp=\"\" data-sfc-root=\"c\" data-sfc-cb=\"\" data-hveid=\"CAQQAA\" data-processed=\"true\">Essa prancha \u00e9 muito bem avaliada pela sua rela\u00e7\u00e3o custo-benef\u00edcio e efici\u00eancia no alisamento, sendo considerada uma das melhores op\u00e7\u00f5es da marca<\/div>\n","protected":false},"excerpt":{"rendered":"<p><span data-subtree=\"aimfl,mfl\" data-processed=\"true\">A\u00a0<\/span><span data-sfc-root=\"c\" data-wiz-uids=\"DVrjJc_g\" data-sfc-cb=\"\" data-processed=\"true\">Chapinha Taiff Cer\u00e2mica 180\u00b0C Bivolt :Ela possui temperatura fixa de<\/span>\u00a0e aquecimento cer\u00e2mico PTC, que protege os fios e mant\u00e9m a temperatura est\u00e1vel, al\u00e9m de ser bivolt autom\u00e1tico. \u00c9 port\u00e1til, excelente para levar na bolsa<\/p>\n","protected":false},"featured_media":4939,"comment_status":"open","ping_status":"closed","template":"","meta":[],"product_brand":[125],"product_cat":[124],"product_tag":[],"class_list":{"0":"post-4937","1":"product","2":"type-product","3":"status-publish","4":"has-post-thumbnail","6":"product_brand-taiff","7":"product_cat-chapinha","9":"first","10":"instock","11":"shipping-taxable","12":"purchasable","13":"product-type-simple"},"yoast_head":"<!-- This site is optimized with the Yoast SEO Premium plugin v23.3 (Yoast SEO v27.5) - https:\/\/yoast.com\/product\/yoast-seo-premium-wordpress\/ -->\n<title>CHAPINHA TAIFF CERAMICA BIV 180 GRAUS - Lucas Eletro<\/title>\n<meta name=\"robots\" content=\"index, follow, max-snippet:-1, max-image-preview:large, max-video-preview:-1\" \/>\n<link rel=\"canonical\" href=\"https:\/\/lucaseletro.com.br\/?product=chapinha-taiff-ceramica-biv-180-graus\" \/>\n<meta property=\"og:locale\" content=\"pt_BR\" \/>\n<meta property=\"og:type\" content=\"article\" \/>\n<meta property=\"og:title\" content=\"CHAPINHA TAIFF CERAMICA BIV 180 GRAUS - &#082;&#036;199,00 - Lucas Eletro\" \/>\n<meta property=\"og:description\" content=\"A\u00a0Chapinha Taiff Cer\u00e2mica 180\u00b0C Bivolt :Ela possui temperatura fixa de\u00a0e aquecimento cer\u00e2mico PTC, que protege os fios e mant\u00e9m a temperatura est\u00e1vel, al\u00e9m de ser bivolt autom\u00e1tico. \u00c9 port\u00e1til, excelente para levar na bolsa\" \/>\n<meta property=\"og:url\" content=\"https:\/\/lucaseletro.com.br\/?product=chapinha-taiff-ceramica-biv-180-graus\" \/>\n<meta property=\"og:site_name\" content=\"Lucas Eletro\" \/>\n<meta property=\"article:publisher\" content=\"https:\/\/www.facebook.com\/lucas.eletro.71\" \/>\n<meta property=\"article:modified_time\" content=\"2026-04-20T18:38:37+00:00\" \/>\n<meta property=\"og:image\" content=\"https:\/\/lucaseletro.com.br\/wp-content\/uploads\/2026\/04\/CHAPINHA-TAIFF-CERAMICA-BIV180-GRAUS-3.png\" \/>\n\t<meta property=\"og:image:width\" content=\"1080\" \/>\n\t<meta property=\"og:image:height\" content=\"1080\" \/>\n\t<meta property=\"og:image:type\" content=\"image\/png\" \/>\n<meta name=\"twitter:card\" content=\"summary_large_image\" \/>\n<meta name=\"twitter:label1\" content=\"Pre\u00e7o\" \/>\n\t<meta name=\"twitter:data1\" content=\"&#082;&#036;199,00\" \/>\n\t<meta name=\"twitter:label2\" content=\"Disponibilidade\" \/>\n\t<meta name=\"twitter:data2\" content=\"Em Estoque\" \/>\n<script type=\"application\/ld+json\" class=\"yoast-schema-graph\">{\"@context\":\"https:\\\/\\\/schema.org\",\"@graph\":[{\"@type\":\"WebPage\",\"@id\":\"https:\\\/\\\/lucaseletro.com.br\\\/?product=chapinha-taiff-ceramica-biv-180-graus\",\"url\":\"https:\\\/\\\/lucaseletro.com.br\\\/?product=chapinha-taiff-ceramica-biv-180-graus\",\"name\":\"CHAPINHA TAIFF CERAMICA BIV 180 GRAUS - Lucas Eletro\",\"isPartOf\":{\"@id\":\"https:\\\/\\\/lucaseletro.com.br\\\/#website\"},\"primaryImageOfPage\":{\"@id\":\"https:\\\/\\\/lucaseletro.com.br\\\/?product=chapinha-taiff-ceramica-biv-180-graus#primaryimage\"},\"image\":{\"@id\":\"https:\\\/\\\/lucaseletro.com.br\\\/?product=chapinha-taiff-ceramica-biv-180-graus#primaryimage\"},\"thumbnailUrl\":\"https:\\\/\\\/lucaseletro.com.br\\\/wp-content\\\/uploads\\\/2026\\\/04\\\/CHAPINHA-TAIFF-CERAMICA-BIV180-GRAUS-3.png\",\"datePublished\":\"2026-04-20T18:38:36+00:00\",\"dateModified\":\"2026-04-20T18:38:37+00:00\",\"breadcrumb\":{\"@id\":\"https:\\\/\\\/lucaseletro.com.br\\\/?product=chapinha-taiff-ceramica-biv-180-graus#breadcrumb\"},\"inLanguage\":\"pt-BR\",\"potentialAction\":[{\"@type\":\"ReadAction\",\"target\":[\"https:\\\/\\\/lucaseletro.com.br\\\/?product=chapinha-taiff-ceramica-biv-180-graus\"]}]},{\"@type\":\"ImageObject\",\"inLanguage\":\"pt-BR\",\"@id\":\"https:\\\/\\\/lucaseletro.com.br\\\/?product=chapinha-taiff-ceramica-biv-180-graus#primaryimage\",\"url\":\"https:\\\/\\\/lucaseletro.com.br\\\/wp-content\\\/uploads\\\/2026\\\/04\\\/CHAPINHA-TAIFF-CERAMICA-BIV180-GRAUS-3.png\",\"contentUrl\":\"https:\\\/\\\/lucaseletro.com.br\\\/wp-content\\\/uploads\\\/2026\\\/04\\\/CHAPINHA-TAIFF-CERAMICA-BIV180-GRAUS-3.png\",\"width\":1080,\"height\":1080},{\"@type\":\"BreadcrumbList\",\"@id\":\"https:\\\/\\\/lucaseletro.com.br\\\/?product=chapinha-taiff-ceramica-biv-180-graus#breadcrumb\",\"itemListElement\":[{\"@type\":\"ListItem\",\"position\":1,\"name\":\"In\u00edcio\",\"item\":\"https:\\\/\\\/lucaseletro.com.br\\\/\"},{\"@type\":\"ListItem\",\"position\":2,\"name\":\"Loja\",\"item\":\"https:\\\/\\\/lucaseletro.com.br\\\/?page_id=11\"},{\"@type\":\"ListItem\",\"position\":3,\"name\":\"CHAPINHA TAIFF CERAMICA BIV 180 GRAUS\"}]},{\"@type\":\"WebSite\",\"@id\":\"https:\\\/\\\/lucaseletro.com.br\\\/#website\",\"url\":\"https:\\\/\\\/lucaseletro.com.br\\\/\",\"name\":\"Lucas Eletro\",\"description\":\"Realizando seus sonhos\",\"publisher\":{\"@id\":\"https:\\\/\\\/lucaseletro.com.br\\\/#organization\"},\"alternateName\":\"Lucas Eletro\",\"potentialAction\":[{\"@type\":\"SearchAction\",\"target\":{\"@type\":\"EntryPoint\",\"urlTemplate\":\"https:\\\/\\\/lucaseletro.com.br\\\/?s={search_term_string}\"},\"query-input\":{\"@type\":\"PropertyValueSpecification\",\"valueRequired\":true,\"valueName\":\"search_term_string\"}}],\"inLanguage\":\"pt-BR\"},{\"@type\":\"Organization\",\"@id\":\"https:\\\/\\\/lucaseletro.com.br\\\/#organization\",\"name\":\"Lucas Eletro\",\"alternateName\":\"Lucas Eletro\",\"url\":\"https:\\\/\\\/lucaseletro.com.br\\\/\",\"logo\":{\"@type\":\"ImageObject\",\"inLanguage\":\"pt-BR\",\"@id\":\"https:\\\/\\\/lucaseletro.com.br\\\/#\\\/schema\\\/logo\\\/image\\\/\",\"url\":\"https:\\\/\\\/lucaseletro.com.br\\\/wp-content\\\/uploads\\\/2024\\\/08\\\/Logo-WebP.webp\",\"contentUrl\":\"https:\\\/\\\/lucaseletro.com.br\\\/wp-content\\\/uploads\\\/2024\\\/08\\\/Logo-WebP.webp\",\"width\":1366,\"height\":457,\"caption\":\"Lucas Eletro\"},\"image\":{\"@id\":\"https:\\\/\\\/lucaseletro.com.br\\\/#\\\/schema\\\/logo\\\/image\\\/\"},\"sameAs\":[\"https:\\\/\\\/www.facebook.com\\\/lucas.eletro.71\"]}]}<\/script>\n<meta property=\"product:price:amount\" content=\"199.00\" \/>\n<meta property=\"product:price:currency\" content=\"BRL\" \/>\n<meta property=\"og:availability\" content=\"instock\" \/>\n<meta property=\"product:availability\" content=\"instock\" \/>\n<meta property=\"product:condition\" content=\"new\" \/>\n<!-- \/ Yoast SEO Premium plugin. -->","yoast_head_json":{"title":"CHAPINHA TAIFF CERAMICA BIV 180 GRAUS - Lucas Eletro","robots":{"index":"index","follow":"follow","max-snippet":"max-snippet:-1","max-image-preview":"max-image-preview:large","max-video-preview":"max-video-preview:-1"},"canonical":"https:\/\/lucaseletro.com.br\/?product=chapinha-taiff-ceramica-biv-180-graus","og_locale":"pt_BR","og_type":"article","og_title":"CHAPINHA TAIFF CERAMICA BIV 180 GRAUS - &#82;&#36;199,00 - Lucas Eletro","og_description":"A\u00a0Chapinha Taiff Cer\u00e2mica 180\u00b0C Bivolt :Ela possui temperatura fixa de\u00a0e aquecimento cer\u00e2mico PTC, que protege os fios e mant\u00e9m a temperatura est\u00e1vel, al\u00e9m de ser bivolt autom\u00e1tico. \u00c9 port\u00e1til, excelente para levar na bolsa","og_url":"https:\/\/lucaseletro.com.br\/?product=chapinha-taiff-ceramica-biv-180-graus","og_site_name":"Lucas Eletro","article_publisher":"https:\/\/www.facebook.com\/lucas.eletro.71","article_modified_time":"2026-04-20T18:38:37+00:00","og_image":[{"width":1080,"height":1080,"url":"https:\/\/lucaseletro.com.br\/wp-content\/uploads\/2026\/04\/CHAPINHA-TAIFF-CERAMICA-BIV180-GRAUS-3.png","type":"image\/png"}],"twitter_card":"summary_large_image","twitter_misc":{"Pre\u00e7o":"&#82;&#36;199,00","Disponibilidade":"Em Estoque"},"schema":{"@context":"https:\/\/schema.org","@graph":[{"@type":"WebPage","@id":"https:\/\/lucaseletro.com.br\/?product=chapinha-taiff-ceramica-biv-180-graus","url":"https:\/\/lucaseletro.com.br\/?product=chapinha-taiff-ceramica-biv-180-graus","name":"CHAPINHA TAIFF CERAMICA BIV 180 GRAUS - Lucas Eletro","isPartOf":{"@id":"https:\/\/lucaseletro.com.br\/#website"},"primaryImageOfPage":{"@id":"https:\/\/lucaseletro.com.br\/?product=chapinha-taiff-ceramica-biv-180-graus#primaryimage"},"image":{"@id":"https:\/\/lucaseletro.com.br\/?product=chapinha-taiff-ceramica-biv-180-graus#primaryimage"},"thumbnailUrl":"https:\/\/lucaseletro.com.br\/wp-content\/uploads\/2026\/04\/CHAPINHA-TAIFF-CERAMICA-BIV180-GRAUS-3.png","datePublished":"2026-04-20T18:38:36+00:00","dateModified":"2026-04-20T18:38:37+00:00","breadcrumb":{"@id":"https:\/\/lucaseletro.com.br\/?product=chapinha-taiff-ceramica-biv-180-graus#breadcrumb"},"inLanguage":"pt-BR","potentialAction":[{"@type":"ReadAction","target":["https:\/\/lucaseletro.com.br\/?product=chapinha-taiff-ceramica-biv-180-graus"]}]},{"@type":"ImageObject","inLanguage":"pt-BR","@id":"https:\/\/lucaseletro.com.br\/?product=chapinha-taiff-ceramica-biv-180-graus#primaryimage","url":"https:\/\/lucaseletro.com.br\/wp-content\/uploads\/2026\/04\/CHAPINHA-TAIFF-CERAMICA-BIV180-GRAUS-3.png","contentUrl":"https:\/\/lucaseletro.com.br\/wp-content\/uploads\/2026\/04\/CHAPINHA-TAIFF-CERAMICA-BIV180-GRAUS-3.png","width":1080,"height":1080},{"@type":"BreadcrumbList","@id":"https:\/\/lucaseletro.com.br\/?product=chapinha-taiff-ceramica-biv-180-graus#breadcrumb","itemListElement":[{"@type":"ListItem","position":1,"name":"In\u00edcio","item":"https:\/\/lucaseletro.com.br\/"},{"@type":"ListItem","position":2,"name":"Loja","item":"https:\/\/lucaseletro.com.br\/?page_id=11"},{"@type":"ListItem","position":3,"name":"CHAPINHA TAIFF CERAMICA BIV 180 GRAUS"}]},{"@type":"WebSite","@id":"https:\/\/lucaseletro.com.br\/#website","url":"https:\/\/lucaseletro.com.br\/","name":"Lucas Eletro","description":"Realizando seus sonhos","publisher":{"@id":"https:\/\/lucaseletro.com.br\/#organization"},"alternateName":"Lucas Eletro","potentialAction":[{"@type":"SearchAction","target":{"@type":"EntryPoint","urlTemplate":"https:\/\/lucaseletro.com.br\/?s={search_term_string}"},"query-input":{"@type":"PropertyValueSpecification","valueRequired":true,"valueName":"search_term_string"}}],"inLanguage":"pt-BR"},{"@type":"Organization","@id":"https:\/\/lucaseletro.com.br\/#organization","name":"Lucas Eletro","alternateName":"Lucas Eletro","url":"https:\/\/lucaseletro.com.br\/","logo":{"@type":"ImageObject","inLanguage":"pt-BR","@id":"https:\/\/lucaseletro.com.br\/#\/schema\/logo\/image\/","url":"https:\/\/lucaseletro.com.br\/wp-content\/uploads\/2024\/08\/Logo-WebP.webp","contentUrl":"https:\/\/lucaseletro.com.br\/wp-content\/uploads\/2024\/08\/Logo-WebP.webp","width":1366,"height":457,"caption":"Lucas Eletro"},"image":{"@id":"https:\/\/lucaseletro.com.br\/#\/schema\/logo\/image\/"},"sameAs":["https:\/\/www.facebook.com\/lucas.eletro.71"]}]},"product_price_amount":"199.00","product_price_currency":"BRL","og_availability":"instock","product_availability":"instock","product_condition":"new"},"_links":{"self":[{"href":"https:\/\/lucaseletro.com.br\/index.php?rest_route=\/wp\/v2\/product\/4937","targetHints":{"allow":["GET"]}}],"collection":[{"href":"https:\/\/lucaseletro.com.br\/index.php?rest_route=\/wp\/v2\/product"}],"about":[{"href":"https:\/\/lucaseletro.com.br\/index.php?rest_route=\/wp\/v2\/types\/product"}],"replies":[{"embeddable":true,"href":"https:\/\/lucaseletro.com.br\/index.php?rest_route=%2Fwp%2Fv2%2Fcomments&post=4937"}],"wp:featuredmedia":[{"embeddable":true,"href":"https:\/\/lucaseletro.com.br\/index.php?rest_route=\/wp\/v2\/media\/4939"}],"wp:attachment":[{"href":"https:\/\/lucaseletro.com.br\/index.php?rest_route=%2Fwp%2Fv2%2Fmedia&parent=4937"}],"wp:term":[{"taxonomy":"product_brand","embeddable":true,"href":"https:\/\/lucaseletro.com.br\/index.php?rest_route=%2Fwp%2Fv2%2Fproduct_brand&post=4937"},{"taxonomy":"product_cat","embeddable":true,"href":"https:\/\/lucaseletro.com.br\/index.php?rest_route=%2Fwp%2Fv2%2Fproduct_cat&post=4937"},{"taxonomy":"product_tag","embeddable":true,"href":"https:\/\/lucaseletro.com.br\/index.php?rest_route=%2Fwp%2Fv2%2Fproduct_tag&post=4937"}],"curies":[{"name":"wp","href":"https:\/\/api.w.org\/{rel}","templated":true}]}}