{"id":4947,"date":"2026-04-20T15:54:29","date_gmt":"2026-04-20T18:54:29","guid":{"rendered":"https:\/\/lucaseletro.com.br\/?post_type=product&#038;p=4947"},"modified":"2026-04-20T15:54:30","modified_gmt":"2026-04-20T18:54:30","slug":"churrasqueira-eletrica-mondial-ch05-2","status":"publish","type":"product","link":"https:\/\/lucaseletro.com.br\/?product=churrasqueira-eletrica-mondial-ch05-2","title":{"rendered":"CHURRASQUEIRA ELETRICA MONDIAL CH05"},"content":{"rendered":"<ul class=\"KsbFXc U6u95\" data-sfc-root=\"c\" data-sfc-cb=\"\" data-processed=\"true\">\n<li class=\"dF3vjf\" data-sfc-root=\"c\" data-sfc-cb=\"\" data-hveid=\"CAMQAA\" data-processed=\"true\"><span class=\"T286Pc\" data-sfc-cp=\"\" data-sfc-root=\"c\" data-sfc-cb=\"\" data-processed=\"true\"><strong class=\"Yjhzub\" data-sfc-root=\"c\" data-sfc-cb=\"\" data-processed=\"true\">Sem Fuma\u00e7a:<\/strong>\u00a0A bandeja coletora de gordura deve ser preenchida com \u00e1gua, o que evita que a gordura queime e gere fuma\u00e7a.<\/span><\/li>\n<li class=\"dF3vjf\" data-sfc-root=\"c\" data-sfc-cb=\"\" data-hveid=\"CAMQAQ\" data-processed=\"true\"><span class=\"T286Pc\" data-sfc-cp=\"\" data-sfc-root=\"c\" data-sfc-cb=\"\" data-processed=\"true\"><strong class=\"Yjhzub\" data-sfc-root=\"c\" data-sfc-cb=\"\" data-processed=\"true\">Pot\u00eancia e Rapidez:<\/strong>\u00a0Possui alta pot\u00eancia (2000W em 220V ou 1800W em 127V), garantindo grelhados r\u00e1pidos.<\/span><\/li>\n<li class=\"dF3vjf\" data-sfc-root=\"c\" data-sfc-cb=\"\" data-hveid=\"CAMQAg\" data-processed=\"true\"><span class=\"T286Pc\" data-sfc-cp=\"\" data-sfc-root=\"c\" data-sfc-cb=\"\" data-processed=\"true\"><strong class=\"Yjhzub\" data-sfc-root=\"c\" data-sfc-cb=\"\" data-processed=\"true\">Controle de Temperatura:<\/strong>\u00a0Termostato regul\u00e1vel para ajustar o calor ideal para cada tipo de alimento.<\/span><\/li>\n<li class=\"dF3vjf\" data-sfc-root=\"c\" data-sfc-cb=\"\" data-hveid=\"CAMQAw\" data-processed=\"true\"><span class=\"T286Pc\" data-sfc-cp=\"\" data-sfc-root=\"c\" data-sfc-cb=\"\" data-processed=\"true\"><strong class=\"Yjhzub\" data-sfc-root=\"c\" data-sfc-cb=\"\" data-processed=\"true\">Ajuste de Altura:<\/strong>\u00a0Grelha com ajuste de altura para controlar o ponto da carne.<\/span><\/li>\n<li class=\"dF3vjf\" data-sfc-root=\"c\" data-sfc-cb=\"\" data-hveid=\"CAMQBA\" data-processed=\"true\"><span class=\"T286Pc\" data-sfc-cp=\"\" data-sfc-root=\"c\" data-sfc-cb=\"\" data-processed=\"true\"><strong class=\"Yjhzub\" data-sfc-root=\"c\" data-sfc-cb=\"\" data-processed=\"true\">Limpeza e Seguran\u00e7a:<\/strong>\u00a0Grelha e resist\u00eancia remov\u00edveis facilitam a limpeza, e al\u00e7as antit\u00e9rmicas proporcionam seguran\u00e7a.<\/span><\/li>\n<li class=\"dF3vjf\" data-sfc-root=\"c\" data-sfc-cb=\"\" data-hveid=\"CAMQBQ\" data-processed=\"true\"><span class=\"T286Pc\" data-sfc-cp=\"\" data-sfc-root=\"c\" data-sfc-cb=\"\" data-processed=\"true\"><strong class=\"Yjhzub\" data-sfc-root=\"c\" data-sfc-cb=\"\" data-processed=\"true\">Portabilidade:<\/strong>\u00a0Compacta e leve, f\u00e1cil de guardar e transportar.<\/span><span class=\"uJ19be notranslate\" data-sfc-root=\"c\" data-wiz-uids=\"rI6Ug_1g,rI6Ug_1h\" data-sfc-cb=\"\" data-processed=\"true\"><span class=\"vKEkVd\" data-animation-atomic=\"\" data-wiz-attrbind=\"class=rI6Ug_1f\/TKHnVd\" data-processed=\"true\"><span aria-hidden=\"true\" data-processed=\"true\">\u00a0<\/span><\/span><\/span>\n<div class=\"Fwa2Od\" data-animation-skip=\"\" data-sfc-root=\"c\" data-sfc-cb=\"\" data-ved=\"2ahUKEwjak5SCjP2TAxWus5UCHUPeACQQ3s0SegQIAxAH\" data-processed=\"true\"><\/div>\n<\/li>\n<\/ul>\n<div class=\"Y3BBE\" data-sfc-cp=\"\" data-sfc-root=\"c\" data-sfc-cb=\"\" data-hveid=\"CAQQAA\" data-processed=\"true\">A CH-05 tem dimens\u00f5es de grelha de aproximadamente 40 cm x 24 cm e 1 ano de garantia. \u00c9 uma op\u00e7\u00e3o pr\u00e1tica para churrascos em locais pequenos<\/div>\n","protected":false},"excerpt":{"rendered":"<p>A\u00a0<b>Churrasqueira El\u00e9trica Grand Steak &amp; Grill Mondial CH-05<\/b> \u00e9 perfeita para quem adora churrasco, mas tem pouco espa\u00e7o, pois \u00e9 compacta e n\u00e3o faz fuma\u00e7a! Por ser port\u00e1til e de mesa, \u00e9 \u00f3tima para apartamentos, sacadas e ambientes fechados. Vers\u00e1til, grelha carnes, frangos, espetos e muito mais, com preparo r\u00e1pido e preciso, gra\u00e7as \u00e0 sua alta pot\u00eancia e ao controle de temperatura<b>\u00a0<\/b><\/p>\n","protected":false},"featured_media":4951,"comment_status":"open","ping_status":"closed","template":"","meta":[],"product_brand":[],"product_cat":[15],"product_tag":[],"class_list":{"0":"post-4947","1":"product","2":"type-product","3":"status-publish","4":"has-post-thumbnail","6":"product_cat-semcategoria","8":"first","9":"instock","10":"shipping-taxable","11":"purchasable","12":"product-type-simple"},"yoast_head":"<!-- This site is optimized with the Yoast SEO Premium plugin v23.3 (Yoast SEO v27.4) - https:\/\/yoast.com\/product\/yoast-seo-premium-wordpress\/ -->\n<title>CHURRASQUEIRA ELETRICA MONDIAL CH05 - Lucas Eletro<\/title>\n<meta name=\"robots\" content=\"index, follow, max-snippet:-1, max-image-preview:large, max-video-preview:-1\" \/>\n<link rel=\"canonical\" href=\"https:\/\/lucaseletro.com.br\/?product=churrasqueira-eletrica-mondial-ch05-2\" \/>\n<meta property=\"og:locale\" content=\"pt_BR\" \/>\n<meta property=\"og:type\" content=\"article\" \/>\n<meta property=\"og:title\" content=\"CHURRASQUEIRA ELETRICA MONDIAL CH05 - &#082;&#036;199,00 - Lucas Eletro\" \/>\n<meta property=\"og:description\" content=\"A\u00a0Churrasqueira El\u00e9trica Grand Steak &amp; Grill Mondial CH-05 \u00e9 perfeita para quem adora churrasco, mas tem pouco espa\u00e7o, pois \u00e9 compacta e n\u00e3o faz fuma\u00e7a! Por ser port\u00e1til e de mesa, \u00e9 \u00f3tima para apartamentos, sacadas e ambientes fechados. Vers\u00e1til, grelha carnes, frangos, espetos e muito mais, com preparo r\u00e1pido e preciso, gra\u00e7as \u00e0 sua alta pot\u00eancia e ao controle de temperatura\u00a0\" \/>\n<meta property=\"og:url\" content=\"https:\/\/lucaseletro.com.br\/?product=churrasqueira-eletrica-mondial-ch05-2\" \/>\n<meta property=\"og:site_name\" content=\"Lucas Eletro\" \/>\n<meta property=\"article:publisher\" content=\"https:\/\/www.facebook.com\/lucas.eletro.71\" \/>\n<meta property=\"article:modified_time\" content=\"2026-04-20T18:54:30+00:00\" \/>\n<meta property=\"og:image\" content=\"https:\/\/lucaseletro.com.br\/wp-content\/uploads\/2026\/04\/CHURRASQUEIRA-ELETRICA-MONDIAL-CH05.webp\" \/>\n\t<meta property=\"og:image:width\" content=\"1059\" \/>\n\t<meta property=\"og:image:height\" content=\"535\" \/>\n\t<meta property=\"og:image:type\" content=\"image\/webp\" \/>\n<meta name=\"twitter:card\" content=\"summary_large_image\" \/>\n<meta name=\"twitter:label1\" content=\"Pre\u00e7o\" \/>\n\t<meta name=\"twitter:data1\" content=\"&#082;&#036;199,00\" \/>\n\t<meta name=\"twitter:label2\" content=\"Disponibilidade\" \/>\n\t<meta name=\"twitter:data2\" content=\"Em Estoque\" \/>\n<script type=\"application\/ld+json\" class=\"yoast-schema-graph\">{\"@context\":\"https:\\\/\\\/schema.org\",\"@graph\":[{\"@type\":\"WebPage\",\"@id\":\"https:\\\/\\\/lucaseletro.com.br\\\/?product=churrasqueira-eletrica-mondial-ch05-2\",\"url\":\"https:\\\/\\\/lucaseletro.com.br\\\/?product=churrasqueira-eletrica-mondial-ch05-2\",\"name\":\"CHURRASQUEIRA ELETRICA MONDIAL CH05 - Lucas Eletro\",\"isPartOf\":{\"@id\":\"https:\\\/\\\/lucaseletro.com.br\\\/#website\"},\"primaryImageOfPage\":{\"@id\":\"https:\\\/\\\/lucaseletro.com.br\\\/?product=churrasqueira-eletrica-mondial-ch05-2#primaryimage\"},\"image\":{\"@id\":\"https:\\\/\\\/lucaseletro.com.br\\\/?product=churrasqueira-eletrica-mondial-ch05-2#primaryimage\"},\"thumbnailUrl\":\"https:\\\/\\\/lucaseletro.com.br\\\/wp-content\\\/uploads\\\/2026\\\/04\\\/CHURRASQUEIRA-ELETRICA-MONDIAL-CH05.webp\",\"datePublished\":\"2026-04-20T18:54:29+00:00\",\"dateModified\":\"2026-04-20T18:54:30+00:00\",\"breadcrumb\":{\"@id\":\"https:\\\/\\\/lucaseletro.com.br\\\/?product=churrasqueira-eletrica-mondial-ch05-2#breadcrumb\"},\"inLanguage\":\"pt-BR\",\"potentialAction\":[{\"@type\":\"ReadAction\",\"target\":[\"https:\\\/\\\/lucaseletro.com.br\\\/?product=churrasqueira-eletrica-mondial-ch05-2\"]}]},{\"@type\":\"ImageObject\",\"inLanguage\":\"pt-BR\",\"@id\":\"https:\\\/\\\/lucaseletro.com.br\\\/?product=churrasqueira-eletrica-mondial-ch05-2#primaryimage\",\"url\":\"https:\\\/\\\/lucaseletro.com.br\\\/wp-content\\\/uploads\\\/2026\\\/04\\\/CHURRASQUEIRA-ELETRICA-MONDIAL-CH05.webp\",\"contentUrl\":\"https:\\\/\\\/lucaseletro.com.br\\\/wp-content\\\/uploads\\\/2026\\\/04\\\/CHURRASQUEIRA-ELETRICA-MONDIAL-CH05.webp\",\"width\":1059,\"height\":535},{\"@type\":\"BreadcrumbList\",\"@id\":\"https:\\\/\\\/lucaseletro.com.br\\\/?product=churrasqueira-eletrica-mondial-ch05-2#breadcrumb\",\"itemListElement\":[{\"@type\":\"ListItem\",\"position\":1,\"name\":\"In\u00edcio\",\"item\":\"https:\\\/\\\/lucaseletro.com.br\\\/\"},{\"@type\":\"ListItem\",\"position\":2,\"name\":\"Loja\",\"item\":\"https:\\\/\\\/lucaseletro.com.br\\\/?page_id=11\"},{\"@type\":\"ListItem\",\"position\":3,\"name\":\"CHURRASQUEIRA ELETRICA MONDIAL CH05\"}]},{\"@type\":\"WebSite\",\"@id\":\"https:\\\/\\\/lucaseletro.com.br\\\/#website\",\"url\":\"https:\\\/\\\/lucaseletro.com.br\\\/\",\"name\":\"Lucas Eletro\",\"description\":\"Realizando seus sonhos\",\"publisher\":{\"@id\":\"https:\\\/\\\/lucaseletro.com.br\\\/#organization\"},\"alternateName\":\"Lucas Eletro\",\"potentialAction\":[{\"@type\":\"SearchAction\",\"target\":{\"@type\":\"EntryPoint\",\"urlTemplate\":\"https:\\\/\\\/lucaseletro.com.br\\\/?s={search_term_string}\"},\"query-input\":{\"@type\":\"PropertyValueSpecification\",\"valueRequired\":true,\"valueName\":\"search_term_string\"}}],\"inLanguage\":\"pt-BR\"},{\"@type\":\"Organization\",\"@id\":\"https:\\\/\\\/lucaseletro.com.br\\\/#organization\",\"name\":\"Lucas Eletro\",\"alternateName\":\"Lucas Eletro\",\"url\":\"https:\\\/\\\/lucaseletro.com.br\\\/\",\"logo\":{\"@type\":\"ImageObject\",\"inLanguage\":\"pt-BR\",\"@id\":\"https:\\\/\\\/lucaseletro.com.br\\\/#\\\/schema\\\/logo\\\/image\\\/\",\"url\":\"https:\\\/\\\/lucaseletro.com.br\\\/wp-content\\\/uploads\\\/2024\\\/08\\\/Logo-WebP.webp\",\"contentUrl\":\"https:\\\/\\\/lucaseletro.com.br\\\/wp-content\\\/uploads\\\/2024\\\/08\\\/Logo-WebP.webp\",\"width\":1366,\"height\":457,\"caption\":\"Lucas Eletro\"},\"image\":{\"@id\":\"https:\\\/\\\/lucaseletro.com.br\\\/#\\\/schema\\\/logo\\\/image\\\/\"},\"sameAs\":[\"https:\\\/\\\/www.facebook.com\\\/lucas.eletro.71\"]}]}<\/script>\n<meta property=\"product:price:amount\" content=\"199.00\" \/>\n<meta property=\"product:price:currency\" content=\"BRL\" \/>\n<meta property=\"og:availability\" content=\"instock\" \/>\n<meta property=\"product:availability\" content=\"instock\" \/>\n<meta property=\"product:condition\" content=\"new\" \/>\n<!-- \/ Yoast SEO Premium plugin. -->","yoast_head_json":{"title":"CHURRASQUEIRA ELETRICA MONDIAL CH05 - Lucas Eletro","robots":{"index":"index","follow":"follow","max-snippet":"max-snippet:-1","max-image-preview":"max-image-preview:large","max-video-preview":"max-video-preview:-1"},"canonical":"https:\/\/lucaseletro.com.br\/?product=churrasqueira-eletrica-mondial-ch05-2","og_locale":"pt_BR","og_type":"article","og_title":"CHURRASQUEIRA ELETRICA MONDIAL CH05 - &#82;&#36;199,00 - Lucas Eletro","og_description":"A\u00a0Churrasqueira El\u00e9trica Grand Steak &amp; Grill Mondial CH-05 \u00e9 perfeita para quem adora churrasco, mas tem pouco espa\u00e7o, pois \u00e9 compacta e n\u00e3o faz fuma\u00e7a! Por ser port\u00e1til e de mesa, \u00e9 \u00f3tima para apartamentos, sacadas e ambientes fechados. Vers\u00e1til, grelha carnes, frangos, espetos e muito mais, com preparo r\u00e1pido e preciso, gra\u00e7as \u00e0 sua alta pot\u00eancia e ao controle de temperatura\u00a0","og_url":"https:\/\/lucaseletro.com.br\/?product=churrasqueira-eletrica-mondial-ch05-2","og_site_name":"Lucas Eletro","article_publisher":"https:\/\/www.facebook.com\/lucas.eletro.71","article_modified_time":"2026-04-20T18:54:30+00:00","og_image":[{"width":1059,"height":535,"url":"https:\/\/lucaseletro.com.br\/wp-content\/uploads\/2026\/04\/CHURRASQUEIRA-ELETRICA-MONDIAL-CH05.webp","type":"image\/webp"}],"twitter_card":"summary_large_image","twitter_misc":{"Pre\u00e7o":"&#82;&#36;199,00","Disponibilidade":"Em Estoque"},"schema":{"@context":"https:\/\/schema.org","@graph":[{"@type":"WebPage","@id":"https:\/\/lucaseletro.com.br\/?product=churrasqueira-eletrica-mondial-ch05-2","url":"https:\/\/lucaseletro.com.br\/?product=churrasqueira-eletrica-mondial-ch05-2","name":"CHURRASQUEIRA ELETRICA MONDIAL CH05 - Lucas Eletro","isPartOf":{"@id":"https:\/\/lucaseletro.com.br\/#website"},"primaryImageOfPage":{"@id":"https:\/\/lucaseletro.com.br\/?product=churrasqueira-eletrica-mondial-ch05-2#primaryimage"},"image":{"@id":"https:\/\/lucaseletro.com.br\/?product=churrasqueira-eletrica-mondial-ch05-2#primaryimage"},"thumbnailUrl":"https:\/\/lucaseletro.com.br\/wp-content\/uploads\/2026\/04\/CHURRASQUEIRA-ELETRICA-MONDIAL-CH05.webp","datePublished":"2026-04-20T18:54:29+00:00","dateModified":"2026-04-20T18:54:30+00:00","breadcrumb":{"@id":"https:\/\/lucaseletro.com.br\/?product=churrasqueira-eletrica-mondial-ch05-2#breadcrumb"},"inLanguage":"pt-BR","potentialAction":[{"@type":"ReadAction","target":["https:\/\/lucaseletro.com.br\/?product=churrasqueira-eletrica-mondial-ch05-2"]}]},{"@type":"ImageObject","inLanguage":"pt-BR","@id":"https:\/\/lucaseletro.com.br\/?product=churrasqueira-eletrica-mondial-ch05-2#primaryimage","url":"https:\/\/lucaseletro.com.br\/wp-content\/uploads\/2026\/04\/CHURRASQUEIRA-ELETRICA-MONDIAL-CH05.webp","contentUrl":"https:\/\/lucaseletro.com.br\/wp-content\/uploads\/2026\/04\/CHURRASQUEIRA-ELETRICA-MONDIAL-CH05.webp","width":1059,"height":535},{"@type":"BreadcrumbList","@id":"https:\/\/lucaseletro.com.br\/?product=churrasqueira-eletrica-mondial-ch05-2#breadcrumb","itemListElement":[{"@type":"ListItem","position":1,"name":"In\u00edcio","item":"https:\/\/lucaseletro.com.br\/"},{"@type":"ListItem","position":2,"name":"Loja","item":"https:\/\/lucaseletro.com.br\/?page_id=11"},{"@type":"ListItem","position":3,"name":"CHURRASQUEIRA ELETRICA MONDIAL CH05"}]},{"@type":"WebSite","@id":"https:\/\/lucaseletro.com.br\/#website","url":"https:\/\/lucaseletro.com.br\/","name":"Lucas Eletro","description":"Realizando seus sonhos","publisher":{"@id":"https:\/\/lucaseletro.com.br\/#organization"},"alternateName":"Lucas Eletro","potentialAction":[{"@type":"SearchAction","target":{"@type":"EntryPoint","urlTemplate":"https:\/\/lucaseletro.com.br\/?s={search_term_string}"},"query-input":{"@type":"PropertyValueSpecification","valueRequired":true,"valueName":"search_term_string"}}],"inLanguage":"pt-BR"},{"@type":"Organization","@id":"https:\/\/lucaseletro.com.br\/#organization","name":"Lucas Eletro","alternateName":"Lucas Eletro","url":"https:\/\/lucaseletro.com.br\/","logo":{"@type":"ImageObject","inLanguage":"pt-BR","@id":"https:\/\/lucaseletro.com.br\/#\/schema\/logo\/image\/","url":"https:\/\/lucaseletro.com.br\/wp-content\/uploads\/2024\/08\/Logo-WebP.webp","contentUrl":"https:\/\/lucaseletro.com.br\/wp-content\/uploads\/2024\/08\/Logo-WebP.webp","width":1366,"height":457,"caption":"Lucas Eletro"},"image":{"@id":"https:\/\/lucaseletro.com.br\/#\/schema\/logo\/image\/"},"sameAs":["https:\/\/www.facebook.com\/lucas.eletro.71"]}]},"product_price_amount":"199.00","product_price_currency":"BRL","og_availability":"instock","product_availability":"instock","product_condition":"new"},"_links":{"self":[{"href":"https:\/\/lucaseletro.com.br\/index.php?rest_route=\/wp\/v2\/product\/4947","targetHints":{"allow":["GET"]}}],"collection":[{"href":"https:\/\/lucaseletro.com.br\/index.php?rest_route=\/wp\/v2\/product"}],"about":[{"href":"https:\/\/lucaseletro.com.br\/index.php?rest_route=\/wp\/v2\/types\/product"}],"replies":[{"embeddable":true,"href":"https:\/\/lucaseletro.com.br\/index.php?rest_route=%2Fwp%2Fv2%2Fcomments&post=4947"}],"wp:featuredmedia":[{"embeddable":true,"href":"https:\/\/lucaseletro.com.br\/index.php?rest_route=\/wp\/v2\/media\/4951"}],"wp:attachment":[{"href":"https:\/\/lucaseletro.com.br\/index.php?rest_route=%2Fwp%2Fv2%2Fmedia&parent=4947"}],"wp:term":[{"taxonomy":"product_brand","embeddable":true,"href":"https:\/\/lucaseletro.com.br\/index.php?rest_route=%2Fwp%2Fv2%2Fproduct_brand&post=4947"},{"taxonomy":"product_cat","embeddable":true,"href":"https:\/\/lucaseletro.com.br\/index.php?rest_route=%2Fwp%2Fv2%2Fproduct_cat&post=4947"},{"taxonomy":"product_tag","embeddable":true,"href":"https:\/\/lucaseletro.com.br\/index.php?rest_route=%2Fwp%2Fv2%2Fproduct_tag&post=4947"}],"curies":[{"name":"wp","href":"https:\/\/api.w.org\/{rel}","templated":true}]}}